{"id":12433,"date":"2023-11-02T20:44:32","date_gmt":"2023-11-02T19:44:32","guid":{"rendered":"https:\/\/deliciaspersas.com\/?post_type=product&#038;p=12433"},"modified":"2024-08-13T11:07:19","modified_gmt":"2024-08-13T09:07:19","slug":"hierba-seca-de-oregano-poneh-180g-balssi","status":"publish","type":"product","link":"https:\/\/deliciaspersas.com\/fa\/tienda\/especias\/hierba-seca-de-oregano-poneh-180g-balssi\/","title":{"rendered":"Hierba seca de Or\u00e9gano (Poneh) 180g Balssi"},"content":{"rendered":"<h1>Hierba seca de Or\u00e9gano (Poneh) 180g Balssi<\/h1>\n<h6>Informaci\u00f3n del producto:<\/h6>\n<p>Especias de or\u00e9gano.<\/p>\n<h6>Usos:<\/h6>\n<p>El uso del or\u00e9gano aporta gran variedad de beneficios, ya que tambi\u00e9n se considera un t\u00f3nica y cuenta con una propiedad digestiva. Adem\u00e1s, trata los resfriados y problemas respiratorios. Se le puede usar tanto en infuciones como en la preparaci\u00f3n de la comida.<\/p>\n<h6>Beneficios:<\/h6>\n<p>Este producto contiene vitaminas A, C E y K, as\u00ed como fibra, folato, hierro, magnesio, vitamina B6, calcio y potasio. Adem\u00e1s, contiene potentes fitoqu\u00edmicos que ofrecen potenciales beneficios de salud.<\/p>\n<p>Este especie se considera un t\u00f3nica y cuenta con una propiedad digestiva. En la medicina natural austriaca se utiliza la infusi\u00f3n del or\u00e9gano para el tratamiento de trastornos en el tracto gastrointestinal.<\/p>\n<p class=\"paragraph\" data-gtm-element-container=\"modulo-texto-link\">Para aliviar los s\u00edntomas de los resfriados y catarros, prep\u00e1rese una infusi\u00f3n con hojas de or\u00e9gano. Ponga una cucharadita de hojas secas de esta planta en una taza, agrege agua caliente, tape y deje reposar 3 minutos. Despu\u00e9s cuele y beba cuando se temple. En general, el or\u00e9gano es una planta medicinal muy beneficiosa para afecciones del aparato respiratorio debido a su efecto antiinflamatorio, analg\u00e9sico y antis\u00e9ptico.<\/p>\n<p class=\"paragraph\" data-gtm-element-container=\"modulo-texto-link\">As\u00ed mismo, tiene un gran poder antiinflamatorio. Debido a la gran cantidad de \u00e1cidos fen\u00f3licos y flavonoides que tiene. Tambi\u00e9n se cree que tiene una gran cantidad de poder para eliminar los virus que pueden venir a trav\u00e9s del contagio de los alimentos. El principio activo que tiene es el flavonol retusin, y sus aceites se destacan por tener monoterpenoides y monoterpenos.<\/p>\n<p class=\"paragraph\" data-gtm-element-container=\"modulo-texto-link\">El or\u00e9gano es un buen aliado contra la actividad microbiana. El aceite de or\u00e9gano, por ejemplo, es un potente antimicrobiano, debido a que contiene un compuesto esencial llamado carvacol. Sus propiedades son tan intensas que puede incluso aniquilar al Staphylococcus aureus resistente a la meticilina y a otros antibi\u00f3ticos.<\/p>\n<h6>Ingredientes y al\u00e9rgenos:<\/h6>\n<p>Especias de or\u00e9gano.<\/p>\n<h6>Condiciones de conservaci\u00f3n:<\/h6>\n<p>Conservar en un lugar fresco, seco y protegido de la luz.<\/p>\n<p>&nbsp;<\/p>\n","protected":false},"excerpt":{"rendered":"<p>Hierba seca de Or\u00e9gano (Poneh) 180g Balssi Informaci\u00f3n del producto: Especias de or\u00e9gano. Usos: El uso del or\u00e9gano aporta gran variedad de beneficios, ya que tambi\u00e9n se considera un t\u00f3nica y cuenta con una propiedad digestiva. Adem\u00e1s, trata los resfriados y problemas respiratorios. Se le puede usar tanto en infuciones como en la preparaci\u00f3n de [&hellip;]<\/p>\n","protected":false},"featured_media":12434,"template":"","meta":{"_surecart_dashboard_logo_width":"180px","_surecart_dashboard_show_logo":true,"_surecart_dashboard_navigation_orders":true,"_surecart_dashboard_navigation_invoices":true,"_surecart_dashboard_navigation_subscriptions":true,"_surecart_dashboard_navigation_downloads":true,"_surecart_dashboard_navigation_billing":true,"_surecart_dashboard_navigation_account":true,"_uag_custom_page_level_css":"","site-sidebar-layout":"default","site-content-layout":"default","ast-site-content-layout":"default","site-content-style":"default","site-sidebar-style":"default","ast-global-header-display":"","ast-banner-title-visibility":"","ast-main-header-display":"","ast-hfb-above-header-display":"","ast-hfb-below-header-display":"","ast-hfb-mobile-header-display":"","site-post-title":"","ast-breadcrumbs-content":"","ast-featured-img":"","footer-sml-layout":"","theme-transparent-header-meta":"default","adv-header-id-meta":"","stick-header-meta":"","header-above-stick-meta":"","header-main-stick-meta":"","header-below-stick-meta":"","astra-migrate-meta-layouts":"set","ast-page-background-enabled":"default","ast-page-background-meta":{"desktop":{"background-color":"","background-image":"","background-repeat":"repeat","background-position":"center center","background-size":"auto","background-attachment":"scroll","background-type":"","background-media":"","overlay-type":"","overlay-color":"","overlay-opacity":"","overlay-gradient":""},"tablet":{"background-color":"","background-image":"","background-repeat":"repeat","background-position":"center center","background-size":"auto","background-attachment":"scroll","background-type":"","background-media":"","overlay-type":"","overlay-color":"","overlay-opacity":"","overlay-gradient":""},"mobile":{"background-color":"","background-image":"","background-repeat":"repeat","background-position":"center center","background-size":"auto","background-attachment":"scroll","background-type":"","background-media":"","overlay-type":"","overlay-color":"","overlay-opacity":"","overlay-gradient":""}},"ast-content-background-meta":{"desktop":{"background-color":"var(--ast-global-color-5)","background-image":"","background-repeat":"repeat","background-position":"center center","background-size":"auto","background-attachment":"scroll","background-type":"","background-media":"","overlay-type":"","overlay-color":"","overlay-opacity":"","overlay-gradient":""},"tablet":{"background-color":"var(--ast-global-color-5)","background-image":"","background-repeat":"repeat","background-position":"center center","background-size":"auto","background-attachment":"scroll","background-type":"","background-media":"","overlay-type":"","overlay-color":"","overlay-opacity":"","overlay-gradient":""},"mobile":{"background-color":"var(--ast-global-color-5)","background-image":"","background-repeat":"repeat","background-position":"center center","background-size":"auto","background-attachment":"scroll","background-type":"","background-media":"","overlay-type":"","overlay-color":"","overlay-opacity":"","overlay-gradient":""}}},"pwb-brand":[178],"product_cat":[32,41,44],"product_tag":[568,598,1037,1038],"class_list":{"0":"post-12433","1":"product","2":"type-product","3":"status-publish","4":"has-post-thumbnail","6":"pwb-brand-balssi","7":"product_cat-especias","8":"product_cat-hierbas","9":"product_cat-ofertas","10":"product_tag-especie","11":"product_tag-hierba","12":"product_tag-oregano","13":"product_tag-1038","14":"desktop-align-center","15":"tablet-align-center","16":"mobile-align-center","18":"first","19":"outofstock","20":"taxable","21":"shipping-taxable","22":"purchasable","23":"product-type-simple"},"yoast_head":"<!-- This site is optimized with the Yoast SEO plugin v23.6 - https:\/\/yoast.com\/wordpress\/plugins\/seo\/ -->\n<title>Hierba seca de Or\u00e9gano (Poneh) 180g Balssi - Delicias Persas<\/title>\n<meta name=\"description\" content=\"\u00a0El uso del or\u00e9gano aporta gran variedad de beneficios, ya que el\u00a0or\u00e9gano se considera un t\u00f3nica y cuenta con una\u00a0propiedad digestiva.\" \/>\n<meta name=\"robots\" content=\"index, follow, max-snippet:-1, max-image-preview:large, max-video-preview:-1\" \/>\n<link rel=\"canonical\" href=\"https:\/\/deliciaspersas.com\/fa\/tienda\/especias\/hierba-seca-de-oregano-poneh-180g-balssi\/\" \/>\n<meta property=\"og:locale\" content=\"fa_IR\" \/>\n<meta property=\"og:type\" content=\"article\" \/>\n<meta property=\"og:title\" content=\"Hierba seca de Or\u00e9gano (Poneh) 180g Balssi - Delicias Persas\" \/>\n<meta property=\"og:description\" content=\"\u00a0El uso del or\u00e9gano aporta gran variedad de beneficios, ya que el\u00a0or\u00e9gano se considera un t\u00f3nica y cuenta con una\u00a0propiedad digestiva.\" \/>\n<meta property=\"og:url\" content=\"https:\/\/deliciaspersas.com\/fa\/tienda\/especias\/hierba-seca-de-oregano-poneh-180g-balssi\/\" \/>\n<meta property=\"og:site_name\" content=\"Delicias Persas\" \/>\n<meta property=\"article:publisher\" content=\"https:\/\/www.facebook.com\/Deliciaspersas\" \/>\n<meta property=\"article:modified_time\" content=\"2024-08-13T09:07:19+00:00\" \/>\n<meta property=\"og:image\" content=\"https:\/\/deliciaspersas.com\/wp-content\/uploads\/poneh.jpg\" \/>\n\t<meta property=\"og:image:width\" content=\"800\" \/>\n\t<meta property=\"og:image:height\" content=\"800\" \/>\n\t<meta property=\"og:image:type\" content=\"image\/jpeg\" \/>\n<meta name=\"twitter:card\" content=\"summary_large_image\" \/>\n<meta name=\"twitter:label1\" content=\"\u0632\u0645\u0627\u0646 \u062a\u0642\u0631\u06cc\u0628\u06cc \u0628\u0631\u0627\u06cc \u062e\u0648\u0627\u0646\u062f\u0646\" \/>\n\t<meta name=\"twitter:data1\" content=\"2 \u062f\u0642\u06cc\u0642\u0647\" \/>\n<script type=\"application\/ld+json\" class=\"yoast-schema-graph\">{\"@context\":\"https:\/\/schema.org\",\"@graph\":[{\"@type\":\"WebPage\",\"@id\":\"https:\/\/deliciaspersas.com\/fa\/tienda\/especias\/hierba-seca-de-oregano-poneh-180g-balssi\/\",\"url\":\"https:\/\/deliciaspersas.com\/fa\/tienda\/especias\/hierba-seca-de-oregano-poneh-180g-balssi\/\",\"name\":\"Hierba seca de Or\u00e9gano (Poneh) 180g Balssi - Delicias Persas\",\"isPartOf\":{\"@id\":\"https:\/\/deliciaspersas.com\/fa\/#website\"},\"primaryImageOfPage\":{\"@id\":\"https:\/\/deliciaspersas.com\/fa\/tienda\/especias\/hierba-seca-de-oregano-poneh-180g-balssi\/#primaryimage\"},\"image\":{\"@id\":\"https:\/\/deliciaspersas.com\/fa\/tienda\/especias\/hierba-seca-de-oregano-poneh-180g-balssi\/#primaryimage\"},\"thumbnailUrl\":\"https:\/\/deliciaspersas.com\/wp-content\/uploads\/poneh.jpg\",\"datePublished\":\"2023-11-02T19:44:32+00:00\",\"dateModified\":\"2024-08-13T09:07:19+00:00\",\"description\":\"\u00a0El uso del or\u00e9gano aporta gran variedad de beneficios, ya que el\u00a0or\u00e9gano se considera un t\u00f3nica y cuenta con una\u00a0propiedad digestiva.\",\"breadcrumb\":{\"@id\":\"https:\/\/deliciaspersas.com\/fa\/tienda\/especias\/hierba-seca-de-oregano-poneh-180g-balssi\/#breadcrumb\"},\"inLanguage\":\"fa-IR\",\"potentialAction\":[{\"@type\":\"ReadAction\",\"target\":[\"https:\/\/deliciaspersas.com\/fa\/tienda\/especias\/hierba-seca-de-oregano-poneh-180g-balssi\/\"]}]},{\"@type\":\"ImageObject\",\"inLanguage\":\"fa-IR\",\"@id\":\"https:\/\/deliciaspersas.com\/fa\/tienda\/especias\/hierba-seca-de-oregano-poneh-180g-balssi\/#primaryimage\",\"url\":\"https:\/\/deliciaspersas.com\/wp-content\/uploads\/poneh.jpg\",\"contentUrl\":\"https:\/\/deliciaspersas.com\/wp-content\/uploads\/poneh.jpg\",\"width\":800,\"height\":800},{\"@type\":\"BreadcrumbList\",\"@id\":\"https:\/\/deliciaspersas.com\/fa\/tienda\/especias\/hierba-seca-de-oregano-poneh-180g-balssi\/#breadcrumb\",\"itemListElement\":[{\"@type\":\"ListItem\",\"position\":1,\"name\":\"Portada\",\"item\":\"https:\/\/deliciaspersas.com\/fa\/\"},{\"@type\":\"ListItem\",\"position\":2,\"name\":\"Tienda\",\"item\":\"https:\/\/deliciaspersas.com\/\"},{\"@type\":\"ListItem\",\"position\":3,\"name\":\"Hierba seca de Or\u00e9gano (Poneh) 180g Balssi\"}]},{\"@type\":\"WebSite\",\"@id\":\"https:\/\/deliciaspersas.com\/fa\/#website\",\"url\":\"https:\/\/deliciaspersas.com\/fa\/\",\"name\":\"Delicias Persas\",\"description\":\"Gastronom&iacute;a persa al alcance de tus manos\",\"publisher\":{\"@id\":\"https:\/\/deliciaspersas.com\/fa\/#organization\"},\"potentialAction\":[{\"@type\":\"SearchAction\",\"target\":{\"@type\":\"EntryPoint\",\"urlTemplate\":\"https:\/\/deliciaspersas.com\/fa\/?s={search_term_string}\"},\"query-input\":{\"@type\":\"PropertyValueSpecification\",\"valueRequired\":true,\"valueName\":\"search_term_string\"}}],\"inLanguage\":\"fa-IR\"},{\"@type\":\"Organization\",\"@id\":\"https:\/\/deliciaspersas.com\/fa\/#organization\",\"name\":\"Delicias Persas\",\"url\":\"https:\/\/deliciaspersas.com\/fa\/\",\"logo\":{\"@type\":\"ImageObject\",\"inLanguage\":\"fa-IR\",\"@id\":\"https:\/\/deliciaspersas.com\/fa\/#\/schema\/logo\/image\/\",\"url\":\"https:\/\/deliciaspersas.com\/wp-content\/uploads\/2020\/07\/logo-2020.png\",\"contentUrl\":\"https:\/\/deliciaspersas.com\/wp-content\/uploads\/2020\/07\/logo-2020.png\",\"width\":520,\"height\":490,\"caption\":\"Delicias Persas\"},\"image\":{\"@id\":\"https:\/\/deliciaspersas.com\/fa\/#\/schema\/logo\/image\/\"},\"sameAs\":[\"https:\/\/www.facebook.com\/Deliciaspersas\",\"https:\/\/www.instagram.com\/delicias_persas\/\",\"https:\/\/www.linkedin.com\/delicias-persas\"]}]}<\/script>\n<!-- \/ Yoast SEO plugin. -->","yoast_head_json":{"title":"Hierba seca de Or\u00e9gano (Poneh) 180g Balssi - Delicias Persas","description":"\u00a0El uso del or\u00e9gano aporta gran variedad de beneficios, ya que el\u00a0or\u00e9gano se considera un t\u00f3nica y cuenta con una\u00a0propiedad digestiva.","robots":{"index":"index","follow":"follow","max-snippet":"max-snippet:-1","max-image-preview":"max-image-preview:large","max-video-preview":"max-video-preview:-1"},"canonical":"https:\/\/deliciaspersas.com\/fa\/tienda\/especias\/hierba-seca-de-oregano-poneh-180g-balssi\/","og_locale":"fa_IR","og_type":"article","og_title":"Hierba seca de Or\u00e9gano (Poneh) 180g Balssi - Delicias Persas","og_description":"\u00a0El uso del or\u00e9gano aporta gran variedad de beneficios, ya que el\u00a0or\u00e9gano se considera un t\u00f3nica y cuenta con una\u00a0propiedad digestiva.","og_url":"https:\/\/deliciaspersas.com\/fa\/tienda\/especias\/hierba-seca-de-oregano-poneh-180g-balssi\/","og_site_name":"Delicias Persas","article_publisher":"https:\/\/www.facebook.com\/Deliciaspersas","article_modified_time":"2024-08-13T09:07:19+00:00","og_image":[{"width":800,"height":800,"url":"https:\/\/deliciaspersas.com\/wp-content\/uploads\/poneh.jpg","type":"image\/jpeg"}],"twitter_card":"summary_large_image","twitter_misc":{"\u0632\u0645\u0627\u0646 \u062a\u0642\u0631\u06cc\u0628\u06cc \u0628\u0631\u0627\u06cc \u062e\u0648\u0627\u0646\u062f\u0646":"2 \u062f\u0642\u06cc\u0642\u0647"},"schema":{"@context":"https:\/\/schema.org","@graph":[{"@type":"WebPage","@id":"https:\/\/deliciaspersas.com\/fa\/tienda\/especias\/hierba-seca-de-oregano-poneh-180g-balssi\/","url":"https:\/\/deliciaspersas.com\/fa\/tienda\/especias\/hierba-seca-de-oregano-poneh-180g-balssi\/","name":"Hierba seca de Or\u00e9gano (Poneh) 180g Balssi - Delicias Persas","isPartOf":{"@id":"https:\/\/deliciaspersas.com\/fa\/#website"},"primaryImageOfPage":{"@id":"https:\/\/deliciaspersas.com\/fa\/tienda\/especias\/hierba-seca-de-oregano-poneh-180g-balssi\/#primaryimage"},"image":{"@id":"https:\/\/deliciaspersas.com\/fa\/tienda\/especias\/hierba-seca-de-oregano-poneh-180g-balssi\/#primaryimage"},"thumbnailUrl":"https:\/\/deliciaspersas.com\/wp-content\/uploads\/poneh.jpg","datePublished":"2023-11-02T19:44:32+00:00","dateModified":"2024-08-13T09:07:19+00:00","description":"\u00a0El uso del or\u00e9gano aporta gran variedad de beneficios, ya que el\u00a0or\u00e9gano se considera un t\u00f3nica y cuenta con una\u00a0propiedad digestiva.","breadcrumb":{"@id":"https:\/\/deliciaspersas.com\/fa\/tienda\/especias\/hierba-seca-de-oregano-poneh-180g-balssi\/#breadcrumb"},"inLanguage":"fa-IR","potentialAction":[{"@type":"ReadAction","target":["https:\/\/deliciaspersas.com\/fa\/tienda\/especias\/hierba-seca-de-oregano-poneh-180g-balssi\/"]}]},{"@type":"ImageObject","inLanguage":"fa-IR","@id":"https:\/\/deliciaspersas.com\/fa\/tienda\/especias\/hierba-seca-de-oregano-poneh-180g-balssi\/#primaryimage","url":"https:\/\/deliciaspersas.com\/wp-content\/uploads\/poneh.jpg","contentUrl":"https:\/\/deliciaspersas.com\/wp-content\/uploads\/poneh.jpg","width":800,"height":800},{"@type":"BreadcrumbList","@id":"https:\/\/deliciaspersas.com\/fa\/tienda\/especias\/hierba-seca-de-oregano-poneh-180g-balssi\/#breadcrumb","itemListElement":[{"@type":"ListItem","position":1,"name":"Portada","item":"https:\/\/deliciaspersas.com\/fa\/"},{"@type":"ListItem","position":2,"name":"Tienda","item":"https:\/\/deliciaspersas.com\/"},{"@type":"ListItem","position":3,"name":"Hierba seca de Or\u00e9gano (Poneh) 180g Balssi"}]},{"@type":"WebSite","@id":"https:\/\/deliciaspersas.com\/fa\/#website","url":"https:\/\/deliciaspersas.com\/fa\/","name":"Delicias Persas","description":"Gastronom&iacute;a persa al alcance de tus manos","publisher":{"@id":"https:\/\/deliciaspersas.com\/fa\/#organization"},"potentialAction":[{"@type":"SearchAction","target":{"@type":"EntryPoint","urlTemplate":"https:\/\/deliciaspersas.com\/fa\/?s={search_term_string}"},"query-input":{"@type":"PropertyValueSpecification","valueRequired":true,"valueName":"search_term_string"}}],"inLanguage":"fa-IR"},{"@type":"Organization","@id":"https:\/\/deliciaspersas.com\/fa\/#organization","name":"Delicias Persas","url":"https:\/\/deliciaspersas.com\/fa\/","logo":{"@type":"ImageObject","inLanguage":"fa-IR","@id":"https:\/\/deliciaspersas.com\/fa\/#\/schema\/logo\/image\/","url":"https:\/\/deliciaspersas.com\/wp-content\/uploads\/2020\/07\/logo-2020.png","contentUrl":"https:\/\/deliciaspersas.com\/wp-content\/uploads\/2020\/07\/logo-2020.png","width":520,"height":490,"caption":"Delicias Persas"},"image":{"@id":"https:\/\/deliciaspersas.com\/fa\/#\/schema\/logo\/image\/"},"sameAs":["https:\/\/www.facebook.com\/Deliciaspersas","https:\/\/www.instagram.com\/delicias_persas\/","https:\/\/www.linkedin.com\/delicias-persas"]}]}},"uagb_featured_image_src":{"full":["https:\/\/deliciaspersas.com\/wp-content\/uploads\/poneh.jpg",800,800,false],"thumbnail":["https:\/\/deliciaspersas.com\/wp-content\/uploads\/poneh-150x150.jpg",150,150,true],"medium":["https:\/\/deliciaspersas.com\/wp-content\/uploads\/poneh-300x300.jpg",300,300,true],"medium_large":["https:\/\/deliciaspersas.com\/wp-content\/uploads\/poneh-768x768.jpg",768,768,true],"large":["https:\/\/deliciaspersas.com\/wp-content\/uploads\/poneh.jpg",800,800,false],"1536x1536":["https:\/\/deliciaspersas.com\/wp-content\/uploads\/poneh.jpg",800,800,false],"2048x2048":["https:\/\/deliciaspersas.com\/wp-content\/uploads\/poneh.jpg",800,800,false],"woocommerce_thumbnail":["https:\/\/deliciaspersas.com\/wp-content\/uploads\/poneh-300x300.jpg",300,300,true],"woocommerce_single":["https:\/\/deliciaspersas.com\/wp-content\/uploads\/poneh-600x600.jpg",600,600,true],"woocommerce_gallery_thumbnail":["https:\/\/deliciaspersas.com\/wp-content\/uploads\/poneh-100x100.jpg",100,100,true]},"uagb_author_info":{"display_name":"admin","author_link":"https:\/\/deliciaspersas.com\/fa\/author\/"},"uagb_comment_info":0,"uagb_excerpt":"Hierba seca de Or\u00e9gano (Poneh) 180g Balssi Informaci\u00f3n del producto: Especias de or\u00e9gano. Usos: El uso del or\u00e9gano aporta gran variedad de beneficios, ya que tambi\u00e9n se considera un t\u00f3nica y cuenta con una propiedad digestiva. Adem\u00e1s, trata los resfriados y problemas respiratorios. Se le puede usar tanto en infuciones como en la preparaci\u00f3n de&hellip;","brands":[{"id":178,"name":"Balssi","slug":"balssi"}],"_links":{"self":[{"href":"https:\/\/deliciaspersas.com\/fa\/wp-json\/wp\/v2\/product\/12433"}],"collection":[{"href":"https:\/\/deliciaspersas.com\/fa\/wp-json\/wp\/v2\/product"}],"about":[{"href":"https:\/\/deliciaspersas.com\/fa\/wp-json\/wp\/v2\/types\/product"}],"wp:featuredmedia":[{"embeddable":true,"href":"https:\/\/deliciaspersas.com\/fa\/wp-json\/wp\/v2\/media\/12434"}],"wp:attachment":[{"href":"https:\/\/deliciaspersas.com\/fa\/wp-json\/wp\/v2\/media?parent=12433"}],"wp:term":[{"taxonomy":"pwb-brand","embeddable":true,"href":"https:\/\/deliciaspersas.com\/fa\/wp-json\/wp\/v2\/pwb-brand?post=12433"},{"taxonomy":"product_cat","embeddable":true,"href":"https:\/\/deliciaspersas.com\/fa\/wp-json\/wp\/v2\/product_cat?post=12433"},{"taxonomy":"product_tag","embeddable":true,"href":"https:\/\/deliciaspersas.com\/fa\/wp-json\/wp\/v2\/product_tag?post=12433"}],"curies":[{"name":"wp","href":"https:\/\/api.w.org\/{rel}","templated":true}]}}