{"id":12693,"date":"2023-11-27T19:04:05","date_gmt":"2023-11-27T18:04:05","guid":{"rendered":"https:\/\/deliciaspersas.com\/?post_type=product&#038;p=12693"},"modified":"2024-08-22T15:13:14","modified_gmt":"2024-08-22T13:13:14","slug":"dulce-gaz-loghmei-con-pistachos-y-almendras-18-450g-kermani","status":"publish","type":"product","link":"https:\/\/deliciaspersas.com\/fa\/tienda\/delicias-dulces\/dulce-gaz-loghmei-con-pistachos-y-almendras-18-450g-kermani\/","title":{"rendered":"Dulce- Gaz Loghmei con Pistachos y Almendras 18%  450g Kermani"},"content":{"rendered":"<h1>Dulce- Gaz Loghmei con Pistachos y Almendras 18% 450g Kermani<\/h1>\n<p>&nbsp;<\/p>\n<p>&nbsp;<\/p>\n<p>Gaz es el s\u00edmbolo m\u00e1s destacado del arte de la reposter\u00eda en la ciudad de Isfahan<br \/>\nGaz es el s\u00edmbolo m\u00e1s destacado del arte de la reposter\u00eda de Isfah\u00e1n y se considera el recuerdo m\u00e1s importante de Isfah\u00e1n, donde se pueden ver muchas caracter\u00edsticas de las creaciones de esta ciudad. Entre los tipos de gaz Isfahan Kermani, podemos mencionar el gaz del tama\u00f1o de un bocado, el gaz de harina, el gaz de monedas y el gaz de dedo enroscado. La historia de la producci\u00f3n de este producto se remonta a m\u00e1s de varios siglos y, a lo largo de los a\u00f1os, las herramientas y m\u00e9todos de producci\u00f3n han ido evolucionando junto con el desarrollo de la ciencia, de modo que hoy en d\u00eda se ha minimizado la participaci\u00f3n de las manos en la producci\u00f3n y procesamiento del gas. Adem\u00e1s, los materiales de las m\u00e1quinas de fabricaci\u00f3n de Gaz Kermani cumplen con los est\u00e1ndares internacionales, lo que ha tenido un impacto significativo en el aumento de la calidad y el nivel de salud de Gaz Kermani.<\/p>\n<p>Los ingredientes principales de Gaz Kermani mezcla de pistacho y almendra 18% Gaz son: glucosa, pistachos y almendras, az\u00facar, clara de huevo pasteurizada, agua de rosas, aditivos vegetales especiales, agua potable.<br \/>\nLa gaz, como dulce que no utiliza aditivos qu\u00edmicos como colorantes, aceites esenciales y conservantes, est\u00e1 libre de todos los da\u00f1os que dichas sustancias (incluso en caso de consumo limitado) tienen para el consumidor. Adem\u00e1s, est\u00e1 lleno de propiedades gracias al uso de muchos aditivos vegetales especiales, cada uno de los cuales tiene por s\u00ed solo muchas propiedades probadas. Por tanto, se puede decir que Gaz Kermani es el mejor dulce para todas las edades, especialmente los ni\u00f1os.<\/p>\n<p>Condiciones y m\u00e9todos para mantener Gaz Kermani.<br \/>\nLa gaz debe almacenarse en un lugar seco y fresco, alejado de la luz solar, a una temperatura inferior a 20 grados cent\u00edgrados. La mejor forma de comprar es seg\u00fan consumo. Pero si desea almacenar Gaz Kermani durante mucho tiempo, coloque cada paquete en una bolsa de nailon antes de abrir la tapa de la caja y emp\u00e1quelo de tal manera que no entre el aire ambiente y p\u00f3ngalo en el congelador. De esta forma, podr\u00e1s conservar Gaz Kermani hasta por un a\u00f1o. En invierno, es preferible mantener Gaz en una habitaci\u00f3n sin aparatos de calefacci\u00f3n.<\/p>\n","protected":false},"excerpt":{"rendered":"<p>Dulce- Gaz Loghmei con Pistachos y Almendras 18% 450g Kermani &nbsp; &nbsp; Gaz es el s\u00edmbolo m\u00e1s destacado del arte de la reposter\u00eda en la ciudad de Isfahan Gaz es el s\u00edmbolo m\u00e1s destacado del arte de la reposter\u00eda de Isfah\u00e1n y se considera el recuerdo m\u00e1s importante de Isfah\u00e1n, donde se pueden ver muchas [&hellip;]<\/p>\n","protected":false},"featured_media":12694,"template":"","meta":{"_surecart_dashboard_logo_width":"180px","_surecart_dashboard_show_logo":true,"_surecart_dashboard_navigation_orders":true,"_surecart_dashboard_navigation_invoices":true,"_surecart_dashboard_navigation_subscriptions":true,"_surecart_dashboard_navigation_downloads":true,"_surecart_dashboard_navigation_billing":true,"_surecart_dashboard_navigation_account":true,"_uag_custom_page_level_css":"","site-sidebar-layout":"default","site-content-layout":"default","ast-site-content-layout":"default","site-content-style":"default","site-sidebar-style":"default","ast-global-header-display":"","ast-banner-title-visibility":"","ast-main-header-display":"","ast-hfb-above-header-display":"","ast-hfb-below-header-display":"","ast-hfb-mobile-header-display":"","site-post-title":"","ast-breadcrumbs-content":"","ast-featured-img":"","footer-sml-layout":"","theme-transparent-header-meta":"default","adv-header-id-meta":"","stick-header-meta":"","header-above-stick-meta":"","header-main-stick-meta":"","header-below-stick-meta":"","astra-migrate-meta-layouts":"set","ast-page-background-enabled":"default","ast-page-background-meta":{"desktop":{"background-color":"","background-image":"","background-repeat":"repeat","background-position":"center center","background-size":"auto","background-attachment":"scroll","background-type":"","background-media":"","overlay-type":"","overlay-color":"","overlay-opacity":"","overlay-gradient":""},"tablet":{"background-color":"","background-image":"","background-repeat":"repeat","background-position":"center center","background-size":"auto","background-attachment":"scroll","background-type":"","background-media":"","overlay-type":"","overlay-color":"","overlay-opacity":"","overlay-gradient":""},"mobile":{"background-color":"","background-image":"","background-repeat":"repeat","background-position":"center center","background-size":"auto","background-attachment":"scroll","background-type":"","background-media":"","overlay-type":"","overlay-color":"","overlay-opacity":"","overlay-gradient":""}},"ast-content-background-meta":{"desktop":{"background-color":"var(--ast-global-color-5)","background-image":"","background-repeat":"repeat","background-position":"center center","background-size":"auto","background-attachment":"scroll","background-type":"","background-media":"","overlay-type":"","overlay-color":"","overlay-opacity":"","overlay-gradient":""},"tablet":{"background-color":"var(--ast-global-color-5)","background-image":"","background-repeat":"repeat","background-position":"center center","background-size":"auto","background-attachment":"scroll","background-type":"","background-media":"","overlay-type":"","overlay-color":"","overlay-opacity":"","overlay-gradient":""},"mobile":{"background-color":"var(--ast-global-color-5)","background-image":"","background-repeat":"repeat","background-position":"center center","background-size":"auto","background-attachment":"scroll","background-type":"","background-media":"","overlay-type":"","overlay-color":"","overlay-opacity":"","overlay-gradient":""}}},"pwb-brand":[1142],"product_cat":[31,106],"product_tag":[764,1140,679,874],"class_list":{"0":"post-12693","1":"product","2":"type-product","3":"status-publish","4":"has-post-thumbnail","6":"pwb-brand-kermani","7":"product_cat-delicias-dulces","8":"product_cat-nuevos-productos","9":"product_tag-dulce","10":"product_tag-gaz","11":"product_tag-pistacho","12":"product_tag-pistachos","13":"desktop-align-center","14":"tablet-align-center","15":"mobile-align-center","17":"first","18":"outofstock","19":"taxable","20":"shipping-taxable","21":"purchasable","22":"product-type-simple"},"yoast_head":"<!-- This site is optimized with the Yoast SEO plugin v23.6 - https:\/\/yoast.com\/wordpress\/plugins\/seo\/ -->\n<title>Dulce- Gaz Loghmei con Pistachos y Almendras 18% 450g Kermani - Delicias Persas<\/title>\n<meta name=\"robots\" content=\"index, follow, max-snippet:-1, max-image-preview:large, max-video-preview:-1\" \/>\n<link rel=\"canonical\" href=\"https:\/\/deliciaspersas.com\/fa\/tienda\/delicias-dulces\/dulce-gaz-loghmei-con-pistachos-y-almendras-18-450g-kermani\/\" \/>\n<meta property=\"og:locale\" content=\"fa_IR\" \/>\n<meta property=\"og:type\" content=\"article\" \/>\n<meta property=\"og:title\" content=\"Dulce- Gaz Loghmei con Pistachos y Almendras 18% 450g Kermani - Delicias Persas\" \/>\n<meta property=\"og:description\" content=\"Dulce- Gaz Loghmei con Pistachos y Almendras 18% 450g Kermani &nbsp; &nbsp; Gaz es el s\u00edmbolo m\u00e1s destacado del arte de la reposter\u00eda en la ciudad de Isfahan Gaz es el s\u00edmbolo m\u00e1s destacado del arte de la reposter\u00eda de Isfah\u00e1n y se considera el recuerdo m\u00e1s importante de Isfah\u00e1n, donde se pueden ver muchas [&hellip;]\" \/>\n<meta property=\"og:url\" content=\"https:\/\/deliciaspersas.com\/fa\/tienda\/delicias-dulces\/dulce-gaz-loghmei-con-pistachos-y-almendras-18-450g-kermani\/\" \/>\n<meta property=\"og:site_name\" content=\"Delicias Persas\" \/>\n<meta property=\"article:publisher\" content=\"https:\/\/www.facebook.com\/Deliciaspersas\" \/>\n<meta property=\"article:modified_time\" content=\"2024-08-22T13:13:14+00:00\" \/>\n<meta property=\"og:image\" content=\"https:\/\/deliciaspersas.com\/wp-content\/uploads\/MG_9511-700x700.jpg.webp\" \/>\n\t<meta property=\"og:image:width\" content=\"700\" \/>\n\t<meta property=\"og:image:height\" content=\"700\" \/>\n\t<meta property=\"og:image:type\" content=\"image\/webp\" \/>\n<meta name=\"twitter:card\" content=\"summary_large_image\" \/>\n<meta name=\"twitter:label1\" content=\"\u0632\u0645\u0627\u0646 \u062a\u0642\u0631\u06cc\u0628\u06cc \u0628\u0631\u0627\u06cc \u062e\u0648\u0627\u0646\u062f\u0646\" \/>\n\t<meta name=\"twitter:data1\" content=\"3 \u062f\u0642\u06cc\u0642\u0647\" \/>\n<script type=\"application\/ld+json\" class=\"yoast-schema-graph\">{\"@context\":\"https:\/\/schema.org\",\"@graph\":[{\"@type\":\"WebPage\",\"@id\":\"https:\/\/deliciaspersas.com\/fa\/tienda\/delicias-dulces\/dulce-gaz-loghmei-con-pistachos-y-almendras-18-450g-kermani\/\",\"url\":\"https:\/\/deliciaspersas.com\/fa\/tienda\/delicias-dulces\/dulce-gaz-loghmei-con-pistachos-y-almendras-18-450g-kermani\/\",\"name\":\"Dulce- Gaz Loghmei con Pistachos y Almendras 18% 450g Kermani - Delicias Persas\",\"isPartOf\":{\"@id\":\"https:\/\/deliciaspersas.com\/fa\/#website\"},\"primaryImageOfPage\":{\"@id\":\"https:\/\/deliciaspersas.com\/fa\/tienda\/delicias-dulces\/dulce-gaz-loghmei-con-pistachos-y-almendras-18-450g-kermani\/#primaryimage\"},\"image\":{\"@id\":\"https:\/\/deliciaspersas.com\/fa\/tienda\/delicias-dulces\/dulce-gaz-loghmei-con-pistachos-y-almendras-18-450g-kermani\/#primaryimage\"},\"thumbnailUrl\":\"https:\/\/deliciaspersas.com\/wp-content\/uploads\/MG_9511-700x700.jpg.webp\",\"datePublished\":\"2023-11-27T18:04:05+00:00\",\"dateModified\":\"2024-08-22T13:13:14+00:00\",\"breadcrumb\":{\"@id\":\"https:\/\/deliciaspersas.com\/fa\/tienda\/delicias-dulces\/dulce-gaz-loghmei-con-pistachos-y-almendras-18-450g-kermani\/#breadcrumb\"},\"inLanguage\":\"fa-IR\",\"potentialAction\":[{\"@type\":\"ReadAction\",\"target\":[\"https:\/\/deliciaspersas.com\/fa\/tienda\/delicias-dulces\/dulce-gaz-loghmei-con-pistachos-y-almendras-18-450g-kermani\/\"]}]},{\"@type\":\"ImageObject\",\"inLanguage\":\"fa-IR\",\"@id\":\"https:\/\/deliciaspersas.com\/fa\/tienda\/delicias-dulces\/dulce-gaz-loghmei-con-pistachos-y-almendras-18-450g-kermani\/#primaryimage\",\"url\":\"https:\/\/deliciaspersas.com\/wp-content\/uploads\/MG_9511-700x700.jpg.webp\",\"contentUrl\":\"https:\/\/deliciaspersas.com\/wp-content\/uploads\/MG_9511-700x700.jpg.webp\",\"width\":700,\"height\":700},{\"@type\":\"BreadcrumbList\",\"@id\":\"https:\/\/deliciaspersas.com\/fa\/tienda\/delicias-dulces\/dulce-gaz-loghmei-con-pistachos-y-almendras-18-450g-kermani\/#breadcrumb\",\"itemListElement\":[{\"@type\":\"ListItem\",\"position\":1,\"name\":\"Portada\",\"item\":\"https:\/\/deliciaspersas.com\/fa\/\"},{\"@type\":\"ListItem\",\"position\":2,\"name\":\"Tienda\",\"item\":\"https:\/\/deliciaspersas.com\/\"},{\"@type\":\"ListItem\",\"position\":3,\"name\":\"Dulce- Gaz Loghmei con Pistachos y Almendras 18% 450g Kermani\"}]},{\"@type\":\"WebSite\",\"@id\":\"https:\/\/deliciaspersas.com\/fa\/#website\",\"url\":\"https:\/\/deliciaspersas.com\/fa\/\",\"name\":\"Delicias Persas\",\"description\":\"Gastronom&iacute;a persa al alcance de tus manos\",\"publisher\":{\"@id\":\"https:\/\/deliciaspersas.com\/fa\/#organization\"},\"potentialAction\":[{\"@type\":\"SearchAction\",\"target\":{\"@type\":\"EntryPoint\",\"urlTemplate\":\"https:\/\/deliciaspersas.com\/fa\/?s={search_term_string}\"},\"query-input\":{\"@type\":\"PropertyValueSpecification\",\"valueRequired\":true,\"valueName\":\"search_term_string\"}}],\"inLanguage\":\"fa-IR\"},{\"@type\":\"Organization\",\"@id\":\"https:\/\/deliciaspersas.com\/fa\/#organization\",\"name\":\"Delicias Persas\",\"url\":\"https:\/\/deliciaspersas.com\/fa\/\",\"logo\":{\"@type\":\"ImageObject\",\"inLanguage\":\"fa-IR\",\"@id\":\"https:\/\/deliciaspersas.com\/fa\/#\/schema\/logo\/image\/\",\"url\":\"https:\/\/deliciaspersas.com\/wp-content\/uploads\/2020\/07\/logo-2020.png\",\"contentUrl\":\"https:\/\/deliciaspersas.com\/wp-content\/uploads\/2020\/07\/logo-2020.png\",\"width\":520,\"height\":490,\"caption\":\"Delicias Persas\"},\"image\":{\"@id\":\"https:\/\/deliciaspersas.com\/fa\/#\/schema\/logo\/image\/\"},\"sameAs\":[\"https:\/\/www.facebook.com\/Deliciaspersas\",\"https:\/\/www.instagram.com\/delicias_persas\/\",\"https:\/\/www.linkedin.com\/delicias-persas\"]}]}<\/script>\n<!-- \/ Yoast SEO plugin. -->","yoast_head_json":{"title":"Dulce- Gaz Loghmei con Pistachos y Almendras 18% 450g Kermani - Delicias Persas","robots":{"index":"index","follow":"follow","max-snippet":"max-snippet:-1","max-image-preview":"max-image-preview:large","max-video-preview":"max-video-preview:-1"},"canonical":"https:\/\/deliciaspersas.com\/fa\/tienda\/delicias-dulces\/dulce-gaz-loghmei-con-pistachos-y-almendras-18-450g-kermani\/","og_locale":"fa_IR","og_type":"article","og_title":"Dulce- Gaz Loghmei con Pistachos y Almendras 18% 450g Kermani - Delicias Persas","og_description":"Dulce- Gaz Loghmei con Pistachos y Almendras 18% 450g Kermani &nbsp; &nbsp; Gaz es el s\u00edmbolo m\u00e1s destacado del arte de la reposter\u00eda en la ciudad de Isfahan Gaz es el s\u00edmbolo m\u00e1s destacado del arte de la reposter\u00eda de Isfah\u00e1n y se considera el recuerdo m\u00e1s importante de Isfah\u00e1n, donde se pueden ver muchas [&hellip;]","og_url":"https:\/\/deliciaspersas.com\/fa\/tienda\/delicias-dulces\/dulce-gaz-loghmei-con-pistachos-y-almendras-18-450g-kermani\/","og_site_name":"Delicias Persas","article_publisher":"https:\/\/www.facebook.com\/Deliciaspersas","article_modified_time":"2024-08-22T13:13:14+00:00","og_image":[{"width":700,"height":700,"url":"https:\/\/deliciaspersas.com\/wp-content\/uploads\/MG_9511-700x700.jpg.webp","type":"image\/webp"}],"twitter_card":"summary_large_image","twitter_misc":{"\u0632\u0645\u0627\u0646 \u062a\u0642\u0631\u06cc\u0628\u06cc \u0628\u0631\u0627\u06cc \u062e\u0648\u0627\u0646\u062f\u0646":"3 \u062f\u0642\u06cc\u0642\u0647"},"schema":{"@context":"https:\/\/schema.org","@graph":[{"@type":"WebPage","@id":"https:\/\/deliciaspersas.com\/fa\/tienda\/delicias-dulces\/dulce-gaz-loghmei-con-pistachos-y-almendras-18-450g-kermani\/","url":"https:\/\/deliciaspersas.com\/fa\/tienda\/delicias-dulces\/dulce-gaz-loghmei-con-pistachos-y-almendras-18-450g-kermani\/","name":"Dulce- Gaz Loghmei con Pistachos y Almendras 18% 450g Kermani - Delicias Persas","isPartOf":{"@id":"https:\/\/deliciaspersas.com\/fa\/#website"},"primaryImageOfPage":{"@id":"https:\/\/deliciaspersas.com\/fa\/tienda\/delicias-dulces\/dulce-gaz-loghmei-con-pistachos-y-almendras-18-450g-kermani\/#primaryimage"},"image":{"@id":"https:\/\/deliciaspersas.com\/fa\/tienda\/delicias-dulces\/dulce-gaz-loghmei-con-pistachos-y-almendras-18-450g-kermani\/#primaryimage"},"thumbnailUrl":"https:\/\/deliciaspersas.com\/wp-content\/uploads\/MG_9511-700x700.jpg.webp","datePublished":"2023-11-27T18:04:05+00:00","dateModified":"2024-08-22T13:13:14+00:00","breadcrumb":{"@id":"https:\/\/deliciaspersas.com\/fa\/tienda\/delicias-dulces\/dulce-gaz-loghmei-con-pistachos-y-almendras-18-450g-kermani\/#breadcrumb"},"inLanguage":"fa-IR","potentialAction":[{"@type":"ReadAction","target":["https:\/\/deliciaspersas.com\/fa\/tienda\/delicias-dulces\/dulce-gaz-loghmei-con-pistachos-y-almendras-18-450g-kermani\/"]}]},{"@type":"ImageObject","inLanguage":"fa-IR","@id":"https:\/\/deliciaspersas.com\/fa\/tienda\/delicias-dulces\/dulce-gaz-loghmei-con-pistachos-y-almendras-18-450g-kermani\/#primaryimage","url":"https:\/\/deliciaspersas.com\/wp-content\/uploads\/MG_9511-700x700.jpg.webp","contentUrl":"https:\/\/deliciaspersas.com\/wp-content\/uploads\/MG_9511-700x700.jpg.webp","width":700,"height":700},{"@type":"BreadcrumbList","@id":"https:\/\/deliciaspersas.com\/fa\/tienda\/delicias-dulces\/dulce-gaz-loghmei-con-pistachos-y-almendras-18-450g-kermani\/#breadcrumb","itemListElement":[{"@type":"ListItem","position":1,"name":"Portada","item":"https:\/\/deliciaspersas.com\/fa\/"},{"@type":"ListItem","position":2,"name":"Tienda","item":"https:\/\/deliciaspersas.com\/"},{"@type":"ListItem","position":3,"name":"Dulce- Gaz Loghmei con Pistachos y Almendras 18% 450g Kermani"}]},{"@type":"WebSite","@id":"https:\/\/deliciaspersas.com\/fa\/#website","url":"https:\/\/deliciaspersas.com\/fa\/","name":"Delicias Persas","description":"Gastronom&iacute;a persa al alcance de tus manos","publisher":{"@id":"https:\/\/deliciaspersas.com\/fa\/#organization"},"potentialAction":[{"@type":"SearchAction","target":{"@type":"EntryPoint","urlTemplate":"https:\/\/deliciaspersas.com\/fa\/?s={search_term_string}"},"query-input":{"@type":"PropertyValueSpecification","valueRequired":true,"valueName":"search_term_string"}}],"inLanguage":"fa-IR"},{"@type":"Organization","@id":"https:\/\/deliciaspersas.com\/fa\/#organization","name":"Delicias Persas","url":"https:\/\/deliciaspersas.com\/fa\/","logo":{"@type":"ImageObject","inLanguage":"fa-IR","@id":"https:\/\/deliciaspersas.com\/fa\/#\/schema\/logo\/image\/","url":"https:\/\/deliciaspersas.com\/wp-content\/uploads\/2020\/07\/logo-2020.png","contentUrl":"https:\/\/deliciaspersas.com\/wp-content\/uploads\/2020\/07\/logo-2020.png","width":520,"height":490,"caption":"Delicias Persas"},"image":{"@id":"https:\/\/deliciaspersas.com\/fa\/#\/schema\/logo\/image\/"},"sameAs":["https:\/\/www.facebook.com\/Deliciaspersas","https:\/\/www.instagram.com\/delicias_persas\/","https:\/\/www.linkedin.com\/delicias-persas"]}]}},"uagb_featured_image_src":{"full":["https:\/\/deliciaspersas.com\/wp-content\/uploads\/MG_9511-700x700.jpg.webp",700,700,false],"thumbnail":["https:\/\/deliciaspersas.com\/wp-content\/uploads\/MG_9511-700x700.jpg-150x150.webp",150,150,true],"medium":["https:\/\/deliciaspersas.com\/wp-content\/uploads\/MG_9511-700x700.jpg-300x300.webp",300,300,true],"medium_large":["https:\/\/deliciaspersas.com\/wp-content\/uploads\/MG_9511-700x700.jpg.webp",700,700,false],"large":["https:\/\/deliciaspersas.com\/wp-content\/uploads\/MG_9511-700x700.jpg.webp",700,700,false],"1536x1536":["https:\/\/deliciaspersas.com\/wp-content\/uploads\/MG_9511-700x700.jpg.webp",700,700,false],"2048x2048":["https:\/\/deliciaspersas.com\/wp-content\/uploads\/MG_9511-700x700.jpg.webp",700,700,false],"woocommerce_thumbnail":["https:\/\/deliciaspersas.com\/wp-content\/uploads\/MG_9511-700x700.jpg-300x300.webp",300,300,true],"woocommerce_single":["https:\/\/deliciaspersas.com\/wp-content\/uploads\/MG_9511-700x700.jpg-600x600.webp",600,600,true],"woocommerce_gallery_thumbnail":["https:\/\/deliciaspersas.com\/wp-content\/uploads\/MG_9511-700x700.jpg-100x100.webp",100,100,true]},"uagb_author_info":{"display_name":"admin","author_link":"https:\/\/deliciaspersas.com\/fa\/author\/"},"uagb_comment_info":0,"uagb_excerpt":"Dulce- Gaz Loghmei con Pistachos y Almendras 18% 450g Kermani &nbsp; &nbsp; Gaz es el s\u00edmbolo m\u00e1s destacado del arte de la reposter\u00eda en la ciudad de Isfahan Gaz es el s\u00edmbolo m\u00e1s destacado del arte de la reposter\u00eda de Isfah\u00e1n y se considera el recuerdo m\u00e1s importante de Isfah\u00e1n, donde se pueden ver muchas&hellip;","brands":[{"id":1142,"name":"Kermani","slug":"kermani"}],"_links":{"self":[{"href":"https:\/\/deliciaspersas.com\/fa\/wp-json\/wp\/v2\/product\/12693"}],"collection":[{"href":"https:\/\/deliciaspersas.com\/fa\/wp-json\/wp\/v2\/product"}],"about":[{"href":"https:\/\/deliciaspersas.com\/fa\/wp-json\/wp\/v2\/types\/product"}],"wp:featuredmedia":[{"embeddable":true,"href":"https:\/\/deliciaspersas.com\/fa\/wp-json\/wp\/v2\/media\/12694"}],"wp:attachment":[{"href":"https:\/\/deliciaspersas.com\/fa\/wp-json\/wp\/v2\/media?parent=12693"}],"wp:term":[{"taxonomy":"pwb-brand","embeddable":true,"href":"https:\/\/deliciaspersas.com\/fa\/wp-json\/wp\/v2\/pwb-brand?post=12693"},{"taxonomy":"product_cat","embeddable":true,"href":"https:\/\/deliciaspersas.com\/fa\/wp-json\/wp\/v2\/product_cat?post=12693"},{"taxonomy":"product_tag","embeddable":true,"href":"https:\/\/deliciaspersas.com\/fa\/wp-json\/wp\/v2\/product_tag?post=12693"}],"curies":[{"name":"wp","href":"https:\/\/api.w.org\/{rel}","templated":true}]}}