{"id":12820,"date":"2023-12-08T15:02:47","date_gmt":"2023-12-08T14:02:47","guid":{"rendered":"https:\/\/deliciaspersas.com\/?post_type=product&#038;p=12820"},"modified":"2023-12-08T15:06:03","modified_gmt":"2023-12-08T14:06:03","slug":"calentador-auxiliar-economico-pars-ecotech","status":"publish","type":"product","link":"https:\/\/deliciaspersas.com\/fa\/tienda\/ofertas\/calentador-auxiliar-economico-pars-ecotech\/","title":{"rendered":"Calentador auxiliar econ\u00f3mico 250w &#8211; Pars EcoTEch"},"content":{"rendered":"<h1><strong>\u00bfQu\u00e9 es el calefactor de bajo consumo de energ\u00eda PARS-EcoTech?<\/strong><\/h1>\n<p><strong><br \/>\n<\/strong>Cada calefactor es suficiente para calentar hasta 20 metros cuadrados de espacio. Normalmente, para espacios m\u00e1s grandes, se agregar\u00e1 un calefactor para cada 20 metros. El consumo es muy bajo, unos 250 vatios. Mientras que el calefactor convencional requiere 2.000 vatios. De hecho, consume un 90% menos de electricidad. La temperatura de salida se puede ajustar de 15 a 32 grados cent\u00edgrados. Es sistema de calefacci\u00f3n basado en termo-cer\u00e1mica y convecci\u00f3n. Es muy peque\u00f1o, ligero y f\u00e1cil de transportar. Se conecta directamente a la toma de corriente. Tiene mando a distancia. Su ventilador tiene dos velocidades y dispone de un temporizador de apagado de 1 a 12 horas.<\/p>\n","protected":false},"excerpt":{"rendered":"<p>\u00bfQu\u00e9 es el calefactor de bajo consumo de energ\u00eda PARS-EcoTech? Cada calefactor es suficiente para calentar hasta 20 metros cuadrados de espacio. Normalmente, para espacios m\u00e1s grandes, se agregar\u00e1 un calefactor para cada 20 metros. El consumo es muy bajo, unos 250 vatios. Mientras que el calefactor convencional requiere 2.000 vatios. De hecho, consume un [&hellip;]<\/p>\n","protected":false},"featured_media":12824,"template":"","meta":{"_surecart_dashboard_logo_width":"180px","_surecart_dashboard_show_logo":true,"_surecart_dashboard_navigation_orders":true,"_surecart_dashboard_navigation_invoices":true,"_surecart_dashboard_navigation_subscriptions":true,"_surecart_dashboard_navigation_downloads":true,"_surecart_dashboard_navigation_billing":true,"_surecart_dashboard_navigation_account":true,"_uag_custom_page_level_css":"","site-sidebar-layout":"default","site-content-layout":"default","ast-site-content-layout":"","site-content-style":"default","site-sidebar-style":"default","ast-global-header-display":"","ast-banner-title-visibility":"","ast-main-header-display":"","ast-hfb-above-header-display":"","ast-hfb-below-header-display":"","ast-hfb-mobile-header-display":"","site-post-title":"","ast-breadcrumbs-content":"","ast-featured-img":"","footer-sml-layout":"","theme-transparent-header-meta":"default","adv-header-id-meta":"","stick-header-meta":"","header-above-stick-meta":"","header-main-stick-meta":"","header-below-stick-meta":"","astra-migrate-meta-layouts":"default","ast-page-background-enabled":"default","ast-page-background-meta":{"desktop":{"background-color":"","background-image":"","background-repeat":"repeat","background-position":"center center","background-size":"auto","background-attachment":"scroll","background-type":"","background-media":"","overlay-type":"","overlay-color":"","overlay-opacity":"","overlay-gradient":""},"tablet":{"background-color":"","background-image":"","background-repeat":"repeat","background-position":"center center","background-size":"auto","background-attachment":"scroll","background-type":"","background-media":"","overlay-type":"","overlay-color":"","overlay-opacity":"","overlay-gradient":""},"mobile":{"background-color":"","background-image":"","background-repeat":"repeat","background-position":"center center","background-size":"auto","background-attachment":"scroll","background-type":"","background-media":"","overlay-type":"","overlay-color":"","overlay-opacity":"","overlay-gradient":""}},"ast-content-background-meta":{"desktop":{"background-color":"var(--ast-global-color-5)","background-image":"","background-repeat":"repeat","background-position":"center center","background-size":"auto","background-attachment":"scroll","background-type":"","background-media":"","overlay-type":"","overlay-color":"","overlay-opacity":"","overlay-gradient":""},"tablet":{"background-color":"var(--ast-global-color-5)","background-image":"","background-repeat":"repeat","background-position":"center center","background-size":"auto","background-attachment":"scroll","background-type":"","background-media":"","overlay-type":"","overlay-color":"","overlay-opacity":"","overlay-gradient":""},"mobile":{"background-color":"var(--ast-global-color-5)","background-image":"","background-repeat":"repeat","background-position":"center center","background-size":"auto","background-attachment":"scroll","background-type":"","background-media":"","overlay-type":"","overlay-color":"","overlay-opacity":"","overlay-gradient":""}}},"pwb-brand":[],"product_cat":[1169,106,44],"product_tag":[],"class_list":{"0":"post-12820","1":"product","2":"type-product","3":"status-publish","4":"has-post-thumbnail","6":"product_cat-cocina","7":"product_cat-nuevos-productos","8":"product_cat-ofertas","9":"desktop-align-center","10":"tablet-align-center","11":"mobile-align-center","13":"first","14":"instock","15":"taxable","16":"shipping-taxable","17":"purchasable","18":"product-type-simple"},"yoast_head":"<!-- This site is optimized with the Yoast SEO plugin v23.6 - https:\/\/yoast.com\/wordpress\/plugins\/seo\/ -->\n<title>Calentador auxiliar econ\u00f3mico 250w - Pars EcoTEch - Delicias Persas<\/title>\n<meta name=\"robots\" content=\"index, follow, max-snippet:-1, max-image-preview:large, max-video-preview:-1\" \/>\n<link rel=\"canonical\" href=\"https:\/\/deliciaspersas.com\/fa\/tienda\/ofertas\/calentador-auxiliar-economico-pars-ecotech\/\" \/>\n<meta property=\"og:locale\" content=\"fa_IR\" \/>\n<meta property=\"og:type\" content=\"article\" \/>\n<meta property=\"og:title\" content=\"Calentador auxiliar econ\u00f3mico 250w - Pars EcoTEch - Delicias Persas\" \/>\n<meta property=\"og:description\" content=\"\u00bfQu\u00e9 es el calefactor de bajo consumo de energ\u00eda PARS-EcoTech? Cada calefactor es suficiente para calentar hasta 20 metros cuadrados de espacio. Normalmente, para espacios m\u00e1s grandes, se agregar\u00e1 un calefactor para cada 20 metros. El consumo es muy bajo, unos 250 vatios. Mientras que el calefactor convencional requiere 2.000 vatios. De hecho, consume un [&hellip;]\" \/>\n<meta property=\"og:url\" content=\"https:\/\/deliciaspersas.com\/fa\/tienda\/ofertas\/calentador-auxiliar-economico-pars-ecotech\/\" \/>\n<meta property=\"og:site_name\" content=\"Delicias Persas\" \/>\n<meta property=\"article:publisher\" content=\"https:\/\/www.facebook.com\/Deliciaspersas\" \/>\n<meta property=\"article:modified_time\" content=\"2023-12-08T14:06:03+00:00\" \/>\n<meta property=\"og:image\" content=\"https:\/\/deliciaspersas.com\/wp-content\/uploads\/calefactor-pas-eco.jpg\" \/>\n\t<meta property=\"og:image:width\" content=\"600\" \/>\n\t<meta property=\"og:image:height\" content=\"600\" \/>\n\t<meta property=\"og:image:type\" content=\"image\/jpeg\" \/>\n<meta name=\"twitter:card\" content=\"summary_large_image\" \/>\n<meta name=\"twitter:label1\" content=\"\u0632\u0645\u0627\u0646 \u062a\u0642\u0631\u06cc\u0628\u06cc \u0628\u0631\u0627\u06cc \u062e\u0648\u0627\u0646\u062f\u0646\" \/>\n\t<meta name=\"twitter:data1\" content=\"1 \u062f\u0642\u06cc\u0642\u0647\" \/>\n<script type=\"application\/ld+json\" class=\"yoast-schema-graph\">{\"@context\":\"https:\/\/schema.org\",\"@graph\":[{\"@type\":\"WebPage\",\"@id\":\"https:\/\/deliciaspersas.com\/fa\/tienda\/ofertas\/calentador-auxiliar-economico-pars-ecotech\/\",\"url\":\"https:\/\/deliciaspersas.com\/fa\/tienda\/ofertas\/calentador-auxiliar-economico-pars-ecotech\/\",\"name\":\"Calentador auxiliar econ\u00f3mico 250w - Pars EcoTEch - Delicias Persas\",\"isPartOf\":{\"@id\":\"https:\/\/deliciaspersas.com\/fa\/#website\"},\"primaryImageOfPage\":{\"@id\":\"https:\/\/deliciaspersas.com\/fa\/tienda\/ofertas\/calentador-auxiliar-economico-pars-ecotech\/#primaryimage\"},\"image\":{\"@id\":\"https:\/\/deliciaspersas.com\/fa\/tienda\/ofertas\/calentador-auxiliar-economico-pars-ecotech\/#primaryimage\"},\"thumbnailUrl\":\"https:\/\/deliciaspersas.com\/wp-content\/uploads\/calefactor-pas-eco.jpg\",\"datePublished\":\"2023-12-08T14:02:47+00:00\",\"dateModified\":\"2023-12-08T14:06:03+00:00\",\"breadcrumb\":{\"@id\":\"https:\/\/deliciaspersas.com\/fa\/tienda\/ofertas\/calentador-auxiliar-economico-pars-ecotech\/#breadcrumb\"},\"inLanguage\":\"fa-IR\",\"potentialAction\":[{\"@type\":\"ReadAction\",\"target\":[\"https:\/\/deliciaspersas.com\/fa\/tienda\/ofertas\/calentador-auxiliar-economico-pars-ecotech\/\"]}]},{\"@type\":\"ImageObject\",\"inLanguage\":\"fa-IR\",\"@id\":\"https:\/\/deliciaspersas.com\/fa\/tienda\/ofertas\/calentador-auxiliar-economico-pars-ecotech\/#primaryimage\",\"url\":\"https:\/\/deliciaspersas.com\/wp-content\/uploads\/calefactor-pas-eco.jpg\",\"contentUrl\":\"https:\/\/deliciaspersas.com\/wp-content\/uploads\/calefactor-pas-eco.jpg\",\"width\":600,\"height\":600},{\"@type\":\"BreadcrumbList\",\"@id\":\"https:\/\/deliciaspersas.com\/fa\/tienda\/ofertas\/calentador-auxiliar-economico-pars-ecotech\/#breadcrumb\",\"itemListElement\":[{\"@type\":\"ListItem\",\"position\":1,\"name\":\"Portada\",\"item\":\"https:\/\/deliciaspersas.com\/fa\/\"},{\"@type\":\"ListItem\",\"position\":2,\"name\":\"Tienda\",\"item\":\"https:\/\/deliciaspersas.com\/\"},{\"@type\":\"ListItem\",\"position\":3,\"name\":\"Calentador auxiliar econ\u00f3mico 250w &#8211; Pars EcoTEch\"}]},{\"@type\":\"WebSite\",\"@id\":\"https:\/\/deliciaspersas.com\/fa\/#website\",\"url\":\"https:\/\/deliciaspersas.com\/fa\/\",\"name\":\"Delicias Persas\",\"description\":\"Gastronom&iacute;a persa al alcance de tus manos\",\"publisher\":{\"@id\":\"https:\/\/deliciaspersas.com\/fa\/#organization\"},\"potentialAction\":[{\"@type\":\"SearchAction\",\"target\":{\"@type\":\"EntryPoint\",\"urlTemplate\":\"https:\/\/deliciaspersas.com\/fa\/?s={search_term_string}\"},\"query-input\":{\"@type\":\"PropertyValueSpecification\",\"valueRequired\":true,\"valueName\":\"search_term_string\"}}],\"inLanguage\":\"fa-IR\"},{\"@type\":\"Organization\",\"@id\":\"https:\/\/deliciaspersas.com\/fa\/#organization\",\"name\":\"Delicias Persas\",\"url\":\"https:\/\/deliciaspersas.com\/fa\/\",\"logo\":{\"@type\":\"ImageObject\",\"inLanguage\":\"fa-IR\",\"@id\":\"https:\/\/deliciaspersas.com\/fa\/#\/schema\/logo\/image\/\",\"url\":\"https:\/\/deliciaspersas.com\/wp-content\/uploads\/2020\/07\/logo-2020.png\",\"contentUrl\":\"https:\/\/deliciaspersas.com\/wp-content\/uploads\/2020\/07\/logo-2020.png\",\"width\":520,\"height\":490,\"caption\":\"Delicias Persas\"},\"image\":{\"@id\":\"https:\/\/deliciaspersas.com\/fa\/#\/schema\/logo\/image\/\"},\"sameAs\":[\"https:\/\/www.facebook.com\/Deliciaspersas\",\"https:\/\/www.instagram.com\/delicias_persas\/\",\"https:\/\/www.linkedin.com\/delicias-persas\"]}]}<\/script>\n<!-- \/ Yoast SEO plugin. -->","yoast_head_json":{"title":"Calentador auxiliar econ\u00f3mico 250w - Pars EcoTEch - Delicias Persas","robots":{"index":"index","follow":"follow","max-snippet":"max-snippet:-1","max-image-preview":"max-image-preview:large","max-video-preview":"max-video-preview:-1"},"canonical":"https:\/\/deliciaspersas.com\/fa\/tienda\/ofertas\/calentador-auxiliar-economico-pars-ecotech\/","og_locale":"fa_IR","og_type":"article","og_title":"Calentador auxiliar econ\u00f3mico 250w - Pars EcoTEch - Delicias Persas","og_description":"\u00bfQu\u00e9 es el calefactor de bajo consumo de energ\u00eda PARS-EcoTech? Cada calefactor es suficiente para calentar hasta 20 metros cuadrados de espacio. Normalmente, para espacios m\u00e1s grandes, se agregar\u00e1 un calefactor para cada 20 metros. El consumo es muy bajo, unos 250 vatios. Mientras que el calefactor convencional requiere 2.000 vatios. De hecho, consume un [&hellip;]","og_url":"https:\/\/deliciaspersas.com\/fa\/tienda\/ofertas\/calentador-auxiliar-economico-pars-ecotech\/","og_site_name":"Delicias Persas","article_publisher":"https:\/\/www.facebook.com\/Deliciaspersas","article_modified_time":"2023-12-08T14:06:03+00:00","og_image":[{"width":600,"height":600,"url":"https:\/\/deliciaspersas.com\/wp-content\/uploads\/calefactor-pas-eco.jpg","type":"image\/jpeg"}],"twitter_card":"summary_large_image","twitter_misc":{"\u0632\u0645\u0627\u0646 \u062a\u0642\u0631\u06cc\u0628\u06cc \u0628\u0631\u0627\u06cc \u062e\u0648\u0627\u0646\u062f\u0646":"1 \u062f\u0642\u06cc\u0642\u0647"},"schema":{"@context":"https:\/\/schema.org","@graph":[{"@type":"WebPage","@id":"https:\/\/deliciaspersas.com\/fa\/tienda\/ofertas\/calentador-auxiliar-economico-pars-ecotech\/","url":"https:\/\/deliciaspersas.com\/fa\/tienda\/ofertas\/calentador-auxiliar-economico-pars-ecotech\/","name":"Calentador auxiliar econ\u00f3mico 250w - Pars EcoTEch - Delicias Persas","isPartOf":{"@id":"https:\/\/deliciaspersas.com\/fa\/#website"},"primaryImageOfPage":{"@id":"https:\/\/deliciaspersas.com\/fa\/tienda\/ofertas\/calentador-auxiliar-economico-pars-ecotech\/#primaryimage"},"image":{"@id":"https:\/\/deliciaspersas.com\/fa\/tienda\/ofertas\/calentador-auxiliar-economico-pars-ecotech\/#primaryimage"},"thumbnailUrl":"https:\/\/deliciaspersas.com\/wp-content\/uploads\/calefactor-pas-eco.jpg","datePublished":"2023-12-08T14:02:47+00:00","dateModified":"2023-12-08T14:06:03+00:00","breadcrumb":{"@id":"https:\/\/deliciaspersas.com\/fa\/tienda\/ofertas\/calentador-auxiliar-economico-pars-ecotech\/#breadcrumb"},"inLanguage":"fa-IR","potentialAction":[{"@type":"ReadAction","target":["https:\/\/deliciaspersas.com\/fa\/tienda\/ofertas\/calentador-auxiliar-economico-pars-ecotech\/"]}]},{"@type":"ImageObject","inLanguage":"fa-IR","@id":"https:\/\/deliciaspersas.com\/fa\/tienda\/ofertas\/calentador-auxiliar-economico-pars-ecotech\/#primaryimage","url":"https:\/\/deliciaspersas.com\/wp-content\/uploads\/calefactor-pas-eco.jpg","contentUrl":"https:\/\/deliciaspersas.com\/wp-content\/uploads\/calefactor-pas-eco.jpg","width":600,"height":600},{"@type":"BreadcrumbList","@id":"https:\/\/deliciaspersas.com\/fa\/tienda\/ofertas\/calentador-auxiliar-economico-pars-ecotech\/#breadcrumb","itemListElement":[{"@type":"ListItem","position":1,"name":"Portada","item":"https:\/\/deliciaspersas.com\/fa\/"},{"@type":"ListItem","position":2,"name":"Tienda","item":"https:\/\/deliciaspersas.com\/"},{"@type":"ListItem","position":3,"name":"Calentador auxiliar econ\u00f3mico 250w &#8211; Pars EcoTEch"}]},{"@type":"WebSite","@id":"https:\/\/deliciaspersas.com\/fa\/#website","url":"https:\/\/deliciaspersas.com\/fa\/","name":"Delicias Persas","description":"Gastronom&iacute;a persa al alcance de tus manos","publisher":{"@id":"https:\/\/deliciaspersas.com\/fa\/#organization"},"potentialAction":[{"@type":"SearchAction","target":{"@type":"EntryPoint","urlTemplate":"https:\/\/deliciaspersas.com\/fa\/?s={search_term_string}"},"query-input":{"@type":"PropertyValueSpecification","valueRequired":true,"valueName":"search_term_string"}}],"inLanguage":"fa-IR"},{"@type":"Organization","@id":"https:\/\/deliciaspersas.com\/fa\/#organization","name":"Delicias Persas","url":"https:\/\/deliciaspersas.com\/fa\/","logo":{"@type":"ImageObject","inLanguage":"fa-IR","@id":"https:\/\/deliciaspersas.com\/fa\/#\/schema\/logo\/image\/","url":"https:\/\/deliciaspersas.com\/wp-content\/uploads\/2020\/07\/logo-2020.png","contentUrl":"https:\/\/deliciaspersas.com\/wp-content\/uploads\/2020\/07\/logo-2020.png","width":520,"height":490,"caption":"Delicias Persas"},"image":{"@id":"https:\/\/deliciaspersas.com\/fa\/#\/schema\/logo\/image\/"},"sameAs":["https:\/\/www.facebook.com\/Deliciaspersas","https:\/\/www.instagram.com\/delicias_persas\/","https:\/\/www.linkedin.com\/delicias-persas"]}]}},"uagb_featured_image_src":{"full":["https:\/\/deliciaspersas.com\/wp-content\/uploads\/calefactor-pas-eco.jpg",600,600,false],"thumbnail":["https:\/\/deliciaspersas.com\/wp-content\/uploads\/calefactor-pas-eco-150x150.jpg",150,150,true],"medium":["https:\/\/deliciaspersas.com\/wp-content\/uploads\/calefactor-pas-eco-300x300.jpg",300,300,true],"medium_large":["https:\/\/deliciaspersas.com\/wp-content\/uploads\/calefactor-pas-eco.jpg",600,600,false],"large":["https:\/\/deliciaspersas.com\/wp-content\/uploads\/calefactor-pas-eco.jpg",600,600,false],"1536x1536":["https:\/\/deliciaspersas.com\/wp-content\/uploads\/calefactor-pas-eco.jpg",600,600,false],"2048x2048":["https:\/\/deliciaspersas.com\/wp-content\/uploads\/calefactor-pas-eco.jpg",600,600,false],"woocommerce_thumbnail":["https:\/\/deliciaspersas.com\/wp-content\/uploads\/calefactor-pas-eco-300x300.jpg",300,300,true],"woocommerce_single":["https:\/\/deliciaspersas.com\/wp-content\/uploads\/calefactor-pas-eco.jpg",600,600,false],"woocommerce_gallery_thumbnail":["https:\/\/deliciaspersas.com\/wp-content\/uploads\/calefactor-pas-eco-100x100.jpg",100,100,true]},"uagb_author_info":{"display_name":"admin","author_link":"https:\/\/deliciaspersas.com\/fa\/author\/"},"uagb_comment_info":0,"uagb_excerpt":"\u00bfQu\u00e9 es el calefactor de bajo consumo de energ\u00eda PARS-EcoTech? Cada calefactor es suficiente para calentar hasta 20 metros cuadrados de espacio. Normalmente, para espacios m\u00e1s grandes, se agregar\u00e1 un calefactor para cada 20 metros. El consumo es muy bajo, unos 250 vatios. Mientras que el calefactor convencional requiere 2.000 vatios. De hecho, consume un&hellip;","brands":[],"_links":{"self":[{"href":"https:\/\/deliciaspersas.com\/fa\/wp-json\/wp\/v2\/product\/12820"}],"collection":[{"href":"https:\/\/deliciaspersas.com\/fa\/wp-json\/wp\/v2\/product"}],"about":[{"href":"https:\/\/deliciaspersas.com\/fa\/wp-json\/wp\/v2\/types\/product"}],"wp:featuredmedia":[{"embeddable":true,"href":"https:\/\/deliciaspersas.com\/fa\/wp-json\/wp\/v2\/media\/12824"}],"wp:attachment":[{"href":"https:\/\/deliciaspersas.com\/fa\/wp-json\/wp\/v2\/media?parent=12820"}],"wp:term":[{"taxonomy":"pwb-brand","embeddable":true,"href":"https:\/\/deliciaspersas.com\/fa\/wp-json\/wp\/v2\/pwb-brand?post=12820"},{"taxonomy":"product_cat","embeddable":true,"href":"https:\/\/deliciaspersas.com\/fa\/wp-json\/wp\/v2\/product_cat?post=12820"},{"taxonomy":"product_tag","embeddable":true,"href":"https:\/\/deliciaspersas.com\/fa\/wp-json\/wp\/v2\/product_tag?post=12820"}],"curies":[{"name":"wp","href":"https:\/\/api.w.org\/{rel}","templated":true}]}}