{"id":13555,"date":"2024-03-09T11:31:20","date_gmt":"2024-03-09T10:31:20","guid":{"rendered":"https:\/\/deliciaspersas.com\/?post_type=product&#038;p=13555"},"modified":"2024-12-21T10:00:43","modified_gmt":"2024-12-21T09:00:43","slug":"seca-de-gorgojo-del-frijol-de-verde-baghela-khoshk-400g-granel","status":"publish","type":"product","link":"https:\/\/deliciaspersas.com\/fa\/tienda\/legumbres\/seca-de-gorgojo-del-frijol-de-verde-baghela-khoshk-400g-granel\/","title":{"rendered":"Seca de gorgojo del frijol de verde ( Baghela khoshk ) 400g Granel"},"content":{"rendered":"<h1>Seca de gorgojo del frijol de verde ( Baghela khoshk ) 400g Granel<\/h1>\n<p>El temperamento del frijol es seco, fr\u00edo y seco.<br \/>\nEs \u00fatil para limpiar el pecho y los pulmones y fortalecerlos.<br \/>\nAlivia la tos.<br \/>\nLos frijoles secos se utilizan para mejorar el poder sexual.<br \/>\nCura las heridas intestinales.<br \/>\nPreviene la producci\u00f3n de c\u00e1lculos en la vejiga y los ri\u00f1ones y la obstrucci\u00f3n de los conductos.<br \/>\nSe utiliza por v\u00eda oral para fortalecer la m\u00e9dula \u00f3sea.<br \/>\nSu cataplasma es para prevenir el crecimiento excesivo.<br \/>\nSu cataplasma viene con harina de cebada para congelar la leche, es un tratamiento.<br \/>\nPelarlo es menos da\u00f1ino. Las personas que tienen el est\u00f3mago d\u00e9bil nunca deben comer frijoles\u00a0con\u00a0piel.<\/p>\n","protected":false},"excerpt":{"rendered":"<p>Seca de gorgojo del frijol de verde ( Baghela khoshk ) 400g Granel El temperamento del frijol es seco, fr\u00edo y seco. Es \u00fatil para limpiar el pecho y los pulmones y fortalecerlos. Alivia la tos. Los frijoles secos se utilizan para mejorar el poder sexual. Cura las heridas intestinales. Previene la producci\u00f3n de c\u00e1lculos [&hellip;]<\/p>\n","protected":false},"featured_media":13556,"template":"","meta":{"_surecart_dashboard_logo_width":"180px","_surecart_dashboard_show_logo":true,"_surecart_dashboard_navigation_orders":true,"_surecart_dashboard_navigation_invoices":true,"_surecart_dashboard_navigation_subscriptions":true,"_surecart_dashboard_navigation_downloads":true,"_surecart_dashboard_navigation_billing":true,"_surecart_dashboard_navigation_account":true,"_uag_custom_page_level_css":"","site-sidebar-layout":"default","site-content-layout":"","ast-site-content-layout":"default","site-content-style":"default","site-sidebar-style":"default","ast-global-header-display":"","ast-banner-title-visibility":"","ast-main-header-display":"","ast-hfb-above-header-display":"","ast-hfb-below-header-display":"","ast-hfb-mobile-header-display":"","site-post-title":"","ast-breadcrumbs-content":"","ast-featured-img":"","footer-sml-layout":"","theme-transparent-header-meta":"default","adv-header-id-meta":"","stick-header-meta":"","header-above-stick-meta":"","header-main-stick-meta":"","header-below-stick-meta":"","astra-migrate-meta-layouts":"set","ast-page-background-enabled":"default","ast-page-background-meta":{"desktop":{"background-color":"","background-image":"","background-repeat":"repeat","background-position":"center center","background-size":"auto","background-attachment":"scroll","background-type":"","background-media":"","overlay-type":"","overlay-color":"","overlay-opacity":"","overlay-gradient":""},"tablet":{"background-color":"","background-image":"","background-repeat":"repeat","background-position":"center center","background-size":"auto","background-attachment":"scroll","background-type":"","background-media":"","overlay-type":"","overlay-color":"","overlay-opacity":"","overlay-gradient":""},"mobile":{"background-color":"","background-image":"","background-repeat":"repeat","background-position":"center center","background-size":"auto","background-attachment":"scroll","background-type":"","background-media":"","overlay-type":"","overlay-color":"","overlay-opacity":"","overlay-gradient":""}},"ast-content-background-meta":{"desktop":{"background-color":"var(--ast-global-color-5)","background-image":"","background-repeat":"repeat","background-position":"center center","background-size":"auto","background-attachment":"scroll","background-type":"","background-media":"","overlay-type":"","overlay-color":"","overlay-opacity":"","overlay-gradient":""},"tablet":{"background-color":"var(--ast-global-color-5)","background-image":"","background-repeat":"repeat","background-position":"center center","background-size":"auto","background-attachment":"scroll","background-type":"","background-media":"","overlay-type":"","overlay-color":"","overlay-opacity":"","overlay-gradient":""},"mobile":{"background-color":"var(--ast-global-color-5)","background-image":"","background-repeat":"repeat","background-position":"center center","background-size":"auto","background-attachment":"scroll","background-type":"","background-media":"","overlay-type":"","overlay-color":"","overlay-opacity":"","overlay-gradient":""}}},"pwb-brand":[113],"product_cat":[89,106],"product_tag":[558,1306,1305,1135,1304,1303],"class_list":{"0":"post-13555","1":"product","2":"type-product","3":"status-publish","4":"has-post-thumbnail","6":"pwb-brand-dayan-2","7":"product_cat-legumbres","8":"product_cat-nuevos-productos","9":"product_tag-alubia","10":"product_tag-baghela-khoshk","11":"product_tag-frijol","12":"product_tag-granel","13":"product_tag-seca-de-gorgojo-del-frijol-de-verde","14":"product_tag-1303","15":"desktop-align-center","16":"tablet-align-center","17":"mobile-align-center","19":"first","20":"outofstock","21":"taxable","22":"shipping-taxable","23":"purchasable","24":"product-type-simple"},"yoast_head":"<!-- This site is optimized with the Yoast SEO plugin v23.6 - https:\/\/yoast.com\/wordpress\/plugins\/seo\/ -->\n<title>Seca de gorgojo del frijol de verde ( Baghela khoshk ) 400g Granel - Delicias Persas<\/title>\n<meta name=\"robots\" content=\"index, follow, max-snippet:-1, max-image-preview:large, max-video-preview:-1\" \/>\n<link rel=\"canonical\" href=\"https:\/\/deliciaspersas.com\/fa\/tienda\/legumbres\/seca-de-gorgojo-del-frijol-de-verde-baghela-khoshk-400g-granel\/\" \/>\n<meta property=\"og:locale\" content=\"fa_IR\" \/>\n<meta property=\"og:type\" content=\"article\" \/>\n<meta property=\"og:title\" content=\"Seca de gorgojo del frijol de verde ( Baghela khoshk ) 400g Granel - Delicias Persas\" \/>\n<meta property=\"og:description\" content=\"Seca de gorgojo del frijol de verde ( Baghela khoshk ) 400g Granel El temperamento del frijol es seco, fr\u00edo y seco. Es \u00fatil para limpiar el pecho y los pulmones y fortalecerlos. Alivia la tos. Los frijoles secos se utilizan para mejorar el poder sexual. Cura las heridas intestinales. Previene la producci\u00f3n de c\u00e1lculos [&hellip;]\" \/>\n<meta property=\"og:url\" content=\"https:\/\/deliciaspersas.com\/fa\/tienda\/legumbres\/seca-de-gorgojo-del-frijol-de-verde-baghela-khoshk-400g-granel\/\" \/>\n<meta property=\"og:site_name\" content=\"Delicias Persas\" \/>\n<meta property=\"article:publisher\" content=\"https:\/\/www.facebook.com\/Deliciaspersas\" \/>\n<meta property=\"article:modified_time\" content=\"2024-12-21T09:00:43+00:00\" \/>\n<meta property=\"og:image\" content=\"https:\/\/deliciaspersas.com\/wp-content\/uploads\/Baghela-khoshk.jpg\" \/>\n\t<meta property=\"og:image:width\" content=\"1000\" \/>\n\t<meta property=\"og:image:height\" content=\"1000\" \/>\n\t<meta property=\"og:image:type\" content=\"image\/jpeg\" \/>\n<meta name=\"twitter:card\" content=\"summary_large_image\" \/>\n<meta name=\"twitter:label1\" content=\"\u0632\u0645\u0627\u0646 \u062a\u0642\u0631\u06cc\u0628\u06cc \u0628\u0631\u0627\u06cc \u062e\u0648\u0627\u0646\u062f\u0646\" \/>\n\t<meta name=\"twitter:data1\" content=\"1 \u062f\u0642\u06cc\u0642\u0647\" \/>\n<script type=\"application\/ld+json\" class=\"yoast-schema-graph\">{\"@context\":\"https:\/\/schema.org\",\"@graph\":[{\"@type\":\"WebPage\",\"@id\":\"https:\/\/deliciaspersas.com\/fa\/tienda\/legumbres\/seca-de-gorgojo-del-frijol-de-verde-baghela-khoshk-400g-granel\/\",\"url\":\"https:\/\/deliciaspersas.com\/fa\/tienda\/legumbres\/seca-de-gorgojo-del-frijol-de-verde-baghela-khoshk-400g-granel\/\",\"name\":\"Seca de gorgojo del frijol de verde ( Baghela khoshk ) 400g Granel - Delicias Persas\",\"isPartOf\":{\"@id\":\"https:\/\/deliciaspersas.com\/fa\/#website\"},\"primaryImageOfPage\":{\"@id\":\"https:\/\/deliciaspersas.com\/fa\/tienda\/legumbres\/seca-de-gorgojo-del-frijol-de-verde-baghela-khoshk-400g-granel\/#primaryimage\"},\"image\":{\"@id\":\"https:\/\/deliciaspersas.com\/fa\/tienda\/legumbres\/seca-de-gorgojo-del-frijol-de-verde-baghela-khoshk-400g-granel\/#primaryimage\"},\"thumbnailUrl\":\"https:\/\/deliciaspersas.com\/wp-content\/uploads\/Baghela-khoshk.jpg\",\"datePublished\":\"2024-03-09T10:31:20+00:00\",\"dateModified\":\"2024-12-21T09:00:43+00:00\",\"breadcrumb\":{\"@id\":\"https:\/\/deliciaspersas.com\/fa\/tienda\/legumbres\/seca-de-gorgojo-del-frijol-de-verde-baghela-khoshk-400g-granel\/#breadcrumb\"},\"inLanguage\":\"fa-IR\",\"potentialAction\":[{\"@type\":\"ReadAction\",\"target\":[\"https:\/\/deliciaspersas.com\/fa\/tienda\/legumbres\/seca-de-gorgojo-del-frijol-de-verde-baghela-khoshk-400g-granel\/\"]}]},{\"@type\":\"ImageObject\",\"inLanguage\":\"fa-IR\",\"@id\":\"https:\/\/deliciaspersas.com\/fa\/tienda\/legumbres\/seca-de-gorgojo-del-frijol-de-verde-baghela-khoshk-400g-granel\/#primaryimage\",\"url\":\"https:\/\/deliciaspersas.com\/wp-content\/uploads\/Baghela-khoshk.jpg\",\"contentUrl\":\"https:\/\/deliciaspersas.com\/wp-content\/uploads\/Baghela-khoshk.jpg\",\"width\":1000,\"height\":1000},{\"@type\":\"BreadcrumbList\",\"@id\":\"https:\/\/deliciaspersas.com\/fa\/tienda\/legumbres\/seca-de-gorgojo-del-frijol-de-verde-baghela-khoshk-400g-granel\/#breadcrumb\",\"itemListElement\":[{\"@type\":\"ListItem\",\"position\":1,\"name\":\"Portada\",\"item\":\"https:\/\/deliciaspersas.com\/fa\/\"},{\"@type\":\"ListItem\",\"position\":2,\"name\":\"Tienda\",\"item\":\"https:\/\/deliciaspersas.com\/\"},{\"@type\":\"ListItem\",\"position\":3,\"name\":\"Seca de gorgojo del frijol de verde ( Baghela khoshk ) 400g Granel\"}]},{\"@type\":\"WebSite\",\"@id\":\"https:\/\/deliciaspersas.com\/fa\/#website\",\"url\":\"https:\/\/deliciaspersas.com\/fa\/\",\"name\":\"Delicias Persas\",\"description\":\"Gastronom&iacute;a persa al alcance de tus manos\",\"publisher\":{\"@id\":\"https:\/\/deliciaspersas.com\/fa\/#organization\"},\"potentialAction\":[{\"@type\":\"SearchAction\",\"target\":{\"@type\":\"EntryPoint\",\"urlTemplate\":\"https:\/\/deliciaspersas.com\/fa\/?s={search_term_string}\"},\"query-input\":{\"@type\":\"PropertyValueSpecification\",\"valueRequired\":true,\"valueName\":\"search_term_string\"}}],\"inLanguage\":\"fa-IR\"},{\"@type\":\"Organization\",\"@id\":\"https:\/\/deliciaspersas.com\/fa\/#organization\",\"name\":\"Delicias Persas\",\"url\":\"https:\/\/deliciaspersas.com\/fa\/\",\"logo\":{\"@type\":\"ImageObject\",\"inLanguage\":\"fa-IR\",\"@id\":\"https:\/\/deliciaspersas.com\/fa\/#\/schema\/logo\/image\/\",\"url\":\"https:\/\/deliciaspersas.com\/wp-content\/uploads\/2020\/07\/logo-2020.png\",\"contentUrl\":\"https:\/\/deliciaspersas.com\/wp-content\/uploads\/2020\/07\/logo-2020.png\",\"width\":520,\"height\":490,\"caption\":\"Delicias Persas\"},\"image\":{\"@id\":\"https:\/\/deliciaspersas.com\/fa\/#\/schema\/logo\/image\/\"},\"sameAs\":[\"https:\/\/www.facebook.com\/Deliciaspersas\",\"https:\/\/www.instagram.com\/delicias_persas\/\",\"https:\/\/www.linkedin.com\/delicias-persas\"]}]}<\/script>\n<!-- \/ Yoast SEO plugin. -->","yoast_head_json":{"title":"Seca de gorgojo del frijol de verde ( Baghela khoshk ) 400g Granel - Delicias Persas","robots":{"index":"index","follow":"follow","max-snippet":"max-snippet:-1","max-image-preview":"max-image-preview:large","max-video-preview":"max-video-preview:-1"},"canonical":"https:\/\/deliciaspersas.com\/fa\/tienda\/legumbres\/seca-de-gorgojo-del-frijol-de-verde-baghela-khoshk-400g-granel\/","og_locale":"fa_IR","og_type":"article","og_title":"Seca de gorgojo del frijol de verde ( Baghela khoshk ) 400g Granel - Delicias Persas","og_description":"Seca de gorgojo del frijol de verde ( Baghela khoshk ) 400g Granel El temperamento del frijol es seco, fr\u00edo y seco. Es \u00fatil para limpiar el pecho y los pulmones y fortalecerlos. Alivia la tos. Los frijoles secos se utilizan para mejorar el poder sexual. Cura las heridas intestinales. Previene la producci\u00f3n de c\u00e1lculos [&hellip;]","og_url":"https:\/\/deliciaspersas.com\/fa\/tienda\/legumbres\/seca-de-gorgojo-del-frijol-de-verde-baghela-khoshk-400g-granel\/","og_site_name":"Delicias Persas","article_publisher":"https:\/\/www.facebook.com\/Deliciaspersas","article_modified_time":"2024-12-21T09:00:43+00:00","og_image":[{"width":1000,"height":1000,"url":"https:\/\/deliciaspersas.com\/wp-content\/uploads\/Baghela-khoshk.jpg","type":"image\/jpeg"}],"twitter_card":"summary_large_image","twitter_misc":{"\u0632\u0645\u0627\u0646 \u062a\u0642\u0631\u06cc\u0628\u06cc \u0628\u0631\u0627\u06cc \u062e\u0648\u0627\u0646\u062f\u0646":"1 \u062f\u0642\u06cc\u0642\u0647"},"schema":{"@context":"https:\/\/schema.org","@graph":[{"@type":"WebPage","@id":"https:\/\/deliciaspersas.com\/fa\/tienda\/legumbres\/seca-de-gorgojo-del-frijol-de-verde-baghela-khoshk-400g-granel\/","url":"https:\/\/deliciaspersas.com\/fa\/tienda\/legumbres\/seca-de-gorgojo-del-frijol-de-verde-baghela-khoshk-400g-granel\/","name":"Seca de gorgojo del frijol de verde ( Baghela khoshk ) 400g Granel - Delicias Persas","isPartOf":{"@id":"https:\/\/deliciaspersas.com\/fa\/#website"},"primaryImageOfPage":{"@id":"https:\/\/deliciaspersas.com\/fa\/tienda\/legumbres\/seca-de-gorgojo-del-frijol-de-verde-baghela-khoshk-400g-granel\/#primaryimage"},"image":{"@id":"https:\/\/deliciaspersas.com\/fa\/tienda\/legumbres\/seca-de-gorgojo-del-frijol-de-verde-baghela-khoshk-400g-granel\/#primaryimage"},"thumbnailUrl":"https:\/\/deliciaspersas.com\/wp-content\/uploads\/Baghela-khoshk.jpg","datePublished":"2024-03-09T10:31:20+00:00","dateModified":"2024-12-21T09:00:43+00:00","breadcrumb":{"@id":"https:\/\/deliciaspersas.com\/fa\/tienda\/legumbres\/seca-de-gorgojo-del-frijol-de-verde-baghela-khoshk-400g-granel\/#breadcrumb"},"inLanguage":"fa-IR","potentialAction":[{"@type":"ReadAction","target":["https:\/\/deliciaspersas.com\/fa\/tienda\/legumbres\/seca-de-gorgojo-del-frijol-de-verde-baghela-khoshk-400g-granel\/"]}]},{"@type":"ImageObject","inLanguage":"fa-IR","@id":"https:\/\/deliciaspersas.com\/fa\/tienda\/legumbres\/seca-de-gorgojo-del-frijol-de-verde-baghela-khoshk-400g-granel\/#primaryimage","url":"https:\/\/deliciaspersas.com\/wp-content\/uploads\/Baghela-khoshk.jpg","contentUrl":"https:\/\/deliciaspersas.com\/wp-content\/uploads\/Baghela-khoshk.jpg","width":1000,"height":1000},{"@type":"BreadcrumbList","@id":"https:\/\/deliciaspersas.com\/fa\/tienda\/legumbres\/seca-de-gorgojo-del-frijol-de-verde-baghela-khoshk-400g-granel\/#breadcrumb","itemListElement":[{"@type":"ListItem","position":1,"name":"Portada","item":"https:\/\/deliciaspersas.com\/fa\/"},{"@type":"ListItem","position":2,"name":"Tienda","item":"https:\/\/deliciaspersas.com\/"},{"@type":"ListItem","position":3,"name":"Seca de gorgojo del frijol de verde ( Baghela khoshk ) 400g Granel"}]},{"@type":"WebSite","@id":"https:\/\/deliciaspersas.com\/fa\/#website","url":"https:\/\/deliciaspersas.com\/fa\/","name":"Delicias Persas","description":"Gastronom&iacute;a persa al alcance de tus manos","publisher":{"@id":"https:\/\/deliciaspersas.com\/fa\/#organization"},"potentialAction":[{"@type":"SearchAction","target":{"@type":"EntryPoint","urlTemplate":"https:\/\/deliciaspersas.com\/fa\/?s={search_term_string}"},"query-input":{"@type":"PropertyValueSpecification","valueRequired":true,"valueName":"search_term_string"}}],"inLanguage":"fa-IR"},{"@type":"Organization","@id":"https:\/\/deliciaspersas.com\/fa\/#organization","name":"Delicias Persas","url":"https:\/\/deliciaspersas.com\/fa\/","logo":{"@type":"ImageObject","inLanguage":"fa-IR","@id":"https:\/\/deliciaspersas.com\/fa\/#\/schema\/logo\/image\/","url":"https:\/\/deliciaspersas.com\/wp-content\/uploads\/2020\/07\/logo-2020.png","contentUrl":"https:\/\/deliciaspersas.com\/wp-content\/uploads\/2020\/07\/logo-2020.png","width":520,"height":490,"caption":"Delicias Persas"},"image":{"@id":"https:\/\/deliciaspersas.com\/fa\/#\/schema\/logo\/image\/"},"sameAs":["https:\/\/www.facebook.com\/Deliciaspersas","https:\/\/www.instagram.com\/delicias_persas\/","https:\/\/www.linkedin.com\/delicias-persas"]}]}},"uagb_featured_image_src":{"full":["https:\/\/deliciaspersas.com\/wp-content\/uploads\/Baghela-khoshk.jpg",1000,1000,false],"thumbnail":["https:\/\/deliciaspersas.com\/wp-content\/uploads\/Baghela-khoshk-150x150.jpg",150,150,true],"medium":["https:\/\/deliciaspersas.com\/wp-content\/uploads\/Baghela-khoshk-300x300.jpg",300,300,true],"medium_large":["https:\/\/deliciaspersas.com\/wp-content\/uploads\/Baghela-khoshk-768x768.jpg",768,768,true],"large":["https:\/\/deliciaspersas.com\/wp-content\/uploads\/Baghela-khoshk.jpg",1000,1000,false],"1536x1536":["https:\/\/deliciaspersas.com\/wp-content\/uploads\/Baghela-khoshk.jpg",1000,1000,false],"2048x2048":["https:\/\/deliciaspersas.com\/wp-content\/uploads\/Baghela-khoshk.jpg",1000,1000,false],"woocommerce_thumbnail":["https:\/\/deliciaspersas.com\/wp-content\/uploads\/Baghela-khoshk-300x300.jpg",300,300,true],"woocommerce_single":["https:\/\/deliciaspersas.com\/wp-content\/uploads\/Baghela-khoshk-600x600.jpg",600,600,true],"woocommerce_gallery_thumbnail":["https:\/\/deliciaspersas.com\/wp-content\/uploads\/Baghela-khoshk-100x100.jpg",100,100,true]},"uagb_author_info":{"display_name":"admin","author_link":"https:\/\/deliciaspersas.com\/fa\/author\/"},"uagb_comment_info":0,"uagb_excerpt":"Seca de gorgojo del frijol de verde ( Baghela khoshk ) 400g Granel El temperamento del frijol es seco, fr\u00edo y seco. Es \u00fatil para limpiar el pecho y los pulmones y fortalecerlos. Alivia la tos. Los frijoles secos se utilizan para mejorar el poder sexual. Cura las heridas intestinales. Previene la producci\u00f3n de c\u00e1lculos&hellip;","brands":[{"id":113,"name":"Dayan","slug":"dayan-2"}],"_links":{"self":[{"href":"https:\/\/deliciaspersas.com\/fa\/wp-json\/wp\/v2\/product\/13555"}],"collection":[{"href":"https:\/\/deliciaspersas.com\/fa\/wp-json\/wp\/v2\/product"}],"about":[{"href":"https:\/\/deliciaspersas.com\/fa\/wp-json\/wp\/v2\/types\/product"}],"wp:featuredmedia":[{"embeddable":true,"href":"https:\/\/deliciaspersas.com\/fa\/wp-json\/wp\/v2\/media\/13556"}],"wp:attachment":[{"href":"https:\/\/deliciaspersas.com\/fa\/wp-json\/wp\/v2\/media?parent=13555"}],"wp:term":[{"taxonomy":"pwb-brand","embeddable":true,"href":"https:\/\/deliciaspersas.com\/fa\/wp-json\/wp\/v2\/pwb-brand?post=13555"},{"taxonomy":"product_cat","embeddable":true,"href":"https:\/\/deliciaspersas.com\/fa\/wp-json\/wp\/v2\/product_cat?post=13555"},{"taxonomy":"product_tag","embeddable":true,"href":"https:\/\/deliciaspersas.com\/fa\/wp-json\/wp\/v2\/product_tag?post=13555"}],"curies":[{"name":"wp","href":"https:\/\/api.w.org\/{rel}","templated":true}]}}