{"id":13712,"date":"2024-03-23T13:24:49","date_gmt":"2024-03-23T12:24:49","guid":{"rendered":"https:\/\/deliciaspersas.com\/?post_type=product&#038;p=13712"},"modified":"2025-04-15T11:42:21","modified_gmt":"2025-04-15T09:42:21","slug":"dulces-de-harina-de-garbanzos-con-coco-y-con-pistacho-shirini-nokhodchi-1200g-rayna","status":"publish","type":"product","link":"https:\/\/deliciaspersas.com\/fa\/tienda\/delicias-dulces\/dulces-de-harina-de-garbanzos-con-coco-y-con-pistacho-shirini-nokhodchi-1200g-rayna\/","title":{"rendered":"Dulces de Harina De Garbanzos con coco y con pistacho &#8211; Shirini Nokhodchi  1200g- Rayna"},"content":{"rendered":"<h1>Dulces de Harina De Garbanzos con coco y con pistacho &#8211; Shirini Nokhodchi 1200g- Rayna<\/h1>\n<h6>Informaci\u00f3n del producto:<\/h6>\n<p>Bollos o dulces hechos con harina de garbanzo. Las proporciones de los nutrientes de los bollos pueden variar seg\u00fan el tipo y la cantidad del alimento, adem\u00e1s de otros factores que puedan intervenir en la modificaci\u00f3n de sus nutrientes. Recuerda que seg\u00fan la preparaci\u00f3n del bollo, pueden variar sus propiedades y caracter\u00edsticas nutricionales.<\/p>\n<h6>Curiosidades:<\/h6>\n<p>El origen de las galletas y los dulces secos est\u00e1 relacionado con la historia del az\u00facar, imprescindible para darle esta denominaci\u00f3n a la pasta horneada que se hace de harina, mantequilla y az\u00facar, o de harina de trigo, huevo y az\u00facar.<\/p>\n<p>Una vez horneadas, las galletas poseen una gran duraci\u00f3n y son un recurso muy alimenticio durante los viajes.<\/p>\n<p>Las\u00a0primera menci\u00f3n de la historia sobre las galletas\u00a0proceden del\u00a0Imperio Persa.<\/p>\n<p>Los soldados de Dar\u00edo, descubren el az\u00facar a orillas del r\u00edo Indo, durante una de sus expediciones de conquista, de una planta \u201cque produce miel sin la ayuda de las abejas\u201d, hacia el a\u00f1o 500 a.C.<\/p>\n<p>Los persas aprendieron a evaporar el jugo de la ca\u00f1a de az\u00facar\u00a0en la India. Los\u00a0chinos\u00a0har\u00edan lo mismo m\u00e1s tarde, en el siglo II a.C. En las cortes de China y Persia se consum\u00edan pasteles y galletas de celebrada calidad.<\/p>\n<p>Los griegos, que no conoc\u00edan el az\u00facar, tampoco conoc\u00edan las galletas, y en los viajes llevaban pan \u00e1cimo, que es una simple masa cocida de harina de cereal y agua que era habitual en los morrales de la Antig\u00fcedad y en la Edad Media.<\/p>\n<p>Alejandro Magno, extendi\u00f3 el conocimiento del az\u00facar por todo el Mediterr\u00e1neo a partir del\u00a0siglo IV a.C., pero no su cultivo. \u00c9ste llegar\u00eda con los \u00e1rabes despu\u00e9s de la conquista de la Pen\u00ednsula Ib\u00e9rica en el siglo VIII, as\u00ed como la\u00a0fabricaci\u00f3n de pasteles y galletas dulces.<\/p>\n<p>As\u00ed que de all\u00ed nos han heredado los pasteles y los dulces secos.<\/p>\n<h6>Ingredientes:<\/h6>\n<p>Dulce de garbanzos 500 g Pamir. Az\u00facar, harina de garbanzo, levadura y derivados y pistachos<\/p>\n<h6>Usos:<\/h6>\n<p>Estos pasteles son el acompa\u00f1ante perfecto para t\u00e9s, diferentes infuciones y para consumirlos en la merienda.<\/p>\n<h6>Condiciones de conservaci\u00f3n:<\/h6>\n<p>Conservar en un lugar fresco, seco y protegido de la luz.<\/p>\n<p>&nbsp;<\/p>\n","protected":false},"excerpt":{"rendered":"<p>Dulces de Harina De Garbanzos con coco y con pistacho &#8211; Shirini Nokhodchi 1200g- Rayna Informaci\u00f3n del producto: Bollos o dulces hechos con harina de garbanzo. Las proporciones de los nutrientes de los bollos pueden variar seg\u00fan el tipo y la cantidad del alimento, adem\u00e1s de otros factores que puedan intervenir en la modificaci\u00f3n de [&hellip;]<\/p>\n","protected":false},"featured_media":13713,"template":"","meta":{"_surecart_dashboard_logo_width":"180px","_surecart_dashboard_show_logo":true,"_surecart_dashboard_navigation_orders":true,"_surecart_dashboard_navigation_invoices":true,"_surecart_dashboard_navigation_subscriptions":true,"_surecart_dashboard_navigation_downloads":true,"_surecart_dashboard_navigation_billing":true,"_surecart_dashboard_navigation_account":true,"_uag_custom_page_level_css":"","site-sidebar-layout":"default","site-content-layout":"","ast-site-content-layout":"default","site-content-style":"default","site-sidebar-style":"default","ast-global-header-display":"","ast-banner-title-visibility":"","ast-main-header-display":"","ast-hfb-above-header-display":"","ast-hfb-below-header-display":"","ast-hfb-mobile-header-display":"","site-post-title":"","ast-breadcrumbs-content":"","ast-featured-img":"","footer-sml-layout":"","theme-transparent-header-meta":"default","adv-header-id-meta":"","stick-header-meta":"","header-above-stick-meta":"","header-main-stick-meta":"","header-below-stick-meta":"","astra-migrate-meta-layouts":"set","ast-page-background-enabled":"default","ast-page-background-meta":{"desktop":{"background-color":"","background-image":"","background-repeat":"repeat","background-position":"center center","background-size":"auto","background-attachment":"scroll","background-type":"","background-media":"","overlay-type":"","overlay-color":"","overlay-opacity":"","overlay-gradient":""},"tablet":{"background-color":"","background-image":"","background-repeat":"repeat","background-position":"center center","background-size":"auto","background-attachment":"scroll","background-type":"","background-media":"","overlay-type":"","overlay-color":"","overlay-opacity":"","overlay-gradient":""},"mobile":{"background-color":"","background-image":"","background-repeat":"repeat","background-position":"center center","background-size":"auto","background-attachment":"scroll","background-type":"","background-media":"","overlay-type":"","overlay-color":"","overlay-opacity":"","overlay-gradient":""}},"ast-content-background-meta":{"desktop":{"background-color":"var(--ast-global-color-5)","background-image":"","background-repeat":"repeat","background-position":"center center","background-size":"auto","background-attachment":"scroll","background-type":"","background-media":"","overlay-type":"","overlay-color":"","overlay-opacity":"","overlay-gradient":""},"tablet":{"background-color":"var(--ast-global-color-5)","background-image":"","background-repeat":"repeat","background-position":"center center","background-size":"auto","background-attachment":"scroll","background-type":"","background-media":"","overlay-type":"","overlay-color":"","overlay-opacity":"","overlay-gradient":""},"mobile":{"background-color":"var(--ast-global-color-5)","background-image":"","background-repeat":"repeat","background-position":"center center","background-size":"auto","background-attachment":"scroll","background-type":"","background-media":"","overlay-type":"","overlay-color":"","overlay-opacity":"","overlay-gradient":""}}},"pwb-brand":[194],"product_cat":[31,106],"product_tag":[649,764,619,1335,679,1336,292],"class_list":{"0":"post-13712","1":"product","2":"type-product","3":"status-publish","4":"has-post-thumbnail","6":"pwb-brand-rayna","7":"product_cat-delicias-dulces","8":"product_cat-nuevos-productos","9":"product_tag-coco","10":"product_tag-dulce","11":"product_tag-garbanzos","12":"product_tag-harina-de-garbanzos","13":"product_tag-pistacho","14":"product_tag-shirini-nokhodchi","15":"product_tag-292","16":"desktop-align-center","17":"tablet-align-center","18":"mobile-align-center","20":"first","21":"outofstock","22":"taxable","23":"shipping-taxable","24":"purchasable","25":"product-type-simple"},"yoast_head":"<!-- This site is optimized with the Yoast SEO plugin v23.6 - https:\/\/yoast.com\/wordpress\/plugins\/seo\/ -->\n<title>Dulces de Harina De Garbanzos con coco y con pistacho - Shirini Nokhodchi 1200g- Rayna - Delicias Persas<\/title>\n<meta name=\"robots\" content=\"index, follow, max-snippet:-1, max-image-preview:large, max-video-preview:-1\" \/>\n<link rel=\"canonical\" href=\"https:\/\/deliciaspersas.com\/fa\/tienda\/delicias-dulces\/dulces-de-harina-de-garbanzos-con-coco-y-con-pistacho-shirini-nokhodchi-1200g-rayna\/\" \/>\n<meta property=\"og:locale\" content=\"fa_IR\" \/>\n<meta property=\"og:type\" content=\"article\" \/>\n<meta property=\"og:title\" content=\"Dulces de Harina De Garbanzos con coco y con pistacho - Shirini Nokhodchi 1200g- Rayna - Delicias Persas\" \/>\n<meta property=\"og:description\" content=\"Dulces de Harina De Garbanzos con coco y con pistacho &#8211; Shirini Nokhodchi 1200g- Rayna Informaci\u00f3n del producto: Bollos o dulces hechos con harina de garbanzo. Las proporciones de los nutrientes de los bollos pueden variar seg\u00fan el tipo y la cantidad del alimento, adem\u00e1s de otros factores que puedan intervenir en la modificaci\u00f3n de [&hellip;]\" \/>\n<meta property=\"og:url\" content=\"https:\/\/deliciaspersas.com\/fa\/tienda\/delicias-dulces\/dulces-de-harina-de-garbanzos-con-coco-y-con-pistacho-shirini-nokhodchi-1200g-rayna\/\" \/>\n<meta property=\"og:site_name\" content=\"Delicias Persas\" \/>\n<meta property=\"article:publisher\" content=\"https:\/\/www.facebook.com\/Deliciaspersas\" \/>\n<meta property=\"article:modified_time\" content=\"2025-04-15T09:42:21+00:00\" \/>\n<meta property=\"og:image\" content=\"https:\/\/deliciaspersas.com\/wp-content\/uploads\/Nokhod-chi-cover.jpg\" \/>\n\t<meta property=\"og:image:width\" content=\"1080\" \/>\n\t<meta property=\"og:image:height\" content=\"1080\" \/>\n\t<meta property=\"og:image:type\" content=\"image\/jpeg\" \/>\n<meta name=\"twitter:card\" content=\"summary_large_image\" \/>\n<meta name=\"twitter:label1\" content=\"\u0632\u0645\u0627\u0646 \u062a\u0642\u0631\u06cc\u0628\u06cc \u0628\u0631\u0627\u06cc \u062e\u0648\u0627\u0646\u062f\u0646\" \/>\n\t<meta name=\"twitter:data1\" content=\"2 \u062f\u0642\u06cc\u0642\u0647\" \/>\n<script type=\"application\/ld+json\" class=\"yoast-schema-graph\">{\"@context\":\"https:\/\/schema.org\",\"@graph\":[{\"@type\":\"WebPage\",\"@id\":\"https:\/\/deliciaspersas.com\/fa\/tienda\/delicias-dulces\/dulces-de-harina-de-garbanzos-con-coco-y-con-pistacho-shirini-nokhodchi-1200g-rayna\/\",\"url\":\"https:\/\/deliciaspersas.com\/fa\/tienda\/delicias-dulces\/dulces-de-harina-de-garbanzos-con-coco-y-con-pistacho-shirini-nokhodchi-1200g-rayna\/\",\"name\":\"Dulces de Harina De Garbanzos con coco y con pistacho - Shirini Nokhodchi 1200g- Rayna - Delicias Persas\",\"isPartOf\":{\"@id\":\"https:\/\/deliciaspersas.com\/fa\/#website\"},\"primaryImageOfPage\":{\"@id\":\"https:\/\/deliciaspersas.com\/fa\/tienda\/delicias-dulces\/dulces-de-harina-de-garbanzos-con-coco-y-con-pistacho-shirini-nokhodchi-1200g-rayna\/#primaryimage\"},\"image\":{\"@id\":\"https:\/\/deliciaspersas.com\/fa\/tienda\/delicias-dulces\/dulces-de-harina-de-garbanzos-con-coco-y-con-pistacho-shirini-nokhodchi-1200g-rayna\/#primaryimage\"},\"thumbnailUrl\":\"https:\/\/deliciaspersas.com\/wp-content\/uploads\/Nokhod-chi-cover.jpg\",\"datePublished\":\"2024-03-23T12:24:49+00:00\",\"dateModified\":\"2025-04-15T09:42:21+00:00\",\"breadcrumb\":{\"@id\":\"https:\/\/deliciaspersas.com\/fa\/tienda\/delicias-dulces\/dulces-de-harina-de-garbanzos-con-coco-y-con-pistacho-shirini-nokhodchi-1200g-rayna\/#breadcrumb\"},\"inLanguage\":\"fa-IR\",\"potentialAction\":[{\"@type\":\"ReadAction\",\"target\":[\"https:\/\/deliciaspersas.com\/fa\/tienda\/delicias-dulces\/dulces-de-harina-de-garbanzos-con-coco-y-con-pistacho-shirini-nokhodchi-1200g-rayna\/\"]}]},{\"@type\":\"ImageObject\",\"inLanguage\":\"fa-IR\",\"@id\":\"https:\/\/deliciaspersas.com\/fa\/tienda\/delicias-dulces\/dulces-de-harina-de-garbanzos-con-coco-y-con-pistacho-shirini-nokhodchi-1200g-rayna\/#primaryimage\",\"url\":\"https:\/\/deliciaspersas.com\/wp-content\/uploads\/Nokhod-chi-cover.jpg\",\"contentUrl\":\"https:\/\/deliciaspersas.com\/wp-content\/uploads\/Nokhod-chi-cover.jpg\",\"width\":1080,\"height\":1080},{\"@type\":\"BreadcrumbList\",\"@id\":\"https:\/\/deliciaspersas.com\/fa\/tienda\/delicias-dulces\/dulces-de-harina-de-garbanzos-con-coco-y-con-pistacho-shirini-nokhodchi-1200g-rayna\/#breadcrumb\",\"itemListElement\":[{\"@type\":\"ListItem\",\"position\":1,\"name\":\"Portada\",\"item\":\"https:\/\/deliciaspersas.com\/fa\/\"},{\"@type\":\"ListItem\",\"position\":2,\"name\":\"Tienda\",\"item\":\"https:\/\/deliciaspersas.com\/\"},{\"@type\":\"ListItem\",\"position\":3,\"name\":\"Dulces de Harina De Garbanzos con coco y con pistacho &#8211; Shirini Nokhodchi 1200g- Rayna\"}]},{\"@type\":\"WebSite\",\"@id\":\"https:\/\/deliciaspersas.com\/fa\/#website\",\"url\":\"https:\/\/deliciaspersas.com\/fa\/\",\"name\":\"Delicias Persas\",\"description\":\"Gastronom&iacute;a persa al alcance de tus manos\",\"publisher\":{\"@id\":\"https:\/\/deliciaspersas.com\/fa\/#organization\"},\"potentialAction\":[{\"@type\":\"SearchAction\",\"target\":{\"@type\":\"EntryPoint\",\"urlTemplate\":\"https:\/\/deliciaspersas.com\/fa\/?s={search_term_string}\"},\"query-input\":{\"@type\":\"PropertyValueSpecification\",\"valueRequired\":true,\"valueName\":\"search_term_string\"}}],\"inLanguage\":\"fa-IR\"},{\"@type\":\"Organization\",\"@id\":\"https:\/\/deliciaspersas.com\/fa\/#organization\",\"name\":\"Delicias Persas\",\"url\":\"https:\/\/deliciaspersas.com\/fa\/\",\"logo\":{\"@type\":\"ImageObject\",\"inLanguage\":\"fa-IR\",\"@id\":\"https:\/\/deliciaspersas.com\/fa\/#\/schema\/logo\/image\/\",\"url\":\"https:\/\/deliciaspersas.com\/wp-content\/uploads\/2020\/07\/logo-2020.png\",\"contentUrl\":\"https:\/\/deliciaspersas.com\/wp-content\/uploads\/2020\/07\/logo-2020.png\",\"width\":520,\"height\":490,\"caption\":\"Delicias Persas\"},\"image\":{\"@id\":\"https:\/\/deliciaspersas.com\/fa\/#\/schema\/logo\/image\/\"},\"sameAs\":[\"https:\/\/www.facebook.com\/Deliciaspersas\",\"https:\/\/www.instagram.com\/delicias_persas\/\",\"https:\/\/www.linkedin.com\/delicias-persas\"]}]}<\/script>\n<!-- \/ Yoast SEO plugin. -->","yoast_head_json":{"title":"Dulces de Harina De Garbanzos con coco y con pistacho - Shirini Nokhodchi 1200g- Rayna - Delicias Persas","robots":{"index":"index","follow":"follow","max-snippet":"max-snippet:-1","max-image-preview":"max-image-preview:large","max-video-preview":"max-video-preview:-1"},"canonical":"https:\/\/deliciaspersas.com\/fa\/tienda\/delicias-dulces\/dulces-de-harina-de-garbanzos-con-coco-y-con-pistacho-shirini-nokhodchi-1200g-rayna\/","og_locale":"fa_IR","og_type":"article","og_title":"Dulces de Harina De Garbanzos con coco y con pistacho - Shirini Nokhodchi 1200g- Rayna - Delicias Persas","og_description":"Dulces de Harina De Garbanzos con coco y con pistacho &#8211; Shirini Nokhodchi 1200g- Rayna Informaci\u00f3n del producto: Bollos o dulces hechos con harina de garbanzo. Las proporciones de los nutrientes de los bollos pueden variar seg\u00fan el tipo y la cantidad del alimento, adem\u00e1s de otros factores que puedan intervenir en la modificaci\u00f3n de [&hellip;]","og_url":"https:\/\/deliciaspersas.com\/fa\/tienda\/delicias-dulces\/dulces-de-harina-de-garbanzos-con-coco-y-con-pistacho-shirini-nokhodchi-1200g-rayna\/","og_site_name":"Delicias Persas","article_publisher":"https:\/\/www.facebook.com\/Deliciaspersas","article_modified_time":"2025-04-15T09:42:21+00:00","og_image":[{"width":1080,"height":1080,"url":"https:\/\/deliciaspersas.com\/wp-content\/uploads\/Nokhod-chi-cover.jpg","type":"image\/jpeg"}],"twitter_card":"summary_large_image","twitter_misc":{"\u0632\u0645\u0627\u0646 \u062a\u0642\u0631\u06cc\u0628\u06cc \u0628\u0631\u0627\u06cc \u062e\u0648\u0627\u0646\u062f\u0646":"2 \u062f\u0642\u06cc\u0642\u0647"},"schema":{"@context":"https:\/\/schema.org","@graph":[{"@type":"WebPage","@id":"https:\/\/deliciaspersas.com\/fa\/tienda\/delicias-dulces\/dulces-de-harina-de-garbanzos-con-coco-y-con-pistacho-shirini-nokhodchi-1200g-rayna\/","url":"https:\/\/deliciaspersas.com\/fa\/tienda\/delicias-dulces\/dulces-de-harina-de-garbanzos-con-coco-y-con-pistacho-shirini-nokhodchi-1200g-rayna\/","name":"Dulces de Harina De Garbanzos con coco y con pistacho - Shirini Nokhodchi 1200g- Rayna - Delicias Persas","isPartOf":{"@id":"https:\/\/deliciaspersas.com\/fa\/#website"},"primaryImageOfPage":{"@id":"https:\/\/deliciaspersas.com\/fa\/tienda\/delicias-dulces\/dulces-de-harina-de-garbanzos-con-coco-y-con-pistacho-shirini-nokhodchi-1200g-rayna\/#primaryimage"},"image":{"@id":"https:\/\/deliciaspersas.com\/fa\/tienda\/delicias-dulces\/dulces-de-harina-de-garbanzos-con-coco-y-con-pistacho-shirini-nokhodchi-1200g-rayna\/#primaryimage"},"thumbnailUrl":"https:\/\/deliciaspersas.com\/wp-content\/uploads\/Nokhod-chi-cover.jpg","datePublished":"2024-03-23T12:24:49+00:00","dateModified":"2025-04-15T09:42:21+00:00","breadcrumb":{"@id":"https:\/\/deliciaspersas.com\/fa\/tienda\/delicias-dulces\/dulces-de-harina-de-garbanzos-con-coco-y-con-pistacho-shirini-nokhodchi-1200g-rayna\/#breadcrumb"},"inLanguage":"fa-IR","potentialAction":[{"@type":"ReadAction","target":["https:\/\/deliciaspersas.com\/fa\/tienda\/delicias-dulces\/dulces-de-harina-de-garbanzos-con-coco-y-con-pistacho-shirini-nokhodchi-1200g-rayna\/"]}]},{"@type":"ImageObject","inLanguage":"fa-IR","@id":"https:\/\/deliciaspersas.com\/fa\/tienda\/delicias-dulces\/dulces-de-harina-de-garbanzos-con-coco-y-con-pistacho-shirini-nokhodchi-1200g-rayna\/#primaryimage","url":"https:\/\/deliciaspersas.com\/wp-content\/uploads\/Nokhod-chi-cover.jpg","contentUrl":"https:\/\/deliciaspersas.com\/wp-content\/uploads\/Nokhod-chi-cover.jpg","width":1080,"height":1080},{"@type":"BreadcrumbList","@id":"https:\/\/deliciaspersas.com\/fa\/tienda\/delicias-dulces\/dulces-de-harina-de-garbanzos-con-coco-y-con-pistacho-shirini-nokhodchi-1200g-rayna\/#breadcrumb","itemListElement":[{"@type":"ListItem","position":1,"name":"Portada","item":"https:\/\/deliciaspersas.com\/fa\/"},{"@type":"ListItem","position":2,"name":"Tienda","item":"https:\/\/deliciaspersas.com\/"},{"@type":"ListItem","position":3,"name":"Dulces de Harina De Garbanzos con coco y con pistacho &#8211; Shirini Nokhodchi 1200g- Rayna"}]},{"@type":"WebSite","@id":"https:\/\/deliciaspersas.com\/fa\/#website","url":"https:\/\/deliciaspersas.com\/fa\/","name":"Delicias Persas","description":"Gastronom&iacute;a persa al alcance de tus manos","publisher":{"@id":"https:\/\/deliciaspersas.com\/fa\/#organization"},"potentialAction":[{"@type":"SearchAction","target":{"@type":"EntryPoint","urlTemplate":"https:\/\/deliciaspersas.com\/fa\/?s={search_term_string}"},"query-input":{"@type":"PropertyValueSpecification","valueRequired":true,"valueName":"search_term_string"}}],"inLanguage":"fa-IR"},{"@type":"Organization","@id":"https:\/\/deliciaspersas.com\/fa\/#organization","name":"Delicias Persas","url":"https:\/\/deliciaspersas.com\/fa\/","logo":{"@type":"ImageObject","inLanguage":"fa-IR","@id":"https:\/\/deliciaspersas.com\/fa\/#\/schema\/logo\/image\/","url":"https:\/\/deliciaspersas.com\/wp-content\/uploads\/2020\/07\/logo-2020.png","contentUrl":"https:\/\/deliciaspersas.com\/wp-content\/uploads\/2020\/07\/logo-2020.png","width":520,"height":490,"caption":"Delicias Persas"},"image":{"@id":"https:\/\/deliciaspersas.com\/fa\/#\/schema\/logo\/image\/"},"sameAs":["https:\/\/www.facebook.com\/Deliciaspersas","https:\/\/www.instagram.com\/delicias_persas\/","https:\/\/www.linkedin.com\/delicias-persas"]}]}},"uagb_featured_image_src":{"full":["https:\/\/deliciaspersas.com\/wp-content\/uploads\/Nokhod-chi-cover.jpg",1080,1080,false],"thumbnail":["https:\/\/deliciaspersas.com\/wp-content\/uploads\/Nokhod-chi-cover-150x150.jpg",150,150,true],"medium":["https:\/\/deliciaspersas.com\/wp-content\/uploads\/Nokhod-chi-cover-300x300.jpg",300,300,true],"medium_large":["https:\/\/deliciaspersas.com\/wp-content\/uploads\/Nokhod-chi-cover-768x768.jpg",768,768,true],"large":["https:\/\/deliciaspersas.com\/wp-content\/uploads\/Nokhod-chi-cover-1024x1024.jpg",1024,1024,true],"1536x1536":["https:\/\/deliciaspersas.com\/wp-content\/uploads\/Nokhod-chi-cover.jpg",1080,1080,false],"2048x2048":["https:\/\/deliciaspersas.com\/wp-content\/uploads\/Nokhod-chi-cover.jpg",1080,1080,false],"woocommerce_thumbnail":["https:\/\/deliciaspersas.com\/wp-content\/uploads\/Nokhod-chi-cover-300x300.jpg",300,300,true],"woocommerce_single":["https:\/\/deliciaspersas.com\/wp-content\/uploads\/Nokhod-chi-cover-600x600.jpg",600,600,true],"woocommerce_gallery_thumbnail":["https:\/\/deliciaspersas.com\/wp-content\/uploads\/Nokhod-chi-cover-100x100.jpg",100,100,true]},"uagb_author_info":{"display_name":"admin","author_link":"https:\/\/deliciaspersas.com\/fa\/author\/"},"uagb_comment_info":0,"uagb_excerpt":"Dulces de Harina De Garbanzos con coco y con pistacho &#8211; Shirini Nokhodchi 1200g- Rayna Informaci\u00f3n del producto: Bollos o dulces hechos con harina de garbanzo. Las proporciones de los nutrientes de los bollos pueden variar seg\u00fan el tipo y la cantidad del alimento, adem\u00e1s de otros factores que puedan intervenir en la modificaci\u00f3n de&hellip;","brands":[{"id":194,"name":"Rayna","slug":"rayna"}],"_links":{"self":[{"href":"https:\/\/deliciaspersas.com\/fa\/wp-json\/wp\/v2\/product\/13712"}],"collection":[{"href":"https:\/\/deliciaspersas.com\/fa\/wp-json\/wp\/v2\/product"}],"about":[{"href":"https:\/\/deliciaspersas.com\/fa\/wp-json\/wp\/v2\/types\/product"}],"wp:featuredmedia":[{"embeddable":true,"href":"https:\/\/deliciaspersas.com\/fa\/wp-json\/wp\/v2\/media\/13713"}],"wp:attachment":[{"href":"https:\/\/deliciaspersas.com\/fa\/wp-json\/wp\/v2\/media?parent=13712"}],"wp:term":[{"taxonomy":"pwb-brand","embeddable":true,"href":"https:\/\/deliciaspersas.com\/fa\/wp-json\/wp\/v2\/pwb-brand?post=13712"},{"taxonomy":"product_cat","embeddable":true,"href":"https:\/\/deliciaspersas.com\/fa\/wp-json\/wp\/v2\/product_cat?post=13712"},{"taxonomy":"product_tag","embeddable":true,"href":"https:\/\/deliciaspersas.com\/fa\/wp-json\/wp\/v2\/product_tag?post=13712"}],"curies":[{"name":"wp","href":"https:\/\/api.w.org\/{rel}","templated":true}]}}