{"id":13723,"date":"2024-03-26T10:51:24","date_gmt":"2024-03-26T09:51:24","guid":{"rendered":"https:\/\/deliciaspersas.com\/?post_type=product&#038;p=13723"},"modified":"2025-04-11T20:10:28","modified_gmt":"2025-04-11T18:10:28","slug":"fruta-confitada-de-arandanos-lavashak-zoghal-akhteh-60g-galin","status":"publish","type":"product","link":"https:\/\/deliciaspersas.com\/fa\/tienda\/frutas\/fruta-confitada-de-arandanos-lavashak-zoghal-akhteh-60g-galin\/","title":{"rendered":"Fruta confitada de ar\u00e1ndanos (Lavashak zoghal akhteh) 60g Galin"},"content":{"rendered":"<h1>Fruta confitada de ar\u00e1ndanos (Lavashak zoghal akhteh) 60g Galin<\/h1>\n<p>El aciano o carb\u00f3n (nombre cient\u00edfico: Cornus mas) es un arbusto alto o un peque\u00f1o \u00e1rbol caducifolio (embalse) de la familia de las plantas con flores dicotiled\u00f3neas y del g\u00e9nero Cornus, cuyo \u00e1rbol alcanza una altura de 2 a 3 metros y un di\u00e1metro de 15 a 19 cm en Ir\u00e1n. Esta planta es originaria de Asia occidental hasta el sur de Europa (Ir\u00e1n, Azerbaiy\u00e1n, Armenia, suroeste de Asia y sur de Europa). Su fruto tambi\u00e9n se llama ar\u00e1ndano o carb\u00f3n.<\/p>\n<p>La corteza del tronco de este \u00e1rbol es marr\u00f3n y sus hojas tienen forma de huevo con el margen liso y el extremo puntiagudo y el dorso p\u00e1lido. Cada hoja tiene de tres a cinco venas. Las flores del ar\u00e1ndano son peque\u00f1as, amarillas y tempranas y aparecen en el \u00e1rbol al final del invierno. El fruto de ese eje es colgante y alargado de forma ovalada, de color rojo oscuro y de aproximadamente 15 a 20 mm de largo. En Ir\u00e1n, este \u00e1rbol se encuentra en el oeste de Alamut (Qazvin) en los pueblos de Hir, Sogah, Darband, Talatar, Perchkoh, Fashk, Reshkin, Kostin, Rohabad, Parroud, Imamzadeh Haroun y otros pueblos de Qazvin, como Esfistan, Match Field, Zajkan Alia, Yuzbashi Chai y algunos otros pueblos de Arsbaran (Kalibar, Horand, Khodaafrin, Kalalaq, Khosrow Khane, Dere Si Castle, Jananlu, Mardanqum, Chaikandi y otras zonas de Arsbaran).<\/p>\n<p>La fruta del ar\u00e1ndano tiene un sabor amargo. La compota y la mermelada se elaboran a partir del fruto maduro de esta planta, o se consume como fruto seco, como las cerezas secas.<\/p>\n","protected":false},"excerpt":{"rendered":"<p>Fruta confitada de ar\u00e1ndanos (Lavashak zoghal akhteh) 60g Galin El aciano o carb\u00f3n (nombre cient\u00edfico: Cornus mas) es un arbusto alto o un peque\u00f1o \u00e1rbol caducifolio (embalse) de la familia de las plantas con flores dicotiled\u00f3neas y del g\u00e9nero Cornus, cuyo \u00e1rbol alcanza una altura de 2 a 3 metros y un di\u00e1metro de 15 [&hellip;]<\/p>\n","protected":false},"featured_media":13724,"template":"","meta":{"_surecart_dashboard_logo_width":"180px","_surecart_dashboard_show_logo":true,"_surecart_dashboard_navigation_orders":true,"_surecart_dashboard_navigation_invoices":true,"_surecart_dashboard_navigation_subscriptions":true,"_surecart_dashboard_navigation_downloads":true,"_surecart_dashboard_navigation_billing":true,"_surecart_dashboard_navigation_account":true,"_uag_custom_page_level_css":"","site-sidebar-layout":"default","site-content-layout":"","ast-site-content-layout":"default","site-content-style":"default","site-sidebar-style":"default","ast-global-header-display":"","ast-banner-title-visibility":"","ast-main-header-display":"","ast-hfb-above-header-display":"","ast-hfb-below-header-display":"","ast-hfb-mobile-header-display":"","site-post-title":"","ast-breadcrumbs-content":"","ast-featured-img":"","footer-sml-layout":"","theme-transparent-header-meta":"default","adv-header-id-meta":"","stick-header-meta":"","header-above-stick-meta":"","header-main-stick-meta":"","header-below-stick-meta":"","astra-migrate-meta-layouts":"set","ast-page-background-enabled":"default","ast-page-background-meta":{"desktop":{"background-color":"","background-image":"","background-repeat":"repeat","background-position":"center center","background-size":"auto","background-attachment":"scroll","background-type":"","background-media":"","overlay-type":"","overlay-color":"","overlay-opacity":"","overlay-gradient":""},"tablet":{"background-color":"","background-image":"","background-repeat":"repeat","background-position":"center center","background-size":"auto","background-attachment":"scroll","background-type":"","background-media":"","overlay-type":"","overlay-color":"","overlay-opacity":"","overlay-gradient":""},"mobile":{"background-color":"","background-image":"","background-repeat":"repeat","background-position":"center center","background-size":"auto","background-attachment":"scroll","background-type":"","background-media":"","overlay-type":"","overlay-color":"","overlay-opacity":"","overlay-gradient":""}},"ast-content-background-meta":{"desktop":{"background-color":"var(--ast-global-color-5)","background-image":"","background-repeat":"repeat","background-position":"center center","background-size":"auto","background-attachment":"scroll","background-type":"","background-media":"","overlay-type":"","overlay-color":"","overlay-opacity":"","overlay-gradient":""},"tablet":{"background-color":"var(--ast-global-color-5)","background-image":"","background-repeat":"repeat","background-position":"center center","background-size":"auto","background-attachment":"scroll","background-type":"","background-media":"","overlay-type":"","overlay-color":"","overlay-opacity":"","overlay-gradient":""},"mobile":{"background-color":"var(--ast-global-color-5)","background-image":"","background-repeat":"repeat","background-position":"center center","background-size":"auto","background-attachment":"scroll","background-type":"","background-media":"","overlay-type":"","overlay-color":"","overlay-opacity":"","overlay-gradient":""}}},"pwb-brand":[1337],"product_cat":[38,33],"product_tag":[1339,887,1340,1177,1338,897,369],"class_list":{"0":"post-13723","1":"product","2":"type-product","3":"status-publish","4":"has-post-thumbnail","6":"pwb-brand-galin","7":"product_cat-encurtidos","8":"product_cat-frutas","9":"product_tag-arandanos","10":"product_tag-fruta-confitada","11":"product_tag-galin","12":"product_tag-lavashak","13":"product_tag-zoghal-akhteh","14":"product_tag-897","15":"product_tag-369","16":"desktop-align-center","17":"tablet-align-center","18":"mobile-align-center","20":"first","21":"outofstock","22":"taxable","23":"shipping-taxable","24":"purchasable","25":"product-type-simple"},"yoast_head":"<!-- This site is optimized with the Yoast SEO plugin v23.6 - https:\/\/yoast.com\/wordpress\/plugins\/seo\/ -->\n<title>Fruta confitada de ar\u00e1ndanos (Lavashak zoghal akhteh) 60g Galin - Delicias Persas<\/title>\n<meta name=\"robots\" content=\"index, follow, max-snippet:-1, max-image-preview:large, max-video-preview:-1\" \/>\n<link rel=\"canonical\" href=\"https:\/\/deliciaspersas.com\/fa\/tienda\/frutas\/fruta-confitada-de-arandanos-lavashak-zoghal-akhteh-60g-galin\/\" \/>\n<meta property=\"og:locale\" content=\"fa_IR\" \/>\n<meta property=\"og:type\" content=\"article\" \/>\n<meta property=\"og:title\" content=\"Fruta confitada de ar\u00e1ndanos (Lavashak zoghal akhteh) 60g Galin - Delicias Persas\" \/>\n<meta property=\"og:description\" content=\"Fruta confitada de ar\u00e1ndanos (Lavashak zoghal akhteh) 60g Galin El aciano o carb\u00f3n (nombre cient\u00edfico: Cornus mas) es un arbusto alto o un peque\u00f1o \u00e1rbol caducifolio (embalse) de la familia de las plantas con flores dicotiled\u00f3neas y del g\u00e9nero Cornus, cuyo \u00e1rbol alcanza una altura de 2 a 3 metros y un di\u00e1metro de 15 [&hellip;]\" \/>\n<meta property=\"og:url\" content=\"https:\/\/deliciaspersas.com\/fa\/tienda\/frutas\/fruta-confitada-de-arandanos-lavashak-zoghal-akhteh-60g-galin\/\" \/>\n<meta property=\"og:site_name\" content=\"Delicias Persas\" \/>\n<meta property=\"article:publisher\" content=\"https:\/\/www.facebook.com\/Deliciaspersas\" \/>\n<meta property=\"article:modified_time\" content=\"2025-04-11T18:10:28+00:00\" \/>\n<meta property=\"og:image\" content=\"https:\/\/deliciaspersas.com\/wp-content\/uploads\/Lavashak-zoghal-akhteh-Dayan.jpg\" \/>\n\t<meta property=\"og:image:width\" content=\"1200\" \/>\n\t<meta property=\"og:image:height\" content=\"1200\" \/>\n\t<meta property=\"og:image:type\" content=\"image\/jpeg\" \/>\n<meta name=\"twitter:card\" content=\"summary_large_image\" \/>\n<meta name=\"twitter:label1\" content=\"\u0632\u0645\u0627\u0646 \u062a\u0642\u0631\u06cc\u0628\u06cc \u0628\u0631\u0627\u06cc \u062e\u0648\u0627\u0646\u062f\u0646\" \/>\n\t<meta name=\"twitter:data1\" content=\"2 \u062f\u0642\u06cc\u0642\u0647\" \/>\n<script type=\"application\/ld+json\" class=\"yoast-schema-graph\">{\"@context\":\"https:\/\/schema.org\",\"@graph\":[{\"@type\":\"WebPage\",\"@id\":\"https:\/\/deliciaspersas.com\/fa\/tienda\/frutas\/fruta-confitada-de-arandanos-lavashak-zoghal-akhteh-60g-galin\/\",\"url\":\"https:\/\/deliciaspersas.com\/fa\/tienda\/frutas\/fruta-confitada-de-arandanos-lavashak-zoghal-akhteh-60g-galin\/\",\"name\":\"Fruta confitada de ar\u00e1ndanos (Lavashak zoghal akhteh) 60g Galin - Delicias Persas\",\"isPartOf\":{\"@id\":\"https:\/\/deliciaspersas.com\/fa\/#website\"},\"primaryImageOfPage\":{\"@id\":\"https:\/\/deliciaspersas.com\/fa\/tienda\/frutas\/fruta-confitada-de-arandanos-lavashak-zoghal-akhteh-60g-galin\/#primaryimage\"},\"image\":{\"@id\":\"https:\/\/deliciaspersas.com\/fa\/tienda\/frutas\/fruta-confitada-de-arandanos-lavashak-zoghal-akhteh-60g-galin\/#primaryimage\"},\"thumbnailUrl\":\"https:\/\/deliciaspersas.com\/wp-content\/uploads\/Lavashak-zoghal-akhteh-Dayan.jpg\",\"datePublished\":\"2024-03-26T09:51:24+00:00\",\"dateModified\":\"2025-04-11T18:10:28+00:00\",\"breadcrumb\":{\"@id\":\"https:\/\/deliciaspersas.com\/fa\/tienda\/frutas\/fruta-confitada-de-arandanos-lavashak-zoghal-akhteh-60g-galin\/#breadcrumb\"},\"inLanguage\":\"fa-IR\",\"potentialAction\":[{\"@type\":\"ReadAction\",\"target\":[\"https:\/\/deliciaspersas.com\/fa\/tienda\/frutas\/fruta-confitada-de-arandanos-lavashak-zoghal-akhteh-60g-galin\/\"]}]},{\"@type\":\"ImageObject\",\"inLanguage\":\"fa-IR\",\"@id\":\"https:\/\/deliciaspersas.com\/fa\/tienda\/frutas\/fruta-confitada-de-arandanos-lavashak-zoghal-akhteh-60g-galin\/#primaryimage\",\"url\":\"https:\/\/deliciaspersas.com\/wp-content\/uploads\/Lavashak-zoghal-akhteh-Dayan.jpg\",\"contentUrl\":\"https:\/\/deliciaspersas.com\/wp-content\/uploads\/Lavashak-zoghal-akhteh-Dayan.jpg\",\"width\":1200,\"height\":1200},{\"@type\":\"BreadcrumbList\",\"@id\":\"https:\/\/deliciaspersas.com\/fa\/tienda\/frutas\/fruta-confitada-de-arandanos-lavashak-zoghal-akhteh-60g-galin\/#breadcrumb\",\"itemListElement\":[{\"@type\":\"ListItem\",\"position\":1,\"name\":\"Portada\",\"item\":\"https:\/\/deliciaspersas.com\/fa\/\"},{\"@type\":\"ListItem\",\"position\":2,\"name\":\"Tienda\",\"item\":\"https:\/\/deliciaspersas.com\/\"},{\"@type\":\"ListItem\",\"position\":3,\"name\":\"Fruta confitada de ar\u00e1ndanos (Lavashak zoghal akhteh) 60g Galin\"}]},{\"@type\":\"WebSite\",\"@id\":\"https:\/\/deliciaspersas.com\/fa\/#website\",\"url\":\"https:\/\/deliciaspersas.com\/fa\/\",\"name\":\"Delicias Persas\",\"description\":\"Gastronom&iacute;a persa al alcance de tus manos\",\"publisher\":{\"@id\":\"https:\/\/deliciaspersas.com\/fa\/#organization\"},\"potentialAction\":[{\"@type\":\"SearchAction\",\"target\":{\"@type\":\"EntryPoint\",\"urlTemplate\":\"https:\/\/deliciaspersas.com\/fa\/?s={search_term_string}\"},\"query-input\":{\"@type\":\"PropertyValueSpecification\",\"valueRequired\":true,\"valueName\":\"search_term_string\"}}],\"inLanguage\":\"fa-IR\"},{\"@type\":\"Organization\",\"@id\":\"https:\/\/deliciaspersas.com\/fa\/#organization\",\"name\":\"Delicias Persas\",\"url\":\"https:\/\/deliciaspersas.com\/fa\/\",\"logo\":{\"@type\":\"ImageObject\",\"inLanguage\":\"fa-IR\",\"@id\":\"https:\/\/deliciaspersas.com\/fa\/#\/schema\/logo\/image\/\",\"url\":\"https:\/\/deliciaspersas.com\/wp-content\/uploads\/2020\/07\/logo-2020.png\",\"contentUrl\":\"https:\/\/deliciaspersas.com\/wp-content\/uploads\/2020\/07\/logo-2020.png\",\"width\":520,\"height\":490,\"caption\":\"Delicias Persas\"},\"image\":{\"@id\":\"https:\/\/deliciaspersas.com\/fa\/#\/schema\/logo\/image\/\"},\"sameAs\":[\"https:\/\/www.facebook.com\/Deliciaspersas\",\"https:\/\/www.instagram.com\/delicias_persas\/\",\"https:\/\/www.linkedin.com\/delicias-persas\"]}]}<\/script>\n<!-- \/ Yoast SEO plugin. -->","yoast_head_json":{"title":"Fruta confitada de ar\u00e1ndanos (Lavashak zoghal akhteh) 60g Galin - Delicias Persas","robots":{"index":"index","follow":"follow","max-snippet":"max-snippet:-1","max-image-preview":"max-image-preview:large","max-video-preview":"max-video-preview:-1"},"canonical":"https:\/\/deliciaspersas.com\/fa\/tienda\/frutas\/fruta-confitada-de-arandanos-lavashak-zoghal-akhteh-60g-galin\/","og_locale":"fa_IR","og_type":"article","og_title":"Fruta confitada de ar\u00e1ndanos (Lavashak zoghal akhteh) 60g Galin - Delicias Persas","og_description":"Fruta confitada de ar\u00e1ndanos (Lavashak zoghal akhteh) 60g Galin El aciano o carb\u00f3n (nombre cient\u00edfico: Cornus mas) es un arbusto alto o un peque\u00f1o \u00e1rbol caducifolio (embalse) de la familia de las plantas con flores dicotiled\u00f3neas y del g\u00e9nero Cornus, cuyo \u00e1rbol alcanza una altura de 2 a 3 metros y un di\u00e1metro de 15 [&hellip;]","og_url":"https:\/\/deliciaspersas.com\/fa\/tienda\/frutas\/fruta-confitada-de-arandanos-lavashak-zoghal-akhteh-60g-galin\/","og_site_name":"Delicias Persas","article_publisher":"https:\/\/www.facebook.com\/Deliciaspersas","article_modified_time":"2025-04-11T18:10:28+00:00","og_image":[{"width":1200,"height":1200,"url":"https:\/\/deliciaspersas.com\/wp-content\/uploads\/Lavashak-zoghal-akhteh-Dayan.jpg","type":"image\/jpeg"}],"twitter_card":"summary_large_image","twitter_misc":{"\u0632\u0645\u0627\u0646 \u062a\u0642\u0631\u06cc\u0628\u06cc \u0628\u0631\u0627\u06cc \u062e\u0648\u0627\u0646\u062f\u0646":"2 \u062f\u0642\u06cc\u0642\u0647"},"schema":{"@context":"https:\/\/schema.org","@graph":[{"@type":"WebPage","@id":"https:\/\/deliciaspersas.com\/fa\/tienda\/frutas\/fruta-confitada-de-arandanos-lavashak-zoghal-akhteh-60g-galin\/","url":"https:\/\/deliciaspersas.com\/fa\/tienda\/frutas\/fruta-confitada-de-arandanos-lavashak-zoghal-akhteh-60g-galin\/","name":"Fruta confitada de ar\u00e1ndanos (Lavashak zoghal akhteh) 60g Galin - Delicias Persas","isPartOf":{"@id":"https:\/\/deliciaspersas.com\/fa\/#website"},"primaryImageOfPage":{"@id":"https:\/\/deliciaspersas.com\/fa\/tienda\/frutas\/fruta-confitada-de-arandanos-lavashak-zoghal-akhteh-60g-galin\/#primaryimage"},"image":{"@id":"https:\/\/deliciaspersas.com\/fa\/tienda\/frutas\/fruta-confitada-de-arandanos-lavashak-zoghal-akhteh-60g-galin\/#primaryimage"},"thumbnailUrl":"https:\/\/deliciaspersas.com\/wp-content\/uploads\/Lavashak-zoghal-akhteh-Dayan.jpg","datePublished":"2024-03-26T09:51:24+00:00","dateModified":"2025-04-11T18:10:28+00:00","breadcrumb":{"@id":"https:\/\/deliciaspersas.com\/fa\/tienda\/frutas\/fruta-confitada-de-arandanos-lavashak-zoghal-akhteh-60g-galin\/#breadcrumb"},"inLanguage":"fa-IR","potentialAction":[{"@type":"ReadAction","target":["https:\/\/deliciaspersas.com\/fa\/tienda\/frutas\/fruta-confitada-de-arandanos-lavashak-zoghal-akhteh-60g-galin\/"]}]},{"@type":"ImageObject","inLanguage":"fa-IR","@id":"https:\/\/deliciaspersas.com\/fa\/tienda\/frutas\/fruta-confitada-de-arandanos-lavashak-zoghal-akhteh-60g-galin\/#primaryimage","url":"https:\/\/deliciaspersas.com\/wp-content\/uploads\/Lavashak-zoghal-akhteh-Dayan.jpg","contentUrl":"https:\/\/deliciaspersas.com\/wp-content\/uploads\/Lavashak-zoghal-akhteh-Dayan.jpg","width":1200,"height":1200},{"@type":"BreadcrumbList","@id":"https:\/\/deliciaspersas.com\/fa\/tienda\/frutas\/fruta-confitada-de-arandanos-lavashak-zoghal-akhteh-60g-galin\/#breadcrumb","itemListElement":[{"@type":"ListItem","position":1,"name":"Portada","item":"https:\/\/deliciaspersas.com\/fa\/"},{"@type":"ListItem","position":2,"name":"Tienda","item":"https:\/\/deliciaspersas.com\/"},{"@type":"ListItem","position":3,"name":"Fruta confitada de ar\u00e1ndanos (Lavashak zoghal akhteh) 60g Galin"}]},{"@type":"WebSite","@id":"https:\/\/deliciaspersas.com\/fa\/#website","url":"https:\/\/deliciaspersas.com\/fa\/","name":"Delicias Persas","description":"Gastronom&iacute;a persa al alcance de tus manos","publisher":{"@id":"https:\/\/deliciaspersas.com\/fa\/#organization"},"potentialAction":[{"@type":"SearchAction","target":{"@type":"EntryPoint","urlTemplate":"https:\/\/deliciaspersas.com\/fa\/?s={search_term_string}"},"query-input":{"@type":"PropertyValueSpecification","valueRequired":true,"valueName":"search_term_string"}}],"inLanguage":"fa-IR"},{"@type":"Organization","@id":"https:\/\/deliciaspersas.com\/fa\/#organization","name":"Delicias Persas","url":"https:\/\/deliciaspersas.com\/fa\/","logo":{"@type":"ImageObject","inLanguage":"fa-IR","@id":"https:\/\/deliciaspersas.com\/fa\/#\/schema\/logo\/image\/","url":"https:\/\/deliciaspersas.com\/wp-content\/uploads\/2020\/07\/logo-2020.png","contentUrl":"https:\/\/deliciaspersas.com\/wp-content\/uploads\/2020\/07\/logo-2020.png","width":520,"height":490,"caption":"Delicias Persas"},"image":{"@id":"https:\/\/deliciaspersas.com\/fa\/#\/schema\/logo\/image\/"},"sameAs":["https:\/\/www.facebook.com\/Deliciaspersas","https:\/\/www.instagram.com\/delicias_persas\/","https:\/\/www.linkedin.com\/delicias-persas"]}]}},"uagb_featured_image_src":{"full":["https:\/\/deliciaspersas.com\/wp-content\/uploads\/Lavashak-zoghal-akhteh-Dayan.jpg",1200,1200,false],"thumbnail":["https:\/\/deliciaspersas.com\/wp-content\/uploads\/Lavashak-zoghal-akhteh-Dayan-150x150.jpg",150,150,true],"medium":["https:\/\/deliciaspersas.com\/wp-content\/uploads\/Lavashak-zoghal-akhteh-Dayan-300x300.jpg",300,300,true],"medium_large":["https:\/\/deliciaspersas.com\/wp-content\/uploads\/Lavashak-zoghal-akhteh-Dayan-768x768.jpg",768,768,true],"large":["https:\/\/deliciaspersas.com\/wp-content\/uploads\/Lavashak-zoghal-akhteh-Dayan-1024x1024.jpg",1024,1024,true],"1536x1536":["https:\/\/deliciaspersas.com\/wp-content\/uploads\/Lavashak-zoghal-akhteh-Dayan.jpg",1200,1200,false],"2048x2048":["https:\/\/deliciaspersas.com\/wp-content\/uploads\/Lavashak-zoghal-akhteh-Dayan.jpg",1200,1200,false],"woocommerce_thumbnail":["https:\/\/deliciaspersas.com\/wp-content\/uploads\/Lavashak-zoghal-akhteh-Dayan-300x300.jpg",300,300,true],"woocommerce_single":["https:\/\/deliciaspersas.com\/wp-content\/uploads\/Lavashak-zoghal-akhteh-Dayan-600x600.jpg",600,600,true],"woocommerce_gallery_thumbnail":["https:\/\/deliciaspersas.com\/wp-content\/uploads\/Lavashak-zoghal-akhteh-Dayan-100x100.jpg",100,100,true]},"uagb_author_info":{"display_name":"admin","author_link":"https:\/\/deliciaspersas.com\/fa\/author\/"},"uagb_comment_info":0,"uagb_excerpt":"Fruta confitada de ar\u00e1ndanos (Lavashak zoghal akhteh) 60g Galin El aciano o carb\u00f3n (nombre cient\u00edfico: Cornus mas) es un arbusto alto o un peque\u00f1o \u00e1rbol caducifolio (embalse) de la familia de las plantas con flores dicotiled\u00f3neas y del g\u00e9nero Cornus, cuyo \u00e1rbol alcanza una altura de 2 a 3 metros y un di\u00e1metro de 15&hellip;","brands":[{"id":1337,"name":"Galin","slug":"galin"}],"_links":{"self":[{"href":"https:\/\/deliciaspersas.com\/fa\/wp-json\/wp\/v2\/product\/13723"}],"collection":[{"href":"https:\/\/deliciaspersas.com\/fa\/wp-json\/wp\/v2\/product"}],"about":[{"href":"https:\/\/deliciaspersas.com\/fa\/wp-json\/wp\/v2\/types\/product"}],"wp:featuredmedia":[{"embeddable":true,"href":"https:\/\/deliciaspersas.com\/fa\/wp-json\/wp\/v2\/media\/13724"}],"wp:attachment":[{"href":"https:\/\/deliciaspersas.com\/fa\/wp-json\/wp\/v2\/media?parent=13723"}],"wp:term":[{"taxonomy":"pwb-brand","embeddable":true,"href":"https:\/\/deliciaspersas.com\/fa\/wp-json\/wp\/v2\/pwb-brand?post=13723"},{"taxonomy":"product_cat","embeddable":true,"href":"https:\/\/deliciaspersas.com\/fa\/wp-json\/wp\/v2\/product_cat?post=13723"},{"taxonomy":"product_tag","embeddable":true,"href":"https:\/\/deliciaspersas.com\/fa\/wp-json\/wp\/v2\/product_tag?post=13723"}],"curies":[{"name":"wp","href":"https:\/\/api.w.org\/{rel}","templated":true}]}}