{"id":13919,"date":"2024-04-20T16:49:38","date_gmt":"2024-04-20T14:49:38","guid":{"rendered":"https:\/\/deliciaspersas.com\/?post_type=product&#038;p=13919"},"modified":"2024-12-21T10:03:54","modified_gmt":"2024-12-21T09:03:54","slug":"baklava-de-canela-baghlava-darchini-dayan","status":"publish","type":"product","link":"https:\/\/deliciaspersas.com\/fa\/tienda\/baklava\/baklava-de-canela-baghlava-darchini-dayan\/","title":{"rendered":"Baklava de Canela (Baghlava Darchini  ) Dayan"},"content":{"rendered":"<h1>Baklava de Canela (Baghlava Darchini ) Dayan<\/h1>\n<h6>Informaci\u00f3n del producto:<\/h6>\n<p>Baklava. T\u00edpico dulce persa, perfecto para acompa\u00f1ar un buen t\u00e9 caliente. Diversos sabores y texturas. Desde su modalidad en fingers, a vainilla con canela o similares.<\/p>\n<h6>Usos:<\/h6>\n<p>Perfecto para merendar, desayunar o tomar de postre.<\/p>\n<h6>Propiedades:<\/h6>\n<p>Este dulce persa tiene muchas propiedades gracias a sus ingredientes:<\/p>\n<p>Es rico en omega-3<br \/>\nLas nueces son un alimento para nutrir al cerebro porque es una fuente rica en plantas de \u00e1cidos grasos omega-3 llamada \u00e1cido alfa-linol\u00e9nico. La presencia de este \u00e1cido graso en las nueces es muy importante ya que este \u00e1cido graso se encuentra principalmente en fuentes animales como el pescado. Este \u00e1cido graso es muy importante para fortalecer el sistema nervioso de las personas, especialmente los ni\u00f1os, por lo que es muy recomendable su consumo.\u00a0Estas grasas reducen el LDL-C (colesterol malo) y aumentan el HDL-C (colesterol bueno).<\/p>\n<p>Las almendras son ricas en grasas pero insaturadas. Esta grasa reduce el riesgo de enfermedades card\u00edacas. La vitamina E en la piel de la almendra es uno de los tipos de antioxidantes que previenen algunas enfermedades como el c\u00e1ncer, enfermedades del coraz\u00f3n, p\u00e9rdida de memoria, Alzheimer, disfunci\u00f3n del sistema inmunol\u00f3gico, cataratas y debilidad muscular, adem\u00e1s de que afecta la salud de la pr\u00f3stata y previene la destrucci\u00f3n de c\u00e9lulas y ADN.<\/p>\n<p>Baklava contiene magnesio y potasio debido a sus abundantes almendras. Cuando hay suficiente magnesio en el cuerpo, fluye hacia el torrente sangu\u00edneo, transportando ox\u00edgeno y nutrientes m\u00e1s r\u00e1pido y evitando un aumento de la frecuencia card\u00edaca. Las almendras contienen mucho m\u00e1s magnesio que la cebada o incluso las espinacas. El potasio tambi\u00e9n participa en la contracci\u00f3n muscular, el flujo nervioso, el equilibrio de la presi\u00f3n arterial y una mejor funci\u00f3n card\u00edaca.<\/p>\n<p>Este dulce es un alimento energizante. Los pistachos en baklava tienen muchos nutrientes y son adecuados para fortalecer a pacientes y personas d\u00e9biles. De hecho, esta fruta es una especie de alimento nutritivo. Los pistachos contienen una variedad de nutrientes, que incluyen prote\u00ednas, hierro, grasas, calcio, f\u00f3sforo, vitamina A, vitamina B3, vitamina B1 y potasio.<\/p>\n<p><strong>Ingredientes y al\u00e9rgenos:<\/strong><\/p>\n<p>Harina, levadura, az\u00facar, endulzantes, huevos, azafr\u00e1n y derivados.<\/p>\n<h6>Condiciones de conservaci\u00f3n:<\/h6>\n<p>Conservar en un lugar fresco, seco y protegido de la luz.<\/p>\n","protected":false},"excerpt":{"rendered":"<p>Baklava de Canela (Baghlava Darchini ) Dayan Informaci\u00f3n del producto: Baklava. T\u00edpico dulce persa, perfecto para acompa\u00f1ar un buen t\u00e9 caliente. Diversos sabores y texturas. Desde su modalidad en fingers, a vainilla con canela o similares. Usos: Perfecto para merendar, desayunar o tomar de postre. Propiedades: Este dulce persa tiene muchas propiedades gracias a sus [&hellip;]<\/p>\n","protected":false},"featured_media":13933,"template":"","meta":{"_surecart_dashboard_logo_width":"180px","_surecart_dashboard_show_logo":true,"_surecart_dashboard_navigation_orders":true,"_surecart_dashboard_navigation_invoices":true,"_surecart_dashboard_navigation_subscriptions":true,"_surecart_dashboard_navigation_downloads":true,"_surecart_dashboard_navigation_billing":true,"_surecart_dashboard_navigation_account":true,"_uag_custom_page_level_css":"","site-sidebar-layout":"default","site-content-layout":"","ast-site-content-layout":"default","site-content-style":"default","site-sidebar-style":"default","ast-global-header-display":"","ast-banner-title-visibility":"","ast-main-header-display":"","ast-hfb-above-header-display":"","ast-hfb-below-header-display":"","ast-hfb-mobile-header-display":"","site-post-title":"","ast-breadcrumbs-content":"","ast-featured-img":"","footer-sml-layout":"","theme-transparent-header-meta":"default","adv-header-id-meta":"","stick-header-meta":"","header-above-stick-meta":"","header-main-stick-meta":"","header-below-stick-meta":"","astra-migrate-meta-layouts":"set","ast-page-background-enabled":"default","ast-page-background-meta":{"desktop":{"background-color":"","background-image":"","background-repeat":"repeat","background-position":"center center","background-size":"auto","background-attachment":"scroll","background-type":"","background-media":"","overlay-type":"","overlay-color":"","overlay-opacity":"","overlay-gradient":""},"tablet":{"background-color":"","background-image":"","background-repeat":"repeat","background-position":"center center","background-size":"auto","background-attachment":"scroll","background-type":"","background-media":"","overlay-type":"","overlay-color":"","overlay-opacity":"","overlay-gradient":""},"mobile":{"background-color":"","background-image":"","background-repeat":"repeat","background-position":"center center","background-size":"auto","background-attachment":"scroll","background-type":"","background-media":"","overlay-type":"","overlay-color":"","overlay-opacity":"","overlay-gradient":""}},"ast-content-background-meta":{"desktop":{"background-color":"var(--ast-global-color-5)","background-image":"","background-repeat":"repeat","background-position":"center center","background-size":"auto","background-attachment":"scroll","background-type":"","background-media":"","overlay-type":"","overlay-color":"","overlay-opacity":"","overlay-gradient":""},"tablet":{"background-color":"var(--ast-global-color-5)","background-image":"","background-repeat":"repeat","background-position":"center center","background-size":"auto","background-attachment":"scroll","background-type":"","background-media":"","overlay-type":"","overlay-color":"","overlay-opacity":"","overlay-gradient":""},"mobile":{"background-color":"var(--ast-global-color-5)","background-image":"","background-repeat":"repeat","background-position":"center center","background-size":"auto","background-attachment":"scroll","background-type":"","background-media":"","overlay-type":"","overlay-color":"","overlay-opacity":"","overlay-gradient":""}}},"pwb-brand":[113],"product_cat":[1375],"product_tag":[706],"class_list":{"0":"post-13919","1":"product","2":"type-product","3":"status-publish","4":"has-post-thumbnail","6":"pwb-brand-dayan-2","7":"product_cat-baklava","8":"product_tag-baklava","9":"desktop-align-center","10":"tablet-align-center","11":"mobile-align-center","13":"first","14":"instock","15":"taxable","16":"shipping-taxable","17":"purchasable","18":"product-type-variable"},"yoast_head":"<!-- This site is optimized with the Yoast SEO plugin v23.6 - https:\/\/yoast.com\/wordpress\/plugins\/seo\/ -->\n<title>Baklava de Canela (Baghlava Darchini ) Dayan - Delicias Persas<\/title>\n<meta name=\"robots\" content=\"index, follow, max-snippet:-1, max-image-preview:large, max-video-preview:-1\" \/>\n<link rel=\"canonical\" href=\"https:\/\/deliciaspersas.com\/fa\/tienda\/baklava\/baklava-de-canela-baghlava-darchini-dayan\/\" \/>\n<meta property=\"og:locale\" content=\"fa_IR\" \/>\n<meta property=\"og:type\" content=\"article\" \/>\n<meta property=\"og:title\" content=\"Baklava de Canela (Baghlava Darchini ) Dayan - Delicias Persas\" \/>\n<meta property=\"og:description\" content=\"Baklava de Canela (Baghlava Darchini ) Dayan Informaci\u00f3n del producto: Baklava. T\u00edpico dulce persa, perfecto para acompa\u00f1ar un buen t\u00e9 caliente. Diversos sabores y texturas. Desde su modalidad en fingers, a vainilla con canela o similares. Usos: Perfecto para merendar, desayunar o tomar de postre. Propiedades: Este dulce persa tiene muchas propiedades gracias a sus [&hellip;]\" \/>\n<meta property=\"og:url\" content=\"https:\/\/deliciaspersas.com\/fa\/tienda\/baklava\/baklava-de-canela-baghlava-darchini-dayan\/\" \/>\n<meta property=\"og:site_name\" content=\"Delicias Persas\" \/>\n<meta property=\"article:publisher\" content=\"https:\/\/www.facebook.com\/Deliciaspersas\" \/>\n<meta property=\"article:modified_time\" content=\"2024-12-21T09:03:54+00:00\" \/>\n<meta property=\"og:image\" content=\"https:\/\/deliciaspersas.com\/wp-content\/uploads\/Backlava9.webp\" \/>\n\t<meta property=\"og:image:width\" content=\"600\" \/>\n\t<meta property=\"og:image:height\" content=\"752\" \/>\n\t<meta property=\"og:image:type\" content=\"image\/webp\" \/>\n<meta name=\"twitter:card\" content=\"summary_large_image\" \/>\n<meta name=\"twitter:label1\" content=\"\u0632\u0645\u0627\u0646 \u062a\u0642\u0631\u06cc\u0628\u06cc \u0628\u0631\u0627\u06cc \u062e\u0648\u0627\u0646\u062f\u0646\" \/>\n\t<meta name=\"twitter:data1\" content=\"2 \u062f\u0642\u06cc\u0642\u0647\" \/>\n<script type=\"application\/ld+json\" class=\"yoast-schema-graph\">{\"@context\":\"https:\/\/schema.org\",\"@graph\":[{\"@type\":\"WebPage\",\"@id\":\"https:\/\/deliciaspersas.com\/fa\/tienda\/baklava\/baklava-de-canela-baghlava-darchini-dayan\/\",\"url\":\"https:\/\/deliciaspersas.com\/fa\/tienda\/baklava\/baklava-de-canela-baghlava-darchini-dayan\/\",\"name\":\"Baklava de Canela (Baghlava Darchini ) Dayan - Delicias Persas\",\"isPartOf\":{\"@id\":\"https:\/\/deliciaspersas.com\/fa\/#website\"},\"primaryImageOfPage\":{\"@id\":\"https:\/\/deliciaspersas.com\/fa\/tienda\/baklava\/baklava-de-canela-baghlava-darchini-dayan\/#primaryimage\"},\"image\":{\"@id\":\"https:\/\/deliciaspersas.com\/fa\/tienda\/baklava\/baklava-de-canela-baghlava-darchini-dayan\/#primaryimage\"},\"thumbnailUrl\":\"https:\/\/deliciaspersas.com\/wp-content\/uploads\/Backlava9.webp\",\"datePublished\":\"2024-04-20T14:49:38+00:00\",\"dateModified\":\"2024-12-21T09:03:54+00:00\",\"breadcrumb\":{\"@id\":\"https:\/\/deliciaspersas.com\/fa\/tienda\/baklava\/baklava-de-canela-baghlava-darchini-dayan\/#breadcrumb\"},\"inLanguage\":\"fa-IR\",\"potentialAction\":[{\"@type\":\"ReadAction\",\"target\":[\"https:\/\/deliciaspersas.com\/fa\/tienda\/baklava\/baklava-de-canela-baghlava-darchini-dayan\/\"]}]},{\"@type\":\"ImageObject\",\"inLanguage\":\"fa-IR\",\"@id\":\"https:\/\/deliciaspersas.com\/fa\/tienda\/baklava\/baklava-de-canela-baghlava-darchini-dayan\/#primaryimage\",\"url\":\"https:\/\/deliciaspersas.com\/wp-content\/uploads\/Backlava9.webp\",\"contentUrl\":\"https:\/\/deliciaspersas.com\/wp-content\/uploads\/Backlava9.webp\",\"width\":600,\"height\":752},{\"@type\":\"BreadcrumbList\",\"@id\":\"https:\/\/deliciaspersas.com\/fa\/tienda\/baklava\/baklava-de-canela-baghlava-darchini-dayan\/#breadcrumb\",\"itemListElement\":[{\"@type\":\"ListItem\",\"position\":1,\"name\":\"Portada\",\"item\":\"https:\/\/deliciaspersas.com\/fa\/\"},{\"@type\":\"ListItem\",\"position\":2,\"name\":\"Tienda\",\"item\":\"https:\/\/deliciaspersas.com\/\"},{\"@type\":\"ListItem\",\"position\":3,\"name\":\"Baklava de Canela (Baghlava Darchini ) Dayan\"}]},{\"@type\":\"WebSite\",\"@id\":\"https:\/\/deliciaspersas.com\/fa\/#website\",\"url\":\"https:\/\/deliciaspersas.com\/fa\/\",\"name\":\"Delicias Persas\",\"description\":\"Gastronom&iacute;a persa al alcance de tus manos\",\"publisher\":{\"@id\":\"https:\/\/deliciaspersas.com\/fa\/#organization\"},\"potentialAction\":[{\"@type\":\"SearchAction\",\"target\":{\"@type\":\"EntryPoint\",\"urlTemplate\":\"https:\/\/deliciaspersas.com\/fa\/?s={search_term_string}\"},\"query-input\":{\"@type\":\"PropertyValueSpecification\",\"valueRequired\":true,\"valueName\":\"search_term_string\"}}],\"inLanguage\":\"fa-IR\"},{\"@type\":\"Organization\",\"@id\":\"https:\/\/deliciaspersas.com\/fa\/#organization\",\"name\":\"Delicias Persas\",\"url\":\"https:\/\/deliciaspersas.com\/fa\/\",\"logo\":{\"@type\":\"ImageObject\",\"inLanguage\":\"fa-IR\",\"@id\":\"https:\/\/deliciaspersas.com\/fa\/#\/schema\/logo\/image\/\",\"url\":\"https:\/\/deliciaspersas.com\/wp-content\/uploads\/2020\/07\/logo-2020.png\",\"contentUrl\":\"https:\/\/deliciaspersas.com\/wp-content\/uploads\/2020\/07\/logo-2020.png\",\"width\":520,\"height\":490,\"caption\":\"Delicias Persas\"},\"image\":{\"@id\":\"https:\/\/deliciaspersas.com\/fa\/#\/schema\/logo\/image\/\"},\"sameAs\":[\"https:\/\/www.facebook.com\/Deliciaspersas\",\"https:\/\/www.instagram.com\/delicias_persas\/\",\"https:\/\/www.linkedin.com\/delicias-persas\"]}]}<\/script>\n<!-- \/ Yoast SEO plugin. -->","yoast_head_json":{"title":"Baklava de Canela (Baghlava Darchini ) Dayan - Delicias Persas","robots":{"index":"index","follow":"follow","max-snippet":"max-snippet:-1","max-image-preview":"max-image-preview:large","max-video-preview":"max-video-preview:-1"},"canonical":"https:\/\/deliciaspersas.com\/fa\/tienda\/baklava\/baklava-de-canela-baghlava-darchini-dayan\/","og_locale":"fa_IR","og_type":"article","og_title":"Baklava de Canela (Baghlava Darchini ) Dayan - Delicias Persas","og_description":"Baklava de Canela (Baghlava Darchini ) Dayan Informaci\u00f3n del producto: Baklava. T\u00edpico dulce persa, perfecto para acompa\u00f1ar un buen t\u00e9 caliente. Diversos sabores y texturas. Desde su modalidad en fingers, a vainilla con canela o similares. Usos: Perfecto para merendar, desayunar o tomar de postre. Propiedades: Este dulce persa tiene muchas propiedades gracias a sus [&hellip;]","og_url":"https:\/\/deliciaspersas.com\/fa\/tienda\/baklava\/baklava-de-canela-baghlava-darchini-dayan\/","og_site_name":"Delicias Persas","article_publisher":"https:\/\/www.facebook.com\/Deliciaspersas","article_modified_time":"2024-12-21T09:03:54+00:00","og_image":[{"width":600,"height":752,"url":"https:\/\/deliciaspersas.com\/wp-content\/uploads\/Backlava9.webp","type":"image\/webp"}],"twitter_card":"summary_large_image","twitter_misc":{"\u0632\u0645\u0627\u0646 \u062a\u0642\u0631\u06cc\u0628\u06cc \u0628\u0631\u0627\u06cc \u062e\u0648\u0627\u0646\u062f\u0646":"2 \u062f\u0642\u06cc\u0642\u0647"},"schema":{"@context":"https:\/\/schema.org","@graph":[{"@type":"WebPage","@id":"https:\/\/deliciaspersas.com\/fa\/tienda\/baklava\/baklava-de-canela-baghlava-darchini-dayan\/","url":"https:\/\/deliciaspersas.com\/fa\/tienda\/baklava\/baklava-de-canela-baghlava-darchini-dayan\/","name":"Baklava de Canela (Baghlava Darchini ) Dayan - Delicias Persas","isPartOf":{"@id":"https:\/\/deliciaspersas.com\/fa\/#website"},"primaryImageOfPage":{"@id":"https:\/\/deliciaspersas.com\/fa\/tienda\/baklava\/baklava-de-canela-baghlava-darchini-dayan\/#primaryimage"},"image":{"@id":"https:\/\/deliciaspersas.com\/fa\/tienda\/baklava\/baklava-de-canela-baghlava-darchini-dayan\/#primaryimage"},"thumbnailUrl":"https:\/\/deliciaspersas.com\/wp-content\/uploads\/Backlava9.webp","datePublished":"2024-04-20T14:49:38+00:00","dateModified":"2024-12-21T09:03:54+00:00","breadcrumb":{"@id":"https:\/\/deliciaspersas.com\/fa\/tienda\/baklava\/baklava-de-canela-baghlava-darchini-dayan\/#breadcrumb"},"inLanguage":"fa-IR","potentialAction":[{"@type":"ReadAction","target":["https:\/\/deliciaspersas.com\/fa\/tienda\/baklava\/baklava-de-canela-baghlava-darchini-dayan\/"]}]},{"@type":"ImageObject","inLanguage":"fa-IR","@id":"https:\/\/deliciaspersas.com\/fa\/tienda\/baklava\/baklava-de-canela-baghlava-darchini-dayan\/#primaryimage","url":"https:\/\/deliciaspersas.com\/wp-content\/uploads\/Backlava9.webp","contentUrl":"https:\/\/deliciaspersas.com\/wp-content\/uploads\/Backlava9.webp","width":600,"height":752},{"@type":"BreadcrumbList","@id":"https:\/\/deliciaspersas.com\/fa\/tienda\/baklava\/baklava-de-canela-baghlava-darchini-dayan\/#breadcrumb","itemListElement":[{"@type":"ListItem","position":1,"name":"Portada","item":"https:\/\/deliciaspersas.com\/fa\/"},{"@type":"ListItem","position":2,"name":"Tienda","item":"https:\/\/deliciaspersas.com\/"},{"@type":"ListItem","position":3,"name":"Baklava de Canela (Baghlava Darchini ) Dayan"}]},{"@type":"WebSite","@id":"https:\/\/deliciaspersas.com\/fa\/#website","url":"https:\/\/deliciaspersas.com\/fa\/","name":"Delicias Persas","description":"Gastronom&iacute;a persa al alcance de tus manos","publisher":{"@id":"https:\/\/deliciaspersas.com\/fa\/#organization"},"potentialAction":[{"@type":"SearchAction","target":{"@type":"EntryPoint","urlTemplate":"https:\/\/deliciaspersas.com\/fa\/?s={search_term_string}"},"query-input":{"@type":"PropertyValueSpecification","valueRequired":true,"valueName":"search_term_string"}}],"inLanguage":"fa-IR"},{"@type":"Organization","@id":"https:\/\/deliciaspersas.com\/fa\/#organization","name":"Delicias Persas","url":"https:\/\/deliciaspersas.com\/fa\/","logo":{"@type":"ImageObject","inLanguage":"fa-IR","@id":"https:\/\/deliciaspersas.com\/fa\/#\/schema\/logo\/image\/","url":"https:\/\/deliciaspersas.com\/wp-content\/uploads\/2020\/07\/logo-2020.png","contentUrl":"https:\/\/deliciaspersas.com\/wp-content\/uploads\/2020\/07\/logo-2020.png","width":520,"height":490,"caption":"Delicias Persas"},"image":{"@id":"https:\/\/deliciaspersas.com\/fa\/#\/schema\/logo\/image\/"},"sameAs":["https:\/\/www.facebook.com\/Deliciaspersas","https:\/\/www.instagram.com\/delicias_persas\/","https:\/\/www.linkedin.com\/delicias-persas"]}]}},"uagb_featured_image_src":{"full":["https:\/\/deliciaspersas.com\/wp-content\/uploads\/Backlava9.webp",600,752,false],"thumbnail":["https:\/\/deliciaspersas.com\/wp-content\/uploads\/Backlava9-150x150.webp",150,150,true],"medium":["https:\/\/deliciaspersas.com\/wp-content\/uploads\/Backlava9-239x300.webp",239,300,true],"medium_large":["https:\/\/deliciaspersas.com\/wp-content\/uploads\/Backlava9.webp",600,752,false],"large":["https:\/\/deliciaspersas.com\/wp-content\/uploads\/Backlava9.webp",600,752,false],"1536x1536":["https:\/\/deliciaspersas.com\/wp-content\/uploads\/Backlava9.webp",600,752,false],"2048x2048":["https:\/\/deliciaspersas.com\/wp-content\/uploads\/Backlava9.webp",600,752,false],"woocommerce_thumbnail":["https:\/\/deliciaspersas.com\/wp-content\/uploads\/Backlava9-300x300.webp",300,300,true],"woocommerce_single":["https:\/\/deliciaspersas.com\/wp-content\/uploads\/Backlava9.webp",600,752,false],"woocommerce_gallery_thumbnail":["https:\/\/deliciaspersas.com\/wp-content\/uploads\/Backlava9-100x100.webp",100,100,true]},"uagb_author_info":{"display_name":"admin","author_link":"https:\/\/deliciaspersas.com\/fa\/author\/"},"uagb_comment_info":0,"uagb_excerpt":"Baklava de Canela (Baghlava Darchini ) Dayan Informaci\u00f3n del producto: Baklava. T\u00edpico dulce persa, perfecto para acompa\u00f1ar un buen t\u00e9 caliente. Diversos sabores y texturas. Desde su modalidad en fingers, a vainilla con canela o similares. Usos: Perfecto para merendar, desayunar o tomar de postre. Propiedades: Este dulce persa tiene muchas propiedades gracias a sus&hellip;","brands":[{"id":113,"name":"Dayan","slug":"dayan-2"}],"_links":{"self":[{"href":"https:\/\/deliciaspersas.com\/fa\/wp-json\/wp\/v2\/product\/13919"}],"collection":[{"href":"https:\/\/deliciaspersas.com\/fa\/wp-json\/wp\/v2\/product"}],"about":[{"href":"https:\/\/deliciaspersas.com\/fa\/wp-json\/wp\/v2\/types\/product"}],"wp:featuredmedia":[{"embeddable":true,"href":"https:\/\/deliciaspersas.com\/fa\/wp-json\/wp\/v2\/media\/13933"}],"wp:attachment":[{"href":"https:\/\/deliciaspersas.com\/fa\/wp-json\/wp\/v2\/media?parent=13919"}],"wp:term":[{"taxonomy":"pwb-brand","embeddable":true,"href":"https:\/\/deliciaspersas.com\/fa\/wp-json\/wp\/v2\/pwb-brand?post=13919"},{"taxonomy":"product_cat","embeddable":true,"href":"https:\/\/deliciaspersas.com\/fa\/wp-json\/wp\/v2\/product_cat?post=13919"},{"taxonomy":"product_tag","embeddable":true,"href":"https:\/\/deliciaspersas.com\/fa\/wp-json\/wp\/v2\/product_tag?post=13919"}],"curies":[{"name":"wp","href":"https:\/\/api.w.org\/{rel}","templated":true}]}}