{"id":14196,"date":"2024-05-28T18:23:09","date_gmt":"2024-05-28T16:23:09","guid":{"rendered":"https:\/\/deliciaspersas.com\/?post_type=product&#038;p=14196"},"modified":"2026-03-27T16:56:07","modified_gmt":"2026-03-27T15:56:07","slug":"galletas-rellenas-traditional-cookie-koloocheh-200g-nadi","status":"publish","type":"product","link":"https:\/\/deliciaspersas.com\/fa\/tienda\/delicias-dulces\/galletas-rellenas-traditional-cookie-koloocheh-200g-nadi\/","title":{"rendered":"Galletas rellenas Traditional Cookie (Koloocheh) 200g Nadi"},"content":{"rendered":"<h1>Galletas rellenas Traditional Cookie (Koloocheh) 200g Nadi<\/h1>\n<p>&nbsp;<\/p>\n<h6>Informaci\u00f3n del producto:<\/h6>\n<div>Deliciosas galletas Naderi Koloocheh.<\/div>\n<div>Las proporciones de los nutrientes de las galletas rellenas pueden variar seg\u00fan el tipo y la cantidad del alimento, adem\u00e1s de otros factores que puedan intervenir en la modificaci\u00f3n de sus nutrientes. Recuerda que seg\u00fan la preparaci\u00f3n de la galleta, pueden variar sus propiedades y caracter\u00edsticas nutricionales.<\/div>\n<h6>Usos:<\/h6>\n<p>Estas galletas rellenas son empleadas como un sabroso y dulce snack para cualquier momento del dia.<\/p>\n<h6>Ingredientes y al\u00e9rgenos:<\/h6>\n<p>Est\u00e1n compuestas de: harina de trigo, az\u00facar, aceite vegetal, almendra de nuez, huevo fresco, leche en polvo, glucosa, almid\u00f3n de trigo, pud\u00edn de s\u00e9samo, especias, bicarbonato de amonio, polvo para hornear, vainilla, \u00e1cido c\u00edtrico<\/p>\n<h6>Condiciones de conservaci\u00f3n:<\/h6>\n<p>Conservar en un lugar fresco, seco y protegido de la luz.<\/p>\n<h6>Curiosidades:<\/h6>\n<p>El origen de las galletas rellenas est\u00e1 relacionado con la historia del az\u00facar, imprescindible para darle esta denominaci\u00f3n a la pasta horneada que se hace de harina, mantequilla y az\u00facar, o de harina de trigo, huevo y az\u00facar.<\/p>\n<p>Una vez horneadas, las galletas poseen una gran duraci\u00f3n y son un recurso muy alimenticio durante los viajes.<\/p>\n<p>Las\u00a0primera menci\u00f3n de la historia sobre las galletas\u00a0proceden del\u00a0Imperio Persa.<\/p>\n<p>Los soldados de Dar\u00edo, descubren el az\u00facar a orillas del r\u00edo Indo, durante una de sus expediciones de conquista, de una planta \u201cque produce miel sin la ayuda de las abejas\u201d, hacia el a\u00f1o 500 a.C.<\/p>\n<p>Los persas aprendieron a evaporar el jugo de la ca\u00f1a de az\u00facar\u00a0en la India. Los\u00a0chinos\u00a0har\u00edan lo mismo m\u00e1s tarde, en el siglo II a.C. En las cortes de China y Persia se consum\u00edan pasteles y galletas de celebrada calidad.<\/p>\n<p>Los griegos, que no conoc\u00edan el az\u00facar, tampoco conoc\u00edan las galletas, y en los viajes llevaban pan \u00e1cimo, que es una simple masa cocida de harina de cereal y agua que era habitual en los morrales de la Antig\u00fcedad y en la Edad Media.<\/p>\n<h6>Informaci\u00f3n adicional:<\/h6>\n<p>Fabricado por: Nadi<\/p>\n<p>&nbsp;<\/p>\n","protected":false},"excerpt":{"rendered":"<p>Galletas rellenas Traditional Cookie (Koloocheh) 200g Nadi &nbsp; Informaci\u00f3n del producto: Deliciosas galletas Naderi Koloocheh. Las proporciones de los nutrientes de las galletas rellenas pueden variar seg\u00fan el tipo y la cantidad del alimento, adem\u00e1s de otros factores que puedan intervenir en la modificaci\u00f3n de sus nutrientes. Recuerda que seg\u00fan la preparaci\u00f3n de la galleta, [&hellip;]<\/p>\n","protected":false},"featured_media":14200,"template":"","meta":{"_surecart_dashboard_logo_width":"180px","_surecart_dashboard_show_logo":true,"_surecart_dashboard_navigation_orders":true,"_surecart_dashboard_navigation_invoices":true,"_surecart_dashboard_navigation_subscriptions":true,"_surecart_dashboard_navigation_downloads":true,"_surecart_dashboard_navigation_billing":true,"_surecart_dashboard_navigation_account":true,"_uag_custom_page_level_css":"","site-sidebar-layout":"default","site-content-layout":"default","ast-site-content-layout":"default","site-content-style":"default","site-sidebar-style":"default","ast-global-header-display":"","ast-banner-title-visibility":"","ast-main-header-display":"","ast-hfb-above-header-display":"","ast-hfb-below-header-display":"","ast-hfb-mobile-header-display":"","site-post-title":"","ast-breadcrumbs-content":"","ast-featured-img":"","footer-sml-layout":"","theme-transparent-header-meta":"default","adv-header-id-meta":"","stick-header-meta":"","header-above-stick-meta":"","header-main-stick-meta":"","header-below-stick-meta":"","astra-migrate-meta-layouts":"set","ast-page-background-enabled":"default","ast-page-background-meta":{"desktop":{"background-color":"","background-image":"","background-repeat":"repeat","background-position":"center center","background-size":"auto","background-attachment":"scroll","background-type":"","background-media":"","overlay-type":"","overlay-color":"","overlay-opacity":"","overlay-gradient":""},"tablet":{"background-color":"","background-image":"","background-repeat":"repeat","background-position":"center center","background-size":"auto","background-attachment":"scroll","background-type":"","background-media":"","overlay-type":"","overlay-color":"","overlay-opacity":"","overlay-gradient":""},"mobile":{"background-color":"","background-image":"","background-repeat":"repeat","background-position":"center center","background-size":"auto","background-attachment":"scroll","background-type":"","background-media":"","overlay-type":"","overlay-color":"","overlay-opacity":"","overlay-gradient":""}},"ast-content-background-meta":{"desktop":{"background-color":"var(--ast-global-color-5)","background-image":"","background-repeat":"repeat","background-position":"center center","background-size":"auto","background-attachment":"scroll","background-type":"","background-media":"","overlay-type":"","overlay-color":"","overlay-opacity":"","overlay-gradient":""},"tablet":{"background-color":"var(--ast-global-color-5)","background-image":"","background-repeat":"repeat","background-position":"center center","background-size":"auto","background-attachment":"scroll","background-type":"","background-media":"","overlay-type":"","overlay-color":"","overlay-opacity":"","overlay-gradient":""},"mobile":{"background-color":"var(--ast-global-color-5)","background-image":"","background-repeat":"repeat","background-position":"center center","background-size":"auto","background-attachment":"scroll","background-type":"","background-media":"","overlay-type":"","overlay-color":"","overlay-opacity":"","overlay-gradient":""}}},"pwb-brand":[],"product_cat":[31,36],"product_tag":[657,971,972,982],"class_list":{"0":"post-14196","1":"product","2":"type-product","3":"status-publish","4":"has-post-thumbnail","6":"product_cat-delicias-dulces","7":"product_cat-desayuno","8":"product_tag-galletas","9":"product_tag-rellena","10":"product_tag-972","11":"product_tag-982","12":"desktop-align-center","13":"tablet-align-center","14":"mobile-align-center","16":"first","17":"outofstock","18":"taxable","19":"shipping-taxable","20":"purchasable","21":"product-type-simple"},"yoast_head":"<!-- This site is optimized with the Yoast SEO plugin v23.6 - https:\/\/yoast.com\/wordpress\/plugins\/seo\/ -->\n<title>Galletas rellenas Traditional Cookie (Koloocheh) 200g Nadi - Delicias Persas<\/title>\n<meta name=\"description\" content=\"Galletas rellenas Naderi Koloocheh. Estas deliciosas son un sabroso y dulce snack que podr\u00e1s tomar en cualquier momento del dia.\" \/>\n<meta name=\"robots\" content=\"index, follow, max-snippet:-1, max-image-preview:large, max-video-preview:-1\" \/>\n<link rel=\"canonical\" href=\"https:\/\/deliciaspersas.com\/fa\/tienda\/delicias-dulces\/galletas-rellenas-traditional-cookie-koloocheh-200g-nadi\/\" \/>\n<meta property=\"og:locale\" content=\"fa_IR\" \/>\n<meta property=\"og:type\" content=\"article\" \/>\n<meta property=\"og:title\" content=\"Galletas rellenas Traditional Cookie (Koloocheh) 200g Nadi - Delicias Persas\" \/>\n<meta property=\"og:description\" content=\"Galletas rellenas Naderi Koloocheh. Estas deliciosas son un sabroso y dulce snack que podr\u00e1s tomar en cualquier momento del dia.\" \/>\n<meta property=\"og:url\" content=\"https:\/\/deliciaspersas.com\/fa\/tienda\/delicias-dulces\/galletas-rellenas-traditional-cookie-koloocheh-200g-nadi\/\" \/>\n<meta property=\"og:site_name\" content=\"Delicias Persas\" \/>\n<meta property=\"article:publisher\" content=\"https:\/\/www.facebook.com\/Deliciaspersas\" \/>\n<meta property=\"article:modified_time\" content=\"2026-03-27T15:56:07+00:00\" \/>\n<meta property=\"og:image\" content=\"https:\/\/deliciaspersas.com\/wp-content\/uploads\/10065.png\" \/>\n\t<meta property=\"og:image:width\" content=\"1080\" \/>\n\t<meta property=\"og:image:height\" content=\"1080\" \/>\n\t<meta property=\"og:image:type\" content=\"image\/png\" \/>\n<meta name=\"twitter:card\" content=\"summary_large_image\" \/>\n<meta name=\"twitter:label1\" content=\"\u0632\u0645\u0627\u0646 \u062a\u0642\u0631\u06cc\u0628\u06cc \u0628\u0631\u0627\u06cc \u062e\u0648\u0627\u0646\u062f\u0646\" \/>\n\t<meta name=\"twitter:data1\" content=\"2 \u062f\u0642\u06cc\u0642\u0647\" \/>\n<script type=\"application\/ld+json\" class=\"yoast-schema-graph\">{\"@context\":\"https:\/\/schema.org\",\"@graph\":[{\"@type\":\"WebPage\",\"@id\":\"https:\/\/deliciaspersas.com\/fa\/tienda\/delicias-dulces\/galletas-rellenas-traditional-cookie-koloocheh-200g-nadi\/\",\"url\":\"https:\/\/deliciaspersas.com\/fa\/tienda\/delicias-dulces\/galletas-rellenas-traditional-cookie-koloocheh-200g-nadi\/\",\"name\":\"Galletas rellenas Traditional Cookie (Koloocheh) 200g Nadi - Delicias Persas\",\"isPartOf\":{\"@id\":\"https:\/\/deliciaspersas.com\/fa\/#website\"},\"primaryImageOfPage\":{\"@id\":\"https:\/\/deliciaspersas.com\/fa\/tienda\/delicias-dulces\/galletas-rellenas-traditional-cookie-koloocheh-200g-nadi\/#primaryimage\"},\"image\":{\"@id\":\"https:\/\/deliciaspersas.com\/fa\/tienda\/delicias-dulces\/galletas-rellenas-traditional-cookie-koloocheh-200g-nadi\/#primaryimage\"},\"thumbnailUrl\":\"https:\/\/deliciaspersas.com\/wp-content\/uploads\/10065.png\",\"datePublished\":\"2024-05-28T16:23:09+00:00\",\"dateModified\":\"2026-03-27T15:56:07+00:00\",\"description\":\"Galletas rellenas Naderi Koloocheh. Estas deliciosas son un sabroso y dulce snack que podr\u00e1s tomar en cualquier momento del dia.\",\"breadcrumb\":{\"@id\":\"https:\/\/deliciaspersas.com\/fa\/tienda\/delicias-dulces\/galletas-rellenas-traditional-cookie-koloocheh-200g-nadi\/#breadcrumb\"},\"inLanguage\":\"fa-IR\",\"potentialAction\":[{\"@type\":\"ReadAction\",\"target\":[\"https:\/\/deliciaspersas.com\/fa\/tienda\/delicias-dulces\/galletas-rellenas-traditional-cookie-koloocheh-200g-nadi\/\"]}]},{\"@type\":\"ImageObject\",\"inLanguage\":\"fa-IR\",\"@id\":\"https:\/\/deliciaspersas.com\/fa\/tienda\/delicias-dulces\/galletas-rellenas-traditional-cookie-koloocheh-200g-nadi\/#primaryimage\",\"url\":\"https:\/\/deliciaspersas.com\/wp-content\/uploads\/10065.png\",\"contentUrl\":\"https:\/\/deliciaspersas.com\/wp-content\/uploads\/10065.png\",\"width\":1080,\"height\":1080},{\"@type\":\"BreadcrumbList\",\"@id\":\"https:\/\/deliciaspersas.com\/fa\/tienda\/delicias-dulces\/galletas-rellenas-traditional-cookie-koloocheh-200g-nadi\/#breadcrumb\",\"itemListElement\":[{\"@type\":\"ListItem\",\"position\":1,\"name\":\"Portada\",\"item\":\"https:\/\/deliciaspersas.com\/fa\/\"},{\"@type\":\"ListItem\",\"position\":2,\"name\":\"Tienda\",\"item\":\"https:\/\/deliciaspersas.com\/\"},{\"@type\":\"ListItem\",\"position\":3,\"name\":\"Galletas rellenas Traditional Cookie (Koloocheh) 200g Nadi\"}]},{\"@type\":\"WebSite\",\"@id\":\"https:\/\/deliciaspersas.com\/fa\/#website\",\"url\":\"https:\/\/deliciaspersas.com\/fa\/\",\"name\":\"Delicias Persas\",\"description\":\"Gastronom&iacute;a persa al alcance de tus manos\",\"publisher\":{\"@id\":\"https:\/\/deliciaspersas.com\/fa\/#organization\"},\"potentialAction\":[{\"@type\":\"SearchAction\",\"target\":{\"@type\":\"EntryPoint\",\"urlTemplate\":\"https:\/\/deliciaspersas.com\/fa\/?s={search_term_string}\"},\"query-input\":{\"@type\":\"PropertyValueSpecification\",\"valueRequired\":true,\"valueName\":\"search_term_string\"}}],\"inLanguage\":\"fa-IR\"},{\"@type\":\"Organization\",\"@id\":\"https:\/\/deliciaspersas.com\/fa\/#organization\",\"name\":\"Delicias Persas\",\"url\":\"https:\/\/deliciaspersas.com\/fa\/\",\"logo\":{\"@type\":\"ImageObject\",\"inLanguage\":\"fa-IR\",\"@id\":\"https:\/\/deliciaspersas.com\/fa\/#\/schema\/logo\/image\/\",\"url\":\"https:\/\/deliciaspersas.com\/wp-content\/uploads\/2020\/07\/logo-2020.png\",\"contentUrl\":\"https:\/\/deliciaspersas.com\/wp-content\/uploads\/2020\/07\/logo-2020.png\",\"width\":520,\"height\":490,\"caption\":\"Delicias Persas\"},\"image\":{\"@id\":\"https:\/\/deliciaspersas.com\/fa\/#\/schema\/logo\/image\/\"},\"sameAs\":[\"https:\/\/www.facebook.com\/Deliciaspersas\",\"https:\/\/www.instagram.com\/delicias_persas\/\",\"https:\/\/www.linkedin.com\/delicias-persas\"]}]}<\/script>\n<!-- \/ Yoast SEO plugin. -->","yoast_head_json":{"title":"Galletas rellenas Traditional Cookie (Koloocheh) 200g Nadi - Delicias Persas","description":"Galletas rellenas Naderi Koloocheh. Estas deliciosas son un sabroso y dulce snack que podr\u00e1s tomar en cualquier momento del dia.","robots":{"index":"index","follow":"follow","max-snippet":"max-snippet:-1","max-image-preview":"max-image-preview:large","max-video-preview":"max-video-preview:-1"},"canonical":"https:\/\/deliciaspersas.com\/fa\/tienda\/delicias-dulces\/galletas-rellenas-traditional-cookie-koloocheh-200g-nadi\/","og_locale":"fa_IR","og_type":"article","og_title":"Galletas rellenas Traditional Cookie (Koloocheh) 200g Nadi - Delicias Persas","og_description":"Galletas rellenas Naderi Koloocheh. Estas deliciosas son un sabroso y dulce snack que podr\u00e1s tomar en cualquier momento del dia.","og_url":"https:\/\/deliciaspersas.com\/fa\/tienda\/delicias-dulces\/galletas-rellenas-traditional-cookie-koloocheh-200g-nadi\/","og_site_name":"Delicias Persas","article_publisher":"https:\/\/www.facebook.com\/Deliciaspersas","article_modified_time":"2026-03-27T15:56:07+00:00","og_image":[{"width":1080,"height":1080,"url":"https:\/\/deliciaspersas.com\/wp-content\/uploads\/10065.png","type":"image\/png"}],"twitter_card":"summary_large_image","twitter_misc":{"\u0632\u0645\u0627\u0646 \u062a\u0642\u0631\u06cc\u0628\u06cc \u0628\u0631\u0627\u06cc \u062e\u0648\u0627\u0646\u062f\u0646":"2 \u062f\u0642\u06cc\u0642\u0647"},"schema":{"@context":"https:\/\/schema.org","@graph":[{"@type":"WebPage","@id":"https:\/\/deliciaspersas.com\/fa\/tienda\/delicias-dulces\/galletas-rellenas-traditional-cookie-koloocheh-200g-nadi\/","url":"https:\/\/deliciaspersas.com\/fa\/tienda\/delicias-dulces\/galletas-rellenas-traditional-cookie-koloocheh-200g-nadi\/","name":"Galletas rellenas Traditional Cookie (Koloocheh) 200g Nadi - Delicias Persas","isPartOf":{"@id":"https:\/\/deliciaspersas.com\/fa\/#website"},"primaryImageOfPage":{"@id":"https:\/\/deliciaspersas.com\/fa\/tienda\/delicias-dulces\/galletas-rellenas-traditional-cookie-koloocheh-200g-nadi\/#primaryimage"},"image":{"@id":"https:\/\/deliciaspersas.com\/fa\/tienda\/delicias-dulces\/galletas-rellenas-traditional-cookie-koloocheh-200g-nadi\/#primaryimage"},"thumbnailUrl":"https:\/\/deliciaspersas.com\/wp-content\/uploads\/10065.png","datePublished":"2024-05-28T16:23:09+00:00","dateModified":"2026-03-27T15:56:07+00:00","description":"Galletas rellenas Naderi Koloocheh. Estas deliciosas son un sabroso y dulce snack que podr\u00e1s tomar en cualquier momento del dia.","breadcrumb":{"@id":"https:\/\/deliciaspersas.com\/fa\/tienda\/delicias-dulces\/galletas-rellenas-traditional-cookie-koloocheh-200g-nadi\/#breadcrumb"},"inLanguage":"fa-IR","potentialAction":[{"@type":"ReadAction","target":["https:\/\/deliciaspersas.com\/fa\/tienda\/delicias-dulces\/galletas-rellenas-traditional-cookie-koloocheh-200g-nadi\/"]}]},{"@type":"ImageObject","inLanguage":"fa-IR","@id":"https:\/\/deliciaspersas.com\/fa\/tienda\/delicias-dulces\/galletas-rellenas-traditional-cookie-koloocheh-200g-nadi\/#primaryimage","url":"https:\/\/deliciaspersas.com\/wp-content\/uploads\/10065.png","contentUrl":"https:\/\/deliciaspersas.com\/wp-content\/uploads\/10065.png","width":1080,"height":1080},{"@type":"BreadcrumbList","@id":"https:\/\/deliciaspersas.com\/fa\/tienda\/delicias-dulces\/galletas-rellenas-traditional-cookie-koloocheh-200g-nadi\/#breadcrumb","itemListElement":[{"@type":"ListItem","position":1,"name":"Portada","item":"https:\/\/deliciaspersas.com\/fa\/"},{"@type":"ListItem","position":2,"name":"Tienda","item":"https:\/\/deliciaspersas.com\/"},{"@type":"ListItem","position":3,"name":"Galletas rellenas Traditional Cookie (Koloocheh) 200g Nadi"}]},{"@type":"WebSite","@id":"https:\/\/deliciaspersas.com\/fa\/#website","url":"https:\/\/deliciaspersas.com\/fa\/","name":"Delicias Persas","description":"Gastronom&iacute;a persa al alcance de tus manos","publisher":{"@id":"https:\/\/deliciaspersas.com\/fa\/#organization"},"potentialAction":[{"@type":"SearchAction","target":{"@type":"EntryPoint","urlTemplate":"https:\/\/deliciaspersas.com\/fa\/?s={search_term_string}"},"query-input":{"@type":"PropertyValueSpecification","valueRequired":true,"valueName":"search_term_string"}}],"inLanguage":"fa-IR"},{"@type":"Organization","@id":"https:\/\/deliciaspersas.com\/fa\/#organization","name":"Delicias Persas","url":"https:\/\/deliciaspersas.com\/fa\/","logo":{"@type":"ImageObject","inLanguage":"fa-IR","@id":"https:\/\/deliciaspersas.com\/fa\/#\/schema\/logo\/image\/","url":"https:\/\/deliciaspersas.com\/wp-content\/uploads\/2020\/07\/logo-2020.png","contentUrl":"https:\/\/deliciaspersas.com\/wp-content\/uploads\/2020\/07\/logo-2020.png","width":520,"height":490,"caption":"Delicias Persas"},"image":{"@id":"https:\/\/deliciaspersas.com\/fa\/#\/schema\/logo\/image\/"},"sameAs":["https:\/\/www.facebook.com\/Deliciaspersas","https:\/\/www.instagram.com\/delicias_persas\/","https:\/\/www.linkedin.com\/delicias-persas"]}]}},"uagb_featured_image_src":{"full":["https:\/\/deliciaspersas.com\/wp-content\/uploads\/10065.png",1080,1080,false],"thumbnail":["https:\/\/deliciaspersas.com\/wp-content\/uploads\/10065-150x150.png",150,150,true],"medium":["https:\/\/deliciaspersas.com\/wp-content\/uploads\/10065-300x300.png",300,300,true],"medium_large":["https:\/\/deliciaspersas.com\/wp-content\/uploads\/10065-768x768.png",768,768,true],"large":["https:\/\/deliciaspersas.com\/wp-content\/uploads\/10065-1024x1024.png",1024,1024,true],"1536x1536":["https:\/\/deliciaspersas.com\/wp-content\/uploads\/10065.png",1080,1080,false],"2048x2048":["https:\/\/deliciaspersas.com\/wp-content\/uploads\/10065.png",1080,1080,false],"woocommerce_thumbnail":["https:\/\/deliciaspersas.com\/wp-content\/uploads\/10065-300x300.png",300,300,true],"woocommerce_single":["https:\/\/deliciaspersas.com\/wp-content\/uploads\/10065-600x600.png",600,600,true],"woocommerce_gallery_thumbnail":["https:\/\/deliciaspersas.com\/wp-content\/uploads\/10065-100x100.png",100,100,true]},"uagb_author_info":{"display_name":"admin","author_link":"https:\/\/deliciaspersas.com\/fa\/author\/"},"uagb_comment_info":0,"uagb_excerpt":"Galletas rellenas Traditional Cookie (Koloocheh) 200g Nadi &nbsp; Informaci\u00f3n del producto: Deliciosas galletas Naderi Koloocheh. Las proporciones de los nutrientes de las galletas rellenas pueden variar seg\u00fan el tipo y la cantidad del alimento, adem\u00e1s de otros factores que puedan intervenir en la modificaci\u00f3n de sus nutrientes. Recuerda que seg\u00fan la preparaci\u00f3n de la galleta,&hellip;","brands":[],"_links":{"self":[{"href":"https:\/\/deliciaspersas.com\/fa\/wp-json\/wp\/v2\/product\/14196"}],"collection":[{"href":"https:\/\/deliciaspersas.com\/fa\/wp-json\/wp\/v2\/product"}],"about":[{"href":"https:\/\/deliciaspersas.com\/fa\/wp-json\/wp\/v2\/types\/product"}],"wp:featuredmedia":[{"embeddable":true,"href":"https:\/\/deliciaspersas.com\/fa\/wp-json\/wp\/v2\/media\/14200"}],"wp:attachment":[{"href":"https:\/\/deliciaspersas.com\/fa\/wp-json\/wp\/v2\/media?parent=14196"}],"wp:term":[{"taxonomy":"pwb-brand","embeddable":true,"href":"https:\/\/deliciaspersas.com\/fa\/wp-json\/wp\/v2\/pwb-brand?post=14196"},{"taxonomy":"product_cat","embeddable":true,"href":"https:\/\/deliciaspersas.com\/fa\/wp-json\/wp\/v2\/product_cat?post=14196"},{"taxonomy":"product_tag","embeddable":true,"href":"https:\/\/deliciaspersas.com\/fa\/wp-json\/wp\/v2\/product_tag?post=14196"}],"curies":[{"name":"wp","href":"https:\/\/api.w.org\/{rel}","templated":true}]}}