{"id":14473,"date":"2024-07-23T16:13:17","date_gmt":"2024-07-23T14:13:17","guid":{"rendered":"https:\/\/deliciaspersas.com\/?post_type=product&#038;p=14473"},"modified":"2024-07-23T16:13:54","modified_gmt":"2024-07-23T14:13:54","slug":"jabon-tradicional-roshur-3unidades","status":"publish","type":"product","link":"https:\/\/deliciaspersas.com\/fa\/tienda\/nuevos-productos\/jabon-tradicional-roshur-3unidades\/","title":{"rendered":"Jab\u00f3n tradicional (Roshur) 3unidades"},"content":{"rendered":"<h1>Jab\u00f3n tradicional (Roshur) 3unidades<\/h1>\n<p>&nbsp;<\/p>\n<p>El jab\u00f3n de agua blanca o jab\u00f3n de Rocher es un tipo de jab\u00f3n que consta de ingredientes naturales como grasa animal y \u00f3xido de zinc y se utiliza como exfoliante natural para la piel.<br \/>\nEste tipo de jab\u00f3n ayuda a hidratar e iluminar la piel eliminando las capas muertas y mejorando la textura de la piel.<br \/>\n### Caracter\u00edsticas y Beneficios:<br \/>\n1. **Exfoliaci\u00f3n de la piel:**<br \/>\n&#8211; Al eliminar las capas muertas de la piel, el jab\u00f3n de agua blanca ayuda al rejuvenecimiento de la piel.<br \/>\n2. **Aclaramiento de la piel:**<br \/>\n&#8211; La presencia de \u00f3xido de zinc en los ingredientes del jab\u00f3n puede ayudar a aclarar la piel y reducir la oscuridad y las manchas.<br \/>\n3. **Acondicionamiento de la piel:**<br \/>\n&#8211; La grasa animal y otras sustancias pueden ayudar a hidratar la piel y prevenir la sequedad.<\/p>\n","protected":false},"excerpt":{"rendered":"<p>Jab\u00f3n tradicional (Roshur) 3unidades &nbsp; El jab\u00f3n de agua blanca o jab\u00f3n de Rocher es un tipo de jab\u00f3n que consta de ingredientes naturales como grasa animal y \u00f3xido de zinc y se utiliza como exfoliante natural para la piel. Este tipo de jab\u00f3n ayuda a hidratar e iluminar la piel eliminando las capas muertas [&hellip;]<\/p>\n","protected":false},"featured_media":14474,"template":"","meta":{"_surecart_dashboard_logo_width":"180px","_surecart_dashboard_show_logo":true,"_surecart_dashboard_navigation_orders":true,"_surecart_dashboard_navigation_invoices":true,"_surecart_dashboard_navigation_subscriptions":true,"_surecart_dashboard_navigation_downloads":true,"_surecart_dashboard_navigation_billing":true,"_surecart_dashboard_navigation_account":true,"_uag_custom_page_level_css":"","site-sidebar-layout":"default","site-content-layout":"","ast-site-content-layout":"default","site-content-style":"default","site-sidebar-style":"default","ast-global-header-display":"","ast-banner-title-visibility":"","ast-main-header-display":"","ast-hfb-above-header-display":"","ast-hfb-below-header-display":"","ast-hfb-mobile-header-display":"","site-post-title":"","ast-breadcrumbs-content":"","ast-featured-img":"","footer-sml-layout":"","theme-transparent-header-meta":"default","adv-header-id-meta":"","stick-header-meta":"","header-above-stick-meta":"","header-main-stick-meta":"","header-below-stick-meta":"","astra-migrate-meta-layouts":"set","ast-page-background-enabled":"default","ast-page-background-meta":{"desktop":{"background-color":"","background-image":"","background-repeat":"repeat","background-position":"center center","background-size":"auto","background-attachment":"scroll","background-type":"","background-media":"","overlay-type":"","overlay-color":"","overlay-opacity":"","overlay-gradient":""},"tablet":{"background-color":"","background-image":"","background-repeat":"repeat","background-position":"center center","background-size":"auto","background-attachment":"scroll","background-type":"","background-media":"","overlay-type":"","overlay-color":"","overlay-opacity":"","overlay-gradient":""},"mobile":{"background-color":"","background-image":"","background-repeat":"repeat","background-position":"center center","background-size":"auto","background-attachment":"scroll","background-type":"","background-media":"","overlay-type":"","overlay-color":"","overlay-opacity":"","overlay-gradient":""}},"ast-content-background-meta":{"desktop":{"background-color":"var(--ast-global-color-5)","background-image":"","background-repeat":"repeat","background-position":"center center","background-size":"auto","background-attachment":"scroll","background-type":"","background-media":"","overlay-type":"","overlay-color":"","overlay-opacity":"","overlay-gradient":""},"tablet":{"background-color":"var(--ast-global-color-5)","background-image":"","background-repeat":"repeat","background-position":"center center","background-size":"auto","background-attachment":"scroll","background-type":"","background-media":"","overlay-type":"","overlay-color":"","overlay-opacity":"","overlay-gradient":""},"mobile":{"background-color":"var(--ast-global-color-5)","background-image":"","background-repeat":"repeat","background-position":"center center","background-size":"auto","background-attachment":"scroll","background-type":"","background-media":"","overlay-type":"","overlay-color":"","overlay-opacity":"","overlay-gradient":""}}},"pwb-brand":[113],"product_cat":[1169,106],"product_tag":[],"class_list":{"0":"post-14473","1":"product","2":"type-product","3":"status-publish","4":"has-post-thumbnail","6":"pwb-brand-dayan-2","7":"product_cat-cocina","8":"product_cat-nuevos-productos","9":"desktop-align-center","10":"tablet-align-center","11":"mobile-align-center","13":"first","14":"instock","15":"taxable","16":"shipping-taxable","17":"purchasable","18":"product-type-simple"},"yoast_head":"<!-- This site is optimized with the Yoast SEO plugin v23.6 - https:\/\/yoast.com\/wordpress\/plugins\/seo\/ -->\n<title>Jab\u00f3n tradicional (Roshur) 3unidades - Delicias Persas<\/title>\n<meta name=\"robots\" content=\"index, follow, max-snippet:-1, max-image-preview:large, max-video-preview:-1\" \/>\n<link rel=\"canonical\" href=\"https:\/\/deliciaspersas.com\/fa\/tienda\/nuevos-productos\/jabon-tradicional-roshur-3unidades\/\" \/>\n<meta property=\"og:locale\" content=\"fa_IR\" \/>\n<meta property=\"og:type\" content=\"article\" \/>\n<meta property=\"og:title\" content=\"Jab\u00f3n tradicional (Roshur) 3unidades - Delicias Persas\" \/>\n<meta property=\"og:description\" content=\"Jab\u00f3n tradicional (Roshur) 3unidades &nbsp; El jab\u00f3n de agua blanca o jab\u00f3n de Rocher es un tipo de jab\u00f3n que consta de ingredientes naturales como grasa animal y \u00f3xido de zinc y se utiliza como exfoliante natural para la piel. Este tipo de jab\u00f3n ayuda a hidratar e iluminar la piel eliminando las capas muertas [&hellip;]\" \/>\n<meta property=\"og:url\" content=\"https:\/\/deliciaspersas.com\/fa\/tienda\/nuevos-productos\/jabon-tradicional-roshur-3unidades\/\" \/>\n<meta property=\"og:site_name\" content=\"Delicias Persas\" \/>\n<meta property=\"article:publisher\" content=\"https:\/\/www.facebook.com\/Deliciaspersas\" \/>\n<meta property=\"article:modified_time\" content=\"2024-07-23T14:13:54+00:00\" \/>\n<meta property=\"og:image\" content=\"https:\/\/deliciaspersas.com\/wp-content\/uploads\/Roshor.jpg\" \/>\n\t<meta property=\"og:image:width\" content=\"1728\" \/>\n\t<meta property=\"og:image:height\" content=\"1832\" \/>\n\t<meta property=\"og:image:type\" content=\"image\/jpeg\" \/>\n<meta name=\"twitter:card\" content=\"summary_large_image\" \/>\n<meta name=\"twitter:label1\" content=\"\u0632\u0645\u0627\u0646 \u062a\u0642\u0631\u06cc\u0628\u06cc \u0628\u0631\u0627\u06cc \u062e\u0648\u0627\u0646\u062f\u0646\" \/>\n\t<meta name=\"twitter:data1\" content=\"1 \u062f\u0642\u06cc\u0642\u0647\" \/>\n<script type=\"application\/ld+json\" class=\"yoast-schema-graph\">{\"@context\":\"https:\/\/schema.org\",\"@graph\":[{\"@type\":\"WebPage\",\"@id\":\"https:\/\/deliciaspersas.com\/fa\/tienda\/nuevos-productos\/jabon-tradicional-roshur-3unidades\/\",\"url\":\"https:\/\/deliciaspersas.com\/fa\/tienda\/nuevos-productos\/jabon-tradicional-roshur-3unidades\/\",\"name\":\"Jab\u00f3n tradicional (Roshur) 3unidades - Delicias Persas\",\"isPartOf\":{\"@id\":\"https:\/\/deliciaspersas.com\/fa\/#website\"},\"primaryImageOfPage\":{\"@id\":\"https:\/\/deliciaspersas.com\/fa\/tienda\/nuevos-productos\/jabon-tradicional-roshur-3unidades\/#primaryimage\"},\"image\":{\"@id\":\"https:\/\/deliciaspersas.com\/fa\/tienda\/nuevos-productos\/jabon-tradicional-roshur-3unidades\/#primaryimage\"},\"thumbnailUrl\":\"https:\/\/deliciaspersas.com\/wp-content\/uploads\/Roshor.jpg\",\"datePublished\":\"2024-07-23T14:13:17+00:00\",\"dateModified\":\"2024-07-23T14:13:54+00:00\",\"breadcrumb\":{\"@id\":\"https:\/\/deliciaspersas.com\/fa\/tienda\/nuevos-productos\/jabon-tradicional-roshur-3unidades\/#breadcrumb\"},\"inLanguage\":\"fa-IR\",\"potentialAction\":[{\"@type\":\"ReadAction\",\"target\":[\"https:\/\/deliciaspersas.com\/fa\/tienda\/nuevos-productos\/jabon-tradicional-roshur-3unidades\/\"]}]},{\"@type\":\"ImageObject\",\"inLanguage\":\"fa-IR\",\"@id\":\"https:\/\/deliciaspersas.com\/fa\/tienda\/nuevos-productos\/jabon-tradicional-roshur-3unidades\/#primaryimage\",\"url\":\"https:\/\/deliciaspersas.com\/wp-content\/uploads\/Roshor.jpg\",\"contentUrl\":\"https:\/\/deliciaspersas.com\/wp-content\/uploads\/Roshor.jpg\",\"width\":1728,\"height\":1832},{\"@type\":\"BreadcrumbList\",\"@id\":\"https:\/\/deliciaspersas.com\/fa\/tienda\/nuevos-productos\/jabon-tradicional-roshur-3unidades\/#breadcrumb\",\"itemListElement\":[{\"@type\":\"ListItem\",\"position\":1,\"name\":\"Portada\",\"item\":\"https:\/\/deliciaspersas.com\/fa\/\"},{\"@type\":\"ListItem\",\"position\":2,\"name\":\"Tienda\",\"item\":\"https:\/\/deliciaspersas.com\/\"},{\"@type\":\"ListItem\",\"position\":3,\"name\":\"Jab\u00f3n tradicional (Roshur) 3unidades\"}]},{\"@type\":\"WebSite\",\"@id\":\"https:\/\/deliciaspersas.com\/fa\/#website\",\"url\":\"https:\/\/deliciaspersas.com\/fa\/\",\"name\":\"Delicias Persas\",\"description\":\"Gastronom&iacute;a persa al alcance de tus manos\",\"publisher\":{\"@id\":\"https:\/\/deliciaspersas.com\/fa\/#organization\"},\"potentialAction\":[{\"@type\":\"SearchAction\",\"target\":{\"@type\":\"EntryPoint\",\"urlTemplate\":\"https:\/\/deliciaspersas.com\/fa\/?s={search_term_string}\"},\"query-input\":{\"@type\":\"PropertyValueSpecification\",\"valueRequired\":true,\"valueName\":\"search_term_string\"}}],\"inLanguage\":\"fa-IR\"},{\"@type\":\"Organization\",\"@id\":\"https:\/\/deliciaspersas.com\/fa\/#organization\",\"name\":\"Delicias Persas\",\"url\":\"https:\/\/deliciaspersas.com\/fa\/\",\"logo\":{\"@type\":\"ImageObject\",\"inLanguage\":\"fa-IR\",\"@id\":\"https:\/\/deliciaspersas.com\/fa\/#\/schema\/logo\/image\/\",\"url\":\"https:\/\/deliciaspersas.com\/wp-content\/uploads\/2020\/07\/logo-2020.png\",\"contentUrl\":\"https:\/\/deliciaspersas.com\/wp-content\/uploads\/2020\/07\/logo-2020.png\",\"width\":520,\"height\":490,\"caption\":\"Delicias Persas\"},\"image\":{\"@id\":\"https:\/\/deliciaspersas.com\/fa\/#\/schema\/logo\/image\/\"},\"sameAs\":[\"https:\/\/www.facebook.com\/Deliciaspersas\",\"https:\/\/www.instagram.com\/delicias_persas\/\",\"https:\/\/www.linkedin.com\/delicias-persas\"]}]}<\/script>\n<!-- \/ Yoast SEO plugin. -->","yoast_head_json":{"title":"Jab\u00f3n tradicional (Roshur) 3unidades - Delicias Persas","robots":{"index":"index","follow":"follow","max-snippet":"max-snippet:-1","max-image-preview":"max-image-preview:large","max-video-preview":"max-video-preview:-1"},"canonical":"https:\/\/deliciaspersas.com\/fa\/tienda\/nuevos-productos\/jabon-tradicional-roshur-3unidades\/","og_locale":"fa_IR","og_type":"article","og_title":"Jab\u00f3n tradicional (Roshur) 3unidades - Delicias Persas","og_description":"Jab\u00f3n tradicional (Roshur) 3unidades &nbsp; El jab\u00f3n de agua blanca o jab\u00f3n de Rocher es un tipo de jab\u00f3n que consta de ingredientes naturales como grasa animal y \u00f3xido de zinc y se utiliza como exfoliante natural para la piel. Este tipo de jab\u00f3n ayuda a hidratar e iluminar la piel eliminando las capas muertas [&hellip;]","og_url":"https:\/\/deliciaspersas.com\/fa\/tienda\/nuevos-productos\/jabon-tradicional-roshur-3unidades\/","og_site_name":"Delicias Persas","article_publisher":"https:\/\/www.facebook.com\/Deliciaspersas","article_modified_time":"2024-07-23T14:13:54+00:00","og_image":[{"width":1728,"height":1832,"url":"https:\/\/deliciaspersas.com\/wp-content\/uploads\/Roshor.jpg","type":"image\/jpeg"}],"twitter_card":"summary_large_image","twitter_misc":{"\u0632\u0645\u0627\u0646 \u062a\u0642\u0631\u06cc\u0628\u06cc \u0628\u0631\u0627\u06cc \u062e\u0648\u0627\u0646\u062f\u0646":"1 \u062f\u0642\u06cc\u0642\u0647"},"schema":{"@context":"https:\/\/schema.org","@graph":[{"@type":"WebPage","@id":"https:\/\/deliciaspersas.com\/fa\/tienda\/nuevos-productos\/jabon-tradicional-roshur-3unidades\/","url":"https:\/\/deliciaspersas.com\/fa\/tienda\/nuevos-productos\/jabon-tradicional-roshur-3unidades\/","name":"Jab\u00f3n tradicional (Roshur) 3unidades - Delicias Persas","isPartOf":{"@id":"https:\/\/deliciaspersas.com\/fa\/#website"},"primaryImageOfPage":{"@id":"https:\/\/deliciaspersas.com\/fa\/tienda\/nuevos-productos\/jabon-tradicional-roshur-3unidades\/#primaryimage"},"image":{"@id":"https:\/\/deliciaspersas.com\/fa\/tienda\/nuevos-productos\/jabon-tradicional-roshur-3unidades\/#primaryimage"},"thumbnailUrl":"https:\/\/deliciaspersas.com\/wp-content\/uploads\/Roshor.jpg","datePublished":"2024-07-23T14:13:17+00:00","dateModified":"2024-07-23T14:13:54+00:00","breadcrumb":{"@id":"https:\/\/deliciaspersas.com\/fa\/tienda\/nuevos-productos\/jabon-tradicional-roshur-3unidades\/#breadcrumb"},"inLanguage":"fa-IR","potentialAction":[{"@type":"ReadAction","target":["https:\/\/deliciaspersas.com\/fa\/tienda\/nuevos-productos\/jabon-tradicional-roshur-3unidades\/"]}]},{"@type":"ImageObject","inLanguage":"fa-IR","@id":"https:\/\/deliciaspersas.com\/fa\/tienda\/nuevos-productos\/jabon-tradicional-roshur-3unidades\/#primaryimage","url":"https:\/\/deliciaspersas.com\/wp-content\/uploads\/Roshor.jpg","contentUrl":"https:\/\/deliciaspersas.com\/wp-content\/uploads\/Roshor.jpg","width":1728,"height":1832},{"@type":"BreadcrumbList","@id":"https:\/\/deliciaspersas.com\/fa\/tienda\/nuevos-productos\/jabon-tradicional-roshur-3unidades\/#breadcrumb","itemListElement":[{"@type":"ListItem","position":1,"name":"Portada","item":"https:\/\/deliciaspersas.com\/fa\/"},{"@type":"ListItem","position":2,"name":"Tienda","item":"https:\/\/deliciaspersas.com\/"},{"@type":"ListItem","position":3,"name":"Jab\u00f3n tradicional (Roshur) 3unidades"}]},{"@type":"WebSite","@id":"https:\/\/deliciaspersas.com\/fa\/#website","url":"https:\/\/deliciaspersas.com\/fa\/","name":"Delicias Persas","description":"Gastronom&iacute;a persa al alcance de tus manos","publisher":{"@id":"https:\/\/deliciaspersas.com\/fa\/#organization"},"potentialAction":[{"@type":"SearchAction","target":{"@type":"EntryPoint","urlTemplate":"https:\/\/deliciaspersas.com\/fa\/?s={search_term_string}"},"query-input":{"@type":"PropertyValueSpecification","valueRequired":true,"valueName":"search_term_string"}}],"inLanguage":"fa-IR"},{"@type":"Organization","@id":"https:\/\/deliciaspersas.com\/fa\/#organization","name":"Delicias Persas","url":"https:\/\/deliciaspersas.com\/fa\/","logo":{"@type":"ImageObject","inLanguage":"fa-IR","@id":"https:\/\/deliciaspersas.com\/fa\/#\/schema\/logo\/image\/","url":"https:\/\/deliciaspersas.com\/wp-content\/uploads\/2020\/07\/logo-2020.png","contentUrl":"https:\/\/deliciaspersas.com\/wp-content\/uploads\/2020\/07\/logo-2020.png","width":520,"height":490,"caption":"Delicias Persas"},"image":{"@id":"https:\/\/deliciaspersas.com\/fa\/#\/schema\/logo\/image\/"},"sameAs":["https:\/\/www.facebook.com\/Deliciaspersas","https:\/\/www.instagram.com\/delicias_persas\/","https:\/\/www.linkedin.com\/delicias-persas"]}]}},"uagb_featured_image_src":{"full":["https:\/\/deliciaspersas.com\/wp-content\/uploads\/Roshor.jpg",1728,1832,false],"thumbnail":["https:\/\/deliciaspersas.com\/wp-content\/uploads\/Roshor-150x150.jpg",150,150,true],"medium":["https:\/\/deliciaspersas.com\/wp-content\/uploads\/Roshor-283x300.jpg",283,300,true],"medium_large":["https:\/\/deliciaspersas.com\/wp-content\/uploads\/Roshor-768x814.jpg",768,814,true],"large":["https:\/\/deliciaspersas.com\/wp-content\/uploads\/Roshor-966x1024.jpg",966,1024,true],"1536x1536":["https:\/\/deliciaspersas.com\/wp-content\/uploads\/Roshor-1449x1536.jpg",1449,1536,true],"2048x2048":["https:\/\/deliciaspersas.com\/wp-content\/uploads\/Roshor.jpg",1728,1832,false],"woocommerce_thumbnail":["https:\/\/deliciaspersas.com\/wp-content\/uploads\/Roshor-300x300.jpg",300,300,true],"woocommerce_single":["https:\/\/deliciaspersas.com\/wp-content\/uploads\/Roshor-600x636.jpg",600,636,true],"woocommerce_gallery_thumbnail":["https:\/\/deliciaspersas.com\/wp-content\/uploads\/Roshor-100x100.jpg",100,100,true]},"uagb_author_info":{"display_name":"admin","author_link":"https:\/\/deliciaspersas.com\/fa\/author\/"},"uagb_comment_info":0,"uagb_excerpt":"Jab\u00f3n tradicional (Roshur) 3unidades &nbsp; El jab\u00f3n de agua blanca o jab\u00f3n de Rocher es un tipo de jab\u00f3n que consta de ingredientes naturales como grasa animal y \u00f3xido de zinc y se utiliza como exfoliante natural para la piel. Este tipo de jab\u00f3n ayuda a hidratar e iluminar la piel eliminando las capas muertas&hellip;","brands":[{"id":113,"name":"Dayan","slug":"dayan-2"}],"_links":{"self":[{"href":"https:\/\/deliciaspersas.com\/fa\/wp-json\/wp\/v2\/product\/14473"}],"collection":[{"href":"https:\/\/deliciaspersas.com\/fa\/wp-json\/wp\/v2\/product"}],"about":[{"href":"https:\/\/deliciaspersas.com\/fa\/wp-json\/wp\/v2\/types\/product"}],"wp:featuredmedia":[{"embeddable":true,"href":"https:\/\/deliciaspersas.com\/fa\/wp-json\/wp\/v2\/media\/14474"}],"wp:attachment":[{"href":"https:\/\/deliciaspersas.com\/fa\/wp-json\/wp\/v2\/media?parent=14473"}],"wp:term":[{"taxonomy":"pwb-brand","embeddable":true,"href":"https:\/\/deliciaspersas.com\/fa\/wp-json\/wp\/v2\/pwb-brand?post=14473"},{"taxonomy":"product_cat","embeddable":true,"href":"https:\/\/deliciaspersas.com\/fa\/wp-json\/wp\/v2\/product_cat?post=14473"},{"taxonomy":"product_tag","embeddable":true,"href":"https:\/\/deliciaspersas.com\/fa\/wp-json\/wp\/v2\/product_tag?post=14473"}],"curies":[{"name":"wp","href":"https:\/\/api.w.org\/{rel}","templated":true}]}}