{"id":14766,"date":"2024-08-08T18:01:07","date_gmt":"2024-08-08T16:01:07","guid":{"rendered":"https:\/\/deliciaspersas.com\/?post_type=product&#038;p=14766"},"modified":"2025-08-22T10:44:37","modified_gmt":"2025-08-22T08:44:37","slug":"destilado-de-alhagi-aragh-kharshotor-330ml-sarashpaz","status":"publish","type":"product","link":"https:\/\/deliciaspersas.com\/fa\/tienda\/destilados\/destilado-de-alhagi-aragh-kharshotor-330ml-sarashpaz\/","title":{"rendered":"Destilado de Alhagi  ( Aragh kharshotor ) 330ml Sarashpaz"},"content":{"rendered":"<h1>Destilado de Alhagi ( Aragh kharshotor ) 330ml Sarashpaz<\/h1>\n<h6>Informaci\u00f3n del producto:<\/h6>\n<p>Su consumo habitual puede ayudar a hacer mejor la digesti\u00f3n, a absorber mejor los nutrientes de los alimentos, y tambi\u00e9n optimiza las funciones del p\u00e1ncreas y del h\u00edgado.<\/p>\n<h6>Beneficios:<\/h6>\n<p>Este destilado, que tiene una<span style=\"font-size: 16px; font-style: normal; font-weight: 400;\"> naturaleza c\u00e1lida y muy seca, <\/span><span style=\"font-size: 16px;\">tiene muchas propiedades como:<\/span><\/p>\n<p>Es \u00fatil para tratar la diarrea.<br \/>\nEs un quemagrasas que se puede utilizar para prevenir la obesidad y el sobre peso y por supuesto si su consumo se acompa\u00f1a con un poco de ejercicio su efecto va ser mayor. As\u00ed mismo elimina los dep\u00f3sitos renales y previene la formaci\u00f3n de c\u00e1lculos o mejor dicho puede es \u00fatil para la eliminaci\u00f3n de los c\u00e1lculos renales y vesicales.<br \/>\nEs diafor\u00e9tico y se utiliza como diur\u00e9tico y laxante. este destilado tambi\u00e9n se usa para tratar la epilepsia y el insomnio provocados por la debilidad de los nervios.<br \/>\nFortalece el sistema digestivo y repela tanto el est\u00f3mago como par\u00e1sitos intestinales, ayudando a este sistema a digerir mejor los alimentos.<br \/>\nEs \u00fatil para hemorroides y analogamente se puede usar de este destilado para purificar la sangre.<br \/>\nEs un desinfectante de ri\u00f1\u00f3n, y tiene un poder fuerte para eliminar el \u00e1cido \u00farico del cuerpo.<br \/>\nTiene propiedades antibi\u00f3ticas y es un diur\u00e9tico, anti-pertussis, tos, fiebre y escalofr\u00edos.<br \/>\nEl consumo de bebidas carbonatadas y jugos de frutas no naturales que contienen bicarbonato es muy nocivo, este destilado lo puede neutralizar y prevenir la formaci\u00f3n de dep\u00f3sitos.<\/p>\n<p>Beber 2 vasos de este producto al d\u00eda, especialmente para personas propensas a los c\u00e1lculos renales, hace que eliminen los dep\u00f3sitos renales y previene los c\u00e1lculos.<\/p>\n<p>Para adelgazar y prevenir el sobre peso, mezcle medio vaso de este extracto fuerte con medio vaso de agua cada vez y lo consuma.<\/p>\n<h6>Ingredientes y al\u00e9rgenos:<\/h6>\n<p>Destilado de Alhagi<\/p>\n<h6>Usos:<\/h6>\n<p>Recetas, ensaladas, todo tipo de platos fr\u00edos y calientes.<\/p>\n<h6>Condiciones de conservaci\u00f3n:<\/h6>\n<p>Conservar en un lugar fresco, seco y protegido de la luz.<\/p>\n<h6>Informaci\u00f3n adicional:<\/h6>\n<p>Fabricado por: Rayna<\/p>\n","protected":false},"excerpt":{"rendered":"<p>Destilado de Alhagi ( Aragh kharshotor ) 330ml Sarashpaz Informaci\u00f3n del producto: Su consumo habitual puede ayudar a hacer mejor la digesti\u00f3n, a absorber mejor los nutrientes de los alimentos, y tambi\u00e9n optimiza las funciones del p\u00e1ncreas y del h\u00edgado. Beneficios: Este destilado, que tiene una naturaleza c\u00e1lida y muy seca, tiene muchas propiedades como: [&hellip;]<\/p>\n","protected":false},"featured_media":14771,"template":"","meta":{"_surecart_dashboard_logo_width":"180px","_surecart_dashboard_show_logo":true,"_surecart_dashboard_navigation_orders":true,"_surecart_dashboard_navigation_invoices":true,"_surecart_dashboard_navigation_subscriptions":true,"_surecart_dashboard_navigation_downloads":true,"_surecart_dashboard_navigation_billing":true,"_surecart_dashboard_navigation_account":true,"_uag_custom_page_level_css":"","site-sidebar-layout":"default","site-content-layout":"default","ast-site-content-layout":"default","site-content-style":"default","site-sidebar-style":"default","ast-global-header-display":"","ast-banner-title-visibility":"","ast-main-header-display":"","ast-hfb-above-header-display":"","ast-hfb-below-header-display":"","ast-hfb-mobile-header-display":"","site-post-title":"","ast-breadcrumbs-content":"","ast-featured-img":"","footer-sml-layout":"","theme-transparent-header-meta":"default","adv-header-id-meta":"","stick-header-meta":"","header-above-stick-meta":"","header-main-stick-meta":"","header-below-stick-meta":"","astra-migrate-meta-layouts":"set","ast-page-background-enabled":"default","ast-page-background-meta":{"desktop":{"background-color":"","background-image":"","background-repeat":"repeat","background-position":"center center","background-size":"auto","background-attachment":"scroll","background-type":"","background-media":"","overlay-type":"","overlay-color":"","overlay-opacity":"","overlay-gradient":""},"tablet":{"background-color":"","background-image":"","background-repeat":"repeat","background-position":"center center","background-size":"auto","background-attachment":"scroll","background-type":"","background-media":"","overlay-type":"","overlay-color":"","overlay-opacity":"","overlay-gradient":""},"mobile":{"background-color":"","background-image":"","background-repeat":"repeat","background-position":"center center","background-size":"auto","background-attachment":"scroll","background-type":"","background-media":"","overlay-type":"","overlay-color":"","overlay-opacity":"","overlay-gradient":""}},"ast-content-background-meta":{"desktop":{"background-color":"var(--ast-global-color-5)","background-image":"","background-repeat":"repeat","background-position":"center center","background-size":"auto","background-attachment":"scroll","background-type":"","background-media":"","overlay-type":"","overlay-color":"","overlay-opacity":"","overlay-gradient":""},"tablet":{"background-color":"var(--ast-global-color-5)","background-image":"","background-repeat":"repeat","background-position":"center center","background-size":"auto","background-attachment":"scroll","background-type":"","background-media":"","overlay-type":"","overlay-color":"","overlay-opacity":"","overlay-gradient":""},"mobile":{"background-color":"var(--ast-global-color-5)","background-image":"","background-repeat":"repeat","background-position":"center center","background-size":"auto","background-attachment":"scroll","background-type":"","background-media":"","overlay-type":"","overlay-color":"","overlay-opacity":"","overlay-gradient":""}}},"pwb-brand":[199],"product_cat":[39],"product_tag":[605,597,606,607,296,279,295,294],"class_list":{"0":"post-14766","1":"product","2":"type-product","3":"status-publish","4":"has-post-thumbnail","6":"pwb-brand-sarashpaz","7":"product_cat-destilados","8":"product_tag-alhagi","9":"product_tag-destilado","10":"product_tag-destilado-de-alhagi","11":"product_tag-hierbas","12":"product_tag-296","13":"product_tag-279","14":"product_tag-295","15":"product_tag-294","16":"desktop-align-center","17":"tablet-align-center","18":"mobile-align-center","20":"first","21":"outofstock","22":"taxable","23":"shipping-taxable","24":"purchasable","25":"product-type-simple"},"yoast_head":"<!-- This site is optimized with the Yoast SEO plugin v23.6 - https:\/\/yoast.com\/wordpress\/plugins\/seo\/ -->\n<title>Destilado de Alhagi ( Aragh kharshotor ) 330ml Sarashpaz - Delicias Persas<\/title>\n<meta name=\"description\" content=\"Su consumo habitual puede ayudar a hacer mejor la digesti\u00f3n, a absorber mejor los nutrientes de los alimentos, y tambi\u00e9n optimiza las funciones del p\u00e1nc...\" \/>\n<meta name=\"robots\" content=\"index, follow, max-snippet:-1, max-image-preview:large, max-video-preview:-1\" \/>\n<link rel=\"canonical\" href=\"https:\/\/deliciaspersas.com\/fa\/tienda\/destilados\/destilado-de-alhagi-aragh-kharshotor-330ml-sarashpaz\/\" \/>\n<meta property=\"og:locale\" content=\"fa_IR\" \/>\n<meta property=\"og:type\" content=\"article\" \/>\n<meta property=\"og:title\" content=\"Destilado de Alhagi ( Aragh kharshotor ) 330ml Sarashpaz - Delicias Persas\" \/>\n<meta property=\"og:description\" content=\"Su consumo habitual puede ayudar a hacer mejor la digesti\u00f3n, a absorber mejor los nutrientes de los alimentos, y tambi\u00e9n optimiza las funciones del p\u00e1nc...\" \/>\n<meta property=\"og:url\" content=\"https:\/\/deliciaspersas.com\/fa\/tienda\/destilados\/destilado-de-alhagi-aragh-kharshotor-330ml-sarashpaz\/\" \/>\n<meta property=\"og:site_name\" content=\"Delicias Persas\" \/>\n<meta property=\"article:publisher\" content=\"https:\/\/www.facebook.com\/Deliciaspersas\" \/>\n<meta property=\"article:modified_time\" content=\"2025-08-22T08:44:37+00:00\" \/>\n<meta property=\"og:image\" content=\"https:\/\/deliciaspersas.com\/wp-content\/uploads\/Aragh-kharshotor-Dayan.jpg\" \/>\n\t<meta property=\"og:image:width\" content=\"1600\" \/>\n\t<meta property=\"og:image:height\" content=\"1600\" \/>\n\t<meta property=\"og:image:type\" content=\"image\/jpeg\" \/>\n<meta name=\"twitter:card\" content=\"summary_large_image\" \/>\n<meta name=\"twitter:label1\" content=\"\u0632\u0645\u0627\u0646 \u062a\u0642\u0631\u06cc\u0628\u06cc \u0628\u0631\u0627\u06cc \u062e\u0648\u0627\u0646\u062f\u0646\" \/>\n\t<meta name=\"twitter:data1\" content=\"2 \u062f\u0642\u06cc\u0642\u0647\" \/>\n<script type=\"application\/ld+json\" class=\"yoast-schema-graph\">{\"@context\":\"https:\/\/schema.org\",\"@graph\":[{\"@type\":\"WebPage\",\"@id\":\"https:\/\/deliciaspersas.com\/fa\/tienda\/destilados\/destilado-de-alhagi-aragh-kharshotor-330ml-sarashpaz\/\",\"url\":\"https:\/\/deliciaspersas.com\/fa\/tienda\/destilados\/destilado-de-alhagi-aragh-kharshotor-330ml-sarashpaz\/\",\"name\":\"Destilado de Alhagi ( Aragh kharshotor ) 330ml Sarashpaz - Delicias Persas\",\"isPartOf\":{\"@id\":\"https:\/\/deliciaspersas.com\/fa\/#website\"},\"primaryImageOfPage\":{\"@id\":\"https:\/\/deliciaspersas.com\/fa\/tienda\/destilados\/destilado-de-alhagi-aragh-kharshotor-330ml-sarashpaz\/#primaryimage\"},\"image\":{\"@id\":\"https:\/\/deliciaspersas.com\/fa\/tienda\/destilados\/destilado-de-alhagi-aragh-kharshotor-330ml-sarashpaz\/#primaryimage\"},\"thumbnailUrl\":\"https:\/\/deliciaspersas.com\/wp-content\/uploads\/Aragh-kharshotor-Dayan.jpg\",\"datePublished\":\"2024-08-08T16:01:07+00:00\",\"dateModified\":\"2025-08-22T08:44:37+00:00\",\"description\":\"Su consumo habitual puede ayudar a hacer mejor la digesti\u00f3n, a absorber mejor los nutrientes de los alimentos, y tambi\u00e9n optimiza las funciones del p\u00e1nc...\",\"breadcrumb\":{\"@id\":\"https:\/\/deliciaspersas.com\/fa\/tienda\/destilados\/destilado-de-alhagi-aragh-kharshotor-330ml-sarashpaz\/#breadcrumb\"},\"inLanguage\":\"fa-IR\",\"potentialAction\":[{\"@type\":\"ReadAction\",\"target\":[\"https:\/\/deliciaspersas.com\/fa\/tienda\/destilados\/destilado-de-alhagi-aragh-kharshotor-330ml-sarashpaz\/\"]}]},{\"@type\":\"ImageObject\",\"inLanguage\":\"fa-IR\",\"@id\":\"https:\/\/deliciaspersas.com\/fa\/tienda\/destilados\/destilado-de-alhagi-aragh-kharshotor-330ml-sarashpaz\/#primaryimage\",\"url\":\"https:\/\/deliciaspersas.com\/wp-content\/uploads\/Aragh-kharshotor-Dayan.jpg\",\"contentUrl\":\"https:\/\/deliciaspersas.com\/wp-content\/uploads\/Aragh-kharshotor-Dayan.jpg\",\"width\":1600,\"height\":1600},{\"@type\":\"BreadcrumbList\",\"@id\":\"https:\/\/deliciaspersas.com\/fa\/tienda\/destilados\/destilado-de-alhagi-aragh-kharshotor-330ml-sarashpaz\/#breadcrumb\",\"itemListElement\":[{\"@type\":\"ListItem\",\"position\":1,\"name\":\"Portada\",\"item\":\"https:\/\/deliciaspersas.com\/fa\/\"},{\"@type\":\"ListItem\",\"position\":2,\"name\":\"Tienda\",\"item\":\"https:\/\/deliciaspersas.com\/\"},{\"@type\":\"ListItem\",\"position\":3,\"name\":\"Destilado de Alhagi ( Aragh kharshotor ) 330ml Sarashpaz\"}]},{\"@type\":\"WebSite\",\"@id\":\"https:\/\/deliciaspersas.com\/fa\/#website\",\"url\":\"https:\/\/deliciaspersas.com\/fa\/\",\"name\":\"Delicias Persas\",\"description\":\"Gastronom&iacute;a persa al alcance de tus manos\",\"publisher\":{\"@id\":\"https:\/\/deliciaspersas.com\/fa\/#organization\"},\"potentialAction\":[{\"@type\":\"SearchAction\",\"target\":{\"@type\":\"EntryPoint\",\"urlTemplate\":\"https:\/\/deliciaspersas.com\/fa\/?s={search_term_string}\"},\"query-input\":{\"@type\":\"PropertyValueSpecification\",\"valueRequired\":true,\"valueName\":\"search_term_string\"}}],\"inLanguage\":\"fa-IR\"},{\"@type\":\"Organization\",\"@id\":\"https:\/\/deliciaspersas.com\/fa\/#organization\",\"name\":\"Delicias Persas\",\"url\":\"https:\/\/deliciaspersas.com\/fa\/\",\"logo\":{\"@type\":\"ImageObject\",\"inLanguage\":\"fa-IR\",\"@id\":\"https:\/\/deliciaspersas.com\/fa\/#\/schema\/logo\/image\/\",\"url\":\"https:\/\/deliciaspersas.com\/wp-content\/uploads\/2020\/07\/logo-2020.png\",\"contentUrl\":\"https:\/\/deliciaspersas.com\/wp-content\/uploads\/2020\/07\/logo-2020.png\",\"width\":520,\"height\":490,\"caption\":\"Delicias Persas\"},\"image\":{\"@id\":\"https:\/\/deliciaspersas.com\/fa\/#\/schema\/logo\/image\/\"},\"sameAs\":[\"https:\/\/www.facebook.com\/Deliciaspersas\",\"https:\/\/www.instagram.com\/delicias_persas\/\",\"https:\/\/www.linkedin.com\/delicias-persas\"]}]}<\/script>\n<!-- \/ Yoast SEO plugin. -->","yoast_head_json":{"title":"Destilado de Alhagi ( Aragh kharshotor ) 330ml Sarashpaz - Delicias Persas","description":"Su consumo habitual puede ayudar a hacer mejor la digesti\u00f3n, a absorber mejor los nutrientes de los alimentos, y tambi\u00e9n optimiza las funciones del p\u00e1nc...","robots":{"index":"index","follow":"follow","max-snippet":"max-snippet:-1","max-image-preview":"max-image-preview:large","max-video-preview":"max-video-preview:-1"},"canonical":"https:\/\/deliciaspersas.com\/fa\/tienda\/destilados\/destilado-de-alhagi-aragh-kharshotor-330ml-sarashpaz\/","og_locale":"fa_IR","og_type":"article","og_title":"Destilado de Alhagi ( Aragh kharshotor ) 330ml Sarashpaz - Delicias Persas","og_description":"Su consumo habitual puede ayudar a hacer mejor la digesti\u00f3n, a absorber mejor los nutrientes de los alimentos, y tambi\u00e9n optimiza las funciones del p\u00e1nc...","og_url":"https:\/\/deliciaspersas.com\/fa\/tienda\/destilados\/destilado-de-alhagi-aragh-kharshotor-330ml-sarashpaz\/","og_site_name":"Delicias Persas","article_publisher":"https:\/\/www.facebook.com\/Deliciaspersas","article_modified_time":"2025-08-22T08:44:37+00:00","og_image":[{"width":1600,"height":1600,"url":"https:\/\/deliciaspersas.com\/wp-content\/uploads\/Aragh-kharshotor-Dayan.jpg","type":"image\/jpeg"}],"twitter_card":"summary_large_image","twitter_misc":{"\u0632\u0645\u0627\u0646 \u062a\u0642\u0631\u06cc\u0628\u06cc \u0628\u0631\u0627\u06cc \u062e\u0648\u0627\u0646\u062f\u0646":"2 \u062f\u0642\u06cc\u0642\u0647"},"schema":{"@context":"https:\/\/schema.org","@graph":[{"@type":"WebPage","@id":"https:\/\/deliciaspersas.com\/fa\/tienda\/destilados\/destilado-de-alhagi-aragh-kharshotor-330ml-sarashpaz\/","url":"https:\/\/deliciaspersas.com\/fa\/tienda\/destilados\/destilado-de-alhagi-aragh-kharshotor-330ml-sarashpaz\/","name":"Destilado de Alhagi ( Aragh kharshotor ) 330ml Sarashpaz - Delicias Persas","isPartOf":{"@id":"https:\/\/deliciaspersas.com\/fa\/#website"},"primaryImageOfPage":{"@id":"https:\/\/deliciaspersas.com\/fa\/tienda\/destilados\/destilado-de-alhagi-aragh-kharshotor-330ml-sarashpaz\/#primaryimage"},"image":{"@id":"https:\/\/deliciaspersas.com\/fa\/tienda\/destilados\/destilado-de-alhagi-aragh-kharshotor-330ml-sarashpaz\/#primaryimage"},"thumbnailUrl":"https:\/\/deliciaspersas.com\/wp-content\/uploads\/Aragh-kharshotor-Dayan.jpg","datePublished":"2024-08-08T16:01:07+00:00","dateModified":"2025-08-22T08:44:37+00:00","description":"Su consumo habitual puede ayudar a hacer mejor la digesti\u00f3n, a absorber mejor los nutrientes de los alimentos, y tambi\u00e9n optimiza las funciones del p\u00e1nc...","breadcrumb":{"@id":"https:\/\/deliciaspersas.com\/fa\/tienda\/destilados\/destilado-de-alhagi-aragh-kharshotor-330ml-sarashpaz\/#breadcrumb"},"inLanguage":"fa-IR","potentialAction":[{"@type":"ReadAction","target":["https:\/\/deliciaspersas.com\/fa\/tienda\/destilados\/destilado-de-alhagi-aragh-kharshotor-330ml-sarashpaz\/"]}]},{"@type":"ImageObject","inLanguage":"fa-IR","@id":"https:\/\/deliciaspersas.com\/fa\/tienda\/destilados\/destilado-de-alhagi-aragh-kharshotor-330ml-sarashpaz\/#primaryimage","url":"https:\/\/deliciaspersas.com\/wp-content\/uploads\/Aragh-kharshotor-Dayan.jpg","contentUrl":"https:\/\/deliciaspersas.com\/wp-content\/uploads\/Aragh-kharshotor-Dayan.jpg","width":1600,"height":1600},{"@type":"BreadcrumbList","@id":"https:\/\/deliciaspersas.com\/fa\/tienda\/destilados\/destilado-de-alhagi-aragh-kharshotor-330ml-sarashpaz\/#breadcrumb","itemListElement":[{"@type":"ListItem","position":1,"name":"Portada","item":"https:\/\/deliciaspersas.com\/fa\/"},{"@type":"ListItem","position":2,"name":"Tienda","item":"https:\/\/deliciaspersas.com\/"},{"@type":"ListItem","position":3,"name":"Destilado de Alhagi ( Aragh kharshotor ) 330ml Sarashpaz"}]},{"@type":"WebSite","@id":"https:\/\/deliciaspersas.com\/fa\/#website","url":"https:\/\/deliciaspersas.com\/fa\/","name":"Delicias Persas","description":"Gastronom&iacute;a persa al alcance de tus manos","publisher":{"@id":"https:\/\/deliciaspersas.com\/fa\/#organization"},"potentialAction":[{"@type":"SearchAction","target":{"@type":"EntryPoint","urlTemplate":"https:\/\/deliciaspersas.com\/fa\/?s={search_term_string}"},"query-input":{"@type":"PropertyValueSpecification","valueRequired":true,"valueName":"search_term_string"}}],"inLanguage":"fa-IR"},{"@type":"Organization","@id":"https:\/\/deliciaspersas.com\/fa\/#organization","name":"Delicias Persas","url":"https:\/\/deliciaspersas.com\/fa\/","logo":{"@type":"ImageObject","inLanguage":"fa-IR","@id":"https:\/\/deliciaspersas.com\/fa\/#\/schema\/logo\/image\/","url":"https:\/\/deliciaspersas.com\/wp-content\/uploads\/2020\/07\/logo-2020.png","contentUrl":"https:\/\/deliciaspersas.com\/wp-content\/uploads\/2020\/07\/logo-2020.png","width":520,"height":490,"caption":"Delicias Persas"},"image":{"@id":"https:\/\/deliciaspersas.com\/fa\/#\/schema\/logo\/image\/"},"sameAs":["https:\/\/www.facebook.com\/Deliciaspersas","https:\/\/www.instagram.com\/delicias_persas\/","https:\/\/www.linkedin.com\/delicias-persas"]}]}},"uagb_featured_image_src":{"full":["https:\/\/deliciaspersas.com\/wp-content\/uploads\/Aragh-kharshotor-Dayan.jpg",1600,1600,false],"thumbnail":["https:\/\/deliciaspersas.com\/wp-content\/uploads\/Aragh-kharshotor-Dayan-150x150.jpg",150,150,true],"medium":["https:\/\/deliciaspersas.com\/wp-content\/uploads\/Aragh-kharshotor-Dayan-300x300.jpg",300,300,true],"medium_large":["https:\/\/deliciaspersas.com\/wp-content\/uploads\/Aragh-kharshotor-Dayan-768x768.jpg",768,768,true],"large":["https:\/\/deliciaspersas.com\/wp-content\/uploads\/Aragh-kharshotor-Dayan-1024x1024.jpg",1024,1024,true],"1536x1536":["https:\/\/deliciaspersas.com\/wp-content\/uploads\/Aragh-kharshotor-Dayan-1536x1536.jpg",1536,1536,true],"2048x2048":["https:\/\/deliciaspersas.com\/wp-content\/uploads\/Aragh-kharshotor-Dayan.jpg",1600,1600,false],"woocommerce_thumbnail":["https:\/\/deliciaspersas.com\/wp-content\/uploads\/Aragh-kharshotor-Dayan-300x300.jpg",300,300,true],"woocommerce_single":["https:\/\/deliciaspersas.com\/wp-content\/uploads\/Aragh-kharshotor-Dayan-600x600.jpg",600,600,true],"woocommerce_gallery_thumbnail":["https:\/\/deliciaspersas.com\/wp-content\/uploads\/Aragh-kharshotor-Dayan-100x100.jpg",100,100,true]},"uagb_author_info":{"display_name":"admin","author_link":"https:\/\/deliciaspersas.com\/fa\/author\/"},"uagb_comment_info":0,"uagb_excerpt":"Destilado de Alhagi ( Aragh kharshotor ) 330ml Sarashpaz Informaci\u00f3n del producto: Su consumo habitual puede ayudar a hacer mejor la digesti\u00f3n, a absorber mejor los nutrientes de los alimentos, y tambi\u00e9n optimiza las funciones del p\u00e1ncreas y del h\u00edgado. Beneficios: Este destilado, que tiene una naturaleza c\u00e1lida y muy seca, tiene muchas propiedades como:&hellip;","brands":[{"id":199,"name":"Sarashpaz","slug":"sarashpaz"}],"_links":{"self":[{"href":"https:\/\/deliciaspersas.com\/fa\/wp-json\/wp\/v2\/product\/14766"}],"collection":[{"href":"https:\/\/deliciaspersas.com\/fa\/wp-json\/wp\/v2\/product"}],"about":[{"href":"https:\/\/deliciaspersas.com\/fa\/wp-json\/wp\/v2\/types\/product"}],"wp:featuredmedia":[{"embeddable":true,"href":"https:\/\/deliciaspersas.com\/fa\/wp-json\/wp\/v2\/media\/14771"}],"wp:attachment":[{"href":"https:\/\/deliciaspersas.com\/fa\/wp-json\/wp\/v2\/media?parent=14766"}],"wp:term":[{"taxonomy":"pwb-brand","embeddable":true,"href":"https:\/\/deliciaspersas.com\/fa\/wp-json\/wp\/v2\/pwb-brand?post=14766"},{"taxonomy":"product_cat","embeddable":true,"href":"https:\/\/deliciaspersas.com\/fa\/wp-json\/wp\/v2\/product_cat?post=14766"},{"taxonomy":"product_tag","embeddable":true,"href":"https:\/\/deliciaspersas.com\/fa\/wp-json\/wp\/v2\/product_tag?post=14766"}],"curies":[{"name":"wp","href":"https:\/\/api.w.org\/{rel}","templated":true}]}}