{"id":16045,"date":"2024-11-26T19:44:21","date_gmt":"2024-11-26T18:44:21","guid":{"rendered":"https:\/\/deliciaspersas.com\/?post_type=product&#038;p=16045"},"modified":"2026-04-19T13:38:43","modified_gmt":"2026-04-19T11:38:43","slug":"halim-450g-kamchin-black-friday","status":"publish","type":"product","link":"https:\/\/deliciaspersas.com\/fa\/tienda\/ready\/halim-450g-kamchin-black-friday\/","title":{"rendered":"Halim 450g Kamchin BLACK FRIDAY"},"content":{"rendered":"<h1>Halim 500g Kamchin<\/h1>\n<h6>Informaci\u00f3n del producto:<\/h6>\n<p class=\"title\" data-asset-id=\"967547802\">El ghormeh sabzi es un plato t\u00edpico de la gastronom\u00eda persa muy selecto por su sabor.<\/p>\n<h6>Ingredientes y al\u00e9rgenos:<\/h6>\n<p>El gjormeh sabzi es un guiso picante, sabroso y con sabor a c\u00edtrico est\u00e1 hecho con una mezcla de hierbas salteadas. Adem\u00e1s incluye\u00a0 perejil, puerros o cebolletas, cilantro, as\u00ed como hojas secas de fenogreco (shanbalileh). Esta mezcla de hierbas a menudo se fr\u00ede antes de cocinarse con frijoles, cebollas y cordero o ternera.<\/p>\n<h6>Usos:<\/h6>\n<div class=\"step\">\n<div class=\"paragraph\">\n<p>Este delicioso plato, se puede tomar como comida o cena, con una buena coca-cola (nushabe) y rodeado de tus familiares!<\/p>\n<h6>Beneficios:<\/h6>\n<p>Las alubias rojas, un ingrediente principal de este plato: son una gran fuente de prote\u00ednas vegetales, por tanto, pueden sustituir a la carne si se complementan con cereales o con frutos secos. A las prote\u00ednas vegetales les faltan algunos de los amino\u00e1cidos esenciales, aquellos que son necesarios para el correcto funcionamiento del cuerpo, pero que este no puede producir.<\/p>\n<div id=\"article-body-content\" class=\"article-body__content\" data-action=\"toggle\" data-status=\"on\">\n<p id=\"paragraph_7\" data-gtm-vis-recent-on-screen-1664348_109=\"10637\" data-gtm-vis-first-on-screen-1664348_109=\"10637\" data-gtm-vis-total-visible-time-1664348_109=\"100\" data-gtm-vis-has-fired-1664348_109=\"1\">Combinando las prote\u00ednas de las legumbres y, por ejemplo, las de un cereal como el arroz el aporte de prote\u00ednas ya es completo. Las carnes animales presentan la ventaja de que tienen prote\u00ednas completas de por s\u00ed, pero\u00a0los expertos recomiendan que rebajemos el consumo de ellas.<\/p>\n<p data-gtm-vis-recent-on-screen-1664348_109=\"10637\" data-gtm-vis-first-on-screen-1664348_109=\"10637\" data-gtm-vis-total-visible-time-1664348_109=\"100\" data-gtm-vis-has-fired-1664348_109=\"1\">Tambi\u00e9n cuentan con hidratos de carbono, minerales y vitaminas. En concreto, son ricas en vitamina B6, potasio, f\u00f3sforo, cobre, manganeso y \u00e1cido f\u00f3lico. Destacan sobre todo por su contenido en hierro y fibra soluble e insoluble.<\/p>\n<p id=\"paragraph_12\">Las personas que deben cuidar su salud cardiovascular pueden encontrar en las alubias un buen aliado en la dieta. Eso s\u00ed,\u00a0deben excluir de los guisos las carnes procesadas y m\u00e1s grasas. La fibra insoluble que contienen tiene un papel muy importante en la regulaci\u00f3n del az\u00facar en sangre.<\/p>\n<\/div>\n<\/div>\n<\/div>\n<h6>Condiciones de conservaci\u00f3n:<\/h6>\n<p>Conservar en un lugar fresco, seco y protegido de la luz.<\/p>\n<p>&nbsp;<\/p>\n","protected":false},"excerpt":{"rendered":"<p>Halim 500g Kamchin Informaci\u00f3n del producto: El ghormeh sabzi es un plato t\u00edpico de la gastronom\u00eda persa muy selecto por su sabor. Ingredientes y al\u00e9rgenos: El gjormeh sabzi es un guiso picante, sabroso y con sabor a c\u00edtrico est\u00e1 hecho con una mezcla de hierbas salteadas. Adem\u00e1s incluye\u00a0 perejil, puerros o cebolletas, cilantro, as\u00ed como [&hellip;]<\/p>\n","protected":false},"featured_media":12441,"template":"","meta":{"_surecart_dashboard_logo_width":"180px","_surecart_dashboard_show_logo":true,"_surecart_dashboard_navigation_orders":true,"_surecart_dashboard_navigation_invoices":true,"_surecart_dashboard_navigation_subscriptions":true,"_surecart_dashboard_navigation_downloads":true,"_surecart_dashboard_navigation_billing":true,"_surecart_dashboard_navigation_account":true,"_uag_custom_page_level_css":"","site-sidebar-layout":"default","site-content-layout":"default","ast-site-content-layout":"default","site-content-style":"default","site-sidebar-style":"default","ast-global-header-display":"","ast-banner-title-visibility":"","ast-main-header-display":"","ast-hfb-above-header-display":"","ast-hfb-below-header-display":"","ast-hfb-mobile-header-display":"","site-post-title":"","ast-breadcrumbs-content":"","ast-featured-img":"","footer-sml-layout":"","theme-transparent-header-meta":"default","adv-header-id-meta":"","stick-header-meta":"","header-above-stick-meta":"","header-main-stick-meta":"","header-below-stick-meta":"","astra-migrate-meta-layouts":"set","ast-page-background-enabled":"default","ast-page-background-meta":{"desktop":{"background-color":"","background-image":"","background-repeat":"repeat","background-position":"center center","background-size":"auto","background-attachment":"scroll","background-type":"","background-media":"","overlay-type":"","overlay-color":"","overlay-opacity":"","overlay-gradient":""},"tablet":{"background-color":"","background-image":"","background-repeat":"repeat","background-position":"center center","background-size":"auto","background-attachment":"scroll","background-type":"","background-media":"","overlay-type":"","overlay-color":"","overlay-opacity":"","overlay-gradient":""},"mobile":{"background-color":"","background-image":"","background-repeat":"repeat","background-position":"center center","background-size":"auto","background-attachment":"scroll","background-type":"","background-media":"","overlay-type":"","overlay-color":"","overlay-opacity":"","overlay-gradient":""}},"ast-content-background-meta":{"desktop":{"background-color":"var(--ast-global-color-5)","background-image":"","background-repeat":"repeat","background-position":"center center","background-size":"auto","background-attachment":"scroll","background-type":"","background-media":"","overlay-type":"","overlay-color":"","overlay-opacity":"","overlay-gradient":""},"tablet":{"background-color":"var(--ast-global-color-5)","background-image":"","background-repeat":"repeat","background-position":"center center","background-size":"auto","background-attachment":"scroll","background-type":"","background-media":"","overlay-type":"","overlay-color":"","overlay-opacity":"","overlay-gradient":""},"mobile":{"background-color":"var(--ast-global-color-5)","background-image":"","background-repeat":"repeat","background-position":"center center","background-size":"auto","background-attachment":"scroll","background-type":"","background-media":"","overlay-type":"","overlay-color":"","overlay-opacity":"","overlay-gradient":""}}},"pwb-brand":[52,69],"product_cat":[35,34],"product_tag":[636,667,573,251,450,234],"class_list":{"0":"post-16045","1":"product","2":"type-product","3":"status-publish","4":"has-post-thumbnail","6":"pwb-brand-donya","7":"pwb-brand-kamchin","8":"product_cat-conservas","9":"product_cat-ready","10":"product_tag-comida-preparada","11":"product_tag-ghorme-sabzi","12":"product_tag-guiso","13":"product_tag---2","14":"product_tag-450","15":"product_tag-234","16":"desktop-align-center","17":"tablet-align-center","18":"mobile-align-center","20":"first","21":"instock","22":"sale","23":"taxable","24":"shipping-taxable","25":"purchasable","26":"product-type-simple"},"yoast_head":"<!-- This site is optimized with the Yoast SEO plugin v23.6 - https:\/\/yoast.com\/wordpress\/plugins\/seo\/ -->\n<title>Halim 450g Kamchin BLACK FRIDAY - Delicias Persas<\/title>\n<meta name=\"description\" content=\"Ghormeh Sabzi 500g Donya. Este delicioso plato con sabor a c\u00edtrico, es el plato estrella persa. Perfecto para disfrutar en familia!\" \/>\n<meta name=\"robots\" content=\"index, follow, max-snippet:-1, max-image-preview:large, max-video-preview:-1\" \/>\n<link rel=\"canonical\" href=\"https:\/\/deliciaspersas.com\/fa\/tienda\/ready\/halim-450g-kamchin-black-friday\/\" \/>\n<meta property=\"og:locale\" content=\"fa_IR\" \/>\n<meta property=\"og:type\" content=\"article\" \/>\n<meta property=\"og:title\" content=\"Halim 450g Kamchin BLACK FRIDAY - Delicias Persas\" \/>\n<meta property=\"og:description\" content=\"Ghormeh Sabzi 500g Donya. Este delicioso plato con sabor a c\u00edtrico, es el plato estrella persa. Perfecto para disfrutar en familia!\" \/>\n<meta property=\"og:url\" content=\"https:\/\/deliciaspersas.com\/fa\/tienda\/ready\/halim-450g-kamchin-black-friday\/\" \/>\n<meta property=\"og:site_name\" content=\"Delicias Persas\" \/>\n<meta property=\"article:publisher\" content=\"https:\/\/www.facebook.com\/Deliciaspersas\" \/>\n<meta property=\"article:modified_time\" content=\"2026-04-19T11:38:43+00:00\" \/>\n<meta property=\"og:image\" content=\"https:\/\/deliciaspersas.com\/wp-content\/uploads\/Kamchin-Halim-e1699030350151.jpg\" \/>\n\t<meta property=\"og:image:width\" content=\"500\" \/>\n\t<meta property=\"og:image:height\" content=\"445\" \/>\n\t<meta property=\"og:image:type\" content=\"image\/jpeg\" \/>\n<meta name=\"twitter:card\" content=\"summary_large_image\" \/>\n<meta name=\"twitter:label1\" content=\"\u0632\u0645\u0627\u0646 \u062a\u0642\u0631\u06cc\u0628\u06cc \u0628\u0631\u0627\u06cc \u062e\u0648\u0627\u0646\u062f\u0646\" \/>\n\t<meta name=\"twitter:data1\" content=\"2 \u062f\u0642\u06cc\u0642\u0647\" \/>\n<script type=\"application\/ld+json\" class=\"yoast-schema-graph\">{\"@context\":\"https:\/\/schema.org\",\"@graph\":[{\"@type\":\"WebPage\",\"@id\":\"https:\/\/deliciaspersas.com\/fa\/tienda\/ready\/halim-450g-kamchin-black-friday\/\",\"url\":\"https:\/\/deliciaspersas.com\/fa\/tienda\/ready\/halim-450g-kamchin-black-friday\/\",\"name\":\"Halim 450g Kamchin BLACK FRIDAY - Delicias Persas\",\"isPartOf\":{\"@id\":\"https:\/\/deliciaspersas.com\/fa\/#website\"},\"primaryImageOfPage\":{\"@id\":\"https:\/\/deliciaspersas.com\/fa\/tienda\/ready\/halim-450g-kamchin-black-friday\/#primaryimage\"},\"image\":{\"@id\":\"https:\/\/deliciaspersas.com\/fa\/tienda\/ready\/halim-450g-kamchin-black-friday\/#primaryimage\"},\"thumbnailUrl\":\"https:\/\/deliciaspersas.com\/wp-content\/uploads\/Kamchin-Halim-e1699030350151.jpg\",\"datePublished\":\"2024-11-26T18:44:21+00:00\",\"dateModified\":\"2026-04-19T11:38:43+00:00\",\"description\":\"Ghormeh Sabzi 500g Donya. Este delicioso plato con sabor a c\u00edtrico, es el plato estrella persa. Perfecto para disfrutar en familia!\",\"breadcrumb\":{\"@id\":\"https:\/\/deliciaspersas.com\/fa\/tienda\/ready\/halim-450g-kamchin-black-friday\/#breadcrumb\"},\"inLanguage\":\"fa-IR\",\"potentialAction\":[{\"@type\":\"ReadAction\",\"target\":[\"https:\/\/deliciaspersas.com\/fa\/tienda\/ready\/halim-450g-kamchin-black-friday\/\"]}]},{\"@type\":\"ImageObject\",\"inLanguage\":\"fa-IR\",\"@id\":\"https:\/\/deliciaspersas.com\/fa\/tienda\/ready\/halim-450g-kamchin-black-friday\/#primaryimage\",\"url\":\"https:\/\/deliciaspersas.com\/wp-content\/uploads\/Kamchin-Halim-e1699030350151.jpg\",\"contentUrl\":\"https:\/\/deliciaspersas.com\/wp-content\/uploads\/Kamchin-Halim-e1699030350151.jpg\",\"width\":500,\"height\":445},{\"@type\":\"BreadcrumbList\",\"@id\":\"https:\/\/deliciaspersas.com\/fa\/tienda\/ready\/halim-450g-kamchin-black-friday\/#breadcrumb\",\"itemListElement\":[{\"@type\":\"ListItem\",\"position\":1,\"name\":\"Portada\",\"item\":\"https:\/\/deliciaspersas.com\/fa\/\"},{\"@type\":\"ListItem\",\"position\":2,\"name\":\"Tienda\",\"item\":\"https:\/\/deliciaspersas.com\/\"},{\"@type\":\"ListItem\",\"position\":3,\"name\":\"Halim 450g Kamchin BLACK FRIDAY\"}]},{\"@type\":\"WebSite\",\"@id\":\"https:\/\/deliciaspersas.com\/fa\/#website\",\"url\":\"https:\/\/deliciaspersas.com\/fa\/\",\"name\":\"Delicias Persas\",\"description\":\"Gastronom&iacute;a persa al alcance de tus manos\",\"publisher\":{\"@id\":\"https:\/\/deliciaspersas.com\/fa\/#organization\"},\"potentialAction\":[{\"@type\":\"SearchAction\",\"target\":{\"@type\":\"EntryPoint\",\"urlTemplate\":\"https:\/\/deliciaspersas.com\/fa\/?s={search_term_string}\"},\"query-input\":{\"@type\":\"PropertyValueSpecification\",\"valueRequired\":true,\"valueName\":\"search_term_string\"}}],\"inLanguage\":\"fa-IR\"},{\"@type\":\"Organization\",\"@id\":\"https:\/\/deliciaspersas.com\/fa\/#organization\",\"name\":\"Delicias Persas\",\"url\":\"https:\/\/deliciaspersas.com\/fa\/\",\"logo\":{\"@type\":\"ImageObject\",\"inLanguage\":\"fa-IR\",\"@id\":\"https:\/\/deliciaspersas.com\/fa\/#\/schema\/logo\/image\/\",\"url\":\"https:\/\/deliciaspersas.com\/wp-content\/uploads\/2020\/07\/logo-2020.png\",\"contentUrl\":\"https:\/\/deliciaspersas.com\/wp-content\/uploads\/2020\/07\/logo-2020.png\",\"width\":520,\"height\":490,\"caption\":\"Delicias Persas\"},\"image\":{\"@id\":\"https:\/\/deliciaspersas.com\/fa\/#\/schema\/logo\/image\/\"},\"sameAs\":[\"https:\/\/www.facebook.com\/Deliciaspersas\",\"https:\/\/www.instagram.com\/delicias_persas\/\",\"https:\/\/www.linkedin.com\/delicias-persas\"]}]}<\/script>\n<!-- \/ Yoast SEO plugin. -->","yoast_head_json":{"title":"Halim 450g Kamchin BLACK FRIDAY - Delicias Persas","description":"Ghormeh Sabzi 500g Donya. Este delicioso plato con sabor a c\u00edtrico, es el plato estrella persa. Perfecto para disfrutar en familia!","robots":{"index":"index","follow":"follow","max-snippet":"max-snippet:-1","max-image-preview":"max-image-preview:large","max-video-preview":"max-video-preview:-1"},"canonical":"https:\/\/deliciaspersas.com\/fa\/tienda\/ready\/halim-450g-kamchin-black-friday\/","og_locale":"fa_IR","og_type":"article","og_title":"Halim 450g Kamchin BLACK FRIDAY - Delicias Persas","og_description":"Ghormeh Sabzi 500g Donya. Este delicioso plato con sabor a c\u00edtrico, es el plato estrella persa. Perfecto para disfrutar en familia!","og_url":"https:\/\/deliciaspersas.com\/fa\/tienda\/ready\/halim-450g-kamchin-black-friday\/","og_site_name":"Delicias Persas","article_publisher":"https:\/\/www.facebook.com\/Deliciaspersas","article_modified_time":"2026-04-19T11:38:43+00:00","og_image":[{"width":500,"height":445,"url":"https:\/\/deliciaspersas.com\/wp-content\/uploads\/Kamchin-Halim-e1699030350151.jpg","type":"image\/jpeg"}],"twitter_card":"summary_large_image","twitter_misc":{"\u0632\u0645\u0627\u0646 \u062a\u0642\u0631\u06cc\u0628\u06cc \u0628\u0631\u0627\u06cc \u062e\u0648\u0627\u0646\u062f\u0646":"2 \u062f\u0642\u06cc\u0642\u0647"},"schema":{"@context":"https:\/\/schema.org","@graph":[{"@type":"WebPage","@id":"https:\/\/deliciaspersas.com\/fa\/tienda\/ready\/halim-450g-kamchin-black-friday\/","url":"https:\/\/deliciaspersas.com\/fa\/tienda\/ready\/halim-450g-kamchin-black-friday\/","name":"Halim 450g Kamchin BLACK FRIDAY - Delicias Persas","isPartOf":{"@id":"https:\/\/deliciaspersas.com\/fa\/#website"},"primaryImageOfPage":{"@id":"https:\/\/deliciaspersas.com\/fa\/tienda\/ready\/halim-450g-kamchin-black-friday\/#primaryimage"},"image":{"@id":"https:\/\/deliciaspersas.com\/fa\/tienda\/ready\/halim-450g-kamchin-black-friday\/#primaryimage"},"thumbnailUrl":"https:\/\/deliciaspersas.com\/wp-content\/uploads\/Kamchin-Halim-e1699030350151.jpg","datePublished":"2024-11-26T18:44:21+00:00","dateModified":"2026-04-19T11:38:43+00:00","description":"Ghormeh Sabzi 500g Donya. Este delicioso plato con sabor a c\u00edtrico, es el plato estrella persa. Perfecto para disfrutar en familia!","breadcrumb":{"@id":"https:\/\/deliciaspersas.com\/fa\/tienda\/ready\/halim-450g-kamchin-black-friday\/#breadcrumb"},"inLanguage":"fa-IR","potentialAction":[{"@type":"ReadAction","target":["https:\/\/deliciaspersas.com\/fa\/tienda\/ready\/halim-450g-kamchin-black-friday\/"]}]},{"@type":"ImageObject","inLanguage":"fa-IR","@id":"https:\/\/deliciaspersas.com\/fa\/tienda\/ready\/halim-450g-kamchin-black-friday\/#primaryimage","url":"https:\/\/deliciaspersas.com\/wp-content\/uploads\/Kamchin-Halim-e1699030350151.jpg","contentUrl":"https:\/\/deliciaspersas.com\/wp-content\/uploads\/Kamchin-Halim-e1699030350151.jpg","width":500,"height":445},{"@type":"BreadcrumbList","@id":"https:\/\/deliciaspersas.com\/fa\/tienda\/ready\/halim-450g-kamchin-black-friday\/#breadcrumb","itemListElement":[{"@type":"ListItem","position":1,"name":"Portada","item":"https:\/\/deliciaspersas.com\/fa\/"},{"@type":"ListItem","position":2,"name":"Tienda","item":"https:\/\/deliciaspersas.com\/"},{"@type":"ListItem","position":3,"name":"Halim 450g Kamchin BLACK FRIDAY"}]},{"@type":"WebSite","@id":"https:\/\/deliciaspersas.com\/fa\/#website","url":"https:\/\/deliciaspersas.com\/fa\/","name":"Delicias Persas","description":"Gastronom&iacute;a persa al alcance de tus manos","publisher":{"@id":"https:\/\/deliciaspersas.com\/fa\/#organization"},"potentialAction":[{"@type":"SearchAction","target":{"@type":"EntryPoint","urlTemplate":"https:\/\/deliciaspersas.com\/fa\/?s={search_term_string}"},"query-input":{"@type":"PropertyValueSpecification","valueRequired":true,"valueName":"search_term_string"}}],"inLanguage":"fa-IR"},{"@type":"Organization","@id":"https:\/\/deliciaspersas.com\/fa\/#organization","name":"Delicias Persas","url":"https:\/\/deliciaspersas.com\/fa\/","logo":{"@type":"ImageObject","inLanguage":"fa-IR","@id":"https:\/\/deliciaspersas.com\/fa\/#\/schema\/logo\/image\/","url":"https:\/\/deliciaspersas.com\/wp-content\/uploads\/2020\/07\/logo-2020.png","contentUrl":"https:\/\/deliciaspersas.com\/wp-content\/uploads\/2020\/07\/logo-2020.png","width":520,"height":490,"caption":"Delicias Persas"},"image":{"@id":"https:\/\/deliciaspersas.com\/fa\/#\/schema\/logo\/image\/"},"sameAs":["https:\/\/www.facebook.com\/Deliciaspersas","https:\/\/www.instagram.com\/delicias_persas\/","https:\/\/www.linkedin.com\/delicias-persas"]}]}},"uagb_featured_image_src":{"full":["https:\/\/deliciaspersas.com\/wp-content\/uploads\/Kamchin-Halim-e1699030350151.jpg",500,445,false],"thumbnail":["https:\/\/deliciaspersas.com\/wp-content\/uploads\/Kamchin-Halim-e1699030350151-150x150.jpg",150,150,true],"medium":["https:\/\/deliciaspersas.com\/wp-content\/uploads\/Kamchin-Halim-e1699030350151-300x267.jpg",300,267,true],"medium_large":["https:\/\/deliciaspersas.com\/wp-content\/uploads\/Kamchin-Halim-e1699030350151.jpg",500,445,false],"large":["https:\/\/deliciaspersas.com\/wp-content\/uploads\/Kamchin-Halim-e1699030350151.jpg",500,445,false],"1536x1536":["https:\/\/deliciaspersas.com\/wp-content\/uploads\/Kamchin-Halim-e1699030350151.jpg",500,445,false],"2048x2048":["https:\/\/deliciaspersas.com\/wp-content\/uploads\/Kamchin-Halim-e1699030350151.jpg",500,445,false],"woocommerce_thumbnail":["https:\/\/deliciaspersas.com\/wp-content\/uploads\/Kamchin-Halim-e1699030350151-300x300.jpg",300,300,true],"woocommerce_single":["https:\/\/deliciaspersas.com\/wp-content\/uploads\/Kamchin-Halim-e1699030350151.jpg",500,445,false],"woocommerce_gallery_thumbnail":["https:\/\/deliciaspersas.com\/wp-content\/uploads\/Kamchin-Halim-e1699030350151-100x100.jpg",100,100,true]},"uagb_author_info":{"display_name":"admin","author_link":"https:\/\/deliciaspersas.com\/fa\/author\/"},"uagb_comment_info":0,"uagb_excerpt":"Halim 500g Kamchin Informaci\u00f3n del producto: El ghormeh sabzi es un plato t\u00edpico de la gastronom\u00eda persa muy selecto por su sabor. Ingredientes y al\u00e9rgenos: El gjormeh sabzi es un guiso picante, sabroso y con sabor a c\u00edtrico est\u00e1 hecho con una mezcla de hierbas salteadas. Adem\u00e1s incluye\u00a0 perejil, puerros o cebolletas, cilantro, as\u00ed como&hellip;","brands":[{"id":52,"name":"Donya","slug":"donya"},{"id":69,"name":"Kamchin","slug":"kamchin"}],"_links":{"self":[{"href":"https:\/\/deliciaspersas.com\/fa\/wp-json\/wp\/v2\/product\/16045"}],"collection":[{"href":"https:\/\/deliciaspersas.com\/fa\/wp-json\/wp\/v2\/product"}],"about":[{"href":"https:\/\/deliciaspersas.com\/fa\/wp-json\/wp\/v2\/types\/product"}],"wp:featuredmedia":[{"embeddable":true,"href":"https:\/\/deliciaspersas.com\/fa\/wp-json\/wp\/v2\/media\/12441"}],"wp:attachment":[{"href":"https:\/\/deliciaspersas.com\/fa\/wp-json\/wp\/v2\/media?parent=16045"}],"wp:term":[{"taxonomy":"pwb-brand","embeddable":true,"href":"https:\/\/deliciaspersas.com\/fa\/wp-json\/wp\/v2\/pwb-brand?post=16045"},{"taxonomy":"product_cat","embeddable":true,"href":"https:\/\/deliciaspersas.com\/fa\/wp-json\/wp\/v2\/product_cat?post=16045"},{"taxonomy":"product_tag","embeddable":true,"href":"https:\/\/deliciaspersas.com\/fa\/wp-json\/wp\/v2\/product_tag?post=16045"}],"curies":[{"name":"wp","href":"https:\/\/api.w.org\/{rel}","templated":true}]}}