{"id":16615,"date":"2025-03-06T16:28:15","date_gmt":"2025-03-06T15:28:15","guid":{"rendered":"https:\/\/deliciaspersas.com\/?post_type=product&#038;p=16615"},"modified":"2026-03-24T19:43:28","modified_gmt":"2026-03-24T18:43:28","slug":"hierbas-fritas-sabzi-sorkh-shode-460g-hani","status":"publish","type":"product","link":"https:\/\/deliciaspersas.com\/fa\/tienda\/ready\/hierbas-fritas-sabzi-sorkh-shode-460g-hani\/","title":{"rendered":"Hierbas fritas Sabzi sorkh shode 460g Hani"},"content":{"rendered":"<h1>Hierbas fritas Sabzi sorkh shode 460g Hani<\/h1>\n<p>&nbsp;<\/p>\n<h6>Informaci\u00f3n del producto:<\/h6>\n<p class=\"title\" data-asset-id=\"967547802\">Estas hierbas fritas ( perejil, cebollino, korainder y fenogreco ) son cocidas al vapor y se conservan ligeramente. Son empleadas para la preparaci\u00f3n del ghormeh Sabzi.<\/p>\n<h6>Ingredientes y al\u00e9rgenos:<\/h6>\n<p>est\u00e1 compuesto de perejil, cebollino, korainder y fenogreco. Estas son cocidas al vapor.<\/p>\n<h6>Condiciones de conservaci\u00f3n:<\/h6>\n<p>Conservar en un lugar fresco, seco y protegido de la luz.<\/p>\n<h6>Usos:<\/h6>\n<p>Estas hierbas fritas son\u00a0empleadas para la preparaci\u00f3n del ghormeh Sabzi.<\/p>\n<h6>Beneficios:<\/h6>\n<p>Prejil es un integrante de estas hierbas fritas y ayuda en la digesti\u00f3n. El perejil es remedio para las digestiones lentas por ser antiinflamatorio y rico en minerales.<\/p>\n<p>Es rico en potasio y se concidera como un diur\u00e9tico. Es un gran antioxidante y alivia las picaduras. Tambi\u00e9n esta planta protege los huesos.<\/p>\n<p>Cebollino es otro integrante de las hierbas fritas y reduce el colesterol.<\/p>\n<p>Tambi\u00e9n mejora la circulaci\u00f3n y combate el c\u00e1ncer.\u00a0Gracias a su contenido en vitamina C, ayuda al organismo a protegerse se las infecciones y mejora el sistema inmune.<\/p>\n<p>Su aporte en antioxidantes, le convierten en un aliado perfecto contra el envejecimiento celular.<\/p>\n<p>Fenogreco es otro integrante de estas hierbas fritas y\u00a0act\u00faan como un t\u00f3nico amargo, que favorece la recuperaci\u00f3n del apetito y ayuda a regular la digesti\u00f3n.<\/p>\n<p>Tambi\u00e9n como remedio tradicional de herbolario, la alholva se ha recomendado como un reconstituyente natural, que puede ayudar a fortalecer el organismo, y como acompa\u00f1amiento de terapias diet\u00e9ticas para aumentar de peso.<\/p>\n<p>Es un apoyo v\u00e1lido en casos de anorexia moderada, delgadez excesiva y debilidad f\u00edsica.<\/p>\n<p>Por su efecto antiinflamatorio a nivel digestivo, es un recurso eficaz para tratar la gastritis\u00a0y los c\u00f3licos.<\/p>\n<p>Alivia el dolor de los espasmos gastrointestinales y ayuda a recuperar el normal funcionamiento de los \u00f3rganos de la digesti\u00f3n.<\/p>\n","protected":false},"excerpt":{"rendered":"<p>Hierbas fritas Sabzi sorkh shode 460g Hani &nbsp; Informaci\u00f3n del producto: Estas hierbas fritas ( perejil, cebollino, korainder y fenogreco ) son cocidas al vapor y se conservan ligeramente. Son empleadas para la preparaci\u00f3n del ghormeh Sabzi. Ingredientes y al\u00e9rgenos: est\u00e1 compuesto de perejil, cebollino, korainder y fenogreco. Estas son cocidas al vapor. Condiciones de [&hellip;]<\/p>\n","protected":false},"featured_media":16616,"template":"","meta":{"_surecart_dashboard_logo_width":"180px","_surecart_dashboard_show_logo":true,"_surecart_dashboard_navigation_orders":true,"_surecart_dashboard_navigation_invoices":true,"_surecart_dashboard_navigation_subscriptions":true,"_surecart_dashboard_navigation_downloads":true,"_surecart_dashboard_navigation_billing":true,"_surecart_dashboard_navigation_account":true,"_uag_custom_page_level_css":"","site-sidebar-layout":"default","site-content-layout":"default","ast-site-content-layout":"default","site-content-style":"default","site-sidebar-style":"default","ast-global-header-display":"","ast-banner-title-visibility":"","ast-main-header-display":"","ast-hfb-above-header-display":"","ast-hfb-below-header-display":"","ast-hfb-mobile-header-display":"","site-post-title":"","ast-breadcrumbs-content":"","ast-featured-img":"","footer-sml-layout":"","theme-transparent-header-meta":"default","adv-header-id-meta":"","stick-header-meta":"","header-above-stick-meta":"","header-main-stick-meta":"","header-below-stick-meta":"","astra-migrate-meta-layouts":"set","ast-page-background-enabled":"default","ast-page-background-meta":{"desktop":{"background-color":"","background-image":"","background-repeat":"repeat","background-position":"center center","background-size":"auto","background-attachment":"scroll","background-type":"","background-media":"","overlay-type":"","overlay-color":"","overlay-opacity":"","overlay-gradient":""},"tablet":{"background-color":"","background-image":"","background-repeat":"repeat","background-position":"center center","background-size":"auto","background-attachment":"scroll","background-type":"","background-media":"","overlay-type":"","overlay-color":"","overlay-opacity":"","overlay-gradient":""},"mobile":{"background-color":"","background-image":"","background-repeat":"repeat","background-position":"center center","background-size":"auto","background-attachment":"scroll","background-type":"","background-media":"","overlay-type":"","overlay-color":"","overlay-opacity":"","overlay-gradient":""}},"ast-content-background-meta":{"desktop":{"background-color":"var(--ast-global-color-5)","background-image":"","background-repeat":"repeat","background-position":"center center","background-size":"auto","background-attachment":"scroll","background-type":"","background-media":"","overlay-type":"","overlay-color":"","overlay-opacity":"","overlay-gradient":""},"tablet":{"background-color":"var(--ast-global-color-5)","background-image":"","background-repeat":"repeat","background-position":"center center","background-size":"auto","background-attachment":"scroll","background-type":"","background-media":"","overlay-type":"","overlay-color":"","overlay-opacity":"","overlay-gradient":""},"mobile":{"background-color":"var(--ast-global-color-5)","background-image":"","background-repeat":"repeat","background-position":"center center","background-size":"auto","background-attachment":"scroll","background-type":"","background-media":"","overlay-type":"","overlay-color":"","overlay-opacity":"","overlay-gradient":""}}},"pwb-brand":[1248],"product_cat":[35,41,34],"product_tag":[1516,1000,607,811,1001],"class_list":{"0":"post-16615","1":"product","2":"type-product","3":"status-publish","4":"has-post-thumbnail","6":"pwb-brand-hani","7":"product_cat-conservas","8":"product_cat-hierbas","9":"product_cat-ready","10":"product_tag-banu","11":"product_tag-fritas","12":"product_tag-hierbas","13":"product_tag-verduras","14":"product_tag-1001","15":"desktop-align-center","16":"tablet-align-center","17":"mobile-align-center","19":"first","20":"instock","21":"taxable","22":"shipping-taxable","23":"purchasable","24":"product-type-simple"},"yoast_head":"<!-- This site is optimized with the Yoast SEO plugin v23.6 - https:\/\/yoast.com\/wordpress\/plugins\/seo\/ -->\n<title>Hierbas fritas Sabzi sorkh shode 460g Hani - Delicias Persas<\/title>\n<meta name=\"description\" content=\"Estas hierbas fritas ( perejil, cebollino, korainder y fenogreco ) son cocidas al vapor. Son empleadas para la preparaci\u00f3n del ghormeh Sabzi.\" \/>\n<meta name=\"robots\" content=\"index, follow, max-snippet:-1, max-image-preview:large, max-video-preview:-1\" \/>\n<link rel=\"canonical\" href=\"https:\/\/deliciaspersas.com\/fa\/tienda\/ready\/hierbas-fritas-sabzi-sorkh-shode-460g-hani\/\" \/>\n<meta property=\"og:locale\" content=\"fa_IR\" \/>\n<meta property=\"og:type\" content=\"article\" \/>\n<meta property=\"og:title\" content=\"Hierbas fritas Sabzi sorkh shode 460g Hani - Delicias Persas\" \/>\n<meta property=\"og:description\" content=\"Estas hierbas fritas ( perejil, cebollino, korainder y fenogreco ) son cocidas al vapor. Son empleadas para la preparaci\u00f3n del ghormeh Sabzi.\" \/>\n<meta property=\"og:url\" content=\"https:\/\/deliciaspersas.com\/fa\/tienda\/ready\/hierbas-fritas-sabzi-sorkh-shode-460g-hani\/\" \/>\n<meta property=\"og:site_name\" content=\"Delicias Persas\" \/>\n<meta property=\"article:publisher\" content=\"https:\/\/www.facebook.com\/Deliciaspersas\" \/>\n<meta property=\"article:modified_time\" content=\"2026-03-24T18:43:28+00:00\" \/>\n<meta property=\"og:image\" content=\"https:\/\/deliciaspersas.com\/wp-content\/uploads\/Hierbas-fritas-Dayan.jpg\" \/>\n\t<meta property=\"og:image:width\" content=\"460\" \/>\n\t<meta property=\"og:image:height\" content=\"460\" \/>\n\t<meta property=\"og:image:type\" content=\"image\/jpeg\" \/>\n<meta name=\"twitter:card\" content=\"summary_large_image\" \/>\n<meta name=\"twitter:label1\" content=\"\u0632\u0645\u0627\u0646 \u062a\u0642\u0631\u06cc\u0628\u06cc \u0628\u0631\u0627\u06cc \u062e\u0648\u0627\u0646\u062f\u0646\" \/>\n\t<meta name=\"twitter:data1\" content=\"2 \u062f\u0642\u06cc\u0642\u0647\" \/>\n<script type=\"application\/ld+json\" class=\"yoast-schema-graph\">{\"@context\":\"https:\/\/schema.org\",\"@graph\":[{\"@type\":\"WebPage\",\"@id\":\"https:\/\/deliciaspersas.com\/fa\/tienda\/ready\/hierbas-fritas-sabzi-sorkh-shode-460g-hani\/\",\"url\":\"https:\/\/deliciaspersas.com\/fa\/tienda\/ready\/hierbas-fritas-sabzi-sorkh-shode-460g-hani\/\",\"name\":\"Hierbas fritas Sabzi sorkh shode 460g Hani - Delicias Persas\",\"isPartOf\":{\"@id\":\"https:\/\/deliciaspersas.com\/fa\/#website\"},\"primaryImageOfPage\":{\"@id\":\"https:\/\/deliciaspersas.com\/fa\/tienda\/ready\/hierbas-fritas-sabzi-sorkh-shode-460g-hani\/#primaryimage\"},\"image\":{\"@id\":\"https:\/\/deliciaspersas.com\/fa\/tienda\/ready\/hierbas-fritas-sabzi-sorkh-shode-460g-hani\/#primaryimage\"},\"thumbnailUrl\":\"https:\/\/deliciaspersas.com\/wp-content\/uploads\/Hierbas-fritas-Dayan.jpg\",\"datePublished\":\"2025-03-06T15:28:15+00:00\",\"dateModified\":\"2026-03-24T18:43:28+00:00\",\"description\":\"Estas hierbas fritas ( perejil, cebollino, korainder y fenogreco ) son cocidas al vapor. Son empleadas para la preparaci\u00f3n del ghormeh Sabzi.\",\"breadcrumb\":{\"@id\":\"https:\/\/deliciaspersas.com\/fa\/tienda\/ready\/hierbas-fritas-sabzi-sorkh-shode-460g-hani\/#breadcrumb\"},\"inLanguage\":\"fa-IR\",\"potentialAction\":[{\"@type\":\"ReadAction\",\"target\":[\"https:\/\/deliciaspersas.com\/fa\/tienda\/ready\/hierbas-fritas-sabzi-sorkh-shode-460g-hani\/\"]}]},{\"@type\":\"ImageObject\",\"inLanguage\":\"fa-IR\",\"@id\":\"https:\/\/deliciaspersas.com\/fa\/tienda\/ready\/hierbas-fritas-sabzi-sorkh-shode-460g-hani\/#primaryimage\",\"url\":\"https:\/\/deliciaspersas.com\/wp-content\/uploads\/Hierbas-fritas-Dayan.jpg\",\"contentUrl\":\"https:\/\/deliciaspersas.com\/wp-content\/uploads\/Hierbas-fritas-Dayan.jpg\",\"width\":460,\"height\":460},{\"@type\":\"BreadcrumbList\",\"@id\":\"https:\/\/deliciaspersas.com\/fa\/tienda\/ready\/hierbas-fritas-sabzi-sorkh-shode-460g-hani\/#breadcrumb\",\"itemListElement\":[{\"@type\":\"ListItem\",\"position\":1,\"name\":\"Portada\",\"item\":\"https:\/\/deliciaspersas.com\/fa\/\"},{\"@type\":\"ListItem\",\"position\":2,\"name\":\"Tienda\",\"item\":\"https:\/\/deliciaspersas.com\/\"},{\"@type\":\"ListItem\",\"position\":3,\"name\":\"Hierbas fritas Sabzi sorkh shode 460g Hani\"}]},{\"@type\":\"WebSite\",\"@id\":\"https:\/\/deliciaspersas.com\/fa\/#website\",\"url\":\"https:\/\/deliciaspersas.com\/fa\/\",\"name\":\"Delicias Persas\",\"description\":\"Gastronom&iacute;a persa al alcance de tus manos\",\"publisher\":{\"@id\":\"https:\/\/deliciaspersas.com\/fa\/#organization\"},\"potentialAction\":[{\"@type\":\"SearchAction\",\"target\":{\"@type\":\"EntryPoint\",\"urlTemplate\":\"https:\/\/deliciaspersas.com\/fa\/?s={search_term_string}\"},\"query-input\":{\"@type\":\"PropertyValueSpecification\",\"valueRequired\":true,\"valueName\":\"search_term_string\"}}],\"inLanguage\":\"fa-IR\"},{\"@type\":\"Organization\",\"@id\":\"https:\/\/deliciaspersas.com\/fa\/#organization\",\"name\":\"Delicias Persas\",\"url\":\"https:\/\/deliciaspersas.com\/fa\/\",\"logo\":{\"@type\":\"ImageObject\",\"inLanguage\":\"fa-IR\",\"@id\":\"https:\/\/deliciaspersas.com\/fa\/#\/schema\/logo\/image\/\",\"url\":\"https:\/\/deliciaspersas.com\/wp-content\/uploads\/2020\/07\/logo-2020.png\",\"contentUrl\":\"https:\/\/deliciaspersas.com\/wp-content\/uploads\/2020\/07\/logo-2020.png\",\"width\":520,\"height\":490,\"caption\":\"Delicias Persas\"},\"image\":{\"@id\":\"https:\/\/deliciaspersas.com\/fa\/#\/schema\/logo\/image\/\"},\"sameAs\":[\"https:\/\/www.facebook.com\/Deliciaspersas\",\"https:\/\/www.instagram.com\/delicias_persas\/\",\"https:\/\/www.linkedin.com\/delicias-persas\"]}]}<\/script>\n<!-- \/ Yoast SEO plugin. -->","yoast_head_json":{"title":"Hierbas fritas Sabzi sorkh shode 460g Hani - Delicias Persas","description":"Estas hierbas fritas ( perejil, cebollino, korainder y fenogreco ) son cocidas al vapor. Son empleadas para la preparaci\u00f3n del ghormeh Sabzi.","robots":{"index":"index","follow":"follow","max-snippet":"max-snippet:-1","max-image-preview":"max-image-preview:large","max-video-preview":"max-video-preview:-1"},"canonical":"https:\/\/deliciaspersas.com\/fa\/tienda\/ready\/hierbas-fritas-sabzi-sorkh-shode-460g-hani\/","og_locale":"fa_IR","og_type":"article","og_title":"Hierbas fritas Sabzi sorkh shode 460g Hani - Delicias Persas","og_description":"Estas hierbas fritas ( perejil, cebollino, korainder y fenogreco ) son cocidas al vapor. Son empleadas para la preparaci\u00f3n del ghormeh Sabzi.","og_url":"https:\/\/deliciaspersas.com\/fa\/tienda\/ready\/hierbas-fritas-sabzi-sorkh-shode-460g-hani\/","og_site_name":"Delicias Persas","article_publisher":"https:\/\/www.facebook.com\/Deliciaspersas","article_modified_time":"2026-03-24T18:43:28+00:00","og_image":[{"width":460,"height":460,"url":"https:\/\/deliciaspersas.com\/wp-content\/uploads\/Hierbas-fritas-Dayan.jpg","type":"image\/jpeg"}],"twitter_card":"summary_large_image","twitter_misc":{"\u0632\u0645\u0627\u0646 \u062a\u0642\u0631\u06cc\u0628\u06cc \u0628\u0631\u0627\u06cc \u062e\u0648\u0627\u0646\u062f\u0646":"2 \u062f\u0642\u06cc\u0642\u0647"},"schema":{"@context":"https:\/\/schema.org","@graph":[{"@type":"WebPage","@id":"https:\/\/deliciaspersas.com\/fa\/tienda\/ready\/hierbas-fritas-sabzi-sorkh-shode-460g-hani\/","url":"https:\/\/deliciaspersas.com\/fa\/tienda\/ready\/hierbas-fritas-sabzi-sorkh-shode-460g-hani\/","name":"Hierbas fritas Sabzi sorkh shode 460g Hani - Delicias Persas","isPartOf":{"@id":"https:\/\/deliciaspersas.com\/fa\/#website"},"primaryImageOfPage":{"@id":"https:\/\/deliciaspersas.com\/fa\/tienda\/ready\/hierbas-fritas-sabzi-sorkh-shode-460g-hani\/#primaryimage"},"image":{"@id":"https:\/\/deliciaspersas.com\/fa\/tienda\/ready\/hierbas-fritas-sabzi-sorkh-shode-460g-hani\/#primaryimage"},"thumbnailUrl":"https:\/\/deliciaspersas.com\/wp-content\/uploads\/Hierbas-fritas-Dayan.jpg","datePublished":"2025-03-06T15:28:15+00:00","dateModified":"2026-03-24T18:43:28+00:00","description":"Estas hierbas fritas ( perejil, cebollino, korainder y fenogreco ) son cocidas al vapor. Son empleadas para la preparaci\u00f3n del ghormeh Sabzi.","breadcrumb":{"@id":"https:\/\/deliciaspersas.com\/fa\/tienda\/ready\/hierbas-fritas-sabzi-sorkh-shode-460g-hani\/#breadcrumb"},"inLanguage":"fa-IR","potentialAction":[{"@type":"ReadAction","target":["https:\/\/deliciaspersas.com\/fa\/tienda\/ready\/hierbas-fritas-sabzi-sorkh-shode-460g-hani\/"]}]},{"@type":"ImageObject","inLanguage":"fa-IR","@id":"https:\/\/deliciaspersas.com\/fa\/tienda\/ready\/hierbas-fritas-sabzi-sorkh-shode-460g-hani\/#primaryimage","url":"https:\/\/deliciaspersas.com\/wp-content\/uploads\/Hierbas-fritas-Dayan.jpg","contentUrl":"https:\/\/deliciaspersas.com\/wp-content\/uploads\/Hierbas-fritas-Dayan.jpg","width":460,"height":460},{"@type":"BreadcrumbList","@id":"https:\/\/deliciaspersas.com\/fa\/tienda\/ready\/hierbas-fritas-sabzi-sorkh-shode-460g-hani\/#breadcrumb","itemListElement":[{"@type":"ListItem","position":1,"name":"Portada","item":"https:\/\/deliciaspersas.com\/fa\/"},{"@type":"ListItem","position":2,"name":"Tienda","item":"https:\/\/deliciaspersas.com\/"},{"@type":"ListItem","position":3,"name":"Hierbas fritas Sabzi sorkh shode 460g Hani"}]},{"@type":"WebSite","@id":"https:\/\/deliciaspersas.com\/fa\/#website","url":"https:\/\/deliciaspersas.com\/fa\/","name":"Delicias Persas","description":"Gastronom&iacute;a persa al alcance de tus manos","publisher":{"@id":"https:\/\/deliciaspersas.com\/fa\/#organization"},"potentialAction":[{"@type":"SearchAction","target":{"@type":"EntryPoint","urlTemplate":"https:\/\/deliciaspersas.com\/fa\/?s={search_term_string}"},"query-input":{"@type":"PropertyValueSpecification","valueRequired":true,"valueName":"search_term_string"}}],"inLanguage":"fa-IR"},{"@type":"Organization","@id":"https:\/\/deliciaspersas.com\/fa\/#organization","name":"Delicias Persas","url":"https:\/\/deliciaspersas.com\/fa\/","logo":{"@type":"ImageObject","inLanguage":"fa-IR","@id":"https:\/\/deliciaspersas.com\/fa\/#\/schema\/logo\/image\/","url":"https:\/\/deliciaspersas.com\/wp-content\/uploads\/2020\/07\/logo-2020.png","contentUrl":"https:\/\/deliciaspersas.com\/wp-content\/uploads\/2020\/07\/logo-2020.png","width":520,"height":490,"caption":"Delicias Persas"},"image":{"@id":"https:\/\/deliciaspersas.com\/fa\/#\/schema\/logo\/image\/"},"sameAs":["https:\/\/www.facebook.com\/Deliciaspersas","https:\/\/www.instagram.com\/delicias_persas\/","https:\/\/www.linkedin.com\/delicias-persas"]}]}},"uagb_featured_image_src":{"full":["https:\/\/deliciaspersas.com\/wp-content\/uploads\/Hierbas-fritas-Dayan.jpg",460,460,false],"thumbnail":["https:\/\/deliciaspersas.com\/wp-content\/uploads\/Hierbas-fritas-Dayan-150x150.jpg",150,150,true],"medium":["https:\/\/deliciaspersas.com\/wp-content\/uploads\/Hierbas-fritas-Dayan-300x300.jpg",300,300,true],"medium_large":["https:\/\/deliciaspersas.com\/wp-content\/uploads\/Hierbas-fritas-Dayan.jpg",460,460,false],"large":["https:\/\/deliciaspersas.com\/wp-content\/uploads\/Hierbas-fritas-Dayan.jpg",460,460,false],"1536x1536":["https:\/\/deliciaspersas.com\/wp-content\/uploads\/Hierbas-fritas-Dayan.jpg",460,460,false],"2048x2048":["https:\/\/deliciaspersas.com\/wp-content\/uploads\/Hierbas-fritas-Dayan.jpg",460,460,false],"woocommerce_thumbnail":["https:\/\/deliciaspersas.com\/wp-content\/uploads\/Hierbas-fritas-Dayan-300x300.jpg",300,300,true],"woocommerce_single":["https:\/\/deliciaspersas.com\/wp-content\/uploads\/Hierbas-fritas-Dayan.jpg",460,460,false],"woocommerce_gallery_thumbnail":["https:\/\/deliciaspersas.com\/wp-content\/uploads\/Hierbas-fritas-Dayan-100x100.jpg",100,100,true]},"uagb_author_info":{"display_name":"admin","author_link":"https:\/\/deliciaspersas.com\/fa\/author\/"},"uagb_comment_info":0,"uagb_excerpt":"Hierbas fritas Sabzi sorkh shode 460g Hani &nbsp; Informaci\u00f3n del producto: Estas hierbas fritas ( perejil, cebollino, korainder y fenogreco ) son cocidas al vapor y se conservan ligeramente. Son empleadas para la preparaci\u00f3n del ghormeh Sabzi. Ingredientes y al\u00e9rgenos: est\u00e1 compuesto de perejil, cebollino, korainder y fenogreco. Estas son cocidas al vapor. Condiciones de&hellip;","brands":[{"id":1248,"name":"Hani","slug":"hani"}],"_links":{"self":[{"href":"https:\/\/deliciaspersas.com\/fa\/wp-json\/wp\/v2\/product\/16615"}],"collection":[{"href":"https:\/\/deliciaspersas.com\/fa\/wp-json\/wp\/v2\/product"}],"about":[{"href":"https:\/\/deliciaspersas.com\/fa\/wp-json\/wp\/v2\/types\/product"}],"wp:featuredmedia":[{"embeddable":true,"href":"https:\/\/deliciaspersas.com\/fa\/wp-json\/wp\/v2\/media\/16616"}],"wp:attachment":[{"href":"https:\/\/deliciaspersas.com\/fa\/wp-json\/wp\/v2\/media?parent=16615"}],"wp:term":[{"taxonomy":"pwb-brand","embeddable":true,"href":"https:\/\/deliciaspersas.com\/fa\/wp-json\/wp\/v2\/pwb-brand?post=16615"},{"taxonomy":"product_cat","embeddable":true,"href":"https:\/\/deliciaspersas.com\/fa\/wp-json\/wp\/v2\/product_cat?post=16615"},{"taxonomy":"product_tag","embeddable":true,"href":"https:\/\/deliciaspersas.com\/fa\/wp-json\/wp\/v2\/product_tag?post=16615"}],"curies":[{"name":"wp","href":"https:\/\/api.w.org\/{rel}","templated":true}]}}