{"id":16757,"date":"2025-03-26T10:50:25","date_gmt":"2025-03-26T09:50:25","guid":{"rendered":"https:\/\/deliciaspersas.com\/?post_type=product&#038;p=16757"},"modified":"2025-03-26T10:52:59","modified_gmt":"2025-03-26T09:52:59","slug":"pack-2-unidades-pepinillos-en-escabeche-especial-khiar-shoor-vizheh-680g-esalat","status":"publish","type":"product","link":"https:\/\/deliciaspersas.com\/fa\/tienda\/nuevos-productos\/pack-2-unidades-pepinillos-en-escabeche-especial-khiar-shoor-vizheh-680g-esalat\/","title":{"rendered":"Pack 2 unidades Pepinillos en escabeche especial (Khiar shoor vizheh) 680g Esalat"},"content":{"rendered":"<h1>Pack 2 unidades Pepinillos en escabeche especial (Khiar shoor vizheh) 680g Esalat<\/h1>\n<h6>Informaci\u00f3n del producto:<\/h6>\n<p>Los pepinillos en escabeche, es una de las hortalizas m\u00e1s sembradas a nivel mundial, ya que, de acuerdo con las estad\u00edsticas actuales, \u00a0posee el cuarto lugar en distribuci\u00f3n y cultivo.<\/p>\n<p>Las propiedades nutricionales del pepinillo son numerosas:<\/p>\n<ul>\n<li>Prote\u00ednas.<\/li>\n<li>L\u00edpidos<\/li>\n<li>Minerales (manganeso, hierro, cobre, yodo).<\/li>\n<li>Vitaminas B y C y, en menor medida, vitamina K.<\/li>\n<\/ul>\n<p>Muy bajo en calor\u00edas, el pepinillo se compone principalmente de agua (\u00b1 96%) y cuenta con tal solo 18 kcal \/ 100 gramos. Eso s\u00ed, debes tener en cuenta que una porci\u00f3n de 4 pepinillos, generalmente la de un adulto, no tiene m\u00e1s de cinco calor\u00edas.<\/p>\n<h6>Usos:<\/h6>\n<p>Acompa\u00f1ante, aperitivo.<\/p>\n<h6>Beneficios:<\/h6>\n<p>El agua y la fibra insoluble que poseen los\u00a0pepinillos\u00a0ayudan a aquellas personas que presentan dificultades de estre\u00f1imiento, e incluso, existen en el mercado diversos tratamientos alternativos contra el estre\u00f1imiento, utilizando exclusivamente\u00a0pepinillos en vinagre.<\/p>\n<p>Este producto es una fuente asombrosa de minerales, tal es el caso del potasio, el magnesio y el silicio.<\/p>\n<p>Cuando estos minerales ingresan a tu cuerpo, inmediatamente inician su funci\u00f3n de tonificar, mejorar y suavizar el aspecto de tu piel.<\/p>\n<p>El\u00a0\u00edndice gluc\u00e9mico\u00a0de este alimento es altamente bajo, lo que indica que su ingesta no generar\u00e1 picos de glucosa en la sangre que recarguen al p\u00e1ncreas.<\/p>\n<p>Quiz\u00e1 lo m\u00e1s importante radica en la hormona que posee el\u00a0pepinillo\u00a0y que las c\u00e9lulas beta de tu p\u00e1ncreas necesita para extractar la insulina.<\/p>\n<p>El potasio, la fibra y el magnesio que aportan los pepinillos en escabeche a tu dieta, ayudar\u00e1n sobre tu presi\u00f3n arterial, empezar\u00e1n a reducirla. Tambi\u00e9n el potasio, el magnesio y la fibra en una dieta equilibrada, pueden reducir 3 puntos la presi\u00f3n diast\u00f3lica y hasta en 5.5 puntos la sist\u00f3lica.<\/p>\n<h6>Ingredientes y al\u00e9rgenos:<\/h6>\n<p>Se compone de Pepinos, Vinagre, Sal: 4.5% m\u00e1ximo, Pimienta, Ajo, Estrag\u00f3n.<\/p>\n<h6>Condiciones de conservaci\u00f3n:<\/h6>\n<p>Conservar en un lugar fresco, seco y protegido de la luz.<\/p>\n<h6>Informaci\u00f3n adicional:<\/h6>\n<p>Fabricado por: Esalat<\/p>\n","protected":false},"excerpt":{"rendered":"<p>Pack 2 unidades Pepinillos en escabeche especial (Khiar shoor vizheh) 680g Esalat Informaci\u00f3n del producto: Los pepinillos en escabeche, es una de las hortalizas m\u00e1s sembradas a nivel mundial, ya que, de acuerdo con las estad\u00edsticas actuales, \u00a0posee el cuarto lugar en distribuci\u00f3n y cultivo. Las propiedades nutricionales del pepinillo son numerosas: Prote\u00ednas. L\u00edpidos Minerales [&hellip;]<\/p>\n","protected":false},"featured_media":13523,"template":"","meta":{"_surecart_dashboard_logo_width":"180px","_surecart_dashboard_show_logo":true,"_surecart_dashboard_navigation_orders":true,"_surecart_dashboard_navigation_invoices":true,"_surecart_dashboard_navigation_subscriptions":true,"_surecart_dashboard_navigation_downloads":true,"_surecart_dashboard_navigation_billing":true,"_surecart_dashboard_navigation_account":true,"_uag_custom_page_level_css":"","site-sidebar-layout":"default","site-content-layout":"","ast-site-content-layout":"default","site-content-style":"default","site-sidebar-style":"default","ast-global-header-display":"","ast-banner-title-visibility":"","ast-main-header-display":"","ast-hfb-above-header-display":"","ast-hfb-below-header-display":"","ast-hfb-mobile-header-display":"","site-post-title":"","ast-breadcrumbs-content":"","ast-featured-img":"","footer-sml-layout":"","theme-transparent-header-meta":"default","adv-header-id-meta":"","stick-header-meta":"","header-above-stick-meta":"","header-main-stick-meta":"","header-below-stick-meta":"","astra-migrate-meta-layouts":"set","ast-page-background-enabled":"default","ast-page-background-meta":{"desktop":{"background-color":"","background-image":"","background-repeat":"repeat","background-position":"center center","background-size":"auto","background-attachment":"scroll","background-type":"","background-media":"","overlay-type":"","overlay-color":"","overlay-opacity":"","overlay-gradient":""},"tablet":{"background-color":"","background-image":"","background-repeat":"repeat","background-position":"center center","background-size":"auto","background-attachment":"scroll","background-type":"","background-media":"","overlay-type":"","overlay-color":"","overlay-opacity":"","overlay-gradient":""},"mobile":{"background-color":"","background-image":"","background-repeat":"repeat","background-position":"center center","background-size":"auto","background-attachment":"scroll","background-type":"","background-media":"","overlay-type":"","overlay-color":"","overlay-opacity":"","overlay-gradient":""}},"ast-content-background-meta":{"desktop":{"background-color":"var(--ast-global-color-5)","background-image":"","background-repeat":"repeat","background-position":"center center","background-size":"auto","background-attachment":"scroll","background-type":"","background-media":"","overlay-type":"","overlay-color":"","overlay-opacity":"","overlay-gradient":""},"tablet":{"background-color":"var(--ast-global-color-5)","background-image":"","background-repeat":"repeat","background-position":"center center","background-size":"auto","background-attachment":"scroll","background-type":"","background-media":"","overlay-type":"","overlay-color":"","overlay-opacity":"","overlay-gradient":""},"mobile":{"background-color":"var(--ast-global-color-5)","background-image":"","background-repeat":"repeat","background-position":"center center","background-size":"auto","background-attachment":"scroll","background-type":"","background-media":"","overlay-type":"","overlay-color":"","overlay-opacity":"","overlay-gradient":""}}},"pwb-brand":[183],"product_cat":[1129,106],"product_tag":[592,1683,1132,1682,601,344],"class_list":{"0":"post-16757","1":"product","2":"type-product","3":"status-publish","4":"has-post-thumbnail","6":"pwb-brand-esalat","7":"product_cat-esalat","8":"product_cat-nuevos-productos","9":"product_tag-ajo","10":"product_tag-cucambers","11":"product_tag-esalat","12":"product_tag-pepinillos","13":"product_tag-vinagre","14":"product_tag-344","15":"desktop-align-center","16":"tablet-align-center","17":"mobile-align-center","19":"first","20":"instock","21":"taxable","22":"shipping-taxable","23":"purchasable","24":"product-type-simple"},"yoast_head":"<!-- This site is optimized with the Yoast SEO plugin v23.6 - https:\/\/yoast.com\/wordpress\/plugins\/seo\/ -->\n<title>Pack 2 unidades Pepinillos en escabeche especial (Khiar shoor vizheh) 680g Esalat - Delicias Persas<\/title>\n<meta name=\"robots\" content=\"index, follow, max-snippet:-1, max-image-preview:large, max-video-preview:-1\" \/>\n<link rel=\"canonical\" href=\"https:\/\/deliciaspersas.com\/fa\/tienda\/nuevos-productos\/pack-2-unidades-pepinillos-en-escabeche-especial-khiar-shoor-vizheh-680g-esalat\/\" \/>\n<meta property=\"og:locale\" content=\"fa_IR\" \/>\n<meta property=\"og:type\" content=\"article\" \/>\n<meta property=\"og:title\" content=\"Pack 2 unidades Pepinillos en escabeche especial (Khiar shoor vizheh) 680g Esalat - Delicias Persas\" \/>\n<meta property=\"og:description\" content=\"Pack 2 unidades Pepinillos en escabeche especial (Khiar shoor vizheh) 680g Esalat Informaci\u00f3n del producto: Los pepinillos en escabeche, es una de las hortalizas m\u00e1s sembradas a nivel mundial, ya que, de acuerdo con las estad\u00edsticas actuales, \u00a0posee el cuarto lugar en distribuci\u00f3n y cultivo. Las propiedades nutricionales del pepinillo son numerosas: Prote\u00ednas. L\u00edpidos Minerales [&hellip;]\" \/>\n<meta property=\"og:url\" content=\"https:\/\/deliciaspersas.com\/fa\/tienda\/nuevos-productos\/pack-2-unidades-pepinillos-en-escabeche-especial-khiar-shoor-vizheh-680g-esalat\/\" \/>\n<meta property=\"og:site_name\" content=\"Delicias Persas\" \/>\n<meta property=\"article:publisher\" content=\"https:\/\/www.facebook.com\/Deliciaspersas\" \/>\n<meta property=\"article:modified_time\" content=\"2025-03-26T09:52:59+00:00\" \/>\n<meta property=\"og:image\" content=\"https:\/\/deliciaspersas.com\/wp-content\/uploads\/Khiarshoor-vizhe-.jpg\" \/>\n\t<meta property=\"og:image:width\" content=\"843\" \/>\n\t<meta property=\"og:image:height\" content=\"1080\" \/>\n\t<meta property=\"og:image:type\" content=\"image\/jpeg\" \/>\n<meta name=\"twitter:card\" content=\"summary_large_image\" \/>\n<meta name=\"twitter:label1\" content=\"\u0632\u0645\u0627\u0646 \u062a\u0642\u0631\u06cc\u0628\u06cc \u0628\u0631\u0627\u06cc \u062e\u0648\u0627\u0646\u062f\u0646\" \/>\n\t<meta name=\"twitter:data1\" content=\"2 \u062f\u0642\u06cc\u0642\u0647\" \/>\n<script type=\"application\/ld+json\" class=\"yoast-schema-graph\">{\"@context\":\"https:\/\/schema.org\",\"@graph\":[{\"@type\":\"WebPage\",\"@id\":\"https:\/\/deliciaspersas.com\/fa\/tienda\/nuevos-productos\/pack-2-unidades-pepinillos-en-escabeche-especial-khiar-shoor-vizheh-680g-esalat\/\",\"url\":\"https:\/\/deliciaspersas.com\/fa\/tienda\/nuevos-productos\/pack-2-unidades-pepinillos-en-escabeche-especial-khiar-shoor-vizheh-680g-esalat\/\",\"name\":\"Pack 2 unidades Pepinillos en escabeche especial (Khiar shoor vizheh) 680g Esalat - Delicias Persas\",\"isPartOf\":{\"@id\":\"https:\/\/deliciaspersas.com\/fa\/#website\"},\"primaryImageOfPage\":{\"@id\":\"https:\/\/deliciaspersas.com\/fa\/tienda\/nuevos-productos\/pack-2-unidades-pepinillos-en-escabeche-especial-khiar-shoor-vizheh-680g-esalat\/#primaryimage\"},\"image\":{\"@id\":\"https:\/\/deliciaspersas.com\/fa\/tienda\/nuevos-productos\/pack-2-unidades-pepinillos-en-escabeche-especial-khiar-shoor-vizheh-680g-esalat\/#primaryimage\"},\"thumbnailUrl\":\"https:\/\/deliciaspersas.com\/wp-content\/uploads\/Khiarshoor-vizhe-.jpg\",\"datePublished\":\"2025-03-26T09:50:25+00:00\",\"dateModified\":\"2025-03-26T09:52:59+00:00\",\"breadcrumb\":{\"@id\":\"https:\/\/deliciaspersas.com\/fa\/tienda\/nuevos-productos\/pack-2-unidades-pepinillos-en-escabeche-especial-khiar-shoor-vizheh-680g-esalat\/#breadcrumb\"},\"inLanguage\":\"fa-IR\",\"potentialAction\":[{\"@type\":\"ReadAction\",\"target\":[\"https:\/\/deliciaspersas.com\/fa\/tienda\/nuevos-productos\/pack-2-unidades-pepinillos-en-escabeche-especial-khiar-shoor-vizheh-680g-esalat\/\"]}]},{\"@type\":\"ImageObject\",\"inLanguage\":\"fa-IR\",\"@id\":\"https:\/\/deliciaspersas.com\/fa\/tienda\/nuevos-productos\/pack-2-unidades-pepinillos-en-escabeche-especial-khiar-shoor-vizheh-680g-esalat\/#primaryimage\",\"url\":\"https:\/\/deliciaspersas.com\/wp-content\/uploads\/Khiarshoor-vizhe-.jpg\",\"contentUrl\":\"https:\/\/deliciaspersas.com\/wp-content\/uploads\/Khiarshoor-vizhe-.jpg\",\"width\":843,\"height\":1080},{\"@type\":\"BreadcrumbList\",\"@id\":\"https:\/\/deliciaspersas.com\/fa\/tienda\/nuevos-productos\/pack-2-unidades-pepinillos-en-escabeche-especial-khiar-shoor-vizheh-680g-esalat\/#breadcrumb\",\"itemListElement\":[{\"@type\":\"ListItem\",\"position\":1,\"name\":\"Portada\",\"item\":\"https:\/\/deliciaspersas.com\/fa\/\"},{\"@type\":\"ListItem\",\"position\":2,\"name\":\"Tienda\",\"item\":\"https:\/\/deliciaspersas.com\/\"},{\"@type\":\"ListItem\",\"position\":3,\"name\":\"Pack 2 unidades Pepinillos en escabeche especial (Khiar shoor vizheh) 680g Esalat\"}]},{\"@type\":\"WebSite\",\"@id\":\"https:\/\/deliciaspersas.com\/fa\/#website\",\"url\":\"https:\/\/deliciaspersas.com\/fa\/\",\"name\":\"Delicias Persas\",\"description\":\"Gastronom&iacute;a persa al alcance de tus manos\",\"publisher\":{\"@id\":\"https:\/\/deliciaspersas.com\/fa\/#organization\"},\"potentialAction\":[{\"@type\":\"SearchAction\",\"target\":{\"@type\":\"EntryPoint\",\"urlTemplate\":\"https:\/\/deliciaspersas.com\/fa\/?s={search_term_string}\"},\"query-input\":{\"@type\":\"PropertyValueSpecification\",\"valueRequired\":true,\"valueName\":\"search_term_string\"}}],\"inLanguage\":\"fa-IR\"},{\"@type\":\"Organization\",\"@id\":\"https:\/\/deliciaspersas.com\/fa\/#organization\",\"name\":\"Delicias Persas\",\"url\":\"https:\/\/deliciaspersas.com\/fa\/\",\"logo\":{\"@type\":\"ImageObject\",\"inLanguage\":\"fa-IR\",\"@id\":\"https:\/\/deliciaspersas.com\/fa\/#\/schema\/logo\/image\/\",\"url\":\"https:\/\/deliciaspersas.com\/wp-content\/uploads\/2020\/07\/logo-2020.png\",\"contentUrl\":\"https:\/\/deliciaspersas.com\/wp-content\/uploads\/2020\/07\/logo-2020.png\",\"width\":520,\"height\":490,\"caption\":\"Delicias Persas\"},\"image\":{\"@id\":\"https:\/\/deliciaspersas.com\/fa\/#\/schema\/logo\/image\/\"},\"sameAs\":[\"https:\/\/www.facebook.com\/Deliciaspersas\",\"https:\/\/www.instagram.com\/delicias_persas\/\",\"https:\/\/www.linkedin.com\/delicias-persas\"]}]}<\/script>\n<!-- \/ Yoast SEO plugin. -->","yoast_head_json":{"title":"Pack 2 unidades Pepinillos en escabeche especial (Khiar shoor vizheh) 680g Esalat - Delicias Persas","robots":{"index":"index","follow":"follow","max-snippet":"max-snippet:-1","max-image-preview":"max-image-preview:large","max-video-preview":"max-video-preview:-1"},"canonical":"https:\/\/deliciaspersas.com\/fa\/tienda\/nuevos-productos\/pack-2-unidades-pepinillos-en-escabeche-especial-khiar-shoor-vizheh-680g-esalat\/","og_locale":"fa_IR","og_type":"article","og_title":"Pack 2 unidades Pepinillos en escabeche especial (Khiar shoor vizheh) 680g Esalat - Delicias Persas","og_description":"Pack 2 unidades Pepinillos en escabeche especial (Khiar shoor vizheh) 680g Esalat Informaci\u00f3n del producto: Los pepinillos en escabeche, es una de las hortalizas m\u00e1s sembradas a nivel mundial, ya que, de acuerdo con las estad\u00edsticas actuales, \u00a0posee el cuarto lugar en distribuci\u00f3n y cultivo. Las propiedades nutricionales del pepinillo son numerosas: Prote\u00ednas. L\u00edpidos Minerales [&hellip;]","og_url":"https:\/\/deliciaspersas.com\/fa\/tienda\/nuevos-productos\/pack-2-unidades-pepinillos-en-escabeche-especial-khiar-shoor-vizheh-680g-esalat\/","og_site_name":"Delicias Persas","article_publisher":"https:\/\/www.facebook.com\/Deliciaspersas","article_modified_time":"2025-03-26T09:52:59+00:00","og_image":[{"width":843,"height":1080,"url":"https:\/\/deliciaspersas.com\/wp-content\/uploads\/Khiarshoor-vizhe-.jpg","type":"image\/jpeg"}],"twitter_card":"summary_large_image","twitter_misc":{"\u0632\u0645\u0627\u0646 \u062a\u0642\u0631\u06cc\u0628\u06cc \u0628\u0631\u0627\u06cc \u062e\u0648\u0627\u0646\u062f\u0646":"2 \u062f\u0642\u06cc\u0642\u0647"},"schema":{"@context":"https:\/\/schema.org","@graph":[{"@type":"WebPage","@id":"https:\/\/deliciaspersas.com\/fa\/tienda\/nuevos-productos\/pack-2-unidades-pepinillos-en-escabeche-especial-khiar-shoor-vizheh-680g-esalat\/","url":"https:\/\/deliciaspersas.com\/fa\/tienda\/nuevos-productos\/pack-2-unidades-pepinillos-en-escabeche-especial-khiar-shoor-vizheh-680g-esalat\/","name":"Pack 2 unidades Pepinillos en escabeche especial (Khiar shoor vizheh) 680g Esalat - Delicias Persas","isPartOf":{"@id":"https:\/\/deliciaspersas.com\/fa\/#website"},"primaryImageOfPage":{"@id":"https:\/\/deliciaspersas.com\/fa\/tienda\/nuevos-productos\/pack-2-unidades-pepinillos-en-escabeche-especial-khiar-shoor-vizheh-680g-esalat\/#primaryimage"},"image":{"@id":"https:\/\/deliciaspersas.com\/fa\/tienda\/nuevos-productos\/pack-2-unidades-pepinillos-en-escabeche-especial-khiar-shoor-vizheh-680g-esalat\/#primaryimage"},"thumbnailUrl":"https:\/\/deliciaspersas.com\/wp-content\/uploads\/Khiarshoor-vizhe-.jpg","datePublished":"2025-03-26T09:50:25+00:00","dateModified":"2025-03-26T09:52:59+00:00","breadcrumb":{"@id":"https:\/\/deliciaspersas.com\/fa\/tienda\/nuevos-productos\/pack-2-unidades-pepinillos-en-escabeche-especial-khiar-shoor-vizheh-680g-esalat\/#breadcrumb"},"inLanguage":"fa-IR","potentialAction":[{"@type":"ReadAction","target":["https:\/\/deliciaspersas.com\/fa\/tienda\/nuevos-productos\/pack-2-unidades-pepinillos-en-escabeche-especial-khiar-shoor-vizheh-680g-esalat\/"]}]},{"@type":"ImageObject","inLanguage":"fa-IR","@id":"https:\/\/deliciaspersas.com\/fa\/tienda\/nuevos-productos\/pack-2-unidades-pepinillos-en-escabeche-especial-khiar-shoor-vizheh-680g-esalat\/#primaryimage","url":"https:\/\/deliciaspersas.com\/wp-content\/uploads\/Khiarshoor-vizhe-.jpg","contentUrl":"https:\/\/deliciaspersas.com\/wp-content\/uploads\/Khiarshoor-vizhe-.jpg","width":843,"height":1080},{"@type":"BreadcrumbList","@id":"https:\/\/deliciaspersas.com\/fa\/tienda\/nuevos-productos\/pack-2-unidades-pepinillos-en-escabeche-especial-khiar-shoor-vizheh-680g-esalat\/#breadcrumb","itemListElement":[{"@type":"ListItem","position":1,"name":"Portada","item":"https:\/\/deliciaspersas.com\/fa\/"},{"@type":"ListItem","position":2,"name":"Tienda","item":"https:\/\/deliciaspersas.com\/"},{"@type":"ListItem","position":3,"name":"Pack 2 unidades Pepinillos en escabeche especial (Khiar shoor vizheh) 680g Esalat"}]},{"@type":"WebSite","@id":"https:\/\/deliciaspersas.com\/fa\/#website","url":"https:\/\/deliciaspersas.com\/fa\/","name":"Delicias Persas","description":"Gastronom&iacute;a persa al alcance de tus manos","publisher":{"@id":"https:\/\/deliciaspersas.com\/fa\/#organization"},"potentialAction":[{"@type":"SearchAction","target":{"@type":"EntryPoint","urlTemplate":"https:\/\/deliciaspersas.com\/fa\/?s={search_term_string}"},"query-input":{"@type":"PropertyValueSpecification","valueRequired":true,"valueName":"search_term_string"}}],"inLanguage":"fa-IR"},{"@type":"Organization","@id":"https:\/\/deliciaspersas.com\/fa\/#organization","name":"Delicias Persas","url":"https:\/\/deliciaspersas.com\/fa\/","logo":{"@type":"ImageObject","inLanguage":"fa-IR","@id":"https:\/\/deliciaspersas.com\/fa\/#\/schema\/logo\/image\/","url":"https:\/\/deliciaspersas.com\/wp-content\/uploads\/2020\/07\/logo-2020.png","contentUrl":"https:\/\/deliciaspersas.com\/wp-content\/uploads\/2020\/07\/logo-2020.png","width":520,"height":490,"caption":"Delicias Persas"},"image":{"@id":"https:\/\/deliciaspersas.com\/fa\/#\/schema\/logo\/image\/"},"sameAs":["https:\/\/www.facebook.com\/Deliciaspersas","https:\/\/www.instagram.com\/delicias_persas\/","https:\/\/www.linkedin.com\/delicias-persas"]}]}},"uagb_featured_image_src":{"full":["https:\/\/deliciaspersas.com\/wp-content\/uploads\/Khiarshoor-vizhe-.jpg",843,1080,false],"thumbnail":["https:\/\/deliciaspersas.com\/wp-content\/uploads\/Khiarshoor-vizhe--150x150.jpg",150,150,true],"medium":["https:\/\/deliciaspersas.com\/wp-content\/uploads\/Khiarshoor-vizhe--234x300.jpg",234,300,true],"medium_large":["https:\/\/deliciaspersas.com\/wp-content\/uploads\/Khiarshoor-vizhe--768x984.jpg",768,984,true],"large":["https:\/\/deliciaspersas.com\/wp-content\/uploads\/Khiarshoor-vizhe--799x1024.jpg",799,1024,true],"1536x1536":["https:\/\/deliciaspersas.com\/wp-content\/uploads\/Khiarshoor-vizhe-.jpg",843,1080,false],"2048x2048":["https:\/\/deliciaspersas.com\/wp-content\/uploads\/Khiarshoor-vizhe-.jpg",843,1080,false],"woocommerce_thumbnail":["https:\/\/deliciaspersas.com\/wp-content\/uploads\/Khiarshoor-vizhe--300x300.jpg",300,300,true],"woocommerce_single":["https:\/\/deliciaspersas.com\/wp-content\/uploads\/Khiarshoor-vizhe--600x769.jpg",600,769,true],"woocommerce_gallery_thumbnail":["https:\/\/deliciaspersas.com\/wp-content\/uploads\/Khiarshoor-vizhe--100x100.jpg",100,100,true]},"uagb_author_info":{"display_name":"admin","author_link":"https:\/\/deliciaspersas.com\/fa\/author\/"},"uagb_comment_info":0,"uagb_excerpt":"Pack 2 unidades Pepinillos en escabeche especial (Khiar shoor vizheh) 680g Esalat Informaci\u00f3n del producto: Los pepinillos en escabeche, es una de las hortalizas m\u00e1s sembradas a nivel mundial, ya que, de acuerdo con las estad\u00edsticas actuales, \u00a0posee el cuarto lugar en distribuci\u00f3n y cultivo. Las propiedades nutricionales del pepinillo son numerosas: Prote\u00ednas. L\u00edpidos Minerales&hellip;","brands":[{"id":183,"name":"Esalat","slug":"esalat"}],"_links":{"self":[{"href":"https:\/\/deliciaspersas.com\/fa\/wp-json\/wp\/v2\/product\/16757"}],"collection":[{"href":"https:\/\/deliciaspersas.com\/fa\/wp-json\/wp\/v2\/product"}],"about":[{"href":"https:\/\/deliciaspersas.com\/fa\/wp-json\/wp\/v2\/types\/product"}],"wp:featuredmedia":[{"embeddable":true,"href":"https:\/\/deliciaspersas.com\/fa\/wp-json\/wp\/v2\/media\/13523"}],"wp:attachment":[{"href":"https:\/\/deliciaspersas.com\/fa\/wp-json\/wp\/v2\/media?parent=16757"}],"wp:term":[{"taxonomy":"pwb-brand","embeddable":true,"href":"https:\/\/deliciaspersas.com\/fa\/wp-json\/wp\/v2\/pwb-brand?post=16757"},{"taxonomy":"product_cat","embeddable":true,"href":"https:\/\/deliciaspersas.com\/fa\/wp-json\/wp\/v2\/product_cat?post=16757"},{"taxonomy":"product_tag","embeddable":true,"href":"https:\/\/deliciaspersas.com\/fa\/wp-json\/wp\/v2\/product_tag?post=16757"}],"curies":[{"name":"wp","href":"https:\/\/api.w.org\/{rel}","templated":true}]}}