{"id":16803,"date":"2025-04-18T11:20:03","date_gmt":"2025-04-18T09:20:03","guid":{"rendered":"https:\/\/deliciaspersas.com\/?post_type=product&#038;p=16803"},"modified":"2026-02-02T15:26:20","modified_gmt":"2026-02-02T14:26:20","slug":"pack-2-unidades-mermelada-de-zanahoria-310g-esalat","status":"publish","type":"product","link":"https:\/\/deliciaspersas.com\/fa\/tienda\/desayuno\/pack-2-unidades-mermelada-de-zanahoria-310g-esalat\/","title":{"rendered":"Pack 2 unidades Mermelada de zanahoria 310g Esalat"},"content":{"rendered":"<h1>Pack 2 unidades Mermelada de zanahoria 310g Esalat<\/h1>\n<h6>Informaci\u00f3n del producto:<\/h6>\n<p>Deliciosa y saludable mermelada de zanahoria.<\/p>\n<h6>Usos:<\/h6>\n<p>La mermelada de zanahoria es una receta que podemos utilizar en multitud de ocasiones y platos<strong>.<\/strong> La mermelada de zanahoria nos aporta grandes beneficios no solo a nivel medicinal, sino tambi\u00e9n a nivel de est\u00e9tica. Por su contenido de fibra nos ayuda a combatir el estre\u00f1imiento, nos aporta vitaminas para tener una piel radiante donde se activa el proceso de bronceado , nutre nuestro cabello y u\u00f1as y controla el colesterol, entre otros.<\/p>\n<h6>Beneficios:<\/h6>\n<p>La zanahoria es uno de los alimentos m\u00e1s saludables y que, afortunadamente se consume de forma habitual. Dos de sus propiedades m\u00e1s conocidas es el fortalecimiento de la piel y la mejora de la salud ocular. Pero, aparte, tiene otras ventajas que convierten a este vegetal en uno de los mejores desde un punto de vista nutricional.<\/p>\n<p>Gracias a su alto contenido en potasio y f\u00f3sforo, la zanahoria funciona como regeneradora de los nervios, lo que la convierte en un alimento perfecto para vigorizar las mentes cansadas.<\/p>\n<p>Tiene propiedades anticancer\u00edgenas. La zanahoria es uno de los alimentos con m\u00e1s propiedades anticancer\u00edgenas. Esto se debe a su alto nivel de carotenoides, unas sustancias que le dan ese color naranja y que previenen c\u00e1nceres como el de pulm\u00f3n o el de mama.<\/p>\n<p>Estimula el apetito. Comer zanahoria es recomendable para personas que sufren anorexia u otro trastorno relacionado con la alimentaci\u00f3n.<\/p>\n<p>Fortalece el cabello y las u\u00f1as, ya que las zanahorias son ricas en betacaroteno, una sustancia que nuestro organismo transforma en vitamina A.<\/p>\n<p>Previene el envejecimiento. La zanahoria contiene una gran cantidad de antioxidantes, lo que ayuda a prevenir la aparici\u00f3n de los signos del envejecimiento y ayudan a mantener las piel firme y sin arrugas.<\/p>\n<h6>Ingredientes y al\u00e9rgenos:<\/h6>\n<p>Sus ingredientes son los siguientes:<\/p>\n<ul class=\"wprm-recipe-ingredients\">\n<li>400 gramos de zanahorias<\/li>\n<li>1 lim\u00f3n<\/li>\n<li>Stevia o edulcorante al gusto (pueden ser 100 gramos)<\/li>\n<\/ul>\n<h6>Condiciones de conservaci\u00f3n:<\/h6>\n<p>Conservar en un lugar fresco, seco y protegido de la luz.<\/p>\n<h6>Informaci\u00f3n adicional:<\/h6>\n<p>Fabricado por: Esalat<\/p>\n","protected":false},"excerpt":{"rendered":"<p>Pack 2 unidades Mermelada de zanahoria 310g Esalat Informaci\u00f3n del producto: Deliciosa y saludable mermelada de zanahoria. Usos: La mermelada de zanahoria es una receta que podemos utilizar en multitud de ocasiones y platos. La mermelada de zanahoria nos aporta grandes beneficios no solo a nivel medicinal, sino tambi\u00e9n a nivel de est\u00e9tica. Por su [&hellip;]<\/p>\n","protected":false},"featured_media":8345,"template":"","meta":{"_surecart_dashboard_logo_width":"180px","_surecart_dashboard_show_logo":true,"_surecart_dashboard_navigation_orders":true,"_surecart_dashboard_navigation_invoices":true,"_surecart_dashboard_navigation_subscriptions":true,"_surecart_dashboard_navigation_downloads":true,"_surecart_dashboard_navigation_billing":true,"_surecart_dashboard_navigation_account":true,"_uag_custom_page_level_css":"","site-sidebar-layout":"default","site-content-layout":"default","ast-site-content-layout":"default","site-content-style":"default","site-sidebar-style":"default","ast-global-header-display":"","ast-banner-title-visibility":"","ast-main-header-display":"","ast-hfb-above-header-display":"","ast-hfb-below-header-display":"","ast-hfb-mobile-header-display":"","site-post-title":"","ast-breadcrumbs-content":"","ast-featured-img":"","footer-sml-layout":"","theme-transparent-header-meta":"default","adv-header-id-meta":"","stick-header-meta":"","header-above-stick-meta":"","header-main-stick-meta":"","header-below-stick-meta":"","astra-migrate-meta-layouts":"set","ast-page-background-enabled":"default","ast-page-background-meta":{"desktop":{"background-color":"","background-image":"","background-repeat":"repeat","background-position":"center center","background-size":"auto","background-attachment":"scroll","background-type":"","background-media":"","overlay-type":"","overlay-color":"","overlay-opacity":"","overlay-gradient":""},"tablet":{"background-color":"","background-image":"","background-repeat":"repeat","background-position":"center center","background-size":"auto","background-attachment":"scroll","background-type":"","background-media":"","overlay-type":"","overlay-color":"","overlay-opacity":"","overlay-gradient":""},"mobile":{"background-color":"","background-image":"","background-repeat":"repeat","background-position":"center center","background-size":"auto","background-attachment":"scroll","background-type":"","background-media":"","overlay-type":"","overlay-color":"","overlay-opacity":"","overlay-gradient":""}},"ast-content-background-meta":{"desktop":{"background-color":"var(--ast-global-color-5)","background-image":"","background-repeat":"repeat","background-position":"center center","background-size":"auto","background-attachment":"scroll","background-type":"","background-media":"","overlay-type":"","overlay-color":"","overlay-opacity":"","overlay-gradient":""},"tablet":{"background-color":"var(--ast-global-color-5)","background-image":"","background-repeat":"repeat","background-position":"center center","background-size":"auto","background-attachment":"scroll","background-type":"","background-media":"","overlay-type":"","overlay-color":"","overlay-opacity":"","overlay-gradient":""},"mobile":{"background-color":"var(--ast-global-color-5)","background-image":"","background-repeat":"repeat","background-position":"center center","background-size":"auto","background-attachment":"scroll","background-type":"","background-media":"","overlay-type":"","overlay-color":"","overlay-opacity":"","overlay-gradient":""}}},"pwb-brand":[183],"product_cat":[36,106],"product_tag":[576,710,870,713,338,279,334,336,335,337],"class_list":{"0":"post-16803","1":"product","2":"type-product","3":"status-publish","4":"has-post-thumbnail","6":"pwb-brand-esalat","7":"product_cat-desayuno","8":"product_cat-nuevos-productos","9":"product_tag-desayuno","10":"product_tag-mermelada","11":"product_tag-mermelada-zanahoria","12":"product_tag-zanahoria","13":"product_tag-338","14":"product_tag-279","15":"product_tag-334","16":"product_tag-336","17":"product_tag-335","18":"product_tag-337","19":"desktop-align-center","20":"tablet-align-center","21":"mobile-align-center","23":"first","24":"instock","25":"sale","26":"taxable","27":"shipping-taxable","28":"purchasable","29":"product-type-simple"},"yoast_head":"<!-- This site is optimized with the Yoast SEO plugin v23.6 - https:\/\/yoast.com\/wordpress\/plugins\/seo\/ -->\n<title>Pack 2 unidades Mermelada de zanahoria 310g Esalat - Delicias Persas<\/title>\n<meta name=\"description\" content=\"Deliciosa y saludable mermelada de zanahoria que nos aporta grandes beneficios medicinales y est\u00e9ticos; por su aporte de fibra y vitaminas...\" \/>\n<meta name=\"robots\" content=\"index, follow, max-snippet:-1, max-image-preview:large, max-video-preview:-1\" \/>\n<link rel=\"canonical\" href=\"https:\/\/deliciaspersas.com\/fa\/tienda\/desayuno\/pack-2-unidades-mermelada-de-zanahoria-310g-esalat\/\" \/>\n<meta property=\"og:locale\" content=\"fa_IR\" \/>\n<meta property=\"og:type\" content=\"article\" \/>\n<meta property=\"og:title\" content=\"Pack 2 unidades Mermelada de zanahoria 310g Esalat - Delicias Persas\" \/>\n<meta property=\"og:description\" content=\"Deliciosa y saludable mermelada de zanahoria que nos aporta grandes beneficios medicinales y est\u00e9ticos; por su aporte de fibra y vitaminas...\" \/>\n<meta property=\"og:url\" content=\"https:\/\/deliciaspersas.com\/fa\/tienda\/desayuno\/pack-2-unidades-mermelada-de-zanahoria-310g-esalat\/\" \/>\n<meta property=\"og:site_name\" content=\"Delicias Persas\" \/>\n<meta property=\"article:publisher\" content=\"https:\/\/www.facebook.com\/Deliciaspersas\" \/>\n<meta property=\"article:modified_time\" content=\"2026-02-02T14:26:20+00:00\" \/>\n<meta property=\"og:image\" content=\"https:\/\/deliciaspersas.com\/wp-content\/uploads\/WhatsApp_Image_2021-07-25_at_13.54.46-removebg-preview-1.png\" \/>\n\t<meta property=\"og:image:width\" content=\"433\" \/>\n\t<meta property=\"og:image:height\" content=\"577\" \/>\n\t<meta property=\"og:image:type\" content=\"image\/png\" \/>\n<meta name=\"twitter:card\" content=\"summary_large_image\" \/>\n<meta name=\"twitter:label1\" content=\"\u0632\u0645\u0627\u0646 \u062a\u0642\u0631\u06cc\u0628\u06cc \u0628\u0631\u0627\u06cc \u062e\u0648\u0627\u0646\u062f\u0646\" \/>\n\t<meta name=\"twitter:data1\" content=\"2 \u062f\u0642\u06cc\u0642\u0647\" \/>\n<script type=\"application\/ld+json\" class=\"yoast-schema-graph\">{\"@context\":\"https:\/\/schema.org\",\"@graph\":[{\"@type\":\"WebPage\",\"@id\":\"https:\/\/deliciaspersas.com\/fa\/tienda\/desayuno\/pack-2-unidades-mermelada-de-zanahoria-310g-esalat\/\",\"url\":\"https:\/\/deliciaspersas.com\/fa\/tienda\/desayuno\/pack-2-unidades-mermelada-de-zanahoria-310g-esalat\/\",\"name\":\"Pack 2 unidades Mermelada de zanahoria 310g Esalat - Delicias Persas\",\"isPartOf\":{\"@id\":\"https:\/\/deliciaspersas.com\/fa\/#website\"},\"primaryImageOfPage\":{\"@id\":\"https:\/\/deliciaspersas.com\/fa\/tienda\/desayuno\/pack-2-unidades-mermelada-de-zanahoria-310g-esalat\/#primaryimage\"},\"image\":{\"@id\":\"https:\/\/deliciaspersas.com\/fa\/tienda\/desayuno\/pack-2-unidades-mermelada-de-zanahoria-310g-esalat\/#primaryimage\"},\"thumbnailUrl\":\"https:\/\/deliciaspersas.com\/wp-content\/uploads\/WhatsApp_Image_2021-07-25_at_13.54.46-removebg-preview-1.png\",\"datePublished\":\"2025-04-18T09:20:03+00:00\",\"dateModified\":\"2026-02-02T14:26:20+00:00\",\"description\":\"Deliciosa y saludable mermelada de zanahoria que nos aporta grandes beneficios medicinales y est\u00e9ticos; por su aporte de fibra y vitaminas...\",\"breadcrumb\":{\"@id\":\"https:\/\/deliciaspersas.com\/fa\/tienda\/desayuno\/pack-2-unidades-mermelada-de-zanahoria-310g-esalat\/#breadcrumb\"},\"inLanguage\":\"fa-IR\",\"potentialAction\":[{\"@type\":\"ReadAction\",\"target\":[\"https:\/\/deliciaspersas.com\/fa\/tienda\/desayuno\/pack-2-unidades-mermelada-de-zanahoria-310g-esalat\/\"]}]},{\"@type\":\"ImageObject\",\"inLanguage\":\"fa-IR\",\"@id\":\"https:\/\/deliciaspersas.com\/fa\/tienda\/desayuno\/pack-2-unidades-mermelada-de-zanahoria-310g-esalat\/#primaryimage\",\"url\":\"https:\/\/deliciaspersas.com\/wp-content\/uploads\/WhatsApp_Image_2021-07-25_at_13.54.46-removebg-preview-1.png\",\"contentUrl\":\"https:\/\/deliciaspersas.com\/wp-content\/uploads\/WhatsApp_Image_2021-07-25_at_13.54.46-removebg-preview-1.png\",\"width\":433,\"height\":577,\"caption\":\"\u0645\u0631\u0628\u0627\u06cc \u0647\u0648\u06cc\u062c \u0627\u0635\u0627\u0644\u062a\"},{\"@type\":\"BreadcrumbList\",\"@id\":\"https:\/\/deliciaspersas.com\/fa\/tienda\/desayuno\/pack-2-unidades-mermelada-de-zanahoria-310g-esalat\/#breadcrumb\",\"itemListElement\":[{\"@type\":\"ListItem\",\"position\":1,\"name\":\"Portada\",\"item\":\"https:\/\/deliciaspersas.com\/fa\/\"},{\"@type\":\"ListItem\",\"position\":2,\"name\":\"Tienda\",\"item\":\"https:\/\/deliciaspersas.com\/\"},{\"@type\":\"ListItem\",\"position\":3,\"name\":\"Pack 2 unidades Mermelada de zanahoria 310g Esalat\"}]},{\"@type\":\"WebSite\",\"@id\":\"https:\/\/deliciaspersas.com\/fa\/#website\",\"url\":\"https:\/\/deliciaspersas.com\/fa\/\",\"name\":\"Delicias Persas\",\"description\":\"Gastronom&iacute;a persa al alcance de tus manos\",\"publisher\":{\"@id\":\"https:\/\/deliciaspersas.com\/fa\/#organization\"},\"potentialAction\":[{\"@type\":\"SearchAction\",\"target\":{\"@type\":\"EntryPoint\",\"urlTemplate\":\"https:\/\/deliciaspersas.com\/fa\/?s={search_term_string}\"},\"query-input\":{\"@type\":\"PropertyValueSpecification\",\"valueRequired\":true,\"valueName\":\"search_term_string\"}}],\"inLanguage\":\"fa-IR\"},{\"@type\":\"Organization\",\"@id\":\"https:\/\/deliciaspersas.com\/fa\/#organization\",\"name\":\"Delicias Persas\",\"url\":\"https:\/\/deliciaspersas.com\/fa\/\",\"logo\":{\"@type\":\"ImageObject\",\"inLanguage\":\"fa-IR\",\"@id\":\"https:\/\/deliciaspersas.com\/fa\/#\/schema\/logo\/image\/\",\"url\":\"https:\/\/deliciaspersas.com\/wp-content\/uploads\/2020\/07\/logo-2020.png\",\"contentUrl\":\"https:\/\/deliciaspersas.com\/wp-content\/uploads\/2020\/07\/logo-2020.png\",\"width\":520,\"height\":490,\"caption\":\"Delicias Persas\"},\"image\":{\"@id\":\"https:\/\/deliciaspersas.com\/fa\/#\/schema\/logo\/image\/\"},\"sameAs\":[\"https:\/\/www.facebook.com\/Deliciaspersas\",\"https:\/\/www.instagram.com\/delicias_persas\/\",\"https:\/\/www.linkedin.com\/delicias-persas\"]}]}<\/script>\n<!-- \/ Yoast SEO plugin. -->","yoast_head_json":{"title":"Pack 2 unidades Mermelada de zanahoria 310g Esalat - Delicias Persas","description":"Deliciosa y saludable mermelada de zanahoria que nos aporta grandes beneficios medicinales y est\u00e9ticos; por su aporte de fibra y vitaminas...","robots":{"index":"index","follow":"follow","max-snippet":"max-snippet:-1","max-image-preview":"max-image-preview:large","max-video-preview":"max-video-preview:-1"},"canonical":"https:\/\/deliciaspersas.com\/fa\/tienda\/desayuno\/pack-2-unidades-mermelada-de-zanahoria-310g-esalat\/","og_locale":"fa_IR","og_type":"article","og_title":"Pack 2 unidades Mermelada de zanahoria 310g Esalat - Delicias Persas","og_description":"Deliciosa y saludable mermelada de zanahoria que nos aporta grandes beneficios medicinales y est\u00e9ticos; por su aporte de fibra y vitaminas...","og_url":"https:\/\/deliciaspersas.com\/fa\/tienda\/desayuno\/pack-2-unidades-mermelada-de-zanahoria-310g-esalat\/","og_site_name":"Delicias Persas","article_publisher":"https:\/\/www.facebook.com\/Deliciaspersas","article_modified_time":"2026-02-02T14:26:20+00:00","og_image":[{"width":433,"height":577,"url":"https:\/\/deliciaspersas.com\/wp-content\/uploads\/WhatsApp_Image_2021-07-25_at_13.54.46-removebg-preview-1.png","type":"image\/png"}],"twitter_card":"summary_large_image","twitter_misc":{"\u0632\u0645\u0627\u0646 \u062a\u0642\u0631\u06cc\u0628\u06cc \u0628\u0631\u0627\u06cc \u062e\u0648\u0627\u0646\u062f\u0646":"2 \u062f\u0642\u06cc\u0642\u0647"},"schema":{"@context":"https:\/\/schema.org","@graph":[{"@type":"WebPage","@id":"https:\/\/deliciaspersas.com\/fa\/tienda\/desayuno\/pack-2-unidades-mermelada-de-zanahoria-310g-esalat\/","url":"https:\/\/deliciaspersas.com\/fa\/tienda\/desayuno\/pack-2-unidades-mermelada-de-zanahoria-310g-esalat\/","name":"Pack 2 unidades Mermelada de zanahoria 310g Esalat - Delicias Persas","isPartOf":{"@id":"https:\/\/deliciaspersas.com\/fa\/#website"},"primaryImageOfPage":{"@id":"https:\/\/deliciaspersas.com\/fa\/tienda\/desayuno\/pack-2-unidades-mermelada-de-zanahoria-310g-esalat\/#primaryimage"},"image":{"@id":"https:\/\/deliciaspersas.com\/fa\/tienda\/desayuno\/pack-2-unidades-mermelada-de-zanahoria-310g-esalat\/#primaryimage"},"thumbnailUrl":"https:\/\/deliciaspersas.com\/wp-content\/uploads\/WhatsApp_Image_2021-07-25_at_13.54.46-removebg-preview-1.png","datePublished":"2025-04-18T09:20:03+00:00","dateModified":"2026-02-02T14:26:20+00:00","description":"Deliciosa y saludable mermelada de zanahoria que nos aporta grandes beneficios medicinales y est\u00e9ticos; por su aporte de fibra y vitaminas...","breadcrumb":{"@id":"https:\/\/deliciaspersas.com\/fa\/tienda\/desayuno\/pack-2-unidades-mermelada-de-zanahoria-310g-esalat\/#breadcrumb"},"inLanguage":"fa-IR","potentialAction":[{"@type":"ReadAction","target":["https:\/\/deliciaspersas.com\/fa\/tienda\/desayuno\/pack-2-unidades-mermelada-de-zanahoria-310g-esalat\/"]}]},{"@type":"ImageObject","inLanguage":"fa-IR","@id":"https:\/\/deliciaspersas.com\/fa\/tienda\/desayuno\/pack-2-unidades-mermelada-de-zanahoria-310g-esalat\/#primaryimage","url":"https:\/\/deliciaspersas.com\/wp-content\/uploads\/WhatsApp_Image_2021-07-25_at_13.54.46-removebg-preview-1.png","contentUrl":"https:\/\/deliciaspersas.com\/wp-content\/uploads\/WhatsApp_Image_2021-07-25_at_13.54.46-removebg-preview-1.png","width":433,"height":577,"caption":"\u0645\u0631\u0628\u0627\u06cc \u0647\u0648\u06cc\u062c \u0627\u0635\u0627\u0644\u062a"},{"@type":"BreadcrumbList","@id":"https:\/\/deliciaspersas.com\/fa\/tienda\/desayuno\/pack-2-unidades-mermelada-de-zanahoria-310g-esalat\/#breadcrumb","itemListElement":[{"@type":"ListItem","position":1,"name":"Portada","item":"https:\/\/deliciaspersas.com\/fa\/"},{"@type":"ListItem","position":2,"name":"Tienda","item":"https:\/\/deliciaspersas.com\/"},{"@type":"ListItem","position":3,"name":"Pack 2 unidades Mermelada de zanahoria 310g Esalat"}]},{"@type":"WebSite","@id":"https:\/\/deliciaspersas.com\/fa\/#website","url":"https:\/\/deliciaspersas.com\/fa\/","name":"Delicias Persas","description":"Gastronom&iacute;a persa al alcance de tus manos","publisher":{"@id":"https:\/\/deliciaspersas.com\/fa\/#organization"},"potentialAction":[{"@type":"SearchAction","target":{"@type":"EntryPoint","urlTemplate":"https:\/\/deliciaspersas.com\/fa\/?s={search_term_string}"},"query-input":{"@type":"PropertyValueSpecification","valueRequired":true,"valueName":"search_term_string"}}],"inLanguage":"fa-IR"},{"@type":"Organization","@id":"https:\/\/deliciaspersas.com\/fa\/#organization","name":"Delicias Persas","url":"https:\/\/deliciaspersas.com\/fa\/","logo":{"@type":"ImageObject","inLanguage":"fa-IR","@id":"https:\/\/deliciaspersas.com\/fa\/#\/schema\/logo\/image\/","url":"https:\/\/deliciaspersas.com\/wp-content\/uploads\/2020\/07\/logo-2020.png","contentUrl":"https:\/\/deliciaspersas.com\/wp-content\/uploads\/2020\/07\/logo-2020.png","width":520,"height":490,"caption":"Delicias Persas"},"image":{"@id":"https:\/\/deliciaspersas.com\/fa\/#\/schema\/logo\/image\/"},"sameAs":["https:\/\/www.facebook.com\/Deliciaspersas","https:\/\/www.instagram.com\/delicias_persas\/","https:\/\/www.linkedin.com\/delicias-persas"]}]}},"uagb_featured_image_src":{"full":["https:\/\/deliciaspersas.com\/wp-content\/uploads\/WhatsApp_Image_2021-07-25_at_13.54.46-removebg-preview-1.png",433,577,false],"thumbnail":["https:\/\/deliciaspersas.com\/wp-content\/uploads\/WhatsApp_Image_2021-07-25_at_13.54.46-removebg-preview-1-150x150.png",150,150,true],"medium":["https:\/\/deliciaspersas.com\/wp-content\/uploads\/WhatsApp_Image_2021-07-25_at_13.54.46-removebg-preview-1-225x300.png",225,300,true],"medium_large":["https:\/\/deliciaspersas.com\/wp-content\/uploads\/WhatsApp_Image_2021-07-25_at_13.54.46-removebg-preview-1.png",433,577,false],"large":["https:\/\/deliciaspersas.com\/wp-content\/uploads\/WhatsApp_Image_2021-07-25_at_13.54.46-removebg-preview-1.png",433,577,false],"1536x1536":["https:\/\/deliciaspersas.com\/wp-content\/uploads\/WhatsApp_Image_2021-07-25_at_13.54.46-removebg-preview-1.png",433,577,false],"2048x2048":["https:\/\/deliciaspersas.com\/wp-content\/uploads\/WhatsApp_Image_2021-07-25_at_13.54.46-removebg-preview-1.png",433,577,false],"woocommerce_thumbnail":["https:\/\/deliciaspersas.com\/wp-content\/uploads\/WhatsApp_Image_2021-07-25_at_13.54.46-removebg-preview-1-300x300.png",300,300,true],"woocommerce_single":["https:\/\/deliciaspersas.com\/wp-content\/uploads\/WhatsApp_Image_2021-07-25_at_13.54.46-removebg-preview-1.png",433,577,false],"woocommerce_gallery_thumbnail":["https:\/\/deliciaspersas.com\/wp-content\/uploads\/WhatsApp_Image_2021-07-25_at_13.54.46-removebg-preview-1-100x100.png",100,100,true]},"uagb_author_info":{"display_name":"admin","author_link":"https:\/\/deliciaspersas.com\/fa\/author\/"},"uagb_comment_info":0,"uagb_excerpt":"Pack 2 unidades Mermelada de zanahoria 310g Esalat Informaci\u00f3n del producto: Deliciosa y saludable mermelada de zanahoria. Usos: La mermelada de zanahoria es una receta que podemos utilizar en multitud de ocasiones y platos. La mermelada de zanahoria nos aporta grandes beneficios no solo a nivel medicinal, sino tambi\u00e9n a nivel de est\u00e9tica. Por su&hellip;","brands":[{"id":183,"name":"Esalat","slug":"esalat"}],"_links":{"self":[{"href":"https:\/\/deliciaspersas.com\/fa\/wp-json\/wp\/v2\/product\/16803"}],"collection":[{"href":"https:\/\/deliciaspersas.com\/fa\/wp-json\/wp\/v2\/product"}],"about":[{"href":"https:\/\/deliciaspersas.com\/fa\/wp-json\/wp\/v2\/types\/product"}],"wp:featuredmedia":[{"embeddable":true,"href":"https:\/\/deliciaspersas.com\/fa\/wp-json\/wp\/v2\/media\/8345"}],"wp:attachment":[{"href":"https:\/\/deliciaspersas.com\/fa\/wp-json\/wp\/v2\/media?parent=16803"}],"wp:term":[{"taxonomy":"pwb-brand","embeddable":true,"href":"https:\/\/deliciaspersas.com\/fa\/wp-json\/wp\/v2\/pwb-brand?post=16803"},{"taxonomy":"product_cat","embeddable":true,"href":"https:\/\/deliciaspersas.com\/fa\/wp-json\/wp\/v2\/product_cat?post=16803"},{"taxonomy":"product_tag","embeddable":true,"href":"https:\/\/deliciaspersas.com\/fa\/wp-json\/wp\/v2\/product_tag?post=16803"}],"curies":[{"name":"wp","href":"https:\/\/api.w.org\/{rel}","templated":true}]}}