{"id":16804,"date":"2025-04-18T11:24:30","date_gmt":"2025-04-18T09:24:30","guid":{"rendered":"https:\/\/deliciaspersas.com\/?post_type=product&#038;p=16804"},"modified":"2025-06-13T16:57:10","modified_gmt":"2025-06-13T14:57:10","slug":"mermelada-de-fresa-310g-esalat","status":"publish","type":"product","link":"https:\/\/deliciaspersas.com\/fa\/tienda\/desayuno\/mermelada-de-fresa-310g-esalat\/","title":{"rendered":"Mermelada de fresa 310g Esalat"},"content":{"rendered":"<h1>Mermelada de fresa 310g Esalat<\/h1>\n<h6>Informaci\u00f3n del producto:<\/h6>\n<p>Deliciosa y saludable mermelada de fresa.<\/p>\n<h6>Usos:<\/h6>\n<p>La mermelada de cereza es una receta que podemos utilizar en multitud de ocasiones y platos o hasta para el desayuno. Es realmente f\u00e1cil de hacer y utilizamos un ingrediente con propiedades muy beneficiosas para nuestra salud que nos aporta diferentes vitaminas y minerales. Es una alimento rico en antioxidantes llamados antocianinas. Adem\u00e1s, nos aportan minerales como el hierro, calcio, magnesio, potasio y azufre.<\/p>\n<p>Este fruto es rico en hidratos de carbono, pero pobre en grasas y prote\u00ednas. Adem\u00e1s, posee un bajo \u00edndice de colesterol y de grasas. Son numerosos los beneficios de las\u00a0cerezas y guindas, por lo que siempre animamos a incluir este alimento en nuestra dieta.<\/p>\n<h6>Beneficios:<\/h6>\n<p>Las fresas son una de las pocas fuentes naturales de melatonina, hormona que regula nuestro reloj biol\u00f3gico y el ciclo del sue\u00f1o. Es por eso que el consumo regular de jugo de cereza agria ayuda mejorar la calidad de nuestro sue\u00f1o en las noches y hacerlo m\u00e1s duradero.<\/p>\n<p>Las cerezas agrias tienen la capacidad de reducir el dolor muscular y la debilidad despu\u00e9s de practicar ejercicio intenso gracias a las cantidades concentradas de unos pigmentos llamados antocianinas que ayudan a una recuperaci\u00f3n m\u00e1s r\u00e1pida y reducir el da\u00f1o en los m\u00fasculos cuando haces ejercicio. Por esta raz\u00f3n muchos deportistas incorporan cada vez m\u00e1s en su dieta el jugo de cereza agria para disfrutar de sus beneficios.<\/p>\n<p>La concentraci\u00f3n de antocianinas en las cerezas agrias ayuda a combatir la inflamaci\u00f3n, incluso la relacionada con artritis, tanto como algunos medicamentos para el dolor.<\/p>\n<h6>Ingredientes y al\u00e9rgenos:<\/h6>\n<p>Sus ingredientes son los siguientes:<\/p>\n<ul class=\"wprm-recipe-ingredients\">\n<li class=\"wprm-recipe-ingredient\"><span class=\"wprm-recipe-ingredient-amount\">500<\/span>\u00a0<span class=\"wprm-recipe-ingredient-unit\">gramos<\/span> fresas<\/li>\n<li class=\"wprm-recipe-ingredient\"><span class=\"wprm-recipe-ingredient-amount\">1\/2<\/span>\u00a0<span class=\"wprm-recipe-ingredient-unit\">unidad<\/span>\u00a0<span class=\"wprm-recipe-ingredient-name\">lim\u00f3n<\/span><\/li>\n<li class=\"wprm-recipe-ingredient\"><span class=\"wprm-recipe-ingredient-amount\">250<\/span>\u00a0<span class=\"wprm-recipe-ingredient-unit\">gramos<\/span>\u00a0<span class=\"wprm-recipe-ingredient-name\">az\u00facar<\/span><\/li>\n<\/ul>\n<h6>Condiciones de conservaci\u00f3n:<\/h6>\n<p>Conservar en un lugar fresco, seco y protegido de la luz.<\/p>\n","protected":false},"excerpt":{"rendered":"<p>Mermelada de fresa 310g Esalat Informaci\u00f3n del producto: Deliciosa y saludable mermelada de fresa. Usos: La mermelada de cereza es una receta que podemos utilizar en multitud de ocasiones y platos o hasta para el desayuno. Es realmente f\u00e1cil de hacer y utilizamos un ingrediente con propiedades muy beneficiosas para nuestra salud que nos aporta [&hellip;]<\/p>\n","protected":false},"featured_media":16805,"template":"","meta":{"_surecart_dashboard_logo_width":"180px","_surecart_dashboard_show_logo":true,"_surecart_dashboard_navigation_orders":true,"_surecart_dashboard_navigation_invoices":true,"_surecart_dashboard_navigation_subscriptions":true,"_surecart_dashboard_navigation_downloads":true,"_surecart_dashboard_navigation_billing":true,"_surecart_dashboard_navigation_account":true,"_uag_custom_page_level_css":"","site-sidebar-layout":"default","site-content-layout":"default","ast-site-content-layout":"default","site-content-style":"default","site-sidebar-style":"default","ast-global-header-display":"","ast-banner-title-visibility":"","ast-main-header-display":"","ast-hfb-above-header-display":"","ast-hfb-below-header-display":"","ast-hfb-mobile-header-display":"","site-post-title":"","ast-breadcrumbs-content":"","ast-featured-img":"","footer-sml-layout":"","theme-transparent-header-meta":"default","adv-header-id-meta":"","stick-header-meta":"","header-above-stick-meta":"","header-main-stick-meta":"","header-below-stick-meta":"","astra-migrate-meta-layouts":"set","ast-page-background-enabled":"default","ast-page-background-meta":{"desktop":{"background-color":"","background-image":"","background-repeat":"repeat","background-position":"center center","background-size":"auto","background-attachment":"scroll","background-type":"","background-media":"","overlay-type":"","overlay-color":"","overlay-opacity":"","overlay-gradient":""},"tablet":{"background-color":"","background-image":"","background-repeat":"repeat","background-position":"center center","background-size":"auto","background-attachment":"scroll","background-type":"","background-media":"","overlay-type":"","overlay-color":"","overlay-opacity":"","overlay-gradient":""},"mobile":{"background-color":"","background-image":"","background-repeat":"repeat","background-position":"center center","background-size":"auto","background-attachment":"scroll","background-type":"","background-media":"","overlay-type":"","overlay-color":"","overlay-opacity":"","overlay-gradient":""}},"ast-content-background-meta":{"desktop":{"background-color":"var(--ast-global-color-5)","background-image":"","background-repeat":"repeat","background-position":"center center","background-size":"auto","background-attachment":"scroll","background-type":"","background-media":"","overlay-type":"","overlay-color":"","overlay-opacity":"","overlay-gradient":""},"tablet":{"background-color":"var(--ast-global-color-5)","background-image":"","background-repeat":"repeat","background-position":"center center","background-size":"auto","background-attachment":"scroll","background-type":"","background-media":"","overlay-type":"","overlay-color":"","overlay-opacity":"","overlay-gradient":""},"mobile":{"background-color":"var(--ast-global-color-5)","background-image":"","background-repeat":"repeat","background-position":"center center","background-size":"auto","background-attachment":"scroll","background-type":"","background-media":"","overlay-type":"","overlay-color":"","overlay-opacity":"","overlay-gradient":""}}},"pwb-brand":[183],"product_cat":[36],"product_tag":[576,652,710,1688],"class_list":{"0":"post-16804","1":"product","2":"type-product","3":"status-publish","4":"has-post-thumbnail","6":"pwb-brand-esalat","7":"product_cat-desayuno","8":"product_tag-desayuno","9":"product_tag-fresa","10":"product_tag-mermelada","11":"product_tag-strawberry","12":"desktop-align-center","13":"tablet-align-center","14":"mobile-align-center","16":"first","17":"outofstock","18":"taxable","19":"shipping-taxable","20":"purchasable","21":"product-type-simple"},"yoast_head":"<!-- This site is optimized with the Yoast SEO plugin v23.6 - https:\/\/yoast.com\/wordpress\/plugins\/seo\/ -->\n<title>Mermelada de fresa 310g Esalat - Delicias Persas<\/title>\n<meta name=\"description\" content=\"Deliciosa y saludable mermelada de Agracejo que nos aporta grandes beneficios medicinales y est\u00e9ticos; por su aporte de fibra y vitaminas.\" \/>\n<meta name=\"robots\" content=\"index, follow, max-snippet:-1, max-image-preview:large, max-video-preview:-1\" \/>\n<link rel=\"canonical\" href=\"https:\/\/deliciaspersas.com\/fa\/tienda\/desayuno\/mermelada-de-fresa-310g-esalat\/\" \/>\n<meta property=\"og:locale\" content=\"fa_IR\" \/>\n<meta property=\"og:type\" content=\"article\" \/>\n<meta property=\"og:title\" content=\"Mermelada de fresa 310g Esalat - Delicias Persas\" \/>\n<meta property=\"og:description\" content=\"Deliciosa y saludable mermelada de Agracejo que nos aporta grandes beneficios medicinales y est\u00e9ticos; por su aporte de fibra y vitaminas.\" \/>\n<meta property=\"og:url\" content=\"https:\/\/deliciaspersas.com\/fa\/tienda\/desayuno\/mermelada-de-fresa-310g-esalat\/\" \/>\n<meta property=\"og:site_name\" content=\"Delicias Persas\" \/>\n<meta property=\"article:publisher\" content=\"https:\/\/www.facebook.com\/Deliciaspersas\" \/>\n<meta property=\"article:modified_time\" content=\"2025-06-13T14:57:10+00:00\" \/>\n<meta property=\"og:image\" content=\"https:\/\/deliciaspersas.com\/wp-content\/uploads\/Mermelada-de-feresa-Dayan.jpg\" \/>\n\t<meta property=\"og:image:width\" content=\"800\" \/>\n\t<meta property=\"og:image:height\" content=\"800\" \/>\n\t<meta property=\"og:image:type\" content=\"image\/jpeg\" \/>\n<meta name=\"twitter:card\" content=\"summary_large_image\" \/>\n<meta name=\"twitter:label1\" content=\"\u0632\u0645\u0627\u0646 \u062a\u0642\u0631\u06cc\u0628\u06cc \u0628\u0631\u0627\u06cc \u062e\u0648\u0627\u0646\u062f\u0646\" \/>\n\t<meta name=\"twitter:data1\" content=\"2 \u062f\u0642\u06cc\u0642\u0647\" \/>\n<script type=\"application\/ld+json\" class=\"yoast-schema-graph\">{\"@context\":\"https:\/\/schema.org\",\"@graph\":[{\"@type\":\"WebPage\",\"@id\":\"https:\/\/deliciaspersas.com\/fa\/tienda\/desayuno\/mermelada-de-fresa-310g-esalat\/\",\"url\":\"https:\/\/deliciaspersas.com\/fa\/tienda\/desayuno\/mermelada-de-fresa-310g-esalat\/\",\"name\":\"Mermelada de fresa 310g Esalat - Delicias Persas\",\"isPartOf\":{\"@id\":\"https:\/\/deliciaspersas.com\/fa\/#website\"},\"primaryImageOfPage\":{\"@id\":\"https:\/\/deliciaspersas.com\/fa\/tienda\/desayuno\/mermelada-de-fresa-310g-esalat\/#primaryimage\"},\"image\":{\"@id\":\"https:\/\/deliciaspersas.com\/fa\/tienda\/desayuno\/mermelada-de-fresa-310g-esalat\/#primaryimage\"},\"thumbnailUrl\":\"https:\/\/deliciaspersas.com\/wp-content\/uploads\/Mermelada-de-feresa-Dayan.jpg\",\"datePublished\":\"2025-04-18T09:24:30+00:00\",\"dateModified\":\"2025-06-13T14:57:10+00:00\",\"description\":\"Deliciosa y saludable mermelada de Agracejo que nos aporta grandes beneficios medicinales y est\u00e9ticos; por su aporte de fibra y vitaminas.\",\"breadcrumb\":{\"@id\":\"https:\/\/deliciaspersas.com\/fa\/tienda\/desayuno\/mermelada-de-fresa-310g-esalat\/#breadcrumb\"},\"inLanguage\":\"fa-IR\",\"potentialAction\":[{\"@type\":\"ReadAction\",\"target\":[\"https:\/\/deliciaspersas.com\/fa\/tienda\/desayuno\/mermelada-de-fresa-310g-esalat\/\"]}]},{\"@type\":\"ImageObject\",\"inLanguage\":\"fa-IR\",\"@id\":\"https:\/\/deliciaspersas.com\/fa\/tienda\/desayuno\/mermelada-de-fresa-310g-esalat\/#primaryimage\",\"url\":\"https:\/\/deliciaspersas.com\/wp-content\/uploads\/Mermelada-de-feresa-Dayan.jpg\",\"contentUrl\":\"https:\/\/deliciaspersas.com\/wp-content\/uploads\/Mermelada-de-feresa-Dayan.jpg\",\"width\":800,\"height\":800},{\"@type\":\"BreadcrumbList\",\"@id\":\"https:\/\/deliciaspersas.com\/fa\/tienda\/desayuno\/mermelada-de-fresa-310g-esalat\/#breadcrumb\",\"itemListElement\":[{\"@type\":\"ListItem\",\"position\":1,\"name\":\"Portada\",\"item\":\"https:\/\/deliciaspersas.com\/fa\/\"},{\"@type\":\"ListItem\",\"position\":2,\"name\":\"Tienda\",\"item\":\"https:\/\/deliciaspersas.com\/\"},{\"@type\":\"ListItem\",\"position\":3,\"name\":\"Mermelada de fresa 310g Esalat\"}]},{\"@type\":\"WebSite\",\"@id\":\"https:\/\/deliciaspersas.com\/fa\/#website\",\"url\":\"https:\/\/deliciaspersas.com\/fa\/\",\"name\":\"Delicias Persas\",\"description\":\"Gastronom&iacute;a persa al alcance de tus manos\",\"publisher\":{\"@id\":\"https:\/\/deliciaspersas.com\/fa\/#organization\"},\"potentialAction\":[{\"@type\":\"SearchAction\",\"target\":{\"@type\":\"EntryPoint\",\"urlTemplate\":\"https:\/\/deliciaspersas.com\/fa\/?s={search_term_string}\"},\"query-input\":{\"@type\":\"PropertyValueSpecification\",\"valueRequired\":true,\"valueName\":\"search_term_string\"}}],\"inLanguage\":\"fa-IR\"},{\"@type\":\"Organization\",\"@id\":\"https:\/\/deliciaspersas.com\/fa\/#organization\",\"name\":\"Delicias Persas\",\"url\":\"https:\/\/deliciaspersas.com\/fa\/\",\"logo\":{\"@type\":\"ImageObject\",\"inLanguage\":\"fa-IR\",\"@id\":\"https:\/\/deliciaspersas.com\/fa\/#\/schema\/logo\/image\/\",\"url\":\"https:\/\/deliciaspersas.com\/wp-content\/uploads\/2020\/07\/logo-2020.png\",\"contentUrl\":\"https:\/\/deliciaspersas.com\/wp-content\/uploads\/2020\/07\/logo-2020.png\",\"width\":520,\"height\":490,\"caption\":\"Delicias Persas\"},\"image\":{\"@id\":\"https:\/\/deliciaspersas.com\/fa\/#\/schema\/logo\/image\/\"},\"sameAs\":[\"https:\/\/www.facebook.com\/Deliciaspersas\",\"https:\/\/www.instagram.com\/delicias_persas\/\",\"https:\/\/www.linkedin.com\/delicias-persas\"]}]}<\/script>\n<!-- \/ Yoast SEO plugin. -->","yoast_head_json":{"title":"Mermelada de fresa 310g Esalat - Delicias Persas","description":"Deliciosa y saludable mermelada de Agracejo que nos aporta grandes beneficios medicinales y est\u00e9ticos; por su aporte de fibra y vitaminas.","robots":{"index":"index","follow":"follow","max-snippet":"max-snippet:-1","max-image-preview":"max-image-preview:large","max-video-preview":"max-video-preview:-1"},"canonical":"https:\/\/deliciaspersas.com\/fa\/tienda\/desayuno\/mermelada-de-fresa-310g-esalat\/","og_locale":"fa_IR","og_type":"article","og_title":"Mermelada de fresa 310g Esalat - Delicias Persas","og_description":"Deliciosa y saludable mermelada de Agracejo que nos aporta grandes beneficios medicinales y est\u00e9ticos; por su aporte de fibra y vitaminas.","og_url":"https:\/\/deliciaspersas.com\/fa\/tienda\/desayuno\/mermelada-de-fresa-310g-esalat\/","og_site_name":"Delicias Persas","article_publisher":"https:\/\/www.facebook.com\/Deliciaspersas","article_modified_time":"2025-06-13T14:57:10+00:00","og_image":[{"width":800,"height":800,"url":"https:\/\/deliciaspersas.com\/wp-content\/uploads\/Mermelada-de-feresa-Dayan.jpg","type":"image\/jpeg"}],"twitter_card":"summary_large_image","twitter_misc":{"\u0632\u0645\u0627\u0646 \u062a\u0642\u0631\u06cc\u0628\u06cc \u0628\u0631\u0627\u06cc \u062e\u0648\u0627\u0646\u062f\u0646":"2 \u062f\u0642\u06cc\u0642\u0647"},"schema":{"@context":"https:\/\/schema.org","@graph":[{"@type":"WebPage","@id":"https:\/\/deliciaspersas.com\/fa\/tienda\/desayuno\/mermelada-de-fresa-310g-esalat\/","url":"https:\/\/deliciaspersas.com\/fa\/tienda\/desayuno\/mermelada-de-fresa-310g-esalat\/","name":"Mermelada de fresa 310g Esalat - Delicias Persas","isPartOf":{"@id":"https:\/\/deliciaspersas.com\/fa\/#website"},"primaryImageOfPage":{"@id":"https:\/\/deliciaspersas.com\/fa\/tienda\/desayuno\/mermelada-de-fresa-310g-esalat\/#primaryimage"},"image":{"@id":"https:\/\/deliciaspersas.com\/fa\/tienda\/desayuno\/mermelada-de-fresa-310g-esalat\/#primaryimage"},"thumbnailUrl":"https:\/\/deliciaspersas.com\/wp-content\/uploads\/Mermelada-de-feresa-Dayan.jpg","datePublished":"2025-04-18T09:24:30+00:00","dateModified":"2025-06-13T14:57:10+00:00","description":"Deliciosa y saludable mermelada de Agracejo que nos aporta grandes beneficios medicinales y est\u00e9ticos; por su aporte de fibra y vitaminas.","breadcrumb":{"@id":"https:\/\/deliciaspersas.com\/fa\/tienda\/desayuno\/mermelada-de-fresa-310g-esalat\/#breadcrumb"},"inLanguage":"fa-IR","potentialAction":[{"@type":"ReadAction","target":["https:\/\/deliciaspersas.com\/fa\/tienda\/desayuno\/mermelada-de-fresa-310g-esalat\/"]}]},{"@type":"ImageObject","inLanguage":"fa-IR","@id":"https:\/\/deliciaspersas.com\/fa\/tienda\/desayuno\/mermelada-de-fresa-310g-esalat\/#primaryimage","url":"https:\/\/deliciaspersas.com\/wp-content\/uploads\/Mermelada-de-feresa-Dayan.jpg","contentUrl":"https:\/\/deliciaspersas.com\/wp-content\/uploads\/Mermelada-de-feresa-Dayan.jpg","width":800,"height":800},{"@type":"BreadcrumbList","@id":"https:\/\/deliciaspersas.com\/fa\/tienda\/desayuno\/mermelada-de-fresa-310g-esalat\/#breadcrumb","itemListElement":[{"@type":"ListItem","position":1,"name":"Portada","item":"https:\/\/deliciaspersas.com\/fa\/"},{"@type":"ListItem","position":2,"name":"Tienda","item":"https:\/\/deliciaspersas.com\/"},{"@type":"ListItem","position":3,"name":"Mermelada de fresa 310g Esalat"}]},{"@type":"WebSite","@id":"https:\/\/deliciaspersas.com\/fa\/#website","url":"https:\/\/deliciaspersas.com\/fa\/","name":"Delicias Persas","description":"Gastronom&iacute;a persa al alcance de tus manos","publisher":{"@id":"https:\/\/deliciaspersas.com\/fa\/#organization"},"potentialAction":[{"@type":"SearchAction","target":{"@type":"EntryPoint","urlTemplate":"https:\/\/deliciaspersas.com\/fa\/?s={search_term_string}"},"query-input":{"@type":"PropertyValueSpecification","valueRequired":true,"valueName":"search_term_string"}}],"inLanguage":"fa-IR"},{"@type":"Organization","@id":"https:\/\/deliciaspersas.com\/fa\/#organization","name":"Delicias Persas","url":"https:\/\/deliciaspersas.com\/fa\/","logo":{"@type":"ImageObject","inLanguage":"fa-IR","@id":"https:\/\/deliciaspersas.com\/fa\/#\/schema\/logo\/image\/","url":"https:\/\/deliciaspersas.com\/wp-content\/uploads\/2020\/07\/logo-2020.png","contentUrl":"https:\/\/deliciaspersas.com\/wp-content\/uploads\/2020\/07\/logo-2020.png","width":520,"height":490,"caption":"Delicias Persas"},"image":{"@id":"https:\/\/deliciaspersas.com\/fa\/#\/schema\/logo\/image\/"},"sameAs":["https:\/\/www.facebook.com\/Deliciaspersas","https:\/\/www.instagram.com\/delicias_persas\/","https:\/\/www.linkedin.com\/delicias-persas"]}]}},"uagb_featured_image_src":{"full":["https:\/\/deliciaspersas.com\/wp-content\/uploads\/Mermelada-de-feresa-Dayan.jpg",800,800,false],"thumbnail":["https:\/\/deliciaspersas.com\/wp-content\/uploads\/Mermelada-de-feresa-Dayan-150x150.jpg",150,150,true],"medium":["https:\/\/deliciaspersas.com\/wp-content\/uploads\/Mermelada-de-feresa-Dayan-300x300.jpg",300,300,true],"medium_large":["https:\/\/deliciaspersas.com\/wp-content\/uploads\/Mermelada-de-feresa-Dayan-768x768.jpg",768,768,true],"large":["https:\/\/deliciaspersas.com\/wp-content\/uploads\/Mermelada-de-feresa-Dayan.jpg",800,800,false],"1536x1536":["https:\/\/deliciaspersas.com\/wp-content\/uploads\/Mermelada-de-feresa-Dayan.jpg",800,800,false],"2048x2048":["https:\/\/deliciaspersas.com\/wp-content\/uploads\/Mermelada-de-feresa-Dayan.jpg",800,800,false],"woocommerce_thumbnail":["https:\/\/deliciaspersas.com\/wp-content\/uploads\/Mermelada-de-feresa-Dayan-300x300.jpg",300,300,true],"woocommerce_single":["https:\/\/deliciaspersas.com\/wp-content\/uploads\/Mermelada-de-feresa-Dayan-600x600.jpg",600,600,true],"woocommerce_gallery_thumbnail":["https:\/\/deliciaspersas.com\/wp-content\/uploads\/Mermelada-de-feresa-Dayan-100x100.jpg",100,100,true]},"uagb_author_info":{"display_name":"admin","author_link":"https:\/\/deliciaspersas.com\/fa\/author\/"},"uagb_comment_info":0,"uagb_excerpt":"Mermelada de fresa 310g Esalat Informaci\u00f3n del producto: Deliciosa y saludable mermelada de fresa. Usos: La mermelada de cereza es una receta que podemos utilizar en multitud de ocasiones y platos o hasta para el desayuno. Es realmente f\u00e1cil de hacer y utilizamos un ingrediente con propiedades muy beneficiosas para nuestra salud que nos aporta&hellip;","brands":[{"id":183,"name":"Esalat","slug":"esalat"}],"_links":{"self":[{"href":"https:\/\/deliciaspersas.com\/fa\/wp-json\/wp\/v2\/product\/16804"}],"collection":[{"href":"https:\/\/deliciaspersas.com\/fa\/wp-json\/wp\/v2\/product"}],"about":[{"href":"https:\/\/deliciaspersas.com\/fa\/wp-json\/wp\/v2\/types\/product"}],"wp:featuredmedia":[{"embeddable":true,"href":"https:\/\/deliciaspersas.com\/fa\/wp-json\/wp\/v2\/media\/16805"}],"wp:attachment":[{"href":"https:\/\/deliciaspersas.com\/fa\/wp-json\/wp\/v2\/media?parent=16804"}],"wp:term":[{"taxonomy":"pwb-brand","embeddable":true,"href":"https:\/\/deliciaspersas.com\/fa\/wp-json\/wp\/v2\/pwb-brand?post=16804"},{"taxonomy":"product_cat","embeddable":true,"href":"https:\/\/deliciaspersas.com\/fa\/wp-json\/wp\/v2\/product_cat?post=16804"},{"taxonomy":"product_tag","embeddable":true,"href":"https:\/\/deliciaspersas.com\/fa\/wp-json\/wp\/v2\/product_tag?post=16804"}],"curies":[{"name":"wp","href":"https:\/\/api.w.org\/{rel}","templated":true}]}}