{"id":16825,"date":"2025-04-21T11:32:17","date_gmt":"2025-04-21T09:32:17","guid":{"rendered":"https:\/\/deliciaspersas.com\/?post_type=product&#038;p=16825"},"modified":"2025-09-30T10:57:41","modified_gmt":"2025-09-30T08:57:41","slug":"pack-2-unidades-dulce-sohan-takht-350g-mashahir","status":"publish","type":"product","link":"https:\/\/deliciaspersas.com\/fa\/tienda\/delicias-dulces\/pack-2-unidades-dulce-sohan-takht-350g-mashahir\/","title":{"rendered":"Pack 2 unidades Dulce Sohan Takht 350g Mashahir"},"content":{"rendered":"<h1>Pack 2 unidades Dulce Sohan Takht 350g Mashahir<\/h1>\n<h6>Informaci\u00f3n del producto:<\/h6>\n<div>SohanTakht 350g Mashahir<\/div>\n<h6>Usos:<\/h6>\n<p>Sohan o Sowhan es un dulce tradicional iran\u00ed de azafr\u00e1n o de caramelo. Se produce principalmente en las ciudades de Qom y Isfah\u00e1n.<\/p>\n<h6>Beneficios:<\/h6>\n<p>Sohan se prepara a partir de una combinaci\u00f3n de ingredientes valiosos como harina de trigo, germen de trigo, yema de huevo, mantequilla, az\u00facar, azafr\u00e1n, cardamomo y varios frutos secos. Este producto tiene mucha prote\u00edna debido a su germen de trigo y es una excelente fuente de vitaminas. Y minerales, especialmente vitaminas B y E, y calma los nervios y la psique El germen de trigo en este producto, debido a sus az\u00facares naturales, almacena energ\u00eda en los m\u00fasculos y mejora la funci\u00f3n muscular y previene la fatiga y el cansancio.<br \/>\nDe la mantequilla o los aceites vegetales son utilizados en la preparaci\u00f3n de sohan. Agregar grasa vegetal al sohan aumenta sus calor\u00edas y aumenta la masticabilidad, el sabor, el olor, el sabor y la vida \u00fatil del producto. Por supuesto, entre las grasas, el sabor de la mantequilla es m\u00e1s impresionante y tiene un sabor a caramelo cuando se hornea con cardamomo y az\u00facar.<\/p>\n<p>El az\u00facar tambi\u00e9n se usa en la industria de la panificaci\u00f3n para endulzar y mejorar el color. Y lo m\u00e1s importante, se agregan huevos. Debido a su prote\u00edna y vitamina; el huevo aumenta el valor nutricional del producto y la tersura y frescura del producto.<\/p>\n<p>Las vitaminas en el germen de trigo como las vitaminas B, E, calcio, f\u00f3sforo, zinc, yodo, selenio, magnesio pueden eliminar la caspa, prevenir la ca\u00edda del cabello, mejorar los problemas de la piel y prevenir el c\u00e1ncer.<\/p>\n<p>La yema de huevo contiene mucha prote\u00edna que fortalece los huesos y mejora la funci\u00f3n de los nervios del cuerpo.<\/p>\n<h6>Ingredientes y al\u00e9rgenos:<\/h6>\n<p>Sus ingredientes consisten en trigo, harina, yemas de huevo, agua de rosas, az\u00facar, mantequilla o aceite vegetal, azafr\u00e1n, cardamomo y astillas de almendras y pistacho<\/p>\n<h6>Condiciones de conservaci\u00f3n:<\/h6>\n<p>Conservar en un lugar fresco, seco y protegido de la luz.<\/p>\n","protected":false},"excerpt":{"rendered":"<p>Pack 2 unidades Dulce Sohan Takht 350g Mashahir Informaci\u00f3n del producto: SohanTakht 350g Mashahir Usos: Sohan o Sowhan es un dulce tradicional iran\u00ed de azafr\u00e1n o de caramelo. Se produce principalmente en las ciudades de Qom y Isfah\u00e1n. Beneficios: Sohan se prepara a partir de una combinaci\u00f3n de ingredientes valiosos como harina de trigo, germen [&hellip;]<\/p>\n","protected":false},"featured_media":16605,"template":"","meta":{"_surecart_dashboard_logo_width":"180px","_surecart_dashboard_show_logo":true,"_surecart_dashboard_navigation_orders":true,"_surecart_dashboard_navigation_invoices":true,"_surecart_dashboard_navigation_subscriptions":true,"_surecart_dashboard_navigation_downloads":true,"_surecart_dashboard_navigation_billing":true,"_surecart_dashboard_navigation_account":true,"_uag_custom_page_level_css":"","site-sidebar-layout":"default","site-content-layout":"","ast-site-content-layout":"default","site-content-style":"default","site-sidebar-style":"default","ast-global-header-display":"","ast-banner-title-visibility":"","ast-main-header-display":"","ast-hfb-above-header-display":"","ast-hfb-below-header-display":"","ast-hfb-mobile-header-display":"","site-post-title":"","ast-breadcrumbs-content":"","ast-featured-img":"","footer-sml-layout":"","theme-transparent-header-meta":"default","adv-header-id-meta":"","stick-header-meta":"","header-above-stick-meta":"","header-main-stick-meta":"","header-below-stick-meta":"","astra-migrate-meta-layouts":"set","ast-page-background-enabled":"default","ast-page-background-meta":{"desktop":{"background-color":"","background-image":"","background-repeat":"repeat","background-position":"center center","background-size":"auto","background-attachment":"scroll","background-type":"","background-media":"","overlay-type":"","overlay-color":"","overlay-opacity":"","overlay-gradient":""},"tablet":{"background-color":"","background-image":"","background-repeat":"repeat","background-position":"center center","background-size":"auto","background-attachment":"scroll","background-type":"","background-media":"","overlay-type":"","overlay-color":"","overlay-opacity":"","overlay-gradient":""},"mobile":{"background-color":"","background-image":"","background-repeat":"repeat","background-position":"center center","background-size":"auto","background-attachment":"scroll","background-type":"","background-media":"","overlay-type":"","overlay-color":"","overlay-opacity":"","overlay-gradient":""}},"ast-content-background-meta":{"desktop":{"background-color":"var(--ast-global-color-5)","background-image":"","background-repeat":"repeat","background-position":"center center","background-size":"auto","background-attachment":"scroll","background-type":"","background-media":"","overlay-type":"","overlay-color":"","overlay-opacity":"","overlay-gradient":""},"tablet":{"background-color":"var(--ast-global-color-5)","background-image":"","background-repeat":"repeat","background-position":"center center","background-size":"auto","background-attachment":"scroll","background-type":"","background-media":"","overlay-type":"","overlay-color":"","overlay-opacity":"","overlay-gradient":""},"mobile":{"background-color":"var(--ast-global-color-5)","background-image":"","background-repeat":"repeat","background-position":"center center","background-size":"auto","background-attachment":"scroll","background-type":"","background-media":"","overlay-type":"","overlay-color":"","overlay-opacity":"","overlay-gradient":""}}},"pwb-brand":[1677],"product_cat":[31,106],"product_tag":[764,1586,1678,800,532],"class_list":{"0":"post-16825","1":"product","2":"type-product","3":"status-publish","4":"has-post-thumbnail","6":"pwb-brand-mashahir","7":"product_cat-delicias-dulces","8":"product_cat-nuevos-productos","9":"product_tag-dulce","10":"product_tag-khodkar","11":"product_tag-mashahir","12":"product_tag-sohan","13":"product_tag-532","14":"desktop-align-center","15":"tablet-align-center","16":"mobile-align-center","18":"first","19":"outofstock","20":"sale","21":"taxable","22":"shipping-taxable","23":"purchasable","24":"product-type-simple"},"yoast_head":"<!-- This site is optimized with the Yoast SEO plugin v23.6 - https:\/\/yoast.com\/wordpress\/plugins\/seo\/ -->\n<title>Pack 2 unidades Dulce Sohan Takht 350g Mashahir - Delicias Persas<\/title>\n<meta name=\"robots\" content=\"index, follow, max-snippet:-1, max-image-preview:large, max-video-preview:-1\" \/>\n<link rel=\"canonical\" href=\"https:\/\/deliciaspersas.com\/fa\/tienda\/delicias-dulces\/pack-2-unidades-dulce-sohan-takht-350g-mashahir\/\" \/>\n<meta property=\"og:locale\" content=\"fa_IR\" \/>\n<meta property=\"og:type\" content=\"article\" \/>\n<meta property=\"og:title\" content=\"Pack 2 unidades Dulce Sohan Takht 350g Mashahir - Delicias Persas\" \/>\n<meta property=\"og:description\" content=\"Pack 2 unidades Dulce Sohan Takht 350g Mashahir Informaci\u00f3n del producto: SohanTakht 350g Mashahir Usos: Sohan o Sowhan es un dulce tradicional iran\u00ed de azafr\u00e1n o de caramelo. Se produce principalmente en las ciudades de Qom y Isfah\u00e1n. Beneficios: Sohan se prepara a partir de una combinaci\u00f3n de ingredientes valiosos como harina de trigo, germen [&hellip;]\" \/>\n<meta property=\"og:url\" content=\"https:\/\/deliciaspersas.com\/fa\/tienda\/delicias-dulces\/pack-2-unidades-dulce-sohan-takht-350g-mashahir\/\" \/>\n<meta property=\"og:site_name\" content=\"Delicias Persas\" \/>\n<meta property=\"article:publisher\" content=\"https:\/\/www.facebook.com\/Deliciaspersas\" \/>\n<meta property=\"article:modified_time\" content=\"2025-09-30T08:57:41+00:00\" \/>\n<meta property=\"og:image\" content=\"https:\/\/deliciaspersas.com\/wp-content\/uploads\/Sohan-Takht-Dayan.jpg\" \/>\n\t<meta property=\"og:image:width\" content=\"600\" \/>\n\t<meta property=\"og:image:height\" content=\"600\" \/>\n\t<meta property=\"og:image:type\" content=\"image\/jpeg\" \/>\n<meta name=\"twitter:card\" content=\"summary_large_image\" \/>\n<meta name=\"twitter:label1\" content=\"\u0632\u0645\u0627\u0646 \u062a\u0642\u0631\u06cc\u0628\u06cc \u0628\u0631\u0627\u06cc \u062e\u0648\u0627\u0646\u062f\u0646\" \/>\n\t<meta name=\"twitter:data1\" content=\"2 \u062f\u0642\u06cc\u0642\u0647\" \/>\n<script type=\"application\/ld+json\" class=\"yoast-schema-graph\">{\"@context\":\"https:\/\/schema.org\",\"@graph\":[{\"@type\":\"WebPage\",\"@id\":\"https:\/\/deliciaspersas.com\/fa\/tienda\/delicias-dulces\/pack-2-unidades-dulce-sohan-takht-350g-mashahir\/\",\"url\":\"https:\/\/deliciaspersas.com\/fa\/tienda\/delicias-dulces\/pack-2-unidades-dulce-sohan-takht-350g-mashahir\/\",\"name\":\"Pack 2 unidades Dulce Sohan Takht 350g Mashahir - Delicias Persas\",\"isPartOf\":{\"@id\":\"https:\/\/deliciaspersas.com\/fa\/#website\"},\"primaryImageOfPage\":{\"@id\":\"https:\/\/deliciaspersas.com\/fa\/tienda\/delicias-dulces\/pack-2-unidades-dulce-sohan-takht-350g-mashahir\/#primaryimage\"},\"image\":{\"@id\":\"https:\/\/deliciaspersas.com\/fa\/tienda\/delicias-dulces\/pack-2-unidades-dulce-sohan-takht-350g-mashahir\/#primaryimage\"},\"thumbnailUrl\":\"https:\/\/deliciaspersas.com\/wp-content\/uploads\/Sohan-Takht-Dayan.jpg\",\"datePublished\":\"2025-04-21T09:32:17+00:00\",\"dateModified\":\"2025-09-30T08:57:41+00:00\",\"breadcrumb\":{\"@id\":\"https:\/\/deliciaspersas.com\/fa\/tienda\/delicias-dulces\/pack-2-unidades-dulce-sohan-takht-350g-mashahir\/#breadcrumb\"},\"inLanguage\":\"fa-IR\",\"potentialAction\":[{\"@type\":\"ReadAction\",\"target\":[\"https:\/\/deliciaspersas.com\/fa\/tienda\/delicias-dulces\/pack-2-unidades-dulce-sohan-takht-350g-mashahir\/\"]}]},{\"@type\":\"ImageObject\",\"inLanguage\":\"fa-IR\",\"@id\":\"https:\/\/deliciaspersas.com\/fa\/tienda\/delicias-dulces\/pack-2-unidades-dulce-sohan-takht-350g-mashahir\/#primaryimage\",\"url\":\"https:\/\/deliciaspersas.com\/wp-content\/uploads\/Sohan-Takht-Dayan.jpg\",\"contentUrl\":\"https:\/\/deliciaspersas.com\/wp-content\/uploads\/Sohan-Takht-Dayan.jpg\",\"width\":600,\"height\":600},{\"@type\":\"BreadcrumbList\",\"@id\":\"https:\/\/deliciaspersas.com\/fa\/tienda\/delicias-dulces\/pack-2-unidades-dulce-sohan-takht-350g-mashahir\/#breadcrumb\",\"itemListElement\":[{\"@type\":\"ListItem\",\"position\":1,\"name\":\"Portada\",\"item\":\"https:\/\/deliciaspersas.com\/fa\/\"},{\"@type\":\"ListItem\",\"position\":2,\"name\":\"Tienda\",\"item\":\"https:\/\/deliciaspersas.com\/\"},{\"@type\":\"ListItem\",\"position\":3,\"name\":\"Pack 2 unidades Dulce Sohan Takht 350g Mashahir\"}]},{\"@type\":\"WebSite\",\"@id\":\"https:\/\/deliciaspersas.com\/fa\/#website\",\"url\":\"https:\/\/deliciaspersas.com\/fa\/\",\"name\":\"Delicias Persas\",\"description\":\"Gastronom&iacute;a persa al alcance de tus manos\",\"publisher\":{\"@id\":\"https:\/\/deliciaspersas.com\/fa\/#organization\"},\"potentialAction\":[{\"@type\":\"SearchAction\",\"target\":{\"@type\":\"EntryPoint\",\"urlTemplate\":\"https:\/\/deliciaspersas.com\/fa\/?s={search_term_string}\"},\"query-input\":{\"@type\":\"PropertyValueSpecification\",\"valueRequired\":true,\"valueName\":\"search_term_string\"}}],\"inLanguage\":\"fa-IR\"},{\"@type\":\"Organization\",\"@id\":\"https:\/\/deliciaspersas.com\/fa\/#organization\",\"name\":\"Delicias Persas\",\"url\":\"https:\/\/deliciaspersas.com\/fa\/\",\"logo\":{\"@type\":\"ImageObject\",\"inLanguage\":\"fa-IR\",\"@id\":\"https:\/\/deliciaspersas.com\/fa\/#\/schema\/logo\/image\/\",\"url\":\"https:\/\/deliciaspersas.com\/wp-content\/uploads\/2020\/07\/logo-2020.png\",\"contentUrl\":\"https:\/\/deliciaspersas.com\/wp-content\/uploads\/2020\/07\/logo-2020.png\",\"width\":520,\"height\":490,\"caption\":\"Delicias Persas\"},\"image\":{\"@id\":\"https:\/\/deliciaspersas.com\/fa\/#\/schema\/logo\/image\/\"},\"sameAs\":[\"https:\/\/www.facebook.com\/Deliciaspersas\",\"https:\/\/www.instagram.com\/delicias_persas\/\",\"https:\/\/www.linkedin.com\/delicias-persas\"]}]}<\/script>\n<!-- \/ Yoast SEO plugin. -->","yoast_head_json":{"title":"Pack 2 unidades Dulce Sohan Takht 350g Mashahir - Delicias Persas","robots":{"index":"index","follow":"follow","max-snippet":"max-snippet:-1","max-image-preview":"max-image-preview:large","max-video-preview":"max-video-preview:-1"},"canonical":"https:\/\/deliciaspersas.com\/fa\/tienda\/delicias-dulces\/pack-2-unidades-dulce-sohan-takht-350g-mashahir\/","og_locale":"fa_IR","og_type":"article","og_title":"Pack 2 unidades Dulce Sohan Takht 350g Mashahir - Delicias Persas","og_description":"Pack 2 unidades Dulce Sohan Takht 350g Mashahir Informaci\u00f3n del producto: SohanTakht 350g Mashahir Usos: Sohan o Sowhan es un dulce tradicional iran\u00ed de azafr\u00e1n o de caramelo. Se produce principalmente en las ciudades de Qom y Isfah\u00e1n. Beneficios: Sohan se prepara a partir de una combinaci\u00f3n de ingredientes valiosos como harina de trigo, germen [&hellip;]","og_url":"https:\/\/deliciaspersas.com\/fa\/tienda\/delicias-dulces\/pack-2-unidades-dulce-sohan-takht-350g-mashahir\/","og_site_name":"Delicias Persas","article_publisher":"https:\/\/www.facebook.com\/Deliciaspersas","article_modified_time":"2025-09-30T08:57:41+00:00","og_image":[{"width":600,"height":600,"url":"https:\/\/deliciaspersas.com\/wp-content\/uploads\/Sohan-Takht-Dayan.jpg","type":"image\/jpeg"}],"twitter_card":"summary_large_image","twitter_misc":{"\u0632\u0645\u0627\u0646 \u062a\u0642\u0631\u06cc\u0628\u06cc \u0628\u0631\u0627\u06cc \u062e\u0648\u0627\u0646\u062f\u0646":"2 \u062f\u0642\u06cc\u0642\u0647"},"schema":{"@context":"https:\/\/schema.org","@graph":[{"@type":"WebPage","@id":"https:\/\/deliciaspersas.com\/fa\/tienda\/delicias-dulces\/pack-2-unidades-dulce-sohan-takht-350g-mashahir\/","url":"https:\/\/deliciaspersas.com\/fa\/tienda\/delicias-dulces\/pack-2-unidades-dulce-sohan-takht-350g-mashahir\/","name":"Pack 2 unidades Dulce Sohan Takht 350g Mashahir - Delicias Persas","isPartOf":{"@id":"https:\/\/deliciaspersas.com\/fa\/#website"},"primaryImageOfPage":{"@id":"https:\/\/deliciaspersas.com\/fa\/tienda\/delicias-dulces\/pack-2-unidades-dulce-sohan-takht-350g-mashahir\/#primaryimage"},"image":{"@id":"https:\/\/deliciaspersas.com\/fa\/tienda\/delicias-dulces\/pack-2-unidades-dulce-sohan-takht-350g-mashahir\/#primaryimage"},"thumbnailUrl":"https:\/\/deliciaspersas.com\/wp-content\/uploads\/Sohan-Takht-Dayan.jpg","datePublished":"2025-04-21T09:32:17+00:00","dateModified":"2025-09-30T08:57:41+00:00","breadcrumb":{"@id":"https:\/\/deliciaspersas.com\/fa\/tienda\/delicias-dulces\/pack-2-unidades-dulce-sohan-takht-350g-mashahir\/#breadcrumb"},"inLanguage":"fa-IR","potentialAction":[{"@type":"ReadAction","target":["https:\/\/deliciaspersas.com\/fa\/tienda\/delicias-dulces\/pack-2-unidades-dulce-sohan-takht-350g-mashahir\/"]}]},{"@type":"ImageObject","inLanguage":"fa-IR","@id":"https:\/\/deliciaspersas.com\/fa\/tienda\/delicias-dulces\/pack-2-unidades-dulce-sohan-takht-350g-mashahir\/#primaryimage","url":"https:\/\/deliciaspersas.com\/wp-content\/uploads\/Sohan-Takht-Dayan.jpg","contentUrl":"https:\/\/deliciaspersas.com\/wp-content\/uploads\/Sohan-Takht-Dayan.jpg","width":600,"height":600},{"@type":"BreadcrumbList","@id":"https:\/\/deliciaspersas.com\/fa\/tienda\/delicias-dulces\/pack-2-unidades-dulce-sohan-takht-350g-mashahir\/#breadcrumb","itemListElement":[{"@type":"ListItem","position":1,"name":"Portada","item":"https:\/\/deliciaspersas.com\/fa\/"},{"@type":"ListItem","position":2,"name":"Tienda","item":"https:\/\/deliciaspersas.com\/"},{"@type":"ListItem","position":3,"name":"Pack 2 unidades Dulce Sohan Takht 350g Mashahir"}]},{"@type":"WebSite","@id":"https:\/\/deliciaspersas.com\/fa\/#website","url":"https:\/\/deliciaspersas.com\/fa\/","name":"Delicias Persas","description":"Gastronom&iacute;a persa al alcance de tus manos","publisher":{"@id":"https:\/\/deliciaspersas.com\/fa\/#organization"},"potentialAction":[{"@type":"SearchAction","target":{"@type":"EntryPoint","urlTemplate":"https:\/\/deliciaspersas.com\/fa\/?s={search_term_string}"},"query-input":{"@type":"PropertyValueSpecification","valueRequired":true,"valueName":"search_term_string"}}],"inLanguage":"fa-IR"},{"@type":"Organization","@id":"https:\/\/deliciaspersas.com\/fa\/#organization","name":"Delicias Persas","url":"https:\/\/deliciaspersas.com\/fa\/","logo":{"@type":"ImageObject","inLanguage":"fa-IR","@id":"https:\/\/deliciaspersas.com\/fa\/#\/schema\/logo\/image\/","url":"https:\/\/deliciaspersas.com\/wp-content\/uploads\/2020\/07\/logo-2020.png","contentUrl":"https:\/\/deliciaspersas.com\/wp-content\/uploads\/2020\/07\/logo-2020.png","width":520,"height":490,"caption":"Delicias Persas"},"image":{"@id":"https:\/\/deliciaspersas.com\/fa\/#\/schema\/logo\/image\/"},"sameAs":["https:\/\/www.facebook.com\/Deliciaspersas","https:\/\/www.instagram.com\/delicias_persas\/","https:\/\/www.linkedin.com\/delicias-persas"]}]}},"uagb_featured_image_src":{"full":["https:\/\/deliciaspersas.com\/wp-content\/uploads\/Sohan-Takht-Dayan.jpg",600,600,false],"thumbnail":["https:\/\/deliciaspersas.com\/wp-content\/uploads\/Sohan-Takht-Dayan-150x150.jpg",150,150,true],"medium":["https:\/\/deliciaspersas.com\/wp-content\/uploads\/Sohan-Takht-Dayan-300x300.jpg",300,300,true],"medium_large":["https:\/\/deliciaspersas.com\/wp-content\/uploads\/Sohan-Takht-Dayan.jpg",600,600,false],"large":["https:\/\/deliciaspersas.com\/wp-content\/uploads\/Sohan-Takht-Dayan.jpg",600,600,false],"1536x1536":["https:\/\/deliciaspersas.com\/wp-content\/uploads\/Sohan-Takht-Dayan.jpg",600,600,false],"2048x2048":["https:\/\/deliciaspersas.com\/wp-content\/uploads\/Sohan-Takht-Dayan.jpg",600,600,false],"woocommerce_thumbnail":["https:\/\/deliciaspersas.com\/wp-content\/uploads\/Sohan-Takht-Dayan-300x300.jpg",300,300,true],"woocommerce_single":["https:\/\/deliciaspersas.com\/wp-content\/uploads\/Sohan-Takht-Dayan.jpg",600,600,false],"woocommerce_gallery_thumbnail":["https:\/\/deliciaspersas.com\/wp-content\/uploads\/Sohan-Takht-Dayan-100x100.jpg",100,100,true]},"uagb_author_info":{"display_name":"admin","author_link":"https:\/\/deliciaspersas.com\/fa\/author\/"},"uagb_comment_info":0,"uagb_excerpt":"Pack 2 unidades Dulce Sohan Takht 350g Mashahir Informaci\u00f3n del producto: SohanTakht 350g Mashahir Usos: Sohan o Sowhan es un dulce tradicional iran\u00ed de azafr\u00e1n o de caramelo. Se produce principalmente en las ciudades de Qom y Isfah\u00e1n. Beneficios: Sohan se prepara a partir de una combinaci\u00f3n de ingredientes valiosos como harina de trigo, germen&hellip;","brands":[{"id":1677,"name":"Mashahir","slug":"mashahir"}],"_links":{"self":[{"href":"https:\/\/deliciaspersas.com\/fa\/wp-json\/wp\/v2\/product\/16825"}],"collection":[{"href":"https:\/\/deliciaspersas.com\/fa\/wp-json\/wp\/v2\/product"}],"about":[{"href":"https:\/\/deliciaspersas.com\/fa\/wp-json\/wp\/v2\/types\/product"}],"wp:featuredmedia":[{"embeddable":true,"href":"https:\/\/deliciaspersas.com\/fa\/wp-json\/wp\/v2\/media\/16605"}],"wp:attachment":[{"href":"https:\/\/deliciaspersas.com\/fa\/wp-json\/wp\/v2\/media?parent=16825"}],"wp:term":[{"taxonomy":"pwb-brand","embeddable":true,"href":"https:\/\/deliciaspersas.com\/fa\/wp-json\/wp\/v2\/pwb-brand?post=16825"},{"taxonomy":"product_cat","embeddable":true,"href":"https:\/\/deliciaspersas.com\/fa\/wp-json\/wp\/v2\/product_cat?post=16825"},{"taxonomy":"product_tag","embeddable":true,"href":"https:\/\/deliciaspersas.com\/fa\/wp-json\/wp\/v2\/product_tag?post=16825"}],"curies":[{"name":"wp","href":"https:\/\/api.w.org\/{rel}","templated":true}]}}