{"id":16898,"date":"2025-05-23T17:35:33","date_gmt":"2025-05-23T15:35:33","guid":{"rendered":"https:\/\/deliciaspersas.com\/?post_type=product&#038;p=16898"},"modified":"2025-05-23T17:41:24","modified_gmt":"2025-05-23T15:41:24","slug":"arroz-basmati-belanco-berenje-basmati-20kg-haat-bazar","status":"publish","type":"product","link":"https:\/\/deliciaspersas.com\/fa\/tienda\/arroz\/arroz-basmati-belanco-berenje-basmati-20kg-haat-bazar\/","title":{"rendered":"Arroz basmati belanco ( Berenje basmati) 20kg Haat bazar"},"content":{"rendered":"<h1>Arroz basmati belanco ( Berenje basmati) 20kg Haat bazar<\/h1>\n<h6>Informaci\u00f3n del producto:<\/h6>\n<div>Arroz Cristal de calidad superior, arroz basmati.<\/div>\n<h6>Usos:<\/h6>\n<p>Este exquisito arroz, se emplea en la gran mayor\u00eda de nuestros platos, convirti\u00e9ndose en uno de los alimentos principales de nuestra dieta. Adem\u00e1s, posee gran cantidad de beneficios como: \u00a0vitamina E, la cual act\u00faa como un antioxidante; vitamina K, recomendada para regular la coagulaci\u00f3n de la sangre; minerales como el manganeso para activar el metabolismo de prote\u00ednas e hidratos de carbono; y no contiene grasa, sodio ni gluten.<\/p>\n<p>Hay muchas opciones para preparar el arroz blanco. La m\u00e1s com\u00fan es cocerlo y a\u00f1adirle tomate frito, huevos y salchichas, pero tambi\u00e9n puede ser un perfecto acompa\u00f1ante de la carne<strong>,\u00a0<\/strong>verduras, pescados y guisos.<\/p>\n<p>&nbsp;<\/p>\n","protected":false},"excerpt":{"rendered":"<p>Arroz basmati belanco ( Berenje basmati) 20kg Haat bazar Informaci\u00f3n del producto: Arroz Cristal de calidad superior, arroz basmati. Usos: Este exquisito arroz, se emplea en la gran mayor\u00eda de nuestros platos, convirti\u00e9ndose en uno de los alimentos principales de nuestra dieta. Adem\u00e1s, posee gran cantidad de beneficios como: \u00a0vitamina E, la cual act\u00faa como [&hellip;]<\/p>\n","protected":false},"featured_media":16899,"template":"","meta":{"_surecart_dashboard_logo_width":"180px","_surecart_dashboard_show_logo":true,"_surecart_dashboard_navigation_orders":true,"_surecart_dashboard_navigation_invoices":true,"_surecart_dashboard_navigation_subscriptions":true,"_surecart_dashboard_navigation_downloads":true,"_surecart_dashboard_navigation_billing":true,"_surecart_dashboard_navigation_account":true,"_uag_custom_page_level_css":"","site-sidebar-layout":"default","site-content-layout":"default","ast-site-content-layout":"default","site-content-style":"default","site-sidebar-style":"default","ast-global-header-display":"","ast-banner-title-visibility":"","ast-main-header-display":"","ast-hfb-above-header-display":"","ast-hfb-below-header-display":"","ast-hfb-mobile-header-display":"","site-post-title":"","ast-breadcrumbs-content":"","ast-featured-img":"","footer-sml-layout":"","theme-transparent-header-meta":"default","adv-header-id-meta":"","stick-header-meta":"","header-above-stick-meta":"","header-main-stick-meta":"","header-below-stick-meta":"","astra-migrate-meta-layouts":"set","ast-page-background-enabled":"default","ast-page-background-meta":{"desktop":{"background-color":"","background-image":"","background-repeat":"repeat","background-position":"center center","background-size":"auto","background-attachment":"scroll","background-type":"","background-media":"","overlay-type":"","overlay-color":"","overlay-opacity":"","overlay-gradient":""},"tablet":{"background-color":"","background-image":"","background-repeat":"repeat","background-position":"center center","background-size":"auto","background-attachment":"scroll","background-type":"","background-media":"","overlay-type":"","overlay-color":"","overlay-opacity":"","overlay-gradient":""},"mobile":{"background-color":"","background-image":"","background-repeat":"repeat","background-position":"center center","background-size":"auto","background-attachment":"scroll","background-type":"","background-media":"","overlay-type":"","overlay-color":"","overlay-opacity":"","overlay-gradient":""}},"ast-content-background-meta":{"desktop":{"background-color":"var(--ast-global-color-5)","background-image":"","background-repeat":"repeat","background-position":"center center","background-size":"auto","background-attachment":"scroll","background-type":"","background-media":"","overlay-type":"","overlay-color":"","overlay-opacity":"","overlay-gradient":""},"tablet":{"background-color":"var(--ast-global-color-5)","background-image":"","background-repeat":"repeat","background-position":"center center","background-size":"auto","background-attachment":"scroll","background-type":"","background-media":"","overlay-type":"","overlay-color":"","overlay-opacity":"","overlay-gradient":""},"mobile":{"background-color":"var(--ast-global-color-5)","background-image":"","background-repeat":"repeat","background-position":"center center","background-size":"auto","background-attachment":"scroll","background-type":"","background-media":"","overlay-type":"","overlay-color":"","overlay-opacity":"","overlay-gradient":""}}},"pwb-brand":[1692],"product_cat":[29,106,44],"product_tag":[866,700,701,1258,590,865,1572,1393,394,393,468],"class_list":{"0":"post-16898","1":"product","2":"type-product","3":"status-publish","4":"has-post-thumbnail","6":"pwb-brand-haat-bazar","7":"product_cat-arroz","8":"product_cat-nuevos-productos","9":"product_cat-ofertas","10":"product_tag-aroma","11":"product_tag-arroz","12":"product_tag-basmati","13":"product_tag-berenj","14":"product_tag-comida","15":"product_tag-fino","16":"product_tag-heer","17":"product_tag-rice","18":"product_tag-394","19":"product_tag-393","20":"product_tag-468","21":"desktop-align-center","22":"tablet-align-center","23":"mobile-align-center","25":"first","26":"instock","27":"taxable","28":"shipping-taxable","29":"purchasable","30":"product-type-simple"},"yoast_head":"<!-- This site is optimized with the Yoast SEO plugin v23.6 - https:\/\/yoast.com\/wordpress\/plugins\/seo\/ -->\n<title>Arroz basmati belanco ( Berenje basmati) 20kg Haat bazar - Delicias Persas<\/title>\n<meta name=\"description\" content=\"Arroz Cristal de calidad superior. Se usa en la gran mayor\u00eda de nuestros platos, convirti\u00e9ndose en el alimento principal de nuestra dieta.\" \/>\n<meta name=\"robots\" content=\"index, follow, max-snippet:-1, max-image-preview:large, max-video-preview:-1\" \/>\n<link rel=\"canonical\" href=\"https:\/\/deliciaspersas.com\/fa\/tienda\/arroz\/arroz-basmati-belanco-berenje-basmati-20kg-haat-bazar\/\" \/>\n<meta property=\"og:locale\" content=\"fa_IR\" \/>\n<meta property=\"og:type\" content=\"article\" \/>\n<meta property=\"og:title\" content=\"Arroz basmati belanco ( Berenje basmati) 20kg Haat bazar - Delicias Persas\" \/>\n<meta property=\"og:description\" content=\"Arroz Cristal de calidad superior. Se usa en la gran mayor\u00eda de nuestros platos, convirti\u00e9ndose en el alimento principal de nuestra dieta.\" \/>\n<meta property=\"og:url\" content=\"https:\/\/deliciaspersas.com\/fa\/tienda\/arroz\/arroz-basmati-belanco-berenje-basmati-20kg-haat-bazar\/\" \/>\n<meta property=\"og:site_name\" content=\"Delicias Persas\" \/>\n<meta property=\"article:publisher\" content=\"https:\/\/www.facebook.com\/Deliciaspersas\" \/>\n<meta property=\"article:modified_time\" content=\"2025-05-23T15:41:24+00:00\" \/>\n<meta property=\"og:image\" content=\"https:\/\/deliciaspersas.com\/wp-content\/uploads\/arroz-basmati-dayan-1.jpeg\" \/>\n\t<meta property=\"og:image:width\" content=\"1200\" \/>\n\t<meta property=\"og:image:height\" content=\"1600\" \/>\n\t<meta property=\"og:image:type\" content=\"image\/jpeg\" \/>\n<meta name=\"twitter:card\" content=\"summary_large_image\" \/>\n<meta name=\"twitter:label1\" content=\"\u0632\u0645\u0627\u0646 \u062a\u0642\u0631\u06cc\u0628\u06cc \u0628\u0631\u0627\u06cc \u062e\u0648\u0627\u0646\u062f\u0646\" \/>\n\t<meta name=\"twitter:data1\" content=\"1 \u062f\u0642\u06cc\u0642\u0647\" \/>\n<script type=\"application\/ld+json\" class=\"yoast-schema-graph\">{\"@context\":\"https:\/\/schema.org\",\"@graph\":[{\"@type\":\"WebPage\",\"@id\":\"https:\/\/deliciaspersas.com\/fa\/tienda\/arroz\/arroz-basmati-belanco-berenje-basmati-20kg-haat-bazar\/\",\"url\":\"https:\/\/deliciaspersas.com\/fa\/tienda\/arroz\/arroz-basmati-belanco-berenje-basmati-20kg-haat-bazar\/\",\"name\":\"Arroz basmati belanco ( Berenje basmati) 20kg Haat bazar - Delicias Persas\",\"isPartOf\":{\"@id\":\"https:\/\/deliciaspersas.com\/fa\/#website\"},\"primaryImageOfPage\":{\"@id\":\"https:\/\/deliciaspersas.com\/fa\/tienda\/arroz\/arroz-basmati-belanco-berenje-basmati-20kg-haat-bazar\/#primaryimage\"},\"image\":{\"@id\":\"https:\/\/deliciaspersas.com\/fa\/tienda\/arroz\/arroz-basmati-belanco-berenje-basmati-20kg-haat-bazar\/#primaryimage\"},\"thumbnailUrl\":\"https:\/\/deliciaspersas.com\/wp-content\/uploads\/arroz-basmati-dayan-1.jpeg\",\"datePublished\":\"2025-05-23T15:35:33+00:00\",\"dateModified\":\"2025-05-23T15:41:24+00:00\",\"description\":\"Arroz Cristal de calidad superior. Se usa en la gran mayor\u00eda de nuestros platos, convirti\u00e9ndose en el alimento principal de nuestra dieta.\",\"breadcrumb\":{\"@id\":\"https:\/\/deliciaspersas.com\/fa\/tienda\/arroz\/arroz-basmati-belanco-berenje-basmati-20kg-haat-bazar\/#breadcrumb\"},\"inLanguage\":\"fa-IR\",\"potentialAction\":[{\"@type\":\"ReadAction\",\"target\":[\"https:\/\/deliciaspersas.com\/fa\/tienda\/arroz\/arroz-basmati-belanco-berenje-basmati-20kg-haat-bazar\/\"]}]},{\"@type\":\"ImageObject\",\"inLanguage\":\"fa-IR\",\"@id\":\"https:\/\/deliciaspersas.com\/fa\/tienda\/arroz\/arroz-basmati-belanco-berenje-basmati-20kg-haat-bazar\/#primaryimage\",\"url\":\"https:\/\/deliciaspersas.com\/wp-content\/uploads\/arroz-basmati-dayan-1.jpeg\",\"contentUrl\":\"https:\/\/deliciaspersas.com\/wp-content\/uploads\/arroz-basmati-dayan-1.jpeg\",\"width\":1200,\"height\":1600},{\"@type\":\"BreadcrumbList\",\"@id\":\"https:\/\/deliciaspersas.com\/fa\/tienda\/arroz\/arroz-basmati-belanco-berenje-basmati-20kg-haat-bazar\/#breadcrumb\",\"itemListElement\":[{\"@type\":\"ListItem\",\"position\":1,\"name\":\"Portada\",\"item\":\"https:\/\/deliciaspersas.com\/fa\/\"},{\"@type\":\"ListItem\",\"position\":2,\"name\":\"Tienda\",\"item\":\"https:\/\/deliciaspersas.com\/\"},{\"@type\":\"ListItem\",\"position\":3,\"name\":\"Arroz basmati belanco ( Berenje basmati) 20kg Haat bazar\"}]},{\"@type\":\"WebSite\",\"@id\":\"https:\/\/deliciaspersas.com\/fa\/#website\",\"url\":\"https:\/\/deliciaspersas.com\/fa\/\",\"name\":\"Delicias Persas\",\"description\":\"Gastronom&iacute;a persa al alcance de tus manos\",\"publisher\":{\"@id\":\"https:\/\/deliciaspersas.com\/fa\/#organization\"},\"potentialAction\":[{\"@type\":\"SearchAction\",\"target\":{\"@type\":\"EntryPoint\",\"urlTemplate\":\"https:\/\/deliciaspersas.com\/fa\/?s={search_term_string}\"},\"query-input\":{\"@type\":\"PropertyValueSpecification\",\"valueRequired\":true,\"valueName\":\"search_term_string\"}}],\"inLanguage\":\"fa-IR\"},{\"@type\":\"Organization\",\"@id\":\"https:\/\/deliciaspersas.com\/fa\/#organization\",\"name\":\"Delicias Persas\",\"url\":\"https:\/\/deliciaspersas.com\/fa\/\",\"logo\":{\"@type\":\"ImageObject\",\"inLanguage\":\"fa-IR\",\"@id\":\"https:\/\/deliciaspersas.com\/fa\/#\/schema\/logo\/image\/\",\"url\":\"https:\/\/deliciaspersas.com\/wp-content\/uploads\/2020\/07\/logo-2020.png\",\"contentUrl\":\"https:\/\/deliciaspersas.com\/wp-content\/uploads\/2020\/07\/logo-2020.png\",\"width\":520,\"height\":490,\"caption\":\"Delicias Persas\"},\"image\":{\"@id\":\"https:\/\/deliciaspersas.com\/fa\/#\/schema\/logo\/image\/\"},\"sameAs\":[\"https:\/\/www.facebook.com\/Deliciaspersas\",\"https:\/\/www.instagram.com\/delicias_persas\/\",\"https:\/\/www.linkedin.com\/delicias-persas\"]}]}<\/script>\n<!-- \/ Yoast SEO plugin. -->","yoast_head_json":{"title":"Arroz basmati belanco ( Berenje basmati) 20kg Haat bazar - Delicias Persas","description":"Arroz Cristal de calidad superior. Se usa en la gran mayor\u00eda de nuestros platos, convirti\u00e9ndose en el alimento principal de nuestra dieta.","robots":{"index":"index","follow":"follow","max-snippet":"max-snippet:-1","max-image-preview":"max-image-preview:large","max-video-preview":"max-video-preview:-1"},"canonical":"https:\/\/deliciaspersas.com\/fa\/tienda\/arroz\/arroz-basmati-belanco-berenje-basmati-20kg-haat-bazar\/","og_locale":"fa_IR","og_type":"article","og_title":"Arroz basmati belanco ( Berenje basmati) 20kg Haat bazar - Delicias Persas","og_description":"Arroz Cristal de calidad superior. Se usa en la gran mayor\u00eda de nuestros platos, convirti\u00e9ndose en el alimento principal de nuestra dieta.","og_url":"https:\/\/deliciaspersas.com\/fa\/tienda\/arroz\/arroz-basmati-belanco-berenje-basmati-20kg-haat-bazar\/","og_site_name":"Delicias Persas","article_publisher":"https:\/\/www.facebook.com\/Deliciaspersas","article_modified_time":"2025-05-23T15:41:24+00:00","og_image":[{"width":1200,"height":1600,"url":"https:\/\/deliciaspersas.com\/wp-content\/uploads\/arroz-basmati-dayan-1.jpeg","type":"image\/jpeg"}],"twitter_card":"summary_large_image","twitter_misc":{"\u0632\u0645\u0627\u0646 \u062a\u0642\u0631\u06cc\u0628\u06cc \u0628\u0631\u0627\u06cc \u062e\u0648\u0627\u0646\u062f\u0646":"1 \u062f\u0642\u06cc\u0642\u0647"},"schema":{"@context":"https:\/\/schema.org","@graph":[{"@type":"WebPage","@id":"https:\/\/deliciaspersas.com\/fa\/tienda\/arroz\/arroz-basmati-belanco-berenje-basmati-20kg-haat-bazar\/","url":"https:\/\/deliciaspersas.com\/fa\/tienda\/arroz\/arroz-basmati-belanco-berenje-basmati-20kg-haat-bazar\/","name":"Arroz basmati belanco ( Berenje basmati) 20kg Haat bazar - Delicias Persas","isPartOf":{"@id":"https:\/\/deliciaspersas.com\/fa\/#website"},"primaryImageOfPage":{"@id":"https:\/\/deliciaspersas.com\/fa\/tienda\/arroz\/arroz-basmati-belanco-berenje-basmati-20kg-haat-bazar\/#primaryimage"},"image":{"@id":"https:\/\/deliciaspersas.com\/fa\/tienda\/arroz\/arroz-basmati-belanco-berenje-basmati-20kg-haat-bazar\/#primaryimage"},"thumbnailUrl":"https:\/\/deliciaspersas.com\/wp-content\/uploads\/arroz-basmati-dayan-1.jpeg","datePublished":"2025-05-23T15:35:33+00:00","dateModified":"2025-05-23T15:41:24+00:00","description":"Arroz Cristal de calidad superior. Se usa en la gran mayor\u00eda de nuestros platos, convirti\u00e9ndose en el alimento principal de nuestra dieta.","breadcrumb":{"@id":"https:\/\/deliciaspersas.com\/fa\/tienda\/arroz\/arroz-basmati-belanco-berenje-basmati-20kg-haat-bazar\/#breadcrumb"},"inLanguage":"fa-IR","potentialAction":[{"@type":"ReadAction","target":["https:\/\/deliciaspersas.com\/fa\/tienda\/arroz\/arroz-basmati-belanco-berenje-basmati-20kg-haat-bazar\/"]}]},{"@type":"ImageObject","inLanguage":"fa-IR","@id":"https:\/\/deliciaspersas.com\/fa\/tienda\/arroz\/arroz-basmati-belanco-berenje-basmati-20kg-haat-bazar\/#primaryimage","url":"https:\/\/deliciaspersas.com\/wp-content\/uploads\/arroz-basmati-dayan-1.jpeg","contentUrl":"https:\/\/deliciaspersas.com\/wp-content\/uploads\/arroz-basmati-dayan-1.jpeg","width":1200,"height":1600},{"@type":"BreadcrumbList","@id":"https:\/\/deliciaspersas.com\/fa\/tienda\/arroz\/arroz-basmati-belanco-berenje-basmati-20kg-haat-bazar\/#breadcrumb","itemListElement":[{"@type":"ListItem","position":1,"name":"Portada","item":"https:\/\/deliciaspersas.com\/fa\/"},{"@type":"ListItem","position":2,"name":"Tienda","item":"https:\/\/deliciaspersas.com\/"},{"@type":"ListItem","position":3,"name":"Arroz basmati belanco ( Berenje basmati) 20kg Haat bazar"}]},{"@type":"WebSite","@id":"https:\/\/deliciaspersas.com\/fa\/#website","url":"https:\/\/deliciaspersas.com\/fa\/","name":"Delicias Persas","description":"Gastronom&iacute;a persa al alcance de tus manos","publisher":{"@id":"https:\/\/deliciaspersas.com\/fa\/#organization"},"potentialAction":[{"@type":"SearchAction","target":{"@type":"EntryPoint","urlTemplate":"https:\/\/deliciaspersas.com\/fa\/?s={search_term_string}"},"query-input":{"@type":"PropertyValueSpecification","valueRequired":true,"valueName":"search_term_string"}}],"inLanguage":"fa-IR"},{"@type":"Organization","@id":"https:\/\/deliciaspersas.com\/fa\/#organization","name":"Delicias Persas","url":"https:\/\/deliciaspersas.com\/fa\/","logo":{"@type":"ImageObject","inLanguage":"fa-IR","@id":"https:\/\/deliciaspersas.com\/fa\/#\/schema\/logo\/image\/","url":"https:\/\/deliciaspersas.com\/wp-content\/uploads\/2020\/07\/logo-2020.png","contentUrl":"https:\/\/deliciaspersas.com\/wp-content\/uploads\/2020\/07\/logo-2020.png","width":520,"height":490,"caption":"Delicias Persas"},"image":{"@id":"https:\/\/deliciaspersas.com\/fa\/#\/schema\/logo\/image\/"},"sameAs":["https:\/\/www.facebook.com\/Deliciaspersas","https:\/\/www.instagram.com\/delicias_persas\/","https:\/\/www.linkedin.com\/delicias-persas"]}]}},"uagb_featured_image_src":{"full":["https:\/\/deliciaspersas.com\/wp-content\/uploads\/arroz-basmati-dayan-1.jpeg",1200,1600,false],"thumbnail":["https:\/\/deliciaspersas.com\/wp-content\/uploads\/arroz-basmati-dayan-1-150x150.jpeg",150,150,true],"medium":["https:\/\/deliciaspersas.com\/wp-content\/uploads\/arroz-basmati-dayan-1-225x300.jpeg",225,300,true],"medium_large":["https:\/\/deliciaspersas.com\/wp-content\/uploads\/arroz-basmati-dayan-1-768x1024.jpeg",768,1024,true],"large":["https:\/\/deliciaspersas.com\/wp-content\/uploads\/arroz-basmati-dayan-1-768x1024.jpeg",768,1024,true],"1536x1536":["https:\/\/deliciaspersas.com\/wp-content\/uploads\/arroz-basmati-dayan-1-1152x1536.jpeg",1152,1536,true],"2048x2048":["https:\/\/deliciaspersas.com\/wp-content\/uploads\/arroz-basmati-dayan-1.jpeg",1200,1600,false],"woocommerce_thumbnail":["https:\/\/deliciaspersas.com\/wp-content\/uploads\/arroz-basmati-dayan-1-300x300.jpeg",300,300,true],"woocommerce_single":["https:\/\/deliciaspersas.com\/wp-content\/uploads\/arroz-basmati-dayan-1-600x800.jpeg",600,800,true],"woocommerce_gallery_thumbnail":["https:\/\/deliciaspersas.com\/wp-content\/uploads\/arroz-basmati-dayan-1-100x100.jpeg",100,100,true]},"uagb_author_info":{"display_name":"admin","author_link":"https:\/\/deliciaspersas.com\/fa\/author\/"},"uagb_comment_info":0,"uagb_excerpt":"Arroz basmati belanco ( Berenje basmati) 20kg Haat bazar Informaci\u00f3n del producto: Arroz Cristal de calidad superior, arroz basmati. Usos: Este exquisito arroz, se emplea en la gran mayor\u00eda de nuestros platos, convirti\u00e9ndose en uno de los alimentos principales de nuestra dieta. Adem\u00e1s, posee gran cantidad de beneficios como: \u00a0vitamina E, la cual act\u00faa como&hellip;","brands":[{"id":1692,"name":"Haat bazar","slug":"haat-bazar"}],"_links":{"self":[{"href":"https:\/\/deliciaspersas.com\/fa\/wp-json\/wp\/v2\/product\/16898"}],"collection":[{"href":"https:\/\/deliciaspersas.com\/fa\/wp-json\/wp\/v2\/product"}],"about":[{"href":"https:\/\/deliciaspersas.com\/fa\/wp-json\/wp\/v2\/types\/product"}],"wp:featuredmedia":[{"embeddable":true,"href":"https:\/\/deliciaspersas.com\/fa\/wp-json\/wp\/v2\/media\/16899"}],"wp:attachment":[{"href":"https:\/\/deliciaspersas.com\/fa\/wp-json\/wp\/v2\/media?parent=16898"}],"wp:term":[{"taxonomy":"pwb-brand","embeddable":true,"href":"https:\/\/deliciaspersas.com\/fa\/wp-json\/wp\/v2\/pwb-brand?post=16898"},{"taxonomy":"product_cat","embeddable":true,"href":"https:\/\/deliciaspersas.com\/fa\/wp-json\/wp\/v2\/product_cat?post=16898"},{"taxonomy":"product_tag","embeddable":true,"href":"https:\/\/deliciaspersas.com\/fa\/wp-json\/wp\/v2\/product_tag?post=16898"}],"curies":[{"name":"wp","href":"https:\/\/api.w.org\/{rel}","templated":true}]}}