{"id":17718,"date":"2026-03-03T10:52:12","date_gmt":"2026-03-03T09:52:12","guid":{"rendered":"https:\/\/deliciaspersas.com\/?post_type=product&#038;p=17718"},"modified":"2026-04-14T18:44:40","modified_gmt":"2026-04-14T16:44:40","slug":"pasta-dulce-de-germen-de-trigo-casero-samanu-khunegi-50g-dayan","status":"publish","type":"product","link":"https:\/\/deliciaspersas.com\/fa\/tienda\/desayuno\/pasta-dulce-de-germen-de-trigo-casero-samanu-khunegi-50g-dayan\/","title":{"rendered":"Pasta dulce de germen de trigo casero (Samanu khunegi ) 50g Dayan"},"content":{"rendered":"<h1>Pasta dulce de germen de trigo casero (Samanu khunegi ) 50g Dayan<\/h1>\n<h6>Informaci\u00f3n del producto:<\/h6>\n<p>Samanu es una pasta dulce preparada a base de trigo germinado, el cual se prepara para la celebraci\u00f3n de Nowruz (a\u00f1o nuevo persa), formando parte del &#8220;Sofre Haft-seen&#8221; ; y para su preparaci\u00f3n se debe cocer en una olla.<\/p>\n<h6>Ingredientes y al\u00e9rgenos:<\/h6>\n<p>El samanu se compone de:<\/p>\n<ul>\n<li>500 gramos de trigo<\/li>\n<li>2 kg de harina de trigo<\/li>\n<\/ul>\n<h6>Usos:<\/h6>\n<p>A parte de ser un alimento tradicional persa y tener un gran sabor, el Samanu posee gran cantidad de beneficios como: tratar el bocio, la artritis reumatoide, las erupciones de piel, la anemia, la diabetes, para favorecer la cicatrizaci\u00f3n de heridas, para prevenir las caries e infecciones bacterianas, de virus y de hongos.<\/p>\n<h6>Beneficios:<\/h6>\n<p>Se ha reunido una gran colecci\u00f3n de vitaminas y elementos \u00fatiles y vivificantes en Samanu para convertir este delicioso alimento en un elixir energ\u00e9tico. Potasio, calcio, hierro, prote\u00ednas, carbohidratos, zinc, cobre, selenio y\u2026 son algunos de los nutrientes que lo hacen delicioso. Vitamina E, Vitamina C, Vitamina K, Vitamina B y Vitamina A han convertido la temporada de Nowruz, a\u00f1o nuevo: cuando se consume m\u00e1s este producto, en un elixir de juventud y han dado las propiedades de racimo dorado del trigo a este delicioso postre.<\/p>\n<p>Este rico postre de trigo cura muchas dolencias y enfermedades f\u00edsicas. Samanu es rico en calcio y potasio y, por tanto, ser\u00e1 una cura para enfermedades como la osteoporosis.<\/p>\n<p>Es un elixir para el desarrollo de ni\u00f1os y fetos durante el embarazo. Los nutrientes de este postre ayudan a que el cerebro crezca y fortalezcan los huesos del beb\u00e9. Consumir este postre es muy \u00fatil para las mujeres embarazadas y ayuda a completar el crecimiento del feto, y por ser rico en hierro, tambi\u00e9n ser\u00e1 un tratamiento para la anemia durante el embarazo. La magia de Semno para el nacimiento y crecimiento de un beb\u00e9 a\u00fan no ha terminado; Sus vitaminas y nutrientes tambi\u00e9n ayudan a tratar la infertilidad.<\/p>\n<h6>Condiciones de conservaci\u00f3n:<\/h6>\n<p>Conservar en un lugar fresco, seco y protegido de la luz.<\/p>\n<h6>Informaci\u00f3n adicional:<\/h6>\n<p>Fabricado por: Dayan<\/p>\n","protected":false},"excerpt":{"rendered":"<p>Pasta dulce de germen de trigo casero (Samanu khunegi ) 50g Dayan Informaci\u00f3n del producto: Samanu es una pasta dulce preparada a base de trigo germinado, el cual se prepara para la celebraci\u00f3n de Nowruz (a\u00f1o nuevo persa), formando parte del &#8220;Sofre Haft-seen&#8221; ; y para su preparaci\u00f3n se debe cocer en una olla. Ingredientes [&hellip;]<\/p>\n","protected":false},"featured_media":17719,"template":"","meta":{"_surecart_dashboard_logo_width":"180px","_surecart_dashboard_show_logo":true,"_surecart_dashboard_navigation_orders":true,"_surecart_dashboard_navigation_invoices":true,"_surecart_dashboard_navigation_subscriptions":true,"_surecart_dashboard_navigation_downloads":true,"_surecart_dashboard_navigation_billing":true,"_surecart_dashboard_navigation_account":true,"_uag_custom_page_level_css":"","site-sidebar-layout":"default","site-content-layout":"default","ast-site-content-layout":"default","site-content-style":"default","site-sidebar-style":"default","ast-global-header-display":"","ast-banner-title-visibility":"","ast-main-header-display":"","ast-hfb-above-header-display":"","ast-hfb-below-header-display":"","ast-hfb-mobile-header-display":"","site-post-title":"","ast-breadcrumbs-content":"","ast-featured-img":"","footer-sml-layout":"","theme-transparent-header-meta":"default","adv-header-id-meta":"","stick-header-meta":"","header-above-stick-meta":"","header-main-stick-meta":"","header-below-stick-meta":"","astra-migrate-meta-layouts":"set","ast-page-background-enabled":"default","ast-page-background-meta":{"desktop":{"background-color":"","background-image":"","background-repeat":"repeat","background-position":"center center","background-size":"auto","background-attachment":"scroll","background-type":"","background-media":"","overlay-type":"","overlay-color":"","overlay-opacity":"","overlay-gradient":""},"tablet":{"background-color":"","background-image":"","background-repeat":"repeat","background-position":"center center","background-size":"auto","background-attachment":"scroll","background-type":"","background-media":"","overlay-type":"","overlay-color":"","overlay-opacity":"","overlay-gradient":""},"mobile":{"background-color":"","background-image":"","background-repeat":"repeat","background-position":"center center","background-size":"auto","background-attachment":"scroll","background-type":"","background-media":"","overlay-type":"","overlay-color":"","overlay-opacity":"","overlay-gradient":""}},"ast-content-background-meta":{"desktop":{"background-color":"var(--ast-global-color-5)","background-image":"","background-repeat":"repeat","background-position":"center center","background-size":"auto","background-attachment":"scroll","background-type":"","background-media":"","overlay-type":"","overlay-color":"","overlay-opacity":"","overlay-gradient":""},"tablet":{"background-color":"var(--ast-global-color-5)","background-image":"","background-repeat":"repeat","background-position":"center center","background-size":"auto","background-attachment":"scroll","background-type":"","background-media":"","overlay-type":"","overlay-color":"","overlay-opacity":"","overlay-gradient":""},"mobile":{"background-color":"var(--ast-global-color-5)","background-image":"","background-repeat":"repeat","background-position":"center center","background-size":"auto","background-attachment":"scroll","background-type":"","background-media":"","overlay-type":"","overlay-color":"","overlay-opacity":"","overlay-gradient":""}}},"pwb-brand":[113],"product_cat":[36,106],"product_tag":[576,1751,767,768],"class_list":{"0":"post-17718","1":"product","2":"type-product","3":"status-publish","4":"has-post-thumbnail","6":"pwb-brand-dayan-2","7":"product_cat-desayuno","8":"product_cat-nuevos-productos","9":"product_tag-desayuno","10":"product_tag-germen","11":"product_tag-samanu","12":"product_tag-trigo","13":"desktop-align-center","14":"tablet-align-center","15":"mobile-align-center","17":"first","18":"outofstock","19":"taxable","20":"shipping-taxable","21":"purchasable","22":"product-type-simple"},"yoast_head":"<!-- This site is optimized with the Yoast SEO plugin v23.6 - https:\/\/yoast.com\/wordpress\/plugins\/seo\/ -->\n<title>Pasta dulce de germen de trigo casero (Samanu khunegi ) 50g Dayan - Delicias Persas<\/title>\n<meta name=\"robots\" content=\"index, follow, max-snippet:-1, max-image-preview:large, max-video-preview:-1\" \/>\n<link rel=\"canonical\" href=\"https:\/\/deliciaspersas.com\/fa\/tienda\/desayuno\/pasta-dulce-de-germen-de-trigo-casero-samanu-khunegi-50g-dayan\/\" \/>\n<meta property=\"og:locale\" content=\"fa_IR\" \/>\n<meta property=\"og:type\" content=\"article\" \/>\n<meta property=\"og:title\" content=\"Pasta dulce de germen de trigo casero (Samanu khunegi ) 50g Dayan - Delicias Persas\" \/>\n<meta property=\"og:description\" content=\"Pasta dulce de germen de trigo casero (Samanu khunegi ) 50g Dayan Informaci\u00f3n del producto: Samanu es una pasta dulce preparada a base de trigo germinado, el cual se prepara para la celebraci\u00f3n de Nowruz (a\u00f1o nuevo persa), formando parte del &#8220;Sofre Haft-seen&#8221; ; y para su preparaci\u00f3n se debe cocer en una olla. Ingredientes [&hellip;]\" \/>\n<meta property=\"og:url\" content=\"https:\/\/deliciaspersas.com\/fa\/tienda\/desayuno\/pasta-dulce-de-germen-de-trigo-casero-samanu-khunegi-50g-dayan\/\" \/>\n<meta property=\"og:site_name\" content=\"Delicias Persas\" \/>\n<meta property=\"article:publisher\" content=\"https:\/\/www.facebook.com\/Deliciaspersas\" \/>\n<meta property=\"article:modified_time\" content=\"2026-04-14T16:44:40+00:00\" \/>\n<meta property=\"og:image\" content=\"https:\/\/deliciaspersas.com\/wp-content\/uploads\/Samanu-khunegi-Dayan.jpeg\" \/>\n\t<meta property=\"og:image:width\" content=\"1024\" \/>\n\t<meta property=\"og:image:height\" content=\"1536\" \/>\n\t<meta property=\"og:image:type\" content=\"image\/jpeg\" \/>\n<meta name=\"twitter:card\" content=\"summary_large_image\" \/>\n<meta name=\"twitter:label1\" content=\"\u0632\u0645\u0627\u0646 \u062a\u0642\u0631\u06cc\u0628\u06cc \u0628\u0631\u0627\u06cc \u062e\u0648\u0627\u0646\u062f\u0646\" \/>\n\t<meta name=\"twitter:data1\" content=\"2 \u062f\u0642\u06cc\u0642\u0647\" \/>\n<script type=\"application\/ld+json\" class=\"yoast-schema-graph\">{\"@context\":\"https:\/\/schema.org\",\"@graph\":[{\"@type\":\"WebPage\",\"@id\":\"https:\/\/deliciaspersas.com\/fa\/tienda\/desayuno\/pasta-dulce-de-germen-de-trigo-casero-samanu-khunegi-50g-dayan\/\",\"url\":\"https:\/\/deliciaspersas.com\/fa\/tienda\/desayuno\/pasta-dulce-de-germen-de-trigo-casero-samanu-khunegi-50g-dayan\/\",\"name\":\"Pasta dulce de germen de trigo casero (Samanu khunegi ) 50g Dayan - Delicias Persas\",\"isPartOf\":{\"@id\":\"https:\/\/deliciaspersas.com\/fa\/#website\"},\"primaryImageOfPage\":{\"@id\":\"https:\/\/deliciaspersas.com\/fa\/tienda\/desayuno\/pasta-dulce-de-germen-de-trigo-casero-samanu-khunegi-50g-dayan\/#primaryimage\"},\"image\":{\"@id\":\"https:\/\/deliciaspersas.com\/fa\/tienda\/desayuno\/pasta-dulce-de-germen-de-trigo-casero-samanu-khunegi-50g-dayan\/#primaryimage\"},\"thumbnailUrl\":\"https:\/\/deliciaspersas.com\/wp-content\/uploads\/Samanu-khunegi-Dayan.jpeg\",\"datePublished\":\"2026-03-03T09:52:12+00:00\",\"dateModified\":\"2026-04-14T16:44:40+00:00\",\"breadcrumb\":{\"@id\":\"https:\/\/deliciaspersas.com\/fa\/tienda\/desayuno\/pasta-dulce-de-germen-de-trigo-casero-samanu-khunegi-50g-dayan\/#breadcrumb\"},\"inLanguage\":\"fa-IR\",\"potentialAction\":[{\"@type\":\"ReadAction\",\"target\":[\"https:\/\/deliciaspersas.com\/fa\/tienda\/desayuno\/pasta-dulce-de-germen-de-trigo-casero-samanu-khunegi-50g-dayan\/\"]}]},{\"@type\":\"ImageObject\",\"inLanguage\":\"fa-IR\",\"@id\":\"https:\/\/deliciaspersas.com\/fa\/tienda\/desayuno\/pasta-dulce-de-germen-de-trigo-casero-samanu-khunegi-50g-dayan\/#primaryimage\",\"url\":\"https:\/\/deliciaspersas.com\/wp-content\/uploads\/Samanu-khunegi-Dayan.jpeg\",\"contentUrl\":\"https:\/\/deliciaspersas.com\/wp-content\/uploads\/Samanu-khunegi-Dayan.jpeg\",\"width\":1024,\"height\":1536},{\"@type\":\"BreadcrumbList\",\"@id\":\"https:\/\/deliciaspersas.com\/fa\/tienda\/desayuno\/pasta-dulce-de-germen-de-trigo-casero-samanu-khunegi-50g-dayan\/#breadcrumb\",\"itemListElement\":[{\"@type\":\"ListItem\",\"position\":1,\"name\":\"Portada\",\"item\":\"https:\/\/deliciaspersas.com\/fa\/\"},{\"@type\":\"ListItem\",\"position\":2,\"name\":\"Tienda\",\"item\":\"https:\/\/deliciaspersas.com\/\"},{\"@type\":\"ListItem\",\"position\":3,\"name\":\"Pasta dulce de germen de trigo casero (Samanu khunegi ) 50g Dayan\"}]},{\"@type\":\"WebSite\",\"@id\":\"https:\/\/deliciaspersas.com\/fa\/#website\",\"url\":\"https:\/\/deliciaspersas.com\/fa\/\",\"name\":\"Delicias Persas\",\"description\":\"Gastronom&iacute;a persa al alcance de tus manos\",\"publisher\":{\"@id\":\"https:\/\/deliciaspersas.com\/fa\/#organization\"},\"potentialAction\":[{\"@type\":\"SearchAction\",\"target\":{\"@type\":\"EntryPoint\",\"urlTemplate\":\"https:\/\/deliciaspersas.com\/fa\/?s={search_term_string}\"},\"query-input\":{\"@type\":\"PropertyValueSpecification\",\"valueRequired\":true,\"valueName\":\"search_term_string\"}}],\"inLanguage\":\"fa-IR\"},{\"@type\":\"Organization\",\"@id\":\"https:\/\/deliciaspersas.com\/fa\/#organization\",\"name\":\"Delicias Persas\",\"url\":\"https:\/\/deliciaspersas.com\/fa\/\",\"logo\":{\"@type\":\"ImageObject\",\"inLanguage\":\"fa-IR\",\"@id\":\"https:\/\/deliciaspersas.com\/fa\/#\/schema\/logo\/image\/\",\"url\":\"https:\/\/deliciaspersas.com\/wp-content\/uploads\/2020\/07\/logo-2020.png\",\"contentUrl\":\"https:\/\/deliciaspersas.com\/wp-content\/uploads\/2020\/07\/logo-2020.png\",\"width\":520,\"height\":490,\"caption\":\"Delicias Persas\"},\"image\":{\"@id\":\"https:\/\/deliciaspersas.com\/fa\/#\/schema\/logo\/image\/\"},\"sameAs\":[\"https:\/\/www.facebook.com\/Deliciaspersas\",\"https:\/\/www.instagram.com\/delicias_persas\/\",\"https:\/\/www.linkedin.com\/delicias-persas\"]}]}<\/script>\n<!-- \/ Yoast SEO plugin. -->","yoast_head_json":{"title":"Pasta dulce de germen de trigo casero (Samanu khunegi ) 50g Dayan - Delicias Persas","robots":{"index":"index","follow":"follow","max-snippet":"max-snippet:-1","max-image-preview":"max-image-preview:large","max-video-preview":"max-video-preview:-1"},"canonical":"https:\/\/deliciaspersas.com\/fa\/tienda\/desayuno\/pasta-dulce-de-germen-de-trigo-casero-samanu-khunegi-50g-dayan\/","og_locale":"fa_IR","og_type":"article","og_title":"Pasta dulce de germen de trigo casero (Samanu khunegi ) 50g Dayan - Delicias Persas","og_description":"Pasta dulce de germen de trigo casero (Samanu khunegi ) 50g Dayan Informaci\u00f3n del producto: Samanu es una pasta dulce preparada a base de trigo germinado, el cual se prepara para la celebraci\u00f3n de Nowruz (a\u00f1o nuevo persa), formando parte del &#8220;Sofre Haft-seen&#8221; ; y para su preparaci\u00f3n se debe cocer en una olla. Ingredientes [&hellip;]","og_url":"https:\/\/deliciaspersas.com\/fa\/tienda\/desayuno\/pasta-dulce-de-germen-de-trigo-casero-samanu-khunegi-50g-dayan\/","og_site_name":"Delicias Persas","article_publisher":"https:\/\/www.facebook.com\/Deliciaspersas","article_modified_time":"2026-04-14T16:44:40+00:00","og_image":[{"width":1024,"height":1536,"url":"https:\/\/deliciaspersas.com\/wp-content\/uploads\/Samanu-khunegi-Dayan.jpeg","type":"image\/jpeg"}],"twitter_card":"summary_large_image","twitter_misc":{"\u0632\u0645\u0627\u0646 \u062a\u0642\u0631\u06cc\u0628\u06cc \u0628\u0631\u0627\u06cc \u062e\u0648\u0627\u0646\u062f\u0646":"2 \u062f\u0642\u06cc\u0642\u0647"},"schema":{"@context":"https:\/\/schema.org","@graph":[{"@type":"WebPage","@id":"https:\/\/deliciaspersas.com\/fa\/tienda\/desayuno\/pasta-dulce-de-germen-de-trigo-casero-samanu-khunegi-50g-dayan\/","url":"https:\/\/deliciaspersas.com\/fa\/tienda\/desayuno\/pasta-dulce-de-germen-de-trigo-casero-samanu-khunegi-50g-dayan\/","name":"Pasta dulce de germen de trigo casero (Samanu khunegi ) 50g Dayan - Delicias Persas","isPartOf":{"@id":"https:\/\/deliciaspersas.com\/fa\/#website"},"primaryImageOfPage":{"@id":"https:\/\/deliciaspersas.com\/fa\/tienda\/desayuno\/pasta-dulce-de-germen-de-trigo-casero-samanu-khunegi-50g-dayan\/#primaryimage"},"image":{"@id":"https:\/\/deliciaspersas.com\/fa\/tienda\/desayuno\/pasta-dulce-de-germen-de-trigo-casero-samanu-khunegi-50g-dayan\/#primaryimage"},"thumbnailUrl":"https:\/\/deliciaspersas.com\/wp-content\/uploads\/Samanu-khunegi-Dayan.jpeg","datePublished":"2026-03-03T09:52:12+00:00","dateModified":"2026-04-14T16:44:40+00:00","breadcrumb":{"@id":"https:\/\/deliciaspersas.com\/fa\/tienda\/desayuno\/pasta-dulce-de-germen-de-trigo-casero-samanu-khunegi-50g-dayan\/#breadcrumb"},"inLanguage":"fa-IR","potentialAction":[{"@type":"ReadAction","target":["https:\/\/deliciaspersas.com\/fa\/tienda\/desayuno\/pasta-dulce-de-germen-de-trigo-casero-samanu-khunegi-50g-dayan\/"]}]},{"@type":"ImageObject","inLanguage":"fa-IR","@id":"https:\/\/deliciaspersas.com\/fa\/tienda\/desayuno\/pasta-dulce-de-germen-de-trigo-casero-samanu-khunegi-50g-dayan\/#primaryimage","url":"https:\/\/deliciaspersas.com\/wp-content\/uploads\/Samanu-khunegi-Dayan.jpeg","contentUrl":"https:\/\/deliciaspersas.com\/wp-content\/uploads\/Samanu-khunegi-Dayan.jpeg","width":1024,"height":1536},{"@type":"BreadcrumbList","@id":"https:\/\/deliciaspersas.com\/fa\/tienda\/desayuno\/pasta-dulce-de-germen-de-trigo-casero-samanu-khunegi-50g-dayan\/#breadcrumb","itemListElement":[{"@type":"ListItem","position":1,"name":"Portada","item":"https:\/\/deliciaspersas.com\/fa\/"},{"@type":"ListItem","position":2,"name":"Tienda","item":"https:\/\/deliciaspersas.com\/"},{"@type":"ListItem","position":3,"name":"Pasta dulce de germen de trigo casero (Samanu khunegi ) 50g Dayan"}]},{"@type":"WebSite","@id":"https:\/\/deliciaspersas.com\/fa\/#website","url":"https:\/\/deliciaspersas.com\/fa\/","name":"Delicias Persas","description":"Gastronom&iacute;a persa al alcance de tus manos","publisher":{"@id":"https:\/\/deliciaspersas.com\/fa\/#organization"},"potentialAction":[{"@type":"SearchAction","target":{"@type":"EntryPoint","urlTemplate":"https:\/\/deliciaspersas.com\/fa\/?s={search_term_string}"},"query-input":{"@type":"PropertyValueSpecification","valueRequired":true,"valueName":"search_term_string"}}],"inLanguage":"fa-IR"},{"@type":"Organization","@id":"https:\/\/deliciaspersas.com\/fa\/#organization","name":"Delicias Persas","url":"https:\/\/deliciaspersas.com\/fa\/","logo":{"@type":"ImageObject","inLanguage":"fa-IR","@id":"https:\/\/deliciaspersas.com\/fa\/#\/schema\/logo\/image\/","url":"https:\/\/deliciaspersas.com\/wp-content\/uploads\/2020\/07\/logo-2020.png","contentUrl":"https:\/\/deliciaspersas.com\/wp-content\/uploads\/2020\/07\/logo-2020.png","width":520,"height":490,"caption":"Delicias Persas"},"image":{"@id":"https:\/\/deliciaspersas.com\/fa\/#\/schema\/logo\/image\/"},"sameAs":["https:\/\/www.facebook.com\/Deliciaspersas","https:\/\/www.instagram.com\/delicias_persas\/","https:\/\/www.linkedin.com\/delicias-persas"]}]}},"uagb_featured_image_src":{"full":["https:\/\/deliciaspersas.com\/wp-content\/uploads\/Samanu-khunegi-Dayan.jpeg",1024,1536,false],"thumbnail":["https:\/\/deliciaspersas.com\/wp-content\/uploads\/Samanu-khunegi-Dayan-150x150.jpeg",150,150,true],"medium":["https:\/\/deliciaspersas.com\/wp-content\/uploads\/Samanu-khunegi-Dayan-200x300.jpeg",200,300,true],"medium_large":["https:\/\/deliciaspersas.com\/wp-content\/uploads\/Samanu-khunegi-Dayan-768x1152.jpeg",768,1152,true],"large":["https:\/\/deliciaspersas.com\/wp-content\/uploads\/Samanu-khunegi-Dayan-683x1024.jpeg",683,1024,true],"1536x1536":["https:\/\/deliciaspersas.com\/wp-content\/uploads\/Samanu-khunegi-Dayan.jpeg",1024,1536,false],"2048x2048":["https:\/\/deliciaspersas.com\/wp-content\/uploads\/Samanu-khunegi-Dayan.jpeg",1024,1536,false],"woocommerce_thumbnail":["https:\/\/deliciaspersas.com\/wp-content\/uploads\/Samanu-khunegi-Dayan-300x300.jpeg",300,300,true],"woocommerce_single":["https:\/\/deliciaspersas.com\/wp-content\/uploads\/Samanu-khunegi-Dayan-600x900.jpeg",600,900,true],"woocommerce_gallery_thumbnail":["https:\/\/deliciaspersas.com\/wp-content\/uploads\/Samanu-khunegi-Dayan-100x100.jpeg",100,100,true]},"uagb_author_info":{"display_name":"admin","author_link":"https:\/\/deliciaspersas.com\/fa\/author\/"},"uagb_comment_info":0,"uagb_excerpt":"Pasta dulce de germen de trigo casero (Samanu khunegi ) 50g Dayan Informaci\u00f3n del producto: Samanu es una pasta dulce preparada a base de trigo germinado, el cual se prepara para la celebraci\u00f3n de Nowruz (a\u00f1o nuevo persa), formando parte del &#8220;Sofre Haft-seen&#8221; ; y para su preparaci\u00f3n se debe cocer en una olla. Ingredientes&hellip;","brands":[{"id":113,"name":"Dayan","slug":"dayan-2"}],"_links":{"self":[{"href":"https:\/\/deliciaspersas.com\/fa\/wp-json\/wp\/v2\/product\/17718"}],"collection":[{"href":"https:\/\/deliciaspersas.com\/fa\/wp-json\/wp\/v2\/product"}],"about":[{"href":"https:\/\/deliciaspersas.com\/fa\/wp-json\/wp\/v2\/types\/product"}],"wp:featuredmedia":[{"embeddable":true,"href":"https:\/\/deliciaspersas.com\/fa\/wp-json\/wp\/v2\/media\/17719"}],"wp:attachment":[{"href":"https:\/\/deliciaspersas.com\/fa\/wp-json\/wp\/v2\/media?parent=17718"}],"wp:term":[{"taxonomy":"pwb-brand","embeddable":true,"href":"https:\/\/deliciaspersas.com\/fa\/wp-json\/wp\/v2\/pwb-brand?post=17718"},{"taxonomy":"product_cat","embeddable":true,"href":"https:\/\/deliciaspersas.com\/fa\/wp-json\/wp\/v2\/product_cat?post=17718"},{"taxonomy":"product_tag","embeddable":true,"href":"https:\/\/deliciaspersas.com\/fa\/wp-json\/wp\/v2\/product_tag?post=17718"}],"curies":[{"name":"wp","href":"https:\/\/api.w.org\/{rel}","templated":true}]}}