{"id":3748,"date":"2020-07-21T13:03:57","date_gmt":"2020-07-21T11:03:57","guid":{"rendered":"https:\/\/deliciaspersas.com\/?post_type=product&#038;p=3748"},"modified":"2025-03-08T14:47:37","modified_gmt":"2025-03-08T13:47:37","slug":"exprimido-de-uva-abghoreh-11","status":"publish","type":"product","link":"https:\/\/deliciaspersas.com\/fa\/tienda\/destilados\/exprimido-de-uva-abghoreh-11\/","title":{"rendered":"Exprimido de uva Abghoureh 330ml 1&#038;1"},"content":{"rendered":"<h1>Exprimido de uva Abghoureh 330ml 1&amp;1<\/h1>\n<h6>Informaci\u00f3n del producto:<\/h6>\n<p>\u00a1El secreto que todos los chefs y gourmets de diferentes culturas! La uva \u00e1cida, demasiado verde, se usa en la cocina oriental principalmente como especia para el refinamiento. \u00a1Para acidificar o para condimentar la ensalada!<br \/>\nLa cocina oriental tiene una variedad de formas y costumbres en el uso del exprimido de uva.<\/p>\n<h6>Usos:<\/h6>\n<p>Recetas, ensaladas, todo tipo de verduras y platos fr\u00edos, adem\u00e1s de postres y bebidas.<\/p>\n<h6>Beneficios:<\/h6>\n<p>El jugo tiene una propiedad apetitosa y digestible que elimina los trastornos intestinales y g\u00e1stricos. Se recomienda el uso de caldo por sus propiedades anti-estre\u00f1imiento en la desinfecci\u00f3n de los intestinos.<\/p>\n<p>En la medicina tradicional, hacer g\u00e1rgaras es excelente para tratar el dolor de garganta. El jugo tambi\u00e9n es \u00fatil para tratar la mucositis oral y las enc\u00edas blandas.<br \/>\nUna de las propiedades medicinales del jugo es la prevenci\u00f3n de varios c\u00e1nceres. La vitamina C es una de las vitaminas m\u00e1s importantes para reducir el riesgo de infecci\u00f3n. Abghoreh es rica en vitamina C. Adem\u00e1s, las propiedades infecciosas del jugo han llevado a los m\u00e9dicos a recomendar el consumo de este alimento para prevenir diversos c\u00e1nceres.<\/p>\n<p>El potasio es un mineral muy \u00fatil para el tratamiento de la ci\u00e1tica, problemas de espalda y trastornos reum\u00e1ticos, y el exprimido tiene mucho potasio. Adem\u00e1s, el consumo de jugo ayuda a tratar el reumatismo y a reducir el dolor de pie y otros trastornos musculoesquel\u00e9ticos.<\/p>\n<p>El jugo promueve una mejor digesti\u00f3n de los alimentos grasos y pesados \u200b\u200bal aumentar el \u00e1cido del est\u00f3mago. Las personas mayores que no digieren bien los alimentos debido a una disminuci\u00f3n de la acidez del est\u00f3mago tambi\u00e9n pueden utilizar esta especia para facilitar su digesti\u00f3n.<\/p>\n<h6>Ingredientes y al\u00e9rgenos:<\/h6>\n<p><span style=\"font-size: 16px;\">Zumo de uva y antioxidante.<\/span><\/p>\n<h6>Condiciones de conservaci\u00f3n:<\/h6>\n<p>Conservar en un lugar fresco, seco y protegido de la luz.<\/p>\n<h6>Informaci\u00f3n adicional:<\/h6>\n<p>Fabricado por: 1&amp;1<\/p>\n<p>Azadegan Azadgan South,<\/p>\n<p>Fatah Square,<\/p>\n<p>Maedeh Food Industry Complex<\/p>\n","protected":false},"excerpt":{"rendered":"<p>Exprimido de uva Abghoureh 330ml 1&amp;1 Informaci\u00f3n del producto: \u00a1El secreto que todos los chefs y gourmets de diferentes culturas! La uva \u00e1cida, demasiado verde, se usa en la cocina oriental principalmente como especia para el refinamiento. \u00a1Para acidificar o para condimentar la ensalada! La cocina oriental tiene una variedad de formas y costumbres en [&hellip;]<\/p>\n","protected":false},"featured_media":3749,"template":"","meta":{"_surecart_dashboard_logo_width":"180px","_surecart_dashboard_show_logo":true,"_surecart_dashboard_navigation_orders":true,"_surecart_dashboard_navigation_invoices":true,"_surecart_dashboard_navigation_subscriptions":true,"_surecart_dashboard_navigation_downloads":true,"_surecart_dashboard_navigation_billing":true,"_surecart_dashboard_navigation_account":true,"_uag_custom_page_level_css":"","site-sidebar-layout":"default","site-content-layout":"default","ast-site-content-layout":"default","site-content-style":"default","site-sidebar-style":"default","ast-global-header-display":"","ast-banner-title-visibility":"","ast-main-header-display":"","ast-hfb-above-header-display":"","ast-hfb-below-header-display":"","ast-hfb-mobile-header-display":"","site-post-title":"","ast-breadcrumbs-content":"","ast-featured-img":"","footer-sml-layout":"","theme-transparent-header-meta":"default","adv-header-id-meta":"","stick-header-meta":"","header-above-stick-meta":"","header-main-stick-meta":"","header-below-stick-meta":"","astra-migrate-meta-layouts":"set","ast-page-background-enabled":"default","ast-page-background-meta":{"desktop":{"background-color":"","background-image":"","background-repeat":"repeat","background-position":"center center","background-size":"auto","background-attachment":"scroll","background-type":"","background-media":"","overlay-type":"","overlay-color":"","overlay-opacity":"","overlay-gradient":""},"tablet":{"background-color":"","background-image":"","background-repeat":"repeat","background-position":"center center","background-size":"auto","background-attachment":"scroll","background-type":"","background-media":"","overlay-type":"","overlay-color":"","overlay-opacity":"","overlay-gradient":""},"mobile":{"background-color":"","background-image":"","background-repeat":"repeat","background-position":"center center","background-size":"auto","background-attachment":"scroll","background-type":"","background-media":"","overlay-type":"","overlay-color":"","overlay-opacity":"","overlay-gradient":""}},"ast-content-background-meta":{"desktop":{"background-color":"var(--ast-global-color-5)","background-image":"","background-repeat":"repeat","background-position":"center center","background-size":"auto","background-attachment":"scroll","background-type":"","background-media":"","overlay-type":"","overlay-color":"","overlay-opacity":"","overlay-gradient":""},"tablet":{"background-color":"var(--ast-global-color-5)","background-image":"","background-repeat":"repeat","background-position":"center center","background-size":"auto","background-attachment":"scroll","background-type":"","background-media":"","overlay-type":"","overlay-color":"","overlay-opacity":"","overlay-gradient":""},"mobile":{"background-color":"var(--ast-global-color-5)","background-image":"","background-repeat":"repeat","background-position":"center center","background-size":"auto","background-attachment":"scroll","background-type":"","background-media":"","overlay-type":"","overlay-color":"","overlay-opacity":"","overlay-gradient":""}}},"pwb-brand":[51],"product_cat":[39],"product_tag":[604,952,953,629],"class_list":{"0":"post-3748","1":"product","2":"type-product","3":"status-publish","4":"has-post-thumbnail","6":"pwb-brand-51","7":"product_cat-destilados","8":"product_tag-destilados","9":"product_tag-exprimido-de-uva","10":"product_tag-uva","11":"product_tag-629","12":"desktop-align-center","13":"tablet-align-center","14":"mobile-align-center","16":"first","17":"instock","18":"taxable","19":"shipping-taxable","20":"purchasable","21":"product-type-simple"},"yoast_head":"<!-- This site is optimized with the Yoast SEO plugin v23.6 - https:\/\/yoast.com\/wordpress\/plugins\/seo\/ -->\n<title>Exprimido de uva Abghoureh 330ml 1&amp;1 - Delicias Persas<\/title>\n<meta name=\"description\" content=\"Exprimido de uva. El secreto que todos los chefs de diferentes culturas para acidificar platos o ensalada. La cocina oriental tiene una gran variedad uso...\" \/>\n<meta name=\"robots\" content=\"index, follow, max-snippet:-1, max-image-preview:large, max-video-preview:-1\" \/>\n<link rel=\"canonical\" href=\"https:\/\/deliciaspersas.com\/fa\/tienda\/destilados\/exprimido-de-uva-abghoreh-11\/\" \/>\n<meta property=\"og:locale\" content=\"fa_IR\" \/>\n<meta property=\"og:type\" content=\"article\" \/>\n<meta property=\"og:title\" content=\"Exprimido de uva Abghoureh 330ml 1&amp;1 - Delicias Persas\" \/>\n<meta property=\"og:description\" content=\"Exprimido de uva. El secreto que todos los chefs de diferentes culturas para acidificar platos o ensalada. La cocina oriental tiene una gran variedad uso...\" \/>\n<meta property=\"og:url\" content=\"https:\/\/deliciaspersas.com\/fa\/tienda\/destilados\/exprimido-de-uva-abghoreh-11\/\" \/>\n<meta property=\"og:site_name\" content=\"Delicias Persas\" \/>\n<meta property=\"article:publisher\" content=\"https:\/\/www.facebook.com\/Deliciaspersas\" \/>\n<meta property=\"article:modified_time\" content=\"2025-03-08T13:47:37+00:00\" \/>\n<meta property=\"og:image\" content=\"https:\/\/deliciaspersas.com\/wp-content\/uploads\/2020\/07\/Exprimido-de-uva-330ml-11.jpg\" \/>\n\t<meta property=\"og:image:width\" content=\"800\" \/>\n\t<meta property=\"og:image:height\" content=\"800\" \/>\n\t<meta property=\"og:image:type\" content=\"image\/jpeg\" \/>\n<meta name=\"twitter:card\" content=\"summary_large_image\" \/>\n<meta name=\"twitter:label1\" content=\"\u0632\u0645\u0627\u0646 \u062a\u0642\u0631\u06cc\u0628\u06cc \u0628\u0631\u0627\u06cc \u062e\u0648\u0627\u0646\u062f\u0646\" \/>\n\t<meta name=\"twitter:data1\" content=\"2 \u062f\u0642\u06cc\u0642\u0647\" \/>\n<script type=\"application\/ld+json\" class=\"yoast-schema-graph\">{\"@context\":\"https:\/\/schema.org\",\"@graph\":[{\"@type\":\"WebPage\",\"@id\":\"https:\/\/deliciaspersas.com\/fa\/tienda\/destilados\/exprimido-de-uva-abghoreh-11\/\",\"url\":\"https:\/\/deliciaspersas.com\/fa\/tienda\/destilados\/exprimido-de-uva-abghoreh-11\/\",\"name\":\"Exprimido de uva Abghoureh 330ml 1&1 - Delicias Persas\",\"isPartOf\":{\"@id\":\"https:\/\/deliciaspersas.com\/fa\/#website\"},\"primaryImageOfPage\":{\"@id\":\"https:\/\/deliciaspersas.com\/fa\/tienda\/destilados\/exprimido-de-uva-abghoreh-11\/#primaryimage\"},\"image\":{\"@id\":\"https:\/\/deliciaspersas.com\/fa\/tienda\/destilados\/exprimido-de-uva-abghoreh-11\/#primaryimage\"},\"thumbnailUrl\":\"https:\/\/deliciaspersas.com\/wp-content\/uploads\/2020\/07\/Exprimido-de-uva-330ml-11.jpg\",\"datePublished\":\"2020-07-21T11:03:57+00:00\",\"dateModified\":\"2025-03-08T13:47:37+00:00\",\"description\":\"Exprimido de uva. El secreto que todos los chefs de diferentes culturas para acidificar platos o ensalada. La cocina oriental tiene una gran variedad uso...\",\"breadcrumb\":{\"@id\":\"https:\/\/deliciaspersas.com\/fa\/tienda\/destilados\/exprimido-de-uva-abghoreh-11\/#breadcrumb\"},\"inLanguage\":\"fa-IR\",\"potentialAction\":[{\"@type\":\"ReadAction\",\"target\":[\"https:\/\/deliciaspersas.com\/fa\/tienda\/destilados\/exprimido-de-uva-abghoreh-11\/\"]}]},{\"@type\":\"ImageObject\",\"inLanguage\":\"fa-IR\",\"@id\":\"https:\/\/deliciaspersas.com\/fa\/tienda\/destilados\/exprimido-de-uva-abghoreh-11\/#primaryimage\",\"url\":\"https:\/\/deliciaspersas.com\/wp-content\/uploads\/2020\/07\/Exprimido-de-uva-330ml-11.jpg\",\"contentUrl\":\"https:\/\/deliciaspersas.com\/wp-content\/uploads\/2020\/07\/Exprimido-de-uva-330ml-11.jpg\",\"width\":800,\"height\":800,\"caption\":\"Exprimido de uva 330ml 1&1\"},{\"@type\":\"BreadcrumbList\",\"@id\":\"https:\/\/deliciaspersas.com\/fa\/tienda\/destilados\/exprimido-de-uva-abghoreh-11\/#breadcrumb\",\"itemListElement\":[{\"@type\":\"ListItem\",\"position\":1,\"name\":\"Portada\",\"item\":\"https:\/\/deliciaspersas.com\/fa\/\"},{\"@type\":\"ListItem\",\"position\":2,\"name\":\"Tienda\",\"item\":\"https:\/\/deliciaspersas.com\/\"},{\"@type\":\"ListItem\",\"position\":3,\"name\":\"Exprimido de uva Abghoureh 330ml 1&#038;1\"}]},{\"@type\":\"WebSite\",\"@id\":\"https:\/\/deliciaspersas.com\/fa\/#website\",\"url\":\"https:\/\/deliciaspersas.com\/fa\/\",\"name\":\"Delicias Persas\",\"description\":\"Gastronom&iacute;a persa al alcance de tus manos\",\"publisher\":{\"@id\":\"https:\/\/deliciaspersas.com\/fa\/#organization\"},\"potentialAction\":[{\"@type\":\"SearchAction\",\"target\":{\"@type\":\"EntryPoint\",\"urlTemplate\":\"https:\/\/deliciaspersas.com\/fa\/?s={search_term_string}\"},\"query-input\":{\"@type\":\"PropertyValueSpecification\",\"valueRequired\":true,\"valueName\":\"search_term_string\"}}],\"inLanguage\":\"fa-IR\"},{\"@type\":\"Organization\",\"@id\":\"https:\/\/deliciaspersas.com\/fa\/#organization\",\"name\":\"Delicias Persas\",\"url\":\"https:\/\/deliciaspersas.com\/fa\/\",\"logo\":{\"@type\":\"ImageObject\",\"inLanguage\":\"fa-IR\",\"@id\":\"https:\/\/deliciaspersas.com\/fa\/#\/schema\/logo\/image\/\",\"url\":\"https:\/\/deliciaspersas.com\/wp-content\/uploads\/2020\/07\/logo-2020.png\",\"contentUrl\":\"https:\/\/deliciaspersas.com\/wp-content\/uploads\/2020\/07\/logo-2020.png\",\"width\":520,\"height\":490,\"caption\":\"Delicias Persas\"},\"image\":{\"@id\":\"https:\/\/deliciaspersas.com\/fa\/#\/schema\/logo\/image\/\"},\"sameAs\":[\"https:\/\/www.facebook.com\/Deliciaspersas\",\"https:\/\/www.instagram.com\/delicias_persas\/\",\"https:\/\/www.linkedin.com\/delicias-persas\"]}]}<\/script>\n<!-- \/ Yoast SEO plugin. -->","yoast_head_json":{"title":"Exprimido de uva Abghoureh 330ml 1&1 - Delicias Persas","description":"Exprimido de uva. El secreto que todos los chefs de diferentes culturas para acidificar platos o ensalada. La cocina oriental tiene una gran variedad uso...","robots":{"index":"index","follow":"follow","max-snippet":"max-snippet:-1","max-image-preview":"max-image-preview:large","max-video-preview":"max-video-preview:-1"},"canonical":"https:\/\/deliciaspersas.com\/fa\/tienda\/destilados\/exprimido-de-uva-abghoreh-11\/","og_locale":"fa_IR","og_type":"article","og_title":"Exprimido de uva Abghoureh 330ml 1&1 - Delicias Persas","og_description":"Exprimido de uva. El secreto que todos los chefs de diferentes culturas para acidificar platos o ensalada. La cocina oriental tiene una gran variedad uso...","og_url":"https:\/\/deliciaspersas.com\/fa\/tienda\/destilados\/exprimido-de-uva-abghoreh-11\/","og_site_name":"Delicias Persas","article_publisher":"https:\/\/www.facebook.com\/Deliciaspersas","article_modified_time":"2025-03-08T13:47:37+00:00","og_image":[{"width":800,"height":800,"url":"https:\/\/deliciaspersas.com\/wp-content\/uploads\/2020\/07\/Exprimido-de-uva-330ml-11.jpg","type":"image\/jpeg"}],"twitter_card":"summary_large_image","twitter_misc":{"\u0632\u0645\u0627\u0646 \u062a\u0642\u0631\u06cc\u0628\u06cc \u0628\u0631\u0627\u06cc \u062e\u0648\u0627\u0646\u062f\u0646":"2 \u062f\u0642\u06cc\u0642\u0647"},"schema":{"@context":"https:\/\/schema.org","@graph":[{"@type":"WebPage","@id":"https:\/\/deliciaspersas.com\/fa\/tienda\/destilados\/exprimido-de-uva-abghoreh-11\/","url":"https:\/\/deliciaspersas.com\/fa\/tienda\/destilados\/exprimido-de-uva-abghoreh-11\/","name":"Exprimido de uva Abghoureh 330ml 1&1 - Delicias Persas","isPartOf":{"@id":"https:\/\/deliciaspersas.com\/fa\/#website"},"primaryImageOfPage":{"@id":"https:\/\/deliciaspersas.com\/fa\/tienda\/destilados\/exprimido-de-uva-abghoreh-11\/#primaryimage"},"image":{"@id":"https:\/\/deliciaspersas.com\/fa\/tienda\/destilados\/exprimido-de-uva-abghoreh-11\/#primaryimage"},"thumbnailUrl":"https:\/\/deliciaspersas.com\/wp-content\/uploads\/2020\/07\/Exprimido-de-uva-330ml-11.jpg","datePublished":"2020-07-21T11:03:57+00:00","dateModified":"2025-03-08T13:47:37+00:00","description":"Exprimido de uva. El secreto que todos los chefs de diferentes culturas para acidificar platos o ensalada. La cocina oriental tiene una gran variedad uso...","breadcrumb":{"@id":"https:\/\/deliciaspersas.com\/fa\/tienda\/destilados\/exprimido-de-uva-abghoreh-11\/#breadcrumb"},"inLanguage":"fa-IR","potentialAction":[{"@type":"ReadAction","target":["https:\/\/deliciaspersas.com\/fa\/tienda\/destilados\/exprimido-de-uva-abghoreh-11\/"]}]},{"@type":"ImageObject","inLanguage":"fa-IR","@id":"https:\/\/deliciaspersas.com\/fa\/tienda\/destilados\/exprimido-de-uva-abghoreh-11\/#primaryimage","url":"https:\/\/deliciaspersas.com\/wp-content\/uploads\/2020\/07\/Exprimido-de-uva-330ml-11.jpg","contentUrl":"https:\/\/deliciaspersas.com\/wp-content\/uploads\/2020\/07\/Exprimido-de-uva-330ml-11.jpg","width":800,"height":800,"caption":"Exprimido de uva 330ml 1&1"},{"@type":"BreadcrumbList","@id":"https:\/\/deliciaspersas.com\/fa\/tienda\/destilados\/exprimido-de-uva-abghoreh-11\/#breadcrumb","itemListElement":[{"@type":"ListItem","position":1,"name":"Portada","item":"https:\/\/deliciaspersas.com\/fa\/"},{"@type":"ListItem","position":2,"name":"Tienda","item":"https:\/\/deliciaspersas.com\/"},{"@type":"ListItem","position":3,"name":"Exprimido de uva Abghoureh 330ml 1&#038;1"}]},{"@type":"WebSite","@id":"https:\/\/deliciaspersas.com\/fa\/#website","url":"https:\/\/deliciaspersas.com\/fa\/","name":"Delicias Persas","description":"Gastronom&iacute;a persa al alcance de tus manos","publisher":{"@id":"https:\/\/deliciaspersas.com\/fa\/#organization"},"potentialAction":[{"@type":"SearchAction","target":{"@type":"EntryPoint","urlTemplate":"https:\/\/deliciaspersas.com\/fa\/?s={search_term_string}"},"query-input":{"@type":"PropertyValueSpecification","valueRequired":true,"valueName":"search_term_string"}}],"inLanguage":"fa-IR"},{"@type":"Organization","@id":"https:\/\/deliciaspersas.com\/fa\/#organization","name":"Delicias Persas","url":"https:\/\/deliciaspersas.com\/fa\/","logo":{"@type":"ImageObject","inLanguage":"fa-IR","@id":"https:\/\/deliciaspersas.com\/fa\/#\/schema\/logo\/image\/","url":"https:\/\/deliciaspersas.com\/wp-content\/uploads\/2020\/07\/logo-2020.png","contentUrl":"https:\/\/deliciaspersas.com\/wp-content\/uploads\/2020\/07\/logo-2020.png","width":520,"height":490,"caption":"Delicias Persas"},"image":{"@id":"https:\/\/deliciaspersas.com\/fa\/#\/schema\/logo\/image\/"},"sameAs":["https:\/\/www.facebook.com\/Deliciaspersas","https:\/\/www.instagram.com\/delicias_persas\/","https:\/\/www.linkedin.com\/delicias-persas"]}]}},"uagb_featured_image_src":{"full":["https:\/\/deliciaspersas.com\/wp-content\/uploads\/2020\/07\/Exprimido-de-uva-330ml-11.jpg",800,800,false],"thumbnail":["https:\/\/deliciaspersas.com\/wp-content\/uploads\/2020\/07\/Exprimido-de-uva-330ml-11-150x150.jpg",150,150,true],"medium":["https:\/\/deliciaspersas.com\/wp-content\/uploads\/2020\/07\/Exprimido-de-uva-330ml-11-300x300.jpg",300,300,true],"medium_large":["https:\/\/deliciaspersas.com\/wp-content\/uploads\/2020\/07\/Exprimido-de-uva-330ml-11-768x768.jpg",768,768,true],"large":["https:\/\/deliciaspersas.com\/wp-content\/uploads\/2020\/07\/Exprimido-de-uva-330ml-11.jpg",800,800,false],"1536x1536":["https:\/\/deliciaspersas.com\/wp-content\/uploads\/2020\/07\/Exprimido-de-uva-330ml-11.jpg",800,800,false],"2048x2048":["https:\/\/deliciaspersas.com\/wp-content\/uploads\/2020\/07\/Exprimido-de-uva-330ml-11.jpg",800,800,false],"woocommerce_thumbnail":["https:\/\/deliciaspersas.com\/wp-content\/uploads\/2020\/07\/Exprimido-de-uva-330ml-11-300x300.jpg",300,300,true],"woocommerce_single":["https:\/\/deliciaspersas.com\/wp-content\/uploads\/2020\/07\/Exprimido-de-uva-330ml-11-600x600.jpg",600,600,true],"woocommerce_gallery_thumbnail":["https:\/\/deliciaspersas.com\/wp-content\/uploads\/2020\/07\/Exprimido-de-uva-330ml-11-100x100.jpg",100,100,true]},"uagb_author_info":{"display_name":"admin","author_link":"https:\/\/deliciaspersas.com\/fa\/author\/"},"uagb_comment_info":0,"uagb_excerpt":"Exprimido de uva Abghoureh 330ml 1&amp;1 Informaci\u00f3n del producto: \u00a1El secreto que todos los chefs y gourmets de diferentes culturas! La uva \u00e1cida, demasiado verde, se usa en la cocina oriental principalmente como especia para el refinamiento. \u00a1Para acidificar o para condimentar la ensalada! La cocina oriental tiene una variedad de formas y costumbres en&hellip;","brands":[{"id":51,"name":"1&amp;1","slug":"11"}],"_links":{"self":[{"href":"https:\/\/deliciaspersas.com\/fa\/wp-json\/wp\/v2\/product\/3748"}],"collection":[{"href":"https:\/\/deliciaspersas.com\/fa\/wp-json\/wp\/v2\/product"}],"about":[{"href":"https:\/\/deliciaspersas.com\/fa\/wp-json\/wp\/v2\/types\/product"}],"wp:featuredmedia":[{"embeddable":true,"href":"https:\/\/deliciaspersas.com\/fa\/wp-json\/wp\/v2\/media\/3749"}],"wp:attachment":[{"href":"https:\/\/deliciaspersas.com\/fa\/wp-json\/wp\/v2\/media?parent=3748"}],"wp:term":[{"taxonomy":"pwb-brand","embeddable":true,"href":"https:\/\/deliciaspersas.com\/fa\/wp-json\/wp\/v2\/pwb-brand?post=3748"},{"taxonomy":"product_cat","embeddable":true,"href":"https:\/\/deliciaspersas.com\/fa\/wp-json\/wp\/v2\/product_cat?post=3748"},{"taxonomy":"product_tag","embeddable":true,"href":"https:\/\/deliciaspersas.com\/fa\/wp-json\/wp\/v2\/product_tag?post=3748"}],"curies":[{"name":"wp","href":"https:\/\/api.w.org\/{rel}","templated":true}]}}