{"id":3802,"date":"2020-07-23T09:33:57","date_gmt":"2020-07-23T07:33:57","guid":{"rendered":"https:\/\/deliciaspersas.com\/?post_type=product&#038;p=3802"},"modified":"2025-12-24T14:08:06","modified_gmt":"2025-12-24T13:08:06","slug":"pasta-de-tomate-rob-goje-700g-11","status":"publish","type":"product","link":"https:\/\/deliciaspersas.com\/fa\/tienda\/destilados\/pasta-de-tomate-rob-goje-700g-11\/","title":{"rendered":"Pasta de tomate  (Rob goje ) 700g 1&#038;1"},"content":{"rendered":"<h1>Pasta de tomate (Rob goje ) 700g 1&amp;1<\/h1>\n<h6>Informaci\u00f3n del producto:<\/h6>\n<p>Tomate frito concentrado.<\/p>\n<h6>Usos:<\/h6>\n<p>Se emplea en platos variados, aportando m\u00faltiples beneficios.<\/p>\n<h6>Beneficios:<\/h6>\n<p>El tomate es rico en vitaminas y minerales: esta hortaliza aporta vitamina C, un potente antioxidante natural, adem\u00e1s de vitamina A, K, hierro y potasio.<\/p>\n<p>Protege la vista:contiene vitamina A, la cual ayuda a proteger nuestros ojos de enfermedades degenerativas o ceguera nocturna. La vitamina A mejora nuestra visi\u00f3n.<\/p>\n<p>Mejora la circulaci\u00f3n sangu\u00ednea: otra de las propiedades del tomate es que contiene hierro, un mineral muy saludable para el buen estado de nuestra sangre, as\u00ed como vitamina K, que ayuda a controlar la coagulaci\u00f3n de la misma. Al ayudar en la mejora de la circulaci\u00f3n sangu\u00ednea, el tomate protege la salud frente a problemas como el infarto de miocardio y cardiovasculares. A fin de cuentas, la salud es nuestro bien m\u00e1s preciado.<\/p>\n<p>Los tomates crudos son ricos en antioxidantes y, afortunadamente, el proceso de elaboraci\u00f3n de la pasta de tomate aumenta algunos de los antioxidantes de la pasta. Los radicales libres en el cuerpo humano que causan enfermedades y aceleran el proceso de envejecimiento son destruidos por antioxidantes.<\/p>\n<p>El licopeno puede neutralizar los radicales libres de ox\u00edgeno, por lo que una de las propiedades m\u00e1s importantes de la pasta de tomate es su efecto muy positivo en la prevenci\u00f3n del envejecimiento y el c\u00e1ncer.<\/p>\n<p>El licopeno se conoce m\u00e1s com\u00fanmente como un antioxidante anti-pr\u00f3stata, pero una investigaci\u00f3n m\u00e1s reciente muestra que los hombres que consumen m\u00e1s licopeno tienen un riesgo significativamente menor de accidente cerebrovascular.<\/p>\n<p>Por lo tanto, sabiendo que cada cucharada de tomate concentrado contiene 4,6 mg de licopeno, se puede concluir que comer de este producto al d\u00eda te beneficiar\u00e1 de sus propiedades curativas.<\/p>\n<h6>Ingredientes y al\u00e9rgenos:<\/h6>\n<p>Tomate triturado y concentrado contiene trazas de tomate.<\/p>\n<h6>Condiciones de conservaci\u00f3n:<\/h6>\n<p>Conservar en un lugar fresco, seco y protegido de la luz.<\/p>\n<h6>Informaci\u00f3n adicional:<\/h6>\n<p>Fabricado por: 1&amp;1<\/p>\n<p>Azadegan Azadgan South,<\/p>\n<p>Fatah Square,<\/p>\n<p>Maedeh Food Industry Complex<\/p>\n","protected":false},"excerpt":{"rendered":"<p>Pasta de tomate (Rob goje ) 700g 1&amp;1 Informaci\u00f3n del producto: Tomate frito concentrado. Usos: Se emplea en platos variados, aportando m\u00faltiples beneficios. Beneficios: El tomate es rico en vitaminas y minerales: esta hortaliza aporta vitamina C, un potente antioxidante natural, adem\u00e1s de vitamina A, K, hierro y potasio. Protege la vista:contiene vitamina A, la [&hellip;]<\/p>\n","protected":false},"featured_media":16371,"template":"","meta":{"_surecart_dashboard_logo_width":"180px","_surecart_dashboard_show_logo":true,"_surecart_dashboard_navigation_orders":true,"_surecart_dashboard_navigation_invoices":true,"_surecart_dashboard_navigation_subscriptions":true,"_surecart_dashboard_navigation_downloads":true,"_surecart_dashboard_navigation_billing":true,"_surecart_dashboard_navigation_account":true,"_uag_custom_page_level_css":"","site-sidebar-layout":"default","site-content-layout":"default","ast-site-content-layout":"default","site-content-style":"default","site-sidebar-style":"default","ast-global-header-display":"","ast-banner-title-visibility":"","ast-main-header-display":"","ast-hfb-above-header-display":"","ast-hfb-below-header-display":"","ast-hfb-mobile-header-display":"","site-post-title":"","ast-breadcrumbs-content":"","ast-featured-img":"","footer-sml-layout":"","theme-transparent-header-meta":"default","adv-header-id-meta":"","stick-header-meta":"","header-above-stick-meta":"","header-main-stick-meta":"","header-below-stick-meta":"","astra-migrate-meta-layouts":"set","ast-page-background-enabled":"default","ast-page-background-meta":{"desktop":{"background-color":"","background-image":"","background-repeat":"repeat","background-position":"center center","background-size":"auto","background-attachment":"scroll","background-type":"","background-media":"","overlay-type":"","overlay-color":"","overlay-opacity":"","overlay-gradient":""},"tablet":{"background-color":"","background-image":"","background-repeat":"repeat","background-position":"center center","background-size":"auto","background-attachment":"scroll","background-type":"","background-media":"","overlay-type":"","overlay-color":"","overlay-opacity":"","overlay-gradient":""},"mobile":{"background-color":"","background-image":"","background-repeat":"repeat","background-position":"center center","background-size":"auto","background-attachment":"scroll","background-type":"","background-media":"","overlay-type":"","overlay-color":"","overlay-opacity":"","overlay-gradient":""}},"ast-content-background-meta":{"desktop":{"background-color":"var(--ast-global-color-5)","background-image":"","background-repeat":"repeat","background-position":"center center","background-size":"auto","background-attachment":"scroll","background-type":"","background-media":"","overlay-type":"","overlay-color":"","overlay-opacity":"","overlay-gradient":""},"tablet":{"background-color":"var(--ast-global-color-5)","background-image":"","background-repeat":"repeat","background-position":"center center","background-size":"auto","background-attachment":"scroll","background-type":"","background-media":"","overlay-type":"","overlay-color":"","overlay-opacity":"","overlay-gradient":""},"mobile":{"background-color":"var(--ast-global-color-5)","background-image":"","background-repeat":"repeat","background-position":"center center","background-size":"auto","background-attachment":"scroll","background-type":"","background-media":"","overlay-type":"","overlay-color":"","overlay-opacity":"","overlay-gradient":""}}},"pwb-brand":[51],"product_cat":[39],"product_tag":[1642,1637,1641,773,1091],"class_list":{"0":"post-3802","1":"product","2":"type-product","3":"status-publish","4":"has-post-thumbnail","6":"pwb-brand-51","7":"product_cat-destilados","8":"product_tag-goje","9":"product_tag-pasta","10":"product_tag-rob","11":"product_tag-tomate","12":"product_tag-1091","13":"desktop-align-center","14":"tablet-align-center","15":"mobile-align-center","17":"first","18":"outofstock","19":"taxable","20":"shipping-taxable","21":"purchasable","22":"product-type-simple"},"yoast_head":"<!-- This site is optimized with the Yoast SEO plugin v23.6 - https:\/\/yoast.com\/wordpress\/plugins\/seo\/ -->\n<title>Pasta de tomate (Rob goje ) 700g 1&amp;1 - Delicias Persas<\/title>\n<meta name=\"description\" content=\"El tomate concentrado es rico en vitaminas y minerales: este aporta vitamina C, un potente antioxidante natural. Un ingrediente esencial...\" \/>\n<meta name=\"robots\" content=\"index, follow, max-snippet:-1, max-image-preview:large, max-video-preview:-1\" \/>\n<link rel=\"canonical\" href=\"https:\/\/deliciaspersas.com\/fa\/tienda\/destilados\/pasta-de-tomate-rob-goje-700g-11\/\" \/>\n<meta property=\"og:locale\" content=\"fa_IR\" \/>\n<meta property=\"og:type\" content=\"article\" \/>\n<meta property=\"og:title\" content=\"Pasta de tomate (Rob goje ) 700g 1&amp;1 - Delicias Persas\" \/>\n<meta property=\"og:description\" content=\"El tomate concentrado es rico en vitaminas y minerales: este aporta vitamina C, un potente antioxidante natural. Un ingrediente esencial...\" \/>\n<meta property=\"og:url\" content=\"https:\/\/deliciaspersas.com\/fa\/tienda\/destilados\/pasta-de-tomate-rob-goje-700g-11\/\" \/>\n<meta property=\"og:site_name\" content=\"Delicias Persas\" \/>\n<meta property=\"article:publisher\" content=\"https:\/\/www.facebook.com\/Deliciaspersas\" \/>\n<meta property=\"article:modified_time\" content=\"2025-12-24T13:08:06+00:00\" \/>\n<meta property=\"og:image\" content=\"https:\/\/deliciaspersas.com\/wp-content\/uploads\/Pasta-de-Tomate-11-Dayan.jpg\" \/>\n\t<meta property=\"og:image:width\" content=\"1200\" \/>\n\t<meta property=\"og:image:height\" content=\"1200\" \/>\n\t<meta property=\"og:image:type\" content=\"image\/jpeg\" \/>\n<meta name=\"twitter:card\" content=\"summary_large_image\" \/>\n<meta name=\"twitter:label1\" content=\"\u0632\u0645\u0627\u0646 \u062a\u0642\u0631\u06cc\u0628\u06cc \u0628\u0631\u0627\u06cc \u062e\u0648\u0627\u0646\u062f\u0646\" \/>\n\t<meta name=\"twitter:data1\" content=\"2 \u062f\u0642\u06cc\u0642\u0647\" \/>\n<script type=\"application\/ld+json\" class=\"yoast-schema-graph\">{\"@context\":\"https:\/\/schema.org\",\"@graph\":[{\"@type\":\"WebPage\",\"@id\":\"https:\/\/deliciaspersas.com\/fa\/tienda\/destilados\/pasta-de-tomate-rob-goje-700g-11\/\",\"url\":\"https:\/\/deliciaspersas.com\/fa\/tienda\/destilados\/pasta-de-tomate-rob-goje-700g-11\/\",\"name\":\"Pasta de tomate (Rob goje ) 700g 1&1 - Delicias Persas\",\"isPartOf\":{\"@id\":\"https:\/\/deliciaspersas.com\/fa\/#website\"},\"primaryImageOfPage\":{\"@id\":\"https:\/\/deliciaspersas.com\/fa\/tienda\/destilados\/pasta-de-tomate-rob-goje-700g-11\/#primaryimage\"},\"image\":{\"@id\":\"https:\/\/deliciaspersas.com\/fa\/tienda\/destilados\/pasta-de-tomate-rob-goje-700g-11\/#primaryimage\"},\"thumbnailUrl\":\"https:\/\/deliciaspersas.com\/wp-content\/uploads\/Pasta-de-Tomate-11-Dayan.jpg\",\"datePublished\":\"2020-07-23T07:33:57+00:00\",\"dateModified\":\"2025-12-24T13:08:06+00:00\",\"description\":\"El tomate concentrado es rico en vitaminas y minerales: este aporta vitamina C, un potente antioxidante natural. Un ingrediente esencial...\",\"breadcrumb\":{\"@id\":\"https:\/\/deliciaspersas.com\/fa\/tienda\/destilados\/pasta-de-tomate-rob-goje-700g-11\/#breadcrumb\"},\"inLanguage\":\"fa-IR\",\"potentialAction\":[{\"@type\":\"ReadAction\",\"target\":[\"https:\/\/deliciaspersas.com\/fa\/tienda\/destilados\/pasta-de-tomate-rob-goje-700g-11\/\"]}]},{\"@type\":\"ImageObject\",\"inLanguage\":\"fa-IR\",\"@id\":\"https:\/\/deliciaspersas.com\/fa\/tienda\/destilados\/pasta-de-tomate-rob-goje-700g-11\/#primaryimage\",\"url\":\"https:\/\/deliciaspersas.com\/wp-content\/uploads\/Pasta-de-Tomate-11-Dayan.jpg\",\"contentUrl\":\"https:\/\/deliciaspersas.com\/wp-content\/uploads\/Pasta-de-Tomate-11-Dayan.jpg\",\"width\":1200,\"height\":1200},{\"@type\":\"BreadcrumbList\",\"@id\":\"https:\/\/deliciaspersas.com\/fa\/tienda\/destilados\/pasta-de-tomate-rob-goje-700g-11\/#breadcrumb\",\"itemListElement\":[{\"@type\":\"ListItem\",\"position\":1,\"name\":\"Portada\",\"item\":\"https:\/\/deliciaspersas.com\/fa\/\"},{\"@type\":\"ListItem\",\"position\":2,\"name\":\"Tienda\",\"item\":\"https:\/\/deliciaspersas.com\/\"},{\"@type\":\"ListItem\",\"position\":3,\"name\":\"Pasta de tomate (Rob goje ) 700g 1&#038;1\"}]},{\"@type\":\"WebSite\",\"@id\":\"https:\/\/deliciaspersas.com\/fa\/#website\",\"url\":\"https:\/\/deliciaspersas.com\/fa\/\",\"name\":\"Delicias Persas\",\"description\":\"Gastronom&iacute;a persa al alcance de tus manos\",\"publisher\":{\"@id\":\"https:\/\/deliciaspersas.com\/fa\/#organization\"},\"potentialAction\":[{\"@type\":\"SearchAction\",\"target\":{\"@type\":\"EntryPoint\",\"urlTemplate\":\"https:\/\/deliciaspersas.com\/fa\/?s={search_term_string}\"},\"query-input\":{\"@type\":\"PropertyValueSpecification\",\"valueRequired\":true,\"valueName\":\"search_term_string\"}}],\"inLanguage\":\"fa-IR\"},{\"@type\":\"Organization\",\"@id\":\"https:\/\/deliciaspersas.com\/fa\/#organization\",\"name\":\"Delicias Persas\",\"url\":\"https:\/\/deliciaspersas.com\/fa\/\",\"logo\":{\"@type\":\"ImageObject\",\"inLanguage\":\"fa-IR\",\"@id\":\"https:\/\/deliciaspersas.com\/fa\/#\/schema\/logo\/image\/\",\"url\":\"https:\/\/deliciaspersas.com\/wp-content\/uploads\/2020\/07\/logo-2020.png\",\"contentUrl\":\"https:\/\/deliciaspersas.com\/wp-content\/uploads\/2020\/07\/logo-2020.png\",\"width\":520,\"height\":490,\"caption\":\"Delicias Persas\"},\"image\":{\"@id\":\"https:\/\/deliciaspersas.com\/fa\/#\/schema\/logo\/image\/\"},\"sameAs\":[\"https:\/\/www.facebook.com\/Deliciaspersas\",\"https:\/\/www.instagram.com\/delicias_persas\/\",\"https:\/\/www.linkedin.com\/delicias-persas\"]}]}<\/script>\n<!-- \/ Yoast SEO plugin. -->","yoast_head_json":{"title":"Pasta de tomate (Rob goje ) 700g 1&1 - Delicias Persas","description":"El tomate concentrado es rico en vitaminas y minerales: este aporta vitamina C, un potente antioxidante natural. Un ingrediente esencial...","robots":{"index":"index","follow":"follow","max-snippet":"max-snippet:-1","max-image-preview":"max-image-preview:large","max-video-preview":"max-video-preview:-1"},"canonical":"https:\/\/deliciaspersas.com\/fa\/tienda\/destilados\/pasta-de-tomate-rob-goje-700g-11\/","og_locale":"fa_IR","og_type":"article","og_title":"Pasta de tomate (Rob goje ) 700g 1&1 - Delicias Persas","og_description":"El tomate concentrado es rico en vitaminas y minerales: este aporta vitamina C, un potente antioxidante natural. Un ingrediente esencial...","og_url":"https:\/\/deliciaspersas.com\/fa\/tienda\/destilados\/pasta-de-tomate-rob-goje-700g-11\/","og_site_name":"Delicias Persas","article_publisher":"https:\/\/www.facebook.com\/Deliciaspersas","article_modified_time":"2025-12-24T13:08:06+00:00","og_image":[{"width":1200,"height":1200,"url":"https:\/\/deliciaspersas.com\/wp-content\/uploads\/Pasta-de-Tomate-11-Dayan.jpg","type":"image\/jpeg"}],"twitter_card":"summary_large_image","twitter_misc":{"\u0632\u0645\u0627\u0646 \u062a\u0642\u0631\u06cc\u0628\u06cc \u0628\u0631\u0627\u06cc \u062e\u0648\u0627\u0646\u062f\u0646":"2 \u062f\u0642\u06cc\u0642\u0647"},"schema":{"@context":"https:\/\/schema.org","@graph":[{"@type":"WebPage","@id":"https:\/\/deliciaspersas.com\/fa\/tienda\/destilados\/pasta-de-tomate-rob-goje-700g-11\/","url":"https:\/\/deliciaspersas.com\/fa\/tienda\/destilados\/pasta-de-tomate-rob-goje-700g-11\/","name":"Pasta de tomate (Rob goje ) 700g 1&1 - Delicias Persas","isPartOf":{"@id":"https:\/\/deliciaspersas.com\/fa\/#website"},"primaryImageOfPage":{"@id":"https:\/\/deliciaspersas.com\/fa\/tienda\/destilados\/pasta-de-tomate-rob-goje-700g-11\/#primaryimage"},"image":{"@id":"https:\/\/deliciaspersas.com\/fa\/tienda\/destilados\/pasta-de-tomate-rob-goje-700g-11\/#primaryimage"},"thumbnailUrl":"https:\/\/deliciaspersas.com\/wp-content\/uploads\/Pasta-de-Tomate-11-Dayan.jpg","datePublished":"2020-07-23T07:33:57+00:00","dateModified":"2025-12-24T13:08:06+00:00","description":"El tomate concentrado es rico en vitaminas y minerales: este aporta vitamina C, un potente antioxidante natural. Un ingrediente esencial...","breadcrumb":{"@id":"https:\/\/deliciaspersas.com\/fa\/tienda\/destilados\/pasta-de-tomate-rob-goje-700g-11\/#breadcrumb"},"inLanguage":"fa-IR","potentialAction":[{"@type":"ReadAction","target":["https:\/\/deliciaspersas.com\/fa\/tienda\/destilados\/pasta-de-tomate-rob-goje-700g-11\/"]}]},{"@type":"ImageObject","inLanguage":"fa-IR","@id":"https:\/\/deliciaspersas.com\/fa\/tienda\/destilados\/pasta-de-tomate-rob-goje-700g-11\/#primaryimage","url":"https:\/\/deliciaspersas.com\/wp-content\/uploads\/Pasta-de-Tomate-11-Dayan.jpg","contentUrl":"https:\/\/deliciaspersas.com\/wp-content\/uploads\/Pasta-de-Tomate-11-Dayan.jpg","width":1200,"height":1200},{"@type":"BreadcrumbList","@id":"https:\/\/deliciaspersas.com\/fa\/tienda\/destilados\/pasta-de-tomate-rob-goje-700g-11\/#breadcrumb","itemListElement":[{"@type":"ListItem","position":1,"name":"Portada","item":"https:\/\/deliciaspersas.com\/fa\/"},{"@type":"ListItem","position":2,"name":"Tienda","item":"https:\/\/deliciaspersas.com\/"},{"@type":"ListItem","position":3,"name":"Pasta de tomate (Rob goje ) 700g 1&#038;1"}]},{"@type":"WebSite","@id":"https:\/\/deliciaspersas.com\/fa\/#website","url":"https:\/\/deliciaspersas.com\/fa\/","name":"Delicias Persas","description":"Gastronom&iacute;a persa al alcance de tus manos","publisher":{"@id":"https:\/\/deliciaspersas.com\/fa\/#organization"},"potentialAction":[{"@type":"SearchAction","target":{"@type":"EntryPoint","urlTemplate":"https:\/\/deliciaspersas.com\/fa\/?s={search_term_string}"},"query-input":{"@type":"PropertyValueSpecification","valueRequired":true,"valueName":"search_term_string"}}],"inLanguage":"fa-IR"},{"@type":"Organization","@id":"https:\/\/deliciaspersas.com\/fa\/#organization","name":"Delicias Persas","url":"https:\/\/deliciaspersas.com\/fa\/","logo":{"@type":"ImageObject","inLanguage":"fa-IR","@id":"https:\/\/deliciaspersas.com\/fa\/#\/schema\/logo\/image\/","url":"https:\/\/deliciaspersas.com\/wp-content\/uploads\/2020\/07\/logo-2020.png","contentUrl":"https:\/\/deliciaspersas.com\/wp-content\/uploads\/2020\/07\/logo-2020.png","width":520,"height":490,"caption":"Delicias Persas"},"image":{"@id":"https:\/\/deliciaspersas.com\/fa\/#\/schema\/logo\/image\/"},"sameAs":["https:\/\/www.facebook.com\/Deliciaspersas","https:\/\/www.instagram.com\/delicias_persas\/","https:\/\/www.linkedin.com\/delicias-persas"]}]}},"uagb_featured_image_src":{"full":["https:\/\/deliciaspersas.com\/wp-content\/uploads\/Pasta-de-Tomate-11-Dayan.jpg",1200,1200,false],"thumbnail":["https:\/\/deliciaspersas.com\/wp-content\/uploads\/Pasta-de-Tomate-11-Dayan-150x150.jpg",150,150,true],"medium":["https:\/\/deliciaspersas.com\/wp-content\/uploads\/Pasta-de-Tomate-11-Dayan-300x300.jpg",300,300,true],"medium_large":["https:\/\/deliciaspersas.com\/wp-content\/uploads\/Pasta-de-Tomate-11-Dayan-768x768.jpg",768,768,true],"large":["https:\/\/deliciaspersas.com\/wp-content\/uploads\/Pasta-de-Tomate-11-Dayan-1024x1024.jpg",1024,1024,true],"1536x1536":["https:\/\/deliciaspersas.com\/wp-content\/uploads\/Pasta-de-Tomate-11-Dayan.jpg",1200,1200,false],"2048x2048":["https:\/\/deliciaspersas.com\/wp-content\/uploads\/Pasta-de-Tomate-11-Dayan.jpg",1200,1200,false],"woocommerce_thumbnail":["https:\/\/deliciaspersas.com\/wp-content\/uploads\/Pasta-de-Tomate-11-Dayan-300x300.jpg",300,300,true],"woocommerce_single":["https:\/\/deliciaspersas.com\/wp-content\/uploads\/Pasta-de-Tomate-11-Dayan-600x600.jpg",600,600,true],"woocommerce_gallery_thumbnail":["https:\/\/deliciaspersas.com\/wp-content\/uploads\/Pasta-de-Tomate-11-Dayan-100x100.jpg",100,100,true]},"uagb_author_info":{"display_name":"admin","author_link":"https:\/\/deliciaspersas.com\/fa\/author\/"},"uagb_comment_info":0,"uagb_excerpt":"Pasta de tomate (Rob goje ) 700g 1&amp;1 Informaci\u00f3n del producto: Tomate frito concentrado. Usos: Se emplea en platos variados, aportando m\u00faltiples beneficios. Beneficios: El tomate es rico en vitaminas y minerales: esta hortaliza aporta vitamina C, un potente antioxidante natural, adem\u00e1s de vitamina A, K, hierro y potasio. Protege la vista:contiene vitamina A, la&hellip;","brands":[{"id":51,"name":"1&amp;1","slug":"11"}],"_links":{"self":[{"href":"https:\/\/deliciaspersas.com\/fa\/wp-json\/wp\/v2\/product\/3802"}],"collection":[{"href":"https:\/\/deliciaspersas.com\/fa\/wp-json\/wp\/v2\/product"}],"about":[{"href":"https:\/\/deliciaspersas.com\/fa\/wp-json\/wp\/v2\/types\/product"}],"wp:featuredmedia":[{"embeddable":true,"href":"https:\/\/deliciaspersas.com\/fa\/wp-json\/wp\/v2\/media\/16371"}],"wp:attachment":[{"href":"https:\/\/deliciaspersas.com\/fa\/wp-json\/wp\/v2\/media?parent=3802"}],"wp:term":[{"taxonomy":"pwb-brand","embeddable":true,"href":"https:\/\/deliciaspersas.com\/fa\/wp-json\/wp\/v2\/pwb-brand?post=3802"},{"taxonomy":"product_cat","embeddable":true,"href":"https:\/\/deliciaspersas.com\/fa\/wp-json\/wp\/v2\/product_cat?post=3802"},{"taxonomy":"product_tag","embeddable":true,"href":"https:\/\/deliciaspersas.com\/fa\/wp-json\/wp\/v2\/product_tag?post=3802"}],"curies":[{"name":"wp","href":"https:\/\/api.w.org\/{rel}","templated":true}]}}