{"id":3975,"date":"2020-07-24T15:32:00","date_gmt":"2020-07-24T13:32:00","guid":{"rendered":"https:\/\/deliciaspersas.com\/?post_type=product&#038;p=3975"},"modified":"2024-08-22T18:10:42","modified_gmt":"2024-08-22T16:10:42","slug":"pimienta-roja-en-polvo-felfel-11","status":"publish","type":"product","link":"https:\/\/deliciaspersas.com\/fa\/tienda\/especias\/pimienta-roja-en-polvo-felfel-11\/","title":{"rendered":"Pimienta roja en polvo Felfel ghermez balssi"},"content":{"rendered":"<h1>Pimienta roja en polvo Felfel ghermez 120g 1&amp;1<\/h1>\n<h6>Informaci\u00f3n del producto:<\/h6>\n<p>La pimienta roja es una especia; se obtiene cosechando los frutos rojos en plena madurez, es decir justo antes que las bayas empiecen a pudrir sobre los racimos.<\/p>\n<h6>Usos:<\/h6>\n<p>La pimienta roja mejora el sabor de tus platos y con un toque m\u00e1s picante y con m\u00e1s aroma que la pimienta blanca. Adem\u00e1s, da\u00a0un acabado picante a tus preparaciones de carnes, pescados, mariscos y estofados.<\/p>\n<h6>Beneficios:<\/h6>\n<p>Es un condimento rico en magnasio\u00a0(\u00a0100 gramos contienen 190 mg. de magnesio)<\/p>\n<p>Tiene una alta cantidad de\u00a0potasio:\u00a01260 mg por cada 100 g.<\/p>\n<p>Es uno de los alimentos con m\u00e1s\u00a0fibra.<\/p>\n<p>Contiene minerales esenciales como el\u00a0calcio (430 mg) y el hierro (11,20 mg por cada 100 g.), sodio, f\u00f3sforo y zinc.<\/p>\n<p>Prote\u00ednas y vitamina A, B1, B2, B3, B5, B6, B7, B9, B12,\u00a0C y D.<\/p>\n<p>Aumenta las secreciones del\u00a0est\u00f3mago\u00a0y\u00a0ayuda a prevenir los gases intestinales.<\/p>\n<p>La corteza de la pimienta ayuda a eliminar las c\u00e9lulas grasas. Por lo tanto, consumirla nos ayuda amantener el\u00a0peso corporal y es un buen aliado para las dietas de\u00a0adelgazamiento.<\/p>\n<p>Adem\u00e1s ayuda a curar el\u00a0vitiligo, que provoca despigmentaci\u00f3n. Algunos estudios apuntan a que la pimienta negra estimula la producci\u00f3n de pigmentos de la piel.<\/p>\n<p>Tiene propiedades antibacterianas por lo que puede combatir\u00a0infecciones, resfriados, gripes, alivia la sinusitis y las congestiones nasales.<\/p>\n<p>El consumo de pimienta negra ayuda a mantener\u00a0limpias las arterias.<\/p>\n<p>Previene el c\u00e1ncer, enfermedades cardiovasculares y problemas del h\u00edgado gracias a sus antioxidantes.<\/p>\n<p>Sus antioxidantes previenen o\u00a0reparan los da\u00f1os causados por los radicales libres en la piel.<\/p>\n<p>Previene el c\u00e1ncer,\u00a0enfermedades cardiovasculares y problemas del h\u00edgado\u00a0gracias a sus antioxidantes.<\/p>\n<p>Trata problemas respiratorios; tales como\u00a0asma, tos aguda, etc.<\/p>\n<p>Combate problemas dentales como las caries y alivia los dolores de muelas.<\/p>\n<p>En la medicina tradicional se usaba para curar problemas en los ojos.<\/p>\n<div class=\"step\">\n<div class=\"paragraph\">\n<p><span style=\"font-size: 1.1em; font-weight: bold;\">Ingredientes y al\u00e9rgenos:<\/span><\/p>\n<\/div>\n<\/div>\n<p>Pimienta roja molida.<\/p>\n<h6>Condiciones de conservaci\u00f3n:<\/h6>\n<p>Conservar en un lugar fresco, seco y protegido de la luz.<\/p>\n<h6>Informaci\u00f3n adicional:<\/h6>\n<p>Fabricado por: 1&amp;1<\/p>\n<p>Azadegan Azadgan South,<\/p>\n<p>Fatah Square,<\/p>\n<p>Maedeh Food Industry Complex<\/p>\n","protected":false},"excerpt":{"rendered":"<p>Pimienta roja en polvo Felfel ghermez 120g 1&amp;1 Informaci\u00f3n del producto: La pimienta roja es una especia; se obtiene cosechando los frutos rojos en plena madurez, es decir justo antes que las bayas empiecen a pudrir sobre los racimos. Usos: La pimienta roja mejora el sabor de tus platos y con un toque m\u00e1s picante [&hellip;]<\/p>\n","protected":false},"featured_media":4445,"template":"","meta":{"_surecart_dashboard_logo_width":"180px","_surecart_dashboard_show_logo":true,"_surecart_dashboard_navigation_orders":true,"_surecart_dashboard_navigation_invoices":true,"_surecart_dashboard_navigation_subscriptions":true,"_surecart_dashboard_navigation_downloads":true,"_surecart_dashboard_navigation_billing":true,"_surecart_dashboard_navigation_account":true,"_uag_custom_page_level_css":"","site-sidebar-layout":"default","site-content-layout":"default","ast-site-content-layout":"default","site-content-style":"default","site-sidebar-style":"default","ast-global-header-display":"","ast-banner-title-visibility":"","ast-main-header-display":"","ast-hfb-above-header-display":"","ast-hfb-below-header-display":"","ast-hfb-mobile-header-display":"","site-post-title":"","ast-breadcrumbs-content":"","ast-featured-img":"","footer-sml-layout":"","theme-transparent-header-meta":"default","adv-header-id-meta":"","stick-header-meta":"","header-above-stick-meta":"","header-main-stick-meta":"","header-below-stick-meta":"","astra-migrate-meta-layouts":"set","ast-page-background-enabled":"default","ast-page-background-meta":{"desktop":{"background-color":"","background-image":"","background-repeat":"repeat","background-position":"center center","background-size":"auto","background-attachment":"scroll","background-type":"","background-media":"","overlay-type":"","overlay-color":"","overlay-opacity":"","overlay-gradient":""},"tablet":{"background-color":"","background-image":"","background-repeat":"repeat","background-position":"center center","background-size":"auto","background-attachment":"scroll","background-type":"","background-media":"","overlay-type":"","overlay-color":"","overlay-opacity":"","overlay-gradient":""},"mobile":{"background-color":"","background-image":"","background-repeat":"repeat","background-position":"center center","background-size":"auto","background-attachment":"scroll","background-type":"","background-media":"","overlay-type":"","overlay-color":"","overlay-opacity":"","overlay-gradient":""}},"ast-content-background-meta":{"desktop":{"background-color":"var(--ast-global-color-5)","background-image":"","background-repeat":"repeat","background-position":"center center","background-size":"auto","background-attachment":"scroll","background-type":"","background-media":"","overlay-type":"","overlay-color":"","overlay-opacity":"","overlay-gradient":""},"tablet":{"background-color":"var(--ast-global-color-5)","background-image":"","background-repeat":"repeat","background-position":"center center","background-size":"auto","background-attachment":"scroll","background-type":"","background-media":"","overlay-type":"","overlay-color":"","overlay-opacity":"","overlay-gradient":""},"mobile":{"background-color":"var(--ast-global-color-5)","background-image":"","background-repeat":"repeat","background-position":"center center","background-size":"auto","background-attachment":"scroll","background-type":"","background-media":"","overlay-type":"","overlay-color":"","overlay-opacity":"","overlay-gradient":""}}},"pwb-brand":[51],"product_cat":[32],"product_tag":[568,1053,1052,569,1054],"class_list":{"0":"post-3975","1":"product","2":"type-product","3":"status-publish","4":"has-post-thumbnail","6":"pwb-brand-51","7":"product_cat-especias","8":"product_tag-especie","9":"product_tag-negra","10":"product_tag-pimienta","11":"product_tag-polvo","12":"product_tag-1054","13":"desktop-align-center","14":"tablet-align-center","15":"mobile-align-center","17":"first","18":"outofstock","19":"taxable","20":"shipping-taxable","21":"purchasable","22":"product-type-simple"},"yoast_head":"<!-- This site is optimized with the Yoast SEO plugin v23.6 - https:\/\/yoast.com\/wordpress\/plugins\/seo\/ -->\n<title>Pimienta roja en polvo Felfel ghermez balssi - Delicias Persas<\/title>\n<meta name=\"description\" content=\"Pimienta roja. Es una especia da a tus platos un toque picante y arom\u00e1tico. Adem\u00e1s, da\u00a0un acabado picante a carnes, pescados...\" \/>\n<meta name=\"robots\" content=\"index, follow, max-snippet:-1, max-image-preview:large, max-video-preview:-1\" \/>\n<link rel=\"canonical\" href=\"https:\/\/deliciaspersas.com\/fa\/tienda\/especias\/pimienta-roja-en-polvo-felfel-11\/\" \/>\n<meta property=\"og:locale\" content=\"fa_IR\" \/>\n<meta property=\"og:type\" content=\"article\" \/>\n<meta property=\"og:title\" content=\"Pimienta roja en polvo Felfel ghermez balssi - Delicias Persas\" \/>\n<meta property=\"og:description\" content=\"Pimienta roja. Es una especia da a tus platos un toque picante y arom\u00e1tico. Adem\u00e1s, da\u00a0un acabado picante a carnes, pescados...\" \/>\n<meta property=\"og:url\" content=\"https:\/\/deliciaspersas.com\/fa\/tienda\/especias\/pimienta-roja-en-polvo-felfel-11\/\" \/>\n<meta property=\"og:site_name\" content=\"Delicias Persas\" \/>\n<meta property=\"article:publisher\" content=\"https:\/\/www.facebook.com\/Deliciaspersas\" \/>\n<meta property=\"article:modified_time\" content=\"2024-08-22T16:10:42+00:00\" \/>\n<meta property=\"og:image\" content=\"https:\/\/deliciaspersas.com\/wp-content\/uploads\/2020\/07\/Pimienta-roja-en-polvo-Felfel-120g-11.jpg\" \/>\n\t<meta property=\"og:image:width\" content=\"760\" \/>\n\t<meta property=\"og:image:height\" content=\"760\" \/>\n\t<meta property=\"og:image:type\" content=\"image\/jpeg\" \/>\n<meta name=\"twitter:card\" content=\"summary_large_image\" \/>\n<meta name=\"twitter:label1\" content=\"\u0632\u0645\u0627\u0646 \u062a\u0642\u0631\u06cc\u0628\u06cc \u0628\u0631\u0627\u06cc \u062e\u0648\u0627\u0646\u062f\u0646\" \/>\n\t<meta name=\"twitter:data1\" content=\"2 \u062f\u0642\u06cc\u0642\u0647\" \/>\n<script type=\"application\/ld+json\" class=\"yoast-schema-graph\">{\"@context\":\"https:\/\/schema.org\",\"@graph\":[{\"@type\":\"WebPage\",\"@id\":\"https:\/\/deliciaspersas.com\/fa\/tienda\/especias\/pimienta-roja-en-polvo-felfel-11\/\",\"url\":\"https:\/\/deliciaspersas.com\/fa\/tienda\/especias\/pimienta-roja-en-polvo-felfel-11\/\",\"name\":\"Pimienta roja en polvo Felfel ghermez balssi - Delicias Persas\",\"isPartOf\":{\"@id\":\"https:\/\/deliciaspersas.com\/fa\/#website\"},\"primaryImageOfPage\":{\"@id\":\"https:\/\/deliciaspersas.com\/fa\/tienda\/especias\/pimienta-roja-en-polvo-felfel-11\/#primaryimage\"},\"image\":{\"@id\":\"https:\/\/deliciaspersas.com\/fa\/tienda\/especias\/pimienta-roja-en-polvo-felfel-11\/#primaryimage\"},\"thumbnailUrl\":\"https:\/\/deliciaspersas.com\/wp-content\/uploads\/2020\/07\/Pimienta-roja-en-polvo-Felfel-120g-11.jpg\",\"datePublished\":\"2020-07-24T13:32:00+00:00\",\"dateModified\":\"2024-08-22T16:10:42+00:00\",\"description\":\"Pimienta roja. Es una especia da a tus platos un toque picante y arom\u00e1tico. Adem\u00e1s, da\u00a0un acabado picante a carnes, pescados...\",\"breadcrumb\":{\"@id\":\"https:\/\/deliciaspersas.com\/fa\/tienda\/especias\/pimienta-roja-en-polvo-felfel-11\/#breadcrumb\"},\"inLanguage\":\"fa-IR\",\"potentialAction\":[{\"@type\":\"ReadAction\",\"target\":[\"https:\/\/deliciaspersas.com\/fa\/tienda\/especias\/pimienta-roja-en-polvo-felfel-11\/\"]}]},{\"@type\":\"ImageObject\",\"inLanguage\":\"fa-IR\",\"@id\":\"https:\/\/deliciaspersas.com\/fa\/tienda\/especias\/pimienta-roja-en-polvo-felfel-11\/#primaryimage\",\"url\":\"https:\/\/deliciaspersas.com\/wp-content\/uploads\/2020\/07\/Pimienta-roja-en-polvo-Felfel-120g-11.jpg\",\"contentUrl\":\"https:\/\/deliciaspersas.com\/wp-content\/uploads\/2020\/07\/Pimienta-roja-en-polvo-Felfel-120g-11.jpg\",\"width\":760,\"height\":760,\"caption\":\"Pimienta roja en polvo Felfel 120g 1&1\"},{\"@type\":\"BreadcrumbList\",\"@id\":\"https:\/\/deliciaspersas.com\/fa\/tienda\/especias\/pimienta-roja-en-polvo-felfel-11\/#breadcrumb\",\"itemListElement\":[{\"@type\":\"ListItem\",\"position\":1,\"name\":\"Portada\",\"item\":\"https:\/\/deliciaspersas.com\/fa\/\"},{\"@type\":\"ListItem\",\"position\":2,\"name\":\"Tienda\",\"item\":\"https:\/\/deliciaspersas.com\/\"},{\"@type\":\"ListItem\",\"position\":3,\"name\":\"Pimienta roja en polvo Felfel ghermez balssi\"}]},{\"@type\":\"WebSite\",\"@id\":\"https:\/\/deliciaspersas.com\/fa\/#website\",\"url\":\"https:\/\/deliciaspersas.com\/fa\/\",\"name\":\"Delicias Persas\",\"description\":\"Gastronom&iacute;a persa al alcance de tus manos\",\"publisher\":{\"@id\":\"https:\/\/deliciaspersas.com\/fa\/#organization\"},\"potentialAction\":[{\"@type\":\"SearchAction\",\"target\":{\"@type\":\"EntryPoint\",\"urlTemplate\":\"https:\/\/deliciaspersas.com\/fa\/?s={search_term_string}\"},\"query-input\":{\"@type\":\"PropertyValueSpecification\",\"valueRequired\":true,\"valueName\":\"search_term_string\"}}],\"inLanguage\":\"fa-IR\"},{\"@type\":\"Organization\",\"@id\":\"https:\/\/deliciaspersas.com\/fa\/#organization\",\"name\":\"Delicias Persas\",\"url\":\"https:\/\/deliciaspersas.com\/fa\/\",\"logo\":{\"@type\":\"ImageObject\",\"inLanguage\":\"fa-IR\",\"@id\":\"https:\/\/deliciaspersas.com\/fa\/#\/schema\/logo\/image\/\",\"url\":\"https:\/\/deliciaspersas.com\/wp-content\/uploads\/2020\/07\/logo-2020.png\",\"contentUrl\":\"https:\/\/deliciaspersas.com\/wp-content\/uploads\/2020\/07\/logo-2020.png\",\"width\":520,\"height\":490,\"caption\":\"Delicias Persas\"},\"image\":{\"@id\":\"https:\/\/deliciaspersas.com\/fa\/#\/schema\/logo\/image\/\"},\"sameAs\":[\"https:\/\/www.facebook.com\/Deliciaspersas\",\"https:\/\/www.instagram.com\/delicias_persas\/\",\"https:\/\/www.linkedin.com\/delicias-persas\"]}]}<\/script>\n<!-- \/ Yoast SEO plugin. -->","yoast_head_json":{"title":"Pimienta roja en polvo Felfel ghermez balssi - Delicias Persas","description":"Pimienta roja. Es una especia da a tus platos un toque picante y arom\u00e1tico. Adem\u00e1s, da\u00a0un acabado picante a carnes, pescados...","robots":{"index":"index","follow":"follow","max-snippet":"max-snippet:-1","max-image-preview":"max-image-preview:large","max-video-preview":"max-video-preview:-1"},"canonical":"https:\/\/deliciaspersas.com\/fa\/tienda\/especias\/pimienta-roja-en-polvo-felfel-11\/","og_locale":"fa_IR","og_type":"article","og_title":"Pimienta roja en polvo Felfel ghermez balssi - Delicias Persas","og_description":"Pimienta roja. Es una especia da a tus platos un toque picante y arom\u00e1tico. Adem\u00e1s, da\u00a0un acabado picante a carnes, pescados...","og_url":"https:\/\/deliciaspersas.com\/fa\/tienda\/especias\/pimienta-roja-en-polvo-felfel-11\/","og_site_name":"Delicias Persas","article_publisher":"https:\/\/www.facebook.com\/Deliciaspersas","article_modified_time":"2024-08-22T16:10:42+00:00","og_image":[{"width":760,"height":760,"url":"https:\/\/deliciaspersas.com\/wp-content\/uploads\/2020\/07\/Pimienta-roja-en-polvo-Felfel-120g-11.jpg","type":"image\/jpeg"}],"twitter_card":"summary_large_image","twitter_misc":{"\u0632\u0645\u0627\u0646 \u062a\u0642\u0631\u06cc\u0628\u06cc \u0628\u0631\u0627\u06cc \u062e\u0648\u0627\u0646\u062f\u0646":"2 \u062f\u0642\u06cc\u0642\u0647"},"schema":{"@context":"https:\/\/schema.org","@graph":[{"@type":"WebPage","@id":"https:\/\/deliciaspersas.com\/fa\/tienda\/especias\/pimienta-roja-en-polvo-felfel-11\/","url":"https:\/\/deliciaspersas.com\/fa\/tienda\/especias\/pimienta-roja-en-polvo-felfel-11\/","name":"Pimienta roja en polvo Felfel ghermez balssi - Delicias Persas","isPartOf":{"@id":"https:\/\/deliciaspersas.com\/fa\/#website"},"primaryImageOfPage":{"@id":"https:\/\/deliciaspersas.com\/fa\/tienda\/especias\/pimienta-roja-en-polvo-felfel-11\/#primaryimage"},"image":{"@id":"https:\/\/deliciaspersas.com\/fa\/tienda\/especias\/pimienta-roja-en-polvo-felfel-11\/#primaryimage"},"thumbnailUrl":"https:\/\/deliciaspersas.com\/wp-content\/uploads\/2020\/07\/Pimienta-roja-en-polvo-Felfel-120g-11.jpg","datePublished":"2020-07-24T13:32:00+00:00","dateModified":"2024-08-22T16:10:42+00:00","description":"Pimienta roja. Es una especia da a tus platos un toque picante y arom\u00e1tico. Adem\u00e1s, da\u00a0un acabado picante a carnes, pescados...","breadcrumb":{"@id":"https:\/\/deliciaspersas.com\/fa\/tienda\/especias\/pimienta-roja-en-polvo-felfel-11\/#breadcrumb"},"inLanguage":"fa-IR","potentialAction":[{"@type":"ReadAction","target":["https:\/\/deliciaspersas.com\/fa\/tienda\/especias\/pimienta-roja-en-polvo-felfel-11\/"]}]},{"@type":"ImageObject","inLanguage":"fa-IR","@id":"https:\/\/deliciaspersas.com\/fa\/tienda\/especias\/pimienta-roja-en-polvo-felfel-11\/#primaryimage","url":"https:\/\/deliciaspersas.com\/wp-content\/uploads\/2020\/07\/Pimienta-roja-en-polvo-Felfel-120g-11.jpg","contentUrl":"https:\/\/deliciaspersas.com\/wp-content\/uploads\/2020\/07\/Pimienta-roja-en-polvo-Felfel-120g-11.jpg","width":760,"height":760,"caption":"Pimienta roja en polvo Felfel 120g 1&1"},{"@type":"BreadcrumbList","@id":"https:\/\/deliciaspersas.com\/fa\/tienda\/especias\/pimienta-roja-en-polvo-felfel-11\/#breadcrumb","itemListElement":[{"@type":"ListItem","position":1,"name":"Portada","item":"https:\/\/deliciaspersas.com\/fa\/"},{"@type":"ListItem","position":2,"name":"Tienda","item":"https:\/\/deliciaspersas.com\/"},{"@type":"ListItem","position":3,"name":"Pimienta roja en polvo Felfel ghermez balssi"}]},{"@type":"WebSite","@id":"https:\/\/deliciaspersas.com\/fa\/#website","url":"https:\/\/deliciaspersas.com\/fa\/","name":"Delicias Persas","description":"Gastronom&iacute;a persa al alcance de tus manos","publisher":{"@id":"https:\/\/deliciaspersas.com\/fa\/#organization"},"potentialAction":[{"@type":"SearchAction","target":{"@type":"EntryPoint","urlTemplate":"https:\/\/deliciaspersas.com\/fa\/?s={search_term_string}"},"query-input":{"@type":"PropertyValueSpecification","valueRequired":true,"valueName":"search_term_string"}}],"inLanguage":"fa-IR"},{"@type":"Organization","@id":"https:\/\/deliciaspersas.com\/fa\/#organization","name":"Delicias Persas","url":"https:\/\/deliciaspersas.com\/fa\/","logo":{"@type":"ImageObject","inLanguage":"fa-IR","@id":"https:\/\/deliciaspersas.com\/fa\/#\/schema\/logo\/image\/","url":"https:\/\/deliciaspersas.com\/wp-content\/uploads\/2020\/07\/logo-2020.png","contentUrl":"https:\/\/deliciaspersas.com\/wp-content\/uploads\/2020\/07\/logo-2020.png","width":520,"height":490,"caption":"Delicias Persas"},"image":{"@id":"https:\/\/deliciaspersas.com\/fa\/#\/schema\/logo\/image\/"},"sameAs":["https:\/\/www.facebook.com\/Deliciaspersas","https:\/\/www.instagram.com\/delicias_persas\/","https:\/\/www.linkedin.com\/delicias-persas"]}]}},"uagb_featured_image_src":{"full":["https:\/\/deliciaspersas.com\/wp-content\/uploads\/2020\/07\/Pimienta-roja-en-polvo-Felfel-120g-11.jpg",760,760,false],"thumbnail":["https:\/\/deliciaspersas.com\/wp-content\/uploads\/2020\/07\/Pimienta-roja-en-polvo-Felfel-120g-11-150x150.jpg",150,150,true],"medium":["https:\/\/deliciaspersas.com\/wp-content\/uploads\/2020\/07\/Pimienta-roja-en-polvo-Felfel-120g-11-300x300.jpg",300,300,true],"medium_large":["https:\/\/deliciaspersas.com\/wp-content\/uploads\/2020\/07\/Pimienta-roja-en-polvo-Felfel-120g-11.jpg",760,760,false],"large":["https:\/\/deliciaspersas.com\/wp-content\/uploads\/2020\/07\/Pimienta-roja-en-polvo-Felfel-120g-11.jpg",760,760,false],"1536x1536":["https:\/\/deliciaspersas.com\/wp-content\/uploads\/2020\/07\/Pimienta-roja-en-polvo-Felfel-120g-11.jpg",760,760,false],"2048x2048":["https:\/\/deliciaspersas.com\/wp-content\/uploads\/2020\/07\/Pimienta-roja-en-polvo-Felfel-120g-11.jpg",760,760,false],"woocommerce_thumbnail":["https:\/\/deliciaspersas.com\/wp-content\/uploads\/2020\/07\/Pimienta-roja-en-polvo-Felfel-120g-11-300x300.jpg",300,300,true],"woocommerce_single":["https:\/\/deliciaspersas.com\/wp-content\/uploads\/2020\/07\/Pimienta-roja-en-polvo-Felfel-120g-11-600x600.jpg",600,600,true],"woocommerce_gallery_thumbnail":["https:\/\/deliciaspersas.com\/wp-content\/uploads\/2020\/07\/Pimienta-roja-en-polvo-Felfel-120g-11-100x100.jpg",100,100,true]},"uagb_author_info":{"display_name":"ventas.dayan","author_link":"https:\/\/deliciaspersas.com\/fa\/author\/"},"uagb_comment_info":0,"uagb_excerpt":"Pimienta roja en polvo Felfel ghermez 120g 1&amp;1 Informaci\u00f3n del producto: La pimienta roja es una especia; se obtiene cosechando los frutos rojos en plena madurez, es decir justo antes que las bayas empiecen a pudrir sobre los racimos. Usos: La pimienta roja mejora el sabor de tus platos y con un toque m\u00e1s picante&hellip;","brands":[{"id":51,"name":"1&amp;1","slug":"11"}],"_links":{"self":[{"href":"https:\/\/deliciaspersas.com\/fa\/wp-json\/wp\/v2\/product\/3975"}],"collection":[{"href":"https:\/\/deliciaspersas.com\/fa\/wp-json\/wp\/v2\/product"}],"about":[{"href":"https:\/\/deliciaspersas.com\/fa\/wp-json\/wp\/v2\/types\/product"}],"wp:featuredmedia":[{"embeddable":true,"href":"https:\/\/deliciaspersas.com\/fa\/wp-json\/wp\/v2\/media\/4445"}],"wp:attachment":[{"href":"https:\/\/deliciaspersas.com\/fa\/wp-json\/wp\/v2\/media?parent=3975"}],"wp:term":[{"taxonomy":"pwb-brand","embeddable":true,"href":"https:\/\/deliciaspersas.com\/fa\/wp-json\/wp\/v2\/pwb-brand?post=3975"},{"taxonomy":"product_cat","embeddable":true,"href":"https:\/\/deliciaspersas.com\/fa\/wp-json\/wp\/v2\/product_cat?post=3975"},{"taxonomy":"product_tag","embeddable":true,"href":"https:\/\/deliciaspersas.com\/fa\/wp-json\/wp\/v2\/product_tag?post=3975"}],"curies":[{"name":"wp","href":"https:\/\/api.w.org\/{rel}","templated":true}]}}