{"id":4074,"date":"2020-08-05T12:03:54","date_gmt":"2020-08-05T10:03:54","guid":{"rendered":"https:\/\/deliciaspersas.com\/?post_type=product&#038;p=4074"},"modified":"2023-12-11T00:34:41","modified_gmt":"2023-12-10T23:34:41","slug":"ajo-en-escabeche-sir-torshi-zoshk","status":"publish","type":"product","link":"https:\/\/deliciaspersas.com\/fa\/tienda\/encurtidos\/ajo-en-escabeche-sir-torshi-zoshk\/","title":{"rendered":"Ajo en escabeche Sir torshi 650g Zoshk"},"content":{"rendered":"<h1>Ajo en escabeche Sir torshi 650g Zoshk<\/h1>\n<h6>Informaci\u00f3n del producto:<\/h6>\n<p>El ajo es mucho m\u00e1s que un condimento, es un ayuda a prevenir enfermedades cargado de propiedades nutritivas y beneficios para la salud.<\/p>\n<h6>Usos:<\/h6>\n<p>Platos variados, acompa\u00f1ante. Sir torshi.<\/p>\n<h6>Beneficios:<\/h6>\n<p>El\u00a0ajo\u00a0es un poderoso antioxidante con propiedades microbianas, antivirales y antibi\u00f3ticas. Para los resfriados y la gripe, tambi\u00e9n proporciona un efecto descongestionante, fuente de vitamina C, y enzimas y minerales que ayudan a aumentar la inmunidad.<\/p>\n<p class=\"paragraph\" data-gtm-element-container=\"modulo-texto-link\">El ajo es rico en vitamina B, un compuesto esencial que reduce los niveles de homociste\u00edna. Esta sustancia es la responsable de endurecer los vasos sangu\u00edneos y de traernos m\u00faltiples problemas como trombosis o enfermedades de las arterias coronarias. Consumir un ajo en ayunas nos puede ayudar a combatir estos problemas.<\/p>\n<p class=\"paragraph\" data-gtm-element-container=\"modulo-texto-link\">El ajo es sobre todo un excelente desintoxicante para nuestro organismo. Nos ayuda a depurar toxinas, a eliminar par\u00e1sitos y a liberar del cuerpo metales pesados como el mercurio o restos de medicamentos que el h\u00edgado no puede procesar. El ajo es rico en vitaminas A, B y C, muy adecuadas para estimular las funciones hep\u00e1ticas. Otra de sus virtudes es la de desinflamar, de ah\u00ed que sea muy saludable consumir un ajo diario en caso de tener el h\u00edgado graso.<\/p>\n<p class=\"paragraph\" data-gtm-element-container=\"modulo-texto-link\">Si cada vez que coga un resfriado acaba con mucha mucosas el ajo te viene muy bien porque descongestiona y es un buen antibi\u00f3tico natural para tratar problemas pulmonares. Si sufre de sinusitis o est\u00e1 pasando una \u00e9poca con mucha tos, puede hacer vahos o preparese alg\u00fan jarabe a base de ajo.<\/p>\n<p class=\"paragraph\" data-gtm-element-container=\"modulo-texto-link\">El ajo contiene alicina, una sustancia que cuida de nuestro sistema cardiovascular. Tanto es as\u00ed que consumir cada d\u00eda un diente ajo natural puede reducir el colesterol malo en un 9%.<\/p>\n<h6>Ingredientes y al\u00e9rgenos:<\/h6>\n<p>Se compone de ajo en escabeche.<\/p>\n<h6>Condiciones de conservaci\u00f3n:<\/h6>\n<p>Conservar en un lugar fresco, seco y protegido de la luz.<\/p>\n<h6>Informaci\u00f3n adicional:<\/h6>\n<p>Fabricado por: Zoshk<\/p>\n","protected":false},"excerpt":{"rendered":"<p>Ajo en escabeche Sir torshi 650g Zoshk Informaci\u00f3n del producto: El ajo es mucho m\u00e1s que un condimento, es un ayuda a prevenir enfermedades cargado de propiedades nutritivas y beneficios para la salud. Usos: Platos variados, acompa\u00f1ante. Sir torshi. Beneficios: El\u00a0ajo\u00a0es un poderoso antioxidante con propiedades microbianas, antivirales y antibi\u00f3ticas. Para los resfriados y la [&hellip;]<\/p>\n","protected":false},"featured_media":4238,"template":"","meta":{"_surecart_dashboard_logo_width":"180px","_surecart_dashboard_show_logo":true,"_surecart_dashboard_navigation_orders":true,"_surecart_dashboard_navigation_invoices":true,"_surecart_dashboard_navigation_subscriptions":true,"_surecart_dashboard_navigation_downloads":true,"_surecart_dashboard_navigation_billing":true,"_surecart_dashboard_navigation_account":true,"_uag_custom_page_level_css":"","site-sidebar-layout":"default","site-content-layout":"default","ast-site-content-layout":"","site-content-style":"default","site-sidebar-style":"default","ast-global-header-display":"","ast-banner-title-visibility":"","ast-main-header-display":"","ast-hfb-above-header-display":"","ast-hfb-below-header-display":"","ast-hfb-mobile-header-display":"","site-post-title":"","ast-breadcrumbs-content":"","ast-featured-img":"","footer-sml-layout":"","theme-transparent-header-meta":"default","adv-header-id-meta":"","stick-header-meta":"","header-above-stick-meta":"","header-main-stick-meta":"","header-below-stick-meta":"","astra-migrate-meta-layouts":"default","ast-page-background-enabled":"default","ast-page-background-meta":{"desktop":{"background-color":"","background-image":"","background-repeat":"repeat","background-position":"center center","background-size":"auto","background-attachment":"scroll","background-type":"","background-media":"","overlay-type":"","overlay-color":"","overlay-opacity":"","overlay-gradient":""},"tablet":{"background-color":"","background-image":"","background-repeat":"repeat","background-position":"center center","background-size":"auto","background-attachment":"scroll","background-type":"","background-media":"","overlay-type":"","overlay-color":"","overlay-opacity":"","overlay-gradient":""},"mobile":{"background-color":"","background-image":"","background-repeat":"repeat","background-position":"center center","background-size":"auto","background-attachment":"scroll","background-type":"","background-media":"","overlay-type":"","overlay-color":"","overlay-opacity":"","overlay-gradient":""}},"ast-content-background-meta":{"desktop":{"background-color":"var(--ast-global-color-5)","background-image":"","background-repeat":"repeat","background-position":"center center","background-size":"auto","background-attachment":"scroll","background-type":"","background-media":"","overlay-type":"","overlay-color":"","overlay-opacity":"","overlay-gradient":""},"tablet":{"background-color":"var(--ast-global-color-5)","background-image":"","background-repeat":"repeat","background-position":"center center","background-size":"auto","background-attachment":"scroll","background-type":"","background-media":"","overlay-type":"","overlay-color":"","overlay-opacity":"","overlay-gradient":""},"mobile":{"background-color":"var(--ast-global-color-5)","background-image":"","background-repeat":"repeat","background-position":"center center","background-size":"auto","background-attachment":"scroll","background-type":"","background-media":"","overlay-type":"","overlay-color":"","overlay-opacity":"","overlay-gradient":""}}},"pwb-brand":[67],"product_cat":[38],"product_tag":[628,592,839,694,341,324,840],"class_list":{"0":"post-4074","1":"product","2":"type-product","3":"status-publish","4":"has-post-thumbnail","6":"pwb-brand-zoshk","7":"product_cat-encurtidos","8":"product_tag-acido","9":"product_tag-ajo","10":"product_tag-encurtido","11":"product_tag-escabeche","12":"product_tag-341","13":"product_tag-324","14":"product_tag-840","15":"desktop-align-center","16":"tablet-align-center","17":"mobile-align-center","19":"first","20":"outofstock","21":"sale","22":"taxable","23":"shipping-taxable","24":"purchasable","25":"product-type-simple"},"yoast_head":"<!-- This site is optimized with the Yoast SEO plugin v23.6 - https:\/\/yoast.com\/wordpress\/plugins\/seo\/ -->\n<title>Ajo en escabeche Sir torshi 650g Zoshk - Delicias Persas<\/title>\n<meta name=\"description\" content=\"Sir torshi. El ajo es mucho m\u00e1s que un condimento, es un ayuda a prevenir enfermedades cargado de propiedades nutritivas y beneficios...\" \/>\n<meta name=\"robots\" content=\"index, follow, max-snippet:-1, max-image-preview:large, max-video-preview:-1\" \/>\n<link rel=\"canonical\" href=\"https:\/\/deliciaspersas.com\/fa\/tienda\/encurtidos\/ajo-en-escabeche-sir-torshi-zoshk\/\" \/>\n<meta property=\"og:locale\" content=\"fa_IR\" \/>\n<meta property=\"og:type\" content=\"article\" \/>\n<meta property=\"og:title\" content=\"Ajo en escabeche Sir torshi 650g Zoshk - Delicias Persas\" \/>\n<meta property=\"og:description\" content=\"Sir torshi. El ajo es mucho m\u00e1s que un condimento, es un ayuda a prevenir enfermedades cargado de propiedades nutritivas y beneficios...\" \/>\n<meta property=\"og:url\" content=\"https:\/\/deliciaspersas.com\/fa\/tienda\/encurtidos\/ajo-en-escabeche-sir-torshi-zoshk\/\" \/>\n<meta property=\"og:site_name\" content=\"Delicias Persas\" \/>\n<meta property=\"article:publisher\" content=\"https:\/\/www.facebook.com\/Deliciaspersas\" \/>\n<meta property=\"article:modified_time\" content=\"2023-12-10T23:34:41+00:00\" \/>\n<meta property=\"og:image\" content=\"https:\/\/deliciaspersas.com\/wp-content\/uploads\/2020\/08\/16-1.jpg\" \/>\n\t<meta property=\"og:image:width\" content=\"760\" \/>\n\t<meta property=\"og:image:height\" content=\"760\" \/>\n\t<meta property=\"og:image:type\" content=\"image\/jpeg\" \/>\n<meta name=\"twitter:card\" content=\"summary_large_image\" \/>\n<meta name=\"twitter:label1\" content=\"\u0632\u0645\u0627\u0646 \u062a\u0642\u0631\u06cc\u0628\u06cc \u0628\u0631\u0627\u06cc \u062e\u0648\u0627\u0646\u062f\u0646\" \/>\n\t<meta name=\"twitter:data1\" content=\"2 \u062f\u0642\u06cc\u0642\u0647\" \/>\n<script type=\"application\/ld+json\" class=\"yoast-schema-graph\">{\"@context\":\"https:\/\/schema.org\",\"@graph\":[{\"@type\":\"WebPage\",\"@id\":\"https:\/\/deliciaspersas.com\/fa\/tienda\/encurtidos\/ajo-en-escabeche-sir-torshi-zoshk\/\",\"url\":\"https:\/\/deliciaspersas.com\/fa\/tienda\/encurtidos\/ajo-en-escabeche-sir-torshi-zoshk\/\",\"name\":\"Ajo en escabeche Sir torshi 650g Zoshk - Delicias Persas\",\"isPartOf\":{\"@id\":\"https:\/\/deliciaspersas.com\/fa\/#website\"},\"primaryImageOfPage\":{\"@id\":\"https:\/\/deliciaspersas.com\/fa\/tienda\/encurtidos\/ajo-en-escabeche-sir-torshi-zoshk\/#primaryimage\"},\"image\":{\"@id\":\"https:\/\/deliciaspersas.com\/fa\/tienda\/encurtidos\/ajo-en-escabeche-sir-torshi-zoshk\/#primaryimage\"},\"thumbnailUrl\":\"https:\/\/deliciaspersas.com\/wp-content\/uploads\/2020\/08\/16-1.jpg\",\"datePublished\":\"2020-08-05T10:03:54+00:00\",\"dateModified\":\"2023-12-10T23:34:41+00:00\",\"description\":\"Sir torshi. El ajo es mucho m\u00e1s que un condimento, es un ayuda a prevenir enfermedades cargado de propiedades nutritivas y beneficios...\",\"breadcrumb\":{\"@id\":\"https:\/\/deliciaspersas.com\/fa\/tienda\/encurtidos\/ajo-en-escabeche-sir-torshi-zoshk\/#breadcrumb\"},\"inLanguage\":\"fa-IR\",\"potentialAction\":[{\"@type\":\"ReadAction\",\"target\":[\"https:\/\/deliciaspersas.com\/fa\/tienda\/encurtidos\/ajo-en-escabeche-sir-torshi-zoshk\/\"]}]},{\"@type\":\"ImageObject\",\"inLanguage\":\"fa-IR\",\"@id\":\"https:\/\/deliciaspersas.com\/fa\/tienda\/encurtidos\/ajo-en-escabeche-sir-torshi-zoshk\/#primaryimage\",\"url\":\"https:\/\/deliciaspersas.com\/wp-content\/uploads\/2020\/08\/16-1.jpg\",\"contentUrl\":\"https:\/\/deliciaspersas.com\/wp-content\/uploads\/2020\/08\/16-1.jpg\",\"width\":760,\"height\":760,\"caption\":\"Ajo en escabeche Sir torshi 650g Zoshk\"},{\"@type\":\"BreadcrumbList\",\"@id\":\"https:\/\/deliciaspersas.com\/fa\/tienda\/encurtidos\/ajo-en-escabeche-sir-torshi-zoshk\/#breadcrumb\",\"itemListElement\":[{\"@type\":\"ListItem\",\"position\":1,\"name\":\"Portada\",\"item\":\"https:\/\/deliciaspersas.com\/fa\/\"},{\"@type\":\"ListItem\",\"position\":2,\"name\":\"Tienda\",\"item\":\"https:\/\/deliciaspersas.com\/\"},{\"@type\":\"ListItem\",\"position\":3,\"name\":\"Ajo en escabeche Sir torshi 650g Zoshk\"}]},{\"@type\":\"WebSite\",\"@id\":\"https:\/\/deliciaspersas.com\/fa\/#website\",\"url\":\"https:\/\/deliciaspersas.com\/fa\/\",\"name\":\"Delicias Persas\",\"description\":\"Gastronom&iacute;a persa al alcance de tus manos\",\"publisher\":{\"@id\":\"https:\/\/deliciaspersas.com\/fa\/#organization\"},\"potentialAction\":[{\"@type\":\"SearchAction\",\"target\":{\"@type\":\"EntryPoint\",\"urlTemplate\":\"https:\/\/deliciaspersas.com\/fa\/?s={search_term_string}\"},\"query-input\":{\"@type\":\"PropertyValueSpecification\",\"valueRequired\":true,\"valueName\":\"search_term_string\"}}],\"inLanguage\":\"fa-IR\"},{\"@type\":\"Organization\",\"@id\":\"https:\/\/deliciaspersas.com\/fa\/#organization\",\"name\":\"Delicias Persas\",\"url\":\"https:\/\/deliciaspersas.com\/fa\/\",\"logo\":{\"@type\":\"ImageObject\",\"inLanguage\":\"fa-IR\",\"@id\":\"https:\/\/deliciaspersas.com\/fa\/#\/schema\/logo\/image\/\",\"url\":\"https:\/\/deliciaspersas.com\/wp-content\/uploads\/2020\/07\/logo-2020.png\",\"contentUrl\":\"https:\/\/deliciaspersas.com\/wp-content\/uploads\/2020\/07\/logo-2020.png\",\"width\":520,\"height\":490,\"caption\":\"Delicias Persas\"},\"image\":{\"@id\":\"https:\/\/deliciaspersas.com\/fa\/#\/schema\/logo\/image\/\"},\"sameAs\":[\"https:\/\/www.facebook.com\/Deliciaspersas\",\"https:\/\/www.instagram.com\/delicias_persas\/\",\"https:\/\/www.linkedin.com\/delicias-persas\"]}]}<\/script>\n<!-- \/ Yoast SEO plugin. -->","yoast_head_json":{"title":"Ajo en escabeche Sir torshi 650g Zoshk - Delicias Persas","description":"Sir torshi. El ajo es mucho m\u00e1s que un condimento, es un ayuda a prevenir enfermedades cargado de propiedades nutritivas y beneficios...","robots":{"index":"index","follow":"follow","max-snippet":"max-snippet:-1","max-image-preview":"max-image-preview:large","max-video-preview":"max-video-preview:-1"},"canonical":"https:\/\/deliciaspersas.com\/fa\/tienda\/encurtidos\/ajo-en-escabeche-sir-torshi-zoshk\/","og_locale":"fa_IR","og_type":"article","og_title":"Ajo en escabeche Sir torshi 650g Zoshk - Delicias Persas","og_description":"Sir torshi. El ajo es mucho m\u00e1s que un condimento, es un ayuda a prevenir enfermedades cargado de propiedades nutritivas y beneficios...","og_url":"https:\/\/deliciaspersas.com\/fa\/tienda\/encurtidos\/ajo-en-escabeche-sir-torshi-zoshk\/","og_site_name":"Delicias Persas","article_publisher":"https:\/\/www.facebook.com\/Deliciaspersas","article_modified_time":"2023-12-10T23:34:41+00:00","og_image":[{"width":760,"height":760,"url":"https:\/\/deliciaspersas.com\/wp-content\/uploads\/2020\/08\/16-1.jpg","type":"image\/jpeg"}],"twitter_card":"summary_large_image","twitter_misc":{"\u0632\u0645\u0627\u0646 \u062a\u0642\u0631\u06cc\u0628\u06cc \u0628\u0631\u0627\u06cc \u062e\u0648\u0627\u0646\u062f\u0646":"2 \u062f\u0642\u06cc\u0642\u0647"},"schema":{"@context":"https:\/\/schema.org","@graph":[{"@type":"WebPage","@id":"https:\/\/deliciaspersas.com\/fa\/tienda\/encurtidos\/ajo-en-escabeche-sir-torshi-zoshk\/","url":"https:\/\/deliciaspersas.com\/fa\/tienda\/encurtidos\/ajo-en-escabeche-sir-torshi-zoshk\/","name":"Ajo en escabeche Sir torshi 650g Zoshk - Delicias Persas","isPartOf":{"@id":"https:\/\/deliciaspersas.com\/fa\/#website"},"primaryImageOfPage":{"@id":"https:\/\/deliciaspersas.com\/fa\/tienda\/encurtidos\/ajo-en-escabeche-sir-torshi-zoshk\/#primaryimage"},"image":{"@id":"https:\/\/deliciaspersas.com\/fa\/tienda\/encurtidos\/ajo-en-escabeche-sir-torshi-zoshk\/#primaryimage"},"thumbnailUrl":"https:\/\/deliciaspersas.com\/wp-content\/uploads\/2020\/08\/16-1.jpg","datePublished":"2020-08-05T10:03:54+00:00","dateModified":"2023-12-10T23:34:41+00:00","description":"Sir torshi. El ajo es mucho m\u00e1s que un condimento, es un ayuda a prevenir enfermedades cargado de propiedades nutritivas y beneficios...","breadcrumb":{"@id":"https:\/\/deliciaspersas.com\/fa\/tienda\/encurtidos\/ajo-en-escabeche-sir-torshi-zoshk\/#breadcrumb"},"inLanguage":"fa-IR","potentialAction":[{"@type":"ReadAction","target":["https:\/\/deliciaspersas.com\/fa\/tienda\/encurtidos\/ajo-en-escabeche-sir-torshi-zoshk\/"]}]},{"@type":"ImageObject","inLanguage":"fa-IR","@id":"https:\/\/deliciaspersas.com\/fa\/tienda\/encurtidos\/ajo-en-escabeche-sir-torshi-zoshk\/#primaryimage","url":"https:\/\/deliciaspersas.com\/wp-content\/uploads\/2020\/08\/16-1.jpg","contentUrl":"https:\/\/deliciaspersas.com\/wp-content\/uploads\/2020\/08\/16-1.jpg","width":760,"height":760,"caption":"Ajo en escabeche Sir torshi 650g Zoshk"},{"@type":"BreadcrumbList","@id":"https:\/\/deliciaspersas.com\/fa\/tienda\/encurtidos\/ajo-en-escabeche-sir-torshi-zoshk\/#breadcrumb","itemListElement":[{"@type":"ListItem","position":1,"name":"Portada","item":"https:\/\/deliciaspersas.com\/fa\/"},{"@type":"ListItem","position":2,"name":"Tienda","item":"https:\/\/deliciaspersas.com\/"},{"@type":"ListItem","position":3,"name":"Ajo en escabeche Sir torshi 650g Zoshk"}]},{"@type":"WebSite","@id":"https:\/\/deliciaspersas.com\/fa\/#website","url":"https:\/\/deliciaspersas.com\/fa\/","name":"Delicias Persas","description":"Gastronom&iacute;a persa al alcance de tus manos","publisher":{"@id":"https:\/\/deliciaspersas.com\/fa\/#organization"},"potentialAction":[{"@type":"SearchAction","target":{"@type":"EntryPoint","urlTemplate":"https:\/\/deliciaspersas.com\/fa\/?s={search_term_string}"},"query-input":{"@type":"PropertyValueSpecification","valueRequired":true,"valueName":"search_term_string"}}],"inLanguage":"fa-IR"},{"@type":"Organization","@id":"https:\/\/deliciaspersas.com\/fa\/#organization","name":"Delicias Persas","url":"https:\/\/deliciaspersas.com\/fa\/","logo":{"@type":"ImageObject","inLanguage":"fa-IR","@id":"https:\/\/deliciaspersas.com\/fa\/#\/schema\/logo\/image\/","url":"https:\/\/deliciaspersas.com\/wp-content\/uploads\/2020\/07\/logo-2020.png","contentUrl":"https:\/\/deliciaspersas.com\/wp-content\/uploads\/2020\/07\/logo-2020.png","width":520,"height":490,"caption":"Delicias Persas"},"image":{"@id":"https:\/\/deliciaspersas.com\/fa\/#\/schema\/logo\/image\/"},"sameAs":["https:\/\/www.facebook.com\/Deliciaspersas","https:\/\/www.instagram.com\/delicias_persas\/","https:\/\/www.linkedin.com\/delicias-persas"]}]}},"uagb_featured_image_src":{"full":["https:\/\/deliciaspersas.com\/wp-content\/uploads\/2020\/08\/16-1.jpg",760,760,false],"thumbnail":["https:\/\/deliciaspersas.com\/wp-content\/uploads\/2020\/08\/16-1-150x150.jpg",150,150,true],"medium":["https:\/\/deliciaspersas.com\/wp-content\/uploads\/2020\/08\/16-1-300x300.jpg",300,300,true],"medium_large":["https:\/\/deliciaspersas.com\/wp-content\/uploads\/2020\/08\/16-1.jpg",760,760,false],"large":["https:\/\/deliciaspersas.com\/wp-content\/uploads\/2020\/08\/16-1.jpg",760,760,false],"1536x1536":["https:\/\/deliciaspersas.com\/wp-content\/uploads\/2020\/08\/16-1.jpg",760,760,false],"2048x2048":["https:\/\/deliciaspersas.com\/wp-content\/uploads\/2020\/08\/16-1.jpg",760,760,false],"woocommerce_thumbnail":["https:\/\/deliciaspersas.com\/wp-content\/uploads\/2020\/08\/16-1-300x300.jpg",300,300,true],"woocommerce_single":["https:\/\/deliciaspersas.com\/wp-content\/uploads\/2020\/08\/16-1-600x600.jpg",600,600,true],"woocommerce_gallery_thumbnail":["https:\/\/deliciaspersas.com\/wp-content\/uploads\/2020\/08\/16-1-100x100.jpg",100,100,true]},"uagb_author_info":{"display_name":"ventas.dayan","author_link":"https:\/\/deliciaspersas.com\/fa\/author\/"},"uagb_comment_info":0,"uagb_excerpt":"Ajo en escabeche Sir torshi 650g Zoshk Informaci\u00f3n del producto: El ajo es mucho m\u00e1s que un condimento, es un ayuda a prevenir enfermedades cargado de propiedades nutritivas y beneficios para la salud. Usos: Platos variados, acompa\u00f1ante. Sir torshi. Beneficios: El\u00a0ajo\u00a0es un poderoso antioxidante con propiedades microbianas, antivirales y antibi\u00f3ticas. Para los resfriados y la&hellip;","brands":[{"id":67,"name":"Zoshk","slug":"zoshk"}],"_links":{"self":[{"href":"https:\/\/deliciaspersas.com\/fa\/wp-json\/wp\/v2\/product\/4074"}],"collection":[{"href":"https:\/\/deliciaspersas.com\/fa\/wp-json\/wp\/v2\/product"}],"about":[{"href":"https:\/\/deliciaspersas.com\/fa\/wp-json\/wp\/v2\/types\/product"}],"wp:featuredmedia":[{"embeddable":true,"href":"https:\/\/deliciaspersas.com\/fa\/wp-json\/wp\/v2\/media\/4238"}],"wp:attachment":[{"href":"https:\/\/deliciaspersas.com\/fa\/wp-json\/wp\/v2\/media?parent=4074"}],"wp:term":[{"taxonomy":"pwb-brand","embeddable":true,"href":"https:\/\/deliciaspersas.com\/fa\/wp-json\/wp\/v2\/pwb-brand?post=4074"},{"taxonomy":"product_cat","embeddable":true,"href":"https:\/\/deliciaspersas.com\/fa\/wp-json\/wp\/v2\/product_cat?post=4074"},{"taxonomy":"product_tag","embeddable":true,"href":"https:\/\/deliciaspersas.com\/fa\/wp-json\/wp\/v2\/product_tag?post=4074"}],"curies":[{"name":"wp","href":"https:\/\/api.w.org\/{rel}","templated":true}]}}