{"id":4103,"date":"2020-08-05T11:45:25","date_gmt":"2020-08-05T09:45:25","guid":{"rendered":"https:\/\/deliciaspersas.com\/?post_type=product&#038;p=4103"},"modified":"2024-08-06T14:06:44","modified_gmt":"2024-08-06T12:06:44","slug":"mermelada-de-membrillo-beh-behsaba","status":"publish","type":"product","link":"https:\/\/deliciaspersas.com\/fa\/tienda\/desayuno\/mermelada-de-membrillo-beh-behsaba\/","title":{"rendered":"Mermelada de membrillo Beh 330g Behsaba"},"content":{"rendered":"<h1>Mermelada de membrillo Beh 330g Behsaba<\/h1>\n<h6>Informaci\u00f3n del producto:<\/h6>\n<p>Mermelada de membrillo<\/p>\n<h6>Usos:<\/h6>\n<p>La mermelada de membrillo se emplea como aderezo en diversos platos o simplemente para desayunar!<\/p>\n<h6>Beneficios:<\/h6>\n<p>El membrillo tiene un alto nivel en gl\u00facidos.<\/p>\n<p>Posee un bajo aporte cal\u00f3rico. (s\u00f3lo 30 calor\u00edas por 100 gramos).<\/p>\n<p>Contienen vitaminas A, C, B1, B2 y B3.<\/p>\n<p>Entre los minerales destacan la presencia de potasio, f\u00f3sforo, hierro, calcio y sodio.<\/p>\n<p>Tiene un elevado contenido en fibra, pectinas y taninos.<\/p>\n<p>Al ser rica en\u00a0pectinas, esta fruta es muy adecuada para las personas que tengan niveles elevados de colesterol en la sangre.<\/p>\n<p>Efecto astringente y el acido m\u00e1lico tiene efecto desintoxicante y ayuda a\u00a0eliminar \u00e1cido \u00farico.<\/p>\n<p>Es expectorante. Puede ser un gran alivio para la\u00a0tos seca.<\/p>\n<p>Baja la hipertensi\u00f3n y combate la\u00a0retenci\u00f3n de l\u00edquidos.<\/p>\n<p>Por su aporte en fibra mejora el tr\u00e1nsito intestinal y\u00a0aumenta la sensaci\u00f3n de saciedad.<\/p>\n<p>Gracias a su aporte en potasio es ideal paraprevenir calambres\u00a0y regular el sistema nervioso.<\/p>\n<p>La\u00a0pectina\u00a0del membrillo maduro y del dulce de membrillo le otorga propiedades astringentes. Esta fibra, en contacto con el agua, crea un gel que retiene el agua, por lo que las heces l\u00edquidas propias de los procesos diarreicos mejoran, volvi\u00e9ndose m\u00e1s densas,\u00a0mejorando as\u00ed la diarrea. Adem\u00e1s,\u00a0los taninos\u00a0del membrillo tambi\u00e9n tienen propiedades\u00a0astringentes y antiinflamatorias, y ayudan a desinflamar la mucosa del intestino, potenciando el tratamiento frente a la diarrea.<\/p>\n<p>Su elevado contenido en potasio y bajo contenido en sodio puede hacer\u00a0disminuir los valores de hipertensi\u00f3n arterial\u00a0o afecciones de los vasos sangu\u00edneos, siempre que no se asocien al exceso de peso.<\/p>\n<div class=\"step\">\n<div class=\"paragraph\">\n<p><span style=\"font-size: 1.1em; font-weight: bold;\">Ingredientes y al\u00e9rgenos:<\/span><\/p>\n<\/div>\n<\/div>\n<p>La mermelada de membrillo contiene: membrillo, az\u00facar y lim\u00f3n.<\/p>\n<h6>Condiciones de conservaci\u00f3n:<\/h6>\n<p>Conservar en un lugar fresco, seco y protegido de la luz.<\/p>\n<h6>Informaci\u00f3n adicional:<\/h6>\n<p>Fabricado por: Behsaba<\/p>\n","protected":false},"excerpt":{"rendered":"<p>Mermelada de membrillo Beh 330g Behsaba Informaci\u00f3n del producto: Mermelada de membrillo Usos: La mermelada de membrillo se emplea como aderezo en diversos platos o simplemente para desayunar! Beneficios: El membrillo tiene un alto nivel en gl\u00facidos. Posee un bajo aporte cal\u00f3rico. (s\u00f3lo 30 calor\u00edas por 100 gramos). Contienen vitaminas A, C, B1, B2 y [&hellip;]<\/p>\n","protected":false},"featured_media":4231,"template":"","meta":{"_surecart_dashboard_logo_width":"180px","_surecart_dashboard_show_logo":true,"_surecart_dashboard_navigation_orders":true,"_surecart_dashboard_navigation_invoices":true,"_surecart_dashboard_navigation_subscriptions":true,"_surecart_dashboard_navigation_downloads":true,"_surecart_dashboard_navigation_billing":true,"_surecart_dashboard_navigation_account":true,"_uag_custom_page_level_css":"","site-sidebar-layout":"default","site-content-layout":"default","ast-site-content-layout":"default","site-content-style":"default","site-sidebar-style":"default","ast-global-header-display":"","ast-banner-title-visibility":"","ast-main-header-display":"","ast-hfb-above-header-display":"","ast-hfb-below-header-display":"","ast-hfb-mobile-header-display":"","site-post-title":"","ast-breadcrumbs-content":"","ast-featured-img":"","footer-sml-layout":"","theme-transparent-header-meta":"default","adv-header-id-meta":"","stick-header-meta":"","header-above-stick-meta":"","header-main-stick-meta":"","header-below-stick-meta":"","astra-migrate-meta-layouts":"set","ast-page-background-enabled":"default","ast-page-background-meta":{"desktop":{"background-color":"","background-image":"","background-repeat":"repeat","background-position":"center center","background-size":"auto","background-attachment":"scroll","background-type":"","background-media":"","overlay-type":"","overlay-color":"","overlay-opacity":"","overlay-gradient":""},"tablet":{"background-color":"","background-image":"","background-repeat":"repeat","background-position":"center center","background-size":"auto","background-attachment":"scroll","background-type":"","background-media":"","overlay-type":"","overlay-color":"","overlay-opacity":"","overlay-gradient":""},"mobile":{"background-color":"","background-image":"","background-repeat":"repeat","background-position":"center center","background-size":"auto","background-attachment":"scroll","background-type":"","background-media":"","overlay-type":"","overlay-color":"","overlay-opacity":"","overlay-gradient":""}},"ast-content-background-meta":{"desktop":{"background-color":"var(--ast-global-color-5)","background-image":"","background-repeat":"repeat","background-position":"center center","background-size":"auto","background-attachment":"scroll","background-type":"","background-media":"","overlay-type":"","overlay-color":"","overlay-opacity":"","overlay-gradient":""},"tablet":{"background-color":"var(--ast-global-color-5)","background-image":"","background-repeat":"repeat","background-position":"center center","background-size":"auto","background-attachment":"scroll","background-type":"","background-media":"","overlay-type":"","overlay-color":"","overlay-opacity":"","overlay-gradient":""},"mobile":{"background-color":"var(--ast-global-color-5)","background-image":"","background-repeat":"repeat","background-position":"center center","background-size":"auto","background-attachment":"scroll","background-type":"","background-media":"","overlay-type":"","overlay-color":"","overlay-opacity":"","overlay-gradient":""}}},"pwb-brand":[80],"product_cat":[36],"product_tag":[576,714,710,1180,336,1181],"class_list":{"0":"post-4103","1":"product","2":"type-product","3":"status-publish","4":"has-post-thumbnail","6":"pwb-brand-behsaba","7":"product_cat-desayuno","8":"product_tag-desayuno","9":"product_tag-membrillo","10":"product_tag-mermelada","11":"product_tag-1180","12":"product_tag-336","13":"product_tag-1181","14":"desktop-align-center","15":"tablet-align-center","16":"mobile-align-center","18":"first","19":"outofstock","20":"taxable","21":"shipping-taxable","22":"purchasable","23":"product-type-simple"},"yoast_head":"<!-- This site is optimized with the Yoast SEO plugin v23.6 - https:\/\/yoast.com\/wordpress\/plugins\/seo\/ -->\n<title>Mermelada de membrillo Beh 330g Behsaba - Delicias Persas<\/title>\n<meta name=\"description\" content=\"La mermelada de membrillo es utilizada como aderezo en diversos platos o simplemente para se emplea para desayunar!\" \/>\n<meta name=\"robots\" content=\"index, follow, max-snippet:-1, max-image-preview:large, max-video-preview:-1\" \/>\n<link rel=\"canonical\" href=\"https:\/\/deliciaspersas.com\/fa\/tienda\/desayuno\/mermelada-de-membrillo-beh-behsaba\/\" \/>\n<meta property=\"og:locale\" content=\"fa_IR\" \/>\n<meta property=\"og:type\" content=\"article\" \/>\n<meta property=\"og:title\" content=\"Mermelada de membrillo Beh 330g Behsaba - Delicias Persas\" \/>\n<meta property=\"og:description\" content=\"La mermelada de membrillo es utilizada como aderezo en diversos platos o simplemente para se emplea para desayunar!\" \/>\n<meta property=\"og:url\" content=\"https:\/\/deliciaspersas.com\/fa\/tienda\/desayuno\/mermelada-de-membrillo-beh-behsaba\/\" \/>\n<meta property=\"og:site_name\" content=\"Delicias Persas\" \/>\n<meta property=\"article:publisher\" content=\"https:\/\/www.facebook.com\/Deliciaspersas\" \/>\n<meta property=\"article:modified_time\" content=\"2024-08-06T12:06:44+00:00\" \/>\n<meta property=\"og:image\" content=\"https:\/\/deliciaspersas.com\/wp-content\/uploads\/2020\/07\/6-1.jpg\" \/>\n\t<meta property=\"og:image:width\" content=\"760\" \/>\n\t<meta property=\"og:image:height\" content=\"760\" \/>\n\t<meta property=\"og:image:type\" content=\"image\/jpeg\" \/>\n<meta name=\"twitter:card\" content=\"summary_large_image\" \/>\n<meta name=\"twitter:label1\" content=\"\u0632\u0645\u0627\u0646 \u062a\u0642\u0631\u06cc\u0628\u06cc \u0628\u0631\u0627\u06cc \u062e\u0648\u0627\u0646\u062f\u0646\" \/>\n\t<meta name=\"twitter:data1\" content=\"2 \u062f\u0642\u06cc\u0642\u0647\" \/>\n<script type=\"application\/ld+json\" class=\"yoast-schema-graph\">{\"@context\":\"https:\/\/schema.org\",\"@graph\":[{\"@type\":\"WebPage\",\"@id\":\"https:\/\/deliciaspersas.com\/fa\/tienda\/desayuno\/mermelada-de-membrillo-beh-behsaba\/\",\"url\":\"https:\/\/deliciaspersas.com\/fa\/tienda\/desayuno\/mermelada-de-membrillo-beh-behsaba\/\",\"name\":\"Mermelada de membrillo Beh 330g Behsaba - Delicias Persas\",\"isPartOf\":{\"@id\":\"https:\/\/deliciaspersas.com\/fa\/#website\"},\"primaryImageOfPage\":{\"@id\":\"https:\/\/deliciaspersas.com\/fa\/tienda\/desayuno\/mermelada-de-membrillo-beh-behsaba\/#primaryimage\"},\"image\":{\"@id\":\"https:\/\/deliciaspersas.com\/fa\/tienda\/desayuno\/mermelada-de-membrillo-beh-behsaba\/#primaryimage\"},\"thumbnailUrl\":\"https:\/\/deliciaspersas.com\/wp-content\/uploads\/2020\/07\/6-1.jpg\",\"datePublished\":\"2020-08-05T09:45:25+00:00\",\"dateModified\":\"2024-08-06T12:06:44+00:00\",\"description\":\"La mermelada de membrillo es utilizada como aderezo en diversos platos o simplemente para se emplea para desayunar!\",\"breadcrumb\":{\"@id\":\"https:\/\/deliciaspersas.com\/fa\/tienda\/desayuno\/mermelada-de-membrillo-beh-behsaba\/#breadcrumb\"},\"inLanguage\":\"fa-IR\",\"potentialAction\":[{\"@type\":\"ReadAction\",\"target\":[\"https:\/\/deliciaspersas.com\/fa\/tienda\/desayuno\/mermelada-de-membrillo-beh-behsaba\/\"]}]},{\"@type\":\"ImageObject\",\"inLanguage\":\"fa-IR\",\"@id\":\"https:\/\/deliciaspersas.com\/fa\/tienda\/desayuno\/mermelada-de-membrillo-beh-behsaba\/#primaryimage\",\"url\":\"https:\/\/deliciaspersas.com\/wp-content\/uploads\/2020\/07\/6-1.jpg\",\"contentUrl\":\"https:\/\/deliciaspersas.com\/wp-content\/uploads\/2020\/07\/6-1.jpg\",\"width\":760,\"height\":760},{\"@type\":\"BreadcrumbList\",\"@id\":\"https:\/\/deliciaspersas.com\/fa\/tienda\/desayuno\/mermelada-de-membrillo-beh-behsaba\/#breadcrumb\",\"itemListElement\":[{\"@type\":\"ListItem\",\"position\":1,\"name\":\"Portada\",\"item\":\"https:\/\/deliciaspersas.com\/fa\/\"},{\"@type\":\"ListItem\",\"position\":2,\"name\":\"Tienda\",\"item\":\"https:\/\/deliciaspersas.com\/\"},{\"@type\":\"ListItem\",\"position\":3,\"name\":\"Mermelada de membrillo Beh 330g Behsaba\"}]},{\"@type\":\"WebSite\",\"@id\":\"https:\/\/deliciaspersas.com\/fa\/#website\",\"url\":\"https:\/\/deliciaspersas.com\/fa\/\",\"name\":\"Delicias Persas\",\"description\":\"Gastronom&iacute;a persa al alcance de tus manos\",\"publisher\":{\"@id\":\"https:\/\/deliciaspersas.com\/fa\/#organization\"},\"potentialAction\":[{\"@type\":\"SearchAction\",\"target\":{\"@type\":\"EntryPoint\",\"urlTemplate\":\"https:\/\/deliciaspersas.com\/fa\/?s={search_term_string}\"},\"query-input\":{\"@type\":\"PropertyValueSpecification\",\"valueRequired\":true,\"valueName\":\"search_term_string\"}}],\"inLanguage\":\"fa-IR\"},{\"@type\":\"Organization\",\"@id\":\"https:\/\/deliciaspersas.com\/fa\/#organization\",\"name\":\"Delicias Persas\",\"url\":\"https:\/\/deliciaspersas.com\/fa\/\",\"logo\":{\"@type\":\"ImageObject\",\"inLanguage\":\"fa-IR\",\"@id\":\"https:\/\/deliciaspersas.com\/fa\/#\/schema\/logo\/image\/\",\"url\":\"https:\/\/deliciaspersas.com\/wp-content\/uploads\/2020\/07\/logo-2020.png\",\"contentUrl\":\"https:\/\/deliciaspersas.com\/wp-content\/uploads\/2020\/07\/logo-2020.png\",\"width\":520,\"height\":490,\"caption\":\"Delicias Persas\"},\"image\":{\"@id\":\"https:\/\/deliciaspersas.com\/fa\/#\/schema\/logo\/image\/\"},\"sameAs\":[\"https:\/\/www.facebook.com\/Deliciaspersas\",\"https:\/\/www.instagram.com\/delicias_persas\/\",\"https:\/\/www.linkedin.com\/delicias-persas\"]}]}<\/script>\n<!-- \/ Yoast SEO plugin. -->","yoast_head_json":{"title":"Mermelada de membrillo Beh 330g Behsaba - Delicias Persas","description":"La mermelada de membrillo es utilizada como aderezo en diversos platos o simplemente para se emplea para desayunar!","robots":{"index":"index","follow":"follow","max-snippet":"max-snippet:-1","max-image-preview":"max-image-preview:large","max-video-preview":"max-video-preview:-1"},"canonical":"https:\/\/deliciaspersas.com\/fa\/tienda\/desayuno\/mermelada-de-membrillo-beh-behsaba\/","og_locale":"fa_IR","og_type":"article","og_title":"Mermelada de membrillo Beh 330g Behsaba - Delicias Persas","og_description":"La mermelada de membrillo es utilizada como aderezo en diversos platos o simplemente para se emplea para desayunar!","og_url":"https:\/\/deliciaspersas.com\/fa\/tienda\/desayuno\/mermelada-de-membrillo-beh-behsaba\/","og_site_name":"Delicias Persas","article_publisher":"https:\/\/www.facebook.com\/Deliciaspersas","article_modified_time":"2024-08-06T12:06:44+00:00","og_image":[{"width":760,"height":760,"url":"https:\/\/deliciaspersas.com\/wp-content\/uploads\/2020\/07\/6-1.jpg","type":"image\/jpeg"}],"twitter_card":"summary_large_image","twitter_misc":{"\u0632\u0645\u0627\u0646 \u062a\u0642\u0631\u06cc\u0628\u06cc \u0628\u0631\u0627\u06cc \u062e\u0648\u0627\u0646\u062f\u0646":"2 \u062f\u0642\u06cc\u0642\u0647"},"schema":{"@context":"https:\/\/schema.org","@graph":[{"@type":"WebPage","@id":"https:\/\/deliciaspersas.com\/fa\/tienda\/desayuno\/mermelada-de-membrillo-beh-behsaba\/","url":"https:\/\/deliciaspersas.com\/fa\/tienda\/desayuno\/mermelada-de-membrillo-beh-behsaba\/","name":"Mermelada de membrillo Beh 330g Behsaba - Delicias Persas","isPartOf":{"@id":"https:\/\/deliciaspersas.com\/fa\/#website"},"primaryImageOfPage":{"@id":"https:\/\/deliciaspersas.com\/fa\/tienda\/desayuno\/mermelada-de-membrillo-beh-behsaba\/#primaryimage"},"image":{"@id":"https:\/\/deliciaspersas.com\/fa\/tienda\/desayuno\/mermelada-de-membrillo-beh-behsaba\/#primaryimage"},"thumbnailUrl":"https:\/\/deliciaspersas.com\/wp-content\/uploads\/2020\/07\/6-1.jpg","datePublished":"2020-08-05T09:45:25+00:00","dateModified":"2024-08-06T12:06:44+00:00","description":"La mermelada de membrillo es utilizada como aderezo en diversos platos o simplemente para se emplea para desayunar!","breadcrumb":{"@id":"https:\/\/deliciaspersas.com\/fa\/tienda\/desayuno\/mermelada-de-membrillo-beh-behsaba\/#breadcrumb"},"inLanguage":"fa-IR","potentialAction":[{"@type":"ReadAction","target":["https:\/\/deliciaspersas.com\/fa\/tienda\/desayuno\/mermelada-de-membrillo-beh-behsaba\/"]}]},{"@type":"ImageObject","inLanguage":"fa-IR","@id":"https:\/\/deliciaspersas.com\/fa\/tienda\/desayuno\/mermelada-de-membrillo-beh-behsaba\/#primaryimage","url":"https:\/\/deliciaspersas.com\/wp-content\/uploads\/2020\/07\/6-1.jpg","contentUrl":"https:\/\/deliciaspersas.com\/wp-content\/uploads\/2020\/07\/6-1.jpg","width":760,"height":760},{"@type":"BreadcrumbList","@id":"https:\/\/deliciaspersas.com\/fa\/tienda\/desayuno\/mermelada-de-membrillo-beh-behsaba\/#breadcrumb","itemListElement":[{"@type":"ListItem","position":1,"name":"Portada","item":"https:\/\/deliciaspersas.com\/fa\/"},{"@type":"ListItem","position":2,"name":"Tienda","item":"https:\/\/deliciaspersas.com\/"},{"@type":"ListItem","position":3,"name":"Mermelada de membrillo Beh 330g Behsaba"}]},{"@type":"WebSite","@id":"https:\/\/deliciaspersas.com\/fa\/#website","url":"https:\/\/deliciaspersas.com\/fa\/","name":"Delicias Persas","description":"Gastronom&iacute;a persa al alcance de tus manos","publisher":{"@id":"https:\/\/deliciaspersas.com\/fa\/#organization"},"potentialAction":[{"@type":"SearchAction","target":{"@type":"EntryPoint","urlTemplate":"https:\/\/deliciaspersas.com\/fa\/?s={search_term_string}"},"query-input":{"@type":"PropertyValueSpecification","valueRequired":true,"valueName":"search_term_string"}}],"inLanguage":"fa-IR"},{"@type":"Organization","@id":"https:\/\/deliciaspersas.com\/fa\/#organization","name":"Delicias Persas","url":"https:\/\/deliciaspersas.com\/fa\/","logo":{"@type":"ImageObject","inLanguage":"fa-IR","@id":"https:\/\/deliciaspersas.com\/fa\/#\/schema\/logo\/image\/","url":"https:\/\/deliciaspersas.com\/wp-content\/uploads\/2020\/07\/logo-2020.png","contentUrl":"https:\/\/deliciaspersas.com\/wp-content\/uploads\/2020\/07\/logo-2020.png","width":520,"height":490,"caption":"Delicias Persas"},"image":{"@id":"https:\/\/deliciaspersas.com\/fa\/#\/schema\/logo\/image\/"},"sameAs":["https:\/\/www.facebook.com\/Deliciaspersas","https:\/\/www.instagram.com\/delicias_persas\/","https:\/\/www.linkedin.com\/delicias-persas"]}]}},"uagb_featured_image_src":{"full":["https:\/\/deliciaspersas.com\/wp-content\/uploads\/2020\/07\/6-1.jpg",760,760,false],"thumbnail":["https:\/\/deliciaspersas.com\/wp-content\/uploads\/2020\/07\/6-1-150x150.jpg",150,150,true],"medium":["https:\/\/deliciaspersas.com\/wp-content\/uploads\/2020\/07\/6-1-300x300.jpg",300,300,true],"medium_large":["https:\/\/deliciaspersas.com\/wp-content\/uploads\/2020\/07\/6-1.jpg",760,760,false],"large":["https:\/\/deliciaspersas.com\/wp-content\/uploads\/2020\/07\/6-1.jpg",760,760,false],"1536x1536":["https:\/\/deliciaspersas.com\/wp-content\/uploads\/2020\/07\/6-1.jpg",760,760,false],"2048x2048":["https:\/\/deliciaspersas.com\/wp-content\/uploads\/2020\/07\/6-1.jpg",760,760,false],"woocommerce_thumbnail":["https:\/\/deliciaspersas.com\/wp-content\/uploads\/2020\/07\/6-1-300x300.jpg",300,300,true],"woocommerce_single":["https:\/\/deliciaspersas.com\/wp-content\/uploads\/2020\/07\/6-1-600x600.jpg",600,600,true],"woocommerce_gallery_thumbnail":["https:\/\/deliciaspersas.com\/wp-content\/uploads\/2020\/07\/6-1-100x100.jpg",100,100,true]},"uagb_author_info":{"display_name":"ventas.dayan","author_link":"https:\/\/deliciaspersas.com\/fa\/author\/"},"uagb_comment_info":0,"uagb_excerpt":"Mermelada de membrillo Beh 330g Behsaba Informaci\u00f3n del producto: Mermelada de membrillo Usos: La mermelada de membrillo se emplea como aderezo en diversos platos o simplemente para desayunar! Beneficios: El membrillo tiene un alto nivel en gl\u00facidos. Posee un bajo aporte cal\u00f3rico. (s\u00f3lo 30 calor\u00edas por 100 gramos). Contienen vitaminas A, C, B1, B2 y&hellip;","brands":[{"id":80,"name":"Behsaba","slug":"behsaba"}],"_links":{"self":[{"href":"https:\/\/deliciaspersas.com\/fa\/wp-json\/wp\/v2\/product\/4103"}],"collection":[{"href":"https:\/\/deliciaspersas.com\/fa\/wp-json\/wp\/v2\/product"}],"about":[{"href":"https:\/\/deliciaspersas.com\/fa\/wp-json\/wp\/v2\/types\/product"}],"wp:featuredmedia":[{"embeddable":true,"href":"https:\/\/deliciaspersas.com\/fa\/wp-json\/wp\/v2\/media\/4231"}],"wp:attachment":[{"href":"https:\/\/deliciaspersas.com\/fa\/wp-json\/wp\/v2\/media?parent=4103"}],"wp:term":[{"taxonomy":"pwb-brand","embeddable":true,"href":"https:\/\/deliciaspersas.com\/fa\/wp-json\/wp\/v2\/pwb-brand?post=4103"},{"taxonomy":"product_cat","embeddable":true,"href":"https:\/\/deliciaspersas.com\/fa\/wp-json\/wp\/v2\/product_cat?post=4103"},{"taxonomy":"product_tag","embeddable":true,"href":"https:\/\/deliciaspersas.com\/fa\/wp-json\/wp\/v2\/product_tag?post=4103"}],"curies":[{"name":"wp","href":"https:\/\/api.w.org\/{rel}","templated":true}]}}