{"id":4104,"date":"2020-08-13T13:21:12","date_gmt":"2020-08-13T11:21:12","guid":{"rendered":"https:\/\/deliciaspersas.com\/?post_type=product&#038;p=4104"},"modified":"2024-06-26T17:54:39","modified_gmt":"2024-06-26T15:54:39","slug":"mermelada-de-rosa-esalat","status":"publish","type":"product","link":"https:\/\/deliciaspersas.com\/fa\/tienda\/desayuno\/mermelada-de-rosa-esalat\/","title":{"rendered":"Mermelada de rosas 330g Behsaba"},"content":{"rendered":"<h1>Mermelada de rosas 330g Behsaba<\/h1>\n<h6>Informaci\u00f3n del producto:<\/h6>\n<p>Mermelada de rosa.<\/p>\n<h6>Usos:<\/h6>\n<p>La mermelada de rosa se emplea como aderezo en diversos platos o simplemente para desayunar!<\/p>\n<h6>Beneficios:<\/h6>\n<p>P\u00e9talos de rosa, ingrediente principal de la mermelada de rosa, alivian la tos cr\u00f3nica, trate el dolor abdominal y los problemas digestivos, reduzca el sangrado menstrual y alivie la inflamaci\u00f3n y las alergias en el cuerpo.<\/p>\n<p>Adem\u00e1s de la vitamina C en esta flor, existen sustancias como la quercetina y el \u00e1cido el\u00e1gico que se pueden usar para reparar el da\u00f1o celular del cuerpo y proteger contra enfermedades como problemas cardiovasculares, osteoporosis y prevenci\u00f3n del c\u00e1ncer.<\/p>\n<p>los p\u00e9talos de rosa contienen vitaminas y antioxidantes que son \u00fatiles para el cuerpo, incluida la vitamina C, y se pueden usar para tratar problemas de la piel como el acn\u00e9 y eliminar varias imperfecciones y arrugas de la piel.<\/p>\n<p>La soluci\u00f3n de agua de rosas obtenida de esta flor junto con el agua, es un exfoliante muy \u00fatil para pelar la piel, eliminar arrugas, desmaquillar y eliminar alergias cut\u00e1neas.<\/p>\n<p>Beber t\u00e9 con p\u00e9talos de rosa tambi\u00e9n puede reducir las arrugas de la piel y aumentar la producci\u00f3n de col\u00e1geno de la piel, manteniendo as\u00ed la frescura y la juventud de la piel.<\/p>\n<p>El t\u00e9 con p\u00e9talos de rosa tambi\u00e9n se puede utilizar para tratar infecciones del tracto urinario, inflamaci\u00f3n e infecciones de la vejiga.<\/p>\n<p>El consumo de este producto estimula el sistema inmunol\u00f3gico y, por lo tanto, protege a una persona de enfermedades como resfriados, dolores de garganta y gripe.<\/p>\n<p>La limpieza del h\u00edgado y la ves\u00edcula biliar es otro beneficio de beber t\u00e9 con p\u00e9talos de rosa, las mujeres posmenop\u00e1usicas tambi\u00e9n pueden usarlo para reducir los s\u00edntomas y problemas de este per\u00edodo, incluidos los sofocos.<\/p>\n<h6>Ingredientes y al\u00e9rgenos:<\/h6>\n<p>La mermelada de rosa se realiza con p\u00e9talos de rosa de cultivo ecol\u00f3gico.<\/p>\n<h6>Condiciones de conservaci\u00f3n:<\/h6>\n<p>Conservar en un lugar fresco, seco y protegido de la luz.<\/p>\n<h6>Informaci\u00f3n adicional:<\/h6>\n<p>Fabricado por: Behsaba.<\/p>\n","protected":false},"excerpt":{"rendered":"<p>Mermelada de rosas 330g Behsaba Informaci\u00f3n del producto: Mermelada de rosa. Usos: La mermelada de rosa se emplea como aderezo en diversos platos o simplemente para desayunar! Beneficios: P\u00e9talos de rosa, ingrediente principal de la mermelada de rosa, alivian la tos cr\u00f3nica, trate el dolor abdominal y los problemas digestivos, reduzca el sangrado menstrual y [&hellip;]<\/p>\n","protected":false},"featured_media":4446,"template":"","meta":{"_surecart_dashboard_logo_width":"180px","_surecart_dashboard_show_logo":true,"_surecart_dashboard_navigation_orders":true,"_surecart_dashboard_navigation_invoices":true,"_surecart_dashboard_navigation_subscriptions":true,"_surecart_dashboard_navigation_downloads":true,"_surecart_dashboard_navigation_billing":true,"_surecart_dashboard_navigation_account":true,"_uag_custom_page_level_css":"","site-sidebar-layout":"default","site-content-layout":"default","ast-site-content-layout":"default","site-content-style":"default","site-sidebar-style":"default","ast-global-header-display":"","ast-banner-title-visibility":"","ast-main-header-display":"","ast-hfb-above-header-display":"","ast-hfb-below-header-display":"","ast-hfb-mobile-header-display":"","site-post-title":"","ast-breadcrumbs-content":"","ast-featured-img":"","footer-sml-layout":"","theme-transparent-header-meta":"default","adv-header-id-meta":"","stick-header-meta":"","header-above-stick-meta":"","header-main-stick-meta":"","header-below-stick-meta":"","astra-migrate-meta-layouts":"set","ast-page-background-enabled":"default","ast-page-background-meta":{"desktop":{"background-color":"","background-image":"","background-repeat":"repeat","background-position":"center center","background-size":"auto","background-attachment":"scroll","background-type":"","background-media":"","overlay-type":"","overlay-color":"","overlay-opacity":"","overlay-gradient":""},"tablet":{"background-color":"","background-image":"","background-repeat":"repeat","background-position":"center center","background-size":"auto","background-attachment":"scroll","background-type":"","background-media":"","overlay-type":"","overlay-color":"","overlay-opacity":"","overlay-gradient":""},"mobile":{"background-color":"","background-image":"","background-repeat":"repeat","background-position":"center center","background-size":"auto","background-attachment":"scroll","background-type":"","background-media":"","overlay-type":"","overlay-color":"","overlay-opacity":"","overlay-gradient":""}},"ast-content-background-meta":{"desktop":{"background-color":"var(--ast-global-color-5)","background-image":"","background-repeat":"repeat","background-position":"center center","background-size":"auto","background-attachment":"scroll","background-type":"","background-media":"","overlay-type":"","overlay-color":"","overlay-opacity":"","overlay-gradient":""},"tablet":{"background-color":"var(--ast-global-color-5)","background-image":"","background-repeat":"repeat","background-position":"center center","background-size":"auto","background-attachment":"scroll","background-type":"","background-media":"","overlay-type":"","overlay-color":"","overlay-opacity":"","overlay-gradient":""},"mobile":{"background-color":"var(--ast-global-color-5)","background-image":"","background-repeat":"repeat","background-position":"center center","background-size":"auto","background-attachment":"scroll","background-type":"","background-media":"","overlay-type":"","overlay-color":"","overlay-opacity":"","overlay-gradient":""}}},"pwb-brand":[80],"product_cat":[36],"product_tag":[576,710,712,336],"class_list":{"0":"post-4104","1":"product","2":"type-product","3":"status-publish","4":"has-post-thumbnail","6":"pwb-brand-behsaba","7":"product_cat-desayuno","8":"product_tag-desayuno","9":"product_tag-mermelada","10":"product_tag-rosas","11":"product_tag-336","12":"desktop-align-center","13":"tablet-align-center","14":"mobile-align-center","16":"first","17":"outofstock","18":"taxable","19":"shipping-taxable","20":"purchasable","21":"product-type-simple"},"yoast_head":"<!-- This site is optimized with the Yoast SEO plugin v23.6 - https:\/\/yoast.com\/wordpress\/plugins\/seo\/ -->\n<title>Mermelada de rosas 330g Behsaba - Delicias Persas<\/title>\n<meta name=\"description\" content=\"La mermelada de rosa de cultivo ecol\u00f3gico se emplea como aderezo en diversos platos o simplemente para desayunar!\" \/>\n<meta name=\"robots\" content=\"index, follow, max-snippet:-1, max-image-preview:large, max-video-preview:-1\" \/>\n<link rel=\"canonical\" href=\"https:\/\/deliciaspersas.com\/fa\/tienda\/desayuno\/mermelada-de-rosa-esalat\/\" \/>\n<meta property=\"og:locale\" content=\"fa_IR\" \/>\n<meta property=\"og:type\" content=\"article\" \/>\n<meta property=\"og:title\" content=\"Mermelada de rosas 330g Behsaba - Delicias Persas\" \/>\n<meta property=\"og:description\" content=\"La mermelada de rosa de cultivo ecol\u00f3gico se emplea como aderezo en diversos platos o simplemente para desayunar!\" \/>\n<meta property=\"og:url\" content=\"https:\/\/deliciaspersas.com\/fa\/tienda\/desayuno\/mermelada-de-rosa-esalat\/\" \/>\n<meta property=\"og:site_name\" content=\"Delicias Persas\" \/>\n<meta property=\"article:publisher\" content=\"https:\/\/www.facebook.com\/Deliciaspersas\" \/>\n<meta property=\"article:modified_time\" content=\"2024-06-26T15:54:39+00:00\" \/>\n<meta property=\"og:image\" content=\"https:\/\/deliciaspersas.com\/wp-content\/uploads\/2020\/08\/Mermelada-de-rosa-330g-Behsaba.jpg\" \/>\n\t<meta property=\"og:image:width\" content=\"760\" \/>\n\t<meta property=\"og:image:height\" content=\"760\" \/>\n\t<meta property=\"og:image:type\" content=\"image\/jpeg\" \/>\n<meta name=\"twitter:card\" content=\"summary_large_image\" \/>\n<meta name=\"twitter:label1\" content=\"\u0632\u0645\u0627\u0646 \u062a\u0642\u0631\u06cc\u0628\u06cc \u0628\u0631\u0627\u06cc \u062e\u0648\u0627\u0646\u062f\u0646\" \/>\n\t<meta name=\"twitter:data1\" content=\"2 \u062f\u0642\u06cc\u0642\u0647\" \/>\n<script type=\"application\/ld+json\" class=\"yoast-schema-graph\">{\"@context\":\"https:\/\/schema.org\",\"@graph\":[{\"@type\":\"WebPage\",\"@id\":\"https:\/\/deliciaspersas.com\/fa\/tienda\/desayuno\/mermelada-de-rosa-esalat\/\",\"url\":\"https:\/\/deliciaspersas.com\/fa\/tienda\/desayuno\/mermelada-de-rosa-esalat\/\",\"name\":\"Mermelada de rosas 330g Behsaba - Delicias Persas\",\"isPartOf\":{\"@id\":\"https:\/\/deliciaspersas.com\/fa\/#website\"},\"primaryImageOfPage\":{\"@id\":\"https:\/\/deliciaspersas.com\/fa\/tienda\/desayuno\/mermelada-de-rosa-esalat\/#primaryimage\"},\"image\":{\"@id\":\"https:\/\/deliciaspersas.com\/fa\/tienda\/desayuno\/mermelada-de-rosa-esalat\/#primaryimage\"},\"thumbnailUrl\":\"https:\/\/deliciaspersas.com\/wp-content\/uploads\/2020\/08\/Mermelada-de-rosa-330g-Behsaba.jpg\",\"datePublished\":\"2020-08-13T11:21:12+00:00\",\"dateModified\":\"2024-06-26T15:54:39+00:00\",\"description\":\"La mermelada de rosa de cultivo ecol\u00f3gico se emplea como aderezo en diversos platos o simplemente para desayunar!\",\"breadcrumb\":{\"@id\":\"https:\/\/deliciaspersas.com\/fa\/tienda\/desayuno\/mermelada-de-rosa-esalat\/#breadcrumb\"},\"inLanguage\":\"fa-IR\",\"potentialAction\":[{\"@type\":\"ReadAction\",\"target\":[\"https:\/\/deliciaspersas.com\/fa\/tienda\/desayuno\/mermelada-de-rosa-esalat\/\"]}]},{\"@type\":\"ImageObject\",\"inLanguage\":\"fa-IR\",\"@id\":\"https:\/\/deliciaspersas.com\/fa\/tienda\/desayuno\/mermelada-de-rosa-esalat\/#primaryimage\",\"url\":\"https:\/\/deliciaspersas.com\/wp-content\/uploads\/2020\/08\/Mermelada-de-rosa-330g-Behsaba.jpg\",\"contentUrl\":\"https:\/\/deliciaspersas.com\/wp-content\/uploads\/2020\/08\/Mermelada-de-rosa-330g-Behsaba.jpg\",\"width\":760,\"height\":760,\"caption\":\"Mermelada de rosa 330g Behsaba\"},{\"@type\":\"BreadcrumbList\",\"@id\":\"https:\/\/deliciaspersas.com\/fa\/tienda\/desayuno\/mermelada-de-rosa-esalat\/#breadcrumb\",\"itemListElement\":[{\"@type\":\"ListItem\",\"position\":1,\"name\":\"Portada\",\"item\":\"https:\/\/deliciaspersas.com\/fa\/\"},{\"@type\":\"ListItem\",\"position\":2,\"name\":\"Tienda\",\"item\":\"https:\/\/deliciaspersas.com\/\"},{\"@type\":\"ListItem\",\"position\":3,\"name\":\"Mermelada de rosas 330g Behsaba\"}]},{\"@type\":\"WebSite\",\"@id\":\"https:\/\/deliciaspersas.com\/fa\/#website\",\"url\":\"https:\/\/deliciaspersas.com\/fa\/\",\"name\":\"Delicias Persas\",\"description\":\"Gastronom&iacute;a persa al alcance de tus manos\",\"publisher\":{\"@id\":\"https:\/\/deliciaspersas.com\/fa\/#organization\"},\"potentialAction\":[{\"@type\":\"SearchAction\",\"target\":{\"@type\":\"EntryPoint\",\"urlTemplate\":\"https:\/\/deliciaspersas.com\/fa\/?s={search_term_string}\"},\"query-input\":{\"@type\":\"PropertyValueSpecification\",\"valueRequired\":true,\"valueName\":\"search_term_string\"}}],\"inLanguage\":\"fa-IR\"},{\"@type\":\"Organization\",\"@id\":\"https:\/\/deliciaspersas.com\/fa\/#organization\",\"name\":\"Delicias Persas\",\"url\":\"https:\/\/deliciaspersas.com\/fa\/\",\"logo\":{\"@type\":\"ImageObject\",\"inLanguage\":\"fa-IR\",\"@id\":\"https:\/\/deliciaspersas.com\/fa\/#\/schema\/logo\/image\/\",\"url\":\"https:\/\/deliciaspersas.com\/wp-content\/uploads\/2020\/07\/logo-2020.png\",\"contentUrl\":\"https:\/\/deliciaspersas.com\/wp-content\/uploads\/2020\/07\/logo-2020.png\",\"width\":520,\"height\":490,\"caption\":\"Delicias Persas\"},\"image\":{\"@id\":\"https:\/\/deliciaspersas.com\/fa\/#\/schema\/logo\/image\/\"},\"sameAs\":[\"https:\/\/www.facebook.com\/Deliciaspersas\",\"https:\/\/www.instagram.com\/delicias_persas\/\",\"https:\/\/www.linkedin.com\/delicias-persas\"]}]}<\/script>\n<!-- \/ Yoast SEO plugin. -->","yoast_head_json":{"title":"Mermelada de rosas 330g Behsaba - Delicias Persas","description":"La mermelada de rosa de cultivo ecol\u00f3gico se emplea como aderezo en diversos platos o simplemente para desayunar!","robots":{"index":"index","follow":"follow","max-snippet":"max-snippet:-1","max-image-preview":"max-image-preview:large","max-video-preview":"max-video-preview:-1"},"canonical":"https:\/\/deliciaspersas.com\/fa\/tienda\/desayuno\/mermelada-de-rosa-esalat\/","og_locale":"fa_IR","og_type":"article","og_title":"Mermelada de rosas 330g Behsaba - Delicias Persas","og_description":"La mermelada de rosa de cultivo ecol\u00f3gico se emplea como aderezo en diversos platos o simplemente para desayunar!","og_url":"https:\/\/deliciaspersas.com\/fa\/tienda\/desayuno\/mermelada-de-rosa-esalat\/","og_site_name":"Delicias Persas","article_publisher":"https:\/\/www.facebook.com\/Deliciaspersas","article_modified_time":"2024-06-26T15:54:39+00:00","og_image":[{"width":760,"height":760,"url":"https:\/\/deliciaspersas.com\/wp-content\/uploads\/2020\/08\/Mermelada-de-rosa-330g-Behsaba.jpg","type":"image\/jpeg"}],"twitter_card":"summary_large_image","twitter_misc":{"\u0632\u0645\u0627\u0646 \u062a\u0642\u0631\u06cc\u0628\u06cc \u0628\u0631\u0627\u06cc \u062e\u0648\u0627\u0646\u062f\u0646":"2 \u062f\u0642\u06cc\u0642\u0647"},"schema":{"@context":"https:\/\/schema.org","@graph":[{"@type":"WebPage","@id":"https:\/\/deliciaspersas.com\/fa\/tienda\/desayuno\/mermelada-de-rosa-esalat\/","url":"https:\/\/deliciaspersas.com\/fa\/tienda\/desayuno\/mermelada-de-rosa-esalat\/","name":"Mermelada de rosas 330g Behsaba - Delicias Persas","isPartOf":{"@id":"https:\/\/deliciaspersas.com\/fa\/#website"},"primaryImageOfPage":{"@id":"https:\/\/deliciaspersas.com\/fa\/tienda\/desayuno\/mermelada-de-rosa-esalat\/#primaryimage"},"image":{"@id":"https:\/\/deliciaspersas.com\/fa\/tienda\/desayuno\/mermelada-de-rosa-esalat\/#primaryimage"},"thumbnailUrl":"https:\/\/deliciaspersas.com\/wp-content\/uploads\/2020\/08\/Mermelada-de-rosa-330g-Behsaba.jpg","datePublished":"2020-08-13T11:21:12+00:00","dateModified":"2024-06-26T15:54:39+00:00","description":"La mermelada de rosa de cultivo ecol\u00f3gico se emplea como aderezo en diversos platos o simplemente para desayunar!","breadcrumb":{"@id":"https:\/\/deliciaspersas.com\/fa\/tienda\/desayuno\/mermelada-de-rosa-esalat\/#breadcrumb"},"inLanguage":"fa-IR","potentialAction":[{"@type":"ReadAction","target":["https:\/\/deliciaspersas.com\/fa\/tienda\/desayuno\/mermelada-de-rosa-esalat\/"]}]},{"@type":"ImageObject","inLanguage":"fa-IR","@id":"https:\/\/deliciaspersas.com\/fa\/tienda\/desayuno\/mermelada-de-rosa-esalat\/#primaryimage","url":"https:\/\/deliciaspersas.com\/wp-content\/uploads\/2020\/08\/Mermelada-de-rosa-330g-Behsaba.jpg","contentUrl":"https:\/\/deliciaspersas.com\/wp-content\/uploads\/2020\/08\/Mermelada-de-rosa-330g-Behsaba.jpg","width":760,"height":760,"caption":"Mermelada de rosa 330g Behsaba"},{"@type":"BreadcrumbList","@id":"https:\/\/deliciaspersas.com\/fa\/tienda\/desayuno\/mermelada-de-rosa-esalat\/#breadcrumb","itemListElement":[{"@type":"ListItem","position":1,"name":"Portada","item":"https:\/\/deliciaspersas.com\/fa\/"},{"@type":"ListItem","position":2,"name":"Tienda","item":"https:\/\/deliciaspersas.com\/"},{"@type":"ListItem","position":3,"name":"Mermelada de rosas 330g Behsaba"}]},{"@type":"WebSite","@id":"https:\/\/deliciaspersas.com\/fa\/#website","url":"https:\/\/deliciaspersas.com\/fa\/","name":"Delicias Persas","description":"Gastronom&iacute;a persa al alcance de tus manos","publisher":{"@id":"https:\/\/deliciaspersas.com\/fa\/#organization"},"potentialAction":[{"@type":"SearchAction","target":{"@type":"EntryPoint","urlTemplate":"https:\/\/deliciaspersas.com\/fa\/?s={search_term_string}"},"query-input":{"@type":"PropertyValueSpecification","valueRequired":true,"valueName":"search_term_string"}}],"inLanguage":"fa-IR"},{"@type":"Organization","@id":"https:\/\/deliciaspersas.com\/fa\/#organization","name":"Delicias Persas","url":"https:\/\/deliciaspersas.com\/fa\/","logo":{"@type":"ImageObject","inLanguage":"fa-IR","@id":"https:\/\/deliciaspersas.com\/fa\/#\/schema\/logo\/image\/","url":"https:\/\/deliciaspersas.com\/wp-content\/uploads\/2020\/07\/logo-2020.png","contentUrl":"https:\/\/deliciaspersas.com\/wp-content\/uploads\/2020\/07\/logo-2020.png","width":520,"height":490,"caption":"Delicias Persas"},"image":{"@id":"https:\/\/deliciaspersas.com\/fa\/#\/schema\/logo\/image\/"},"sameAs":["https:\/\/www.facebook.com\/Deliciaspersas","https:\/\/www.instagram.com\/delicias_persas\/","https:\/\/www.linkedin.com\/delicias-persas"]}]}},"uagb_featured_image_src":{"full":["https:\/\/deliciaspersas.com\/wp-content\/uploads\/2020\/08\/Mermelada-de-rosa-330g-Behsaba.jpg",760,760,false],"thumbnail":["https:\/\/deliciaspersas.com\/wp-content\/uploads\/2020\/08\/Mermelada-de-rosa-330g-Behsaba-150x150.jpg",150,150,true],"medium":["https:\/\/deliciaspersas.com\/wp-content\/uploads\/2020\/08\/Mermelada-de-rosa-330g-Behsaba-300x300.jpg",300,300,true],"medium_large":["https:\/\/deliciaspersas.com\/wp-content\/uploads\/2020\/08\/Mermelada-de-rosa-330g-Behsaba.jpg",760,760,false],"large":["https:\/\/deliciaspersas.com\/wp-content\/uploads\/2020\/08\/Mermelada-de-rosa-330g-Behsaba.jpg",760,760,false],"1536x1536":["https:\/\/deliciaspersas.com\/wp-content\/uploads\/2020\/08\/Mermelada-de-rosa-330g-Behsaba.jpg",760,760,false],"2048x2048":["https:\/\/deliciaspersas.com\/wp-content\/uploads\/2020\/08\/Mermelada-de-rosa-330g-Behsaba.jpg",760,760,false],"woocommerce_thumbnail":["https:\/\/deliciaspersas.com\/wp-content\/uploads\/2020\/08\/Mermelada-de-rosa-330g-Behsaba-300x300.jpg",300,300,true],"woocommerce_single":["https:\/\/deliciaspersas.com\/wp-content\/uploads\/2020\/08\/Mermelada-de-rosa-330g-Behsaba-600x600.jpg",600,600,true],"woocommerce_gallery_thumbnail":["https:\/\/deliciaspersas.com\/wp-content\/uploads\/2020\/08\/Mermelada-de-rosa-330g-Behsaba-100x100.jpg",100,100,true]},"uagb_author_info":{"display_name":"ventas.dayan","author_link":"https:\/\/deliciaspersas.com\/fa\/author\/"},"uagb_comment_info":0,"uagb_excerpt":"Mermelada de rosas 330g Behsaba Informaci\u00f3n del producto: Mermelada de rosa. Usos: La mermelada de rosa se emplea como aderezo en diversos platos o simplemente para desayunar! Beneficios: P\u00e9talos de rosa, ingrediente principal de la mermelada de rosa, alivian la tos cr\u00f3nica, trate el dolor abdominal y los problemas digestivos, reduzca el sangrado menstrual y&hellip;","brands":[{"id":80,"name":"Behsaba","slug":"behsaba"}],"_links":{"self":[{"href":"https:\/\/deliciaspersas.com\/fa\/wp-json\/wp\/v2\/product\/4104"}],"collection":[{"href":"https:\/\/deliciaspersas.com\/fa\/wp-json\/wp\/v2\/product"}],"about":[{"href":"https:\/\/deliciaspersas.com\/fa\/wp-json\/wp\/v2\/types\/product"}],"wp:featuredmedia":[{"embeddable":true,"href":"https:\/\/deliciaspersas.com\/fa\/wp-json\/wp\/v2\/media\/4446"}],"wp:attachment":[{"href":"https:\/\/deliciaspersas.com\/fa\/wp-json\/wp\/v2\/media?parent=4104"}],"wp:term":[{"taxonomy":"pwb-brand","embeddable":true,"href":"https:\/\/deliciaspersas.com\/fa\/wp-json\/wp\/v2\/pwb-brand?post=4104"},{"taxonomy":"product_cat","embeddable":true,"href":"https:\/\/deliciaspersas.com\/fa\/wp-json\/wp\/v2\/product_cat?post=4104"},{"taxonomy":"product_tag","embeddable":true,"href":"https:\/\/deliciaspersas.com\/fa\/wp-json\/wp\/v2\/product_tag?post=4104"}],"curies":[{"name":"wp","href":"https:\/\/api.w.org\/{rel}","templated":true}]}}