{"id":4120,"date":"2020-07-30T11:02:00","date_gmt":"2020-07-30T09:02:00","guid":{"rendered":"https:\/\/deliciaspersas.com\/?post_type=product&#038;p=4120"},"modified":"2024-03-06T09:56:57","modified_gmt":"2024-03-06T08:56:57","slug":"sabzi-ghormeh-500g-sarashpaz","status":"publish","type":"product","link":"https:\/\/deliciaspersas.com\/fa\/tienda\/especias\/sabzi-ghormeh-500g-sarashpaz\/","title":{"rendered":"Hierbas de guiso Sabzi Ghormeh 500g Sarashpaz"},"content":{"rendered":"<h1>Hierbas de guiso Sabzi Ghormeh 500g Sarashpaz<\/h1>\n<h6>Informaci\u00f3n del producto:<\/h6>\n<p>Hierbas empleadas para la preparaci\u00f3n del Ghormeh Sabzi.<\/p>\n<h6>Usos:<\/h6>\n<p>Estas hierbas, son empleadas para preparar el Ghormeh Sabzi. Este guiso picante, sabroso y con sabor a c\u00edtrico est\u00e1 hecho con una mezcla de hierbas salteadas. Los ingredientes de este plato consisten principalmente en: perejil, puerros o cebolletas, cilantro, as\u00ed como hojas secas de fenogreco (shanbalileh). Esta mezcla de hierbas a menudo se fr\u00ede antes de cocinarse con frijoles, cebollas y cordero o ternera.<\/p>\n<h6>Beneficios:<\/h6>\n<p>Son muchos los beneficios y las propiedades que el perejil, uno de los integrantes de este producto, tiene para la salud. El perejil se utiliza como remedio para las digestiones lentas. Gracias a su alto contenido en fibra regula de forma natural el tr\u00e1nsito intestinal.<\/p>\n<p>Tambi\u00e9n contiene vitamina C y luteolina, que act\u00faan como un agente antiinflamatorio muy eficaz. Si se consume de forma regular en la dieta o en forma de suplemento, las patolog\u00edas de origen inflamatorio mejoran considerablemente, como por ejemplo la osteoartritis, la artritis reumatoide, etc.<\/p>\n<p>Tiene un alto contenido de otro tipo de minerales como el hierro y zinc, minerales que son esenciales para purificar la sangre y fortalecer los gl\u00f3bulos rojos, de modo que f\u00e1cilmente podemos utilizar el perejil para tratar problemas como la anemia.<\/p>\n<p>Al ser un vegetal muy rico en potasio, ayuda a tener una buena circulaci\u00f3n, regulando la presi\u00f3n arterial. Para todas aquellas personas que sufren de hipertensi\u00f3n, el perejil es un alimento que a\u00f1adir a su dieta diaria. Adem\u00e1s, esta planta ayuda en la prevenci\u00f3n de problemas articulares.<\/p>\n<p>El perejil sirve como tratamiento natural para limpiar los ri\u00f1ones, ya que esta planta tiene cualidades diur\u00e9ticas que estimulan la funci\u00f3n renal. As\u00ed se facilita la eliminaci\u00f3n de l\u00edquido del organismo, previniendo retenci\u00f3n de l\u00edquidos y obesidad.<\/p>\n<p>Uno de los beneficios del perejil para el rostro es que es ideal y muy efectivo para limpiar y rejuvenecer la piel, as\u00ed como para fortalecer la u\u00f1as y el cabello. Esta planta se utiliza en muchas ocasiones para prevenir la ca\u00edda del cabello.<\/p>\n<div class=\"step\">\n<div class=\"paragraph\">\n<p><span style=\"font-size: 1.1em; font-weight: bold;\">Ingredientes y al\u00e9rgenos:<\/span><\/p>\n<\/div>\n<\/div>\n<p>Las principales hierbas que lo componen son: perejil, puerros o cebolletas, cilantro, as\u00ed como hojas secas de fenogreco.<\/p>\n<h6>Condiciones de conservaci\u00f3n:<\/h6>\n<p>Conservar en un lugar fresco, seco y protegido de la luz.<\/p>\n<h6>Informaci\u00f3n adicional:<\/h6>\n<p>Fabricado por: Sarashpaz<\/p>\n","protected":false},"excerpt":{"rendered":"<p>Hierbas de guiso Sabzi Ghormeh 500g Sarashpaz Informaci\u00f3n del producto: Hierbas empleadas para la preparaci\u00f3n del Ghormeh Sabzi. Usos: Estas hierbas, son empleadas para preparar el Ghormeh Sabzi. Este guiso picante, sabroso y con sabor a c\u00edtrico est\u00e1 hecho con una mezcla de hierbas salteadas. Los ingredientes de este plato consisten principalmente en: perejil, puerros [&hellip;]<\/p>\n","protected":false},"featured_media":8457,"template":"","meta":{"_surecart_dashboard_logo_width":"180px","_surecart_dashboard_show_logo":true,"_surecart_dashboard_navigation_orders":true,"_surecart_dashboard_navigation_invoices":true,"_surecart_dashboard_navigation_subscriptions":true,"_surecart_dashboard_navigation_downloads":true,"_surecart_dashboard_navigation_billing":true,"_surecart_dashboard_navigation_account":true,"_uag_custom_page_level_css":"","site-sidebar-layout":"default","site-content-layout":"default","ast-site-content-layout":"default","site-content-style":"default","site-sidebar-style":"default","ast-global-header-display":"","ast-banner-title-visibility":"","ast-main-header-display":"","ast-hfb-above-header-display":"","ast-hfb-below-header-display":"","ast-hfb-mobile-header-display":"","site-post-title":"","ast-breadcrumbs-content":"","ast-featured-img":"","footer-sml-layout":"","theme-transparent-header-meta":"default","adv-header-id-meta":"","stick-header-meta":"","header-above-stick-meta":"","header-main-stick-meta":"","header-below-stick-meta":"","astra-migrate-meta-layouts":"set","ast-page-background-enabled":"default","ast-page-background-meta":{"desktop":{"background-color":"","background-image":"","background-repeat":"repeat","background-position":"center center","background-size":"auto","background-attachment":"scroll","background-type":"","background-media":"","overlay-type":"","overlay-color":"","overlay-opacity":"","overlay-gradient":""},"tablet":{"background-color":"","background-image":"","background-repeat":"repeat","background-position":"center center","background-size":"auto","background-attachment":"scroll","background-type":"","background-media":"","overlay-type":"","overlay-color":"","overlay-opacity":"","overlay-gradient":""},"mobile":{"background-color":"","background-image":"","background-repeat":"repeat","background-position":"center center","background-size":"auto","background-attachment":"scroll","background-type":"","background-media":"","overlay-type":"","overlay-color":"","overlay-opacity":"","overlay-gradient":""}},"ast-content-background-meta":{"desktop":{"background-color":"var(--ast-global-color-5)","background-image":"","background-repeat":"repeat","background-position":"center center","background-size":"auto","background-attachment":"scroll","background-type":"","background-media":"","overlay-type":"","overlay-color":"","overlay-opacity":"","overlay-gradient":""},"tablet":{"background-color":"var(--ast-global-color-5)","background-image":"","background-repeat":"repeat","background-position":"center center","background-size":"auto","background-attachment":"scroll","background-type":"","background-media":"","overlay-type":"","overlay-color":"","overlay-opacity":"","overlay-gradient":""},"mobile":{"background-color":"var(--ast-global-color-5)","background-image":"","background-repeat":"repeat","background-position":"center center","background-size":"auto","background-attachment":"scroll","background-type":"","background-media":"","overlay-type":"","overlay-color":"","overlay-opacity":"","overlay-gradient":""}}},"pwb-brand":[199],"product_cat":[32,41],"product_tag":[1062,573,607,235],"class_list":{"0":"post-4120","1":"product","2":"type-product","3":"status-publish","4":"has-post-thumbnail","6":"pwb-brand-sarashpaz","7":"product_cat-especias","8":"product_cat-hierbas","9":"product_tag-especia","10":"product_tag-guiso","11":"product_tag-hierbas","12":"product_tag-235","13":"desktop-align-center","14":"tablet-align-center","15":"mobile-align-center","17":"first","18":"outofstock","19":"taxable","20":"shipping-taxable","21":"purchasable","22":"product-type-simple"},"yoast_head":"<!-- This site is optimized with the Yoast SEO plugin v23.6 - https:\/\/yoast.com\/wordpress\/plugins\/seo\/ -->\n<title>Hierbas de guiso Sabzi Ghormeh 500g Sarashpaz - Delicias Persas<\/title>\n<meta name=\"description\" content=\"Sabzi Ghormeh 60g Donya. Estas hierbas (perejil, puerros o cebolletas, cilantro,y hojas secas de fenogreco), empleadas para Ghorme sabzi...\" \/>\n<meta name=\"robots\" content=\"index, follow, max-snippet:-1, max-image-preview:large, max-video-preview:-1\" \/>\n<link rel=\"canonical\" href=\"https:\/\/deliciaspersas.com\/fa\/tienda\/especias\/sabzi-ghormeh-500g-sarashpaz\/\" \/>\n<meta property=\"og:locale\" content=\"fa_IR\" \/>\n<meta property=\"og:type\" content=\"article\" \/>\n<meta property=\"og:title\" content=\"Hierbas de guiso Sabzi Ghormeh 500g Sarashpaz - Delicias Persas\" \/>\n<meta property=\"og:description\" content=\"Sabzi Ghormeh 60g Donya. Estas hierbas (perejil, puerros o cebolletas, cilantro,y hojas secas de fenogreco), empleadas para Ghorme sabzi...\" \/>\n<meta property=\"og:url\" content=\"https:\/\/deliciaspersas.com\/fa\/tienda\/especias\/sabzi-ghormeh-500g-sarashpaz\/\" \/>\n<meta property=\"og:site_name\" content=\"Delicias Persas\" \/>\n<meta property=\"article:publisher\" content=\"https:\/\/www.facebook.com\/Deliciaspersas\" \/>\n<meta property=\"article:modified_time\" content=\"2024-03-06T08:56:57+00:00\" \/>\n<meta property=\"og:image\" content=\"https:\/\/deliciaspersas.com\/wp-content\/uploads\/WhatsApp_Image_2021-08-03_at_19.47.53__1_-removebg-preview.png\" \/>\n\t<meta property=\"og:image:width\" content=\"577\" \/>\n\t<meta property=\"og:image:height\" content=\"433\" \/>\n\t<meta property=\"og:image:type\" content=\"image\/png\" \/>\n<meta name=\"twitter:card\" content=\"summary_large_image\" \/>\n<meta name=\"twitter:label1\" content=\"\u0632\u0645\u0627\u0646 \u062a\u0642\u0631\u06cc\u0628\u06cc \u0628\u0631\u0627\u06cc \u062e\u0648\u0627\u0646\u062f\u0646\" \/>\n\t<meta name=\"twitter:data1\" content=\"2 \u062f\u0642\u06cc\u0642\u0647\" \/>\n<script type=\"application\/ld+json\" class=\"yoast-schema-graph\">{\"@context\":\"https:\/\/schema.org\",\"@graph\":[{\"@type\":\"WebPage\",\"@id\":\"https:\/\/deliciaspersas.com\/fa\/tienda\/especias\/sabzi-ghormeh-500g-sarashpaz\/\",\"url\":\"https:\/\/deliciaspersas.com\/fa\/tienda\/especias\/sabzi-ghormeh-500g-sarashpaz\/\",\"name\":\"Hierbas de guiso Sabzi Ghormeh 500g Sarashpaz - Delicias Persas\",\"isPartOf\":{\"@id\":\"https:\/\/deliciaspersas.com\/fa\/#website\"},\"primaryImageOfPage\":{\"@id\":\"https:\/\/deliciaspersas.com\/fa\/tienda\/especias\/sabzi-ghormeh-500g-sarashpaz\/#primaryimage\"},\"image\":{\"@id\":\"https:\/\/deliciaspersas.com\/fa\/tienda\/especias\/sabzi-ghormeh-500g-sarashpaz\/#primaryimage\"},\"thumbnailUrl\":\"https:\/\/deliciaspersas.com\/wp-content\/uploads\/WhatsApp_Image_2021-08-03_at_19.47.53__1_-removebg-preview.png\",\"datePublished\":\"2020-07-30T09:02:00+00:00\",\"dateModified\":\"2024-03-06T08:56:57+00:00\",\"description\":\"Sabzi Ghormeh 60g Donya. Estas hierbas (perejil, puerros o cebolletas, cilantro,y hojas secas de fenogreco), empleadas para Ghorme sabzi...\",\"breadcrumb\":{\"@id\":\"https:\/\/deliciaspersas.com\/fa\/tienda\/especias\/sabzi-ghormeh-500g-sarashpaz\/#breadcrumb\"},\"inLanguage\":\"fa-IR\",\"potentialAction\":[{\"@type\":\"ReadAction\",\"target\":[\"https:\/\/deliciaspersas.com\/fa\/tienda\/especias\/sabzi-ghormeh-500g-sarashpaz\/\"]}]},{\"@type\":\"ImageObject\",\"inLanguage\":\"fa-IR\",\"@id\":\"https:\/\/deliciaspersas.com\/fa\/tienda\/especias\/sabzi-ghormeh-500g-sarashpaz\/#primaryimage\",\"url\":\"https:\/\/deliciaspersas.com\/wp-content\/uploads\/WhatsApp_Image_2021-08-03_at_19.47.53__1_-removebg-preview.png\",\"contentUrl\":\"https:\/\/deliciaspersas.com\/wp-content\/uploads\/WhatsApp_Image_2021-08-03_at_19.47.53__1_-removebg-preview.png\",\"width\":577,\"height\":433,\"caption\":\"Sabzi Ghormeh Sarashpaz\"},{\"@type\":\"BreadcrumbList\",\"@id\":\"https:\/\/deliciaspersas.com\/fa\/tienda\/especias\/sabzi-ghormeh-500g-sarashpaz\/#breadcrumb\",\"itemListElement\":[{\"@type\":\"ListItem\",\"position\":1,\"name\":\"Portada\",\"item\":\"https:\/\/deliciaspersas.com\/fa\/\"},{\"@type\":\"ListItem\",\"position\":2,\"name\":\"Tienda\",\"item\":\"https:\/\/deliciaspersas.com\/\"},{\"@type\":\"ListItem\",\"position\":3,\"name\":\"Hierbas de guiso Sabzi Ghormeh 500g Sarashpaz\"}]},{\"@type\":\"WebSite\",\"@id\":\"https:\/\/deliciaspersas.com\/fa\/#website\",\"url\":\"https:\/\/deliciaspersas.com\/fa\/\",\"name\":\"Delicias Persas\",\"description\":\"Gastronom&iacute;a persa al alcance de tus manos\",\"publisher\":{\"@id\":\"https:\/\/deliciaspersas.com\/fa\/#organization\"},\"potentialAction\":[{\"@type\":\"SearchAction\",\"target\":{\"@type\":\"EntryPoint\",\"urlTemplate\":\"https:\/\/deliciaspersas.com\/fa\/?s={search_term_string}\"},\"query-input\":{\"@type\":\"PropertyValueSpecification\",\"valueRequired\":true,\"valueName\":\"search_term_string\"}}],\"inLanguage\":\"fa-IR\"},{\"@type\":\"Organization\",\"@id\":\"https:\/\/deliciaspersas.com\/fa\/#organization\",\"name\":\"Delicias Persas\",\"url\":\"https:\/\/deliciaspersas.com\/fa\/\",\"logo\":{\"@type\":\"ImageObject\",\"inLanguage\":\"fa-IR\",\"@id\":\"https:\/\/deliciaspersas.com\/fa\/#\/schema\/logo\/image\/\",\"url\":\"https:\/\/deliciaspersas.com\/wp-content\/uploads\/2020\/07\/logo-2020.png\",\"contentUrl\":\"https:\/\/deliciaspersas.com\/wp-content\/uploads\/2020\/07\/logo-2020.png\",\"width\":520,\"height\":490,\"caption\":\"Delicias Persas\"},\"image\":{\"@id\":\"https:\/\/deliciaspersas.com\/fa\/#\/schema\/logo\/image\/\"},\"sameAs\":[\"https:\/\/www.facebook.com\/Deliciaspersas\",\"https:\/\/www.instagram.com\/delicias_persas\/\",\"https:\/\/www.linkedin.com\/delicias-persas\"]}]}<\/script>\n<!-- \/ Yoast SEO plugin. -->","yoast_head_json":{"title":"Hierbas de guiso Sabzi Ghormeh 500g Sarashpaz - Delicias Persas","description":"Sabzi Ghormeh 60g Donya. Estas hierbas (perejil, puerros o cebolletas, cilantro,y hojas secas de fenogreco), empleadas para Ghorme sabzi...","robots":{"index":"index","follow":"follow","max-snippet":"max-snippet:-1","max-image-preview":"max-image-preview:large","max-video-preview":"max-video-preview:-1"},"canonical":"https:\/\/deliciaspersas.com\/fa\/tienda\/especias\/sabzi-ghormeh-500g-sarashpaz\/","og_locale":"fa_IR","og_type":"article","og_title":"Hierbas de guiso Sabzi Ghormeh 500g Sarashpaz - Delicias Persas","og_description":"Sabzi Ghormeh 60g Donya. Estas hierbas (perejil, puerros o cebolletas, cilantro,y hojas secas de fenogreco), empleadas para Ghorme sabzi...","og_url":"https:\/\/deliciaspersas.com\/fa\/tienda\/especias\/sabzi-ghormeh-500g-sarashpaz\/","og_site_name":"Delicias Persas","article_publisher":"https:\/\/www.facebook.com\/Deliciaspersas","article_modified_time":"2024-03-06T08:56:57+00:00","og_image":[{"width":577,"height":433,"url":"https:\/\/deliciaspersas.com\/wp-content\/uploads\/WhatsApp_Image_2021-08-03_at_19.47.53__1_-removebg-preview.png","type":"image\/png"}],"twitter_card":"summary_large_image","twitter_misc":{"\u0632\u0645\u0627\u0646 \u062a\u0642\u0631\u06cc\u0628\u06cc \u0628\u0631\u0627\u06cc \u062e\u0648\u0627\u0646\u062f\u0646":"2 \u062f\u0642\u06cc\u0642\u0647"},"schema":{"@context":"https:\/\/schema.org","@graph":[{"@type":"WebPage","@id":"https:\/\/deliciaspersas.com\/fa\/tienda\/especias\/sabzi-ghormeh-500g-sarashpaz\/","url":"https:\/\/deliciaspersas.com\/fa\/tienda\/especias\/sabzi-ghormeh-500g-sarashpaz\/","name":"Hierbas de guiso Sabzi Ghormeh 500g Sarashpaz - Delicias Persas","isPartOf":{"@id":"https:\/\/deliciaspersas.com\/fa\/#website"},"primaryImageOfPage":{"@id":"https:\/\/deliciaspersas.com\/fa\/tienda\/especias\/sabzi-ghormeh-500g-sarashpaz\/#primaryimage"},"image":{"@id":"https:\/\/deliciaspersas.com\/fa\/tienda\/especias\/sabzi-ghormeh-500g-sarashpaz\/#primaryimage"},"thumbnailUrl":"https:\/\/deliciaspersas.com\/wp-content\/uploads\/WhatsApp_Image_2021-08-03_at_19.47.53__1_-removebg-preview.png","datePublished":"2020-07-30T09:02:00+00:00","dateModified":"2024-03-06T08:56:57+00:00","description":"Sabzi Ghormeh 60g Donya. Estas hierbas (perejil, puerros o cebolletas, cilantro,y hojas secas de fenogreco), empleadas para Ghorme sabzi...","breadcrumb":{"@id":"https:\/\/deliciaspersas.com\/fa\/tienda\/especias\/sabzi-ghormeh-500g-sarashpaz\/#breadcrumb"},"inLanguage":"fa-IR","potentialAction":[{"@type":"ReadAction","target":["https:\/\/deliciaspersas.com\/fa\/tienda\/especias\/sabzi-ghormeh-500g-sarashpaz\/"]}]},{"@type":"ImageObject","inLanguage":"fa-IR","@id":"https:\/\/deliciaspersas.com\/fa\/tienda\/especias\/sabzi-ghormeh-500g-sarashpaz\/#primaryimage","url":"https:\/\/deliciaspersas.com\/wp-content\/uploads\/WhatsApp_Image_2021-08-03_at_19.47.53__1_-removebg-preview.png","contentUrl":"https:\/\/deliciaspersas.com\/wp-content\/uploads\/WhatsApp_Image_2021-08-03_at_19.47.53__1_-removebg-preview.png","width":577,"height":433,"caption":"Sabzi Ghormeh Sarashpaz"},{"@type":"BreadcrumbList","@id":"https:\/\/deliciaspersas.com\/fa\/tienda\/especias\/sabzi-ghormeh-500g-sarashpaz\/#breadcrumb","itemListElement":[{"@type":"ListItem","position":1,"name":"Portada","item":"https:\/\/deliciaspersas.com\/fa\/"},{"@type":"ListItem","position":2,"name":"Tienda","item":"https:\/\/deliciaspersas.com\/"},{"@type":"ListItem","position":3,"name":"Hierbas de guiso Sabzi Ghormeh 500g Sarashpaz"}]},{"@type":"WebSite","@id":"https:\/\/deliciaspersas.com\/fa\/#website","url":"https:\/\/deliciaspersas.com\/fa\/","name":"Delicias Persas","description":"Gastronom&iacute;a persa al alcance de tus manos","publisher":{"@id":"https:\/\/deliciaspersas.com\/fa\/#organization"},"potentialAction":[{"@type":"SearchAction","target":{"@type":"EntryPoint","urlTemplate":"https:\/\/deliciaspersas.com\/fa\/?s={search_term_string}"},"query-input":{"@type":"PropertyValueSpecification","valueRequired":true,"valueName":"search_term_string"}}],"inLanguage":"fa-IR"},{"@type":"Organization","@id":"https:\/\/deliciaspersas.com\/fa\/#organization","name":"Delicias Persas","url":"https:\/\/deliciaspersas.com\/fa\/","logo":{"@type":"ImageObject","inLanguage":"fa-IR","@id":"https:\/\/deliciaspersas.com\/fa\/#\/schema\/logo\/image\/","url":"https:\/\/deliciaspersas.com\/wp-content\/uploads\/2020\/07\/logo-2020.png","contentUrl":"https:\/\/deliciaspersas.com\/wp-content\/uploads\/2020\/07\/logo-2020.png","width":520,"height":490,"caption":"Delicias Persas"},"image":{"@id":"https:\/\/deliciaspersas.com\/fa\/#\/schema\/logo\/image\/"},"sameAs":["https:\/\/www.facebook.com\/Deliciaspersas","https:\/\/www.instagram.com\/delicias_persas\/","https:\/\/www.linkedin.com\/delicias-persas"]}]}},"uagb_featured_image_src":{"full":["https:\/\/deliciaspersas.com\/wp-content\/uploads\/WhatsApp_Image_2021-08-03_at_19.47.53__1_-removebg-preview.png",577,433,false],"thumbnail":["https:\/\/deliciaspersas.com\/wp-content\/uploads\/WhatsApp_Image_2021-08-03_at_19.47.53__1_-removebg-preview-150x150.png",150,150,true],"medium":["https:\/\/deliciaspersas.com\/wp-content\/uploads\/WhatsApp_Image_2021-08-03_at_19.47.53__1_-removebg-preview-300x225.png",300,225,true],"medium_large":["https:\/\/deliciaspersas.com\/wp-content\/uploads\/WhatsApp_Image_2021-08-03_at_19.47.53__1_-removebg-preview.png",577,433,false],"large":["https:\/\/deliciaspersas.com\/wp-content\/uploads\/WhatsApp_Image_2021-08-03_at_19.47.53__1_-removebg-preview.png",577,433,false],"1536x1536":["https:\/\/deliciaspersas.com\/wp-content\/uploads\/WhatsApp_Image_2021-08-03_at_19.47.53__1_-removebg-preview.png",577,433,false],"2048x2048":["https:\/\/deliciaspersas.com\/wp-content\/uploads\/WhatsApp_Image_2021-08-03_at_19.47.53__1_-removebg-preview.png",577,433,false],"woocommerce_thumbnail":["https:\/\/deliciaspersas.com\/wp-content\/uploads\/WhatsApp_Image_2021-08-03_at_19.47.53__1_-removebg-preview-300x300.png",300,300,true],"woocommerce_single":["https:\/\/deliciaspersas.com\/wp-content\/uploads\/WhatsApp_Image_2021-08-03_at_19.47.53__1_-removebg-preview.png",577,433,false],"woocommerce_gallery_thumbnail":["https:\/\/deliciaspersas.com\/wp-content\/uploads\/WhatsApp_Image_2021-08-03_at_19.47.53__1_-removebg-preview-100x100.png",100,100,true]},"uagb_author_info":{"display_name":"ventas.dayan","author_link":"https:\/\/deliciaspersas.com\/fa\/author\/"},"uagb_comment_info":0,"uagb_excerpt":"Hierbas de guiso Sabzi Ghormeh 500g Sarashpaz Informaci\u00f3n del producto: Hierbas empleadas para la preparaci\u00f3n del Ghormeh Sabzi. Usos: Estas hierbas, son empleadas para preparar el Ghormeh Sabzi. Este guiso picante, sabroso y con sabor a c\u00edtrico est\u00e1 hecho con una mezcla de hierbas salteadas. Los ingredientes de este plato consisten principalmente en: perejil, puerros&hellip;","brands":[{"id":199,"name":"Sarashpaz","slug":"sarashpaz"}],"_links":{"self":[{"href":"https:\/\/deliciaspersas.com\/fa\/wp-json\/wp\/v2\/product\/4120"}],"collection":[{"href":"https:\/\/deliciaspersas.com\/fa\/wp-json\/wp\/v2\/product"}],"about":[{"href":"https:\/\/deliciaspersas.com\/fa\/wp-json\/wp\/v2\/types\/product"}],"wp:featuredmedia":[{"embeddable":true,"href":"https:\/\/deliciaspersas.com\/fa\/wp-json\/wp\/v2\/media\/8457"}],"wp:attachment":[{"href":"https:\/\/deliciaspersas.com\/fa\/wp-json\/wp\/v2\/media?parent=4120"}],"wp:term":[{"taxonomy":"pwb-brand","embeddable":true,"href":"https:\/\/deliciaspersas.com\/fa\/wp-json\/wp\/v2\/pwb-brand?post=4120"},{"taxonomy":"product_cat","embeddable":true,"href":"https:\/\/deliciaspersas.com\/fa\/wp-json\/wp\/v2\/product_cat?post=4120"},{"taxonomy":"product_tag","embeddable":true,"href":"https:\/\/deliciaspersas.com\/fa\/wp-json\/wp\/v2\/product_tag?post=4120"}],"curies":[{"name":"wp","href":"https:\/\/api.w.org\/{rel}","templated":true}]}}