{"id":4122,"date":"2020-07-30T09:38:09","date_gmt":"2020-07-30T07:38:09","guid":{"rendered":"https:\/\/deliciaspersas.com\/?post_type=product&#038;p=4122"},"modified":"2024-09-02T15:04:42","modified_gmt":"2024-09-02T13:04:42","slug":"garbanzos-salados-nokhodchi-shour-granel-dayan","status":"publish","type":"product","link":"https:\/\/deliciaspersas.com\/fa\/tienda\/secos\/garbanzos-salados-nokhodchi-shour-granel-dayan\/","title":{"rendered":"Garbanzos salados (Nokhodchi shour) Granel  Dayan"},"content":{"rendered":"<h1>Garbanzos salados (Nokhodchi shour) Granel Dayan<\/h1>\n<h6>Informaci\u00f3n del producto:<\/h6>\n<p>Los garbanzos, como legumbre, presentan multitud de beneficios: Son una fuente de\u00a0prote\u00edna vegetal, su alto contenido en\u00a0fibra ayuda a combatir el estre\u00f1imiento, son\u00a0ricos en vitaminas\u00a0B1, B2, B9, C, E y K, as\u00ed como en\u00a0minerales como calcio, zinc, magnesio, hierro, potasio y f\u00f3sforo que ayudan a mejorar las defensas del organismo..<\/p>\n<h6>Ingredientes y al\u00e9rgenos:<\/h6>\n<p>Garbanzos.<\/p>\n<h6>Usos:<\/h6>\n<p>Los garbanzos se pueden emplear en much\u00edsimos platos: con arroz, verduras, fideos&#8230;<\/p>\n<h6>Beneficios:<\/h6>\n<p>Gracias su alto contenido de nutrientes como fibra diet\u00e9tica, los garbanzos te ayudar\u00e1n a bajar de peso, ya que el cuerpo se sentir\u00e1 satisfechos durante m\u00e1s tiempo.<\/p>\n<p>Por sus altos niveles de fibra diet\u00e9tica, los garbanzos te pueden ayudar a depurarte. Se eliminar\u00e1 la inflamaci\u00f3n, c\u00f3licos, hinchaz\u00f3n y estre\u00f1imiento. Tambi\u00e9n puede mejorar la absorci\u00f3n de nutrientes a trav\u00e9s del proceso digestivo y aprovechar al m\u00e1ximo el valor de tus alimentos.<\/p>\n<p>Los garbanzos pueden reducir las cantidades de colesterol (malo) en la sangre. Adem\u00e1s, las \u00fanicas grasas que se encuentran en los garbanzos son los \u00e1cidos grasos omega-3, que son las grasas poliinsaturadas (buenas), que ayudan a proteger el coraz\u00f3n y reducir la inflamaci\u00f3n en todo el cuerpo.<\/p>\n<p>Son una excelente fuente de prote\u00ednas, indispensables para el crecimiento y desarrollo.<\/p>\n<p>Cuentan con polifenoles, sustancias que reducen el estr\u00e9s oxidativo y previenen enfermedades cr\u00f3nicas (o impiden que las c\u00e9lulas muten) y que protegen al organismo varios tipos de c\u00e1ncer, Alzheimer o Parkinson.<\/p>\n<p>Estas leguminosas, que presentan hierro, f\u00f3sforo, magnesio, cobre y zinc en latas dosis, son excepcionalmente buenos para la salud \u00f3sea. Muchos de esos minerales son esenciales para mejorar la densidad mineral \u00f3sea y prevenir afecciones relacionadas con la edad como la osteoporosis.<\/p>\n<h6>Condiciones de conservaci\u00f3n:<\/h6>\n<p>Conservar en un lugar fresco, seco y protegido de la luz.<\/p>\n<h6>Informaci\u00f3n adicional:<\/h6>\n<p>Fabricado por: Donya<\/p>\n<p><span class=\"LrzXr\">UNIT 1B, 6 Greycaine Rd<\/span><\/p>\n<p><span class=\"LrzXr\">Watford WD24 7GP, <\/span><\/p>\n<p><span class=\"LrzXr\">Reino Unido<\/span><\/p>\n","protected":false},"excerpt":{"rendered":"<p>Garbanzos salados (Nokhodchi shour) Granel Dayan Informaci\u00f3n del producto: Los garbanzos, como legumbre, presentan multitud de beneficios: Son una fuente de\u00a0prote\u00edna vegetal, su alto contenido en\u00a0fibra ayuda a combatir el estre\u00f1imiento, son\u00a0ricos en vitaminas\u00a0B1, B2, B9, C, E y K, as\u00ed como en\u00a0minerales como calcio, zinc, magnesio, hierro, potasio y f\u00f3sforo que ayudan a mejorar [&hellip;]<\/p>\n","protected":false},"featured_media":15189,"template":"","meta":{"_surecart_dashboard_logo_width":"180px","_surecart_dashboard_show_logo":true,"_surecart_dashboard_navigation_orders":true,"_surecart_dashboard_navigation_invoices":true,"_surecart_dashboard_navigation_subscriptions":true,"_surecart_dashboard_navigation_downloads":true,"_surecart_dashboard_navigation_billing":true,"_surecart_dashboard_navigation_account":true,"_uag_custom_page_level_css":"","site-sidebar-layout":"default","site-content-layout":"default","ast-site-content-layout":"default","site-content-style":"default","site-sidebar-style":"default","ast-global-header-display":"","ast-banner-title-visibility":"","ast-main-header-display":"","ast-hfb-above-header-display":"","ast-hfb-below-header-display":"","ast-hfb-mobile-header-display":"","site-post-title":"","ast-breadcrumbs-content":"","ast-featured-img":"","footer-sml-layout":"","theme-transparent-header-meta":"default","adv-header-id-meta":"","stick-header-meta":"","header-above-stick-meta":"","header-main-stick-meta":"","header-below-stick-meta":"","astra-migrate-meta-layouts":"set","ast-page-background-enabled":"default","ast-page-background-meta":{"desktop":{"background-color":"","background-image":"","background-repeat":"repeat","background-position":"center center","background-size":"auto","background-attachment":"scroll","background-type":"","background-media":"","overlay-type":"","overlay-color":"","overlay-opacity":"","overlay-gradient":""},"tablet":{"background-color":"","background-image":"","background-repeat":"repeat","background-position":"center center","background-size":"auto","background-attachment":"scroll","background-type":"","background-media":"","overlay-type":"","overlay-color":"","overlay-opacity":"","overlay-gradient":""},"mobile":{"background-color":"","background-image":"","background-repeat":"repeat","background-position":"center center","background-size":"auto","background-attachment":"scroll","background-type":"","background-media":"","overlay-type":"","overlay-color":"","overlay-opacity":"","overlay-gradient":""}},"ast-content-background-meta":{"desktop":{"background-color":"var(--ast-global-color-5)","background-image":"","background-repeat":"repeat","background-position":"center center","background-size":"auto","background-attachment":"scroll","background-type":"","background-media":"","overlay-type":"","overlay-color":"","overlay-opacity":"","overlay-gradient":""},"tablet":{"background-color":"var(--ast-global-color-5)","background-image":"","background-repeat":"repeat","background-position":"center center","background-size":"auto","background-attachment":"scroll","background-type":"","background-media":"","overlay-type":"","overlay-color":"","overlay-opacity":"","overlay-gradient":""},"mobile":{"background-color":"var(--ast-global-color-5)","background-image":"","background-repeat":"repeat","background-position":"center center","background-size":"auto","background-attachment":"scroll","background-type":"","background-media":"","overlay-type":"","overlay-color":"","overlay-opacity":"","overlay-gradient":""}}},"pwb-brand":[113],"product_cat":[40],"product_tag":[556,665,1567,741,1568,983],"class_list":{"0":"post-4122","1":"product","2":"type-product","3":"status-publish","4":"has-post-thumbnail","6":"pwb-brand-dayan-2","7":"product_cat-secos","8":"product_tag-frutos-secos","9":"product_tag-garbanzo","10":"product_tag-nokhod","11":"product_tag-salado","12":"product_tag-shor","13":"product_tag-983","14":"desktop-align-center","15":"tablet-align-center","16":"mobile-align-center","18":"first","19":"instock","20":"taxable","21":"shipping-taxable","22":"purchasable","23":"product-type-variable"},"yoast_head":"<!-- This site is optimized with the Yoast SEO plugin v23.6 - https:\/\/yoast.com\/wordpress\/plugins\/seo\/ -->\n<title>Garbanzos salados (Nokhodchi shour) Granel Dayan - Delicias Persas<\/title>\n<meta name=\"description\" content=\"Los garbanzos salados presentan grandes de beneficios como: fuente de\u00a0prote\u00edna vegetal, alto contenido en fibra y vitaminas...\" \/>\n<meta name=\"robots\" content=\"index, follow, max-snippet:-1, max-image-preview:large, max-video-preview:-1\" \/>\n<link rel=\"canonical\" href=\"https:\/\/deliciaspersas.com\/fa\/tienda\/secos\/garbanzos-salados-nokhodchi-shour-granel-dayan\/\" \/>\n<meta property=\"og:locale\" content=\"fa_IR\" \/>\n<meta property=\"og:type\" content=\"article\" \/>\n<meta property=\"og:title\" content=\"Garbanzos salados (Nokhodchi shour) Granel Dayan - Delicias Persas\" \/>\n<meta property=\"og:description\" content=\"Los garbanzos salados presentan grandes de beneficios como: fuente de\u00a0prote\u00edna vegetal, alto contenido en fibra y vitaminas...\" \/>\n<meta property=\"og:url\" content=\"https:\/\/deliciaspersas.com\/fa\/tienda\/secos\/garbanzos-salados-nokhodchi-shour-granel-dayan\/\" \/>\n<meta property=\"og:site_name\" content=\"Delicias Persas\" \/>\n<meta property=\"article:publisher\" content=\"https:\/\/www.facebook.com\/Deliciaspersas\" \/>\n<meta property=\"article:modified_time\" content=\"2024-09-02T13:04:42+00:00\" \/>\n<meta property=\"og:image\" content=\"https:\/\/deliciaspersas.com\/wp-content\/uploads\/Garbanzos-Dayan.jpg\" \/>\n\t<meta property=\"og:image:width\" content=\"680\" \/>\n\t<meta property=\"og:image:height\" content=\"680\" \/>\n\t<meta property=\"og:image:type\" content=\"image\/jpeg\" \/>\n<meta name=\"twitter:card\" content=\"summary_large_image\" \/>\n<meta name=\"twitter:label1\" content=\"\u0632\u0645\u0627\u0646 \u062a\u0642\u0631\u06cc\u0628\u06cc \u0628\u0631\u0627\u06cc \u062e\u0648\u0627\u0646\u062f\u0646\" \/>\n\t<meta name=\"twitter:data1\" content=\"2 \u062f\u0642\u06cc\u0642\u0647\" \/>\n<script type=\"application\/ld+json\" class=\"yoast-schema-graph\">{\"@context\":\"https:\/\/schema.org\",\"@graph\":[{\"@type\":\"WebPage\",\"@id\":\"https:\/\/deliciaspersas.com\/fa\/tienda\/secos\/garbanzos-salados-nokhodchi-shour-granel-dayan\/\",\"url\":\"https:\/\/deliciaspersas.com\/fa\/tienda\/secos\/garbanzos-salados-nokhodchi-shour-granel-dayan\/\",\"name\":\"Garbanzos salados (Nokhodchi shour) Granel Dayan - Delicias Persas\",\"isPartOf\":{\"@id\":\"https:\/\/deliciaspersas.com\/fa\/#website\"},\"primaryImageOfPage\":{\"@id\":\"https:\/\/deliciaspersas.com\/fa\/tienda\/secos\/garbanzos-salados-nokhodchi-shour-granel-dayan\/#primaryimage\"},\"image\":{\"@id\":\"https:\/\/deliciaspersas.com\/fa\/tienda\/secos\/garbanzos-salados-nokhodchi-shour-granel-dayan\/#primaryimage\"},\"thumbnailUrl\":\"https:\/\/deliciaspersas.com\/wp-content\/uploads\/Garbanzos-Dayan.jpg\",\"datePublished\":\"2020-07-30T07:38:09+00:00\",\"dateModified\":\"2024-09-02T13:04:42+00:00\",\"description\":\"Los garbanzos salados presentan grandes de beneficios como: fuente de\u00a0prote\u00edna vegetal, alto contenido en fibra y vitaminas...\",\"breadcrumb\":{\"@id\":\"https:\/\/deliciaspersas.com\/fa\/tienda\/secos\/garbanzos-salados-nokhodchi-shour-granel-dayan\/#breadcrumb\"},\"inLanguage\":\"fa-IR\",\"potentialAction\":[{\"@type\":\"ReadAction\",\"target\":[\"https:\/\/deliciaspersas.com\/fa\/tienda\/secos\/garbanzos-salados-nokhodchi-shour-granel-dayan\/\"]}]},{\"@type\":\"ImageObject\",\"inLanguage\":\"fa-IR\",\"@id\":\"https:\/\/deliciaspersas.com\/fa\/tienda\/secos\/garbanzos-salados-nokhodchi-shour-granel-dayan\/#primaryimage\",\"url\":\"https:\/\/deliciaspersas.com\/wp-content\/uploads\/Garbanzos-Dayan.jpg\",\"contentUrl\":\"https:\/\/deliciaspersas.com\/wp-content\/uploads\/Garbanzos-Dayan.jpg\",\"width\":680,\"height\":680},{\"@type\":\"BreadcrumbList\",\"@id\":\"https:\/\/deliciaspersas.com\/fa\/tienda\/secos\/garbanzos-salados-nokhodchi-shour-granel-dayan\/#breadcrumb\",\"itemListElement\":[{\"@type\":\"ListItem\",\"position\":1,\"name\":\"Portada\",\"item\":\"https:\/\/deliciaspersas.com\/fa\/\"},{\"@type\":\"ListItem\",\"position\":2,\"name\":\"Tienda\",\"item\":\"https:\/\/deliciaspersas.com\/\"},{\"@type\":\"ListItem\",\"position\":3,\"name\":\"Garbanzos salados (Nokhodchi shour) Granel Dayan\"}]},{\"@type\":\"WebSite\",\"@id\":\"https:\/\/deliciaspersas.com\/fa\/#website\",\"url\":\"https:\/\/deliciaspersas.com\/fa\/\",\"name\":\"Delicias Persas\",\"description\":\"Gastronom&iacute;a persa al alcance de tus manos\",\"publisher\":{\"@id\":\"https:\/\/deliciaspersas.com\/fa\/#organization\"},\"potentialAction\":[{\"@type\":\"SearchAction\",\"target\":{\"@type\":\"EntryPoint\",\"urlTemplate\":\"https:\/\/deliciaspersas.com\/fa\/?s={search_term_string}\"},\"query-input\":{\"@type\":\"PropertyValueSpecification\",\"valueRequired\":true,\"valueName\":\"search_term_string\"}}],\"inLanguage\":\"fa-IR\"},{\"@type\":\"Organization\",\"@id\":\"https:\/\/deliciaspersas.com\/fa\/#organization\",\"name\":\"Delicias Persas\",\"url\":\"https:\/\/deliciaspersas.com\/fa\/\",\"logo\":{\"@type\":\"ImageObject\",\"inLanguage\":\"fa-IR\",\"@id\":\"https:\/\/deliciaspersas.com\/fa\/#\/schema\/logo\/image\/\",\"url\":\"https:\/\/deliciaspersas.com\/wp-content\/uploads\/2020\/07\/logo-2020.png\",\"contentUrl\":\"https:\/\/deliciaspersas.com\/wp-content\/uploads\/2020\/07\/logo-2020.png\",\"width\":520,\"height\":490,\"caption\":\"Delicias Persas\"},\"image\":{\"@id\":\"https:\/\/deliciaspersas.com\/fa\/#\/schema\/logo\/image\/\"},\"sameAs\":[\"https:\/\/www.facebook.com\/Deliciaspersas\",\"https:\/\/www.instagram.com\/delicias_persas\/\",\"https:\/\/www.linkedin.com\/delicias-persas\"]}]}<\/script>\n<!-- \/ Yoast SEO plugin. -->","yoast_head_json":{"title":"Garbanzos salados (Nokhodchi shour) Granel Dayan - Delicias Persas","description":"Los garbanzos salados presentan grandes de beneficios como: fuente de\u00a0prote\u00edna vegetal, alto contenido en fibra y vitaminas...","robots":{"index":"index","follow":"follow","max-snippet":"max-snippet:-1","max-image-preview":"max-image-preview:large","max-video-preview":"max-video-preview:-1"},"canonical":"https:\/\/deliciaspersas.com\/fa\/tienda\/secos\/garbanzos-salados-nokhodchi-shour-granel-dayan\/","og_locale":"fa_IR","og_type":"article","og_title":"Garbanzos salados (Nokhodchi shour) Granel Dayan - Delicias Persas","og_description":"Los garbanzos salados presentan grandes de beneficios como: fuente de\u00a0prote\u00edna vegetal, alto contenido en fibra y vitaminas...","og_url":"https:\/\/deliciaspersas.com\/fa\/tienda\/secos\/garbanzos-salados-nokhodchi-shour-granel-dayan\/","og_site_name":"Delicias Persas","article_publisher":"https:\/\/www.facebook.com\/Deliciaspersas","article_modified_time":"2024-09-02T13:04:42+00:00","og_image":[{"width":680,"height":680,"url":"https:\/\/deliciaspersas.com\/wp-content\/uploads\/Garbanzos-Dayan.jpg","type":"image\/jpeg"}],"twitter_card":"summary_large_image","twitter_misc":{"\u0632\u0645\u0627\u0646 \u062a\u0642\u0631\u06cc\u0628\u06cc \u0628\u0631\u0627\u06cc \u062e\u0648\u0627\u0646\u062f\u0646":"2 \u062f\u0642\u06cc\u0642\u0647"},"schema":{"@context":"https:\/\/schema.org","@graph":[{"@type":"WebPage","@id":"https:\/\/deliciaspersas.com\/fa\/tienda\/secos\/garbanzos-salados-nokhodchi-shour-granel-dayan\/","url":"https:\/\/deliciaspersas.com\/fa\/tienda\/secos\/garbanzos-salados-nokhodchi-shour-granel-dayan\/","name":"Garbanzos salados (Nokhodchi shour) Granel Dayan - Delicias Persas","isPartOf":{"@id":"https:\/\/deliciaspersas.com\/fa\/#website"},"primaryImageOfPage":{"@id":"https:\/\/deliciaspersas.com\/fa\/tienda\/secos\/garbanzos-salados-nokhodchi-shour-granel-dayan\/#primaryimage"},"image":{"@id":"https:\/\/deliciaspersas.com\/fa\/tienda\/secos\/garbanzos-salados-nokhodchi-shour-granel-dayan\/#primaryimage"},"thumbnailUrl":"https:\/\/deliciaspersas.com\/wp-content\/uploads\/Garbanzos-Dayan.jpg","datePublished":"2020-07-30T07:38:09+00:00","dateModified":"2024-09-02T13:04:42+00:00","description":"Los garbanzos salados presentan grandes de beneficios como: fuente de\u00a0prote\u00edna vegetal, alto contenido en fibra y vitaminas...","breadcrumb":{"@id":"https:\/\/deliciaspersas.com\/fa\/tienda\/secos\/garbanzos-salados-nokhodchi-shour-granel-dayan\/#breadcrumb"},"inLanguage":"fa-IR","potentialAction":[{"@type":"ReadAction","target":["https:\/\/deliciaspersas.com\/fa\/tienda\/secos\/garbanzos-salados-nokhodchi-shour-granel-dayan\/"]}]},{"@type":"ImageObject","inLanguage":"fa-IR","@id":"https:\/\/deliciaspersas.com\/fa\/tienda\/secos\/garbanzos-salados-nokhodchi-shour-granel-dayan\/#primaryimage","url":"https:\/\/deliciaspersas.com\/wp-content\/uploads\/Garbanzos-Dayan.jpg","contentUrl":"https:\/\/deliciaspersas.com\/wp-content\/uploads\/Garbanzos-Dayan.jpg","width":680,"height":680},{"@type":"BreadcrumbList","@id":"https:\/\/deliciaspersas.com\/fa\/tienda\/secos\/garbanzos-salados-nokhodchi-shour-granel-dayan\/#breadcrumb","itemListElement":[{"@type":"ListItem","position":1,"name":"Portada","item":"https:\/\/deliciaspersas.com\/fa\/"},{"@type":"ListItem","position":2,"name":"Tienda","item":"https:\/\/deliciaspersas.com\/"},{"@type":"ListItem","position":3,"name":"Garbanzos salados (Nokhodchi shour) Granel Dayan"}]},{"@type":"WebSite","@id":"https:\/\/deliciaspersas.com\/fa\/#website","url":"https:\/\/deliciaspersas.com\/fa\/","name":"Delicias Persas","description":"Gastronom&iacute;a persa al alcance de tus manos","publisher":{"@id":"https:\/\/deliciaspersas.com\/fa\/#organization"},"potentialAction":[{"@type":"SearchAction","target":{"@type":"EntryPoint","urlTemplate":"https:\/\/deliciaspersas.com\/fa\/?s={search_term_string}"},"query-input":{"@type":"PropertyValueSpecification","valueRequired":true,"valueName":"search_term_string"}}],"inLanguage":"fa-IR"},{"@type":"Organization","@id":"https:\/\/deliciaspersas.com\/fa\/#organization","name":"Delicias Persas","url":"https:\/\/deliciaspersas.com\/fa\/","logo":{"@type":"ImageObject","inLanguage":"fa-IR","@id":"https:\/\/deliciaspersas.com\/fa\/#\/schema\/logo\/image\/","url":"https:\/\/deliciaspersas.com\/wp-content\/uploads\/2020\/07\/logo-2020.png","contentUrl":"https:\/\/deliciaspersas.com\/wp-content\/uploads\/2020\/07\/logo-2020.png","width":520,"height":490,"caption":"Delicias Persas"},"image":{"@id":"https:\/\/deliciaspersas.com\/fa\/#\/schema\/logo\/image\/"},"sameAs":["https:\/\/www.facebook.com\/Deliciaspersas","https:\/\/www.instagram.com\/delicias_persas\/","https:\/\/www.linkedin.com\/delicias-persas"]}]}},"uagb_featured_image_src":{"full":["https:\/\/deliciaspersas.com\/wp-content\/uploads\/Garbanzos-Dayan.jpg",680,680,false],"thumbnail":["https:\/\/deliciaspersas.com\/wp-content\/uploads\/Garbanzos-Dayan-150x150.jpg",150,150,true],"medium":["https:\/\/deliciaspersas.com\/wp-content\/uploads\/Garbanzos-Dayan-300x300.jpg",300,300,true],"medium_large":["https:\/\/deliciaspersas.com\/wp-content\/uploads\/Garbanzos-Dayan.jpg",680,680,false],"large":["https:\/\/deliciaspersas.com\/wp-content\/uploads\/Garbanzos-Dayan.jpg",680,680,false],"1536x1536":["https:\/\/deliciaspersas.com\/wp-content\/uploads\/Garbanzos-Dayan.jpg",680,680,false],"2048x2048":["https:\/\/deliciaspersas.com\/wp-content\/uploads\/Garbanzos-Dayan.jpg",680,680,false],"woocommerce_thumbnail":["https:\/\/deliciaspersas.com\/wp-content\/uploads\/Garbanzos-Dayan-300x300.jpg",300,300,true],"woocommerce_single":["https:\/\/deliciaspersas.com\/wp-content\/uploads\/Garbanzos-Dayan-600x600.jpg",600,600,true],"woocommerce_gallery_thumbnail":["https:\/\/deliciaspersas.com\/wp-content\/uploads\/Garbanzos-Dayan-100x100.jpg",100,100,true]},"uagb_author_info":{"display_name":"ventas.dayan","author_link":"https:\/\/deliciaspersas.com\/fa\/author\/"},"uagb_comment_info":0,"uagb_excerpt":"Garbanzos salados (Nokhodchi shour) Granel Dayan Informaci\u00f3n del producto: Los garbanzos, como legumbre, presentan multitud de beneficios: Son una fuente de\u00a0prote\u00edna vegetal, su alto contenido en\u00a0fibra ayuda a combatir el estre\u00f1imiento, son\u00a0ricos en vitaminas\u00a0B1, B2, B9, C, E y K, as\u00ed como en\u00a0minerales como calcio, zinc, magnesio, hierro, potasio y f\u00f3sforo que ayudan a mejorar&hellip;","brands":[{"id":113,"name":"Dayan","slug":"dayan-2"}],"_links":{"self":[{"href":"https:\/\/deliciaspersas.com\/fa\/wp-json\/wp\/v2\/product\/4122"}],"collection":[{"href":"https:\/\/deliciaspersas.com\/fa\/wp-json\/wp\/v2\/product"}],"about":[{"href":"https:\/\/deliciaspersas.com\/fa\/wp-json\/wp\/v2\/types\/product"}],"wp:featuredmedia":[{"embeddable":true,"href":"https:\/\/deliciaspersas.com\/fa\/wp-json\/wp\/v2\/media\/15189"}],"wp:attachment":[{"href":"https:\/\/deliciaspersas.com\/fa\/wp-json\/wp\/v2\/media?parent=4122"}],"wp:term":[{"taxonomy":"pwb-brand","embeddable":true,"href":"https:\/\/deliciaspersas.com\/fa\/wp-json\/wp\/v2\/pwb-brand?post=4122"},{"taxonomy":"product_cat","embeddable":true,"href":"https:\/\/deliciaspersas.com\/fa\/wp-json\/wp\/v2\/product_cat?post=4122"},{"taxonomy":"product_tag","embeddable":true,"href":"https:\/\/deliciaspersas.com\/fa\/wp-json\/wp\/v2\/product_tag?post=4122"}],"curies":[{"name":"wp","href":"https:\/\/api.w.org\/{rel}","templated":true}]}}