{"id":4146,"date":"2020-08-04T09:50:51","date_gmt":"2020-08-04T07:50:51","guid":{"rendered":"https:\/\/deliciaspersas.com\/?post_type=product&#038;p=4146"},"modified":"2024-09-03T16:25:30","modified_gmt":"2024-09-03T14:25:30","slug":"savory-marzeh-100g-dayan","status":"publish","type":"product","link":"https:\/\/deliciaspersas.com\/fa\/tienda\/especias\/savory-marzeh-100g-dayan\/","title":{"rendered":"Savory Marzeh 100g Dayan"},"content":{"rendered":"<h1>Savory Marzeh 100g Dayan<\/h1>\n<h6>Informaci\u00f3n del producto:<\/h6>\n<p>Relacionada con la familia de la menta, es una hierba muy arom\u00e1tica de sabor algo amargo, fresco y capaz de ocultar el sabor de otras hierbas.<\/p>\n<h6>Usos:<\/h6>\n<p>Puede ser utilizada en carnes, aves, huevos, sopas y salsas aunque tambi\u00e9n es particularmente \u00fatil para rellenos. Un poquito de ajedrea en platos de legumbre aporta un gusto especiado exquisito adem\u00e1s de facilitar su digesti\u00f3n y ser un brillante antis\u00e9ptico.<\/p>\n<h6>Beneficios:<\/h6>\n<p>Una de las principales propiedades del savory es un efecto t\u00f3nico pronunciado con efecto antiespasm\u00f3dico y analg\u00e9sico.<\/p>\n<p>La planta tiene una amargura peculiar, cuya composici\u00f3n es capaz de luchar con gusanos en el cuerpo humano y animal. El uso de savory puede mejorar la digesti\u00f3n. Los jugos despiertan el apetito estimulando la secreci\u00f3n del jugo g\u00e1strico.<\/p>\n<p>Savory es una planta que limpia el cuerpo. Este efecto se consigue gracias a las propiedades diur\u00e9ticas.<\/p>\n<p>El uso de la sabrosa decocci\u00f3n en el interior ayuda a la expectoraci\u00f3n del esputo y el enjuague de la decocci\u00f3n, una herramienta eficaz en la lucha contra la angina y la amigdalitis.<\/p>\n<p>Este producto es capaz de disminuir la presi\u00f3n arterial, reducir el colesterol en la sangre.<\/p>\n<p>La planta es un buen antidepresivo que aumenta la actividad cerebral.<\/p>\n<p>El uso de savory ayudar\u00e1 a organizar el trabajo del sistema genitourinario, resolver\u00e1 el problema de la cistitis.<\/p>\n<p>Las mujeres que toman una decocci\u00f3n de hierba, resolver\u00e1n el problema del ciclo menstrual no permanente.<\/p>\n<p>Tambi\u00e9n combate el dolor de muelas. Aplicar una hoja de la planta en el diente adolorido, el efecto anest\u00e9sico continuar\u00e1 durante aproximadamente media hora.<\/p>\n<p>Otra propiedad: la eliminaci\u00f3n de la irritaci\u00f3n y la picaz\u00f3n despu\u00e9s de las picaduras de insectos.<\/p>\n<div class=\"step\">\n<div class=\"paragraph\">\n<p><span style=\"font-size: 1.1em; font-weight: bold;\">Ingredientes y al\u00e9rgenos:<\/span><\/p>\n<\/div>\n<\/div>\n<p>Hierba Savory.<\/p>\n<h6>Condiciones de conservaci\u00f3n:<\/h6>\n<p>Conservar en un lugar fresco, seco y protegido de la luz.<\/p>\n<h6>Informaci\u00f3n adicional:<\/h6>\n<p>Fabricado por: Dayan<\/p>\n","protected":false},"excerpt":{"rendered":"<p>Savory Marzeh 100g Dayan Informaci\u00f3n del producto: Relacionada con la familia de la menta, es una hierba muy arom\u00e1tica de sabor algo amargo, fresco y capaz de ocultar el sabor de otras hierbas. Usos: Puede ser utilizada en carnes, aves, huevos, sopas y salsas aunque tambi\u00e9n es particularmente \u00fatil para rellenos. Un poquito de ajedrea [&hellip;]<\/p>\n","protected":false},"featured_media":15232,"template":"","meta":{"_surecart_dashboard_logo_width":"180px","_surecart_dashboard_show_logo":true,"_surecart_dashboard_navigation_orders":true,"_surecart_dashboard_navigation_invoices":true,"_surecart_dashboard_navigation_subscriptions":true,"_surecart_dashboard_navigation_downloads":true,"_surecart_dashboard_navigation_billing":true,"_surecart_dashboard_navigation_account":true,"_uag_custom_page_level_css":"","site-sidebar-layout":"default","site-content-layout":"default","ast-site-content-layout":"default","site-content-style":"default","site-sidebar-style":"default","ast-global-header-display":"","ast-banner-title-visibility":"","ast-main-header-display":"","ast-hfb-above-header-display":"","ast-hfb-below-header-display":"","ast-hfb-mobile-header-display":"","site-post-title":"","ast-breadcrumbs-content":"","ast-featured-img":"","footer-sml-layout":"","theme-transparent-header-meta":"default","adv-header-id-meta":"","stick-header-meta":"","header-above-stick-meta":"","header-main-stick-meta":"","header-below-stick-meta":"","astra-migrate-meta-layouts":"set","ast-page-background-enabled":"default","ast-page-background-meta":{"desktop":{"background-color":"","background-image":"","background-repeat":"repeat","background-position":"center center","background-size":"auto","background-attachment":"scroll","background-type":"","background-media":"","overlay-type":"","overlay-color":"","overlay-opacity":"","overlay-gradient":""},"tablet":{"background-color":"","background-image":"","background-repeat":"repeat","background-position":"center center","background-size":"auto","background-attachment":"scroll","background-type":"","background-media":"","overlay-type":"","overlay-color":"","overlay-opacity":"","overlay-gradient":""},"mobile":{"background-color":"","background-image":"","background-repeat":"repeat","background-position":"center center","background-size":"auto","background-attachment":"scroll","background-type":"","background-media":"","overlay-type":"","overlay-color":"","overlay-opacity":"","overlay-gradient":""}},"ast-content-background-meta":{"desktop":{"background-color":"var(--ast-global-color-5)","background-image":"","background-repeat":"repeat","background-position":"center center","background-size":"auto","background-attachment":"scroll","background-type":"","background-media":"","overlay-type":"","overlay-color":"","overlay-opacity":"","overlay-gradient":""},"tablet":{"background-color":"var(--ast-global-color-5)","background-image":"","background-repeat":"repeat","background-position":"center center","background-size":"auto","background-attachment":"scroll","background-type":"","background-media":"","overlay-type":"","overlay-color":"","overlay-opacity":"","overlay-gradient":""},"mobile":{"background-color":"var(--ast-global-color-5)","background-image":"","background-repeat":"repeat","background-position":"center center","background-size":"auto","background-attachment":"scroll","background-type":"","background-media":"","overlay-type":"","overlay-color":"","overlay-opacity":"","overlay-gradient":""}}},"pwb-brand":[52],"product_cat":[32,41,134],"product_tag":[1062,598,1064,446],"class_list":{"0":"post-4146","1":"product","2":"type-product","3":"status-publish","4":"has-post-thumbnail","6":"pwb-brand-donya","7":"product_cat-especias","8":"product_cat-hierbas","9":"product_cat-mercado-viernes","10":"product_tag-especia","11":"product_tag-hierba","12":"product_tag-savory","13":"product_tag-446","14":"desktop-align-center","15":"tablet-align-center","16":"mobile-align-center","18":"first","19":"instock","20":"taxable","21":"shipping-taxable","22":"purchasable","23":"product-type-simple"},"yoast_head":"<!-- This site is optimized with the Yoast SEO plugin v23.6 - https:\/\/yoast.com\/wordpress\/plugins\/seo\/ -->\n<title>Savory Marzeh 100g Dayan - Delicias Persas<\/title>\n<meta name=\"description\" content=\"Savory es una hierba arom\u00e1tica de sabor fresco usada en carnes, huevos, sopas y salsas, que adem\u00e1s de facilitar su disgesti\u00f3n es un brillante.\u00a0\" \/>\n<meta name=\"robots\" content=\"index, follow, max-snippet:-1, max-image-preview:large, max-video-preview:-1\" \/>\n<link rel=\"canonical\" href=\"https:\/\/deliciaspersas.com\/fa\/tienda\/especias\/savory-marzeh-100g-dayan\/\" \/>\n<meta property=\"og:locale\" content=\"fa_IR\" \/>\n<meta property=\"og:type\" content=\"article\" \/>\n<meta property=\"og:title\" content=\"Savory Marzeh 100g Dayan - Delicias Persas\" \/>\n<meta property=\"og:description\" content=\"Savory es una hierba arom\u00e1tica de sabor fresco usada en carnes, huevos, sopas y salsas, que adem\u00e1s de facilitar su disgesti\u00f3n es un brillante.\u00a0\" \/>\n<meta property=\"og:url\" content=\"https:\/\/deliciaspersas.com\/fa\/tienda\/especias\/savory-marzeh-100g-dayan\/\" \/>\n<meta property=\"og:site_name\" content=\"Delicias Persas\" \/>\n<meta property=\"article:publisher\" content=\"https:\/\/www.facebook.com\/Deliciaspersas\" \/>\n<meta property=\"article:modified_time\" content=\"2024-09-03T14:25:30+00:00\" \/>\n<meta property=\"og:image\" content=\"https:\/\/deliciaspersas.com\/wp-content\/uploads\/Marzeh-Dayan.jpeg\" \/>\n\t<meta property=\"og:image:width\" content=\"512\" \/>\n\t<meta property=\"og:image:height\" content=\"452\" \/>\n\t<meta property=\"og:image:type\" content=\"image\/jpeg\" \/>\n<meta name=\"twitter:card\" content=\"summary_large_image\" \/>\n<meta name=\"twitter:label1\" content=\"\u0632\u0645\u0627\u0646 \u062a\u0642\u0631\u06cc\u0628\u06cc \u0628\u0631\u0627\u06cc \u062e\u0648\u0627\u0646\u062f\u0646\" \/>\n\t<meta name=\"twitter:data1\" content=\"2 \u062f\u0642\u06cc\u0642\u0647\" \/>\n<script type=\"application\/ld+json\" class=\"yoast-schema-graph\">{\"@context\":\"https:\/\/schema.org\",\"@graph\":[{\"@type\":\"WebPage\",\"@id\":\"https:\/\/deliciaspersas.com\/fa\/tienda\/especias\/savory-marzeh-100g-dayan\/\",\"url\":\"https:\/\/deliciaspersas.com\/fa\/tienda\/especias\/savory-marzeh-100g-dayan\/\",\"name\":\"Savory Marzeh 100g Dayan - Delicias Persas\",\"isPartOf\":{\"@id\":\"https:\/\/deliciaspersas.com\/fa\/#website\"},\"primaryImageOfPage\":{\"@id\":\"https:\/\/deliciaspersas.com\/fa\/tienda\/especias\/savory-marzeh-100g-dayan\/#primaryimage\"},\"image\":{\"@id\":\"https:\/\/deliciaspersas.com\/fa\/tienda\/especias\/savory-marzeh-100g-dayan\/#primaryimage\"},\"thumbnailUrl\":\"https:\/\/deliciaspersas.com\/wp-content\/uploads\/Marzeh-Dayan.jpeg\",\"datePublished\":\"2020-08-04T07:50:51+00:00\",\"dateModified\":\"2024-09-03T14:25:30+00:00\",\"description\":\"Savory es una hierba arom\u00e1tica de sabor fresco usada en carnes, huevos, sopas y salsas, que adem\u00e1s de facilitar su disgesti\u00f3n es un brillante.\u00a0\",\"breadcrumb\":{\"@id\":\"https:\/\/deliciaspersas.com\/fa\/tienda\/especias\/savory-marzeh-100g-dayan\/#breadcrumb\"},\"inLanguage\":\"fa-IR\",\"potentialAction\":[{\"@type\":\"ReadAction\",\"target\":[\"https:\/\/deliciaspersas.com\/fa\/tienda\/especias\/savory-marzeh-100g-dayan\/\"]}]},{\"@type\":\"ImageObject\",\"inLanguage\":\"fa-IR\",\"@id\":\"https:\/\/deliciaspersas.com\/fa\/tienda\/especias\/savory-marzeh-100g-dayan\/#primaryimage\",\"url\":\"https:\/\/deliciaspersas.com\/wp-content\/uploads\/Marzeh-Dayan.jpeg\",\"contentUrl\":\"https:\/\/deliciaspersas.com\/wp-content\/uploads\/Marzeh-Dayan.jpeg\",\"width\":512,\"height\":452},{\"@type\":\"BreadcrumbList\",\"@id\":\"https:\/\/deliciaspersas.com\/fa\/tienda\/especias\/savory-marzeh-100g-dayan\/#breadcrumb\",\"itemListElement\":[{\"@type\":\"ListItem\",\"position\":1,\"name\":\"Portada\",\"item\":\"https:\/\/deliciaspersas.com\/fa\/\"},{\"@type\":\"ListItem\",\"position\":2,\"name\":\"Tienda\",\"item\":\"https:\/\/deliciaspersas.com\/\"},{\"@type\":\"ListItem\",\"position\":3,\"name\":\"Savory Marzeh 100g Dayan\"}]},{\"@type\":\"WebSite\",\"@id\":\"https:\/\/deliciaspersas.com\/fa\/#website\",\"url\":\"https:\/\/deliciaspersas.com\/fa\/\",\"name\":\"Delicias Persas\",\"description\":\"Gastronom&iacute;a persa al alcance de tus manos\",\"publisher\":{\"@id\":\"https:\/\/deliciaspersas.com\/fa\/#organization\"},\"potentialAction\":[{\"@type\":\"SearchAction\",\"target\":{\"@type\":\"EntryPoint\",\"urlTemplate\":\"https:\/\/deliciaspersas.com\/fa\/?s={search_term_string}\"},\"query-input\":{\"@type\":\"PropertyValueSpecification\",\"valueRequired\":true,\"valueName\":\"search_term_string\"}}],\"inLanguage\":\"fa-IR\"},{\"@type\":\"Organization\",\"@id\":\"https:\/\/deliciaspersas.com\/fa\/#organization\",\"name\":\"Delicias Persas\",\"url\":\"https:\/\/deliciaspersas.com\/fa\/\",\"logo\":{\"@type\":\"ImageObject\",\"inLanguage\":\"fa-IR\",\"@id\":\"https:\/\/deliciaspersas.com\/fa\/#\/schema\/logo\/image\/\",\"url\":\"https:\/\/deliciaspersas.com\/wp-content\/uploads\/2020\/07\/logo-2020.png\",\"contentUrl\":\"https:\/\/deliciaspersas.com\/wp-content\/uploads\/2020\/07\/logo-2020.png\",\"width\":520,\"height\":490,\"caption\":\"Delicias Persas\"},\"image\":{\"@id\":\"https:\/\/deliciaspersas.com\/fa\/#\/schema\/logo\/image\/\"},\"sameAs\":[\"https:\/\/www.facebook.com\/Deliciaspersas\",\"https:\/\/www.instagram.com\/delicias_persas\/\",\"https:\/\/www.linkedin.com\/delicias-persas\"]}]}<\/script>\n<!-- \/ Yoast SEO plugin. -->","yoast_head_json":{"title":"Savory Marzeh 100g Dayan - Delicias Persas","description":"Savory es una hierba arom\u00e1tica de sabor fresco usada en carnes, huevos, sopas y salsas, que adem\u00e1s de facilitar su disgesti\u00f3n es un brillante.\u00a0","robots":{"index":"index","follow":"follow","max-snippet":"max-snippet:-1","max-image-preview":"max-image-preview:large","max-video-preview":"max-video-preview:-1"},"canonical":"https:\/\/deliciaspersas.com\/fa\/tienda\/especias\/savory-marzeh-100g-dayan\/","og_locale":"fa_IR","og_type":"article","og_title":"Savory Marzeh 100g Dayan - Delicias Persas","og_description":"Savory es una hierba arom\u00e1tica de sabor fresco usada en carnes, huevos, sopas y salsas, que adem\u00e1s de facilitar su disgesti\u00f3n es un brillante.\u00a0","og_url":"https:\/\/deliciaspersas.com\/fa\/tienda\/especias\/savory-marzeh-100g-dayan\/","og_site_name":"Delicias Persas","article_publisher":"https:\/\/www.facebook.com\/Deliciaspersas","article_modified_time":"2024-09-03T14:25:30+00:00","og_image":[{"width":512,"height":452,"url":"https:\/\/deliciaspersas.com\/wp-content\/uploads\/Marzeh-Dayan.jpeg","type":"image\/jpeg"}],"twitter_card":"summary_large_image","twitter_misc":{"\u0632\u0645\u0627\u0646 \u062a\u0642\u0631\u06cc\u0628\u06cc \u0628\u0631\u0627\u06cc \u062e\u0648\u0627\u0646\u062f\u0646":"2 \u062f\u0642\u06cc\u0642\u0647"},"schema":{"@context":"https:\/\/schema.org","@graph":[{"@type":"WebPage","@id":"https:\/\/deliciaspersas.com\/fa\/tienda\/especias\/savory-marzeh-100g-dayan\/","url":"https:\/\/deliciaspersas.com\/fa\/tienda\/especias\/savory-marzeh-100g-dayan\/","name":"Savory Marzeh 100g Dayan - Delicias Persas","isPartOf":{"@id":"https:\/\/deliciaspersas.com\/fa\/#website"},"primaryImageOfPage":{"@id":"https:\/\/deliciaspersas.com\/fa\/tienda\/especias\/savory-marzeh-100g-dayan\/#primaryimage"},"image":{"@id":"https:\/\/deliciaspersas.com\/fa\/tienda\/especias\/savory-marzeh-100g-dayan\/#primaryimage"},"thumbnailUrl":"https:\/\/deliciaspersas.com\/wp-content\/uploads\/Marzeh-Dayan.jpeg","datePublished":"2020-08-04T07:50:51+00:00","dateModified":"2024-09-03T14:25:30+00:00","description":"Savory es una hierba arom\u00e1tica de sabor fresco usada en carnes, huevos, sopas y salsas, que adem\u00e1s de facilitar su disgesti\u00f3n es un brillante.\u00a0","breadcrumb":{"@id":"https:\/\/deliciaspersas.com\/fa\/tienda\/especias\/savory-marzeh-100g-dayan\/#breadcrumb"},"inLanguage":"fa-IR","potentialAction":[{"@type":"ReadAction","target":["https:\/\/deliciaspersas.com\/fa\/tienda\/especias\/savory-marzeh-100g-dayan\/"]}]},{"@type":"ImageObject","inLanguage":"fa-IR","@id":"https:\/\/deliciaspersas.com\/fa\/tienda\/especias\/savory-marzeh-100g-dayan\/#primaryimage","url":"https:\/\/deliciaspersas.com\/wp-content\/uploads\/Marzeh-Dayan.jpeg","contentUrl":"https:\/\/deliciaspersas.com\/wp-content\/uploads\/Marzeh-Dayan.jpeg","width":512,"height":452},{"@type":"BreadcrumbList","@id":"https:\/\/deliciaspersas.com\/fa\/tienda\/especias\/savory-marzeh-100g-dayan\/#breadcrumb","itemListElement":[{"@type":"ListItem","position":1,"name":"Portada","item":"https:\/\/deliciaspersas.com\/fa\/"},{"@type":"ListItem","position":2,"name":"Tienda","item":"https:\/\/deliciaspersas.com\/"},{"@type":"ListItem","position":3,"name":"Savory Marzeh 100g Dayan"}]},{"@type":"WebSite","@id":"https:\/\/deliciaspersas.com\/fa\/#website","url":"https:\/\/deliciaspersas.com\/fa\/","name":"Delicias Persas","description":"Gastronom&iacute;a persa al alcance de tus manos","publisher":{"@id":"https:\/\/deliciaspersas.com\/fa\/#organization"},"potentialAction":[{"@type":"SearchAction","target":{"@type":"EntryPoint","urlTemplate":"https:\/\/deliciaspersas.com\/fa\/?s={search_term_string}"},"query-input":{"@type":"PropertyValueSpecification","valueRequired":true,"valueName":"search_term_string"}}],"inLanguage":"fa-IR"},{"@type":"Organization","@id":"https:\/\/deliciaspersas.com\/fa\/#organization","name":"Delicias Persas","url":"https:\/\/deliciaspersas.com\/fa\/","logo":{"@type":"ImageObject","inLanguage":"fa-IR","@id":"https:\/\/deliciaspersas.com\/fa\/#\/schema\/logo\/image\/","url":"https:\/\/deliciaspersas.com\/wp-content\/uploads\/2020\/07\/logo-2020.png","contentUrl":"https:\/\/deliciaspersas.com\/wp-content\/uploads\/2020\/07\/logo-2020.png","width":520,"height":490,"caption":"Delicias Persas"},"image":{"@id":"https:\/\/deliciaspersas.com\/fa\/#\/schema\/logo\/image\/"},"sameAs":["https:\/\/www.facebook.com\/Deliciaspersas","https:\/\/www.instagram.com\/delicias_persas\/","https:\/\/www.linkedin.com\/delicias-persas"]}]}},"uagb_featured_image_src":{"full":["https:\/\/deliciaspersas.com\/wp-content\/uploads\/Marzeh-Dayan.jpeg",512,452,false],"thumbnail":["https:\/\/deliciaspersas.com\/wp-content\/uploads\/Marzeh-Dayan-150x150.jpeg",150,150,true],"medium":["https:\/\/deliciaspersas.com\/wp-content\/uploads\/Marzeh-Dayan-300x265.jpeg",300,265,true],"medium_large":["https:\/\/deliciaspersas.com\/wp-content\/uploads\/Marzeh-Dayan.jpeg",512,452,false],"large":["https:\/\/deliciaspersas.com\/wp-content\/uploads\/Marzeh-Dayan.jpeg",512,452,false],"1536x1536":["https:\/\/deliciaspersas.com\/wp-content\/uploads\/Marzeh-Dayan.jpeg",512,452,false],"2048x2048":["https:\/\/deliciaspersas.com\/wp-content\/uploads\/Marzeh-Dayan.jpeg",512,452,false],"woocommerce_thumbnail":["https:\/\/deliciaspersas.com\/wp-content\/uploads\/Marzeh-Dayan-300x300.jpeg",300,300,true],"woocommerce_single":["https:\/\/deliciaspersas.com\/wp-content\/uploads\/Marzeh-Dayan.jpeg",512,452,false],"woocommerce_gallery_thumbnail":["https:\/\/deliciaspersas.com\/wp-content\/uploads\/Marzeh-Dayan-100x100.jpeg",100,100,true]},"uagb_author_info":{"display_name":"ventas.dayan","author_link":"https:\/\/deliciaspersas.com\/fa\/author\/"},"uagb_comment_info":0,"uagb_excerpt":"Savory Marzeh 100g Dayan Informaci\u00f3n del producto: Relacionada con la familia de la menta, es una hierba muy arom\u00e1tica de sabor algo amargo, fresco y capaz de ocultar el sabor de otras hierbas. Usos: Puede ser utilizada en carnes, aves, huevos, sopas y salsas aunque tambi\u00e9n es particularmente \u00fatil para rellenos. Un poquito de ajedrea&hellip;","brands":[{"id":52,"name":"Donya","slug":"donya"}],"_links":{"self":[{"href":"https:\/\/deliciaspersas.com\/fa\/wp-json\/wp\/v2\/product\/4146"}],"collection":[{"href":"https:\/\/deliciaspersas.com\/fa\/wp-json\/wp\/v2\/product"}],"about":[{"href":"https:\/\/deliciaspersas.com\/fa\/wp-json\/wp\/v2\/types\/product"}],"wp:featuredmedia":[{"embeddable":true,"href":"https:\/\/deliciaspersas.com\/fa\/wp-json\/wp\/v2\/media\/15232"}],"wp:attachment":[{"href":"https:\/\/deliciaspersas.com\/fa\/wp-json\/wp\/v2\/media?parent=4146"}],"wp:term":[{"taxonomy":"pwb-brand","embeddable":true,"href":"https:\/\/deliciaspersas.com\/fa\/wp-json\/wp\/v2\/pwb-brand?post=4146"},{"taxonomy":"product_cat","embeddable":true,"href":"https:\/\/deliciaspersas.com\/fa\/wp-json\/wp\/v2\/product_cat?post=4146"},{"taxonomy":"product_tag","embeddable":true,"href":"https:\/\/deliciaspersas.com\/fa\/wp-json\/wp\/v2\/product_tag?post=4146"}],"curies":[{"name":"wp","href":"https:\/\/api.w.org\/{rel}","templated":true}]}}