{"id":4150,"date":"2020-08-02T17:15:21","date_gmt":"2020-08-02T15:15:21","guid":{"rendered":"https:\/\/deliciaspersas.com\/?post_type=product&#038;p=4150"},"modified":"2025-05-16T16:38:21","modified_gmt":"2025-05-16T14:38:21","slug":"hierba-seca-de-fenogreco-shanbalileh-100g","status":"publish","type":"product","link":"https:\/\/deliciaspersas.com\/fa\/tienda\/hierbas\/hierba-seca-de-fenogreco-shanbalileh-100g\/","title":{"rendered":"Hierba seca de Fenogreco (Shanbalileh) 100g"},"content":{"rendered":"<h1>Hierba seca de Fenogreco (Shanbalileh) 100g<\/h1>\n<h6>Informaci\u00f3n del producto:<\/h6>\n<p>El fenogreco es de las plantas medicinales m\u00e1s antig\u00fcas cultivadas nativa del sur de Europa y Asia.<\/p>\n<h6>Usos:<\/h6>\n<p>Mientras se le conoce tambi\u00e9n por te\u00f1ir telas, el fenogreco es un ingrediente preferido en curries hind\u00faes, y puede a\u00f1adir un poco de chispa a cualquier platillo simple. Las semillas de fenogreco califican para la lista de ingredientes en todo. Hasta se tuestan y muelen para hacer caf\u00e9.<\/p>\n<h6>Beneficios:<\/h6>\n<p>Las semillas de fenogreco act\u00faan como un t\u00f3nico amargo, que favorece la recuperaci\u00f3n del apetito y ayuda a\u00a0regular la digesti\u00f3n. Es el uso tradicional de esta planta desde la Antig\u00fcedad.<\/p>\n<p>Tambi\u00e9n como remedio tradicional de herbolario, la alholva se ha recomendado como un\u00a0reconstituyente natural, que puede ayudar a fortalecer el organismo, y como acompa\u00f1amiento de terapias diet\u00e9ticas para aumentar de peso. Se ha indicado como un apoyo v\u00e1lido en casos de anorexia\u00a0moderada, delgadez excesiva y debilidad f\u00edsica. No debiera suplir, en ning\u00fan caso, las medidas ordenadas por el m\u00e9dico endocrino, si las hubiere.<\/p>\n<p>Por su efecto antiinflamatorio a nivel digestivo, es un recurso eficaz para tratar la gastritis\u00a0y los c\u00f3licos. Alivia el dolor de los espasmos gastrointestinales y ayuda a recuperar el normal funcionamiento de los \u00f3rganos de la digesti\u00f3n.<\/p>\n<p>Se le atribuye un ligeroefecto antian\u00e9mico, por su importante contenido en hirro y vitaminas, y puede ser \u00fatil para dar mayor consistencia a posibles dietas antian\u00e9micas, en tratamientos de largo alcance, pero mejor si se cuenta con seguimiento cl\u00ednico.<\/p>\n<p>Por la alta presencia de muc\u00edlagos, act\u00faa como restaurador de las mucosas digestivas y favorece el peristaltismo, siendo \u00fatil como remedio de apoyo en casos de estre\u00f1imiento ocasional o recurrente, como un laxante\u00a0suave.<\/p>\n<div class=\"step\">\n<div class=\"paragraph\">\n<p><span style=\"font-size: 1.1em; font-weight: bold;\">Ingredientes y al\u00e9rgenos:<\/span><\/p>\n<\/div>\n<\/div>\n<p>Hierba seca fenogreco.<\/p>\n<h6>Condiciones de conservaci\u00f3n:<\/h6>\n<p>Conservar en un lugar fresco, seco y protegido de la luz.<\/p>\n<p>&nbsp;<\/p>\n","protected":false},"excerpt":{"rendered":"<p>Hierba seca de Fenogreco (Shanbalileh) 100g Informaci\u00f3n del producto: El fenogreco es de las plantas medicinales m\u00e1s antig\u00fcas cultivadas nativa del sur de Europa y Asia. Usos: Mientras se le conoce tambi\u00e9n por te\u00f1ir telas, el fenogreco es un ingrediente preferido en curries hind\u00faes, y puede a\u00f1adir un poco de chispa a cualquier platillo simple. [&hellip;]<\/p>\n","protected":false},"featured_media":4193,"template":"","meta":{"_surecart_dashboard_logo_width":"180px","_surecart_dashboard_show_logo":true,"_surecart_dashboard_navigation_orders":true,"_surecart_dashboard_navigation_invoices":true,"_surecart_dashboard_navigation_subscriptions":true,"_surecart_dashboard_navigation_downloads":true,"_surecart_dashboard_navigation_billing":true,"_surecart_dashboard_navigation_account":true,"_uag_custom_page_level_css":"","site-sidebar-layout":"default","site-content-layout":"default","ast-site-content-layout":"default","site-content-style":"default","site-sidebar-style":"default","ast-global-header-display":"","ast-banner-title-visibility":"","ast-main-header-display":"","ast-hfb-above-header-display":"","ast-hfb-below-header-display":"","ast-hfb-mobile-header-display":"","site-post-title":"","ast-breadcrumbs-content":"","ast-featured-img":"","footer-sml-layout":"","theme-transparent-header-meta":"default","adv-header-id-meta":"","stick-header-meta":"","header-above-stick-meta":"","header-main-stick-meta":"","header-below-stick-meta":"","astra-migrate-meta-layouts":"set","ast-page-background-enabled":"default","ast-page-background-meta":{"desktop":{"background-color":"","background-image":"","background-repeat":"repeat","background-position":"center center","background-size":"auto","background-attachment":"scroll","background-type":"","background-media":"","overlay-type":"","overlay-color":"","overlay-opacity":"","overlay-gradient":""},"tablet":{"background-color":"","background-image":"","background-repeat":"repeat","background-position":"center center","background-size":"auto","background-attachment":"scroll","background-type":"","background-media":"","overlay-type":"","overlay-color":"","overlay-opacity":"","overlay-gradient":""},"mobile":{"background-color":"","background-image":"","background-repeat":"repeat","background-position":"center center","background-size":"auto","background-attachment":"scroll","background-type":"","background-media":"","overlay-type":"","overlay-color":"","overlay-opacity":"","overlay-gradient":""}},"ast-content-background-meta":{"desktop":{"background-color":"var(--ast-global-color-5)","background-image":"","background-repeat":"repeat","background-position":"center center","background-size":"auto","background-attachment":"scroll","background-type":"","background-media":"","overlay-type":"","overlay-color":"","overlay-opacity":"","overlay-gradient":""},"tablet":{"background-color":"var(--ast-global-color-5)","background-image":"","background-repeat":"repeat","background-position":"center center","background-size":"auto","background-attachment":"scroll","background-type":"","background-media":"","overlay-type":"","overlay-color":"","overlay-opacity":"","overlay-gradient":""},"mobile":{"background-color":"var(--ast-global-color-5)","background-image":"","background-repeat":"repeat","background-position":"center center","background-size":"auto","background-attachment":"scroll","background-type":"","background-media":"","overlay-type":"","overlay-color":"","overlay-opacity":"","overlay-gradient":""}}},"pwb-brand":[52],"product_cat":[41,134],"product_tag":[890,617,607,445],"class_list":{"0":"post-4150","1":"product","2":"type-product","3":"status-publish","4":"has-post-thumbnail","6":"pwb-brand-donya","7":"product_cat-hierbas","8":"product_cat-mercado-viernes","9":"product_tag-especies","10":"product_tag-fenogreco","11":"product_tag-hierbas","12":"product_tag-445","13":"desktop-align-center","14":"tablet-align-center","15":"mobile-align-center","17":"first","18":"outofstock","19":"taxable","20":"shipping-taxable","21":"purchasable","22":"product-type-simple"},"yoast_head":"<!-- This site is optimized with the Yoast SEO plugin v23.6 - https:\/\/yoast.com\/wordpress\/plugins\/seo\/ -->\n<title>Hierba seca de Fenogreco (Shanbalileh) 100g - Delicias Persas<\/title>\n<meta name=\"description\" content=\"El fenogreco es una planta medicinal cultivada nativa del sur de Europa y Asia. Es un ingrediente preferido en curries hind\u00faes....\" \/>\n<meta name=\"robots\" content=\"index, follow, max-snippet:-1, max-image-preview:large, max-video-preview:-1\" \/>\n<link rel=\"canonical\" href=\"https:\/\/deliciaspersas.com\/fa\/tienda\/hierbas\/hierba-seca-de-fenogreco-shanbalileh-100g\/\" \/>\n<meta property=\"og:locale\" content=\"fa_IR\" \/>\n<meta property=\"og:type\" content=\"article\" \/>\n<meta property=\"og:title\" content=\"Hierba seca de Fenogreco (Shanbalileh) 100g - Delicias Persas\" \/>\n<meta property=\"og:description\" content=\"El fenogreco es una planta medicinal cultivada nativa del sur de Europa y Asia. Es un ingrediente preferido en curries hind\u00faes....\" \/>\n<meta property=\"og:url\" content=\"https:\/\/deliciaspersas.com\/fa\/tienda\/hierbas\/hierba-seca-de-fenogreco-shanbalileh-100g\/\" \/>\n<meta property=\"og:site_name\" content=\"Delicias Persas\" \/>\n<meta property=\"article:publisher\" content=\"https:\/\/www.facebook.com\/Deliciaspersas\" \/>\n<meta property=\"article:modified_time\" content=\"2025-05-16T14:38:21+00:00\" \/>\n<meta property=\"og:image\" content=\"https:\/\/deliciaspersas.com\/wp-content\/uploads\/2020\/07\/Fenogreco-60g-Donya.jpg\" \/>\n\t<meta property=\"og:image:width\" content=\"760\" \/>\n\t<meta property=\"og:image:height\" content=\"760\" \/>\n\t<meta property=\"og:image:type\" content=\"image\/jpeg\" \/>\n<meta name=\"twitter:card\" content=\"summary_large_image\" \/>\n<meta name=\"twitter:label1\" content=\"\u0632\u0645\u0627\u0646 \u062a\u0642\u0631\u06cc\u0628\u06cc \u0628\u0631\u0627\u06cc \u062e\u0648\u0627\u0646\u062f\u0646\" \/>\n\t<meta name=\"twitter:data1\" content=\"2 \u062f\u0642\u06cc\u0642\u0647\" \/>\n<script type=\"application\/ld+json\" class=\"yoast-schema-graph\">{\"@context\":\"https:\/\/schema.org\",\"@graph\":[{\"@type\":\"WebPage\",\"@id\":\"https:\/\/deliciaspersas.com\/fa\/tienda\/hierbas\/hierba-seca-de-fenogreco-shanbalileh-100g\/\",\"url\":\"https:\/\/deliciaspersas.com\/fa\/tienda\/hierbas\/hierba-seca-de-fenogreco-shanbalileh-100g\/\",\"name\":\"Hierba seca de Fenogreco (Shanbalileh) 100g - Delicias Persas\",\"isPartOf\":{\"@id\":\"https:\/\/deliciaspersas.com\/fa\/#website\"},\"primaryImageOfPage\":{\"@id\":\"https:\/\/deliciaspersas.com\/fa\/tienda\/hierbas\/hierba-seca-de-fenogreco-shanbalileh-100g\/#primaryimage\"},\"image\":{\"@id\":\"https:\/\/deliciaspersas.com\/fa\/tienda\/hierbas\/hierba-seca-de-fenogreco-shanbalileh-100g\/#primaryimage\"},\"thumbnailUrl\":\"https:\/\/deliciaspersas.com\/wp-content\/uploads\/2020\/07\/Fenogreco-60g-Donya.jpg\",\"datePublished\":\"2020-08-02T15:15:21+00:00\",\"dateModified\":\"2025-05-16T14:38:21+00:00\",\"description\":\"El fenogreco es una planta medicinal cultivada nativa del sur de Europa y Asia. Es un ingrediente preferido en curries hind\u00faes....\",\"breadcrumb\":{\"@id\":\"https:\/\/deliciaspersas.com\/fa\/tienda\/hierbas\/hierba-seca-de-fenogreco-shanbalileh-100g\/#breadcrumb\"},\"inLanguage\":\"fa-IR\",\"potentialAction\":[{\"@type\":\"ReadAction\",\"target\":[\"https:\/\/deliciaspersas.com\/fa\/tienda\/hierbas\/hierba-seca-de-fenogreco-shanbalileh-100g\/\"]}]},{\"@type\":\"ImageObject\",\"inLanguage\":\"fa-IR\",\"@id\":\"https:\/\/deliciaspersas.com\/fa\/tienda\/hierbas\/hierba-seca-de-fenogreco-shanbalileh-100g\/#primaryimage\",\"url\":\"https:\/\/deliciaspersas.com\/wp-content\/uploads\/2020\/07\/Fenogreco-60g-Donya.jpg\",\"contentUrl\":\"https:\/\/deliciaspersas.com\/wp-content\/uploads\/2020\/07\/Fenogreco-60g-Donya.jpg\",\"width\":760,\"height\":760,\"caption\":\"Fenogreco 60g Donya\"},{\"@type\":\"BreadcrumbList\",\"@id\":\"https:\/\/deliciaspersas.com\/fa\/tienda\/hierbas\/hierba-seca-de-fenogreco-shanbalileh-100g\/#breadcrumb\",\"itemListElement\":[{\"@type\":\"ListItem\",\"position\":1,\"name\":\"Portada\",\"item\":\"https:\/\/deliciaspersas.com\/fa\/\"},{\"@type\":\"ListItem\",\"position\":2,\"name\":\"Tienda\",\"item\":\"https:\/\/deliciaspersas.com\/\"},{\"@type\":\"ListItem\",\"position\":3,\"name\":\"Hierba seca de Fenogreco (Shanbalileh) 100g\"}]},{\"@type\":\"WebSite\",\"@id\":\"https:\/\/deliciaspersas.com\/fa\/#website\",\"url\":\"https:\/\/deliciaspersas.com\/fa\/\",\"name\":\"Delicias Persas\",\"description\":\"Gastronom&iacute;a persa al alcance de tus manos\",\"publisher\":{\"@id\":\"https:\/\/deliciaspersas.com\/fa\/#organization\"},\"potentialAction\":[{\"@type\":\"SearchAction\",\"target\":{\"@type\":\"EntryPoint\",\"urlTemplate\":\"https:\/\/deliciaspersas.com\/fa\/?s={search_term_string}\"},\"query-input\":{\"@type\":\"PropertyValueSpecification\",\"valueRequired\":true,\"valueName\":\"search_term_string\"}}],\"inLanguage\":\"fa-IR\"},{\"@type\":\"Organization\",\"@id\":\"https:\/\/deliciaspersas.com\/fa\/#organization\",\"name\":\"Delicias Persas\",\"url\":\"https:\/\/deliciaspersas.com\/fa\/\",\"logo\":{\"@type\":\"ImageObject\",\"inLanguage\":\"fa-IR\",\"@id\":\"https:\/\/deliciaspersas.com\/fa\/#\/schema\/logo\/image\/\",\"url\":\"https:\/\/deliciaspersas.com\/wp-content\/uploads\/2020\/07\/logo-2020.png\",\"contentUrl\":\"https:\/\/deliciaspersas.com\/wp-content\/uploads\/2020\/07\/logo-2020.png\",\"width\":520,\"height\":490,\"caption\":\"Delicias Persas\"},\"image\":{\"@id\":\"https:\/\/deliciaspersas.com\/fa\/#\/schema\/logo\/image\/\"},\"sameAs\":[\"https:\/\/www.facebook.com\/Deliciaspersas\",\"https:\/\/www.instagram.com\/delicias_persas\/\",\"https:\/\/www.linkedin.com\/delicias-persas\"]}]}<\/script>\n<!-- \/ Yoast SEO plugin. -->","yoast_head_json":{"title":"Hierba seca de Fenogreco (Shanbalileh) 100g - Delicias Persas","description":"El fenogreco es una planta medicinal cultivada nativa del sur de Europa y Asia. Es un ingrediente preferido en curries hind\u00faes....","robots":{"index":"index","follow":"follow","max-snippet":"max-snippet:-1","max-image-preview":"max-image-preview:large","max-video-preview":"max-video-preview:-1"},"canonical":"https:\/\/deliciaspersas.com\/fa\/tienda\/hierbas\/hierba-seca-de-fenogreco-shanbalileh-100g\/","og_locale":"fa_IR","og_type":"article","og_title":"Hierba seca de Fenogreco (Shanbalileh) 100g - Delicias Persas","og_description":"El fenogreco es una planta medicinal cultivada nativa del sur de Europa y Asia. Es un ingrediente preferido en curries hind\u00faes....","og_url":"https:\/\/deliciaspersas.com\/fa\/tienda\/hierbas\/hierba-seca-de-fenogreco-shanbalileh-100g\/","og_site_name":"Delicias Persas","article_publisher":"https:\/\/www.facebook.com\/Deliciaspersas","article_modified_time":"2025-05-16T14:38:21+00:00","og_image":[{"width":760,"height":760,"url":"https:\/\/deliciaspersas.com\/wp-content\/uploads\/2020\/07\/Fenogreco-60g-Donya.jpg","type":"image\/jpeg"}],"twitter_card":"summary_large_image","twitter_misc":{"\u0632\u0645\u0627\u0646 \u062a\u0642\u0631\u06cc\u0628\u06cc \u0628\u0631\u0627\u06cc \u062e\u0648\u0627\u0646\u062f\u0646":"2 \u062f\u0642\u06cc\u0642\u0647"},"schema":{"@context":"https:\/\/schema.org","@graph":[{"@type":"WebPage","@id":"https:\/\/deliciaspersas.com\/fa\/tienda\/hierbas\/hierba-seca-de-fenogreco-shanbalileh-100g\/","url":"https:\/\/deliciaspersas.com\/fa\/tienda\/hierbas\/hierba-seca-de-fenogreco-shanbalileh-100g\/","name":"Hierba seca de Fenogreco (Shanbalileh) 100g - Delicias Persas","isPartOf":{"@id":"https:\/\/deliciaspersas.com\/fa\/#website"},"primaryImageOfPage":{"@id":"https:\/\/deliciaspersas.com\/fa\/tienda\/hierbas\/hierba-seca-de-fenogreco-shanbalileh-100g\/#primaryimage"},"image":{"@id":"https:\/\/deliciaspersas.com\/fa\/tienda\/hierbas\/hierba-seca-de-fenogreco-shanbalileh-100g\/#primaryimage"},"thumbnailUrl":"https:\/\/deliciaspersas.com\/wp-content\/uploads\/2020\/07\/Fenogreco-60g-Donya.jpg","datePublished":"2020-08-02T15:15:21+00:00","dateModified":"2025-05-16T14:38:21+00:00","description":"El fenogreco es una planta medicinal cultivada nativa del sur de Europa y Asia. Es un ingrediente preferido en curries hind\u00faes....","breadcrumb":{"@id":"https:\/\/deliciaspersas.com\/fa\/tienda\/hierbas\/hierba-seca-de-fenogreco-shanbalileh-100g\/#breadcrumb"},"inLanguage":"fa-IR","potentialAction":[{"@type":"ReadAction","target":["https:\/\/deliciaspersas.com\/fa\/tienda\/hierbas\/hierba-seca-de-fenogreco-shanbalileh-100g\/"]}]},{"@type":"ImageObject","inLanguage":"fa-IR","@id":"https:\/\/deliciaspersas.com\/fa\/tienda\/hierbas\/hierba-seca-de-fenogreco-shanbalileh-100g\/#primaryimage","url":"https:\/\/deliciaspersas.com\/wp-content\/uploads\/2020\/07\/Fenogreco-60g-Donya.jpg","contentUrl":"https:\/\/deliciaspersas.com\/wp-content\/uploads\/2020\/07\/Fenogreco-60g-Donya.jpg","width":760,"height":760,"caption":"Fenogreco 60g Donya"},{"@type":"BreadcrumbList","@id":"https:\/\/deliciaspersas.com\/fa\/tienda\/hierbas\/hierba-seca-de-fenogreco-shanbalileh-100g\/#breadcrumb","itemListElement":[{"@type":"ListItem","position":1,"name":"Portada","item":"https:\/\/deliciaspersas.com\/fa\/"},{"@type":"ListItem","position":2,"name":"Tienda","item":"https:\/\/deliciaspersas.com\/"},{"@type":"ListItem","position":3,"name":"Hierba seca de Fenogreco (Shanbalileh) 100g"}]},{"@type":"WebSite","@id":"https:\/\/deliciaspersas.com\/fa\/#website","url":"https:\/\/deliciaspersas.com\/fa\/","name":"Delicias Persas","description":"Gastronom&iacute;a persa al alcance de tus manos","publisher":{"@id":"https:\/\/deliciaspersas.com\/fa\/#organization"},"potentialAction":[{"@type":"SearchAction","target":{"@type":"EntryPoint","urlTemplate":"https:\/\/deliciaspersas.com\/fa\/?s={search_term_string}"},"query-input":{"@type":"PropertyValueSpecification","valueRequired":true,"valueName":"search_term_string"}}],"inLanguage":"fa-IR"},{"@type":"Organization","@id":"https:\/\/deliciaspersas.com\/fa\/#organization","name":"Delicias Persas","url":"https:\/\/deliciaspersas.com\/fa\/","logo":{"@type":"ImageObject","inLanguage":"fa-IR","@id":"https:\/\/deliciaspersas.com\/fa\/#\/schema\/logo\/image\/","url":"https:\/\/deliciaspersas.com\/wp-content\/uploads\/2020\/07\/logo-2020.png","contentUrl":"https:\/\/deliciaspersas.com\/wp-content\/uploads\/2020\/07\/logo-2020.png","width":520,"height":490,"caption":"Delicias Persas"},"image":{"@id":"https:\/\/deliciaspersas.com\/fa\/#\/schema\/logo\/image\/"},"sameAs":["https:\/\/www.facebook.com\/Deliciaspersas","https:\/\/www.instagram.com\/delicias_persas\/","https:\/\/www.linkedin.com\/delicias-persas"]}]}},"uagb_featured_image_src":{"full":["https:\/\/deliciaspersas.com\/wp-content\/uploads\/2020\/07\/Fenogreco-60g-Donya.jpg",760,760,false],"thumbnail":["https:\/\/deliciaspersas.com\/wp-content\/uploads\/2020\/07\/Fenogreco-60g-Donya-150x150.jpg",150,150,true],"medium":["https:\/\/deliciaspersas.com\/wp-content\/uploads\/2020\/07\/Fenogreco-60g-Donya-300x300.jpg",300,300,true],"medium_large":["https:\/\/deliciaspersas.com\/wp-content\/uploads\/2020\/07\/Fenogreco-60g-Donya.jpg",760,760,false],"large":["https:\/\/deliciaspersas.com\/wp-content\/uploads\/2020\/07\/Fenogreco-60g-Donya.jpg",760,760,false],"1536x1536":["https:\/\/deliciaspersas.com\/wp-content\/uploads\/2020\/07\/Fenogreco-60g-Donya.jpg",760,760,false],"2048x2048":["https:\/\/deliciaspersas.com\/wp-content\/uploads\/2020\/07\/Fenogreco-60g-Donya.jpg",760,760,false],"woocommerce_thumbnail":["https:\/\/deliciaspersas.com\/wp-content\/uploads\/2020\/07\/Fenogreco-60g-Donya-300x300.jpg",300,300,true],"woocommerce_single":["https:\/\/deliciaspersas.com\/wp-content\/uploads\/2020\/07\/Fenogreco-60g-Donya-600x600.jpg",600,600,true],"woocommerce_gallery_thumbnail":["https:\/\/deliciaspersas.com\/wp-content\/uploads\/2020\/07\/Fenogreco-60g-Donya-100x100.jpg",100,100,true]},"uagb_author_info":{"display_name":"ventas.dayan","author_link":"https:\/\/deliciaspersas.com\/fa\/author\/"},"uagb_comment_info":0,"uagb_excerpt":"Hierba seca de Fenogreco (Shanbalileh) 100g Informaci\u00f3n del producto: El fenogreco es de las plantas medicinales m\u00e1s antig\u00fcas cultivadas nativa del sur de Europa y Asia. Usos: Mientras se le conoce tambi\u00e9n por te\u00f1ir telas, el fenogreco es un ingrediente preferido en curries hind\u00faes, y puede a\u00f1adir un poco de chispa a cualquier platillo simple.&hellip;","brands":[{"id":52,"name":"Donya","slug":"donya"}],"_links":{"self":[{"href":"https:\/\/deliciaspersas.com\/fa\/wp-json\/wp\/v2\/product\/4150"}],"collection":[{"href":"https:\/\/deliciaspersas.com\/fa\/wp-json\/wp\/v2\/product"}],"about":[{"href":"https:\/\/deliciaspersas.com\/fa\/wp-json\/wp\/v2\/types\/product"}],"wp:featuredmedia":[{"embeddable":true,"href":"https:\/\/deliciaspersas.com\/fa\/wp-json\/wp\/v2\/media\/4193"}],"wp:attachment":[{"href":"https:\/\/deliciaspersas.com\/fa\/wp-json\/wp\/v2\/media?parent=4150"}],"wp:term":[{"taxonomy":"pwb-brand","embeddable":true,"href":"https:\/\/deliciaspersas.com\/fa\/wp-json\/wp\/v2\/pwb-brand?post=4150"},{"taxonomy":"product_cat","embeddable":true,"href":"https:\/\/deliciaspersas.com\/fa\/wp-json\/wp\/v2\/product_cat?post=4150"},{"taxonomy":"product_tag","embeddable":true,"href":"https:\/\/deliciaspersas.com\/fa\/wp-json\/wp\/v2\/product_tag?post=4150"}],"curies":[{"name":"wp","href":"https:\/\/api.w.org\/{rel}","templated":true}]}}