{"id":4213,"date":"2020-08-04T14:00:32","date_gmt":"2020-08-04T12:00:32","guid":{"rendered":"https:\/\/deliciaspersas.com\/?post_type=product&#038;p=4213"},"modified":"2023-09-21T17:43:08","modified_gmt":"2023-09-21T15:43:08","slug":"datiles-mazafati-donya","status":"publish","type":"product","link":"https:\/\/deliciaspersas.com\/fa\/tienda\/delicias-dulces\/datiles-mazafati-donya\/","title":{"rendered":"Datiles mazafati 500g Donya"},"content":{"rendered":"<h1>Datiles mazafati 500g Donya<\/h1>\n<p>Aplicaciones:<\/p>\n<p>Los d\u00e1tiles extra son una delicia que se puede consumir solo o como complemento. Adem\u00e1s de su delicioso sabor y textura, son fuente de vitaminas A, C y E. Minerales tales como minerales: potasio, magnesio, calcio, cobre, zinc, selenio, f\u00f3sforo, calcio, hierro y sodio; O una fuente saludable de carbohidratos<\/p>\n<p>Los d\u00e1tiles mozafati pueden considerarse uno de los d\u00e1tiles m\u00e1s apetecibles y deliciosos del mundo, especialmente cuando se consumen en la etapa media de crecimiento (ROTAB). Casi todo el mundo encuentra delicioso este d\u00e1til. Este tipo de d\u00e1til de un favorecedor color negro tiene un contenido de humedad que var\u00eda entre el 15 y el 35% seg\u00fan la \u00e9poca de recolecci\u00f3n y el lugar de cultivo. Su tama\u00f1o var\u00eda de 5,2 a 4,5 cm.<\/p>\n<p>Aplicaciones:<\/p>\n<p>Los d\u00e1tiles extra son una delicia que se puede consumir solo o como complemento. Adem\u00e1s de su delicioso sabor y textura, son fuente de vitaminas A, C y E. Minerales tales como minerales: potasio, magnesio, calcio, cobre, zinc, selenio, f\u00f3sforo, calcio, hierro y sodio; O una fuente saludable de carbohidratos<\/p>\n<p>beneficios:<\/p>\n<p>El uso de este producto aporta beneficios como: vitaminas A, C y E, vitaminas del grupo B (B1, B2 y B3) y minerales: potasio, magnesio, calcio, cobre, zinc, selenio, f\u00f3sforo, calcio, hierro y sodio. . Y tambi\u00e9n los beneficios de la canela, que regula los niveles de colesterol y es un gran estimulante.<\/p>\n<p>Debido a su alto contenido de fibra diet\u00e9tica, los d\u00e1tiles combaten el estre\u00f1imiento.<\/p>\n<p>Los minerales de los d\u00e1tiles lo convierten en un alimento ideal para fortalecer los huesos y combatir enfermedades como la osteoporosis.<\/p>\n<p>Al ser bajos en grasas, ayudan a regular los niveles de colesterol malo y previenen enfermedades del coraz\u00f3n.<\/p>\n<p>Son portadores de energ\u00eda saludable porque contienen az\u00facares naturales pero con un \u00edndice gluc\u00e9mico bajo. Debido a esto, pueden combatir el cansancio y la fatiga y agregarle m\u00e1s energ\u00eda.<\/p>\n<div class=\"step\">\n<div class=\"paragraph\">\n<p>Ingredientes y sustancias alerg\u00e9nicas:<\/p>\n<p>Fecha.<\/p>\n<p>Condiciones de protecci\u00f3n:<\/p>\n<p>Conservar en un lugar fresco y seco protegido de la luz.<\/p>\n<p>M\u00e1s informaci\u00f3n:<\/p>\n<p>Fabricante: Dunya<\/p>\n<p>UNIDAD 1B, 6 Greycaine Rd<\/p>\n<p>watfordwd24 7gp,<\/p>\n<p>Inglaterra<\/p>\n<\/div>\n<\/div>\n","protected":false},"excerpt":{"rendered":"<p>Datiles mazafati 500g Donya Aplicaciones: Los d\u00e1tiles extra son una delicia que se puede consumir solo o como complemento. Adem\u00e1s de su delicioso sabor y textura, son fuente de vitaminas A, C y E. Minerales tales como minerales: potasio, magnesio, calcio, cobre, zinc, selenio, f\u00f3sforo, calcio, hierro y sodio; O una fuente saludable de carbohidratos [&hellip;]<\/p>\n","protected":false},"featured_media":4215,"template":"","meta":{"_surecart_dashboard_logo_width":"180px","_surecart_dashboard_show_logo":true,"_surecart_dashboard_navigation_orders":true,"_surecart_dashboard_navigation_invoices":true,"_surecart_dashboard_navigation_subscriptions":true,"_surecart_dashboard_navigation_downloads":true,"_surecart_dashboard_navigation_billing":true,"_surecart_dashboard_navigation_account":true,"_uag_custom_page_level_css":"","site-sidebar-layout":"default","site-content-layout":"default","ast-site-content-layout":"","site-content-style":"default","site-sidebar-style":"default","ast-global-header-display":"","ast-banner-title-visibility":"","ast-main-header-display":"","ast-hfb-above-header-display":"","ast-hfb-below-header-display":"","ast-hfb-mobile-header-display":"","site-post-title":"","ast-breadcrumbs-content":"","ast-featured-img":"","footer-sml-layout":"","theme-transparent-header-meta":"default","adv-header-id-meta":"","stick-header-meta":"","header-above-stick-meta":"","header-main-stick-meta":"","header-below-stick-meta":"","astra-migrate-meta-layouts":"default","ast-page-background-enabled":"default","ast-page-background-meta":{"desktop":{"background-color":"","background-image":"","background-repeat":"repeat","background-position":"center center","background-size":"auto","background-attachment":"scroll","background-type":"","background-media":"","overlay-type":"","overlay-color":"","overlay-opacity":"","overlay-gradient":""},"tablet":{"background-color":"","background-image":"","background-repeat":"repeat","background-position":"center center","background-size":"auto","background-attachment":"scroll","background-type":"","background-media":"","overlay-type":"","overlay-color":"","overlay-opacity":"","overlay-gradient":""},"mobile":{"background-color":"","background-image":"","background-repeat":"repeat","background-position":"center center","background-size":"auto","background-attachment":"scroll","background-type":"","background-media":"","overlay-type":"","overlay-color":"","overlay-opacity":"","overlay-gradient":""}},"ast-content-background-meta":{"desktop":{"background-color":"var(--ast-global-color-5)","background-image":"","background-repeat":"repeat","background-position":"center center","background-size":"auto","background-attachment":"scroll","background-type":"","background-media":"","overlay-type":"","overlay-color":"","overlay-opacity":"","overlay-gradient":""},"tablet":{"background-color":"var(--ast-global-color-5)","background-image":"","background-repeat":"repeat","background-position":"center center","background-size":"auto","background-attachment":"scroll","background-type":"","background-media":"","overlay-type":"","overlay-color":"","overlay-opacity":"","overlay-gradient":""},"mobile":{"background-color":"var(--ast-global-color-5)","background-image":"","background-repeat":"repeat","background-position":"center center","background-size":"auto","background-attachment":"scroll","background-type":"","background-media":"","overlay-type":"","overlay-color":"","overlay-opacity":"","overlay-gradient":""}}},"pwb-brand":[52],"product_cat":[31,36],"product_tag":[917,951,950],"class_list":{"0":"post-4213","1":"product","2":"type-product","3":"status-publish","4":"has-post-thumbnail","6":"pwb-brand-donya","7":"product_cat-delicias-dulces","8":"product_cat-desayuno","9":"product_tag-datiles","10":"product_tag-mazafati","11":"product_tag-950","12":"desktop-align-center","13":"tablet-align-center","14":"mobile-align-center","16":"first","17":"outofstock","18":"taxable","19":"shipping-taxable","20":"purchasable","21":"product-type-simple"},"yoast_head":"<!-- This site is optimized with the Yoast SEO plugin v23.6 - https:\/\/yoast.com\/wordpress\/plugins\/seo\/ -->\n<title>Datiles mazafati 500g Donya - Delicias Persas<\/title>\n<meta name=\"description\" content=\"Los datiles mazafati son una delica que se pueden tomar solos, o como complemento. Adem\u00e1s son una fuente de vitaminas, mine...\" \/>\n<meta name=\"robots\" content=\"index, follow, max-snippet:-1, max-image-preview:large, max-video-preview:-1\" \/>\n<link rel=\"canonical\" href=\"https:\/\/deliciaspersas.com\/fa\/tienda\/delicias-dulces\/datiles-mazafati-donya\/\" \/>\n<meta property=\"og:locale\" content=\"fa_IR\" \/>\n<meta property=\"og:type\" content=\"article\" \/>\n<meta property=\"og:title\" content=\"Datiles mazafati 500g Donya - Delicias Persas\" \/>\n<meta property=\"og:description\" content=\"Los datiles mazafati son una delica que se pueden tomar solos, o como complemento. Adem\u00e1s son una fuente de vitaminas, mine...\" \/>\n<meta property=\"og:url\" content=\"https:\/\/deliciaspersas.com\/fa\/tienda\/delicias-dulces\/datiles-mazafati-donya\/\" \/>\n<meta property=\"og:site_name\" content=\"Delicias Persas\" \/>\n<meta property=\"article:publisher\" content=\"https:\/\/www.facebook.com\/Deliciaspersas\" \/>\n<meta property=\"article:modified_time\" content=\"2023-09-21T15:43:08+00:00\" \/>\n<meta property=\"og:image\" content=\"https:\/\/deliciaspersas.com\/wp-content\/uploads\/2020\/08\/15.jpg\" \/>\n\t<meta property=\"og:image:width\" content=\"760\" \/>\n\t<meta property=\"og:image:height\" content=\"760\" \/>\n\t<meta property=\"og:image:type\" content=\"image\/jpeg\" \/>\n<meta name=\"twitter:card\" content=\"summary_large_image\" \/>\n<meta name=\"twitter:label1\" content=\"\u0632\u0645\u0627\u0646 \u062a\u0642\u0631\u06cc\u0628\u06cc \u0628\u0631\u0627\u06cc \u062e\u0648\u0627\u0646\u062f\u0646\" \/>\n\t<meta name=\"twitter:data1\" content=\"2 \u062f\u0642\u06cc\u0642\u0647\" \/>\n<script type=\"application\/ld+json\" class=\"yoast-schema-graph\">{\"@context\":\"https:\/\/schema.org\",\"@graph\":[{\"@type\":\"WebPage\",\"@id\":\"https:\/\/deliciaspersas.com\/fa\/tienda\/delicias-dulces\/datiles-mazafati-donya\/\",\"url\":\"https:\/\/deliciaspersas.com\/fa\/tienda\/delicias-dulces\/datiles-mazafati-donya\/\",\"name\":\"Datiles mazafati 500g Donya - Delicias Persas\",\"isPartOf\":{\"@id\":\"https:\/\/deliciaspersas.com\/fa\/#website\"},\"primaryImageOfPage\":{\"@id\":\"https:\/\/deliciaspersas.com\/fa\/tienda\/delicias-dulces\/datiles-mazafati-donya\/#primaryimage\"},\"image\":{\"@id\":\"https:\/\/deliciaspersas.com\/fa\/tienda\/delicias-dulces\/datiles-mazafati-donya\/#primaryimage\"},\"thumbnailUrl\":\"https:\/\/deliciaspersas.com\/wp-content\/uploads\/2020\/08\/15.jpg\",\"datePublished\":\"2020-08-04T12:00:32+00:00\",\"dateModified\":\"2023-09-21T15:43:08+00:00\",\"description\":\"Los datiles mazafati son una delica que se pueden tomar solos, o como complemento. Adem\u00e1s son una fuente de vitaminas, mine...\",\"breadcrumb\":{\"@id\":\"https:\/\/deliciaspersas.com\/fa\/tienda\/delicias-dulces\/datiles-mazafati-donya\/#breadcrumb\"},\"inLanguage\":\"fa-IR\",\"potentialAction\":[{\"@type\":\"ReadAction\",\"target\":[\"https:\/\/deliciaspersas.com\/fa\/tienda\/delicias-dulces\/datiles-mazafati-donya\/\"]}]},{\"@type\":\"ImageObject\",\"inLanguage\":\"fa-IR\",\"@id\":\"https:\/\/deliciaspersas.com\/fa\/tienda\/delicias-dulces\/datiles-mazafati-donya\/#primaryimage\",\"url\":\"https:\/\/deliciaspersas.com\/wp-content\/uploads\/2020\/08\/15.jpg\",\"contentUrl\":\"https:\/\/deliciaspersas.com\/wp-content\/uploads\/2020\/08\/15.jpg\",\"width\":760,\"height\":760},{\"@type\":\"BreadcrumbList\",\"@id\":\"https:\/\/deliciaspersas.com\/fa\/tienda\/delicias-dulces\/datiles-mazafati-donya\/#breadcrumb\",\"itemListElement\":[{\"@type\":\"ListItem\",\"position\":1,\"name\":\"Portada\",\"item\":\"https:\/\/deliciaspersas.com\/fa\/\"},{\"@type\":\"ListItem\",\"position\":2,\"name\":\"Tienda\",\"item\":\"https:\/\/deliciaspersas.com\/\"},{\"@type\":\"ListItem\",\"position\":3,\"name\":\"Datiles mazafati 500g Donya\"}]},{\"@type\":\"WebSite\",\"@id\":\"https:\/\/deliciaspersas.com\/fa\/#website\",\"url\":\"https:\/\/deliciaspersas.com\/fa\/\",\"name\":\"Delicias Persas\",\"description\":\"Gastronom&iacute;a persa al alcance de tus manos\",\"publisher\":{\"@id\":\"https:\/\/deliciaspersas.com\/fa\/#organization\"},\"potentialAction\":[{\"@type\":\"SearchAction\",\"target\":{\"@type\":\"EntryPoint\",\"urlTemplate\":\"https:\/\/deliciaspersas.com\/fa\/?s={search_term_string}\"},\"query-input\":{\"@type\":\"PropertyValueSpecification\",\"valueRequired\":true,\"valueName\":\"search_term_string\"}}],\"inLanguage\":\"fa-IR\"},{\"@type\":\"Organization\",\"@id\":\"https:\/\/deliciaspersas.com\/fa\/#organization\",\"name\":\"Delicias Persas\",\"url\":\"https:\/\/deliciaspersas.com\/fa\/\",\"logo\":{\"@type\":\"ImageObject\",\"inLanguage\":\"fa-IR\",\"@id\":\"https:\/\/deliciaspersas.com\/fa\/#\/schema\/logo\/image\/\",\"url\":\"https:\/\/deliciaspersas.com\/wp-content\/uploads\/2020\/07\/logo-2020.png\",\"contentUrl\":\"https:\/\/deliciaspersas.com\/wp-content\/uploads\/2020\/07\/logo-2020.png\",\"width\":520,\"height\":490,\"caption\":\"Delicias Persas\"},\"image\":{\"@id\":\"https:\/\/deliciaspersas.com\/fa\/#\/schema\/logo\/image\/\"},\"sameAs\":[\"https:\/\/www.facebook.com\/Deliciaspersas\",\"https:\/\/www.instagram.com\/delicias_persas\/\",\"https:\/\/www.linkedin.com\/delicias-persas\"]}]}<\/script>\n<!-- \/ Yoast SEO plugin. -->","yoast_head_json":{"title":"Datiles mazafati 500g Donya - Delicias Persas","description":"Los datiles mazafati son una delica que se pueden tomar solos, o como complemento. Adem\u00e1s son una fuente de vitaminas, mine...","robots":{"index":"index","follow":"follow","max-snippet":"max-snippet:-1","max-image-preview":"max-image-preview:large","max-video-preview":"max-video-preview:-1"},"canonical":"https:\/\/deliciaspersas.com\/fa\/tienda\/delicias-dulces\/datiles-mazafati-donya\/","og_locale":"fa_IR","og_type":"article","og_title":"Datiles mazafati 500g Donya - Delicias Persas","og_description":"Los datiles mazafati son una delica que se pueden tomar solos, o como complemento. Adem\u00e1s son una fuente de vitaminas, mine...","og_url":"https:\/\/deliciaspersas.com\/fa\/tienda\/delicias-dulces\/datiles-mazafati-donya\/","og_site_name":"Delicias Persas","article_publisher":"https:\/\/www.facebook.com\/Deliciaspersas","article_modified_time":"2023-09-21T15:43:08+00:00","og_image":[{"width":760,"height":760,"url":"https:\/\/deliciaspersas.com\/wp-content\/uploads\/2020\/08\/15.jpg","type":"image\/jpeg"}],"twitter_card":"summary_large_image","twitter_misc":{"\u0632\u0645\u0627\u0646 \u062a\u0642\u0631\u06cc\u0628\u06cc \u0628\u0631\u0627\u06cc \u062e\u0648\u0627\u0646\u062f\u0646":"2 \u062f\u0642\u06cc\u0642\u0647"},"schema":{"@context":"https:\/\/schema.org","@graph":[{"@type":"WebPage","@id":"https:\/\/deliciaspersas.com\/fa\/tienda\/delicias-dulces\/datiles-mazafati-donya\/","url":"https:\/\/deliciaspersas.com\/fa\/tienda\/delicias-dulces\/datiles-mazafati-donya\/","name":"Datiles mazafati 500g Donya - Delicias Persas","isPartOf":{"@id":"https:\/\/deliciaspersas.com\/fa\/#website"},"primaryImageOfPage":{"@id":"https:\/\/deliciaspersas.com\/fa\/tienda\/delicias-dulces\/datiles-mazafati-donya\/#primaryimage"},"image":{"@id":"https:\/\/deliciaspersas.com\/fa\/tienda\/delicias-dulces\/datiles-mazafati-donya\/#primaryimage"},"thumbnailUrl":"https:\/\/deliciaspersas.com\/wp-content\/uploads\/2020\/08\/15.jpg","datePublished":"2020-08-04T12:00:32+00:00","dateModified":"2023-09-21T15:43:08+00:00","description":"Los datiles mazafati son una delica que se pueden tomar solos, o como complemento. Adem\u00e1s son una fuente de vitaminas, mine...","breadcrumb":{"@id":"https:\/\/deliciaspersas.com\/fa\/tienda\/delicias-dulces\/datiles-mazafati-donya\/#breadcrumb"},"inLanguage":"fa-IR","potentialAction":[{"@type":"ReadAction","target":["https:\/\/deliciaspersas.com\/fa\/tienda\/delicias-dulces\/datiles-mazafati-donya\/"]}]},{"@type":"ImageObject","inLanguage":"fa-IR","@id":"https:\/\/deliciaspersas.com\/fa\/tienda\/delicias-dulces\/datiles-mazafati-donya\/#primaryimage","url":"https:\/\/deliciaspersas.com\/wp-content\/uploads\/2020\/08\/15.jpg","contentUrl":"https:\/\/deliciaspersas.com\/wp-content\/uploads\/2020\/08\/15.jpg","width":760,"height":760},{"@type":"BreadcrumbList","@id":"https:\/\/deliciaspersas.com\/fa\/tienda\/delicias-dulces\/datiles-mazafati-donya\/#breadcrumb","itemListElement":[{"@type":"ListItem","position":1,"name":"Portada","item":"https:\/\/deliciaspersas.com\/fa\/"},{"@type":"ListItem","position":2,"name":"Tienda","item":"https:\/\/deliciaspersas.com\/"},{"@type":"ListItem","position":3,"name":"Datiles mazafati 500g Donya"}]},{"@type":"WebSite","@id":"https:\/\/deliciaspersas.com\/fa\/#website","url":"https:\/\/deliciaspersas.com\/fa\/","name":"Delicias Persas","description":"Gastronom&iacute;a persa al alcance de tus manos","publisher":{"@id":"https:\/\/deliciaspersas.com\/fa\/#organization"},"potentialAction":[{"@type":"SearchAction","target":{"@type":"EntryPoint","urlTemplate":"https:\/\/deliciaspersas.com\/fa\/?s={search_term_string}"},"query-input":{"@type":"PropertyValueSpecification","valueRequired":true,"valueName":"search_term_string"}}],"inLanguage":"fa-IR"},{"@type":"Organization","@id":"https:\/\/deliciaspersas.com\/fa\/#organization","name":"Delicias Persas","url":"https:\/\/deliciaspersas.com\/fa\/","logo":{"@type":"ImageObject","inLanguage":"fa-IR","@id":"https:\/\/deliciaspersas.com\/fa\/#\/schema\/logo\/image\/","url":"https:\/\/deliciaspersas.com\/wp-content\/uploads\/2020\/07\/logo-2020.png","contentUrl":"https:\/\/deliciaspersas.com\/wp-content\/uploads\/2020\/07\/logo-2020.png","width":520,"height":490,"caption":"Delicias Persas"},"image":{"@id":"https:\/\/deliciaspersas.com\/fa\/#\/schema\/logo\/image\/"},"sameAs":["https:\/\/www.facebook.com\/Deliciaspersas","https:\/\/www.instagram.com\/delicias_persas\/","https:\/\/www.linkedin.com\/delicias-persas"]}]}},"uagb_featured_image_src":{"full":["https:\/\/deliciaspersas.com\/wp-content\/uploads\/2020\/08\/15.jpg",760,760,false],"thumbnail":["https:\/\/deliciaspersas.com\/wp-content\/uploads\/2020\/08\/15-150x150.jpg",150,150,true],"medium":["https:\/\/deliciaspersas.com\/wp-content\/uploads\/2020\/08\/15-300x300.jpg",300,300,true],"medium_large":["https:\/\/deliciaspersas.com\/wp-content\/uploads\/2020\/08\/15.jpg",760,760,false],"large":["https:\/\/deliciaspersas.com\/wp-content\/uploads\/2020\/08\/15.jpg",760,760,false],"1536x1536":["https:\/\/deliciaspersas.com\/wp-content\/uploads\/2020\/08\/15.jpg",760,760,false],"2048x2048":["https:\/\/deliciaspersas.com\/wp-content\/uploads\/2020\/08\/15.jpg",760,760,false],"woocommerce_thumbnail":["https:\/\/deliciaspersas.com\/wp-content\/uploads\/2020\/08\/15-300x300.jpg",300,300,true],"woocommerce_single":["https:\/\/deliciaspersas.com\/wp-content\/uploads\/2020\/08\/15-600x600.jpg",600,600,true],"woocommerce_gallery_thumbnail":["https:\/\/deliciaspersas.com\/wp-content\/uploads\/2020\/08\/15-100x100.jpg",100,100,true]},"uagb_author_info":{"display_name":"ventas.dayan","author_link":"https:\/\/deliciaspersas.com\/fa\/author\/"},"uagb_comment_info":0,"uagb_excerpt":"Datiles mazafati 500g Donya Aplicaciones: Los d\u00e1tiles extra son una delicia que se puede consumir solo o como complemento. Adem\u00e1s de su delicioso sabor y textura, son fuente de vitaminas A, C y E. Minerales tales como minerales: potasio, magnesio, calcio, cobre, zinc, selenio, f\u00f3sforo, calcio, hierro y sodio; O una fuente saludable de carbohidratos&hellip;","brands":[{"id":52,"name":"Donya","slug":"donya"}],"_links":{"self":[{"href":"https:\/\/deliciaspersas.com\/fa\/wp-json\/wp\/v2\/product\/4213"}],"collection":[{"href":"https:\/\/deliciaspersas.com\/fa\/wp-json\/wp\/v2\/product"}],"about":[{"href":"https:\/\/deliciaspersas.com\/fa\/wp-json\/wp\/v2\/types\/product"}],"wp:featuredmedia":[{"embeddable":true,"href":"https:\/\/deliciaspersas.com\/fa\/wp-json\/wp\/v2\/media\/4215"}],"wp:attachment":[{"href":"https:\/\/deliciaspersas.com\/fa\/wp-json\/wp\/v2\/media?parent=4213"}],"wp:term":[{"taxonomy":"pwb-brand","embeddable":true,"href":"https:\/\/deliciaspersas.com\/fa\/wp-json\/wp\/v2\/pwb-brand?post=4213"},{"taxonomy":"product_cat","embeddable":true,"href":"https:\/\/deliciaspersas.com\/fa\/wp-json\/wp\/v2\/product_cat?post=4213"},{"taxonomy":"product_tag","embeddable":true,"href":"https:\/\/deliciaspersas.com\/fa\/wp-json\/wp\/v2\/product_tag?post=4213"}],"curies":[{"name":"wp","href":"https:\/\/api.w.org\/{rel}","templated":true}]}}