{"id":4329,"date":"2020-08-11T10:03:34","date_gmt":"2020-08-11T08:03:34","guid":{"rendered":"https:\/\/deliciaspersas.com\/?post_type=product&#038;p=4329"},"modified":"2024-07-07T11:22:59","modified_gmt":"2024-07-07T09:22:59","slug":"hojas-de-uva-1050g-taksa","status":"publish","type":"product","link":"https:\/\/deliciaspersas.com\/fa\/tienda\/hierbas\/hojas-de-uva-1050g-taksa\/","title":{"rendered":"Hojas de uva 1050g Seiran"},"content":{"rendered":"<h1>Hojas de uva 1050g Seiran<\/h1>\n<h6>Informaci\u00f3n del producto:<\/h6>\n<p class=\"title\" data-asset-id=\"967547802\">Las hojas de uva son una buena fuente de nutrientes, ya que incluyen vitaminas C, E, A, K y B6, adem\u00e1s de niacina, hierro, fibra, riboflavina, \u00e1cido f\u00f3lico, calcio, magnesio, cobre y manganeso. Una sola porci\u00f3n es muy saludable para el coraz\u00f3n, no tiene grasa ni colesterol y es baja en sodio y az\u00facar.<\/p>\n<h6>Ingredientes y al\u00e9rgenos:<\/h6>\n<p>Se compone de hojas de uva.<\/p>\n<h6>Usos:<\/h6>\n<p>Las hojas de uva se emplean para envolver los alimentos, formando una hoja a rellenar.<\/p>\n<h6>Beneficios:<\/h6>\n<p>Si tiene un problema inflamatorio como artritis, amigdalitis o inflamaci\u00f3n cr\u00f3nica, puedes usar hojas de uva para aliviarlos. Este producto contienen \u00e1cidos grasos omega-3 y antioxidantes que son responsables del proceso inflamatorio. Esto ayudar\u00e1 a reducir la inflamaci\u00f3n y tratar\u00e1 enfermedades cr\u00f3nicas.<br \/>\nTambi\u00e9n tienen una carga gluc\u00e9mica baja. Esta es una buena dieta, especialmente para pacientes con diabetes. Adem\u00e1s, el alto contenido de fibra en estas hojas puede reducir los niveles de glucosa en sangre.<\/p>\n<p>As\u00ed mismo son excelentes en fibra diet\u00e9tica y ayudan a mejorar la funci\u00f3n gastrointestinal y absorben los nutrientes.<\/p>\n<p>La fibra diet\u00e9tica en ellas ayuda a prevenir el estre\u00f1imiento. Esta fibra digiere bien los alimentos, por lo que se puede eliminar f\u00e1cilmente del cuerpo.<br \/>\nContienen minerales de zinc que pueden proteger la mucosa intestinal. Este mecanismo ayuda a que el intestino sane r\u00e1pidamente cuando hay moco, como un problema de diarrea.<\/p>\n<p>Las hojas de uva son ricas en hierro mineral, que ayuda a prevenir la anemia. Este mineral juega un papel importante en la formaci\u00f3n de hemoglobina en los gl\u00f3bulos rojos. Estos beneficios para la salud tambi\u00e9n est\u00e1n respaldados por la vitamina C, que ayuda a absorber bien el hierro.<\/p>\n<h6>Condiciones de conservaci\u00f3n:<\/h6>\n<p>Conservar en un lugar fresco, seco y protegido de la luz.<\/p>\n<h6>Informaci\u00f3n adicional:<\/h6>\n<p>Fabricado por: Taksa.<\/p>\n","protected":false},"excerpt":{"rendered":"<p>Hojas de uva 1050g Seiran Informaci\u00f3n del producto: Las hojas de uva son una buena fuente de nutrientes, ya que incluyen vitaminas C, E, A, K y B6, adem\u00e1s de niacina, hierro, fibra, riboflavina, \u00e1cido f\u00f3lico, calcio, magnesio, cobre y manganeso. Una sola porci\u00f3n es muy saludable para el coraz\u00f3n, no tiene grasa ni colesterol [&hellip;]<\/p>\n","protected":false},"featured_media":12300,"template":"","meta":{"_surecart_dashboard_logo_width":"180px","_surecart_dashboard_show_logo":true,"_surecart_dashboard_navigation_orders":true,"_surecart_dashboard_navigation_invoices":true,"_surecart_dashboard_navigation_subscriptions":true,"_surecart_dashboard_navigation_downloads":true,"_surecart_dashboard_navigation_billing":true,"_surecart_dashboard_navigation_account":true,"_uag_custom_page_level_css":"","site-sidebar-layout":"default","site-content-layout":"default","ast-site-content-layout":"default","site-content-style":"default","site-sidebar-style":"default","ast-global-header-display":"","ast-banner-title-visibility":"","ast-main-header-display":"","ast-hfb-above-header-display":"","ast-hfb-below-header-display":"","ast-hfb-mobile-header-display":"","site-post-title":"","ast-breadcrumbs-content":"","ast-featured-img":"","footer-sml-layout":"","theme-transparent-header-meta":"default","adv-header-id-meta":"","stick-header-meta":"","header-above-stick-meta":"","header-main-stick-meta":"","header-below-stick-meta":"","astra-migrate-meta-layouts":"set","ast-page-background-enabled":"default","ast-page-background-meta":{"desktop":{"background-color":"","background-image":"","background-repeat":"repeat","background-position":"center center","background-size":"auto","background-attachment":"scroll","background-type":"","background-media":"","overlay-type":"","overlay-color":"","overlay-opacity":"","overlay-gradient":""},"tablet":{"background-color":"","background-image":"","background-repeat":"repeat","background-position":"center center","background-size":"auto","background-attachment":"scroll","background-type":"","background-media":"","overlay-type":"","overlay-color":"","overlay-opacity":"","overlay-gradient":""},"mobile":{"background-color":"","background-image":"","background-repeat":"repeat","background-position":"center center","background-size":"auto","background-attachment":"scroll","background-type":"","background-media":"","overlay-type":"","overlay-color":"","overlay-opacity":"","overlay-gradient":""}},"ast-content-background-meta":{"desktop":{"background-color":"var(--ast-global-color-5)","background-image":"","background-repeat":"repeat","background-position":"center center","background-size":"auto","background-attachment":"scroll","background-type":"","background-media":"","overlay-type":"","overlay-color":"","overlay-opacity":"","overlay-gradient":""},"tablet":{"background-color":"var(--ast-global-color-5)","background-image":"","background-repeat":"repeat","background-position":"center center","background-size":"auto","background-attachment":"scroll","background-type":"","background-media":"","overlay-type":"","overlay-color":"","overlay-opacity":"","overlay-gradient":""},"mobile":{"background-color":"var(--ast-global-color-5)","background-image":"","background-repeat":"repeat","background-position":"center center","background-size":"auto","background-attachment":"scroll","background-type":"","background-media":"","overlay-type":"","overlay-color":"","overlay-opacity":"","overlay-gradient":""}}},"pwb-brand":[],"product_cat":[41],"product_tag":[607,1004,953,1007],"class_list":{"0":"post-4329","1":"product","2":"type-product","3":"status-publish","4":"has-post-thumbnail","6":"product_cat-hierbas","7":"product_tag-hierbas","8":"product_tag-hoja","9":"product_tag-uva","10":"product_tag-1007","11":"desktop-align-center","12":"tablet-align-center","13":"mobile-align-center","15":"first","16":"outofstock","17":"taxable","18":"shipping-taxable","19":"purchasable","20":"product-type-simple"},"yoast_head":"<!-- This site is optimized with the Yoast SEO plugin v23.6 - https:\/\/yoast.com\/wordpress\/plugins\/seo\/ -->\n<title>Hojas de uva 1050g Seiran - Delicias Persas<\/title>\n<meta name=\"description\" content=\"Las hojas de uva son una gran fuente de nutrientes, que incluyen vitaminas C, E, A, y B6, adem\u00e1s de, hierro, fibra, \u00e1cido f\u00f3lico y mucho mas\" \/>\n<meta name=\"robots\" content=\"index, follow, max-snippet:-1, max-image-preview:large, max-video-preview:-1\" \/>\n<link rel=\"canonical\" href=\"https:\/\/deliciaspersas.com\/fa\/tienda\/hierbas\/hojas-de-uva-1050g-taksa\/\" \/>\n<meta property=\"og:locale\" content=\"fa_IR\" \/>\n<meta property=\"og:type\" content=\"article\" \/>\n<meta property=\"og:title\" content=\"Hojas de uva 1050g Seiran - Delicias Persas\" \/>\n<meta property=\"og:description\" content=\"Las hojas de uva son una gran fuente de nutrientes, que incluyen vitaminas C, E, A, y B6, adem\u00e1s de, hierro, fibra, \u00e1cido f\u00f3lico y mucho mas\" \/>\n<meta property=\"og:url\" content=\"https:\/\/deliciaspersas.com\/fa\/tienda\/hierbas\/hojas-de-uva-1050g-taksa\/\" \/>\n<meta property=\"og:site_name\" content=\"Delicias Persas\" \/>\n<meta property=\"article:publisher\" content=\"https:\/\/www.facebook.com\/Deliciaspersas\" \/>\n<meta property=\"article:modified_time\" content=\"2024-07-07T09:22:59+00:00\" \/>\n<meta property=\"og:image\" content=\"https:\/\/deliciaspersas.com\/wp-content\/uploads\/grape-leaves-vinblad-seiran-1.jpeg\" \/>\n\t<meta property=\"og:image:width\" content=\"1258\" \/>\n\t<meta property=\"og:image:height\" content=\"1258\" \/>\n\t<meta property=\"og:image:type\" content=\"image\/jpeg\" \/>\n<meta name=\"twitter:card\" content=\"summary_large_image\" \/>\n<meta name=\"twitter:label1\" content=\"\u0632\u0645\u0627\u0646 \u062a\u0642\u0631\u06cc\u0628\u06cc \u0628\u0631\u0627\u06cc \u062e\u0648\u0627\u0646\u062f\u0646\" \/>\n\t<meta name=\"twitter:data1\" content=\"2 \u062f\u0642\u06cc\u0642\u0647\" \/>\n<script type=\"application\/ld+json\" class=\"yoast-schema-graph\">{\"@context\":\"https:\/\/schema.org\",\"@graph\":[{\"@type\":\"WebPage\",\"@id\":\"https:\/\/deliciaspersas.com\/fa\/tienda\/hierbas\/hojas-de-uva-1050g-taksa\/\",\"url\":\"https:\/\/deliciaspersas.com\/fa\/tienda\/hierbas\/hojas-de-uva-1050g-taksa\/\",\"name\":\"Hojas de uva 1050g Seiran - Delicias Persas\",\"isPartOf\":{\"@id\":\"https:\/\/deliciaspersas.com\/fa\/#website\"},\"primaryImageOfPage\":{\"@id\":\"https:\/\/deliciaspersas.com\/fa\/tienda\/hierbas\/hojas-de-uva-1050g-taksa\/#primaryimage\"},\"image\":{\"@id\":\"https:\/\/deliciaspersas.com\/fa\/tienda\/hierbas\/hojas-de-uva-1050g-taksa\/#primaryimage\"},\"thumbnailUrl\":\"https:\/\/deliciaspersas.com\/wp-content\/uploads\/grape-leaves-vinblad-seiran-1.jpeg\",\"datePublished\":\"2020-08-11T08:03:34+00:00\",\"dateModified\":\"2024-07-07T09:22:59+00:00\",\"description\":\"Las hojas de uva son una gran fuente de nutrientes, que incluyen vitaminas C, E, A, y B6, adem\u00e1s de, hierro, fibra, \u00e1cido f\u00f3lico y mucho mas\",\"breadcrumb\":{\"@id\":\"https:\/\/deliciaspersas.com\/fa\/tienda\/hierbas\/hojas-de-uva-1050g-taksa\/#breadcrumb\"},\"inLanguage\":\"fa-IR\",\"potentialAction\":[{\"@type\":\"ReadAction\",\"target\":[\"https:\/\/deliciaspersas.com\/fa\/tienda\/hierbas\/hojas-de-uva-1050g-taksa\/\"]}]},{\"@type\":\"ImageObject\",\"inLanguage\":\"fa-IR\",\"@id\":\"https:\/\/deliciaspersas.com\/fa\/tienda\/hierbas\/hojas-de-uva-1050g-taksa\/#primaryimage\",\"url\":\"https:\/\/deliciaspersas.com\/wp-content\/uploads\/grape-leaves-vinblad-seiran-1.jpeg\",\"contentUrl\":\"https:\/\/deliciaspersas.com\/wp-content\/uploads\/grape-leaves-vinblad-seiran-1.jpeg\",\"width\":1258,\"height\":1258},{\"@type\":\"BreadcrumbList\",\"@id\":\"https:\/\/deliciaspersas.com\/fa\/tienda\/hierbas\/hojas-de-uva-1050g-taksa\/#breadcrumb\",\"itemListElement\":[{\"@type\":\"ListItem\",\"position\":1,\"name\":\"Portada\",\"item\":\"https:\/\/deliciaspersas.com\/fa\/\"},{\"@type\":\"ListItem\",\"position\":2,\"name\":\"Tienda\",\"item\":\"https:\/\/deliciaspersas.com\/\"},{\"@type\":\"ListItem\",\"position\":3,\"name\":\"Hojas de uva 1050g Seiran\"}]},{\"@type\":\"WebSite\",\"@id\":\"https:\/\/deliciaspersas.com\/fa\/#website\",\"url\":\"https:\/\/deliciaspersas.com\/fa\/\",\"name\":\"Delicias Persas\",\"description\":\"Gastronom&iacute;a persa al alcance de tus manos\",\"publisher\":{\"@id\":\"https:\/\/deliciaspersas.com\/fa\/#organization\"},\"potentialAction\":[{\"@type\":\"SearchAction\",\"target\":{\"@type\":\"EntryPoint\",\"urlTemplate\":\"https:\/\/deliciaspersas.com\/fa\/?s={search_term_string}\"},\"query-input\":{\"@type\":\"PropertyValueSpecification\",\"valueRequired\":true,\"valueName\":\"search_term_string\"}}],\"inLanguage\":\"fa-IR\"},{\"@type\":\"Organization\",\"@id\":\"https:\/\/deliciaspersas.com\/fa\/#organization\",\"name\":\"Delicias Persas\",\"url\":\"https:\/\/deliciaspersas.com\/fa\/\",\"logo\":{\"@type\":\"ImageObject\",\"inLanguage\":\"fa-IR\",\"@id\":\"https:\/\/deliciaspersas.com\/fa\/#\/schema\/logo\/image\/\",\"url\":\"https:\/\/deliciaspersas.com\/wp-content\/uploads\/2020\/07\/logo-2020.png\",\"contentUrl\":\"https:\/\/deliciaspersas.com\/wp-content\/uploads\/2020\/07\/logo-2020.png\",\"width\":520,\"height\":490,\"caption\":\"Delicias Persas\"},\"image\":{\"@id\":\"https:\/\/deliciaspersas.com\/fa\/#\/schema\/logo\/image\/\"},\"sameAs\":[\"https:\/\/www.facebook.com\/Deliciaspersas\",\"https:\/\/www.instagram.com\/delicias_persas\/\",\"https:\/\/www.linkedin.com\/delicias-persas\"]}]}<\/script>\n<!-- \/ Yoast SEO plugin. -->","yoast_head_json":{"title":"Hojas de uva 1050g Seiran - Delicias Persas","description":"Las hojas de uva son una gran fuente de nutrientes, que incluyen vitaminas C, E, A, y B6, adem\u00e1s de, hierro, fibra, \u00e1cido f\u00f3lico y mucho mas","robots":{"index":"index","follow":"follow","max-snippet":"max-snippet:-1","max-image-preview":"max-image-preview:large","max-video-preview":"max-video-preview:-1"},"canonical":"https:\/\/deliciaspersas.com\/fa\/tienda\/hierbas\/hojas-de-uva-1050g-taksa\/","og_locale":"fa_IR","og_type":"article","og_title":"Hojas de uva 1050g Seiran - Delicias Persas","og_description":"Las hojas de uva son una gran fuente de nutrientes, que incluyen vitaminas C, E, A, y B6, adem\u00e1s de, hierro, fibra, \u00e1cido f\u00f3lico y mucho mas","og_url":"https:\/\/deliciaspersas.com\/fa\/tienda\/hierbas\/hojas-de-uva-1050g-taksa\/","og_site_name":"Delicias Persas","article_publisher":"https:\/\/www.facebook.com\/Deliciaspersas","article_modified_time":"2024-07-07T09:22:59+00:00","og_image":[{"width":1258,"height":1258,"url":"https:\/\/deliciaspersas.com\/wp-content\/uploads\/grape-leaves-vinblad-seiran-1.jpeg","type":"image\/jpeg"}],"twitter_card":"summary_large_image","twitter_misc":{"\u0632\u0645\u0627\u0646 \u062a\u0642\u0631\u06cc\u0628\u06cc \u0628\u0631\u0627\u06cc \u062e\u0648\u0627\u0646\u062f\u0646":"2 \u062f\u0642\u06cc\u0642\u0647"},"schema":{"@context":"https:\/\/schema.org","@graph":[{"@type":"WebPage","@id":"https:\/\/deliciaspersas.com\/fa\/tienda\/hierbas\/hojas-de-uva-1050g-taksa\/","url":"https:\/\/deliciaspersas.com\/fa\/tienda\/hierbas\/hojas-de-uva-1050g-taksa\/","name":"Hojas de uva 1050g Seiran - Delicias Persas","isPartOf":{"@id":"https:\/\/deliciaspersas.com\/fa\/#website"},"primaryImageOfPage":{"@id":"https:\/\/deliciaspersas.com\/fa\/tienda\/hierbas\/hojas-de-uva-1050g-taksa\/#primaryimage"},"image":{"@id":"https:\/\/deliciaspersas.com\/fa\/tienda\/hierbas\/hojas-de-uva-1050g-taksa\/#primaryimage"},"thumbnailUrl":"https:\/\/deliciaspersas.com\/wp-content\/uploads\/grape-leaves-vinblad-seiran-1.jpeg","datePublished":"2020-08-11T08:03:34+00:00","dateModified":"2024-07-07T09:22:59+00:00","description":"Las hojas de uva son una gran fuente de nutrientes, que incluyen vitaminas C, E, A, y B6, adem\u00e1s de, hierro, fibra, \u00e1cido f\u00f3lico y mucho mas","breadcrumb":{"@id":"https:\/\/deliciaspersas.com\/fa\/tienda\/hierbas\/hojas-de-uva-1050g-taksa\/#breadcrumb"},"inLanguage":"fa-IR","potentialAction":[{"@type":"ReadAction","target":["https:\/\/deliciaspersas.com\/fa\/tienda\/hierbas\/hojas-de-uva-1050g-taksa\/"]}]},{"@type":"ImageObject","inLanguage":"fa-IR","@id":"https:\/\/deliciaspersas.com\/fa\/tienda\/hierbas\/hojas-de-uva-1050g-taksa\/#primaryimage","url":"https:\/\/deliciaspersas.com\/wp-content\/uploads\/grape-leaves-vinblad-seiran-1.jpeg","contentUrl":"https:\/\/deliciaspersas.com\/wp-content\/uploads\/grape-leaves-vinblad-seiran-1.jpeg","width":1258,"height":1258},{"@type":"BreadcrumbList","@id":"https:\/\/deliciaspersas.com\/fa\/tienda\/hierbas\/hojas-de-uva-1050g-taksa\/#breadcrumb","itemListElement":[{"@type":"ListItem","position":1,"name":"Portada","item":"https:\/\/deliciaspersas.com\/fa\/"},{"@type":"ListItem","position":2,"name":"Tienda","item":"https:\/\/deliciaspersas.com\/"},{"@type":"ListItem","position":3,"name":"Hojas de uva 1050g Seiran"}]},{"@type":"WebSite","@id":"https:\/\/deliciaspersas.com\/fa\/#website","url":"https:\/\/deliciaspersas.com\/fa\/","name":"Delicias Persas","description":"Gastronom&iacute;a persa al alcance de tus manos","publisher":{"@id":"https:\/\/deliciaspersas.com\/fa\/#organization"},"potentialAction":[{"@type":"SearchAction","target":{"@type":"EntryPoint","urlTemplate":"https:\/\/deliciaspersas.com\/fa\/?s={search_term_string}"},"query-input":{"@type":"PropertyValueSpecification","valueRequired":true,"valueName":"search_term_string"}}],"inLanguage":"fa-IR"},{"@type":"Organization","@id":"https:\/\/deliciaspersas.com\/fa\/#organization","name":"Delicias Persas","url":"https:\/\/deliciaspersas.com\/fa\/","logo":{"@type":"ImageObject","inLanguage":"fa-IR","@id":"https:\/\/deliciaspersas.com\/fa\/#\/schema\/logo\/image\/","url":"https:\/\/deliciaspersas.com\/wp-content\/uploads\/2020\/07\/logo-2020.png","contentUrl":"https:\/\/deliciaspersas.com\/wp-content\/uploads\/2020\/07\/logo-2020.png","width":520,"height":490,"caption":"Delicias Persas"},"image":{"@id":"https:\/\/deliciaspersas.com\/fa\/#\/schema\/logo\/image\/"},"sameAs":["https:\/\/www.facebook.com\/Deliciaspersas","https:\/\/www.instagram.com\/delicias_persas\/","https:\/\/www.linkedin.com\/delicias-persas"]}]}},"uagb_featured_image_src":{"full":["https:\/\/deliciaspersas.com\/wp-content\/uploads\/grape-leaves-vinblad-seiran-1.jpeg",1258,1258,false],"thumbnail":["https:\/\/deliciaspersas.com\/wp-content\/uploads\/grape-leaves-vinblad-seiran-1-150x150.jpeg",150,150,true],"medium":["https:\/\/deliciaspersas.com\/wp-content\/uploads\/grape-leaves-vinblad-seiran-1-300x300.jpeg",300,300,true],"medium_large":["https:\/\/deliciaspersas.com\/wp-content\/uploads\/grape-leaves-vinblad-seiran-1-768x768.jpeg",768,768,true],"large":["https:\/\/deliciaspersas.com\/wp-content\/uploads\/grape-leaves-vinblad-seiran-1-1024x1024.jpeg",1024,1024,true],"1536x1536":["https:\/\/deliciaspersas.com\/wp-content\/uploads\/grape-leaves-vinblad-seiran-1.jpeg",1258,1258,false],"2048x2048":["https:\/\/deliciaspersas.com\/wp-content\/uploads\/grape-leaves-vinblad-seiran-1.jpeg",1258,1258,false],"woocommerce_thumbnail":["https:\/\/deliciaspersas.com\/wp-content\/uploads\/grape-leaves-vinblad-seiran-1-300x300.jpeg",300,300,true],"woocommerce_single":["https:\/\/deliciaspersas.com\/wp-content\/uploads\/grape-leaves-vinblad-seiran-1-600x600.jpeg",600,600,true],"woocommerce_gallery_thumbnail":["https:\/\/deliciaspersas.com\/wp-content\/uploads\/grape-leaves-vinblad-seiran-1-100x100.jpeg",100,100,true]},"uagb_author_info":{"display_name":"ventas.dayan","author_link":"https:\/\/deliciaspersas.com\/fa\/author\/"},"uagb_comment_info":0,"uagb_excerpt":"Hojas de uva 1050g Seiran Informaci\u00f3n del producto: Las hojas de uva son una buena fuente de nutrientes, ya que incluyen vitaminas C, E, A, K y B6, adem\u00e1s de niacina, hierro, fibra, riboflavina, \u00e1cido f\u00f3lico, calcio, magnesio, cobre y manganeso. Una sola porci\u00f3n es muy saludable para el coraz\u00f3n, no tiene grasa ni colesterol&hellip;","brands":[],"_links":{"self":[{"href":"https:\/\/deliciaspersas.com\/fa\/wp-json\/wp\/v2\/product\/4329"}],"collection":[{"href":"https:\/\/deliciaspersas.com\/fa\/wp-json\/wp\/v2\/product"}],"about":[{"href":"https:\/\/deliciaspersas.com\/fa\/wp-json\/wp\/v2\/types\/product"}],"wp:featuredmedia":[{"embeddable":true,"href":"https:\/\/deliciaspersas.com\/fa\/wp-json\/wp\/v2\/media\/12300"}],"wp:attachment":[{"href":"https:\/\/deliciaspersas.com\/fa\/wp-json\/wp\/v2\/media?parent=4329"}],"wp:term":[{"taxonomy":"pwb-brand","embeddable":true,"href":"https:\/\/deliciaspersas.com\/fa\/wp-json\/wp\/v2\/pwb-brand?post=4329"},{"taxonomy":"product_cat","embeddable":true,"href":"https:\/\/deliciaspersas.com\/fa\/wp-json\/wp\/v2\/product_cat?post=4329"},{"taxonomy":"product_tag","embeddable":true,"href":"https:\/\/deliciaspersas.com\/fa\/wp-json\/wp\/v2\/product_tag?post=4329"}],"curies":[{"name":"wp","href":"https:\/\/api.w.org\/{rel}","templated":true}]}}