{"id":4442,"date":"2020-08-13T12:24:51","date_gmt":"2020-08-13T10:24:51","guid":{"rendered":"https:\/\/deliciaspersas.com\/?post_type=product&#038;p=4442"},"modified":"2024-01-15T15:31:54","modified_gmt":"2024-01-15T14:31:54","slug":"zereshk-500g-donya","status":"publish","type":"product","link":"https:\/\/deliciaspersas.com\/fa\/tienda\/arroz\/zereshk-500g-donya\/","title":{"rendered":"Zereshk 500g Donya"},"content":{"rendered":"<h1>Zereshk 500g Donya<\/h1>\n<h6>Informaci\u00f3n del producto:<\/h6>\n<p>Zereshk 500g Donya.<\/p>\n<h6>Usos:<\/h6>\n<p class=\"p1\">El zereshk es un a\u00f1adido de nuestros platos, comunmente a\u00f1adido al arroz, y es empleado en diferentes platos como el &#8220;Zereshk polo&#8221;. Adem\u00e1s, posee diversos beneficios como: promueve la secreci\u00f3n de bilis por la ves\u00edcula y ayuda a prevenir los c\u00e1lculos biliares. Act\u00faa como un excelente agente antibacteriano en infecciones del tracto digestivo que pueden manifestarse con c\u00f3licos o diarreas.<\/p>\n<h6>Beneficios:<\/h6>\n<p>Zereshk ayuda a reducir la inflamaci\u00f3n. De hecho, la inflamaci\u00f3n es la causa principal de algunas enfermedades infecciosas, y el tratamiento de estas inflamaciones puede ser tolerable al causar pocos s\u00edntomas. Los estudios han demostrado que el agracejo contiene algunos agentes antibacterianos y antif\u00fangicos, por lo que es una gran soluci\u00f3n para combatir Estar infectado.<\/p>\n<p>Otro beneficio de Zereshk es el tratamiento de las infecciones del tracto urinario.<br \/>\nUno de los beneficios m\u00e1s importantes de este producto es que, debido a la presencia de algunos agentes antibacterianos y antif\u00fangicos, puede ayudar a tratar las infecciones gastrointestinales.<br \/>\nAs\u00ed mismo ayuda a tratar el dolor de garganta y algunas afecciones leves, como los resfriados. Esto se debe a la presencia de vitamina C en este alimento.<\/p>\n<p>La diarrea es causada por ciertas bacterias que se tratan naturalmente con agracejo. Sin embargo, cuando la afecci\u00f3n sea grave, llame a su m\u00e9dico.<br \/>\nTodas las frutas contienen mucha fibra, lo que es bueno para la digesti\u00f3n. Zereshk tambi\u00e9n es \u00fatil para mejorar la digesti\u00f3n debido a su rico contenido en fibra. Adem\u00e1s, los efectos antibacterianos y antif\u00fangicos de Zereshk puede ayudar a mantener un cuerpo sano y libre de infecciones.<br \/>\nEn casos de intoxicaci\u00f3n alimentaria, esta fruta se puede utilizar como remedio casero. Esto se debe a la presencia de agentes antibacterianos en Zereshk, sin embargo, en casos graves, se debe consultar a un m\u00e9dico.<\/p>\n<div class=\"step\">\n<div class=\"paragraph\">\n<p><span style=\"font-size: 1.1em; font-weight: bold;\">Ingredientes y al\u00e9rgenos:<\/span><\/p>\n<\/div>\n<\/div>\n<p>Zereshk.<\/p>\n<h6>Condiciones de conservaci\u00f3n:<\/h6>\n<p>Conservar en un lugar fresco, seco y protegido de la luz.<\/p>\n<h6>Informaci\u00f3n adicional:<\/h6>\n<p>Fabricado por: Donya<\/p>\n<p><span class=\"LrzXr\">UNIT 1B, 6 Greycaine Rd<\/span><\/p>\n<p><span class=\"LrzXr\">Watford WD24 7GP, <\/span><\/p>\n<p><span class=\"LrzXr\">Reino Unido<\/span><\/p>\n","protected":false},"excerpt":{"rendered":"<p>Zereshk 500g Donya Informaci\u00f3n del producto: Zereshk 500g Donya. Usos: El zereshk es un a\u00f1adido de nuestros platos, comunmente a\u00f1adido al arroz, y es empleado en diferentes platos como el &#8220;Zereshk polo&#8221;. Adem\u00e1s, posee diversos beneficios como: promueve la secreci\u00f3n de bilis por la ves\u00edcula y ayuda a prevenir los c\u00e1lculos biliares. Act\u00faa como un [&hellip;]<\/p>\n","protected":false},"featured_media":4328,"template":"","meta":{"_surecart_dashboard_logo_width":"180px","_surecart_dashboard_show_logo":true,"_surecart_dashboard_navigation_orders":true,"_surecart_dashboard_navigation_invoices":true,"_surecart_dashboard_navigation_subscriptions":true,"_surecart_dashboard_navigation_downloads":true,"_surecart_dashboard_navigation_billing":true,"_surecart_dashboard_navigation_account":true,"_uag_custom_page_level_css":"","site-sidebar-layout":"default","site-content-layout":"default","ast-site-content-layout":"","site-content-style":"default","site-sidebar-style":"default","ast-global-header-display":"","ast-banner-title-visibility":"","ast-main-header-display":"","ast-hfb-above-header-display":"","ast-hfb-below-header-display":"","ast-hfb-mobile-header-display":"","site-post-title":"","ast-breadcrumbs-content":"","ast-featured-img":"","footer-sml-layout":"","theme-transparent-header-meta":"default","adv-header-id-meta":"","stick-header-meta":"","header-above-stick-meta":"","header-main-stick-meta":"","header-below-stick-meta":"","astra-migrate-meta-layouts":"default","ast-page-background-enabled":"default","ast-page-background-meta":{"desktop":{"background-color":"","background-image":"","background-repeat":"repeat","background-position":"center center","background-size":"auto","background-attachment":"scroll","background-type":"","background-media":"","overlay-type":"","overlay-color":"","overlay-opacity":"","overlay-gradient":""},"tablet":{"background-color":"","background-image":"","background-repeat":"repeat","background-position":"center center","background-size":"auto","background-attachment":"scroll","background-type":"","background-media":"","overlay-type":"","overlay-color":"","overlay-opacity":"","overlay-gradient":""},"mobile":{"background-color":"","background-image":"","background-repeat":"repeat","background-position":"center center","background-size":"auto","background-attachment":"scroll","background-type":"","background-media":"","overlay-type":"","overlay-color":"","overlay-opacity":"","overlay-gradient":""}},"ast-content-background-meta":{"desktop":{"background-color":"var(--ast-global-color-5)","background-image":"","background-repeat":"repeat","background-position":"center center","background-size":"auto","background-attachment":"scroll","background-type":"","background-media":"","overlay-type":"","overlay-color":"","overlay-opacity":"","overlay-gradient":""},"tablet":{"background-color":"var(--ast-global-color-5)","background-image":"","background-repeat":"repeat","background-position":"center center","background-size":"auto","background-attachment":"scroll","background-type":"","background-media":"","overlay-type":"","overlay-color":"","overlay-opacity":"","overlay-gradient":""},"mobile":{"background-color":"var(--ast-global-color-5)","background-image":"","background-repeat":"repeat","background-position":"center center","background-size":"auto","background-attachment":"scroll","background-type":"","background-media":"","overlay-type":"","overlay-color":"","overlay-opacity":"","overlay-gradient":""}}},"pwb-brand":[52],"product_cat":[29,33],"product_tag":[],"class_list":{"0":"post-4442","1":"product","2":"type-product","3":"status-publish","4":"has-post-thumbnail","6":"pwb-brand-donya","7":"product_cat-arroz","8":"product_cat-frutas","9":"desktop-align-center","10":"tablet-align-center","11":"mobile-align-center","13":"first","14":"outofstock","15":"taxable","16":"shipping-taxable","17":"purchasable","18":"product-type-simple"},"yoast_head":"<!-- This site is optimized with the Yoast SEO plugin v23.6 - https:\/\/yoast.com\/wordpress\/plugins\/seo\/ -->\n<title>Zereshk 500g Donya - Delicias Persas<\/title>\n<meta name=\"description\" content=\"El zereshk es un a\u00f1adido de nuestros platos, comunmente a\u00f1adido al arroz, y es empleado en diferentes platos como el &quot;Zereshk polo&quot;.\" \/>\n<meta name=\"robots\" content=\"index, follow, max-snippet:-1, max-image-preview:large, max-video-preview:-1\" \/>\n<link rel=\"canonical\" href=\"https:\/\/deliciaspersas.com\/fa\/tienda\/arroz\/zereshk-500g-donya\/\" \/>\n<meta property=\"og:locale\" content=\"fa_IR\" \/>\n<meta property=\"og:type\" content=\"article\" \/>\n<meta property=\"og:title\" content=\"Zereshk 500g Donya - Delicias Persas\" \/>\n<meta property=\"og:description\" content=\"El zereshk es un a\u00f1adido de nuestros platos, comunmente a\u00f1adido al arroz, y es empleado en diferentes platos como el &quot;Zereshk polo&quot;.\" \/>\n<meta property=\"og:url\" content=\"https:\/\/deliciaspersas.com\/fa\/tienda\/arroz\/zereshk-500g-donya\/\" \/>\n<meta property=\"og:site_name\" content=\"Delicias Persas\" \/>\n<meta property=\"article:publisher\" content=\"https:\/\/www.facebook.com\/Deliciaspersas\" \/>\n<meta property=\"article:modified_time\" content=\"2024-01-15T14:31:54+00:00\" \/>\n<meta property=\"og:image\" content=\"https:\/\/deliciaspersas.com\/wp-content\/uploads\/2020\/08\/Zereshk-120g-Donya.jpg\" \/>\n\t<meta property=\"og:image:width\" content=\"760\" \/>\n\t<meta property=\"og:image:height\" content=\"760\" \/>\n\t<meta property=\"og:image:type\" content=\"image\/jpeg\" \/>\n<meta name=\"twitter:card\" content=\"summary_large_image\" \/>\n<meta name=\"twitter:label1\" content=\"\u0632\u0645\u0627\u0646 \u062a\u0642\u0631\u06cc\u0628\u06cc \u0628\u0631\u0627\u06cc \u062e\u0648\u0627\u0646\u062f\u0646\" \/>\n\t<meta name=\"twitter:data1\" content=\"2 \u062f\u0642\u06cc\u0642\u0647\" \/>\n<script type=\"application\/ld+json\" class=\"yoast-schema-graph\">{\"@context\":\"https:\/\/schema.org\",\"@graph\":[{\"@type\":\"WebPage\",\"@id\":\"https:\/\/deliciaspersas.com\/fa\/tienda\/arroz\/zereshk-500g-donya\/\",\"url\":\"https:\/\/deliciaspersas.com\/fa\/tienda\/arroz\/zereshk-500g-donya\/\",\"name\":\"Zereshk 500g Donya - Delicias Persas\",\"isPartOf\":{\"@id\":\"https:\/\/deliciaspersas.com\/fa\/#website\"},\"primaryImageOfPage\":{\"@id\":\"https:\/\/deliciaspersas.com\/fa\/tienda\/arroz\/zereshk-500g-donya\/#primaryimage\"},\"image\":{\"@id\":\"https:\/\/deliciaspersas.com\/fa\/tienda\/arroz\/zereshk-500g-donya\/#primaryimage\"},\"thumbnailUrl\":\"https:\/\/deliciaspersas.com\/wp-content\/uploads\/2020\/08\/Zereshk-120g-Donya.jpg\",\"datePublished\":\"2020-08-13T10:24:51+00:00\",\"dateModified\":\"2024-01-15T14:31:54+00:00\",\"description\":\"El zereshk es un a\u00f1adido de nuestros platos, comunmente a\u00f1adido al arroz, y es empleado en diferentes platos como el \\\"Zereshk polo\\\".\",\"breadcrumb\":{\"@id\":\"https:\/\/deliciaspersas.com\/fa\/tienda\/arroz\/zereshk-500g-donya\/#breadcrumb\"},\"inLanguage\":\"fa-IR\",\"potentialAction\":[{\"@type\":\"ReadAction\",\"target\":[\"https:\/\/deliciaspersas.com\/fa\/tienda\/arroz\/zereshk-500g-donya\/\"]}]},{\"@type\":\"ImageObject\",\"inLanguage\":\"fa-IR\",\"@id\":\"https:\/\/deliciaspersas.com\/fa\/tienda\/arroz\/zereshk-500g-donya\/#primaryimage\",\"url\":\"https:\/\/deliciaspersas.com\/wp-content\/uploads\/2020\/08\/Zereshk-120g-Donya.jpg\",\"contentUrl\":\"https:\/\/deliciaspersas.com\/wp-content\/uploads\/2020\/08\/Zereshk-120g-Donya.jpg\",\"width\":760,\"height\":760,\"caption\":\"zereshk 400g donya\"},{\"@type\":\"BreadcrumbList\",\"@id\":\"https:\/\/deliciaspersas.com\/fa\/tienda\/arroz\/zereshk-500g-donya\/#breadcrumb\",\"itemListElement\":[{\"@type\":\"ListItem\",\"position\":1,\"name\":\"Portada\",\"item\":\"https:\/\/deliciaspersas.com\/fa\/\"},{\"@type\":\"ListItem\",\"position\":2,\"name\":\"Tienda\",\"item\":\"https:\/\/deliciaspersas.com\/\"},{\"@type\":\"ListItem\",\"position\":3,\"name\":\"Zereshk 500g Donya\"}]},{\"@type\":\"WebSite\",\"@id\":\"https:\/\/deliciaspersas.com\/fa\/#website\",\"url\":\"https:\/\/deliciaspersas.com\/fa\/\",\"name\":\"Delicias Persas\",\"description\":\"Gastronom&iacute;a persa al alcance de tus manos\",\"publisher\":{\"@id\":\"https:\/\/deliciaspersas.com\/fa\/#organization\"},\"potentialAction\":[{\"@type\":\"SearchAction\",\"target\":{\"@type\":\"EntryPoint\",\"urlTemplate\":\"https:\/\/deliciaspersas.com\/fa\/?s={search_term_string}\"},\"query-input\":{\"@type\":\"PropertyValueSpecification\",\"valueRequired\":true,\"valueName\":\"search_term_string\"}}],\"inLanguage\":\"fa-IR\"},{\"@type\":\"Organization\",\"@id\":\"https:\/\/deliciaspersas.com\/fa\/#organization\",\"name\":\"Delicias Persas\",\"url\":\"https:\/\/deliciaspersas.com\/fa\/\",\"logo\":{\"@type\":\"ImageObject\",\"inLanguage\":\"fa-IR\",\"@id\":\"https:\/\/deliciaspersas.com\/fa\/#\/schema\/logo\/image\/\",\"url\":\"https:\/\/deliciaspersas.com\/wp-content\/uploads\/2020\/07\/logo-2020.png\",\"contentUrl\":\"https:\/\/deliciaspersas.com\/wp-content\/uploads\/2020\/07\/logo-2020.png\",\"width\":520,\"height\":490,\"caption\":\"Delicias Persas\"},\"image\":{\"@id\":\"https:\/\/deliciaspersas.com\/fa\/#\/schema\/logo\/image\/\"},\"sameAs\":[\"https:\/\/www.facebook.com\/Deliciaspersas\",\"https:\/\/www.instagram.com\/delicias_persas\/\",\"https:\/\/www.linkedin.com\/delicias-persas\"]}]}<\/script>\n<!-- \/ Yoast SEO plugin. -->","yoast_head_json":{"title":"Zereshk 500g Donya - Delicias Persas","description":"El zereshk es un a\u00f1adido de nuestros platos, comunmente a\u00f1adido al arroz, y es empleado en diferentes platos como el \"Zereshk polo\".","robots":{"index":"index","follow":"follow","max-snippet":"max-snippet:-1","max-image-preview":"max-image-preview:large","max-video-preview":"max-video-preview:-1"},"canonical":"https:\/\/deliciaspersas.com\/fa\/tienda\/arroz\/zereshk-500g-donya\/","og_locale":"fa_IR","og_type":"article","og_title":"Zereshk 500g Donya - Delicias Persas","og_description":"El zereshk es un a\u00f1adido de nuestros platos, comunmente a\u00f1adido al arroz, y es empleado en diferentes platos como el \"Zereshk polo\".","og_url":"https:\/\/deliciaspersas.com\/fa\/tienda\/arroz\/zereshk-500g-donya\/","og_site_name":"Delicias Persas","article_publisher":"https:\/\/www.facebook.com\/Deliciaspersas","article_modified_time":"2024-01-15T14:31:54+00:00","og_image":[{"width":760,"height":760,"url":"https:\/\/deliciaspersas.com\/wp-content\/uploads\/2020\/08\/Zereshk-120g-Donya.jpg","type":"image\/jpeg"}],"twitter_card":"summary_large_image","twitter_misc":{"\u0632\u0645\u0627\u0646 \u062a\u0642\u0631\u06cc\u0628\u06cc \u0628\u0631\u0627\u06cc \u062e\u0648\u0627\u0646\u062f\u0646":"2 \u062f\u0642\u06cc\u0642\u0647"},"schema":{"@context":"https:\/\/schema.org","@graph":[{"@type":"WebPage","@id":"https:\/\/deliciaspersas.com\/fa\/tienda\/arroz\/zereshk-500g-donya\/","url":"https:\/\/deliciaspersas.com\/fa\/tienda\/arroz\/zereshk-500g-donya\/","name":"Zereshk 500g Donya - Delicias Persas","isPartOf":{"@id":"https:\/\/deliciaspersas.com\/fa\/#website"},"primaryImageOfPage":{"@id":"https:\/\/deliciaspersas.com\/fa\/tienda\/arroz\/zereshk-500g-donya\/#primaryimage"},"image":{"@id":"https:\/\/deliciaspersas.com\/fa\/tienda\/arroz\/zereshk-500g-donya\/#primaryimage"},"thumbnailUrl":"https:\/\/deliciaspersas.com\/wp-content\/uploads\/2020\/08\/Zereshk-120g-Donya.jpg","datePublished":"2020-08-13T10:24:51+00:00","dateModified":"2024-01-15T14:31:54+00:00","description":"El zereshk es un a\u00f1adido de nuestros platos, comunmente a\u00f1adido al arroz, y es empleado en diferentes platos como el \"Zereshk polo\".","breadcrumb":{"@id":"https:\/\/deliciaspersas.com\/fa\/tienda\/arroz\/zereshk-500g-donya\/#breadcrumb"},"inLanguage":"fa-IR","potentialAction":[{"@type":"ReadAction","target":["https:\/\/deliciaspersas.com\/fa\/tienda\/arroz\/zereshk-500g-donya\/"]}]},{"@type":"ImageObject","inLanguage":"fa-IR","@id":"https:\/\/deliciaspersas.com\/fa\/tienda\/arroz\/zereshk-500g-donya\/#primaryimage","url":"https:\/\/deliciaspersas.com\/wp-content\/uploads\/2020\/08\/Zereshk-120g-Donya.jpg","contentUrl":"https:\/\/deliciaspersas.com\/wp-content\/uploads\/2020\/08\/Zereshk-120g-Donya.jpg","width":760,"height":760,"caption":"zereshk 400g donya"},{"@type":"BreadcrumbList","@id":"https:\/\/deliciaspersas.com\/fa\/tienda\/arroz\/zereshk-500g-donya\/#breadcrumb","itemListElement":[{"@type":"ListItem","position":1,"name":"Portada","item":"https:\/\/deliciaspersas.com\/fa\/"},{"@type":"ListItem","position":2,"name":"Tienda","item":"https:\/\/deliciaspersas.com\/"},{"@type":"ListItem","position":3,"name":"Zereshk 500g Donya"}]},{"@type":"WebSite","@id":"https:\/\/deliciaspersas.com\/fa\/#website","url":"https:\/\/deliciaspersas.com\/fa\/","name":"Delicias Persas","description":"Gastronom&iacute;a persa al alcance de tus manos","publisher":{"@id":"https:\/\/deliciaspersas.com\/fa\/#organization"},"potentialAction":[{"@type":"SearchAction","target":{"@type":"EntryPoint","urlTemplate":"https:\/\/deliciaspersas.com\/fa\/?s={search_term_string}"},"query-input":{"@type":"PropertyValueSpecification","valueRequired":true,"valueName":"search_term_string"}}],"inLanguage":"fa-IR"},{"@type":"Organization","@id":"https:\/\/deliciaspersas.com\/fa\/#organization","name":"Delicias Persas","url":"https:\/\/deliciaspersas.com\/fa\/","logo":{"@type":"ImageObject","inLanguage":"fa-IR","@id":"https:\/\/deliciaspersas.com\/fa\/#\/schema\/logo\/image\/","url":"https:\/\/deliciaspersas.com\/wp-content\/uploads\/2020\/07\/logo-2020.png","contentUrl":"https:\/\/deliciaspersas.com\/wp-content\/uploads\/2020\/07\/logo-2020.png","width":520,"height":490,"caption":"Delicias Persas"},"image":{"@id":"https:\/\/deliciaspersas.com\/fa\/#\/schema\/logo\/image\/"},"sameAs":["https:\/\/www.facebook.com\/Deliciaspersas","https:\/\/www.instagram.com\/delicias_persas\/","https:\/\/www.linkedin.com\/delicias-persas"]}]}},"uagb_featured_image_src":{"full":["https:\/\/deliciaspersas.com\/wp-content\/uploads\/2020\/08\/Zereshk-120g-Donya.jpg",760,760,false],"thumbnail":["https:\/\/deliciaspersas.com\/wp-content\/uploads\/2020\/08\/Zereshk-120g-Donya-150x150.jpg",150,150,true],"medium":["https:\/\/deliciaspersas.com\/wp-content\/uploads\/2020\/08\/Zereshk-120g-Donya-300x300.jpg",300,300,true],"medium_large":["https:\/\/deliciaspersas.com\/wp-content\/uploads\/2020\/08\/Zereshk-120g-Donya.jpg",760,760,false],"large":["https:\/\/deliciaspersas.com\/wp-content\/uploads\/2020\/08\/Zereshk-120g-Donya.jpg",760,760,false],"1536x1536":["https:\/\/deliciaspersas.com\/wp-content\/uploads\/2020\/08\/Zereshk-120g-Donya.jpg",760,760,false],"2048x2048":["https:\/\/deliciaspersas.com\/wp-content\/uploads\/2020\/08\/Zereshk-120g-Donya.jpg",760,760,false],"woocommerce_thumbnail":["https:\/\/deliciaspersas.com\/wp-content\/uploads\/2020\/08\/Zereshk-120g-Donya-300x300.jpg",300,300,true],"woocommerce_single":["https:\/\/deliciaspersas.com\/wp-content\/uploads\/2020\/08\/Zereshk-120g-Donya-600x600.jpg",600,600,true],"woocommerce_gallery_thumbnail":["https:\/\/deliciaspersas.com\/wp-content\/uploads\/2020\/08\/Zereshk-120g-Donya-100x100.jpg",100,100,true]},"uagb_author_info":{"display_name":"admin","author_link":"https:\/\/deliciaspersas.com\/fa\/author\/"},"uagb_comment_info":0,"uagb_excerpt":"Zereshk 500g Donya Informaci\u00f3n del producto: Zereshk 500g Donya. Usos: El zereshk es un a\u00f1adido de nuestros platos, comunmente a\u00f1adido al arroz, y es empleado en diferentes platos como el &#8220;Zereshk polo&#8221;. Adem\u00e1s, posee diversos beneficios como: promueve la secreci\u00f3n de bilis por la ves\u00edcula y ayuda a prevenir los c\u00e1lculos biliares. Act\u00faa como un&hellip;","brands":[{"id":52,"name":"Donya","slug":"donya"}],"_links":{"self":[{"href":"https:\/\/deliciaspersas.com\/fa\/wp-json\/wp\/v2\/product\/4442"}],"collection":[{"href":"https:\/\/deliciaspersas.com\/fa\/wp-json\/wp\/v2\/product"}],"about":[{"href":"https:\/\/deliciaspersas.com\/fa\/wp-json\/wp\/v2\/types\/product"}],"wp:featuredmedia":[{"embeddable":true,"href":"https:\/\/deliciaspersas.com\/fa\/wp-json\/wp\/v2\/media\/4328"}],"wp:attachment":[{"href":"https:\/\/deliciaspersas.com\/fa\/wp-json\/wp\/v2\/media?parent=4442"}],"wp:term":[{"taxonomy":"pwb-brand","embeddable":true,"href":"https:\/\/deliciaspersas.com\/fa\/wp-json\/wp\/v2\/pwb-brand?post=4442"},{"taxonomy":"product_cat","embeddable":true,"href":"https:\/\/deliciaspersas.com\/fa\/wp-json\/wp\/v2\/product_cat?post=4442"},{"taxonomy":"product_tag","embeddable":true,"href":"https:\/\/deliciaspersas.com\/fa\/wp-json\/wp\/v2\/product_tag?post=4442"}],"curies":[{"name":"wp","href":"https:\/\/api.w.org\/{rel}","templated":true}]}}