{"id":4537,"date":"2020-08-19T12:53:17","date_gmt":"2020-08-19T10:53:17","guid":{"rendered":"https:\/\/deliciaspersas.com\/?post_type=product&#038;p=4537"},"modified":"2024-08-30T11:16:19","modified_gmt":"2024-08-30T09:16:19","slug":"gheymeh-shirin","status":"publish","type":"product","link":"https:\/\/deliciaspersas.com\/fa\/tienda\/ready\/gheymeh-shirin\/","title":{"rendered":"Guiso Gheymeh 500gr Donya"},"content":{"rendered":"<h1>Guiso Gheymeh 500g Donya<\/h1>\n<h6>Informaci\u00f3n del producto:<\/h6>\n<p>Tambi\u00e9n llamado Gheymeh Polo (polo significa arroz) es un estofado de carne con guisante persa muy tradicional y popular con patatas y azafr\u00e1n que se sirve sobre arroz blanco o arroz arom\u00e1tico . El arroz arom\u00e1tico es una versi\u00f3n de arroz blanco al vapor donde la mezcla de especias de arroz persa se espolvorea sobre el arroz antes de cocinarlo al vapor. La palabra gheymeh proviene de c\u00f3mo se corta la carne en cubos peque\u00f1os en esta receta y, a diferencia de otros khoresh persas que tienen trozos m\u00e1s grandes de carne, la carne de gheymeh generalmente se corta en cubos de aproximadamente una pulgada. Tradicionalmente Gheymeh.<\/p>\n<h6>Usos:<\/h6>\n<p>Acompa\u00f1ante, aperitivo, cena o comida.<\/p>\n<h6>Beneficios:<\/h6>\n<p>Gheymeh contiene una variedad de vitaminas A, E, C, B, tambi\u00e9n vitaminas como B1, B2, B5, B6, B12, omega 3, fibra, carbohidratos, potasio, calcio, zinc, magnesio y \u00e1cido linoleico.<\/p>\n<p>Este guiso es \u00fatil para el fortalecimiento general del cuerpo y tambi\u00e9n ayuda a reparar huesos rotos.<\/p>\n<p>Este producto contiene otras propiedades como:ser rico en hierro, por lo que puede eliminar la anemia, tambi\u00e9n por tener vitaminas A, E y C. Tiene un papel muy eficaz en el fortalecimiento del sistema inmunol\u00f3gico.<\/p>\n<p>Gheymeh puede ayudar en el fortalecimiento del cabello, este guiso previene la ca\u00edda del cabello porque contiene fibra y ciruelas, tambi\u00e9n alivia el estre\u00f1imiento.<\/p>\n<p>Es \u00fatil para personas con enfermedades respiratorias; Este guiso aumenta la energ\u00eda del organismo y fortalece la vista.<\/p>\n<p>Debido a su alto contenido de omega-3 y vitamina B12, evita que los ni\u00f1os desarrollen autismo, porque fortalece el sistema nervioso central de las personas, especialmente los ni\u00f1os; Es mejor que las mujeres prueben este guiso durante el embarazo y la lactancia y le den tambi\u00e9n al ni\u00f1o despu\u00e9s de un a\u00f1o.<\/p>\n<p>El guiso es muy \u00fatil para calmar la mente y lidiar con el estr\u00e9s y la depresi\u00f3n debido a que tiene una variedad de vitaminas, especialmente vitamina B 12 y minerales; Este guiso tambi\u00e9n fortalece los huesos porque contiene calcio y f\u00f3sforo.<\/p>\n<h6>Ingredientes y al\u00e9rgenos:<\/h6>\n<p>Contiene estofado de carne, con patatas y azafr\u00e1n.<\/p>\n<h6>Condiciones de conservaci\u00f3n:<\/h6>\n<p>Conservar en un lugar fresco, seco y protegido de la luz.<\/p>\n<h6>Informaci\u00f3n adicional:<\/h6>\n<p>Fabricado por: Donya<\/p>\n<p><span class=\"LrzXr\">UNIT 1B, 6 Greycaine Rd<\/span><\/p>\n<p><span class=\"LrzXr\">Watford WD24 7GP,<\/span><\/p>\n","protected":false},"excerpt":{"rendered":"<p>Guiso Gheymeh 500g Donya Informaci\u00f3n del producto: Tambi\u00e9n llamado Gheymeh Polo (polo significa arroz) es un estofado de carne con guisante persa muy tradicional y popular con patatas y azafr\u00e1n que se sirve sobre arroz blanco o arroz arom\u00e1tico . El arroz arom\u00e1tico es una versi\u00f3n de arroz blanco al vapor donde la mezcla de [&hellip;]<\/p>\n","protected":false},"featured_media":4540,"template":"","meta":{"_surecart_dashboard_logo_width":"180px","_surecart_dashboard_show_logo":true,"_surecart_dashboard_navigation_orders":true,"_surecart_dashboard_navigation_invoices":true,"_surecart_dashboard_navigation_subscriptions":true,"_surecart_dashboard_navigation_downloads":true,"_surecart_dashboard_navigation_billing":true,"_surecart_dashboard_navigation_account":true,"_uag_custom_page_level_css":"","site-sidebar-layout":"default","site-content-layout":"default","ast-site-content-layout":"default","site-content-style":"default","site-sidebar-style":"default","ast-global-header-display":"","ast-banner-title-visibility":"","ast-main-header-display":"","ast-hfb-above-header-display":"","ast-hfb-below-header-display":"","ast-hfb-mobile-header-display":"","site-post-title":"","ast-breadcrumbs-content":"","ast-featured-img":"","footer-sml-layout":"","theme-transparent-header-meta":"default","adv-header-id-meta":"","stick-header-meta":"","header-above-stick-meta":"","header-main-stick-meta":"","header-below-stick-meta":"","astra-migrate-meta-layouts":"set","ast-page-background-enabled":"default","ast-page-background-meta":{"desktop":{"background-color":"","background-image":"","background-repeat":"repeat","background-position":"center center","background-size":"auto","background-attachment":"scroll","background-type":"","background-media":"","overlay-type":"","overlay-color":"","overlay-opacity":"","overlay-gradient":""},"tablet":{"background-color":"","background-image":"","background-repeat":"repeat","background-position":"center center","background-size":"auto","background-attachment":"scroll","background-type":"","background-media":"","overlay-type":"","overlay-color":"","overlay-opacity":"","overlay-gradient":""},"mobile":{"background-color":"","background-image":"","background-repeat":"repeat","background-position":"center center","background-size":"auto","background-attachment":"scroll","background-type":"","background-media":"","overlay-type":"","overlay-color":"","overlay-opacity":"","overlay-gradient":""}},"ast-content-background-meta":{"desktop":{"background-color":"var(--ast-global-color-5)","background-image":"","background-repeat":"repeat","background-position":"center center","background-size":"auto","background-attachment":"scroll","background-type":"","background-media":"","overlay-type":"","overlay-color":"","overlay-opacity":"","overlay-gradient":""},"tablet":{"background-color":"var(--ast-global-color-5)","background-image":"","background-repeat":"repeat","background-position":"center center","background-size":"auto","background-attachment":"scroll","background-type":"","background-media":"","overlay-type":"","overlay-color":"","overlay-opacity":"","overlay-gradient":""},"mobile":{"background-color":"var(--ast-global-color-5)","background-image":"","background-repeat":"repeat","background-position":"center center","background-size":"auto","background-attachment":"scroll","background-type":"","background-media":"","overlay-type":"","overlay-color":"","overlay-opacity":"","overlay-gradient":""}}},"pwb-brand":[52],"product_cat":[35,34,44],"product_tag":[590,573,565,988,989],"class_list":{"0":"post-4537","1":"product","2":"type-product","3":"status-publish","4":"has-post-thumbnail","6":"pwb-brand-donya","7":"product_cat-conservas","8":"product_cat-ready","9":"product_cat-ofertas","10":"product_tag-comida","11":"product_tag-guiso","12":"product_tag-listo","13":"product_tag-sheime","14":"product_tag-989","15":"desktop-align-center","16":"tablet-align-center","17":"mobile-align-center","19":"first","20":"outofstock","21":"taxable","22":"shipping-taxable","23":"purchasable","24":"product-type-simple"},"yoast_head":"<!-- This site is optimized with the Yoast SEO plugin v23.6 - https:\/\/yoast.com\/wordpress\/plugins\/seo\/ -->\n<title>Guiso Gheymeh 500gr Donya - Delicias Persas<\/title>\n<meta name=\"description\" content=\"Gheymeh Donya. Este es uno de los platos m\u00e1s representativos de la gastronom\u00eda persa. Se compone de estofado de carne y patatas; con arroz.\" \/>\n<meta name=\"robots\" content=\"index, follow, max-snippet:-1, max-image-preview:large, max-video-preview:-1\" \/>\n<link rel=\"canonical\" href=\"https:\/\/deliciaspersas.com\/fa\/tienda\/ready\/gheymeh-shirin\/\" \/>\n<meta property=\"og:locale\" content=\"fa_IR\" \/>\n<meta property=\"og:type\" content=\"article\" \/>\n<meta property=\"og:title\" content=\"Guiso Gheymeh 500gr Donya - Delicias Persas\" \/>\n<meta property=\"og:description\" content=\"Gheymeh Donya. Este es uno de los platos m\u00e1s representativos de la gastronom\u00eda persa. Se compone de estofado de carne y patatas; con arroz.\" \/>\n<meta property=\"og:url\" content=\"https:\/\/deliciaspersas.com\/fa\/tienda\/ready\/gheymeh-shirin\/\" \/>\n<meta property=\"og:site_name\" content=\"Delicias Persas\" \/>\n<meta property=\"article:publisher\" content=\"https:\/\/www.facebook.com\/Deliciaspersas\" \/>\n<meta property=\"article:modified_time\" content=\"2024-08-30T09:16:19+00:00\" \/>\n<meta property=\"og:image\" content=\"https:\/\/deliciaspersas.com\/wp-content\/uploads\/Gheymeh-500g-Donya.jpg\" \/>\n\t<meta property=\"og:image:width\" content=\"760\" \/>\n\t<meta property=\"og:image:height\" content=\"760\" \/>\n\t<meta property=\"og:image:type\" content=\"image\/jpeg\" \/>\n<meta name=\"twitter:card\" content=\"summary_large_image\" \/>\n<meta name=\"twitter:label1\" content=\"\u0632\u0645\u0627\u0646 \u062a\u0642\u0631\u06cc\u0628\u06cc \u0628\u0631\u0627\u06cc \u062e\u0648\u0627\u0646\u062f\u0646\" \/>\n\t<meta name=\"twitter:data1\" content=\"2 \u062f\u0642\u06cc\u0642\u0647\" \/>\n<script type=\"application\/ld+json\" class=\"yoast-schema-graph\">{\"@context\":\"https:\/\/schema.org\",\"@graph\":[{\"@type\":\"WebPage\",\"@id\":\"https:\/\/deliciaspersas.com\/fa\/tienda\/ready\/gheymeh-shirin\/\",\"url\":\"https:\/\/deliciaspersas.com\/fa\/tienda\/ready\/gheymeh-shirin\/\",\"name\":\"Guiso Gheymeh 500gr Donya - Delicias Persas\",\"isPartOf\":{\"@id\":\"https:\/\/deliciaspersas.com\/fa\/#website\"},\"primaryImageOfPage\":{\"@id\":\"https:\/\/deliciaspersas.com\/fa\/tienda\/ready\/gheymeh-shirin\/#primaryimage\"},\"image\":{\"@id\":\"https:\/\/deliciaspersas.com\/fa\/tienda\/ready\/gheymeh-shirin\/#primaryimage\"},\"thumbnailUrl\":\"https:\/\/deliciaspersas.com\/wp-content\/uploads\/Gheymeh-500g-Donya.jpg\",\"datePublished\":\"2020-08-19T10:53:17+00:00\",\"dateModified\":\"2024-08-30T09:16:19+00:00\",\"description\":\"Gheymeh Donya. Este es uno de los platos m\u00e1s representativos de la gastronom\u00eda persa. Se compone de estofado de carne y patatas; con arroz.\",\"breadcrumb\":{\"@id\":\"https:\/\/deliciaspersas.com\/fa\/tienda\/ready\/gheymeh-shirin\/#breadcrumb\"},\"inLanguage\":\"fa-IR\",\"potentialAction\":[{\"@type\":\"ReadAction\",\"target\":[\"https:\/\/deliciaspersas.com\/fa\/tienda\/ready\/gheymeh-shirin\/\"]}]},{\"@type\":\"ImageObject\",\"inLanguage\":\"fa-IR\",\"@id\":\"https:\/\/deliciaspersas.com\/fa\/tienda\/ready\/gheymeh-shirin\/#primaryimage\",\"url\":\"https:\/\/deliciaspersas.com\/wp-content\/uploads\/Gheymeh-500g-Donya.jpg\",\"contentUrl\":\"https:\/\/deliciaspersas.com\/wp-content\/uploads\/Gheymeh-500g-Donya.jpg\",\"width\":760,\"height\":760,\"caption\":\"Gheymeh 500g Donya\"},{\"@type\":\"BreadcrumbList\",\"@id\":\"https:\/\/deliciaspersas.com\/fa\/tienda\/ready\/gheymeh-shirin\/#breadcrumb\",\"itemListElement\":[{\"@type\":\"ListItem\",\"position\":1,\"name\":\"Portada\",\"item\":\"https:\/\/deliciaspersas.com\/fa\/\"},{\"@type\":\"ListItem\",\"position\":2,\"name\":\"Tienda\",\"item\":\"https:\/\/deliciaspersas.com\/\"},{\"@type\":\"ListItem\",\"position\":3,\"name\":\"Guiso Gheymeh 500gr Donya\"}]},{\"@type\":\"WebSite\",\"@id\":\"https:\/\/deliciaspersas.com\/fa\/#website\",\"url\":\"https:\/\/deliciaspersas.com\/fa\/\",\"name\":\"Delicias Persas\",\"description\":\"Gastronom&iacute;a persa al alcance de tus manos\",\"publisher\":{\"@id\":\"https:\/\/deliciaspersas.com\/fa\/#organization\"},\"potentialAction\":[{\"@type\":\"SearchAction\",\"target\":{\"@type\":\"EntryPoint\",\"urlTemplate\":\"https:\/\/deliciaspersas.com\/fa\/?s={search_term_string}\"},\"query-input\":{\"@type\":\"PropertyValueSpecification\",\"valueRequired\":true,\"valueName\":\"search_term_string\"}}],\"inLanguage\":\"fa-IR\"},{\"@type\":\"Organization\",\"@id\":\"https:\/\/deliciaspersas.com\/fa\/#organization\",\"name\":\"Delicias Persas\",\"url\":\"https:\/\/deliciaspersas.com\/fa\/\",\"logo\":{\"@type\":\"ImageObject\",\"inLanguage\":\"fa-IR\",\"@id\":\"https:\/\/deliciaspersas.com\/fa\/#\/schema\/logo\/image\/\",\"url\":\"https:\/\/deliciaspersas.com\/wp-content\/uploads\/2020\/07\/logo-2020.png\",\"contentUrl\":\"https:\/\/deliciaspersas.com\/wp-content\/uploads\/2020\/07\/logo-2020.png\",\"width\":520,\"height\":490,\"caption\":\"Delicias Persas\"},\"image\":{\"@id\":\"https:\/\/deliciaspersas.com\/fa\/#\/schema\/logo\/image\/\"},\"sameAs\":[\"https:\/\/www.facebook.com\/Deliciaspersas\",\"https:\/\/www.instagram.com\/delicias_persas\/\",\"https:\/\/www.linkedin.com\/delicias-persas\"]}]}<\/script>\n<!-- \/ Yoast SEO plugin. -->","yoast_head_json":{"title":"Guiso Gheymeh 500gr Donya - Delicias Persas","description":"Gheymeh Donya. Este es uno de los platos m\u00e1s representativos de la gastronom\u00eda persa. Se compone de estofado de carne y patatas; con arroz.","robots":{"index":"index","follow":"follow","max-snippet":"max-snippet:-1","max-image-preview":"max-image-preview:large","max-video-preview":"max-video-preview:-1"},"canonical":"https:\/\/deliciaspersas.com\/fa\/tienda\/ready\/gheymeh-shirin\/","og_locale":"fa_IR","og_type":"article","og_title":"Guiso Gheymeh 500gr Donya - Delicias Persas","og_description":"Gheymeh Donya. Este es uno de los platos m\u00e1s representativos de la gastronom\u00eda persa. Se compone de estofado de carne y patatas; con arroz.","og_url":"https:\/\/deliciaspersas.com\/fa\/tienda\/ready\/gheymeh-shirin\/","og_site_name":"Delicias Persas","article_publisher":"https:\/\/www.facebook.com\/Deliciaspersas","article_modified_time":"2024-08-30T09:16:19+00:00","og_image":[{"width":760,"height":760,"url":"https:\/\/deliciaspersas.com\/wp-content\/uploads\/Gheymeh-500g-Donya.jpg","type":"image\/jpeg"}],"twitter_card":"summary_large_image","twitter_misc":{"\u0632\u0645\u0627\u0646 \u062a\u0642\u0631\u06cc\u0628\u06cc \u0628\u0631\u0627\u06cc \u062e\u0648\u0627\u0646\u062f\u0646":"2 \u062f\u0642\u06cc\u0642\u0647"},"schema":{"@context":"https:\/\/schema.org","@graph":[{"@type":"WebPage","@id":"https:\/\/deliciaspersas.com\/fa\/tienda\/ready\/gheymeh-shirin\/","url":"https:\/\/deliciaspersas.com\/fa\/tienda\/ready\/gheymeh-shirin\/","name":"Guiso Gheymeh 500gr Donya - Delicias Persas","isPartOf":{"@id":"https:\/\/deliciaspersas.com\/fa\/#website"},"primaryImageOfPage":{"@id":"https:\/\/deliciaspersas.com\/fa\/tienda\/ready\/gheymeh-shirin\/#primaryimage"},"image":{"@id":"https:\/\/deliciaspersas.com\/fa\/tienda\/ready\/gheymeh-shirin\/#primaryimage"},"thumbnailUrl":"https:\/\/deliciaspersas.com\/wp-content\/uploads\/Gheymeh-500g-Donya.jpg","datePublished":"2020-08-19T10:53:17+00:00","dateModified":"2024-08-30T09:16:19+00:00","description":"Gheymeh Donya. Este es uno de los platos m\u00e1s representativos de la gastronom\u00eda persa. Se compone de estofado de carne y patatas; con arroz.","breadcrumb":{"@id":"https:\/\/deliciaspersas.com\/fa\/tienda\/ready\/gheymeh-shirin\/#breadcrumb"},"inLanguage":"fa-IR","potentialAction":[{"@type":"ReadAction","target":["https:\/\/deliciaspersas.com\/fa\/tienda\/ready\/gheymeh-shirin\/"]}]},{"@type":"ImageObject","inLanguage":"fa-IR","@id":"https:\/\/deliciaspersas.com\/fa\/tienda\/ready\/gheymeh-shirin\/#primaryimage","url":"https:\/\/deliciaspersas.com\/wp-content\/uploads\/Gheymeh-500g-Donya.jpg","contentUrl":"https:\/\/deliciaspersas.com\/wp-content\/uploads\/Gheymeh-500g-Donya.jpg","width":760,"height":760,"caption":"Gheymeh 500g Donya"},{"@type":"BreadcrumbList","@id":"https:\/\/deliciaspersas.com\/fa\/tienda\/ready\/gheymeh-shirin\/#breadcrumb","itemListElement":[{"@type":"ListItem","position":1,"name":"Portada","item":"https:\/\/deliciaspersas.com\/fa\/"},{"@type":"ListItem","position":2,"name":"Tienda","item":"https:\/\/deliciaspersas.com\/"},{"@type":"ListItem","position":3,"name":"Guiso Gheymeh 500gr Donya"}]},{"@type":"WebSite","@id":"https:\/\/deliciaspersas.com\/fa\/#website","url":"https:\/\/deliciaspersas.com\/fa\/","name":"Delicias Persas","description":"Gastronom&iacute;a persa al alcance de tus manos","publisher":{"@id":"https:\/\/deliciaspersas.com\/fa\/#organization"},"potentialAction":[{"@type":"SearchAction","target":{"@type":"EntryPoint","urlTemplate":"https:\/\/deliciaspersas.com\/fa\/?s={search_term_string}"},"query-input":{"@type":"PropertyValueSpecification","valueRequired":true,"valueName":"search_term_string"}}],"inLanguage":"fa-IR"},{"@type":"Organization","@id":"https:\/\/deliciaspersas.com\/fa\/#organization","name":"Delicias Persas","url":"https:\/\/deliciaspersas.com\/fa\/","logo":{"@type":"ImageObject","inLanguage":"fa-IR","@id":"https:\/\/deliciaspersas.com\/fa\/#\/schema\/logo\/image\/","url":"https:\/\/deliciaspersas.com\/wp-content\/uploads\/2020\/07\/logo-2020.png","contentUrl":"https:\/\/deliciaspersas.com\/wp-content\/uploads\/2020\/07\/logo-2020.png","width":520,"height":490,"caption":"Delicias Persas"},"image":{"@id":"https:\/\/deliciaspersas.com\/fa\/#\/schema\/logo\/image\/"},"sameAs":["https:\/\/www.facebook.com\/Deliciaspersas","https:\/\/www.instagram.com\/delicias_persas\/","https:\/\/www.linkedin.com\/delicias-persas"]}]}},"uagb_featured_image_src":{"full":["https:\/\/deliciaspersas.com\/wp-content\/uploads\/Gheymeh-500g-Donya.jpg",760,760,false],"thumbnail":["https:\/\/deliciaspersas.com\/wp-content\/uploads\/Gheymeh-500g-Donya-150x150.jpg",150,150,true],"medium":["https:\/\/deliciaspersas.com\/wp-content\/uploads\/Gheymeh-500g-Donya-300x300.jpg",300,300,true],"medium_large":["https:\/\/deliciaspersas.com\/wp-content\/uploads\/Gheymeh-500g-Donya.jpg",760,760,false],"large":["https:\/\/deliciaspersas.com\/wp-content\/uploads\/Gheymeh-500g-Donya.jpg",760,760,false],"1536x1536":["https:\/\/deliciaspersas.com\/wp-content\/uploads\/Gheymeh-500g-Donya.jpg",760,760,false],"2048x2048":["https:\/\/deliciaspersas.com\/wp-content\/uploads\/Gheymeh-500g-Donya.jpg",760,760,false],"woocommerce_thumbnail":["https:\/\/deliciaspersas.com\/wp-content\/uploads\/Gheymeh-500g-Donya-300x300.jpg",300,300,true],"woocommerce_single":["https:\/\/deliciaspersas.com\/wp-content\/uploads\/Gheymeh-500g-Donya-600x600.jpg",600,600,true],"woocommerce_gallery_thumbnail":["https:\/\/deliciaspersas.com\/wp-content\/uploads\/Gheymeh-500g-Donya-100x100.jpg",100,100,true]},"uagb_author_info":{"display_name":"admin","author_link":"https:\/\/deliciaspersas.com\/fa\/author\/"},"uagb_comment_info":0,"uagb_excerpt":"Guiso Gheymeh 500g Donya Informaci\u00f3n del producto: Tambi\u00e9n llamado Gheymeh Polo (polo significa arroz) es un estofado de carne con guisante persa muy tradicional y popular con patatas y azafr\u00e1n que se sirve sobre arroz blanco o arroz arom\u00e1tico . El arroz arom\u00e1tico es una versi\u00f3n de arroz blanco al vapor donde la mezcla de&hellip;","brands":[{"id":52,"name":"Donya","slug":"donya"}],"_links":{"self":[{"href":"https:\/\/deliciaspersas.com\/fa\/wp-json\/wp\/v2\/product\/4537"}],"collection":[{"href":"https:\/\/deliciaspersas.com\/fa\/wp-json\/wp\/v2\/product"}],"about":[{"href":"https:\/\/deliciaspersas.com\/fa\/wp-json\/wp\/v2\/types\/product"}],"wp:featuredmedia":[{"embeddable":true,"href":"https:\/\/deliciaspersas.com\/fa\/wp-json\/wp\/v2\/media\/4540"}],"wp:attachment":[{"href":"https:\/\/deliciaspersas.com\/fa\/wp-json\/wp\/v2\/media?parent=4537"}],"wp:term":[{"taxonomy":"pwb-brand","embeddable":true,"href":"https:\/\/deliciaspersas.com\/fa\/wp-json\/wp\/v2\/pwb-brand?post=4537"},{"taxonomy":"product_cat","embeddable":true,"href":"https:\/\/deliciaspersas.com\/fa\/wp-json\/wp\/v2\/product_cat?post=4537"},{"taxonomy":"product_tag","embeddable":true,"href":"https:\/\/deliciaspersas.com\/fa\/wp-json\/wp\/v2\/product_tag?post=4537"}],"curies":[{"name":"wp","href":"https:\/\/api.w.org\/{rel}","templated":true}]}}