{"id":4601,"date":"2020-08-23T21:31:59","date_gmt":"2020-08-23T19:31:59","guid":{"rendered":"https:\/\/deliciaspersas.com\/?post_type=product&#038;p=4601"},"modified":"2024-12-20T12:29:44","modified_gmt":"2024-12-20T11:29:44","slug":"angelica-golpar-50g-granel","status":"publish","type":"product","link":"https:\/\/deliciaspersas.com\/fa\/tienda\/especias\/angelica-golpar-50g-granel\/","title":{"rendered":"Ang\u00e9lica (Golpar) 50g Granel"},"content":{"rendered":"<h1>Ang\u00e9lica (Golpar) 50g Granel<\/h1>\n<h6>Informaci\u00f3n del producto:<\/h6>\n<p>Esta especia resulta un remedio eficaz para tratar casos de bronquitis, para calmar la tos y para casos en los que los resfriados y la gripe se acompa\u00f1en de fiebre. Las partes de la planta que se utilizan para preparar los remedios caseros y algunos otros productos de ang\u00e9lica son las hojas, los tallos, las ra\u00edces, y las semilla.<\/p>\n<h6>Usos:<\/h6>\n<p>Diversos.<\/p>\n<h6>Beneficios:<\/h6>\n<p>Esta planta tiene ciertas propiedades antiinflamatorias. Por tanto, son \u00fatiles para tratar enfermedades como la artritis y la gota, que provocan inflamaci\u00f3n de las articulaciones \u00f3seas y dolores intensos. Al reducir la hinchaz\u00f3n, se reduce el dolor en pacientes con artritis y gota.<\/p>\n<p>Se recomienda el uso de esta planta para el tratamiento de heridas cut\u00e1neas. El uso de extractos de plantas en las heridas ayuda a desinfectarlas y evitar que se propaguen.<\/p>\n<p>El estudio de los niveles de grasa en grupos de pacientes con enfermedad arterial coronaria mostr\u00f3 que despu\u00e9s de la administraci\u00f3n de extracto de ang\u00e9lica, los niveles s\u00e9ricos de triglic\u00e9ridos en este grupo de pacientes\u00a0<span style=\"font-size: 16px; font-style: normal; font-weight: 400;\">disminuyeron significativamente.\u00a0<\/span><\/p>\n<p>Una de las enfermedades f\u00fangicas m\u00e1s comunes es el pie de atleta. Se observa con mayor frecuencia en personas con sistemas inmunitarios debilitados que reciben tratamiento contra el c\u00e1ncer y en personas con diabetes.<\/p>\n<p>Utilice el Golpar en la zona afectada para tratar la infecci\u00f3n y d\u00e9jela secar. Haga esto dos veces al d\u00eda hasta que se cure la infecci\u00f3n.<br \/>\nlas propiedades antimicrobianas de Golpar ayudan a detener el crecimiento de microorganismos. Puede usar extracto de ang\u00e9lica como antibi\u00f3tico, los antibi\u00f3ticos ayudan a prevenir el crecimiento de bacterias, aplique esta soluci\u00f3n en los lugares donde crecen los microorganismos.<\/p>\n<h6>Ingredientes y al\u00e9rgenos:<\/h6>\n<p>Angelica.<\/p>\n<h6>Condiciones de conservaci\u00f3n:<\/h6>\n<p>Conservar en un lugar fresco, seco y protegido de la luz.<\/p>\n","protected":false},"excerpt":{"rendered":"<p>Ang\u00e9lica (Golpar) 50g Granel Informaci\u00f3n del producto: Esta especia resulta un remedio eficaz para tratar casos de bronquitis, para calmar la tos y para casos en los que los resfriados y la gripe se acompa\u00f1en de fiebre. Las partes de la planta que se utilizan para preparar los remedios caseros y algunos otros productos de [&hellip;]<\/p>\n","protected":false},"featured_media":12392,"template":"","meta":{"_surecart_dashboard_logo_width":"180px","_surecart_dashboard_show_logo":true,"_surecart_dashboard_navigation_orders":true,"_surecart_dashboard_navigation_invoices":true,"_surecart_dashboard_navigation_subscriptions":true,"_surecart_dashboard_navigation_downloads":true,"_surecart_dashboard_navigation_billing":true,"_surecart_dashboard_navigation_account":true,"_uag_custom_page_level_css":"","site-sidebar-layout":"default","site-content-layout":"default","ast-site-content-layout":"","site-content-style":"default","site-sidebar-style":"default","ast-global-header-display":"","ast-banner-title-visibility":"","ast-main-header-display":"","ast-hfb-above-header-display":"","ast-hfb-below-header-display":"","ast-hfb-mobile-header-display":"","site-post-title":"","ast-breadcrumbs-content":"","ast-featured-img":"","footer-sml-layout":"","theme-transparent-header-meta":"default","adv-header-id-meta":"","stick-header-meta":"","header-above-stick-meta":"","header-main-stick-meta":"","header-below-stick-meta":"","astra-migrate-meta-layouts":"default","ast-page-background-enabled":"default","ast-page-background-meta":{"desktop":{"background-color":"","background-image":"","background-repeat":"repeat","background-position":"center center","background-size":"auto","background-attachment":"scroll","background-type":"","background-media":"","overlay-type":"","overlay-color":"","overlay-opacity":"","overlay-gradient":""},"tablet":{"background-color":"","background-image":"","background-repeat":"repeat","background-position":"center center","background-size":"auto","background-attachment":"scroll","background-type":"","background-media":"","overlay-type":"","overlay-color":"","overlay-opacity":"","overlay-gradient":""},"mobile":{"background-color":"","background-image":"","background-repeat":"repeat","background-position":"center center","background-size":"auto","background-attachment":"scroll","background-type":"","background-media":"","overlay-type":"","overlay-color":"","overlay-opacity":"","overlay-gradient":""}},"ast-content-background-meta":{"desktop":{"background-color":"var(--ast-global-color-5)","background-image":"","background-repeat":"repeat","background-position":"center center","background-size":"auto","background-attachment":"scroll","background-type":"","background-media":"","overlay-type":"","overlay-color":"","overlay-opacity":"","overlay-gradient":""},"tablet":{"background-color":"var(--ast-global-color-5)","background-image":"","background-repeat":"repeat","background-position":"center center","background-size":"auto","background-attachment":"scroll","background-type":"","background-media":"","overlay-type":"","overlay-color":"","overlay-opacity":"","overlay-gradient":""},"mobile":{"background-color":"var(--ast-global-color-5)","background-image":"","background-repeat":"repeat","background-position":"center center","background-size":"auto","background-attachment":"scroll","background-type":"","background-media":"","overlay-type":"","overlay-color":"","overlay-opacity":"","overlay-gradient":""}}},"pwb-brand":[113],"product_cat":[32,1099,41],"product_tag":[568,675,598,995],"class_list":{"0":"post-4601","1":"product","2":"type-product","3":"status-publish","4":"has-post-thumbnail","6":"pwb-brand-dayan-2","7":"product_cat-especias","8":"product_cat-granel","9":"product_cat-hierbas","10":"product_tag-especie","11":"product_tag-golpar","12":"product_tag-hierba","13":"product_tag-995","14":"desktop-align-center","15":"tablet-align-center","16":"mobile-align-center","18":"first","19":"instock","20":"taxable","21":"shipping-taxable","22":"purchasable","23":"product-type-simple"},"yoast_head":"<!-- This site is optimized with the Yoast SEO plugin v23.6 - https:\/\/yoast.com\/wordpress\/plugins\/seo\/ -->\n<title>Ang\u00e9lica (Golpar) 50g Granel - Delicias Persas<\/title>\n<meta name=\"description\" content=\"Golpar Donya. Esta especia es un remedio para tratar casos de bronquitis, la tos y para resfriados y la gripe se acompa\u00f1en de fiebre.\" \/>\n<meta name=\"robots\" content=\"index, follow, max-snippet:-1, max-image-preview:large, max-video-preview:-1\" \/>\n<link rel=\"canonical\" href=\"https:\/\/deliciaspersas.com\/fa\/tienda\/especias\/angelica-golpar-50g-granel\/\" \/>\n<meta property=\"og:locale\" content=\"fa_IR\" \/>\n<meta property=\"og:type\" content=\"article\" \/>\n<meta property=\"og:title\" content=\"Ang\u00e9lica (Golpar) 50g Granel - Delicias Persas\" \/>\n<meta property=\"og:description\" content=\"Golpar Donya. Esta especia es un remedio para tratar casos de bronquitis, la tos y para resfriados y la gripe se acompa\u00f1en de fiebre.\" \/>\n<meta property=\"og:url\" content=\"https:\/\/deliciaspersas.com\/fa\/tienda\/especias\/angelica-golpar-50g-granel\/\" \/>\n<meta property=\"og:site_name\" content=\"Delicias Persas\" \/>\n<meta property=\"article:publisher\" content=\"https:\/\/www.facebook.com\/Deliciaspersas\" \/>\n<meta property=\"article:modified_time\" content=\"2024-12-20T11:29:44+00:00\" \/>\n<meta property=\"og:image\" content=\"https:\/\/deliciaspersas.com\/wp-content\/uploads\/Golpar-herb-with-seeds.jpg\" \/>\n\t<meta property=\"og:image:width\" content=\"800\" \/>\n\t<meta property=\"og:image:height\" content=\"800\" \/>\n\t<meta property=\"og:image:type\" content=\"image\/jpeg\" \/>\n<meta name=\"twitter:card\" content=\"summary_large_image\" \/>\n<meta name=\"twitter:label1\" content=\"\u0632\u0645\u0627\u0646 \u062a\u0642\u0631\u06cc\u0628\u06cc \u0628\u0631\u0627\u06cc \u062e\u0648\u0627\u0646\u062f\u0646\" \/>\n\t<meta name=\"twitter:data1\" content=\"2 \u062f\u0642\u06cc\u0642\u0647\" \/>\n<script type=\"application\/ld+json\" class=\"yoast-schema-graph\">{\"@context\":\"https:\/\/schema.org\",\"@graph\":[{\"@type\":\"WebPage\",\"@id\":\"https:\/\/deliciaspersas.com\/fa\/tienda\/especias\/angelica-golpar-50g-granel\/\",\"url\":\"https:\/\/deliciaspersas.com\/fa\/tienda\/especias\/angelica-golpar-50g-granel\/\",\"name\":\"Ang\u00e9lica (Golpar) 50g Granel - Delicias Persas\",\"isPartOf\":{\"@id\":\"https:\/\/deliciaspersas.com\/fa\/#website\"},\"primaryImageOfPage\":{\"@id\":\"https:\/\/deliciaspersas.com\/fa\/tienda\/especias\/angelica-golpar-50g-granel\/#primaryimage\"},\"image\":{\"@id\":\"https:\/\/deliciaspersas.com\/fa\/tienda\/especias\/angelica-golpar-50g-granel\/#primaryimage\"},\"thumbnailUrl\":\"https:\/\/deliciaspersas.com\/wp-content\/uploads\/Golpar-herb-with-seeds.jpg\",\"datePublished\":\"2020-08-23T19:31:59+00:00\",\"dateModified\":\"2024-12-20T11:29:44+00:00\",\"description\":\"Golpar Donya. Esta especia es un remedio para tratar casos de bronquitis, la tos y para resfriados y la gripe se acompa\u00f1en de fiebre.\",\"breadcrumb\":{\"@id\":\"https:\/\/deliciaspersas.com\/fa\/tienda\/especias\/angelica-golpar-50g-granel\/#breadcrumb\"},\"inLanguage\":\"fa-IR\",\"potentialAction\":[{\"@type\":\"ReadAction\",\"target\":[\"https:\/\/deliciaspersas.com\/fa\/tienda\/especias\/angelica-golpar-50g-granel\/\"]}]},{\"@type\":\"ImageObject\",\"inLanguage\":\"fa-IR\",\"@id\":\"https:\/\/deliciaspersas.com\/fa\/tienda\/especias\/angelica-golpar-50g-granel\/#primaryimage\",\"url\":\"https:\/\/deliciaspersas.com\/wp-content\/uploads\/Golpar-herb-with-seeds.jpg\",\"contentUrl\":\"https:\/\/deliciaspersas.com\/wp-content\/uploads\/Golpar-herb-with-seeds.jpg\",\"width\":800,\"height\":800},{\"@type\":\"BreadcrumbList\",\"@id\":\"https:\/\/deliciaspersas.com\/fa\/tienda\/especias\/angelica-golpar-50g-granel\/#breadcrumb\",\"itemListElement\":[{\"@type\":\"ListItem\",\"position\":1,\"name\":\"Portada\",\"item\":\"https:\/\/deliciaspersas.com\/fa\/\"},{\"@type\":\"ListItem\",\"position\":2,\"name\":\"Tienda\",\"item\":\"https:\/\/deliciaspersas.com\/\"},{\"@type\":\"ListItem\",\"position\":3,\"name\":\"Ang\u00e9lica (Golpar) 50g Granel\"}]},{\"@type\":\"WebSite\",\"@id\":\"https:\/\/deliciaspersas.com\/fa\/#website\",\"url\":\"https:\/\/deliciaspersas.com\/fa\/\",\"name\":\"Delicias Persas\",\"description\":\"Gastronom&iacute;a persa al alcance de tus manos\",\"publisher\":{\"@id\":\"https:\/\/deliciaspersas.com\/fa\/#organization\"},\"potentialAction\":[{\"@type\":\"SearchAction\",\"target\":{\"@type\":\"EntryPoint\",\"urlTemplate\":\"https:\/\/deliciaspersas.com\/fa\/?s={search_term_string}\"},\"query-input\":{\"@type\":\"PropertyValueSpecification\",\"valueRequired\":true,\"valueName\":\"search_term_string\"}}],\"inLanguage\":\"fa-IR\"},{\"@type\":\"Organization\",\"@id\":\"https:\/\/deliciaspersas.com\/fa\/#organization\",\"name\":\"Delicias Persas\",\"url\":\"https:\/\/deliciaspersas.com\/fa\/\",\"logo\":{\"@type\":\"ImageObject\",\"inLanguage\":\"fa-IR\",\"@id\":\"https:\/\/deliciaspersas.com\/fa\/#\/schema\/logo\/image\/\",\"url\":\"https:\/\/deliciaspersas.com\/wp-content\/uploads\/2020\/07\/logo-2020.png\",\"contentUrl\":\"https:\/\/deliciaspersas.com\/wp-content\/uploads\/2020\/07\/logo-2020.png\",\"width\":520,\"height\":490,\"caption\":\"Delicias Persas\"},\"image\":{\"@id\":\"https:\/\/deliciaspersas.com\/fa\/#\/schema\/logo\/image\/\"},\"sameAs\":[\"https:\/\/www.facebook.com\/Deliciaspersas\",\"https:\/\/www.instagram.com\/delicias_persas\/\",\"https:\/\/www.linkedin.com\/delicias-persas\"]}]}<\/script>\n<!-- \/ Yoast SEO plugin. -->","yoast_head_json":{"title":"Ang\u00e9lica (Golpar) 50g Granel - Delicias Persas","description":"Golpar Donya. Esta especia es un remedio para tratar casos de bronquitis, la tos y para resfriados y la gripe se acompa\u00f1en de fiebre.","robots":{"index":"index","follow":"follow","max-snippet":"max-snippet:-1","max-image-preview":"max-image-preview:large","max-video-preview":"max-video-preview:-1"},"canonical":"https:\/\/deliciaspersas.com\/fa\/tienda\/especias\/angelica-golpar-50g-granel\/","og_locale":"fa_IR","og_type":"article","og_title":"Ang\u00e9lica (Golpar) 50g Granel - Delicias Persas","og_description":"Golpar Donya. Esta especia es un remedio para tratar casos de bronquitis, la tos y para resfriados y la gripe se acompa\u00f1en de fiebre.","og_url":"https:\/\/deliciaspersas.com\/fa\/tienda\/especias\/angelica-golpar-50g-granel\/","og_site_name":"Delicias Persas","article_publisher":"https:\/\/www.facebook.com\/Deliciaspersas","article_modified_time":"2024-12-20T11:29:44+00:00","og_image":[{"width":800,"height":800,"url":"https:\/\/deliciaspersas.com\/wp-content\/uploads\/Golpar-herb-with-seeds.jpg","type":"image\/jpeg"}],"twitter_card":"summary_large_image","twitter_misc":{"\u0632\u0645\u0627\u0646 \u062a\u0642\u0631\u06cc\u0628\u06cc \u0628\u0631\u0627\u06cc \u062e\u0648\u0627\u0646\u062f\u0646":"2 \u062f\u0642\u06cc\u0642\u0647"},"schema":{"@context":"https:\/\/schema.org","@graph":[{"@type":"WebPage","@id":"https:\/\/deliciaspersas.com\/fa\/tienda\/especias\/angelica-golpar-50g-granel\/","url":"https:\/\/deliciaspersas.com\/fa\/tienda\/especias\/angelica-golpar-50g-granel\/","name":"Ang\u00e9lica (Golpar) 50g Granel - Delicias Persas","isPartOf":{"@id":"https:\/\/deliciaspersas.com\/fa\/#website"},"primaryImageOfPage":{"@id":"https:\/\/deliciaspersas.com\/fa\/tienda\/especias\/angelica-golpar-50g-granel\/#primaryimage"},"image":{"@id":"https:\/\/deliciaspersas.com\/fa\/tienda\/especias\/angelica-golpar-50g-granel\/#primaryimage"},"thumbnailUrl":"https:\/\/deliciaspersas.com\/wp-content\/uploads\/Golpar-herb-with-seeds.jpg","datePublished":"2020-08-23T19:31:59+00:00","dateModified":"2024-12-20T11:29:44+00:00","description":"Golpar Donya. Esta especia es un remedio para tratar casos de bronquitis, la tos y para resfriados y la gripe se acompa\u00f1en de fiebre.","breadcrumb":{"@id":"https:\/\/deliciaspersas.com\/fa\/tienda\/especias\/angelica-golpar-50g-granel\/#breadcrumb"},"inLanguage":"fa-IR","potentialAction":[{"@type":"ReadAction","target":["https:\/\/deliciaspersas.com\/fa\/tienda\/especias\/angelica-golpar-50g-granel\/"]}]},{"@type":"ImageObject","inLanguage":"fa-IR","@id":"https:\/\/deliciaspersas.com\/fa\/tienda\/especias\/angelica-golpar-50g-granel\/#primaryimage","url":"https:\/\/deliciaspersas.com\/wp-content\/uploads\/Golpar-herb-with-seeds.jpg","contentUrl":"https:\/\/deliciaspersas.com\/wp-content\/uploads\/Golpar-herb-with-seeds.jpg","width":800,"height":800},{"@type":"BreadcrumbList","@id":"https:\/\/deliciaspersas.com\/fa\/tienda\/especias\/angelica-golpar-50g-granel\/#breadcrumb","itemListElement":[{"@type":"ListItem","position":1,"name":"Portada","item":"https:\/\/deliciaspersas.com\/fa\/"},{"@type":"ListItem","position":2,"name":"Tienda","item":"https:\/\/deliciaspersas.com\/"},{"@type":"ListItem","position":3,"name":"Ang\u00e9lica (Golpar) 50g Granel"}]},{"@type":"WebSite","@id":"https:\/\/deliciaspersas.com\/fa\/#website","url":"https:\/\/deliciaspersas.com\/fa\/","name":"Delicias Persas","description":"Gastronom&iacute;a persa al alcance de tus manos","publisher":{"@id":"https:\/\/deliciaspersas.com\/fa\/#organization"},"potentialAction":[{"@type":"SearchAction","target":{"@type":"EntryPoint","urlTemplate":"https:\/\/deliciaspersas.com\/fa\/?s={search_term_string}"},"query-input":{"@type":"PropertyValueSpecification","valueRequired":true,"valueName":"search_term_string"}}],"inLanguage":"fa-IR"},{"@type":"Organization","@id":"https:\/\/deliciaspersas.com\/fa\/#organization","name":"Delicias Persas","url":"https:\/\/deliciaspersas.com\/fa\/","logo":{"@type":"ImageObject","inLanguage":"fa-IR","@id":"https:\/\/deliciaspersas.com\/fa\/#\/schema\/logo\/image\/","url":"https:\/\/deliciaspersas.com\/wp-content\/uploads\/2020\/07\/logo-2020.png","contentUrl":"https:\/\/deliciaspersas.com\/wp-content\/uploads\/2020\/07\/logo-2020.png","width":520,"height":490,"caption":"Delicias Persas"},"image":{"@id":"https:\/\/deliciaspersas.com\/fa\/#\/schema\/logo\/image\/"},"sameAs":["https:\/\/www.facebook.com\/Deliciaspersas","https:\/\/www.instagram.com\/delicias_persas\/","https:\/\/www.linkedin.com\/delicias-persas"]}]}},"uagb_featured_image_src":{"full":["https:\/\/deliciaspersas.com\/wp-content\/uploads\/Golpar-herb-with-seeds.jpg",800,800,false],"thumbnail":["https:\/\/deliciaspersas.com\/wp-content\/uploads\/Golpar-herb-with-seeds-150x150.jpg",150,150,true],"medium":["https:\/\/deliciaspersas.com\/wp-content\/uploads\/Golpar-herb-with-seeds-300x300.jpg",300,300,true],"medium_large":["https:\/\/deliciaspersas.com\/wp-content\/uploads\/Golpar-herb-with-seeds-768x768.jpg",768,768,true],"large":["https:\/\/deliciaspersas.com\/wp-content\/uploads\/Golpar-herb-with-seeds.jpg",800,800,false],"1536x1536":["https:\/\/deliciaspersas.com\/wp-content\/uploads\/Golpar-herb-with-seeds.jpg",800,800,false],"2048x2048":["https:\/\/deliciaspersas.com\/wp-content\/uploads\/Golpar-herb-with-seeds.jpg",800,800,false],"woocommerce_thumbnail":["https:\/\/deliciaspersas.com\/wp-content\/uploads\/Golpar-herb-with-seeds-300x300.jpg",300,300,true],"woocommerce_single":["https:\/\/deliciaspersas.com\/wp-content\/uploads\/Golpar-herb-with-seeds-600x600.jpg",600,600,true],"woocommerce_gallery_thumbnail":["https:\/\/deliciaspersas.com\/wp-content\/uploads\/Golpar-herb-with-seeds-100x100.jpg",100,100,true]},"uagb_author_info":{"display_name":"ventas.dayan","author_link":"https:\/\/deliciaspersas.com\/fa\/author\/"},"uagb_comment_info":0,"uagb_excerpt":"Ang\u00e9lica (Golpar) 50g Granel Informaci\u00f3n del producto: Esta especia resulta un remedio eficaz para tratar casos de bronquitis, para calmar la tos y para casos en los que los resfriados y la gripe se acompa\u00f1en de fiebre. Las partes de la planta que se utilizan para preparar los remedios caseros y algunos otros productos de&hellip;","brands":[{"id":113,"name":"Dayan","slug":"dayan-2"}],"_links":{"self":[{"href":"https:\/\/deliciaspersas.com\/fa\/wp-json\/wp\/v2\/product\/4601"}],"collection":[{"href":"https:\/\/deliciaspersas.com\/fa\/wp-json\/wp\/v2\/product"}],"about":[{"href":"https:\/\/deliciaspersas.com\/fa\/wp-json\/wp\/v2\/types\/product"}],"wp:featuredmedia":[{"embeddable":true,"href":"https:\/\/deliciaspersas.com\/fa\/wp-json\/wp\/v2\/media\/12392"}],"wp:attachment":[{"href":"https:\/\/deliciaspersas.com\/fa\/wp-json\/wp\/v2\/media?parent=4601"}],"wp:term":[{"taxonomy":"pwb-brand","embeddable":true,"href":"https:\/\/deliciaspersas.com\/fa\/wp-json\/wp\/v2\/pwb-brand?post=4601"},{"taxonomy":"product_cat","embeddable":true,"href":"https:\/\/deliciaspersas.com\/fa\/wp-json\/wp\/v2\/product_cat?post=4601"},{"taxonomy":"product_tag","embeddable":true,"href":"https:\/\/deliciaspersas.com\/fa\/wp-json\/wp\/v2\/product_tag?post=4601"}],"curies":[{"name":"wp","href":"https:\/\/api.w.org\/{rel}","templated":true}]}}