{"id":4712,"date":"2020-09-02T20:33:40","date_gmt":"2020-09-02T18:33:40","guid":{"rendered":"https:\/\/deliciaspersas.com\/?post_type=product&#038;p=4712"},"modified":"2023-04-25T15:43:48","modified_gmt":"2023-04-25T13:43:48","slug":"ajo-en-escabeche-sir-torshi-11","status":"publish","type":"product","link":"https:\/\/deliciaspersas.com\/fa\/tienda\/encurtidos\/ajo-en-escabeche-sir-torshi-11\/","title":{"rendered":"Ajo en escabeche Sir torshi 700g 1&amp;1"},"content":{"rendered":"<h1>Ajo en escabeche Sir torshi 700g 1&amp;1<\/h1>\n<h6>Informaci\u00f3n del producto:<\/h6>\n<p>El ajo es mucho m\u00e1s que un condimento, es un ayuda a prevenir enfermedades cargado de propiedades nutritivas y beneficios para la salud.<\/p>\n<p>El ajo encurtido, sir torshi, es m\u00e1s que una delicia culinaria. Es un poderoso antioxidante con\u00a0propiedades\u00a0microbianas, antivirales y antibi\u00f3ticas. Para los resfriados y la gripe, tambi\u00e9n proporciona un efecto descongestionante, fuente de vitamina C, y enzimas y minerales\u00a0que\u00a0ayudan a aumentar la inmunidad.<\/p>\n<h6>Usos:<\/h6>\n<p>Platos variados, acompa\u00f1ante.<\/p>\n<h6>Beneficios:<\/h6>\n<p>Uno de los usos m\u00e1s antiguos del ajo es como un antibi\u00f3tico. El ajo mata a una amplia gama de microbios, incluidos virus, bacterias, hongos y par\u00e1sitos.<\/p>\n<p>El ajo protege nuestro coraz\u00f3n contra los problemas cardiovasculares como ataques al coraz\u00f3n y la aterosclerosis. En el ajo se encuentran compuestos con propiedades de anti\u2013coagulaci\u00f3n y \u00e9stos ayudan en la prevenci\u00f3n de la formaci\u00f3n de co\u00e1gulos de sangre en el cuerpo.<\/p>\n<p>Reduce el colesterol. El ajo tiene la capacidad de disminuir moderadamente los triglic\u00e9ridos en la sangre y el colesterol total y reducir la formaci\u00f3n de placa arterial.<\/p>\n<p>El uso diario de ajo podr\u00eda reducir la frecuencia y el n\u00famero de resfriados. Sus propiedades antibacterianas ayudan en el tratamiento de las irritaciones de garganta. El ajo tambi\u00e9n puede reducir la gravedad de las infecciones del tracto respiratorio superior.<\/p>\n<p>El ajo aumenta la liberaci\u00f3n de insulina y regula los niveles de az\u00facar en sangre en los diab\u00e9ticos. Tambi\u00e9n se ha encontrado que el consumo diario de ajo podr\u00eda ayudar para reducir el tama\u00f1o de algunos tumores cancerosos y ayuda a prevenir algunos tipos de c\u00e1ncer, en particular los de los intestinos.<\/p>\n<h6>Ingredientes y al\u00e9rgenos:<\/h6>\n<p>Se compone de ajo en escabeche.<\/p>\n<h6>Condiciones de conservaci\u00f3n:<\/h6>\n<p>Conservar en un lugar fresco, seco y protegido de la luz.<\/p>\n<h6>Informaci\u00f3n adicional:<\/h6>\n<p>Fabricado por: 1&amp;1<\/p>\n<p>Azadegan Azadgan South,<\/p>\n<p>Fatah Square,<\/p>\n<p>Maedeh Food Industry Complex<\/p>\n","protected":false},"excerpt":{"rendered":"<p>Ajo en escabeche Sir torshi 700g 1&amp;1 Informaci\u00f3n del producto: El ajo es mucho m\u00e1s que un condimento, es un ayuda a prevenir enfermedades cargado de propiedades nutritivas y beneficios para la salud. El ajo encurtido, sir torshi, es m\u00e1s que una delicia culinaria. Es un poderoso antioxidante con\u00a0propiedades\u00a0microbianas, antivirales y antibi\u00f3ticas. Para los resfriados [&hellip;]<\/p>\n","protected":false},"featured_media":4715,"template":"","meta":{"_surecart_dashboard_logo_width":"180px","_surecart_dashboard_show_logo":true,"_surecart_dashboard_navigation_orders":true,"_surecart_dashboard_navigation_invoices":true,"_surecart_dashboard_navigation_subscriptions":true,"_surecart_dashboard_navigation_downloads":true,"_surecart_dashboard_navigation_billing":true,"_surecart_dashboard_navigation_account":true,"_uag_custom_page_level_css":"","site-sidebar-layout":"default","site-content-layout":"default","ast-site-content-layout":"","site-content-style":"default","site-sidebar-style":"default","ast-global-header-display":"","ast-banner-title-visibility":"","ast-main-header-display":"","ast-hfb-above-header-display":"","ast-hfb-below-header-display":"","ast-hfb-mobile-header-display":"","site-post-title":"","ast-breadcrumbs-content":"","ast-featured-img":"","footer-sml-layout":"","theme-transparent-header-meta":"default","adv-header-id-meta":"","stick-header-meta":"","header-above-stick-meta":"","header-main-stick-meta":"","header-below-stick-meta":"","astra-migrate-meta-layouts":"default","ast-page-background-enabled":"default","ast-page-background-meta":{"desktop":{"background-color":"","background-image":"","background-repeat":"repeat","background-position":"center center","background-size":"auto","background-attachment":"scroll","background-type":"","background-media":"","overlay-type":"","overlay-color":"","overlay-opacity":"","overlay-gradient":""},"tablet":{"background-color":"","background-image":"","background-repeat":"repeat","background-position":"center center","background-size":"auto","background-attachment":"scroll","background-type":"","background-media":"","overlay-type":"","overlay-color":"","overlay-opacity":"","overlay-gradient":""},"mobile":{"background-color":"","background-image":"","background-repeat":"repeat","background-position":"center center","background-size":"auto","background-attachment":"scroll","background-type":"","background-media":"","overlay-type":"","overlay-color":"","overlay-opacity":"","overlay-gradient":""}},"ast-content-background-meta":{"desktop":{"background-color":"var(--ast-global-color-5)","background-image":"","background-repeat":"repeat","background-position":"center center","background-size":"auto","background-attachment":"scroll","background-type":"","background-media":"","overlay-type":"","overlay-color":"","overlay-opacity":"","overlay-gradient":""},"tablet":{"background-color":"var(--ast-global-color-5)","background-image":"","background-repeat":"repeat","background-position":"center center","background-size":"auto","background-attachment":"scroll","background-type":"","background-media":"","overlay-type":"","overlay-color":"","overlay-opacity":"","overlay-gradient":""},"mobile":{"background-color":"var(--ast-global-color-5)","background-image":"","background-repeat":"repeat","background-position":"center center","background-size":"auto","background-attachment":"scroll","background-type":"","background-media":"","overlay-type":"","overlay-color":"","overlay-opacity":"","overlay-gradient":""}}},"pwb-brand":[51],"product_cat":[38],"product_tag":[628,592,839,694,341,324,840],"class_list":{"0":"post-4712","1":"product","2":"type-product","3":"status-publish","4":"has-post-thumbnail","6":"pwb-brand-51","7":"product_cat-encurtidos","8":"product_tag-acido","9":"product_tag-ajo","10":"product_tag-encurtido","11":"product_tag-escabeche","12":"product_tag-341","13":"product_tag-324","14":"product_tag-840","15":"desktop-align-center","16":"tablet-align-center","17":"mobile-align-center","19":"first","20":"outofstock","21":"taxable","22":"shipping-taxable","23":"purchasable","24":"product-type-simple"},"yoast_head":"<!-- This site is optimized with the Yoast SEO plugin v23.6 - https:\/\/yoast.com\/wordpress\/plugins\/seo\/ -->\n<title>Ajo en escabeche Sir torshi 700g 1&amp;1 - Delicias Persas<\/title>\n<meta name=\"description\" content=\"Sir torshi. El ajo es mucho m\u00e1s que un condimento, es un ayuda a prevenir enfermedades cargado de propiedades nutritivas y beneficios para...\" \/>\n<meta name=\"robots\" content=\"index, follow, max-snippet:-1, max-image-preview:large, max-video-preview:-1\" \/>\n<link rel=\"canonical\" href=\"https:\/\/deliciaspersas.com\/fa\/tienda\/encurtidos\/ajo-en-escabeche-sir-torshi-11\/\" \/>\n<meta property=\"og:locale\" content=\"fa_IR\" \/>\n<meta property=\"og:type\" content=\"article\" \/>\n<meta property=\"og:title\" content=\"Ajo en escabeche Sir torshi 700g 1&amp;1 - Delicias Persas\" \/>\n<meta property=\"og:description\" content=\"Sir torshi. El ajo es mucho m\u00e1s que un condimento, es un ayuda a prevenir enfermedades cargado de propiedades nutritivas y beneficios para...\" \/>\n<meta property=\"og:url\" content=\"https:\/\/deliciaspersas.com\/fa\/tienda\/encurtidos\/ajo-en-escabeche-sir-torshi-11\/\" \/>\n<meta property=\"og:site_name\" content=\"Delicias Persas\" \/>\n<meta property=\"article:publisher\" content=\"https:\/\/www.facebook.com\/Deliciaspersas\" \/>\n<meta property=\"article:modified_time\" content=\"2023-04-25T13:43:48+00:00\" \/>\n<meta property=\"og:image\" content=\"https:\/\/deliciaspersas.com\/wp-content\/uploads\/Ajo-en-escabeche-Sir-torshi-700g-11.jpg\" \/>\n\t<meta property=\"og:image:width\" content=\"760\" \/>\n\t<meta property=\"og:image:height\" content=\"760\" \/>\n\t<meta property=\"og:image:type\" content=\"image\/jpeg\" \/>\n<meta name=\"twitter:card\" content=\"summary_large_image\" \/>\n<meta name=\"twitter:label1\" content=\"\u0632\u0645\u0627\u0646 \u062a\u0642\u0631\u06cc\u0628\u06cc \u0628\u0631\u0627\u06cc \u062e\u0648\u0627\u0646\u062f\u0646\" \/>\n\t<meta name=\"twitter:data1\" content=\"2 \u062f\u0642\u06cc\u0642\u0647\" \/>\n<script type=\"application\/ld+json\" class=\"yoast-schema-graph\">{\"@context\":\"https:\/\/schema.org\",\"@graph\":[{\"@type\":\"WebPage\",\"@id\":\"https:\/\/deliciaspersas.com\/fa\/tienda\/encurtidos\/ajo-en-escabeche-sir-torshi-11\/\",\"url\":\"https:\/\/deliciaspersas.com\/fa\/tienda\/encurtidos\/ajo-en-escabeche-sir-torshi-11\/\",\"name\":\"Ajo en escabeche Sir torshi 700g 1&amp;1 - Delicias Persas\",\"isPartOf\":{\"@id\":\"https:\/\/deliciaspersas.com\/fa\/#website\"},\"primaryImageOfPage\":{\"@id\":\"https:\/\/deliciaspersas.com\/fa\/tienda\/encurtidos\/ajo-en-escabeche-sir-torshi-11\/#primaryimage\"},\"image\":{\"@id\":\"https:\/\/deliciaspersas.com\/fa\/tienda\/encurtidos\/ajo-en-escabeche-sir-torshi-11\/#primaryimage\"},\"thumbnailUrl\":\"https:\/\/deliciaspersas.com\/wp-content\/uploads\/Ajo-en-escabeche-Sir-torshi-700g-11.jpg\",\"datePublished\":\"2020-09-02T18:33:40+00:00\",\"dateModified\":\"2023-04-25T13:43:48+00:00\",\"description\":\"Sir torshi. El ajo es mucho m\u00e1s que un condimento, es un ayuda a prevenir enfermedades cargado de propiedades nutritivas y beneficios para...\",\"breadcrumb\":{\"@id\":\"https:\/\/deliciaspersas.com\/fa\/tienda\/encurtidos\/ajo-en-escabeche-sir-torshi-11\/#breadcrumb\"},\"inLanguage\":\"fa-IR\",\"potentialAction\":[{\"@type\":\"ReadAction\",\"target\":[\"https:\/\/deliciaspersas.com\/fa\/tienda\/encurtidos\/ajo-en-escabeche-sir-torshi-11\/\"]}]},{\"@type\":\"ImageObject\",\"inLanguage\":\"fa-IR\",\"@id\":\"https:\/\/deliciaspersas.com\/fa\/tienda\/encurtidos\/ajo-en-escabeche-sir-torshi-11\/#primaryimage\",\"url\":\"https:\/\/deliciaspersas.com\/wp-content\/uploads\/Ajo-en-escabeche-Sir-torshi-700g-11.jpg\",\"contentUrl\":\"https:\/\/deliciaspersas.com\/wp-content\/uploads\/Ajo-en-escabeche-Sir-torshi-700g-11.jpg\",\"width\":760,\"height\":760,\"caption\":\"Ajo en escabeche Sir torshi 700g 1&1\"},{\"@type\":\"BreadcrumbList\",\"@id\":\"https:\/\/deliciaspersas.com\/fa\/tienda\/encurtidos\/ajo-en-escabeche-sir-torshi-11\/#breadcrumb\",\"itemListElement\":[{\"@type\":\"ListItem\",\"position\":1,\"name\":\"Portada\",\"item\":\"https:\/\/deliciaspersas.com\/fa\/\"},{\"@type\":\"ListItem\",\"position\":2,\"name\":\"Tienda\",\"item\":\"https:\/\/deliciaspersas.com\/\"},{\"@type\":\"ListItem\",\"position\":3,\"name\":\"Ajo en escabeche Sir torshi 700g 1&amp;1\"}]},{\"@type\":\"WebSite\",\"@id\":\"https:\/\/deliciaspersas.com\/fa\/#website\",\"url\":\"https:\/\/deliciaspersas.com\/fa\/\",\"name\":\"Delicias Persas\",\"description\":\"Gastronom&iacute;a persa al alcance de tus manos\",\"publisher\":{\"@id\":\"https:\/\/deliciaspersas.com\/fa\/#organization\"},\"potentialAction\":[{\"@type\":\"SearchAction\",\"target\":{\"@type\":\"EntryPoint\",\"urlTemplate\":\"https:\/\/deliciaspersas.com\/fa\/?s={search_term_string}\"},\"query-input\":{\"@type\":\"PropertyValueSpecification\",\"valueRequired\":true,\"valueName\":\"search_term_string\"}}],\"inLanguage\":\"fa-IR\"},{\"@type\":\"Organization\",\"@id\":\"https:\/\/deliciaspersas.com\/fa\/#organization\",\"name\":\"Delicias Persas\",\"url\":\"https:\/\/deliciaspersas.com\/fa\/\",\"logo\":{\"@type\":\"ImageObject\",\"inLanguage\":\"fa-IR\",\"@id\":\"https:\/\/deliciaspersas.com\/fa\/#\/schema\/logo\/image\/\",\"url\":\"https:\/\/deliciaspersas.com\/wp-content\/uploads\/2020\/07\/logo-2020.png\",\"contentUrl\":\"https:\/\/deliciaspersas.com\/wp-content\/uploads\/2020\/07\/logo-2020.png\",\"width\":520,\"height\":490,\"caption\":\"Delicias Persas\"},\"image\":{\"@id\":\"https:\/\/deliciaspersas.com\/fa\/#\/schema\/logo\/image\/\"},\"sameAs\":[\"https:\/\/www.facebook.com\/Deliciaspersas\",\"https:\/\/www.instagram.com\/delicias_persas\/\",\"https:\/\/www.linkedin.com\/delicias-persas\"]}]}<\/script>\n<!-- \/ Yoast SEO plugin. -->","yoast_head_json":{"title":"Ajo en escabeche Sir torshi 700g 1&amp;1 - Delicias Persas","description":"Sir torshi. El ajo es mucho m\u00e1s que un condimento, es un ayuda a prevenir enfermedades cargado de propiedades nutritivas y beneficios para...","robots":{"index":"index","follow":"follow","max-snippet":"max-snippet:-1","max-image-preview":"max-image-preview:large","max-video-preview":"max-video-preview:-1"},"canonical":"https:\/\/deliciaspersas.com\/fa\/tienda\/encurtidos\/ajo-en-escabeche-sir-torshi-11\/","og_locale":"fa_IR","og_type":"article","og_title":"Ajo en escabeche Sir torshi 700g 1&amp;1 - Delicias Persas","og_description":"Sir torshi. El ajo es mucho m\u00e1s que un condimento, es un ayuda a prevenir enfermedades cargado de propiedades nutritivas y beneficios para...","og_url":"https:\/\/deliciaspersas.com\/fa\/tienda\/encurtidos\/ajo-en-escabeche-sir-torshi-11\/","og_site_name":"Delicias Persas","article_publisher":"https:\/\/www.facebook.com\/Deliciaspersas","article_modified_time":"2023-04-25T13:43:48+00:00","og_image":[{"width":760,"height":760,"url":"https:\/\/deliciaspersas.com\/wp-content\/uploads\/Ajo-en-escabeche-Sir-torshi-700g-11.jpg","type":"image\/jpeg"}],"twitter_card":"summary_large_image","twitter_misc":{"\u0632\u0645\u0627\u0646 \u062a\u0642\u0631\u06cc\u0628\u06cc \u0628\u0631\u0627\u06cc \u062e\u0648\u0627\u0646\u062f\u0646":"2 \u062f\u0642\u06cc\u0642\u0647"},"schema":{"@context":"https:\/\/schema.org","@graph":[{"@type":"WebPage","@id":"https:\/\/deliciaspersas.com\/fa\/tienda\/encurtidos\/ajo-en-escabeche-sir-torshi-11\/","url":"https:\/\/deliciaspersas.com\/fa\/tienda\/encurtidos\/ajo-en-escabeche-sir-torshi-11\/","name":"Ajo en escabeche Sir torshi 700g 1&amp;1 - Delicias Persas","isPartOf":{"@id":"https:\/\/deliciaspersas.com\/fa\/#website"},"primaryImageOfPage":{"@id":"https:\/\/deliciaspersas.com\/fa\/tienda\/encurtidos\/ajo-en-escabeche-sir-torshi-11\/#primaryimage"},"image":{"@id":"https:\/\/deliciaspersas.com\/fa\/tienda\/encurtidos\/ajo-en-escabeche-sir-torshi-11\/#primaryimage"},"thumbnailUrl":"https:\/\/deliciaspersas.com\/wp-content\/uploads\/Ajo-en-escabeche-Sir-torshi-700g-11.jpg","datePublished":"2020-09-02T18:33:40+00:00","dateModified":"2023-04-25T13:43:48+00:00","description":"Sir torshi. El ajo es mucho m\u00e1s que un condimento, es un ayuda a prevenir enfermedades cargado de propiedades nutritivas y beneficios para...","breadcrumb":{"@id":"https:\/\/deliciaspersas.com\/fa\/tienda\/encurtidos\/ajo-en-escabeche-sir-torshi-11\/#breadcrumb"},"inLanguage":"fa-IR","potentialAction":[{"@type":"ReadAction","target":["https:\/\/deliciaspersas.com\/fa\/tienda\/encurtidos\/ajo-en-escabeche-sir-torshi-11\/"]}]},{"@type":"ImageObject","inLanguage":"fa-IR","@id":"https:\/\/deliciaspersas.com\/fa\/tienda\/encurtidos\/ajo-en-escabeche-sir-torshi-11\/#primaryimage","url":"https:\/\/deliciaspersas.com\/wp-content\/uploads\/Ajo-en-escabeche-Sir-torshi-700g-11.jpg","contentUrl":"https:\/\/deliciaspersas.com\/wp-content\/uploads\/Ajo-en-escabeche-Sir-torshi-700g-11.jpg","width":760,"height":760,"caption":"Ajo en escabeche Sir torshi 700g 1&1"},{"@type":"BreadcrumbList","@id":"https:\/\/deliciaspersas.com\/fa\/tienda\/encurtidos\/ajo-en-escabeche-sir-torshi-11\/#breadcrumb","itemListElement":[{"@type":"ListItem","position":1,"name":"Portada","item":"https:\/\/deliciaspersas.com\/fa\/"},{"@type":"ListItem","position":2,"name":"Tienda","item":"https:\/\/deliciaspersas.com\/"},{"@type":"ListItem","position":3,"name":"Ajo en escabeche Sir torshi 700g 1&amp;1"}]},{"@type":"WebSite","@id":"https:\/\/deliciaspersas.com\/fa\/#website","url":"https:\/\/deliciaspersas.com\/fa\/","name":"Delicias Persas","description":"Gastronom&iacute;a persa al alcance de tus manos","publisher":{"@id":"https:\/\/deliciaspersas.com\/fa\/#organization"},"potentialAction":[{"@type":"SearchAction","target":{"@type":"EntryPoint","urlTemplate":"https:\/\/deliciaspersas.com\/fa\/?s={search_term_string}"},"query-input":{"@type":"PropertyValueSpecification","valueRequired":true,"valueName":"search_term_string"}}],"inLanguage":"fa-IR"},{"@type":"Organization","@id":"https:\/\/deliciaspersas.com\/fa\/#organization","name":"Delicias Persas","url":"https:\/\/deliciaspersas.com\/fa\/","logo":{"@type":"ImageObject","inLanguage":"fa-IR","@id":"https:\/\/deliciaspersas.com\/fa\/#\/schema\/logo\/image\/","url":"https:\/\/deliciaspersas.com\/wp-content\/uploads\/2020\/07\/logo-2020.png","contentUrl":"https:\/\/deliciaspersas.com\/wp-content\/uploads\/2020\/07\/logo-2020.png","width":520,"height":490,"caption":"Delicias Persas"},"image":{"@id":"https:\/\/deliciaspersas.com\/fa\/#\/schema\/logo\/image\/"},"sameAs":["https:\/\/www.facebook.com\/Deliciaspersas","https:\/\/www.instagram.com\/delicias_persas\/","https:\/\/www.linkedin.com\/delicias-persas"]}]}},"uagb_featured_image_src":{"full":["https:\/\/deliciaspersas.com\/wp-content\/uploads\/Ajo-en-escabeche-Sir-torshi-700g-11.jpg",760,760,false],"thumbnail":["https:\/\/deliciaspersas.com\/wp-content\/uploads\/Ajo-en-escabeche-Sir-torshi-700g-11-150x150.jpg",150,150,true],"medium":["https:\/\/deliciaspersas.com\/wp-content\/uploads\/Ajo-en-escabeche-Sir-torshi-700g-11-300x300.jpg",300,300,true],"medium_large":["https:\/\/deliciaspersas.com\/wp-content\/uploads\/Ajo-en-escabeche-Sir-torshi-700g-11.jpg",760,760,false],"large":["https:\/\/deliciaspersas.com\/wp-content\/uploads\/Ajo-en-escabeche-Sir-torshi-700g-11.jpg",760,760,false],"1536x1536":["https:\/\/deliciaspersas.com\/wp-content\/uploads\/Ajo-en-escabeche-Sir-torshi-700g-11.jpg",760,760,false],"2048x2048":["https:\/\/deliciaspersas.com\/wp-content\/uploads\/Ajo-en-escabeche-Sir-torshi-700g-11.jpg",760,760,false],"woocommerce_thumbnail":["https:\/\/deliciaspersas.com\/wp-content\/uploads\/Ajo-en-escabeche-Sir-torshi-700g-11-300x300.jpg",300,300,true],"woocommerce_single":["https:\/\/deliciaspersas.com\/wp-content\/uploads\/Ajo-en-escabeche-Sir-torshi-700g-11-600x600.jpg",600,600,true],"woocommerce_gallery_thumbnail":["https:\/\/deliciaspersas.com\/wp-content\/uploads\/Ajo-en-escabeche-Sir-torshi-700g-11-100x100.jpg",100,100,true]},"uagb_author_info":{"display_name":"admin","author_link":"https:\/\/deliciaspersas.com\/fa\/author\/"},"uagb_comment_info":0,"uagb_excerpt":"Ajo en escabeche Sir torshi 700g 1&amp;1 Informaci\u00f3n del producto: El ajo es mucho m\u00e1s que un condimento, es un ayuda a prevenir enfermedades cargado de propiedades nutritivas y beneficios para la salud. El ajo encurtido, sir torshi, es m\u00e1s que una delicia culinaria. Es un poderoso antioxidante con\u00a0propiedades\u00a0microbianas, antivirales y antibi\u00f3ticas. Para los resfriados&hellip;","brands":[{"id":51,"name":"1&amp;1","slug":"11"}],"_links":{"self":[{"href":"https:\/\/deliciaspersas.com\/fa\/wp-json\/wp\/v2\/product\/4712"}],"collection":[{"href":"https:\/\/deliciaspersas.com\/fa\/wp-json\/wp\/v2\/product"}],"about":[{"href":"https:\/\/deliciaspersas.com\/fa\/wp-json\/wp\/v2\/types\/product"}],"wp:featuredmedia":[{"embeddable":true,"href":"https:\/\/deliciaspersas.com\/fa\/wp-json\/wp\/v2\/media\/4715"}],"wp:attachment":[{"href":"https:\/\/deliciaspersas.com\/fa\/wp-json\/wp\/v2\/media?parent=4712"}],"wp:term":[{"taxonomy":"pwb-brand","embeddable":true,"href":"https:\/\/deliciaspersas.com\/fa\/wp-json\/wp\/v2\/pwb-brand?post=4712"},{"taxonomy":"product_cat","embeddable":true,"href":"https:\/\/deliciaspersas.com\/fa\/wp-json\/wp\/v2\/product_cat?post=4712"},{"taxonomy":"product_tag","embeddable":true,"href":"https:\/\/deliciaspersas.com\/fa\/wp-json\/wp\/v2\/product_tag?post=4712"}],"curies":[{"name":"wp","href":"https:\/\/api.w.org\/{rel}","templated":true}]}}