{"id":4782,"date":"2020-09-10T14:53:25","date_gmt":"2020-09-10T12:53:25","guid":{"rendered":"https:\/\/deliciaspersas.com\/?post_type=product&#038;p=4782"},"modified":"2024-04-10T17:24:41","modified_gmt":"2024-04-10T15:24:41","slug":"reyhan-60g-donya","status":"publish","type":"product","link":"https:\/\/deliciaspersas.com\/fa\/tienda\/hierbas\/reyhan-60g-donya\/","title":{"rendered":"Albahaca Reyhan 60g Donya"},"content":{"rendered":"<h1>Albahaca Reyhan 60g Donya<\/h1>\n<h6>Informaci\u00f3n del producto:<\/h6>\n<p>Albahaca seca.<\/p>\n<h6>Usos:<\/h6>\n<p>Son muy utilizadas en la dieta mediterr\u00e1nea para condimentar ensaladas, salsas, postres e innumerables recetas.<\/p>\n<h6>Beneficios:<\/h6>\n<p>El uso de la albahaca aporta gran variedad de beneficios, ya que al igual que el or\u00e9gano tambi\u00e9n se considera un t\u00f3nica y cuenta con una propiedad digestiva. Adem\u00e1s, trata los resfriados y problemas respiratorios.<\/p>\n<p>Frena la fiebre y combate el resfrioado: e<span style=\"font-size: 16px;\">n casos de fiebre alta, se recomienda hervir hojas de albahaca con cardamomo y beberla como infusi\u00f3n.<\/span><\/p>\n<p>Alivia la tos y el asma: l<span style=\"font-size: 16px;\">a albahaca es un ingrediente activo en los\u00a0jarabes para la tos y la bronquitis. Para hacer uno casero se pueden hervir sus hojas en agua y beber. Para el dolor de garganta hacer g\u00e1rgaras con este agua hervida tambi\u00e9n funcionar\u00e1.<\/span><\/p>\n<p>Fortaleca el sistema inmunol\u00f3gico: <span style=\"font-size: 16px;\">Sus\u00a0compuestos qu\u00edmicos favorecen la producci\u00f3n del cuerpo de anticuerpos que combaten las infecciones.<\/span><\/p>\n<p>Es un producto anti-estr\u00e9s: v<span style=\"font-size: 16px;\">arios estudios realizados por especialistas han demostrado que la albahaca\u00a0es un buen m\u00e9todo para el estr\u00e9s.<\/span><\/p>\n<p>Es buena para la vista: e<span style=\"font-size: 16px;\">sto de debe a su contenido en Vitamina D.<\/span><\/p>\n<p>Combate el acn\u00e9: e<span style=\"font-size: 16px;\">sto es debido a sus\u00a0propiedades antiinflamatorias.\u00a0Como adem\u00e1s es antioxidante, el aspecto de la piel mejora y rejuvenece.<\/span><\/p>\n<p>Puede eliminar el mal aliento y luchar contra enfermedades bucales: a<span style=\"font-size: 16px;\">lgunos remedios caseros se\u00f1alan que dejarla secar y cepillar los dientes con albahaca, soluciona muchos problemas orales.<\/span><\/p>\n<p>Funcionamienro renal: ayu<span style=\"font-size: 16px;\">da al correcto\u00a0<\/span>funcionamiento de los ri\u00f1ones<span style=\"font-size: 16px;\">.<\/span><\/p>\n<p>Ayuda a la digesti\u00f3n: e<span style=\"font-size: 16px;\">l t\u00e9 de albahaca puede tratar\u00a0<\/span>problemas estomacales<span style=\"font-size: 16px;\">\u00a0como el estre\u00f1imiento, la acidez y\u00a0la digesti\u00f3n pesada.<\/span><\/p>\n<p>Alivia los dolores de cabeza: a<span style=\"font-size: 16px;\">ct\u00faa como relajante muscular y antiinflamatorio.<\/span><\/p>\n<h6>Ingredientes y al\u00e9rgenos:<\/h6>\n<p>Especias de reyhan.<\/p>\n<h6>Condiciones de conservaci\u00f3n:<\/h6>\n<p>Conservar en un lugar fresco, seco y protegido de la luz.<\/p>\n<h6>Informaci\u00f3n adicional:<\/h6>\n<p>Fabricado por: Donya<\/p>\n","protected":false},"excerpt":{"rendered":"<p>Albahaca Reyhan 60g Donya Informaci\u00f3n del producto: Albahaca seca. Usos: Son muy utilizadas en la dieta mediterr\u00e1nea para condimentar ensaladas, salsas, postres e innumerables recetas. Beneficios: El uso de la albahaca aporta gran variedad de beneficios, ya que al igual que el or\u00e9gano tambi\u00e9n se considera un t\u00f3nica y cuenta con una propiedad digestiva. Adem\u00e1s, [&hellip;]<\/p>\n","protected":false},"featured_media":4834,"template":"","meta":{"_surecart_dashboard_logo_width":"180px","_surecart_dashboard_show_logo":true,"_surecart_dashboard_navigation_orders":true,"_surecart_dashboard_navigation_invoices":true,"_surecart_dashboard_navigation_subscriptions":true,"_surecart_dashboard_navigation_downloads":true,"_surecart_dashboard_navigation_billing":true,"_surecart_dashboard_navigation_account":true,"_uag_custom_page_level_css":"","site-sidebar-layout":"default","site-content-layout":"default","ast-site-content-layout":"default","site-content-style":"default","site-sidebar-style":"default","ast-global-header-display":"","ast-banner-title-visibility":"","ast-main-header-display":"","ast-hfb-above-header-display":"","ast-hfb-below-header-display":"","ast-hfb-mobile-header-display":"","site-post-title":"","ast-breadcrumbs-content":"","ast-featured-img":"","footer-sml-layout":"","theme-transparent-header-meta":"default","adv-header-id-meta":"","stick-header-meta":"","header-above-stick-meta":"","header-main-stick-meta":"","header-below-stick-meta":"","astra-migrate-meta-layouts":"set","ast-page-background-enabled":"default","ast-page-background-meta":{"desktop":{"background-color":"","background-image":"","background-repeat":"repeat","background-position":"center center","background-size":"auto","background-attachment":"scroll","background-type":"","background-media":"","overlay-type":"","overlay-color":"","overlay-opacity":"","overlay-gradient":""},"tablet":{"background-color":"","background-image":"","background-repeat":"repeat","background-position":"center center","background-size":"auto","background-attachment":"scroll","background-type":"","background-media":"","overlay-type":"","overlay-color":"","overlay-opacity":"","overlay-gradient":""},"mobile":{"background-color":"","background-image":"","background-repeat":"repeat","background-position":"center center","background-size":"auto","background-attachment":"scroll","background-type":"","background-media":"","overlay-type":"","overlay-color":"","overlay-opacity":"","overlay-gradient":""}},"ast-content-background-meta":{"desktop":{"background-color":"var(--ast-global-color-5)","background-image":"","background-repeat":"repeat","background-position":"center center","background-size":"auto","background-attachment":"scroll","background-type":"","background-media":"","overlay-type":"","overlay-color":"","overlay-opacity":"","overlay-gradient":""},"tablet":{"background-color":"var(--ast-global-color-5)","background-image":"","background-repeat":"repeat","background-position":"center center","background-size":"auto","background-attachment":"scroll","background-type":"","background-media":"","overlay-type":"","overlay-color":"","overlay-opacity":"","overlay-gradient":""},"mobile":{"background-color":"var(--ast-global-color-5)","background-image":"","background-repeat":"repeat","background-position":"center center","background-size":"auto","background-attachment":"scroll","background-type":"","background-media":"","overlay-type":"","overlay-color":"","overlay-opacity":"","overlay-gradient":""}}},"pwb-brand":[52],"product_cat":[41],"product_tag":[847,568,811,448],"class_list":{"0":"post-4782","1":"product","2":"type-product","3":"status-publish","4":"has-post-thumbnail","6":"pwb-brand-donya","7":"product_cat-hierbas","8":"product_tag-albahaca","9":"product_tag-especie","10":"product_tag-verduras","11":"product_tag-448","12":"desktop-align-center","13":"tablet-align-center","14":"mobile-align-center","16":"first","17":"outofstock","18":"taxable","19":"shipping-taxable","20":"purchasable","21":"product-type-simple"},"yoast_head":"<!-- This site is optimized with the Yoast SEO plugin v23.6 - https:\/\/yoast.com\/wordpress\/plugins\/seo\/ -->\n<title>Albahaca Reyhan 60g Donya - Delicias Persas<\/title>\n<meta name=\"description\" content=\"El uso de la albahaca aporta gran variedad de beneficios, ademas de un sabor \u00fanico a tus platos. Utilizado para freir y guisos...\" \/>\n<meta name=\"robots\" content=\"index, follow, max-snippet:-1, max-image-preview:large, max-video-preview:-1\" \/>\n<link rel=\"canonical\" href=\"https:\/\/deliciaspersas.com\/fa\/tienda\/hierbas\/reyhan-60g-donya\/\" \/>\n<meta property=\"og:locale\" content=\"fa_IR\" \/>\n<meta property=\"og:type\" content=\"article\" \/>\n<meta property=\"og:title\" content=\"Albahaca Reyhan 60g Donya - Delicias Persas\" \/>\n<meta property=\"og:description\" content=\"El uso de la albahaca aporta gran variedad de beneficios, ademas de un sabor \u00fanico a tus platos. Utilizado para freir y guisos...\" \/>\n<meta property=\"og:url\" content=\"https:\/\/deliciaspersas.com\/fa\/tienda\/hierbas\/reyhan-60g-donya\/\" \/>\n<meta property=\"og:site_name\" content=\"Delicias Persas\" \/>\n<meta property=\"article:publisher\" content=\"https:\/\/www.facebook.com\/Deliciaspersas\" \/>\n<meta property=\"article:modified_time\" content=\"2024-04-10T15:24:41+00:00\" \/>\n<meta property=\"og:image\" content=\"https:\/\/deliciaspersas.com\/wp-content\/uploads\/Reyhan-60g-Donya.jpg\" \/>\n\t<meta property=\"og:image:width\" content=\"760\" \/>\n\t<meta property=\"og:image:height\" content=\"760\" \/>\n\t<meta property=\"og:image:type\" content=\"image\/jpeg\" \/>\n<meta name=\"twitter:card\" content=\"summary_large_image\" \/>\n<meta name=\"twitter:label1\" content=\"\u0632\u0645\u0627\u0646 \u062a\u0642\u0631\u06cc\u0628\u06cc \u0628\u0631\u0627\u06cc \u062e\u0648\u0627\u0646\u062f\u0646\" \/>\n\t<meta name=\"twitter:data1\" content=\"2 \u062f\u0642\u06cc\u0642\u0647\" \/>\n<script type=\"application\/ld+json\" class=\"yoast-schema-graph\">{\"@context\":\"https:\/\/schema.org\",\"@graph\":[{\"@type\":\"WebPage\",\"@id\":\"https:\/\/deliciaspersas.com\/fa\/tienda\/hierbas\/reyhan-60g-donya\/\",\"url\":\"https:\/\/deliciaspersas.com\/fa\/tienda\/hierbas\/reyhan-60g-donya\/\",\"name\":\"Albahaca Reyhan 60g Donya - Delicias Persas\",\"isPartOf\":{\"@id\":\"https:\/\/deliciaspersas.com\/fa\/#website\"},\"primaryImageOfPage\":{\"@id\":\"https:\/\/deliciaspersas.com\/fa\/tienda\/hierbas\/reyhan-60g-donya\/#primaryimage\"},\"image\":{\"@id\":\"https:\/\/deliciaspersas.com\/fa\/tienda\/hierbas\/reyhan-60g-donya\/#primaryimage\"},\"thumbnailUrl\":\"https:\/\/deliciaspersas.com\/wp-content\/uploads\/Reyhan-60g-Donya.jpg\",\"datePublished\":\"2020-09-10T12:53:25+00:00\",\"dateModified\":\"2024-04-10T15:24:41+00:00\",\"description\":\"El uso de la albahaca aporta gran variedad de beneficios, ademas de un sabor \u00fanico a tus platos. Utilizado para freir y guisos...\",\"breadcrumb\":{\"@id\":\"https:\/\/deliciaspersas.com\/fa\/tienda\/hierbas\/reyhan-60g-donya\/#breadcrumb\"},\"inLanguage\":\"fa-IR\",\"potentialAction\":[{\"@type\":\"ReadAction\",\"target\":[\"https:\/\/deliciaspersas.com\/fa\/tienda\/hierbas\/reyhan-60g-donya\/\"]}]},{\"@type\":\"ImageObject\",\"inLanguage\":\"fa-IR\",\"@id\":\"https:\/\/deliciaspersas.com\/fa\/tienda\/hierbas\/reyhan-60g-donya\/#primaryimage\",\"url\":\"https:\/\/deliciaspersas.com\/wp-content\/uploads\/Reyhan-60g-Donya.jpg\",\"contentUrl\":\"https:\/\/deliciaspersas.com\/wp-content\/uploads\/Reyhan-60g-Donya.jpg\",\"width\":760,\"height\":760,\"caption\":\"Reyhan 60g Donya\"},{\"@type\":\"BreadcrumbList\",\"@id\":\"https:\/\/deliciaspersas.com\/fa\/tienda\/hierbas\/reyhan-60g-donya\/#breadcrumb\",\"itemListElement\":[{\"@type\":\"ListItem\",\"position\":1,\"name\":\"Portada\",\"item\":\"https:\/\/deliciaspersas.com\/fa\/\"},{\"@type\":\"ListItem\",\"position\":2,\"name\":\"Tienda\",\"item\":\"https:\/\/deliciaspersas.com\/\"},{\"@type\":\"ListItem\",\"position\":3,\"name\":\"Albahaca Reyhan 60g Donya\"}]},{\"@type\":\"WebSite\",\"@id\":\"https:\/\/deliciaspersas.com\/fa\/#website\",\"url\":\"https:\/\/deliciaspersas.com\/fa\/\",\"name\":\"Delicias Persas\",\"description\":\"Gastronom&iacute;a persa al alcance de tus manos\",\"publisher\":{\"@id\":\"https:\/\/deliciaspersas.com\/fa\/#organization\"},\"potentialAction\":[{\"@type\":\"SearchAction\",\"target\":{\"@type\":\"EntryPoint\",\"urlTemplate\":\"https:\/\/deliciaspersas.com\/fa\/?s={search_term_string}\"},\"query-input\":{\"@type\":\"PropertyValueSpecification\",\"valueRequired\":true,\"valueName\":\"search_term_string\"}}],\"inLanguage\":\"fa-IR\"},{\"@type\":\"Organization\",\"@id\":\"https:\/\/deliciaspersas.com\/fa\/#organization\",\"name\":\"Delicias Persas\",\"url\":\"https:\/\/deliciaspersas.com\/fa\/\",\"logo\":{\"@type\":\"ImageObject\",\"inLanguage\":\"fa-IR\",\"@id\":\"https:\/\/deliciaspersas.com\/fa\/#\/schema\/logo\/image\/\",\"url\":\"https:\/\/deliciaspersas.com\/wp-content\/uploads\/2020\/07\/logo-2020.png\",\"contentUrl\":\"https:\/\/deliciaspersas.com\/wp-content\/uploads\/2020\/07\/logo-2020.png\",\"width\":520,\"height\":490,\"caption\":\"Delicias Persas\"},\"image\":{\"@id\":\"https:\/\/deliciaspersas.com\/fa\/#\/schema\/logo\/image\/\"},\"sameAs\":[\"https:\/\/www.facebook.com\/Deliciaspersas\",\"https:\/\/www.instagram.com\/delicias_persas\/\",\"https:\/\/www.linkedin.com\/delicias-persas\"]}]}<\/script>\n<!-- \/ Yoast SEO plugin. -->","yoast_head_json":{"title":"Albahaca Reyhan 60g Donya - Delicias Persas","description":"El uso de la albahaca aporta gran variedad de beneficios, ademas de un sabor \u00fanico a tus platos. Utilizado para freir y guisos...","robots":{"index":"index","follow":"follow","max-snippet":"max-snippet:-1","max-image-preview":"max-image-preview:large","max-video-preview":"max-video-preview:-1"},"canonical":"https:\/\/deliciaspersas.com\/fa\/tienda\/hierbas\/reyhan-60g-donya\/","og_locale":"fa_IR","og_type":"article","og_title":"Albahaca Reyhan 60g Donya - Delicias Persas","og_description":"El uso de la albahaca aporta gran variedad de beneficios, ademas de un sabor \u00fanico a tus platos. Utilizado para freir y guisos...","og_url":"https:\/\/deliciaspersas.com\/fa\/tienda\/hierbas\/reyhan-60g-donya\/","og_site_name":"Delicias Persas","article_publisher":"https:\/\/www.facebook.com\/Deliciaspersas","article_modified_time":"2024-04-10T15:24:41+00:00","og_image":[{"width":760,"height":760,"url":"https:\/\/deliciaspersas.com\/wp-content\/uploads\/Reyhan-60g-Donya.jpg","type":"image\/jpeg"}],"twitter_card":"summary_large_image","twitter_misc":{"\u0632\u0645\u0627\u0646 \u062a\u0642\u0631\u06cc\u0628\u06cc \u0628\u0631\u0627\u06cc \u062e\u0648\u0627\u0646\u062f\u0646":"2 \u062f\u0642\u06cc\u0642\u0647"},"schema":{"@context":"https:\/\/schema.org","@graph":[{"@type":"WebPage","@id":"https:\/\/deliciaspersas.com\/fa\/tienda\/hierbas\/reyhan-60g-donya\/","url":"https:\/\/deliciaspersas.com\/fa\/tienda\/hierbas\/reyhan-60g-donya\/","name":"Albahaca Reyhan 60g Donya - Delicias Persas","isPartOf":{"@id":"https:\/\/deliciaspersas.com\/fa\/#website"},"primaryImageOfPage":{"@id":"https:\/\/deliciaspersas.com\/fa\/tienda\/hierbas\/reyhan-60g-donya\/#primaryimage"},"image":{"@id":"https:\/\/deliciaspersas.com\/fa\/tienda\/hierbas\/reyhan-60g-donya\/#primaryimage"},"thumbnailUrl":"https:\/\/deliciaspersas.com\/wp-content\/uploads\/Reyhan-60g-Donya.jpg","datePublished":"2020-09-10T12:53:25+00:00","dateModified":"2024-04-10T15:24:41+00:00","description":"El uso de la albahaca aporta gran variedad de beneficios, ademas de un sabor \u00fanico a tus platos. Utilizado para freir y guisos...","breadcrumb":{"@id":"https:\/\/deliciaspersas.com\/fa\/tienda\/hierbas\/reyhan-60g-donya\/#breadcrumb"},"inLanguage":"fa-IR","potentialAction":[{"@type":"ReadAction","target":["https:\/\/deliciaspersas.com\/fa\/tienda\/hierbas\/reyhan-60g-donya\/"]}]},{"@type":"ImageObject","inLanguage":"fa-IR","@id":"https:\/\/deliciaspersas.com\/fa\/tienda\/hierbas\/reyhan-60g-donya\/#primaryimage","url":"https:\/\/deliciaspersas.com\/wp-content\/uploads\/Reyhan-60g-Donya.jpg","contentUrl":"https:\/\/deliciaspersas.com\/wp-content\/uploads\/Reyhan-60g-Donya.jpg","width":760,"height":760,"caption":"Reyhan 60g Donya"},{"@type":"BreadcrumbList","@id":"https:\/\/deliciaspersas.com\/fa\/tienda\/hierbas\/reyhan-60g-donya\/#breadcrumb","itemListElement":[{"@type":"ListItem","position":1,"name":"Portada","item":"https:\/\/deliciaspersas.com\/fa\/"},{"@type":"ListItem","position":2,"name":"Tienda","item":"https:\/\/deliciaspersas.com\/"},{"@type":"ListItem","position":3,"name":"Albahaca Reyhan 60g Donya"}]},{"@type":"WebSite","@id":"https:\/\/deliciaspersas.com\/fa\/#website","url":"https:\/\/deliciaspersas.com\/fa\/","name":"Delicias Persas","description":"Gastronom&iacute;a persa al alcance de tus manos","publisher":{"@id":"https:\/\/deliciaspersas.com\/fa\/#organization"},"potentialAction":[{"@type":"SearchAction","target":{"@type":"EntryPoint","urlTemplate":"https:\/\/deliciaspersas.com\/fa\/?s={search_term_string}"},"query-input":{"@type":"PropertyValueSpecification","valueRequired":true,"valueName":"search_term_string"}}],"inLanguage":"fa-IR"},{"@type":"Organization","@id":"https:\/\/deliciaspersas.com\/fa\/#organization","name":"Delicias Persas","url":"https:\/\/deliciaspersas.com\/fa\/","logo":{"@type":"ImageObject","inLanguage":"fa-IR","@id":"https:\/\/deliciaspersas.com\/fa\/#\/schema\/logo\/image\/","url":"https:\/\/deliciaspersas.com\/wp-content\/uploads\/2020\/07\/logo-2020.png","contentUrl":"https:\/\/deliciaspersas.com\/wp-content\/uploads\/2020\/07\/logo-2020.png","width":520,"height":490,"caption":"Delicias Persas"},"image":{"@id":"https:\/\/deliciaspersas.com\/fa\/#\/schema\/logo\/image\/"},"sameAs":["https:\/\/www.facebook.com\/Deliciaspersas","https:\/\/www.instagram.com\/delicias_persas\/","https:\/\/www.linkedin.com\/delicias-persas"]}]}},"uagb_featured_image_src":{"full":["https:\/\/deliciaspersas.com\/wp-content\/uploads\/Reyhan-60g-Donya.jpg",760,760,false],"thumbnail":["https:\/\/deliciaspersas.com\/wp-content\/uploads\/Reyhan-60g-Donya-150x150.jpg",150,150,true],"medium":["https:\/\/deliciaspersas.com\/wp-content\/uploads\/Reyhan-60g-Donya-300x300.jpg",300,300,true],"medium_large":["https:\/\/deliciaspersas.com\/wp-content\/uploads\/Reyhan-60g-Donya.jpg",760,760,false],"large":["https:\/\/deliciaspersas.com\/wp-content\/uploads\/Reyhan-60g-Donya.jpg",760,760,false],"1536x1536":["https:\/\/deliciaspersas.com\/wp-content\/uploads\/Reyhan-60g-Donya.jpg",760,760,false],"2048x2048":["https:\/\/deliciaspersas.com\/wp-content\/uploads\/Reyhan-60g-Donya.jpg",760,760,false],"woocommerce_thumbnail":["https:\/\/deliciaspersas.com\/wp-content\/uploads\/Reyhan-60g-Donya-300x300.jpg",300,300,true],"woocommerce_single":["https:\/\/deliciaspersas.com\/wp-content\/uploads\/Reyhan-60g-Donya-600x600.jpg",600,600,true],"woocommerce_gallery_thumbnail":["https:\/\/deliciaspersas.com\/wp-content\/uploads\/Reyhan-60g-Donya-100x100.jpg",100,100,true]},"uagb_author_info":{"display_name":"admin","author_link":"https:\/\/deliciaspersas.com\/fa\/author\/"},"uagb_comment_info":0,"uagb_excerpt":"Albahaca Reyhan 60g Donya Informaci\u00f3n del producto: Albahaca seca. Usos: Son muy utilizadas en la dieta mediterr\u00e1nea para condimentar ensaladas, salsas, postres e innumerables recetas. Beneficios: El uso de la albahaca aporta gran variedad de beneficios, ya que al igual que el or\u00e9gano tambi\u00e9n se considera un t\u00f3nica y cuenta con una propiedad digestiva. Adem\u00e1s,&hellip;","brands":[{"id":52,"name":"Donya","slug":"donya"}],"_links":{"self":[{"href":"https:\/\/deliciaspersas.com\/fa\/wp-json\/wp\/v2\/product\/4782"}],"collection":[{"href":"https:\/\/deliciaspersas.com\/fa\/wp-json\/wp\/v2\/product"}],"about":[{"href":"https:\/\/deliciaspersas.com\/fa\/wp-json\/wp\/v2\/types\/product"}],"wp:featuredmedia":[{"embeddable":true,"href":"https:\/\/deliciaspersas.com\/fa\/wp-json\/wp\/v2\/media\/4834"}],"wp:attachment":[{"href":"https:\/\/deliciaspersas.com\/fa\/wp-json\/wp\/v2\/media?parent=4782"}],"wp:term":[{"taxonomy":"pwb-brand","embeddable":true,"href":"https:\/\/deliciaspersas.com\/fa\/wp-json\/wp\/v2\/pwb-brand?post=4782"},{"taxonomy":"product_cat","embeddable":true,"href":"https:\/\/deliciaspersas.com\/fa\/wp-json\/wp\/v2\/product_cat?post=4782"},{"taxonomy":"product_tag","embeddable":true,"href":"https:\/\/deliciaspersas.com\/fa\/wp-json\/wp\/v2\/product_tag?post=4782"}],"curies":[{"name":"wp","href":"https:\/\/api.w.org\/{rel}","templated":true}]}}