{"id":4954,"date":"2020-10-02T12:45:17","date_gmt":"2020-10-02T10:45:17","guid":{"rendered":"https:\/\/deliciaspersas.com\/?post_type=product&#038;p=4954"},"modified":"2026-01-26T11:26:52","modified_gmt":"2026-01-26T10:26:52","slug":"mortadela-de-pollo-2800g-chatar","status":"publish","type":"product","link":"https:\/\/deliciaspersas.com\/fa\/tienda\/carnes\/mortadela-de-pollo-2800g-chatar\/","title":{"rendered":"Mortadela de pollo 280g Chatar"},"content":{"rendered":"<h1>Mortadela de pollo 280g Chatar<\/h1>\n<h6>Informaci\u00f3n del producto:<\/h6>\n<div>Mortadela de pollo.<\/div>\n<h6>Usos:<\/h6>\n<p>Mortadela de Pollo: Perfecto para almorzar, cenar o una merienda disfrutando del mejor embutido! Disfruta de los distintos sabores!<\/p>\n<p>La mortadela de pollo tambi\u00e9n se comen crudos, solos o en bocadillo, y son muy \u00fatiles cuando no tenemos tiempo de cocinar.<\/p>\n<h6>Beneficios:<\/h6>\n<p>Las proporciones de los nutrientes de la mortadela pueden variar seg\u00fan el tipo y la cantidad de la carne, adem\u00e1s de otros factores que puedan intervenir en la modificaci\u00f3n de sus nutrientes. Recuerda que seg\u00fan la preparaci\u00f3n de la mortadela, pueden variar sus propiedades y caracter\u00edsticas nutricionales. \u00a0se caracteriza por ser una\u00a0importante fuente de prote\u00ednas, minerales, hierro, f\u00f3sforo y vitaminas del grupo A, fundamentales en nuestro organismo.<\/p>\n<p>Comer embutido le aporta unos beneficios tan saludables como \u00e9stos:<\/p>\n<ul>\n<li>Son ricos en\u00a0potasio, zinc, magnesio y f\u00f3sforo. Y, por supuesto, si la calidad de la carne de la que procede elembutido es buena, sus propiedades ser\u00e1n mejores.<\/li>\n<li>Ideal para personas con\u00a0anemia por falta de hierro. Su alto contenido en hierro y vitamina B12 convierte a este alimento en id\u00f3neo para combatir la anemia o cuando se tienen los niveles de hierro bajos.<\/li>\n<li>Proporcionan la energ\u00eda que necesita antes de hacer ejercicio<strong>,<\/strong>\u00a0ya que son una fuente importante de calor\u00edas. Comer embutido puede ser muy beneficioso para deportistas o para personas que realicen trabajos que les ocasione un gran desgaste f\u00edsico.<\/li>\n<li>Tienen un\u00a0alto nivel de selenio. Este nutriente se necesita en pocas en cantidades, y los embutidos aportan la cantidad diaria recomendada. El selenio es un importante antioxidante que disminuye el riesgo de padecer enfermedades como c\u00e1ncer, anemia, diabetes y ciertas enfermedades infecciosas.<\/li>\n<\/ul>\n<h6>Ingredientes y al\u00e9rgenos:<\/h6>\n<p>Carne de , pollo, almid\u00f3n, sal, potenciador, soja, conservas, especias.<\/p>\n<h6>Condiciones de conservaci\u00f3n:<\/h6>\n<p>Conservar en frigor\u00edfico, seco y protegido de la luz.<\/p>\n<h6>Informaci\u00f3n adicional:<\/h6>\n<p>Fabricado por: chatar<\/p>\n","protected":false},"excerpt":{"rendered":"<p>Mortadela de pollo 280g Chatar Informaci\u00f3n del producto: Mortadela de pollo. Usos: Mortadela de Pollo: Perfecto para almorzar, cenar o una merienda disfrutando del mejor embutido! Disfruta de los distintos sabores! La mortadela de pollo tambi\u00e9n se comen crudos, solos o en bocadillo, y son muy \u00fatiles cuando no tenemos tiempo de cocinar. Beneficios: Las [&hellip;]<\/p>\n","protected":false},"featured_media":4957,"template":"","meta":{"_surecart_dashboard_logo_width":"180px","_surecart_dashboard_show_logo":true,"_surecart_dashboard_navigation_orders":true,"_surecart_dashboard_navigation_invoices":true,"_surecart_dashboard_navigation_subscriptions":true,"_surecart_dashboard_navigation_downloads":true,"_surecart_dashboard_navigation_billing":true,"_surecart_dashboard_navigation_account":true,"_uag_custom_page_level_css":"","site-sidebar-layout":"default","site-content-layout":"default","ast-site-content-layout":"","site-content-style":"default","site-sidebar-style":"default","ast-global-header-display":"","ast-banner-title-visibility":"","ast-main-header-display":"","ast-hfb-above-header-display":"","ast-hfb-below-header-display":"","ast-hfb-mobile-header-display":"","site-post-title":"","ast-breadcrumbs-content":"","ast-featured-img":"","footer-sml-layout":"","theme-transparent-header-meta":"default","adv-header-id-meta":"","stick-header-meta":"","header-above-stick-meta":"","header-main-stick-meta":"","header-below-stick-meta":"","astra-migrate-meta-layouts":"default","ast-page-background-enabled":"default","ast-page-background-meta":{"desktop":{"background-color":"","background-image":"","background-repeat":"repeat","background-position":"center center","background-size":"auto","background-attachment":"scroll","background-type":"","background-media":"","overlay-type":"","overlay-color":"","overlay-opacity":"","overlay-gradient":""},"tablet":{"background-color":"","background-image":"","background-repeat":"repeat","background-position":"center center","background-size":"auto","background-attachment":"scroll","background-type":"","background-media":"","overlay-type":"","overlay-color":"","overlay-opacity":"","overlay-gradient":""},"mobile":{"background-color":"","background-image":"","background-repeat":"repeat","background-position":"center center","background-size":"auto","background-attachment":"scroll","background-type":"","background-media":"","overlay-type":"","overlay-color":"","overlay-opacity":"","overlay-gradient":""}},"ast-content-background-meta":{"desktop":{"background-color":"var(--ast-global-color-5)","background-image":"","background-repeat":"repeat","background-position":"center center","background-size":"auto","background-attachment":"scroll","background-type":"","background-media":"","overlay-type":"","overlay-color":"","overlay-opacity":"","overlay-gradient":""},"tablet":{"background-color":"var(--ast-global-color-5)","background-image":"","background-repeat":"repeat","background-position":"center center","background-size":"auto","background-attachment":"scroll","background-type":"","background-media":"","overlay-type":"","overlay-color":"","overlay-opacity":"","overlay-gradient":""},"mobile":{"background-color":"var(--ast-global-color-5)","background-image":"","background-repeat":"repeat","background-position":"center center","background-size":"auto","background-attachment":"scroll","background-type":"","background-media":"","overlay-type":"","overlay-color":"","overlay-opacity":"","overlay-gradient":""}}},"pwb-brand":[102],"product_cat":[93],"product_tag":[576,654,784,785,788,786,787],"class_list":{"0":"post-4954","1":"product","2":"type-product","3":"status-publish","4":"has-post-thumbnail","6":"pwb-brand-chatar","7":"product_cat-carnes","8":"product_tag-desayuno","9":"product_tag-merienda","10":"product_tag-mortadela","11":"product_tag-pollo","12":"product_tag-788","13":"product_tag-786","14":"product_tag-787","15":"desktop-align-center","16":"tablet-align-center","17":"mobile-align-center","19":"first","20":"instock","21":"taxable","22":"shipping-taxable","23":"purchasable","24":"product-type-simple"},"yoast_head":"<!-- This site is optimized with the Yoast SEO plugin v23.6 - https:\/\/yoast.com\/wordpress\/plugins\/seo\/ -->\n<title>Mortadela de pollo 280g Chatar - Delicias Persas<\/title>\n<meta name=\"description\" content=\"Mortadela dePollo. Perfecto para almorzar, cenar o\u00a0una merienda disfrutando del mejor embutido! Disfruta de los distintos sabores!\" \/>\n<meta name=\"robots\" content=\"index, follow, max-snippet:-1, max-image-preview:large, max-video-preview:-1\" \/>\n<link rel=\"canonical\" href=\"https:\/\/deliciaspersas.com\/fa\/tienda\/carnes\/mortadela-de-pollo-2800g-chatar\/\" \/>\n<meta property=\"og:locale\" content=\"fa_IR\" \/>\n<meta property=\"og:type\" content=\"article\" \/>\n<meta property=\"og:title\" content=\"Mortadela de pollo 280g Chatar - Delicias Persas\" \/>\n<meta property=\"og:description\" content=\"Mortadela dePollo. Perfecto para almorzar, cenar o\u00a0una merienda disfrutando del mejor embutido! Disfruta de los distintos sabores!\" \/>\n<meta property=\"og:url\" content=\"https:\/\/deliciaspersas.com\/fa\/tienda\/carnes\/mortadela-de-pollo-2800g-chatar\/\" \/>\n<meta property=\"og:site_name\" content=\"Delicias Persas\" \/>\n<meta property=\"article:publisher\" content=\"https:\/\/www.facebook.com\/Deliciaspersas\" \/>\n<meta property=\"article:modified_time\" content=\"2026-01-26T10:26:52+00:00\" \/>\n<meta property=\"og:image\" content=\"https:\/\/deliciaspersas.com\/wp-content\/uploads\/Mortadela-de-pollo-Kalbas-morg-600g-Rupert.jpg\" \/>\n\t<meta property=\"og:image:width\" content=\"760\" \/>\n\t<meta property=\"og:image:height\" content=\"760\" \/>\n\t<meta property=\"og:image:type\" content=\"image\/jpeg\" \/>\n<meta name=\"twitter:card\" content=\"summary_large_image\" \/>\n<meta name=\"twitter:label1\" content=\"\u0632\u0645\u0627\u0646 \u062a\u0642\u0631\u06cc\u0628\u06cc \u0628\u0631\u0627\u06cc \u062e\u0648\u0627\u0646\u062f\u0646\" \/>\n\t<meta name=\"twitter:data1\" content=\"2 \u062f\u0642\u06cc\u0642\u0647\" \/>\n<script type=\"application\/ld+json\" class=\"yoast-schema-graph\">{\"@context\":\"https:\/\/schema.org\",\"@graph\":[{\"@type\":\"WebPage\",\"@id\":\"https:\/\/deliciaspersas.com\/fa\/tienda\/carnes\/mortadela-de-pollo-2800g-chatar\/\",\"url\":\"https:\/\/deliciaspersas.com\/fa\/tienda\/carnes\/mortadela-de-pollo-2800g-chatar\/\",\"name\":\"Mortadela de pollo 280g Chatar - Delicias Persas\",\"isPartOf\":{\"@id\":\"https:\/\/deliciaspersas.com\/fa\/#website\"},\"primaryImageOfPage\":{\"@id\":\"https:\/\/deliciaspersas.com\/fa\/tienda\/carnes\/mortadela-de-pollo-2800g-chatar\/#primaryimage\"},\"image\":{\"@id\":\"https:\/\/deliciaspersas.com\/fa\/tienda\/carnes\/mortadela-de-pollo-2800g-chatar\/#primaryimage\"},\"thumbnailUrl\":\"https:\/\/deliciaspersas.com\/wp-content\/uploads\/Mortadela-de-pollo-Kalbas-morg-600g-Rupert.jpg\",\"datePublished\":\"2020-10-02T10:45:17+00:00\",\"dateModified\":\"2026-01-26T10:26:52+00:00\",\"description\":\"Mortadela dePollo. Perfecto para almorzar, cenar o\u00a0una merienda disfrutando del mejor embutido! Disfruta de los distintos sabores!\",\"breadcrumb\":{\"@id\":\"https:\/\/deliciaspersas.com\/fa\/tienda\/carnes\/mortadela-de-pollo-2800g-chatar\/#breadcrumb\"},\"inLanguage\":\"fa-IR\",\"potentialAction\":[{\"@type\":\"ReadAction\",\"target\":[\"https:\/\/deliciaspersas.com\/fa\/tienda\/carnes\/mortadela-de-pollo-2800g-chatar\/\"]}]},{\"@type\":\"ImageObject\",\"inLanguage\":\"fa-IR\",\"@id\":\"https:\/\/deliciaspersas.com\/fa\/tienda\/carnes\/mortadela-de-pollo-2800g-chatar\/#primaryimage\",\"url\":\"https:\/\/deliciaspersas.com\/wp-content\/uploads\/Mortadela-de-pollo-Kalbas-morg-600g-Rupert.jpg\",\"contentUrl\":\"https:\/\/deliciaspersas.com\/wp-content\/uploads\/Mortadela-de-pollo-Kalbas-morg-600g-Rupert.jpg\",\"width\":760,\"height\":760,\"caption\":\"Mortadela de pollo Kalbas morg 600g Rupert\"},{\"@type\":\"BreadcrumbList\",\"@id\":\"https:\/\/deliciaspersas.com\/fa\/tienda\/carnes\/mortadela-de-pollo-2800g-chatar\/#breadcrumb\",\"itemListElement\":[{\"@type\":\"ListItem\",\"position\":1,\"name\":\"Portada\",\"item\":\"https:\/\/deliciaspersas.com\/fa\/\"},{\"@type\":\"ListItem\",\"position\":2,\"name\":\"Tienda\",\"item\":\"https:\/\/deliciaspersas.com\/\"},{\"@type\":\"ListItem\",\"position\":3,\"name\":\"Mortadela de pollo 280g Chatar\"}]},{\"@type\":\"WebSite\",\"@id\":\"https:\/\/deliciaspersas.com\/fa\/#website\",\"url\":\"https:\/\/deliciaspersas.com\/fa\/\",\"name\":\"Delicias Persas\",\"description\":\"Gastronom&iacute;a persa al alcance de tus manos\",\"publisher\":{\"@id\":\"https:\/\/deliciaspersas.com\/fa\/#organization\"},\"potentialAction\":[{\"@type\":\"SearchAction\",\"target\":{\"@type\":\"EntryPoint\",\"urlTemplate\":\"https:\/\/deliciaspersas.com\/fa\/?s={search_term_string}\"},\"query-input\":{\"@type\":\"PropertyValueSpecification\",\"valueRequired\":true,\"valueName\":\"search_term_string\"}}],\"inLanguage\":\"fa-IR\"},{\"@type\":\"Organization\",\"@id\":\"https:\/\/deliciaspersas.com\/fa\/#organization\",\"name\":\"Delicias Persas\",\"url\":\"https:\/\/deliciaspersas.com\/fa\/\",\"logo\":{\"@type\":\"ImageObject\",\"inLanguage\":\"fa-IR\",\"@id\":\"https:\/\/deliciaspersas.com\/fa\/#\/schema\/logo\/image\/\",\"url\":\"https:\/\/deliciaspersas.com\/wp-content\/uploads\/2020\/07\/logo-2020.png\",\"contentUrl\":\"https:\/\/deliciaspersas.com\/wp-content\/uploads\/2020\/07\/logo-2020.png\",\"width\":520,\"height\":490,\"caption\":\"Delicias Persas\"},\"image\":{\"@id\":\"https:\/\/deliciaspersas.com\/fa\/#\/schema\/logo\/image\/\"},\"sameAs\":[\"https:\/\/www.facebook.com\/Deliciaspersas\",\"https:\/\/www.instagram.com\/delicias_persas\/\",\"https:\/\/www.linkedin.com\/delicias-persas\"]}]}<\/script>\n<!-- \/ Yoast SEO plugin. -->","yoast_head_json":{"title":"Mortadela de pollo 280g Chatar - Delicias Persas","description":"Mortadela dePollo. Perfecto para almorzar, cenar o\u00a0una merienda disfrutando del mejor embutido! Disfruta de los distintos sabores!","robots":{"index":"index","follow":"follow","max-snippet":"max-snippet:-1","max-image-preview":"max-image-preview:large","max-video-preview":"max-video-preview:-1"},"canonical":"https:\/\/deliciaspersas.com\/fa\/tienda\/carnes\/mortadela-de-pollo-2800g-chatar\/","og_locale":"fa_IR","og_type":"article","og_title":"Mortadela de pollo 280g Chatar - Delicias Persas","og_description":"Mortadela dePollo. Perfecto para almorzar, cenar o\u00a0una merienda disfrutando del mejor embutido! Disfruta de los distintos sabores!","og_url":"https:\/\/deliciaspersas.com\/fa\/tienda\/carnes\/mortadela-de-pollo-2800g-chatar\/","og_site_name":"Delicias Persas","article_publisher":"https:\/\/www.facebook.com\/Deliciaspersas","article_modified_time":"2026-01-26T10:26:52+00:00","og_image":[{"width":760,"height":760,"url":"https:\/\/deliciaspersas.com\/wp-content\/uploads\/Mortadela-de-pollo-Kalbas-morg-600g-Rupert.jpg","type":"image\/jpeg"}],"twitter_card":"summary_large_image","twitter_misc":{"\u0632\u0645\u0627\u0646 \u062a\u0642\u0631\u06cc\u0628\u06cc \u0628\u0631\u0627\u06cc \u062e\u0648\u0627\u0646\u062f\u0646":"2 \u062f\u0642\u06cc\u0642\u0647"},"schema":{"@context":"https:\/\/schema.org","@graph":[{"@type":"WebPage","@id":"https:\/\/deliciaspersas.com\/fa\/tienda\/carnes\/mortadela-de-pollo-2800g-chatar\/","url":"https:\/\/deliciaspersas.com\/fa\/tienda\/carnes\/mortadela-de-pollo-2800g-chatar\/","name":"Mortadela de pollo 280g Chatar - Delicias Persas","isPartOf":{"@id":"https:\/\/deliciaspersas.com\/fa\/#website"},"primaryImageOfPage":{"@id":"https:\/\/deliciaspersas.com\/fa\/tienda\/carnes\/mortadela-de-pollo-2800g-chatar\/#primaryimage"},"image":{"@id":"https:\/\/deliciaspersas.com\/fa\/tienda\/carnes\/mortadela-de-pollo-2800g-chatar\/#primaryimage"},"thumbnailUrl":"https:\/\/deliciaspersas.com\/wp-content\/uploads\/Mortadela-de-pollo-Kalbas-morg-600g-Rupert.jpg","datePublished":"2020-10-02T10:45:17+00:00","dateModified":"2026-01-26T10:26:52+00:00","description":"Mortadela dePollo. Perfecto para almorzar, cenar o\u00a0una merienda disfrutando del mejor embutido! Disfruta de los distintos sabores!","breadcrumb":{"@id":"https:\/\/deliciaspersas.com\/fa\/tienda\/carnes\/mortadela-de-pollo-2800g-chatar\/#breadcrumb"},"inLanguage":"fa-IR","potentialAction":[{"@type":"ReadAction","target":["https:\/\/deliciaspersas.com\/fa\/tienda\/carnes\/mortadela-de-pollo-2800g-chatar\/"]}]},{"@type":"ImageObject","inLanguage":"fa-IR","@id":"https:\/\/deliciaspersas.com\/fa\/tienda\/carnes\/mortadela-de-pollo-2800g-chatar\/#primaryimage","url":"https:\/\/deliciaspersas.com\/wp-content\/uploads\/Mortadela-de-pollo-Kalbas-morg-600g-Rupert.jpg","contentUrl":"https:\/\/deliciaspersas.com\/wp-content\/uploads\/Mortadela-de-pollo-Kalbas-morg-600g-Rupert.jpg","width":760,"height":760,"caption":"Mortadela de pollo Kalbas morg 600g Rupert"},{"@type":"BreadcrumbList","@id":"https:\/\/deliciaspersas.com\/fa\/tienda\/carnes\/mortadela-de-pollo-2800g-chatar\/#breadcrumb","itemListElement":[{"@type":"ListItem","position":1,"name":"Portada","item":"https:\/\/deliciaspersas.com\/fa\/"},{"@type":"ListItem","position":2,"name":"Tienda","item":"https:\/\/deliciaspersas.com\/"},{"@type":"ListItem","position":3,"name":"Mortadela de pollo 280g Chatar"}]},{"@type":"WebSite","@id":"https:\/\/deliciaspersas.com\/fa\/#website","url":"https:\/\/deliciaspersas.com\/fa\/","name":"Delicias Persas","description":"Gastronom&iacute;a persa al alcance de tus manos","publisher":{"@id":"https:\/\/deliciaspersas.com\/fa\/#organization"},"potentialAction":[{"@type":"SearchAction","target":{"@type":"EntryPoint","urlTemplate":"https:\/\/deliciaspersas.com\/fa\/?s={search_term_string}"},"query-input":{"@type":"PropertyValueSpecification","valueRequired":true,"valueName":"search_term_string"}}],"inLanguage":"fa-IR"},{"@type":"Organization","@id":"https:\/\/deliciaspersas.com\/fa\/#organization","name":"Delicias Persas","url":"https:\/\/deliciaspersas.com\/fa\/","logo":{"@type":"ImageObject","inLanguage":"fa-IR","@id":"https:\/\/deliciaspersas.com\/fa\/#\/schema\/logo\/image\/","url":"https:\/\/deliciaspersas.com\/wp-content\/uploads\/2020\/07\/logo-2020.png","contentUrl":"https:\/\/deliciaspersas.com\/wp-content\/uploads\/2020\/07\/logo-2020.png","width":520,"height":490,"caption":"Delicias Persas"},"image":{"@id":"https:\/\/deliciaspersas.com\/fa\/#\/schema\/logo\/image\/"},"sameAs":["https:\/\/www.facebook.com\/Deliciaspersas","https:\/\/www.instagram.com\/delicias_persas\/","https:\/\/www.linkedin.com\/delicias-persas"]}]}},"uagb_featured_image_src":{"full":["https:\/\/deliciaspersas.com\/wp-content\/uploads\/Mortadela-de-pollo-Kalbas-morg-600g-Rupert.jpg",760,760,false],"thumbnail":["https:\/\/deliciaspersas.com\/wp-content\/uploads\/Mortadela-de-pollo-Kalbas-morg-600g-Rupert-150x150.jpg",150,150,true],"medium":["https:\/\/deliciaspersas.com\/wp-content\/uploads\/Mortadela-de-pollo-Kalbas-morg-600g-Rupert-300x300.jpg",300,300,true],"medium_large":["https:\/\/deliciaspersas.com\/wp-content\/uploads\/Mortadela-de-pollo-Kalbas-morg-600g-Rupert.jpg",760,760,false],"large":["https:\/\/deliciaspersas.com\/wp-content\/uploads\/Mortadela-de-pollo-Kalbas-morg-600g-Rupert.jpg",760,760,false],"1536x1536":["https:\/\/deliciaspersas.com\/wp-content\/uploads\/Mortadela-de-pollo-Kalbas-morg-600g-Rupert.jpg",760,760,false],"2048x2048":["https:\/\/deliciaspersas.com\/wp-content\/uploads\/Mortadela-de-pollo-Kalbas-morg-600g-Rupert.jpg",760,760,false],"woocommerce_thumbnail":["https:\/\/deliciaspersas.com\/wp-content\/uploads\/Mortadela-de-pollo-Kalbas-morg-600g-Rupert-300x300.jpg",300,300,true],"woocommerce_single":["https:\/\/deliciaspersas.com\/wp-content\/uploads\/Mortadela-de-pollo-Kalbas-morg-600g-Rupert-600x600.jpg",600,600,true],"woocommerce_gallery_thumbnail":["https:\/\/deliciaspersas.com\/wp-content\/uploads\/Mortadela-de-pollo-Kalbas-morg-600g-Rupert-100x100.jpg",100,100,true]},"uagb_author_info":{"display_name":"admin","author_link":"https:\/\/deliciaspersas.com\/fa\/author\/"},"uagb_comment_info":0,"uagb_excerpt":"Mortadela de pollo 280g Chatar Informaci\u00f3n del producto: Mortadela de pollo. Usos: Mortadela de Pollo: Perfecto para almorzar, cenar o una merienda disfrutando del mejor embutido! Disfruta de los distintos sabores! La mortadela de pollo tambi\u00e9n se comen crudos, solos o en bocadillo, y son muy \u00fatiles cuando no tenemos tiempo de cocinar. Beneficios: Las&hellip;","brands":[{"id":102,"name":"Chatar","slug":"chatar"}],"_links":{"self":[{"href":"https:\/\/deliciaspersas.com\/fa\/wp-json\/wp\/v2\/product\/4954"}],"collection":[{"href":"https:\/\/deliciaspersas.com\/fa\/wp-json\/wp\/v2\/product"}],"about":[{"href":"https:\/\/deliciaspersas.com\/fa\/wp-json\/wp\/v2\/types\/product"}],"wp:featuredmedia":[{"embeddable":true,"href":"https:\/\/deliciaspersas.com\/fa\/wp-json\/wp\/v2\/media\/4957"}],"wp:attachment":[{"href":"https:\/\/deliciaspersas.com\/fa\/wp-json\/wp\/v2\/media?parent=4954"}],"wp:term":[{"taxonomy":"pwb-brand","embeddable":true,"href":"https:\/\/deliciaspersas.com\/fa\/wp-json\/wp\/v2\/pwb-brand?post=4954"},{"taxonomy":"product_cat","embeddable":true,"href":"https:\/\/deliciaspersas.com\/fa\/wp-json\/wp\/v2\/product_cat?post=4954"},{"taxonomy":"product_tag","embeddable":true,"href":"https:\/\/deliciaspersas.com\/fa\/wp-json\/wp\/v2\/product_tag?post=4954"}],"curies":[{"name":"wp","href":"https:\/\/api.w.org\/{rel}","templated":true}]}}