{"id":5162,"date":"2020-10-27T14:37:42","date_gmt":"2020-10-27T13:37:42","guid":{"rendered":"https:\/\/deliciaspersas.com\/?post_type=product&#038;p=5162"},"modified":"2021-12-30T19:54:21","modified_gmt":"2021-12-30T18:54:21","slug":"agua-de-hinojo-raziyaneh-anjoman","status":"publish","type":"product","link":"https:\/\/deliciaspersas.com\/fa\/tienda\/destilados\/agua-de-hinojo-raziyaneh-anjoman\/","title":{"rendered":"Agua de Hinojo Raziyaneh 330ml Anjoman"},"content":{"rendered":"<h1>Agua de Hinojo Raziyaneh 330ml Anjoman<\/h1>\n<h6>Informaci\u00f3n del producto:<\/h6>\n<p>Agua de hinojo extra\u00eddo del hinojo, que es una planta silvestre, con numerosas propiedades medicinales y tambi\u00e9n\u00a0 uso en la cocina y la cosm\u00e9tica.<\/p>\n<h6>Usos:<\/h6>\n<p>Recetas, ensaladas, todo tipo de verduras, platos fr\u00edos y calientes.<\/p>\n<p>Postres y bebidas refrescantes.<\/p>\n<h6>Beneficios:<\/h6>\n<p>El agua de hinojo tiene muchas propiedades como:<\/p>\n<p>Gran aliado de la digesti\u00f3n; es \u00fatil en caso de indigestiones o digestiones pesadas, estados de empacho o hartazgo, y contribuye a aliviar los espasmos gastrointestinales.<\/p>\n<p>Estimula el apetito y ayuda a saciar la sed en verano.<\/p>\n<p>Combinado con plantas que refuercen su acci\u00f3n contribuye a frenar la diarrea.<\/p>\n<p>Ayuda a eliminar los gass, las flatulencias, los meteorismos, el mal sabor de boca y el mal aliento (halitosis). Se puede administrar sin temor a los beb\u00f1es cuando sufren y lloran a cuasa de los gases.<\/p>\n<p>Aumenta la diuresis, por lo que puede ser una ayuda en caso de retenci\u00f3n de l\u00edquidos, edemas, o sobrepeso por retenci\u00f3n.<\/p>\n<p>Es un apoyo en caso de hipertensi\u00f3n arterial\u00a0por su efecto diur\u00e9tico (especialmente la ra\u00edz), pero en tal caso ser\u00e1 mejor que lo asocies a otras plantas m\u00e1s estrictamente hipotensoras como el espino albar, la vincapervinca o la sanguinaria.<\/p>\n<p>Presenta una cierta acci\u00f3n reguladora a nivel hormonal. Se indica en caso de menstruaciones escasas o menstruaciones dolorosas, y para tratar el s\u00edndrome premenstrual.<\/p>\n<p>Supone un excelente apoyo en el climaterio para combatir algunos de sus s\u00edntomas, como los dolores lumbares, la retenci\u00f3n de l\u00edquidos, y los gases.<\/p>\n<p>Tambi\u00e9n ha demostrado su utilidad en la reducci\u00f3n de s\u00edntomas de la menopausia como la falta de sue\u00f1o, la sequedad vaginal o la ansiedad.<\/p>\n<h6>Ingredientes y al\u00e9rgenos:<\/h6>\n<p>Agua de hinojo.<\/p>\n<h6>Condiciones de conservaci\u00f3n:<\/h6>\n<p>Conservar en un lugar fresco, seco y protegido de la luz.<\/p>\n<h6>Informaci\u00f3n adicional:<\/h6>\n<p>Fabricado por: Anjoman<\/p>\n<p>14 Premier Park Road<br \/>\nPark Royal<br \/>\nLondon NW10 7NZ<\/p>\n","protected":false},"excerpt":{"rendered":"<p>Agua de Hinojo Raziyaneh 330ml Anjoman Informaci\u00f3n del producto: Agua de hinojo extra\u00eddo del hinojo, que es una planta silvestre, con numerosas propiedades medicinales y tambi\u00e9n\u00a0 uso en la cocina y la cosm\u00e9tica. Usos: Recetas, ensaladas, todo tipo de verduras, platos fr\u00edos y calientes. Postres y bebidas refrescantes. Beneficios: El agua de hinojo tiene muchas [&hellip;]<\/p>\n","protected":false},"featured_media":5353,"template":"","meta":{"_surecart_dashboard_logo_width":"180px","_surecart_dashboard_show_logo":true,"_surecart_dashboard_navigation_orders":true,"_surecart_dashboard_navigation_invoices":true,"_surecart_dashboard_navigation_subscriptions":true,"_surecart_dashboard_navigation_downloads":true,"_surecart_dashboard_navigation_billing":true,"_surecart_dashboard_navigation_account":true,"_uag_custom_page_level_css":"","site-sidebar-layout":"default","site-content-layout":"default","ast-site-content-layout":"","site-content-style":"default","site-sidebar-style":"default","ast-global-header-display":"","ast-banner-title-visibility":"","ast-main-header-display":"","ast-hfb-above-header-display":"","ast-hfb-below-header-display":"","ast-hfb-mobile-header-display":"","site-post-title":"","ast-breadcrumbs-content":"","ast-featured-img":"","footer-sml-layout":"","theme-transparent-header-meta":"default","adv-header-id-meta":"","stick-header-meta":"","header-above-stick-meta":"","header-main-stick-meta":"","header-below-stick-meta":"","astra-migrate-meta-layouts":"default","ast-page-background-enabled":"default","ast-page-background-meta":{"desktop":{"background-color":"","background-image":"","background-repeat":"repeat","background-position":"center center","background-size":"auto","background-attachment":"scroll","background-type":"","background-media":"","overlay-type":"","overlay-color":"","overlay-opacity":"","overlay-gradient":""},"tablet":{"background-color":"","background-image":"","background-repeat":"repeat","background-position":"center center","background-size":"auto","background-attachment":"scroll","background-type":"","background-media":"","overlay-type":"","overlay-color":"","overlay-opacity":"","overlay-gradient":""},"mobile":{"background-color":"","background-image":"","background-repeat":"repeat","background-position":"center center","background-size":"auto","background-attachment":"scroll","background-type":"","background-media":"","overlay-type":"","overlay-color":"","overlay-opacity":"","overlay-gradient":""}},"ast-content-background-meta":{"desktop":{"background-color":"var(--ast-global-color-5)","background-image":"","background-repeat":"repeat","background-position":"center center","background-size":"auto","background-attachment":"scroll","background-type":"","background-media":"","overlay-type":"","overlay-color":"","overlay-opacity":"","overlay-gradient":""},"tablet":{"background-color":"var(--ast-global-color-5)","background-image":"","background-repeat":"repeat","background-position":"center center","background-size":"auto","background-attachment":"scroll","background-type":"","background-media":"","overlay-type":"","overlay-color":"","overlay-opacity":"","overlay-gradient":""},"mobile":{"background-color":"var(--ast-global-color-5)","background-image":"","background-repeat":"repeat","background-position":"center center","background-size":"auto","background-attachment":"scroll","background-type":"","background-media":"","overlay-type":"","overlay-color":"","overlay-opacity":"","overlay-gradient":""}}},"pwb-brand":[42],"product_cat":[39],"product_tag":[597,824,610,829],"class_list":{"0":"post-5162","1":"product","2":"type-product","3":"status-publish","4":"has-post-thumbnail","6":"pwb-brand-anjoman","7":"product_cat-destilados","8":"product_tag-destilado","9":"product_tag-extracto","10":"product_tag-hinojo","11":"product_tag-829","12":"desktop-align-center","13":"tablet-align-center","14":"mobile-align-center","16":"first","17":"outofstock","18":"taxable","19":"shipping-taxable","20":"purchasable","21":"product-type-simple"},"yoast_head":"<!-- This site is optimized with the Yoast SEO plugin v23.6 - https:\/\/yoast.com\/wordpress\/plugins\/seo\/ -->\n<title>Agua de Hinojo Raziyaneh 330ml Anjoman - Delicias Persas<\/title>\n<meta name=\"description\" content=\"Agua de hinojo. En la gastronom\u00eda persa, el hinojo est\u00e1 muy presente. Es fundamental a la hora de preparar postres e infusiones.\" \/>\n<meta name=\"robots\" content=\"index, follow, max-snippet:-1, max-image-preview:large, max-video-preview:-1\" \/>\n<link rel=\"canonical\" href=\"https:\/\/deliciaspersas.com\/fa\/tienda\/destilados\/agua-de-hinojo-raziyaneh-anjoman\/\" \/>\n<meta property=\"og:locale\" content=\"fa_IR\" \/>\n<meta property=\"og:type\" content=\"article\" \/>\n<meta property=\"og:title\" content=\"Agua de Hinojo Raziyaneh 330ml Anjoman - Delicias Persas\" \/>\n<meta property=\"og:description\" content=\"Agua de hinojo. En la gastronom\u00eda persa, el hinojo est\u00e1 muy presente. Es fundamental a la hora de preparar postres e infusiones.\" \/>\n<meta property=\"og:url\" content=\"https:\/\/deliciaspersas.com\/fa\/tienda\/destilados\/agua-de-hinojo-raziyaneh-anjoman\/\" \/>\n<meta property=\"og:site_name\" content=\"Delicias Persas\" \/>\n<meta property=\"article:publisher\" content=\"https:\/\/www.facebook.com\/Deliciaspersas\" \/>\n<meta property=\"article:modified_time\" content=\"2021-12-30T18:54:21+00:00\" \/>\n<meta property=\"og:image\" content=\"https:\/\/deliciaspersas.com\/wp-content\/uploads\/Agua-de-Hinojo-Raziyaneh-330ml-Anjoman.jpg\" \/>\n\t<meta property=\"og:image:width\" content=\"760\" \/>\n\t<meta property=\"og:image:height\" content=\"760\" \/>\n\t<meta property=\"og:image:type\" content=\"image\/jpeg\" \/>\n<meta name=\"twitter:card\" content=\"summary_large_image\" \/>\n<meta name=\"twitter:label1\" content=\"\u0632\u0645\u0627\u0646 \u062a\u0642\u0631\u06cc\u0628\u06cc \u0628\u0631\u0627\u06cc \u062e\u0648\u0627\u0646\u062f\u0646\" \/>\n\t<meta name=\"twitter:data1\" content=\"2 \u062f\u0642\u06cc\u0642\u0647\" \/>\n<script type=\"application\/ld+json\" class=\"yoast-schema-graph\">{\"@context\":\"https:\/\/schema.org\",\"@graph\":[{\"@type\":\"WebPage\",\"@id\":\"https:\/\/deliciaspersas.com\/fa\/tienda\/destilados\/agua-de-hinojo-raziyaneh-anjoman\/\",\"url\":\"https:\/\/deliciaspersas.com\/fa\/tienda\/destilados\/agua-de-hinojo-raziyaneh-anjoman\/\",\"name\":\"Agua de Hinojo Raziyaneh 330ml Anjoman - Delicias Persas\",\"isPartOf\":{\"@id\":\"https:\/\/deliciaspersas.com\/fa\/#website\"},\"primaryImageOfPage\":{\"@id\":\"https:\/\/deliciaspersas.com\/fa\/tienda\/destilados\/agua-de-hinojo-raziyaneh-anjoman\/#primaryimage\"},\"image\":{\"@id\":\"https:\/\/deliciaspersas.com\/fa\/tienda\/destilados\/agua-de-hinojo-raziyaneh-anjoman\/#primaryimage\"},\"thumbnailUrl\":\"https:\/\/deliciaspersas.com\/wp-content\/uploads\/Agua-de-Hinojo-Raziyaneh-330ml-Anjoman.jpg\",\"datePublished\":\"2020-10-27T13:37:42+00:00\",\"dateModified\":\"2021-12-30T18:54:21+00:00\",\"description\":\"Agua de hinojo. En la gastronom\u00eda persa, el hinojo est\u00e1 muy presente. Es fundamental a la hora de preparar postres e infusiones.\",\"breadcrumb\":{\"@id\":\"https:\/\/deliciaspersas.com\/fa\/tienda\/destilados\/agua-de-hinojo-raziyaneh-anjoman\/#breadcrumb\"},\"inLanguage\":\"fa-IR\",\"potentialAction\":[{\"@type\":\"ReadAction\",\"target\":[\"https:\/\/deliciaspersas.com\/fa\/tienda\/destilados\/agua-de-hinojo-raziyaneh-anjoman\/\"]}]},{\"@type\":\"ImageObject\",\"inLanguage\":\"fa-IR\",\"@id\":\"https:\/\/deliciaspersas.com\/fa\/tienda\/destilados\/agua-de-hinojo-raziyaneh-anjoman\/#primaryimage\",\"url\":\"https:\/\/deliciaspersas.com\/wp-content\/uploads\/Agua-de-Hinojo-Raziyaneh-330ml-Anjoman.jpg\",\"contentUrl\":\"https:\/\/deliciaspersas.com\/wp-content\/uploads\/Agua-de-Hinojo-Raziyaneh-330ml-Anjoman.jpg\",\"width\":760,\"height\":760,\"caption\":\"Agua de Hinojo Raziyaneh 330ml Anjoman\"},{\"@type\":\"BreadcrumbList\",\"@id\":\"https:\/\/deliciaspersas.com\/fa\/tienda\/destilados\/agua-de-hinojo-raziyaneh-anjoman\/#breadcrumb\",\"itemListElement\":[{\"@type\":\"ListItem\",\"position\":1,\"name\":\"Portada\",\"item\":\"https:\/\/deliciaspersas.com\/fa\/\"},{\"@type\":\"ListItem\",\"position\":2,\"name\":\"Tienda\",\"item\":\"https:\/\/deliciaspersas.com\/\"},{\"@type\":\"ListItem\",\"position\":3,\"name\":\"Agua de Hinojo Raziyaneh 330ml Anjoman\"}]},{\"@type\":\"WebSite\",\"@id\":\"https:\/\/deliciaspersas.com\/fa\/#website\",\"url\":\"https:\/\/deliciaspersas.com\/fa\/\",\"name\":\"Delicias Persas\",\"description\":\"Gastronom&iacute;a persa al alcance de tus manos\",\"publisher\":{\"@id\":\"https:\/\/deliciaspersas.com\/fa\/#organization\"},\"potentialAction\":[{\"@type\":\"SearchAction\",\"target\":{\"@type\":\"EntryPoint\",\"urlTemplate\":\"https:\/\/deliciaspersas.com\/fa\/?s={search_term_string}\"},\"query-input\":{\"@type\":\"PropertyValueSpecification\",\"valueRequired\":true,\"valueName\":\"search_term_string\"}}],\"inLanguage\":\"fa-IR\"},{\"@type\":\"Organization\",\"@id\":\"https:\/\/deliciaspersas.com\/fa\/#organization\",\"name\":\"Delicias Persas\",\"url\":\"https:\/\/deliciaspersas.com\/fa\/\",\"logo\":{\"@type\":\"ImageObject\",\"inLanguage\":\"fa-IR\",\"@id\":\"https:\/\/deliciaspersas.com\/fa\/#\/schema\/logo\/image\/\",\"url\":\"https:\/\/deliciaspersas.com\/wp-content\/uploads\/2020\/07\/logo-2020.png\",\"contentUrl\":\"https:\/\/deliciaspersas.com\/wp-content\/uploads\/2020\/07\/logo-2020.png\",\"width\":520,\"height\":490,\"caption\":\"Delicias Persas\"},\"image\":{\"@id\":\"https:\/\/deliciaspersas.com\/fa\/#\/schema\/logo\/image\/\"},\"sameAs\":[\"https:\/\/www.facebook.com\/Deliciaspersas\",\"https:\/\/www.instagram.com\/delicias_persas\/\",\"https:\/\/www.linkedin.com\/delicias-persas\"]}]}<\/script>\n<!-- \/ Yoast SEO plugin. -->","yoast_head_json":{"title":"Agua de Hinojo Raziyaneh 330ml Anjoman - Delicias Persas","description":"Agua de hinojo. En la gastronom\u00eda persa, el hinojo est\u00e1 muy presente. Es fundamental a la hora de preparar postres e infusiones.","robots":{"index":"index","follow":"follow","max-snippet":"max-snippet:-1","max-image-preview":"max-image-preview:large","max-video-preview":"max-video-preview:-1"},"canonical":"https:\/\/deliciaspersas.com\/fa\/tienda\/destilados\/agua-de-hinojo-raziyaneh-anjoman\/","og_locale":"fa_IR","og_type":"article","og_title":"Agua de Hinojo Raziyaneh 330ml Anjoman - Delicias Persas","og_description":"Agua de hinojo. En la gastronom\u00eda persa, el hinojo est\u00e1 muy presente. Es fundamental a la hora de preparar postres e infusiones.","og_url":"https:\/\/deliciaspersas.com\/fa\/tienda\/destilados\/agua-de-hinojo-raziyaneh-anjoman\/","og_site_name":"Delicias Persas","article_publisher":"https:\/\/www.facebook.com\/Deliciaspersas","article_modified_time":"2021-12-30T18:54:21+00:00","og_image":[{"width":760,"height":760,"url":"https:\/\/deliciaspersas.com\/wp-content\/uploads\/Agua-de-Hinojo-Raziyaneh-330ml-Anjoman.jpg","type":"image\/jpeg"}],"twitter_card":"summary_large_image","twitter_misc":{"\u0632\u0645\u0627\u0646 \u062a\u0642\u0631\u06cc\u0628\u06cc \u0628\u0631\u0627\u06cc \u062e\u0648\u0627\u0646\u062f\u0646":"2 \u062f\u0642\u06cc\u0642\u0647"},"schema":{"@context":"https:\/\/schema.org","@graph":[{"@type":"WebPage","@id":"https:\/\/deliciaspersas.com\/fa\/tienda\/destilados\/agua-de-hinojo-raziyaneh-anjoman\/","url":"https:\/\/deliciaspersas.com\/fa\/tienda\/destilados\/agua-de-hinojo-raziyaneh-anjoman\/","name":"Agua de Hinojo Raziyaneh 330ml Anjoman - Delicias Persas","isPartOf":{"@id":"https:\/\/deliciaspersas.com\/fa\/#website"},"primaryImageOfPage":{"@id":"https:\/\/deliciaspersas.com\/fa\/tienda\/destilados\/agua-de-hinojo-raziyaneh-anjoman\/#primaryimage"},"image":{"@id":"https:\/\/deliciaspersas.com\/fa\/tienda\/destilados\/agua-de-hinojo-raziyaneh-anjoman\/#primaryimage"},"thumbnailUrl":"https:\/\/deliciaspersas.com\/wp-content\/uploads\/Agua-de-Hinojo-Raziyaneh-330ml-Anjoman.jpg","datePublished":"2020-10-27T13:37:42+00:00","dateModified":"2021-12-30T18:54:21+00:00","description":"Agua de hinojo. En la gastronom\u00eda persa, el hinojo est\u00e1 muy presente. Es fundamental a la hora de preparar postres e infusiones.","breadcrumb":{"@id":"https:\/\/deliciaspersas.com\/fa\/tienda\/destilados\/agua-de-hinojo-raziyaneh-anjoman\/#breadcrumb"},"inLanguage":"fa-IR","potentialAction":[{"@type":"ReadAction","target":["https:\/\/deliciaspersas.com\/fa\/tienda\/destilados\/agua-de-hinojo-raziyaneh-anjoman\/"]}]},{"@type":"ImageObject","inLanguage":"fa-IR","@id":"https:\/\/deliciaspersas.com\/fa\/tienda\/destilados\/agua-de-hinojo-raziyaneh-anjoman\/#primaryimage","url":"https:\/\/deliciaspersas.com\/wp-content\/uploads\/Agua-de-Hinojo-Raziyaneh-330ml-Anjoman.jpg","contentUrl":"https:\/\/deliciaspersas.com\/wp-content\/uploads\/Agua-de-Hinojo-Raziyaneh-330ml-Anjoman.jpg","width":760,"height":760,"caption":"Agua de Hinojo Raziyaneh 330ml Anjoman"},{"@type":"BreadcrumbList","@id":"https:\/\/deliciaspersas.com\/fa\/tienda\/destilados\/agua-de-hinojo-raziyaneh-anjoman\/#breadcrumb","itemListElement":[{"@type":"ListItem","position":1,"name":"Portada","item":"https:\/\/deliciaspersas.com\/fa\/"},{"@type":"ListItem","position":2,"name":"Tienda","item":"https:\/\/deliciaspersas.com\/"},{"@type":"ListItem","position":3,"name":"Agua de Hinojo Raziyaneh 330ml Anjoman"}]},{"@type":"WebSite","@id":"https:\/\/deliciaspersas.com\/fa\/#website","url":"https:\/\/deliciaspersas.com\/fa\/","name":"Delicias Persas","description":"Gastronom&iacute;a persa al alcance de tus manos","publisher":{"@id":"https:\/\/deliciaspersas.com\/fa\/#organization"},"potentialAction":[{"@type":"SearchAction","target":{"@type":"EntryPoint","urlTemplate":"https:\/\/deliciaspersas.com\/fa\/?s={search_term_string}"},"query-input":{"@type":"PropertyValueSpecification","valueRequired":true,"valueName":"search_term_string"}}],"inLanguage":"fa-IR"},{"@type":"Organization","@id":"https:\/\/deliciaspersas.com\/fa\/#organization","name":"Delicias Persas","url":"https:\/\/deliciaspersas.com\/fa\/","logo":{"@type":"ImageObject","inLanguage":"fa-IR","@id":"https:\/\/deliciaspersas.com\/fa\/#\/schema\/logo\/image\/","url":"https:\/\/deliciaspersas.com\/wp-content\/uploads\/2020\/07\/logo-2020.png","contentUrl":"https:\/\/deliciaspersas.com\/wp-content\/uploads\/2020\/07\/logo-2020.png","width":520,"height":490,"caption":"Delicias Persas"},"image":{"@id":"https:\/\/deliciaspersas.com\/fa\/#\/schema\/logo\/image\/"},"sameAs":["https:\/\/www.facebook.com\/Deliciaspersas","https:\/\/www.instagram.com\/delicias_persas\/","https:\/\/www.linkedin.com\/delicias-persas"]}]}},"uagb_featured_image_src":{"full":["https:\/\/deliciaspersas.com\/wp-content\/uploads\/Agua-de-Hinojo-Raziyaneh-330ml-Anjoman.jpg",760,760,false],"thumbnail":["https:\/\/deliciaspersas.com\/wp-content\/uploads\/Agua-de-Hinojo-Raziyaneh-330ml-Anjoman-150x150.jpg",150,150,true],"medium":["https:\/\/deliciaspersas.com\/wp-content\/uploads\/Agua-de-Hinojo-Raziyaneh-330ml-Anjoman-300x300.jpg",300,300,true],"medium_large":["https:\/\/deliciaspersas.com\/wp-content\/uploads\/Agua-de-Hinojo-Raziyaneh-330ml-Anjoman.jpg",760,760,false],"large":["https:\/\/deliciaspersas.com\/wp-content\/uploads\/Agua-de-Hinojo-Raziyaneh-330ml-Anjoman.jpg",760,760,false],"1536x1536":["https:\/\/deliciaspersas.com\/wp-content\/uploads\/Agua-de-Hinojo-Raziyaneh-330ml-Anjoman.jpg",760,760,false],"2048x2048":["https:\/\/deliciaspersas.com\/wp-content\/uploads\/Agua-de-Hinojo-Raziyaneh-330ml-Anjoman.jpg",760,760,false],"woocommerce_thumbnail":["https:\/\/deliciaspersas.com\/wp-content\/uploads\/Agua-de-Hinojo-Raziyaneh-330ml-Anjoman-300x300.jpg",300,300,true],"woocommerce_single":["https:\/\/deliciaspersas.com\/wp-content\/uploads\/Agua-de-Hinojo-Raziyaneh-330ml-Anjoman-600x600.jpg",600,600,true],"woocommerce_gallery_thumbnail":["https:\/\/deliciaspersas.com\/wp-content\/uploads\/Agua-de-Hinojo-Raziyaneh-330ml-Anjoman-100x100.jpg",100,100,true]},"uagb_author_info":{"display_name":"admin","author_link":"https:\/\/deliciaspersas.com\/fa\/author\/"},"uagb_comment_info":0,"uagb_excerpt":"Agua de Hinojo Raziyaneh 330ml Anjoman Informaci\u00f3n del producto: Agua de hinojo extra\u00eddo del hinojo, que es una planta silvestre, con numerosas propiedades medicinales y tambi\u00e9n\u00a0 uso en la cocina y la cosm\u00e9tica. Usos: Recetas, ensaladas, todo tipo de verduras, platos fr\u00edos y calientes. Postres y bebidas refrescantes. Beneficios: El agua de hinojo tiene muchas&hellip;","brands":[{"id":42,"name":"Anjoman","slug":"anjoman"}],"_links":{"self":[{"href":"https:\/\/deliciaspersas.com\/fa\/wp-json\/wp\/v2\/product\/5162"}],"collection":[{"href":"https:\/\/deliciaspersas.com\/fa\/wp-json\/wp\/v2\/product"}],"about":[{"href":"https:\/\/deliciaspersas.com\/fa\/wp-json\/wp\/v2\/types\/product"}],"wp:featuredmedia":[{"embeddable":true,"href":"https:\/\/deliciaspersas.com\/fa\/wp-json\/wp\/v2\/media\/5353"}],"wp:attachment":[{"href":"https:\/\/deliciaspersas.com\/fa\/wp-json\/wp\/v2\/media?parent=5162"}],"wp:term":[{"taxonomy":"pwb-brand","embeddable":true,"href":"https:\/\/deliciaspersas.com\/fa\/wp-json\/wp\/v2\/pwb-brand?post=5162"},{"taxonomy":"product_cat","embeddable":true,"href":"https:\/\/deliciaspersas.com\/fa\/wp-json\/wp\/v2\/product_cat?post=5162"},{"taxonomy":"product_tag","embeddable":true,"href":"https:\/\/deliciaspersas.com\/fa\/wp-json\/wp\/v2\/product_tag?post=5162"}],"curies":[{"name":"wp","href":"https:\/\/api.w.org\/{rel}","templated":true}]}}