{"id":5203,"date":"2020-10-30T16:47:33","date_gmt":"2020-10-30T15:47:33","guid":{"rendered":"https:\/\/deliciaspersas.com\/?post_type=product&#038;p=5203"},"modified":"2022-01-04T18:56:03","modified_gmt":"2022-01-04T17:56:03","slug":"arroz-basmati-white-5kg-cristal","status":"publish","type":"product","link":"https:\/\/deliciaspersas.com\/fa\/tienda\/arroz\/arroz-basmati-white-5kg-cristal\/","title":{"rendered":"Arroz basmati White 5kg Cristal"},"content":{"rendered":"<h1>Arroz basmati White 5kg Cristal<\/h1>\n<h6>Informaci\u00f3n del producto:<\/h6>\n<div>Arroz Cristal de calidad superior, arroz basmati.<\/div>\n<h6>Usos:<\/h6>\n<p>Este exquisito arroz, se emplea en la gran mayor\u00eda de nuestros platos, convirti\u00e9ndose en uno de los alimentos principales de nuestra dieta. Adem\u00e1s, posee gran cantidad de beneficios como: \u00a0vitamina E, la cual act\u00faa como un antioxidante; vitamina K, recomendada para regular la coagulaci\u00f3n de la sangre; minerales como el manganeso para activar el metabolismo de prote\u00ednas e hidratos de carbono; y no contiene grasa, sodio ni gluten.<\/p>\n<p>Hay muchas opciones para preparar el arroz blanco. La m\u00e1s com\u00fan es cocerlo y a\u00f1adirle tomate frito, huevos y salchichas, pero tambi\u00e9n puede ser un perfecto acompa\u00f1ante de la carne<strong>,\u00a0<\/strong>verduras, pescados y guisos.<\/p>\n<h6>Beneficios:<\/h6>\n<p>Las prote\u00ednas que lleva este arroz persa participan en la formaci\u00f3n y reparaci\u00f3n de los tejidos musculares, manteniendo en buen estado las u\u00f1as, pelo y piel. Se le considera un alimento perfecto para tratar problemas como las quemaduras, acn\u00e9 o sarampi\u00f3n.<\/p>\n<p>Contribuye a\u00a0regular el sistema digestivo gracias a la fibra.<\/p>\n<p>Ayuda a mejorar la salud del sistema nervioso y del coraz\u00f3n.<\/p>\n<p>Cuenta con propiedades\u00a0antiinflamatorias.<\/p>\n<p>Disminuye la presi\u00f3n arterial elevada<\/p>\n<p>Participa en el fortalecimiento de los huesos.<\/p>\n<p>Previene contra la enfermedad del Alzheimer: posee altos niveles de nutrientes que estimulan el crecimiento y la actividad de los neurotransmisores, lo que ayuda a prevenir la aparici\u00f3n de la enfermedad neurodegenerativa del Alzheimer en gran medida.<\/p>\n<p>Es un alimento simple y acesible que mejora nuestro estado de salud. Para los deportistas encaja a la perfecci\u00f3n debido a su alto porcentaje en hidratos de carbono<strong>,<\/strong>\u00a0sobre todo antes de una competici\u00f3n o una sesi\u00f3n de entrenamiento, ya que nos aportar\u00e1 la energ\u00eda que tanto necesitamos para rendir a un buen nivel.<\/p>\n<h6>Ingredientes y al\u00e9rgenos:<\/h6>\n<p>Este alimento est\u00e1 formado por granos de arroz finos, alargados y de gran aroma, procedentes desde Ir\u00e1n.<\/p>\n<h6>Condiciones de conservaci\u00f3n:<\/h6>\n<p>Conservar en un lugar fresco, seco y protegido de la luz.<\/p>\n","protected":false},"excerpt":{"rendered":"<p>Arroz basmati White 5kg Cristal Informaci\u00f3n del producto: Arroz Cristal de calidad superior, arroz basmati. Usos: Este exquisito arroz, se emplea en la gran mayor\u00eda de nuestros platos, convirti\u00e9ndose en uno de los alimentos principales de nuestra dieta. Adem\u00e1s, posee gran cantidad de beneficios como: \u00a0vitamina E, la cual act\u00faa como un antioxidante; vitamina K, [&hellip;]<\/p>\n","protected":false},"featured_media":5192,"template":"","meta":{"_surecart_dashboard_logo_width":"180px","_surecart_dashboard_show_logo":true,"_surecart_dashboard_navigation_orders":true,"_surecart_dashboard_navigation_invoices":true,"_surecart_dashboard_navigation_subscriptions":true,"_surecart_dashboard_navigation_downloads":true,"_surecart_dashboard_navigation_billing":true,"_surecart_dashboard_navigation_account":true,"_uag_custom_page_level_css":"","site-sidebar-layout":"default","site-content-layout":"default","ast-site-content-layout":"","site-content-style":"default","site-sidebar-style":"default","ast-global-header-display":"","ast-banner-title-visibility":"","ast-main-header-display":"","ast-hfb-above-header-display":"","ast-hfb-below-header-display":"","ast-hfb-mobile-header-display":"","site-post-title":"","ast-breadcrumbs-content":"","ast-featured-img":"","footer-sml-layout":"","theme-transparent-header-meta":"default","adv-header-id-meta":"","stick-header-meta":"","header-above-stick-meta":"","header-main-stick-meta":"","header-below-stick-meta":"","astra-migrate-meta-layouts":"default","ast-page-background-enabled":"default","ast-page-background-meta":{"desktop":{"background-color":"","background-image":"","background-repeat":"repeat","background-position":"center center","background-size":"auto","background-attachment":"scroll","background-type":"","background-media":"","overlay-type":"","overlay-color":"","overlay-opacity":"","overlay-gradient":""},"tablet":{"background-color":"","background-image":"","background-repeat":"repeat","background-position":"center center","background-size":"auto","background-attachment":"scroll","background-type":"","background-media":"","overlay-type":"","overlay-color":"","overlay-opacity":"","overlay-gradient":""},"mobile":{"background-color":"","background-image":"","background-repeat":"repeat","background-position":"center center","background-size":"auto","background-attachment":"scroll","background-type":"","background-media":"","overlay-type":"","overlay-color":"","overlay-opacity":"","overlay-gradient":""}},"ast-content-background-meta":{"desktop":{"background-color":"var(--ast-global-color-5)","background-image":"","background-repeat":"repeat","background-position":"center center","background-size":"auto","background-attachment":"scroll","background-type":"","background-media":"","overlay-type":"","overlay-color":"","overlay-opacity":"","overlay-gradient":""},"tablet":{"background-color":"var(--ast-global-color-5)","background-image":"","background-repeat":"repeat","background-position":"center center","background-size":"auto","background-attachment":"scroll","background-type":"","background-media":"","overlay-type":"","overlay-color":"","overlay-opacity":"","overlay-gradient":""},"mobile":{"background-color":"var(--ast-global-color-5)","background-image":"","background-repeat":"repeat","background-position":"center center","background-size":"auto","background-attachment":"scroll","background-type":"","background-media":"","overlay-type":"","overlay-color":"","overlay-opacity":"","overlay-gradient":""}}},"pwb-brand":[104],"product_cat":[29],"product_tag":[866,700,701,590,865,394,393,468],"class_list":{"0":"post-5203","1":"product","2":"type-product","3":"status-publish","4":"has-post-thumbnail","6":"pwb-brand-cristal","7":"product_cat-arroz","8":"product_tag-aroma","9":"product_tag-arroz","10":"product_tag-basmati","11":"product_tag-comida","12":"product_tag-fino","13":"product_tag-394","14":"product_tag-393","15":"product_tag-468","16":"desktop-align-center","17":"tablet-align-center","18":"mobile-align-center","20":"first","21":"outofstock","22":"taxable","23":"shipping-taxable","24":"purchasable","25":"product-type-simple"},"yoast_head":"<!-- This site is optimized with the Yoast SEO plugin v23.6 - https:\/\/yoast.com\/wordpress\/plugins\/seo\/ -->\n<title>Arroz basmati White 5kg Cristal - Delicias Persas<\/title>\n<meta name=\"description\" content=\"Arroz Cristal de calidad superior. Se usa en la gran mayor\u00eda de nuestros platos, convirti\u00e9ndose en el alimento principal de nuestra dieta.\" \/>\n<meta name=\"robots\" content=\"index, follow, max-snippet:-1, max-image-preview:large, max-video-preview:-1\" \/>\n<link rel=\"canonical\" href=\"https:\/\/deliciaspersas.com\/fa\/tienda\/arroz\/arroz-basmati-white-5kg-cristal\/\" \/>\n<meta property=\"og:locale\" content=\"fa_IR\" \/>\n<meta property=\"og:type\" content=\"article\" \/>\n<meta property=\"og:title\" content=\"Arroz basmati White 5kg Cristal - Delicias Persas\" \/>\n<meta property=\"og:description\" content=\"Arroz Cristal de calidad superior. Se usa en la gran mayor\u00eda de nuestros platos, convirti\u00e9ndose en el alimento principal de nuestra dieta.\" \/>\n<meta property=\"og:url\" content=\"https:\/\/deliciaspersas.com\/fa\/tienda\/arroz\/arroz-basmati-white-5kg-cristal\/\" \/>\n<meta property=\"og:site_name\" content=\"Delicias Persas\" \/>\n<meta property=\"article:publisher\" content=\"https:\/\/www.facebook.com\/Deliciaspersas\" \/>\n<meta property=\"article:modified_time\" content=\"2022-01-04T17:56:03+00:00\" \/>\n<meta property=\"og:image\" content=\"https:\/\/deliciaspersas.com\/wp-content\/uploads\/Arroz-basmati-White-20kg-Cristal.jpg\" \/>\n\t<meta property=\"og:image:width\" content=\"760\" \/>\n\t<meta property=\"og:image:height\" content=\"760\" \/>\n\t<meta property=\"og:image:type\" content=\"image\/jpeg\" \/>\n<meta name=\"twitter:card\" content=\"summary_large_image\" \/>\n<meta name=\"twitter:label1\" content=\"\u0632\u0645\u0627\u0646 \u062a\u0642\u0631\u06cc\u0628\u06cc \u0628\u0631\u0627\u06cc \u062e\u0648\u0627\u0646\u062f\u0646\" \/>\n\t<meta name=\"twitter:data1\" content=\"2 \u062f\u0642\u06cc\u0642\u0647\" \/>\n<script type=\"application\/ld+json\" class=\"yoast-schema-graph\">{\"@context\":\"https:\/\/schema.org\",\"@graph\":[{\"@type\":\"WebPage\",\"@id\":\"https:\/\/deliciaspersas.com\/fa\/tienda\/arroz\/arroz-basmati-white-5kg-cristal\/\",\"url\":\"https:\/\/deliciaspersas.com\/fa\/tienda\/arroz\/arroz-basmati-white-5kg-cristal\/\",\"name\":\"Arroz basmati White 5kg Cristal - Delicias Persas\",\"isPartOf\":{\"@id\":\"https:\/\/deliciaspersas.com\/fa\/#website\"},\"primaryImageOfPage\":{\"@id\":\"https:\/\/deliciaspersas.com\/fa\/tienda\/arroz\/arroz-basmati-white-5kg-cristal\/#primaryimage\"},\"image\":{\"@id\":\"https:\/\/deliciaspersas.com\/fa\/tienda\/arroz\/arroz-basmati-white-5kg-cristal\/#primaryimage\"},\"thumbnailUrl\":\"https:\/\/deliciaspersas.com\/wp-content\/uploads\/Arroz-basmati-White-20kg-Cristal.jpg\",\"datePublished\":\"2020-10-30T15:47:33+00:00\",\"dateModified\":\"2022-01-04T17:56:03+00:00\",\"description\":\"Arroz Cristal de calidad superior. Se usa en la gran mayor\u00eda de nuestros platos, convirti\u00e9ndose en el alimento principal de nuestra dieta.\",\"breadcrumb\":{\"@id\":\"https:\/\/deliciaspersas.com\/fa\/tienda\/arroz\/arroz-basmati-white-5kg-cristal\/#breadcrumb\"},\"inLanguage\":\"fa-IR\",\"potentialAction\":[{\"@type\":\"ReadAction\",\"target\":[\"https:\/\/deliciaspersas.com\/fa\/tienda\/arroz\/arroz-basmati-white-5kg-cristal\/\"]}]},{\"@type\":\"ImageObject\",\"inLanguage\":\"fa-IR\",\"@id\":\"https:\/\/deliciaspersas.com\/fa\/tienda\/arroz\/arroz-basmati-white-5kg-cristal\/#primaryimage\",\"url\":\"https:\/\/deliciaspersas.com\/wp-content\/uploads\/Arroz-basmati-White-20kg-Cristal.jpg\",\"contentUrl\":\"https:\/\/deliciaspersas.com\/wp-content\/uploads\/Arroz-basmati-White-20kg-Cristal.jpg\",\"width\":760,\"height\":760,\"caption\":\"Arroz basmati White 20kg Cristal\"},{\"@type\":\"BreadcrumbList\",\"@id\":\"https:\/\/deliciaspersas.com\/fa\/tienda\/arroz\/arroz-basmati-white-5kg-cristal\/#breadcrumb\",\"itemListElement\":[{\"@type\":\"ListItem\",\"position\":1,\"name\":\"Portada\",\"item\":\"https:\/\/deliciaspersas.com\/fa\/\"},{\"@type\":\"ListItem\",\"position\":2,\"name\":\"Tienda\",\"item\":\"https:\/\/deliciaspersas.com\/\"},{\"@type\":\"ListItem\",\"position\":3,\"name\":\"Arroz basmati White 5kg Cristal\"}]},{\"@type\":\"WebSite\",\"@id\":\"https:\/\/deliciaspersas.com\/fa\/#website\",\"url\":\"https:\/\/deliciaspersas.com\/fa\/\",\"name\":\"Delicias Persas\",\"description\":\"Gastronom&iacute;a persa al alcance de tus manos\",\"publisher\":{\"@id\":\"https:\/\/deliciaspersas.com\/fa\/#organization\"},\"potentialAction\":[{\"@type\":\"SearchAction\",\"target\":{\"@type\":\"EntryPoint\",\"urlTemplate\":\"https:\/\/deliciaspersas.com\/fa\/?s={search_term_string}\"},\"query-input\":{\"@type\":\"PropertyValueSpecification\",\"valueRequired\":true,\"valueName\":\"search_term_string\"}}],\"inLanguage\":\"fa-IR\"},{\"@type\":\"Organization\",\"@id\":\"https:\/\/deliciaspersas.com\/fa\/#organization\",\"name\":\"Delicias Persas\",\"url\":\"https:\/\/deliciaspersas.com\/fa\/\",\"logo\":{\"@type\":\"ImageObject\",\"inLanguage\":\"fa-IR\",\"@id\":\"https:\/\/deliciaspersas.com\/fa\/#\/schema\/logo\/image\/\",\"url\":\"https:\/\/deliciaspersas.com\/wp-content\/uploads\/2020\/07\/logo-2020.png\",\"contentUrl\":\"https:\/\/deliciaspersas.com\/wp-content\/uploads\/2020\/07\/logo-2020.png\",\"width\":520,\"height\":490,\"caption\":\"Delicias Persas\"},\"image\":{\"@id\":\"https:\/\/deliciaspersas.com\/fa\/#\/schema\/logo\/image\/\"},\"sameAs\":[\"https:\/\/www.facebook.com\/Deliciaspersas\",\"https:\/\/www.instagram.com\/delicias_persas\/\",\"https:\/\/www.linkedin.com\/delicias-persas\"]}]}<\/script>\n<!-- \/ Yoast SEO plugin. -->","yoast_head_json":{"title":"Arroz basmati White 5kg Cristal - Delicias Persas","description":"Arroz Cristal de calidad superior. Se usa en la gran mayor\u00eda de nuestros platos, convirti\u00e9ndose en el alimento principal de nuestra dieta.","robots":{"index":"index","follow":"follow","max-snippet":"max-snippet:-1","max-image-preview":"max-image-preview:large","max-video-preview":"max-video-preview:-1"},"canonical":"https:\/\/deliciaspersas.com\/fa\/tienda\/arroz\/arroz-basmati-white-5kg-cristal\/","og_locale":"fa_IR","og_type":"article","og_title":"Arroz basmati White 5kg Cristal - Delicias Persas","og_description":"Arroz Cristal de calidad superior. Se usa en la gran mayor\u00eda de nuestros platos, convirti\u00e9ndose en el alimento principal de nuestra dieta.","og_url":"https:\/\/deliciaspersas.com\/fa\/tienda\/arroz\/arroz-basmati-white-5kg-cristal\/","og_site_name":"Delicias Persas","article_publisher":"https:\/\/www.facebook.com\/Deliciaspersas","article_modified_time":"2022-01-04T17:56:03+00:00","og_image":[{"width":760,"height":760,"url":"https:\/\/deliciaspersas.com\/wp-content\/uploads\/Arroz-basmati-White-20kg-Cristal.jpg","type":"image\/jpeg"}],"twitter_card":"summary_large_image","twitter_misc":{"\u0632\u0645\u0627\u0646 \u062a\u0642\u0631\u06cc\u0628\u06cc \u0628\u0631\u0627\u06cc \u062e\u0648\u0627\u0646\u062f\u0646":"2 \u062f\u0642\u06cc\u0642\u0647"},"schema":{"@context":"https:\/\/schema.org","@graph":[{"@type":"WebPage","@id":"https:\/\/deliciaspersas.com\/fa\/tienda\/arroz\/arroz-basmati-white-5kg-cristal\/","url":"https:\/\/deliciaspersas.com\/fa\/tienda\/arroz\/arroz-basmati-white-5kg-cristal\/","name":"Arroz basmati White 5kg Cristal - Delicias Persas","isPartOf":{"@id":"https:\/\/deliciaspersas.com\/fa\/#website"},"primaryImageOfPage":{"@id":"https:\/\/deliciaspersas.com\/fa\/tienda\/arroz\/arroz-basmati-white-5kg-cristal\/#primaryimage"},"image":{"@id":"https:\/\/deliciaspersas.com\/fa\/tienda\/arroz\/arroz-basmati-white-5kg-cristal\/#primaryimage"},"thumbnailUrl":"https:\/\/deliciaspersas.com\/wp-content\/uploads\/Arroz-basmati-White-20kg-Cristal.jpg","datePublished":"2020-10-30T15:47:33+00:00","dateModified":"2022-01-04T17:56:03+00:00","description":"Arroz Cristal de calidad superior. Se usa en la gran mayor\u00eda de nuestros platos, convirti\u00e9ndose en el alimento principal de nuestra dieta.","breadcrumb":{"@id":"https:\/\/deliciaspersas.com\/fa\/tienda\/arroz\/arroz-basmati-white-5kg-cristal\/#breadcrumb"},"inLanguage":"fa-IR","potentialAction":[{"@type":"ReadAction","target":["https:\/\/deliciaspersas.com\/fa\/tienda\/arroz\/arroz-basmati-white-5kg-cristal\/"]}]},{"@type":"ImageObject","inLanguage":"fa-IR","@id":"https:\/\/deliciaspersas.com\/fa\/tienda\/arroz\/arroz-basmati-white-5kg-cristal\/#primaryimage","url":"https:\/\/deliciaspersas.com\/wp-content\/uploads\/Arroz-basmati-White-20kg-Cristal.jpg","contentUrl":"https:\/\/deliciaspersas.com\/wp-content\/uploads\/Arroz-basmati-White-20kg-Cristal.jpg","width":760,"height":760,"caption":"Arroz basmati White 20kg Cristal"},{"@type":"BreadcrumbList","@id":"https:\/\/deliciaspersas.com\/fa\/tienda\/arroz\/arroz-basmati-white-5kg-cristal\/#breadcrumb","itemListElement":[{"@type":"ListItem","position":1,"name":"Portada","item":"https:\/\/deliciaspersas.com\/fa\/"},{"@type":"ListItem","position":2,"name":"Tienda","item":"https:\/\/deliciaspersas.com\/"},{"@type":"ListItem","position":3,"name":"Arroz basmati White 5kg Cristal"}]},{"@type":"WebSite","@id":"https:\/\/deliciaspersas.com\/fa\/#website","url":"https:\/\/deliciaspersas.com\/fa\/","name":"Delicias Persas","description":"Gastronom&iacute;a persa al alcance de tus manos","publisher":{"@id":"https:\/\/deliciaspersas.com\/fa\/#organization"},"potentialAction":[{"@type":"SearchAction","target":{"@type":"EntryPoint","urlTemplate":"https:\/\/deliciaspersas.com\/fa\/?s={search_term_string}"},"query-input":{"@type":"PropertyValueSpecification","valueRequired":true,"valueName":"search_term_string"}}],"inLanguage":"fa-IR"},{"@type":"Organization","@id":"https:\/\/deliciaspersas.com\/fa\/#organization","name":"Delicias Persas","url":"https:\/\/deliciaspersas.com\/fa\/","logo":{"@type":"ImageObject","inLanguage":"fa-IR","@id":"https:\/\/deliciaspersas.com\/fa\/#\/schema\/logo\/image\/","url":"https:\/\/deliciaspersas.com\/wp-content\/uploads\/2020\/07\/logo-2020.png","contentUrl":"https:\/\/deliciaspersas.com\/wp-content\/uploads\/2020\/07\/logo-2020.png","width":520,"height":490,"caption":"Delicias Persas"},"image":{"@id":"https:\/\/deliciaspersas.com\/fa\/#\/schema\/logo\/image\/"},"sameAs":["https:\/\/www.facebook.com\/Deliciaspersas","https:\/\/www.instagram.com\/delicias_persas\/","https:\/\/www.linkedin.com\/delicias-persas"]}]}},"uagb_featured_image_src":{"full":["https:\/\/deliciaspersas.com\/wp-content\/uploads\/Arroz-basmati-White-20kg-Cristal.jpg",760,760,false],"thumbnail":["https:\/\/deliciaspersas.com\/wp-content\/uploads\/Arroz-basmati-White-20kg-Cristal-150x150.jpg",150,150,true],"medium":["https:\/\/deliciaspersas.com\/wp-content\/uploads\/Arroz-basmati-White-20kg-Cristal-300x300.jpg",300,300,true],"medium_large":["https:\/\/deliciaspersas.com\/wp-content\/uploads\/Arroz-basmati-White-20kg-Cristal.jpg",760,760,false],"large":["https:\/\/deliciaspersas.com\/wp-content\/uploads\/Arroz-basmati-White-20kg-Cristal.jpg",760,760,false],"1536x1536":["https:\/\/deliciaspersas.com\/wp-content\/uploads\/Arroz-basmati-White-20kg-Cristal.jpg",760,760,false],"2048x2048":["https:\/\/deliciaspersas.com\/wp-content\/uploads\/Arroz-basmati-White-20kg-Cristal.jpg",760,760,false],"woocommerce_thumbnail":["https:\/\/deliciaspersas.com\/wp-content\/uploads\/Arroz-basmati-White-20kg-Cristal-300x300.jpg",300,300,true],"woocommerce_single":["https:\/\/deliciaspersas.com\/wp-content\/uploads\/Arroz-basmati-White-20kg-Cristal-600x600.jpg",600,600,true],"woocommerce_gallery_thumbnail":["https:\/\/deliciaspersas.com\/wp-content\/uploads\/Arroz-basmati-White-20kg-Cristal-100x100.jpg",100,100,true]},"uagb_author_info":{"display_name":"ventas.dayan","author_link":"https:\/\/deliciaspersas.com\/fa\/author\/"},"uagb_comment_info":0,"uagb_excerpt":"Arroz basmati White 5kg Cristal Informaci\u00f3n del producto: Arroz Cristal de calidad superior, arroz basmati. Usos: Este exquisito arroz, se emplea en la gran mayor\u00eda de nuestros platos, convirti\u00e9ndose en uno de los alimentos principales de nuestra dieta. Adem\u00e1s, posee gran cantidad de beneficios como: \u00a0vitamina E, la cual act\u00faa como un antioxidante; vitamina K,&hellip;","brands":[{"id":104,"name":"Cristal","slug":"cristal"}],"_links":{"self":[{"href":"https:\/\/deliciaspersas.com\/fa\/wp-json\/wp\/v2\/product\/5203"}],"collection":[{"href":"https:\/\/deliciaspersas.com\/fa\/wp-json\/wp\/v2\/product"}],"about":[{"href":"https:\/\/deliciaspersas.com\/fa\/wp-json\/wp\/v2\/types\/product"}],"wp:featuredmedia":[{"embeddable":true,"href":"https:\/\/deliciaspersas.com\/fa\/wp-json\/wp\/v2\/media\/5192"}],"wp:attachment":[{"href":"https:\/\/deliciaspersas.com\/fa\/wp-json\/wp\/v2\/media?parent=5203"}],"wp:term":[{"taxonomy":"pwb-brand","embeddable":true,"href":"https:\/\/deliciaspersas.com\/fa\/wp-json\/wp\/v2\/pwb-brand?post=5203"},{"taxonomy":"product_cat","embeddable":true,"href":"https:\/\/deliciaspersas.com\/fa\/wp-json\/wp\/v2\/product_cat?post=5203"},{"taxonomy":"product_tag","embeddable":true,"href":"https:\/\/deliciaspersas.com\/fa\/wp-json\/wp\/v2\/product_tag?post=5203"}],"curies":[{"name":"wp","href":"https:\/\/api.w.org\/{rel}","templated":true}]}}