{"id":6688,"date":"2020-12-29T12:41:04","date_gmt":"2020-12-29T11:41:04","guid":{"rendered":"https:\/\/deliciaspersas.com\/tienda\/\u0628\u062f\u0648\u0646%20\u062f\u0633\u062a\u0647\u200c\u0628\u0646\u062f\u06cc\/%d8%a7%d9%86%d8%ac%db%8c%d8%b1-%d8%ae%d8%b4%da%a9-%db%b1%db%b8%db%b0-%da%af%d8%b1%d9%85%db%8c-%d8%a7%d9%86%d8%ac%d9%85%d9%86\/"},"modified":"2021-10-27T19:43:21","modified_gmt":"2021-10-27T17:43:21","slug":"%d8%a7%d9%86%d8%ac%db%8c%d8%b1-%d8%ae%d8%b4%da%a9-%db%b1%db%b8%db%b0-%da%af%d8%b1%d9%85%db%8c-%d8%a7%d9%86%d8%ac%d9%85%d9%86","status":"publish","type":"product","link":"https:\/\/deliciaspersas.com\/fa\/tienda\/sin-categorizar\/%d8%a7%d9%86%d8%ac%db%8c%d8%b1-%d8%ae%d8%b4%da%a9-%db%b1%db%b8%db%b0-%da%af%d8%b1%d9%85%db%8c-%d8%a7%d9%86%d8%ac%d9%85%d9%86\/","title":{"rendered":"higo seco 180 g sarashpaz"},"content":{"rendered":"<h1>\u0627\u0646\u062c\u06cc\u0631 \u062e\u0634\u06a9 \u06f1\u06f8\u06f0 \u06af\u0631\u0645\u06cc \u0627\u0646\u062c\u0645\u0646<\/h1>\n<h6>Informaci\u00f3n del producto:<\/h6>\n<p>Los higos deshidratados aportan m\u00e1s calcio que cualquier otra fruta desecada. Concretamente contienen 100 mg de calcio por cada 100 gramos de higos consumidos.<br \/>\nPor su contenido en calcio pueden ayudar a prevenir la osteoporosis y tienen un efecto protector contra el c\u00e1ncer de colon.<\/p>\n<div class=\"v15_medio v15conSpecialMenu\">\n<article>\n<section>\n<div class=\"v15_centro\">\n<div class=\"v20_dentro\">\n<div class=\"laActualidad \">\n<div class=\"mostradorRegistro2\">\n<div class=\"dentro\">\n<div class=\"elContenidoTexto\">\n<div class=\"parrafoscontenido\">\n<p>El higo es una fruta mediterr\u00e1nea y propia de las zonas c\u00e1lidas, la temporada de los higos se encuentra entre los meses c\u00e1lidos del a\u00f1o, es decir, desde julio hasta finales de septiembre.<br \/>\nPero podemos disfrutar de ellos durante todo el a\u00f1o en su versi\u00f3n desecada. El proceso de secado hace que este fruto se vuelva m\u00e1s dulce, m\u00e1s energ\u00e9tico y con muchos beneficios para nuestra salud.<\/p>\n<\/div>\n<\/div>\n<\/div>\n<\/div>\n<\/div>\n<\/div>\n<\/div>\n<\/section>\n<\/article>\n<\/div>\n<h6>Usos:<\/h6>\n<p>En guisos o para acompa\u00f1ar cualquier momento del d\u00eda con un t\u00e9 caliente.<\/p>\n<h6>Beneficios:<\/h6>\n<p>Aporte energ\u00e9tico:<\/p>\n<p>A pesar de que mucha gente teme a los higos por su contenido cal\u00f3rico, un pu\u00f1ado de higos secos contiene tan solo 75 calor\u00edas y muchas vitaminas y minerales. Suficiente raz\u00f3n para elegirlos por encima de otros alimentos industriales o dulces que son menos beneficiosos. Su aporte de hidratos de carbono es lo que los hace id\u00f3neos para deportistas, ni\u00f1os o simplemente personas que requieran de bastante energ\u00eda en su vida cotidiana.<\/p>\n<p>Fuente de fibra:<\/p>\n<p>Est\u00e1n completamente recomendados a incluir en dietas contra el estre\u00f1imiento, aportan fibra tanto soluble como insoluble. Contienen m\u00e1s de un 3% de fibra por cada 100 gramos de higos secos, es decir ayudan de manera natural a regular el tr\u00e1nsito intestinal.<\/p>\n<p>Efecto saciante:<\/p>\n<p>Como hemos comentado aportan fibra soluble que tiene un efecto saciante por lo que son ideales a incluir en dietas de p\u00e9rdida de peso tambi\u00e9n. Sus az\u00facares naturales pueden ayudar a reducir los antojos de dulces y reemplazan a los postres.<\/p>\n<p>Reducci\u00f3n de la presi\u00f3n arterial:<\/p>\n<p>Uno de los beneficios de estos frutos secos es su reducci\u00f3n de la presi\u00f3n arterial alta, est\u00e1n recomendados para personas que quieran controlar sus niveles de presi\u00f3n y reducir el riesgo cardiovascular.<br \/>\nLos electrolitos trabajan para que los m\u00fasculos y el sistema nervioso funcionen correctamente, los higos secos contienen tres electrolitos fundamentales: calcio, magnesio y potasio.<\/p>\n<h6>Ingredientes y al\u00e9rgenos:<\/h6>\n<p>Higos secos.<\/p>\n<h6>Condiciones de conservaci\u00f3n:<\/h6>\n<p>Conservar en un lugar fresco, seco y protegido de la luz.<\/p>\n<h6>Informaci\u00f3n adicional:<\/h6>\n<p>Fabricado por: Anjoman<\/p>\n<p>14 Premier Park Road<br \/>\nPark Royal<br \/>\nLondon NW10 7NZ<\/p>\n","protected":false},"excerpt":{"rendered":"<p>\u0627\u0646\u062c\u06cc\u0631 \u062e\u0634\u06a9 \u06f1\u06f8\u06f0 \u06af\u0631\u0645\u06cc \u0627\u0646\u062c\u0645\u0646 Informaci\u00f3n del producto: Los higos deshidratados aportan m\u00e1s calcio que cualquier otra fruta desecada. Concretamente contienen 100 mg de calcio por cada 100 gramos de higos consumidos. Por su contenido en calcio pueden ayudar a prevenir la osteoporosis y tienen un efecto protector contra el c\u00e1ncer de colon. El higo [&hellip;]<\/p>\n","protected":false},"featured_media":6689,"template":"","meta":{"_surecart_dashboard_logo_width":"180px","_surecart_dashboard_show_logo":true,"_surecart_dashboard_navigation_orders":true,"_surecart_dashboard_navigation_invoices":true,"_surecart_dashboard_navigation_subscriptions":true,"_surecart_dashboard_navigation_downloads":true,"_surecart_dashboard_navigation_billing":true,"_surecart_dashboard_navigation_account":true,"_uag_custom_page_level_css":"","site-sidebar-layout":"default","site-content-layout":"default","ast-site-content-layout":"default","site-content-style":"default","site-sidebar-style":"default","ast-global-header-display":"","ast-banner-title-visibility":"","ast-main-header-display":"","ast-hfb-above-header-display":"","ast-hfb-below-header-display":"","ast-hfb-mobile-header-display":"","site-post-title":"","ast-breadcrumbs-content":"","ast-featured-img":"","footer-sml-layout":"","theme-transparent-header-meta":"default","adv-header-id-meta":"","stick-header-meta":"","header-above-stick-meta":"","header-main-stick-meta":"","header-below-stick-meta":"","astra-migrate-meta-layouts":"default","ast-page-background-enabled":"default","ast-page-background-meta":{"desktop":{"background-color":"","background-image":"","background-repeat":"repeat","background-position":"center center","background-size":"auto","background-attachment":"scroll","background-type":"","background-media":"","overlay-type":"","overlay-color":"","overlay-opacity":"","overlay-gradient":""},"tablet":{"background-color":"","background-image":"","background-repeat":"repeat","background-position":"center center","background-size":"auto","background-attachment":"scroll","background-type":"","background-media":"","overlay-type":"","overlay-color":"","overlay-opacity":"","overlay-gradient":""},"mobile":{"background-color":"","background-image":"","background-repeat":"repeat","background-position":"center center","background-size":"auto","background-attachment":"scroll","background-type":"","background-media":"","overlay-type":"","overlay-color":"","overlay-opacity":"","overlay-gradient":""}},"ast-content-background-meta":{"desktop":{"background-color":"var(--ast-global-color-5)","background-image":"","background-repeat":"repeat","background-position":"center center","background-size":"auto","background-attachment":"scroll","background-type":"","background-media":"","overlay-type":"","overlay-color":"","overlay-opacity":"","overlay-gradient":""},"tablet":{"background-color":"var(--ast-global-color-5)","background-image":"","background-repeat":"repeat","background-position":"center center","background-size":"auto","background-attachment":"scroll","background-type":"","background-media":"","overlay-type":"","overlay-color":"","overlay-opacity":"","overlay-gradient":""},"mobile":{"background-color":"var(--ast-global-color-5)","background-image":"","background-repeat":"repeat","background-position":"center center","background-size":"auto","background-attachment":"scroll","background-type":"","background-media":"","overlay-type":"","overlay-color":"","overlay-opacity":"","overlay-gradient":""}}},"pwb-brand":[42],"product_cat":[15],"product_tag":[],"class_list":{"0":"post-6688","1":"product","2":"type-product","3":"status-publish","4":"has-post-thumbnail","6":"pwb-brand-anjoman","7":"product_cat-sin-categorizar","8":"desktop-align-center","9":"tablet-align-center","10":"mobile-align-center","12":"first","13":"outofstock","14":"taxable","15":"shipping-taxable","16":"purchasable","17":"product-type-simple"},"yoast_head":"<!-- This site is optimized with the Yoast SEO plugin v23.6 - https:\/\/yoast.com\/wordpress\/plugins\/seo\/ -->\n<title>higo seco 180 g sarashpaz - Delicias Persas<\/title>\n<meta name=\"description\" content=\"Higos deshidratados. En guisos o para acompa\u00f1ar cualquier momento del d\u00eda. Sabor esquisito, frescos y tiernos...\" \/>\n<meta name=\"robots\" content=\"index, follow, max-snippet:-1, max-image-preview:large, max-video-preview:-1\" \/>\n<link rel=\"canonical\" href=\"https:\/\/deliciaspersas.com\/fa\/tienda\/sin-categorizar\/%d8%a7%d9%86%d8%ac%db%8c%d8%b1-%d8%ae%d8%b4%da%a9-%db%b1%db%b8%db%b0-%da%af%d8%b1%d9%85%db%8c-%d8%a7%d9%86%d8%ac%d9%85%d9%86\/\" \/>\n<meta property=\"og:locale\" content=\"fa_IR\" \/>\n<meta property=\"og:type\" content=\"article\" \/>\n<meta property=\"og:title\" content=\"higo seco 180 g sarashpaz - Delicias Persas\" \/>\n<meta property=\"og:description\" content=\"Higos deshidratados. En guisos o para acompa\u00f1ar cualquier momento del d\u00eda. Sabor esquisito, frescos y tiernos...\" \/>\n<meta property=\"og:url\" content=\"https:\/\/deliciaspersas.com\/fa\/tienda\/sin-categorizar\/%d8%a7%d9%86%d8%ac%db%8c%d8%b1-%d8%ae%d8%b4%da%a9-%db%b1%db%b8%db%b0-%da%af%d8%b1%d9%85%db%8c-%d8%a7%d9%86%d8%ac%d9%85%d9%86\/\" \/>\n<meta property=\"og:site_name\" content=\"Delicias Persas\" \/>\n<meta property=\"article:publisher\" content=\"https:\/\/www.facebook.com\/Deliciaspersas\" \/>\n<meta property=\"article:modified_time\" content=\"2021-10-27T17:43:21+00:00\" \/>\n<meta property=\"og:image\" content=\"https:\/\/deliciaspersas.com\/wp-content\/uploads\/Higos-deshidratados-180g-Anjoman.jpg\" \/>\n\t<meta property=\"og:image:width\" content=\"760\" \/>\n\t<meta property=\"og:image:height\" content=\"760\" \/>\n\t<meta property=\"og:image:type\" content=\"image\/jpeg\" \/>\n<meta name=\"twitter:card\" content=\"summary_large_image\" \/>\n<meta name=\"twitter:label1\" content=\"\u0632\u0645\u0627\u0646 \u062a\u0642\u0631\u06cc\u0628\u06cc \u0628\u0631\u0627\u06cc \u062e\u0648\u0627\u0646\u062f\u0646\" \/>\n\t<meta name=\"twitter:data1\" content=\"2 \u062f\u0642\u06cc\u0642\u0647\" \/>\n<script type=\"application\/ld+json\" class=\"yoast-schema-graph\">{\"@context\":\"https:\/\/schema.org\",\"@graph\":[{\"@type\":\"WebPage\",\"@id\":\"https:\/\/deliciaspersas.com\/fa\/tienda\/sin-categorizar\/%d8%a7%d9%86%d8%ac%db%8c%d8%b1-%d8%ae%d8%b4%da%a9-%db%b1%db%b8%db%b0-%da%af%d8%b1%d9%85%db%8c-%d8%a7%d9%86%d8%ac%d9%85%d9%86\/\",\"url\":\"https:\/\/deliciaspersas.com\/fa\/tienda\/sin-categorizar\/%d8%a7%d9%86%d8%ac%db%8c%d8%b1-%d8%ae%d8%b4%da%a9-%db%b1%db%b8%db%b0-%da%af%d8%b1%d9%85%db%8c-%d8%a7%d9%86%d8%ac%d9%85%d9%86\/\",\"name\":\"higo seco 180 g sarashpaz - Delicias Persas\",\"isPartOf\":{\"@id\":\"https:\/\/deliciaspersas.com\/fa\/#website\"},\"primaryImageOfPage\":{\"@id\":\"https:\/\/deliciaspersas.com\/fa\/tienda\/sin-categorizar\/%d8%a7%d9%86%d8%ac%db%8c%d8%b1-%d8%ae%d8%b4%da%a9-%db%b1%db%b8%db%b0-%da%af%d8%b1%d9%85%db%8c-%d8%a7%d9%86%d8%ac%d9%85%d9%86\/#primaryimage\"},\"image\":{\"@id\":\"https:\/\/deliciaspersas.com\/fa\/tienda\/sin-categorizar\/%d8%a7%d9%86%d8%ac%db%8c%d8%b1-%d8%ae%d8%b4%da%a9-%db%b1%db%b8%db%b0-%da%af%d8%b1%d9%85%db%8c-%d8%a7%d9%86%d8%ac%d9%85%d9%86\/#primaryimage\"},\"thumbnailUrl\":\"https:\/\/deliciaspersas.com\/wp-content\/uploads\/Higos-deshidratados-180g-Anjoman.jpg\",\"datePublished\":\"2020-12-29T11:41:04+00:00\",\"dateModified\":\"2021-10-27T17:43:21+00:00\",\"description\":\"Higos deshidratados. En guisos o para acompa\u00f1ar cualquier momento del d\u00eda. Sabor esquisito, frescos y tiernos...\",\"breadcrumb\":{\"@id\":\"https:\/\/deliciaspersas.com\/fa\/tienda\/sin-categorizar\/%d8%a7%d9%86%d8%ac%db%8c%d8%b1-%d8%ae%d8%b4%da%a9-%db%b1%db%b8%db%b0-%da%af%d8%b1%d9%85%db%8c-%d8%a7%d9%86%d8%ac%d9%85%d9%86\/#breadcrumb\"},\"inLanguage\":\"fa-IR\",\"potentialAction\":[{\"@type\":\"ReadAction\",\"target\":[\"https:\/\/deliciaspersas.com\/fa\/tienda\/sin-categorizar\/%d8%a7%d9%86%d8%ac%db%8c%d8%b1-%d8%ae%d8%b4%da%a9-%db%b1%db%b8%db%b0-%da%af%d8%b1%d9%85%db%8c-%d8%a7%d9%86%d8%ac%d9%85%d9%86\/\"]}]},{\"@type\":\"ImageObject\",\"inLanguage\":\"fa-IR\",\"@id\":\"https:\/\/deliciaspersas.com\/fa\/tienda\/sin-categorizar\/%d8%a7%d9%86%d8%ac%db%8c%d8%b1-%d8%ae%d8%b4%da%a9-%db%b1%db%b8%db%b0-%da%af%d8%b1%d9%85%db%8c-%d8%a7%d9%86%d8%ac%d9%85%d9%86\/#primaryimage\",\"url\":\"https:\/\/deliciaspersas.com\/wp-content\/uploads\/Higos-deshidratados-180g-Anjoman.jpg\",\"contentUrl\":\"https:\/\/deliciaspersas.com\/wp-content\/uploads\/Higos-deshidratados-180g-Anjoman.jpg\",\"width\":760,\"height\":760,\"caption\":\"\u0627\u0646\u062c\u06cc\u0631 \u062e\u0634\u06a9 \u06f1\u06f8\u06f0 \u06af\u0631\u0645\u06cc \u0627\u0646\u062c\u0645\u0646\"},{\"@type\":\"BreadcrumbList\",\"@id\":\"https:\/\/deliciaspersas.com\/fa\/tienda\/sin-categorizar\/%d8%a7%d9%86%d8%ac%db%8c%d8%b1-%d8%ae%d8%b4%da%a9-%db%b1%db%b8%db%b0-%da%af%d8%b1%d9%85%db%8c-%d8%a7%d9%86%d8%ac%d9%85%d9%86\/#breadcrumb\",\"itemListElement\":[{\"@type\":\"ListItem\",\"position\":1,\"name\":\"Portada\",\"item\":\"https:\/\/deliciaspersas.com\/fa\/\"},{\"@type\":\"ListItem\",\"position\":2,\"name\":\"Tienda\",\"item\":\"https:\/\/deliciaspersas.com\/\"},{\"@type\":\"ListItem\",\"position\":3,\"name\":\"higo seco 180 g sarashpaz\"}]},{\"@type\":\"WebSite\",\"@id\":\"https:\/\/deliciaspersas.com\/fa\/#website\",\"url\":\"https:\/\/deliciaspersas.com\/fa\/\",\"name\":\"Delicias Persas\",\"description\":\"Gastronom&iacute;a persa al alcance de tus manos\",\"publisher\":{\"@id\":\"https:\/\/deliciaspersas.com\/fa\/#organization\"},\"potentialAction\":[{\"@type\":\"SearchAction\",\"target\":{\"@type\":\"EntryPoint\",\"urlTemplate\":\"https:\/\/deliciaspersas.com\/fa\/?s={search_term_string}\"},\"query-input\":{\"@type\":\"PropertyValueSpecification\",\"valueRequired\":true,\"valueName\":\"search_term_string\"}}],\"inLanguage\":\"fa-IR\"},{\"@type\":\"Organization\",\"@id\":\"https:\/\/deliciaspersas.com\/fa\/#organization\",\"name\":\"Delicias Persas\",\"url\":\"https:\/\/deliciaspersas.com\/fa\/\",\"logo\":{\"@type\":\"ImageObject\",\"inLanguage\":\"fa-IR\",\"@id\":\"https:\/\/deliciaspersas.com\/fa\/#\/schema\/logo\/image\/\",\"url\":\"https:\/\/deliciaspersas.com\/wp-content\/uploads\/2020\/07\/logo-2020.png\",\"contentUrl\":\"https:\/\/deliciaspersas.com\/wp-content\/uploads\/2020\/07\/logo-2020.png\",\"width\":520,\"height\":490,\"caption\":\"Delicias Persas\"},\"image\":{\"@id\":\"https:\/\/deliciaspersas.com\/fa\/#\/schema\/logo\/image\/\"},\"sameAs\":[\"https:\/\/www.facebook.com\/Deliciaspersas\",\"https:\/\/www.instagram.com\/delicias_persas\/\",\"https:\/\/www.linkedin.com\/delicias-persas\"]}]}<\/script>\n<!-- \/ Yoast SEO plugin. -->","yoast_head_json":{"title":"higo seco 180 g sarashpaz - Delicias Persas","description":"Higos deshidratados. En guisos o para acompa\u00f1ar cualquier momento del d\u00eda. Sabor esquisito, frescos y tiernos...","robots":{"index":"index","follow":"follow","max-snippet":"max-snippet:-1","max-image-preview":"max-image-preview:large","max-video-preview":"max-video-preview:-1"},"canonical":"https:\/\/deliciaspersas.com\/fa\/tienda\/sin-categorizar\/%d8%a7%d9%86%d8%ac%db%8c%d8%b1-%d8%ae%d8%b4%da%a9-%db%b1%db%b8%db%b0-%da%af%d8%b1%d9%85%db%8c-%d8%a7%d9%86%d8%ac%d9%85%d9%86\/","og_locale":"fa_IR","og_type":"article","og_title":"higo seco 180 g sarashpaz - Delicias Persas","og_description":"Higos deshidratados. En guisos o para acompa\u00f1ar cualquier momento del d\u00eda. Sabor esquisito, frescos y tiernos...","og_url":"https:\/\/deliciaspersas.com\/fa\/tienda\/sin-categorizar\/%d8%a7%d9%86%d8%ac%db%8c%d8%b1-%d8%ae%d8%b4%da%a9-%db%b1%db%b8%db%b0-%da%af%d8%b1%d9%85%db%8c-%d8%a7%d9%86%d8%ac%d9%85%d9%86\/","og_site_name":"Delicias Persas","article_publisher":"https:\/\/www.facebook.com\/Deliciaspersas","article_modified_time":"2021-10-27T17:43:21+00:00","og_image":[{"width":760,"height":760,"url":"https:\/\/deliciaspersas.com\/wp-content\/uploads\/Higos-deshidratados-180g-Anjoman.jpg","type":"image\/jpeg"}],"twitter_card":"summary_large_image","twitter_misc":{"\u0632\u0645\u0627\u0646 \u062a\u0642\u0631\u06cc\u0628\u06cc \u0628\u0631\u0627\u06cc \u062e\u0648\u0627\u0646\u062f\u0646":"2 \u062f\u0642\u06cc\u0642\u0647"},"schema":{"@context":"https:\/\/schema.org","@graph":[{"@type":"WebPage","@id":"https:\/\/deliciaspersas.com\/fa\/tienda\/sin-categorizar\/%d8%a7%d9%86%d8%ac%db%8c%d8%b1-%d8%ae%d8%b4%da%a9-%db%b1%db%b8%db%b0-%da%af%d8%b1%d9%85%db%8c-%d8%a7%d9%86%d8%ac%d9%85%d9%86\/","url":"https:\/\/deliciaspersas.com\/fa\/tienda\/sin-categorizar\/%d8%a7%d9%86%d8%ac%db%8c%d8%b1-%d8%ae%d8%b4%da%a9-%db%b1%db%b8%db%b0-%da%af%d8%b1%d9%85%db%8c-%d8%a7%d9%86%d8%ac%d9%85%d9%86\/","name":"higo seco 180 g sarashpaz - Delicias Persas","isPartOf":{"@id":"https:\/\/deliciaspersas.com\/fa\/#website"},"primaryImageOfPage":{"@id":"https:\/\/deliciaspersas.com\/fa\/tienda\/sin-categorizar\/%d8%a7%d9%86%d8%ac%db%8c%d8%b1-%d8%ae%d8%b4%da%a9-%db%b1%db%b8%db%b0-%da%af%d8%b1%d9%85%db%8c-%d8%a7%d9%86%d8%ac%d9%85%d9%86\/#primaryimage"},"image":{"@id":"https:\/\/deliciaspersas.com\/fa\/tienda\/sin-categorizar\/%d8%a7%d9%86%d8%ac%db%8c%d8%b1-%d8%ae%d8%b4%da%a9-%db%b1%db%b8%db%b0-%da%af%d8%b1%d9%85%db%8c-%d8%a7%d9%86%d8%ac%d9%85%d9%86\/#primaryimage"},"thumbnailUrl":"https:\/\/deliciaspersas.com\/wp-content\/uploads\/Higos-deshidratados-180g-Anjoman.jpg","datePublished":"2020-12-29T11:41:04+00:00","dateModified":"2021-10-27T17:43:21+00:00","description":"Higos deshidratados. En guisos o para acompa\u00f1ar cualquier momento del d\u00eda. Sabor esquisito, frescos y tiernos...","breadcrumb":{"@id":"https:\/\/deliciaspersas.com\/fa\/tienda\/sin-categorizar\/%d8%a7%d9%86%d8%ac%db%8c%d8%b1-%d8%ae%d8%b4%da%a9-%db%b1%db%b8%db%b0-%da%af%d8%b1%d9%85%db%8c-%d8%a7%d9%86%d8%ac%d9%85%d9%86\/#breadcrumb"},"inLanguage":"fa-IR","potentialAction":[{"@type":"ReadAction","target":["https:\/\/deliciaspersas.com\/fa\/tienda\/sin-categorizar\/%d8%a7%d9%86%d8%ac%db%8c%d8%b1-%d8%ae%d8%b4%da%a9-%db%b1%db%b8%db%b0-%da%af%d8%b1%d9%85%db%8c-%d8%a7%d9%86%d8%ac%d9%85%d9%86\/"]}]},{"@type":"ImageObject","inLanguage":"fa-IR","@id":"https:\/\/deliciaspersas.com\/fa\/tienda\/sin-categorizar\/%d8%a7%d9%86%d8%ac%db%8c%d8%b1-%d8%ae%d8%b4%da%a9-%db%b1%db%b8%db%b0-%da%af%d8%b1%d9%85%db%8c-%d8%a7%d9%86%d8%ac%d9%85%d9%86\/#primaryimage","url":"https:\/\/deliciaspersas.com\/wp-content\/uploads\/Higos-deshidratados-180g-Anjoman.jpg","contentUrl":"https:\/\/deliciaspersas.com\/wp-content\/uploads\/Higos-deshidratados-180g-Anjoman.jpg","width":760,"height":760,"caption":"\u0627\u0646\u062c\u06cc\u0631 \u062e\u0634\u06a9 \u06f1\u06f8\u06f0 \u06af\u0631\u0645\u06cc \u0627\u0646\u062c\u0645\u0646"},{"@type":"BreadcrumbList","@id":"https:\/\/deliciaspersas.com\/fa\/tienda\/sin-categorizar\/%d8%a7%d9%86%d8%ac%db%8c%d8%b1-%d8%ae%d8%b4%da%a9-%db%b1%db%b8%db%b0-%da%af%d8%b1%d9%85%db%8c-%d8%a7%d9%86%d8%ac%d9%85%d9%86\/#breadcrumb","itemListElement":[{"@type":"ListItem","position":1,"name":"Portada","item":"https:\/\/deliciaspersas.com\/fa\/"},{"@type":"ListItem","position":2,"name":"Tienda","item":"https:\/\/deliciaspersas.com\/"},{"@type":"ListItem","position":3,"name":"higo seco 180 g sarashpaz"}]},{"@type":"WebSite","@id":"https:\/\/deliciaspersas.com\/fa\/#website","url":"https:\/\/deliciaspersas.com\/fa\/","name":"Delicias Persas","description":"Gastronom&iacute;a persa al alcance de tus manos","publisher":{"@id":"https:\/\/deliciaspersas.com\/fa\/#organization"},"potentialAction":[{"@type":"SearchAction","target":{"@type":"EntryPoint","urlTemplate":"https:\/\/deliciaspersas.com\/fa\/?s={search_term_string}"},"query-input":{"@type":"PropertyValueSpecification","valueRequired":true,"valueName":"search_term_string"}}],"inLanguage":"fa-IR"},{"@type":"Organization","@id":"https:\/\/deliciaspersas.com\/fa\/#organization","name":"Delicias Persas","url":"https:\/\/deliciaspersas.com\/fa\/","logo":{"@type":"ImageObject","inLanguage":"fa-IR","@id":"https:\/\/deliciaspersas.com\/fa\/#\/schema\/logo\/image\/","url":"https:\/\/deliciaspersas.com\/wp-content\/uploads\/2020\/07\/logo-2020.png","contentUrl":"https:\/\/deliciaspersas.com\/wp-content\/uploads\/2020\/07\/logo-2020.png","width":520,"height":490,"caption":"Delicias Persas"},"image":{"@id":"https:\/\/deliciaspersas.com\/fa\/#\/schema\/logo\/image\/"},"sameAs":["https:\/\/www.facebook.com\/Deliciaspersas","https:\/\/www.instagram.com\/delicias_persas\/","https:\/\/www.linkedin.com\/delicias-persas"]}]}},"uagb_featured_image_src":{"full":["https:\/\/deliciaspersas.com\/wp-content\/uploads\/Higos-deshidratados-180g-Anjoman.jpg",760,760,false],"thumbnail":["https:\/\/deliciaspersas.com\/wp-content\/uploads\/Higos-deshidratados-180g-Anjoman-150x150.jpg",150,150,true],"medium":["https:\/\/deliciaspersas.com\/wp-content\/uploads\/Higos-deshidratados-180g-Anjoman-300x300.jpg",300,300,true],"medium_large":["https:\/\/deliciaspersas.com\/wp-content\/uploads\/Higos-deshidratados-180g-Anjoman.jpg",760,760,false],"large":["https:\/\/deliciaspersas.com\/wp-content\/uploads\/Higos-deshidratados-180g-Anjoman.jpg",760,760,false],"1536x1536":["https:\/\/deliciaspersas.com\/wp-content\/uploads\/Higos-deshidratados-180g-Anjoman.jpg",760,760,false],"2048x2048":["https:\/\/deliciaspersas.com\/wp-content\/uploads\/Higos-deshidratados-180g-Anjoman.jpg",760,760,false],"woocommerce_thumbnail":["https:\/\/deliciaspersas.com\/wp-content\/uploads\/Higos-deshidratados-180g-Anjoman-300x300.jpg",300,300,true],"woocommerce_single":["https:\/\/deliciaspersas.com\/wp-content\/uploads\/Higos-deshidratados-180g-Anjoman-600x600.jpg",600,600,true],"woocommerce_gallery_thumbnail":["https:\/\/deliciaspersas.com\/wp-content\/uploads\/Higos-deshidratados-180g-Anjoman-100x100.jpg",100,100,true]},"uagb_author_info":{"display_name":"admin","author_link":"https:\/\/deliciaspersas.com\/fa\/author\/"},"uagb_comment_info":0,"uagb_excerpt":"\u0627\u0646\u062c\u06cc\u0631 \u062e\u0634\u06a9 \u06f1\u06f8\u06f0 \u06af\u0631\u0645\u06cc \u0627\u0646\u062c\u0645\u0646 Informaci\u00f3n del producto: Los higos deshidratados aportan m\u00e1s calcio que cualquier otra fruta desecada. Concretamente contienen 100 mg de calcio por cada 100 gramos de higos consumidos. Por su contenido en calcio pueden ayudar a prevenir la osteoporosis y tienen un efecto protector contra el c\u00e1ncer de colon. El higo&hellip;","brands":[{"id":42,"name":"Anjoman","slug":"anjoman"}],"_links":{"self":[{"href":"https:\/\/deliciaspersas.com\/fa\/wp-json\/wp\/v2\/product\/6688"}],"collection":[{"href":"https:\/\/deliciaspersas.com\/fa\/wp-json\/wp\/v2\/product"}],"about":[{"href":"https:\/\/deliciaspersas.com\/fa\/wp-json\/wp\/v2\/types\/product"}],"wp:featuredmedia":[{"embeddable":true,"href":"https:\/\/deliciaspersas.com\/fa\/wp-json\/wp\/v2\/media\/6689"}],"wp:attachment":[{"href":"https:\/\/deliciaspersas.com\/fa\/wp-json\/wp\/v2\/media?parent=6688"}],"wp:term":[{"taxonomy":"pwb-brand","embeddable":true,"href":"https:\/\/deliciaspersas.com\/fa\/wp-json\/wp\/v2\/pwb-brand?post=6688"},{"taxonomy":"product_cat","embeddable":true,"href":"https:\/\/deliciaspersas.com\/fa\/wp-json\/wp\/v2\/product_cat?post=6688"},{"taxonomy":"product_tag","embeddable":true,"href":"https:\/\/deliciaspersas.com\/fa\/wp-json\/wp\/v2\/product_tag?post=6688"}],"curies":[{"name":"wp","href":"https:\/\/api.w.org\/{rel}","templated":true}]}}