{"id":6694,"date":"2020-12-29T12:34:49","date_gmt":"2020-12-29T11:34:49","guid":{"rendered":"https:\/\/deliciaspersas.com\/tienda\/\u0628\u062f\u0648\u0646%20\u062f\u0633\u062a\u0647\u200c\u0628\u0646\u062f\u06cc\/%d8%a2%d9%84%d9%88-%d8%ae%d9%88%d8%b1%d8%b4%db%8c-%db%b2%db%b0%db%b0-%da%af%d8%b1%d9%85%db%8c-%d8%a7%d9%86%d8%ac%d9%85%d9%86\/"},"modified":"2023-01-09T21:07:57","modified_gmt":"2023-01-09T20:07:57","slug":"%d8%a2%d9%84%d9%88-%d8%ae%d9%88%d8%b1%d8%b4%db%8c-%db%b2%db%b0%db%b0-%da%af%d8%b1%d9%85%db%8c-%d8%a7%d9%86%d8%ac%d9%85%d9%86","status":"publish","type":"product","link":"https:\/\/deliciaspersas.com\/fa\/tienda\/sin-categorizar\/%d8%a2%d9%84%d9%88-%d8%ae%d9%88%d8%b1%d8%b4%db%8c-%db%b2%db%b0%db%b0-%da%af%d8%b1%d9%85%db%8c-%d8%a7%d9%86%d8%ac%d9%85%d9%86\/","title":{"rendered":"\u0622\u0644\u0648 \u062e\u0648\u0631\u0634\u06cc \u06f2\u06f0\u06f0 \u06af\u0631\u0645\u06cc \u0627\u0646\u062c\u0645\u0646"},"content":{"rendered":"<h1>\u0622\u0644\u0648 \u062e\u0648\u0631\u0634\u06cc \u06f2\u06f0\u06f0 \u06af\u0631\u0645\u06cc \u0627\u0646\u062c\u0645\u0646<\/h1>\n<h6>Informaci\u00f3n del producto:<\/h6>\n<p>\u0622\u0644\u0648 \u0633\u06cc\u0627\u0647 \u062e\u0648\u0631\u0634\u06cc<\/p>\n<p>puede convertirse en el mejor alimento para las personas con osteoporosis e incluso prevenir el c\u00e1ncer de colon, adem\u00e1s de nutrirnos gracias a su gran aporte de minerales y vitaminas.<\/p>\n<h6>Usos:<\/h6>\n<p>Principalmente se usa en guisos por su sabor caracter\u00edstico y fuerte. Otro uso puede ser como merienda o en el tentempi\u00e9, tambi\u00e9n puede ser usado en las ensaladas de fruta.<\/p>\n<h6>Beneficios:<\/h6>\n<p>Las ciruelas deshidratadas son una excelente fuente de fibra. De hecho en 100 grs. de la fruta hay 6.1 grs. de fibra. \u00c9stas, junto con el jugo de ciruelas, contienen sorbitol, un suave estimulante del colon que ayuda a reducir el tiempo en el tr\u00e1nsito intestinal, el c\u00e1ncer colorectal y las hemorroides.<\/p>\n<p>Adem\u00e1s, este alimento nos aporta potasio, magnesio, boro, manganeso, cobre y hierro, as\u00ed comovitaminas A y K, todos ellos de una importancia capital para nuestra salud \u00f3sea. Estas ciruelas negras deshidratadas alivia la constipaci\u00f3n, previene el envejecimiento prematuro, promueve la salud cardiovascular, a lo que se suma un gran poder antioxidante. Tambi\u00e9n contienen boro, mineral que puede ayudar a construir huesos y m\u00fasculos fuertes. <span lang=\"ES\">Otro de los beneficios de estos ciruelas negras deshidratadas es que ayuda a reducir los niveles de colesterol, pues son una fuente importante de antioxidantes. Un estudio <\/span><span lang=\"ES\">hecho por la Revista Brit\u00e1nica de Nutrici\u00f3n menciona que los antioxidantes junto con la fibra soluble que contiene la ciruela negra puede ayudar a reducir los niveles de colesterol, adem\u00e1s retrasa el desarrollo de la arterosclerosis.<\/span> Finalmente, este fruto es ideal cuando necesitamos un aporte extra de energ\u00eda r\u00e1pida, gracias a su alt\u00edsimo contenido en az\u00facares (hidratos de carbono simples).<\/p>\n<h6>Ingredientes y al\u00e9rgenos:<\/h6>\n<p>Ciruela deshidratada.<\/p>\n<h6>Condiciones de conservaci\u00f3n:<\/h6>\n<p>Conservar en un lugar fresco, seco y protegido de la luz.<\/p>\n<h6>Informaci\u00f3n adicional:<\/h6>\n<p>Fabricado por: Anjoman<\/p>\n<p>14 Premier Park Road<br \/>\nPark Royal<br \/>\nLondon NW10 7NZ<\/p>\n","protected":false},"excerpt":{"rendered":"<p>\u0622\u0644\u0648 \u062e\u0648\u0631\u0634\u06cc \u06f2\u06f0\u06f0 \u06af\u0631\u0645\u06cc \u0627\u0646\u062c\u0645\u0646 Informaci\u00f3n del producto: \u0622\u0644\u0648 \u0633\u06cc\u0627\u0647 \u062e\u0648\u0631\u0634\u06cc puede convertirse en el mejor alimento para las personas con osteoporosis e incluso prevenir el c\u00e1ncer de colon, adem\u00e1s de nutrirnos gracias a su gran aporte de minerales y vitaminas. Usos: Principalmente se usa en guisos por su sabor caracter\u00edstico y fuerte. Otro uso [&hellip;]<\/p>\n","protected":false},"featured_media":12479,"template":"","meta":{"_surecart_dashboard_logo_width":"180px","_surecart_dashboard_show_logo":true,"_surecart_dashboard_navigation_orders":true,"_surecart_dashboard_navigation_invoices":true,"_surecart_dashboard_navigation_subscriptions":true,"_surecart_dashboard_navigation_downloads":true,"_surecart_dashboard_navigation_billing":true,"_surecart_dashboard_navigation_account":true,"_uag_custom_page_level_css":"","site-sidebar-layout":"default","site-content-layout":"default","ast-site-content-layout":"default","site-content-style":"default","site-sidebar-style":"default","ast-global-header-display":"","ast-banner-title-visibility":"","ast-main-header-display":"","ast-hfb-above-header-display":"","ast-hfb-below-header-display":"","ast-hfb-mobile-header-display":"","site-post-title":"","ast-breadcrumbs-content":"","ast-featured-img":"","footer-sml-layout":"","theme-transparent-header-meta":"default","adv-header-id-meta":"","stick-header-meta":"","header-above-stick-meta":"","header-main-stick-meta":"","header-below-stick-meta":"","astra-migrate-meta-layouts":"default","ast-page-background-enabled":"default","ast-page-background-meta":{"desktop":{"background-color":"","background-image":"","background-repeat":"repeat","background-position":"center center","background-size":"auto","background-attachment":"scroll","background-type":"","background-media":"","overlay-type":"","overlay-color":"","overlay-opacity":"","overlay-gradient":""},"tablet":{"background-color":"","background-image":"","background-repeat":"repeat","background-position":"center center","background-size":"auto","background-attachment":"scroll","background-type":"","background-media":"","overlay-type":"","overlay-color":"","overlay-opacity":"","overlay-gradient":""},"mobile":{"background-color":"","background-image":"","background-repeat":"repeat","background-position":"center center","background-size":"auto","background-attachment":"scroll","background-type":"","background-media":"","overlay-type":"","overlay-color":"","overlay-opacity":"","overlay-gradient":""}},"ast-content-background-meta":{"desktop":{"background-color":"var(--ast-global-color-5)","background-image":"","background-repeat":"repeat","background-position":"center center","background-size":"auto","background-attachment":"scroll","background-type":"","background-media":"","overlay-type":"","overlay-color":"","overlay-opacity":"","overlay-gradient":""},"tablet":{"background-color":"var(--ast-global-color-5)","background-image":"","background-repeat":"repeat","background-position":"center center","background-size":"auto","background-attachment":"scroll","background-type":"","background-media":"","overlay-type":"","overlay-color":"","overlay-opacity":"","overlay-gradient":""},"mobile":{"background-color":"var(--ast-global-color-5)","background-image":"","background-repeat":"repeat","background-position":"center center","background-size":"auto","background-attachment":"scroll","background-type":"","background-media":"","overlay-type":"","overlay-color":"","overlay-opacity":"","overlay-gradient":""}}},"pwb-brand":[1200],"product_cat":[15],"product_tag":[],"class_list":{"0":"post-6694","1":"product","2":"type-product","3":"status-publish","4":"has-post-thumbnail","6":"pwb-brand-dowlat","7":"product_cat-sin-categorizar","8":"desktop-align-center","9":"tablet-align-center","10":"mobile-align-center","12":"first","13":"outofstock","14":"taxable","15":"shipping-taxable","16":"purchasable","17":"product-type-simple"},"yoast_head":"<!-- This site is optimized with the Yoast SEO plugin v23.6 - https:\/\/yoast.com\/wordpress\/plugins\/seo\/ -->\n<title>\u0622\u0644\u0648 \u062e\u0648\u0631\u0634\u06cc \u06f2\u06f0\u06f0 \u06af\u0631\u0645\u06cc \u0627\u0646\u062c\u0645\u0646 - Delicias Persas<\/title>\n<meta name=\"description\" content=\"Ciruela deshidratada. En guisos o para acompa\u00f1ar cualquier momento del d\u00eda. Sabor esquisito, frescos y tiernos...\" \/>\n<meta name=\"robots\" content=\"index, follow, max-snippet:-1, max-image-preview:large, max-video-preview:-1\" \/>\n<link rel=\"canonical\" href=\"https:\/\/deliciaspersas.com\/fa\/tienda\/sin-categorizar\/%d8%a2%d9%84%d9%88-%d8%ae%d9%88%d8%b1%d8%b4%db%8c-%db%b2%db%b0%db%b0-%da%af%d8%b1%d9%85%db%8c-%d8%a7%d9%86%d8%ac%d9%85%d9%86\/\" \/>\n<meta property=\"og:locale\" content=\"fa_IR\" \/>\n<meta property=\"og:type\" content=\"article\" \/>\n<meta property=\"og:title\" content=\"\u0622\u0644\u0648 \u062e\u0648\u0631\u0634\u06cc \u06f2\u06f0\u06f0 \u06af\u0631\u0645\u06cc \u0627\u0646\u062c\u0645\u0646 - Delicias Persas\" \/>\n<meta property=\"og:description\" content=\"Ciruela deshidratada. En guisos o para acompa\u00f1ar cualquier momento del d\u00eda. Sabor esquisito, frescos y tiernos...\" \/>\n<meta property=\"og:url\" content=\"https:\/\/deliciaspersas.com\/fa\/tienda\/sin-categorizar\/%d8%a2%d9%84%d9%88-%d8%ae%d9%88%d8%b1%d8%b4%db%8c-%db%b2%db%b0%db%b0-%da%af%d8%b1%d9%85%db%8c-%d8%a7%d9%86%d8%ac%d9%85%d9%86\/\" \/>\n<meta property=\"og:site_name\" content=\"Delicias Persas\" \/>\n<meta property=\"article:publisher\" content=\"https:\/\/www.facebook.com\/Deliciaspersas\" \/>\n<meta property=\"article:modified_time\" content=\"2023-01-09T20:07:57+00:00\" \/>\n<meta property=\"og:image\" content=\"https:\/\/deliciaspersas.com\/wp-content\/uploads\/Alobokhara.jpeg\" \/>\n\t<meta property=\"og:image:width\" content=\"1000\" \/>\n\t<meta property=\"og:image:height\" content=\"1000\" \/>\n\t<meta property=\"og:image:type\" content=\"image\/jpeg\" \/>\n<meta name=\"twitter:card\" content=\"summary_large_image\" \/>\n<meta name=\"twitter:label1\" content=\"\u0632\u0645\u0627\u0646 \u062a\u0642\u0631\u06cc\u0628\u06cc \u0628\u0631\u0627\u06cc \u062e\u0648\u0627\u0646\u062f\u0646\" \/>\n\t<meta name=\"twitter:data1\" content=\"2 \u062f\u0642\u06cc\u0642\u0647\" \/>\n<script type=\"application\/ld+json\" class=\"yoast-schema-graph\">{\"@context\":\"https:\/\/schema.org\",\"@graph\":[{\"@type\":\"WebPage\",\"@id\":\"https:\/\/deliciaspersas.com\/fa\/tienda\/sin-categorizar\/%d8%a2%d9%84%d9%88-%d8%ae%d9%88%d8%b1%d8%b4%db%8c-%db%b2%db%b0%db%b0-%da%af%d8%b1%d9%85%db%8c-%d8%a7%d9%86%d8%ac%d9%85%d9%86\/\",\"url\":\"https:\/\/deliciaspersas.com\/fa\/tienda\/sin-categorizar\/%d8%a2%d9%84%d9%88-%d8%ae%d9%88%d8%b1%d8%b4%db%8c-%db%b2%db%b0%db%b0-%da%af%d8%b1%d9%85%db%8c-%d8%a7%d9%86%d8%ac%d9%85%d9%86\/\",\"name\":\"\u0622\u0644\u0648 \u062e\u0648\u0631\u0634\u06cc \u06f2\u06f0\u06f0 \u06af\u0631\u0645\u06cc \u0627\u0646\u062c\u0645\u0646 - Delicias Persas\",\"isPartOf\":{\"@id\":\"https:\/\/deliciaspersas.com\/fa\/#website\"},\"primaryImageOfPage\":{\"@id\":\"https:\/\/deliciaspersas.com\/fa\/tienda\/sin-categorizar\/%d8%a2%d9%84%d9%88-%d8%ae%d9%88%d8%b1%d8%b4%db%8c-%db%b2%db%b0%db%b0-%da%af%d8%b1%d9%85%db%8c-%d8%a7%d9%86%d8%ac%d9%85%d9%86\/#primaryimage\"},\"image\":{\"@id\":\"https:\/\/deliciaspersas.com\/fa\/tienda\/sin-categorizar\/%d8%a2%d9%84%d9%88-%d8%ae%d9%88%d8%b1%d8%b4%db%8c-%db%b2%db%b0%db%b0-%da%af%d8%b1%d9%85%db%8c-%d8%a7%d9%86%d8%ac%d9%85%d9%86\/#primaryimage\"},\"thumbnailUrl\":\"https:\/\/deliciaspersas.com\/wp-content\/uploads\/Alobokhara.jpeg\",\"datePublished\":\"2020-12-29T11:34:49+00:00\",\"dateModified\":\"2023-01-09T20:07:57+00:00\",\"description\":\"Ciruela deshidratada. En guisos o para acompa\u00f1ar cualquier momento del d\u00eda. Sabor esquisito, frescos y tiernos...\",\"breadcrumb\":{\"@id\":\"https:\/\/deliciaspersas.com\/fa\/tienda\/sin-categorizar\/%d8%a2%d9%84%d9%88-%d8%ae%d9%88%d8%b1%d8%b4%db%8c-%db%b2%db%b0%db%b0-%da%af%d8%b1%d9%85%db%8c-%d8%a7%d9%86%d8%ac%d9%85%d9%86\/#breadcrumb\"},\"inLanguage\":\"fa-IR\",\"potentialAction\":[{\"@type\":\"ReadAction\",\"target\":[\"https:\/\/deliciaspersas.com\/fa\/tienda\/sin-categorizar\/%d8%a2%d9%84%d9%88-%d8%ae%d9%88%d8%b1%d8%b4%db%8c-%db%b2%db%b0%db%b0-%da%af%d8%b1%d9%85%db%8c-%d8%a7%d9%86%d8%ac%d9%85%d9%86\/\"]}]},{\"@type\":\"ImageObject\",\"inLanguage\":\"fa-IR\",\"@id\":\"https:\/\/deliciaspersas.com\/fa\/tienda\/sin-categorizar\/%d8%a2%d9%84%d9%88-%d8%ae%d9%88%d8%b1%d8%b4%db%8c-%db%b2%db%b0%db%b0-%da%af%d8%b1%d9%85%db%8c-%d8%a7%d9%86%d8%ac%d9%85%d9%86\/#primaryimage\",\"url\":\"https:\/\/deliciaspersas.com\/wp-content\/uploads\/Alobokhara.jpeg\",\"contentUrl\":\"https:\/\/deliciaspersas.com\/wp-content\/uploads\/Alobokhara.jpeg\",\"width\":1000,\"height\":1000},{\"@type\":\"BreadcrumbList\",\"@id\":\"https:\/\/deliciaspersas.com\/fa\/tienda\/sin-categorizar\/%d8%a2%d9%84%d9%88-%d8%ae%d9%88%d8%b1%d8%b4%db%8c-%db%b2%db%b0%db%b0-%da%af%d8%b1%d9%85%db%8c-%d8%a7%d9%86%d8%ac%d9%85%d9%86\/#breadcrumb\",\"itemListElement\":[{\"@type\":\"ListItem\",\"position\":1,\"name\":\"Portada\",\"item\":\"https:\/\/deliciaspersas.com\/fa\/\"},{\"@type\":\"ListItem\",\"position\":2,\"name\":\"Tienda\",\"item\":\"https:\/\/deliciaspersas.com\/\"},{\"@type\":\"ListItem\",\"position\":3,\"name\":\"\u0622\u0644\u0648 \u062e\u0648\u0631\u0634\u06cc \u06f2\u06f0\u06f0 \u06af\u0631\u0645\u06cc \u0627\u0646\u062c\u0645\u0646\"}]},{\"@type\":\"WebSite\",\"@id\":\"https:\/\/deliciaspersas.com\/fa\/#website\",\"url\":\"https:\/\/deliciaspersas.com\/fa\/\",\"name\":\"Delicias Persas\",\"description\":\"Gastronom&iacute;a persa al alcance de tus manos\",\"publisher\":{\"@id\":\"https:\/\/deliciaspersas.com\/fa\/#organization\"},\"potentialAction\":[{\"@type\":\"SearchAction\",\"target\":{\"@type\":\"EntryPoint\",\"urlTemplate\":\"https:\/\/deliciaspersas.com\/fa\/?s={search_term_string}\"},\"query-input\":{\"@type\":\"PropertyValueSpecification\",\"valueRequired\":true,\"valueName\":\"search_term_string\"}}],\"inLanguage\":\"fa-IR\"},{\"@type\":\"Organization\",\"@id\":\"https:\/\/deliciaspersas.com\/fa\/#organization\",\"name\":\"Delicias Persas\",\"url\":\"https:\/\/deliciaspersas.com\/fa\/\",\"logo\":{\"@type\":\"ImageObject\",\"inLanguage\":\"fa-IR\",\"@id\":\"https:\/\/deliciaspersas.com\/fa\/#\/schema\/logo\/image\/\",\"url\":\"https:\/\/deliciaspersas.com\/wp-content\/uploads\/2020\/07\/logo-2020.png\",\"contentUrl\":\"https:\/\/deliciaspersas.com\/wp-content\/uploads\/2020\/07\/logo-2020.png\",\"width\":520,\"height\":490,\"caption\":\"Delicias Persas\"},\"image\":{\"@id\":\"https:\/\/deliciaspersas.com\/fa\/#\/schema\/logo\/image\/\"},\"sameAs\":[\"https:\/\/www.facebook.com\/Deliciaspersas\",\"https:\/\/www.instagram.com\/delicias_persas\/\",\"https:\/\/www.linkedin.com\/delicias-persas\"]}]}<\/script>\n<!-- \/ Yoast SEO plugin. -->","yoast_head_json":{"title":"\u0622\u0644\u0648 \u062e\u0648\u0631\u0634\u06cc \u06f2\u06f0\u06f0 \u06af\u0631\u0645\u06cc \u0627\u0646\u062c\u0645\u0646 - Delicias Persas","description":"Ciruela deshidratada. En guisos o para acompa\u00f1ar cualquier momento del d\u00eda. Sabor esquisito, frescos y tiernos...","robots":{"index":"index","follow":"follow","max-snippet":"max-snippet:-1","max-image-preview":"max-image-preview:large","max-video-preview":"max-video-preview:-1"},"canonical":"https:\/\/deliciaspersas.com\/fa\/tienda\/sin-categorizar\/%d8%a2%d9%84%d9%88-%d8%ae%d9%88%d8%b1%d8%b4%db%8c-%db%b2%db%b0%db%b0-%da%af%d8%b1%d9%85%db%8c-%d8%a7%d9%86%d8%ac%d9%85%d9%86\/","og_locale":"fa_IR","og_type":"article","og_title":"\u0622\u0644\u0648 \u062e\u0648\u0631\u0634\u06cc \u06f2\u06f0\u06f0 \u06af\u0631\u0645\u06cc \u0627\u0646\u062c\u0645\u0646 - Delicias Persas","og_description":"Ciruela deshidratada. En guisos o para acompa\u00f1ar cualquier momento del d\u00eda. Sabor esquisito, frescos y tiernos...","og_url":"https:\/\/deliciaspersas.com\/fa\/tienda\/sin-categorizar\/%d8%a2%d9%84%d9%88-%d8%ae%d9%88%d8%b1%d8%b4%db%8c-%db%b2%db%b0%db%b0-%da%af%d8%b1%d9%85%db%8c-%d8%a7%d9%86%d8%ac%d9%85%d9%86\/","og_site_name":"Delicias Persas","article_publisher":"https:\/\/www.facebook.com\/Deliciaspersas","article_modified_time":"2023-01-09T20:07:57+00:00","og_image":[{"width":1000,"height":1000,"url":"https:\/\/deliciaspersas.com\/wp-content\/uploads\/Alobokhara.jpeg","type":"image\/jpeg"}],"twitter_card":"summary_large_image","twitter_misc":{"\u0632\u0645\u0627\u0646 \u062a\u0642\u0631\u06cc\u0628\u06cc \u0628\u0631\u0627\u06cc \u062e\u0648\u0627\u0646\u062f\u0646":"2 \u062f\u0642\u06cc\u0642\u0647"},"schema":{"@context":"https:\/\/schema.org","@graph":[{"@type":"WebPage","@id":"https:\/\/deliciaspersas.com\/fa\/tienda\/sin-categorizar\/%d8%a2%d9%84%d9%88-%d8%ae%d9%88%d8%b1%d8%b4%db%8c-%db%b2%db%b0%db%b0-%da%af%d8%b1%d9%85%db%8c-%d8%a7%d9%86%d8%ac%d9%85%d9%86\/","url":"https:\/\/deliciaspersas.com\/fa\/tienda\/sin-categorizar\/%d8%a2%d9%84%d9%88-%d8%ae%d9%88%d8%b1%d8%b4%db%8c-%db%b2%db%b0%db%b0-%da%af%d8%b1%d9%85%db%8c-%d8%a7%d9%86%d8%ac%d9%85%d9%86\/","name":"\u0622\u0644\u0648 \u062e\u0648\u0631\u0634\u06cc \u06f2\u06f0\u06f0 \u06af\u0631\u0645\u06cc \u0627\u0646\u062c\u0645\u0646 - Delicias Persas","isPartOf":{"@id":"https:\/\/deliciaspersas.com\/fa\/#website"},"primaryImageOfPage":{"@id":"https:\/\/deliciaspersas.com\/fa\/tienda\/sin-categorizar\/%d8%a2%d9%84%d9%88-%d8%ae%d9%88%d8%b1%d8%b4%db%8c-%db%b2%db%b0%db%b0-%da%af%d8%b1%d9%85%db%8c-%d8%a7%d9%86%d8%ac%d9%85%d9%86\/#primaryimage"},"image":{"@id":"https:\/\/deliciaspersas.com\/fa\/tienda\/sin-categorizar\/%d8%a2%d9%84%d9%88-%d8%ae%d9%88%d8%b1%d8%b4%db%8c-%db%b2%db%b0%db%b0-%da%af%d8%b1%d9%85%db%8c-%d8%a7%d9%86%d8%ac%d9%85%d9%86\/#primaryimage"},"thumbnailUrl":"https:\/\/deliciaspersas.com\/wp-content\/uploads\/Alobokhara.jpeg","datePublished":"2020-12-29T11:34:49+00:00","dateModified":"2023-01-09T20:07:57+00:00","description":"Ciruela deshidratada. En guisos o para acompa\u00f1ar cualquier momento del d\u00eda. Sabor esquisito, frescos y tiernos...","breadcrumb":{"@id":"https:\/\/deliciaspersas.com\/fa\/tienda\/sin-categorizar\/%d8%a2%d9%84%d9%88-%d8%ae%d9%88%d8%b1%d8%b4%db%8c-%db%b2%db%b0%db%b0-%da%af%d8%b1%d9%85%db%8c-%d8%a7%d9%86%d8%ac%d9%85%d9%86\/#breadcrumb"},"inLanguage":"fa-IR","potentialAction":[{"@type":"ReadAction","target":["https:\/\/deliciaspersas.com\/fa\/tienda\/sin-categorizar\/%d8%a2%d9%84%d9%88-%d8%ae%d9%88%d8%b1%d8%b4%db%8c-%db%b2%db%b0%db%b0-%da%af%d8%b1%d9%85%db%8c-%d8%a7%d9%86%d8%ac%d9%85%d9%86\/"]}]},{"@type":"ImageObject","inLanguage":"fa-IR","@id":"https:\/\/deliciaspersas.com\/fa\/tienda\/sin-categorizar\/%d8%a2%d9%84%d9%88-%d8%ae%d9%88%d8%b1%d8%b4%db%8c-%db%b2%db%b0%db%b0-%da%af%d8%b1%d9%85%db%8c-%d8%a7%d9%86%d8%ac%d9%85%d9%86\/#primaryimage","url":"https:\/\/deliciaspersas.com\/wp-content\/uploads\/Alobokhara.jpeg","contentUrl":"https:\/\/deliciaspersas.com\/wp-content\/uploads\/Alobokhara.jpeg","width":1000,"height":1000},{"@type":"BreadcrumbList","@id":"https:\/\/deliciaspersas.com\/fa\/tienda\/sin-categorizar\/%d8%a2%d9%84%d9%88-%d8%ae%d9%88%d8%b1%d8%b4%db%8c-%db%b2%db%b0%db%b0-%da%af%d8%b1%d9%85%db%8c-%d8%a7%d9%86%d8%ac%d9%85%d9%86\/#breadcrumb","itemListElement":[{"@type":"ListItem","position":1,"name":"Portada","item":"https:\/\/deliciaspersas.com\/fa\/"},{"@type":"ListItem","position":2,"name":"Tienda","item":"https:\/\/deliciaspersas.com\/"},{"@type":"ListItem","position":3,"name":"\u0622\u0644\u0648 \u062e\u0648\u0631\u0634\u06cc \u06f2\u06f0\u06f0 \u06af\u0631\u0645\u06cc \u0627\u0646\u062c\u0645\u0646"}]},{"@type":"WebSite","@id":"https:\/\/deliciaspersas.com\/fa\/#website","url":"https:\/\/deliciaspersas.com\/fa\/","name":"Delicias Persas","description":"Gastronom&iacute;a persa al alcance de tus manos","publisher":{"@id":"https:\/\/deliciaspersas.com\/fa\/#organization"},"potentialAction":[{"@type":"SearchAction","target":{"@type":"EntryPoint","urlTemplate":"https:\/\/deliciaspersas.com\/fa\/?s={search_term_string}"},"query-input":{"@type":"PropertyValueSpecification","valueRequired":true,"valueName":"search_term_string"}}],"inLanguage":"fa-IR"},{"@type":"Organization","@id":"https:\/\/deliciaspersas.com\/fa\/#organization","name":"Delicias Persas","url":"https:\/\/deliciaspersas.com\/fa\/","logo":{"@type":"ImageObject","inLanguage":"fa-IR","@id":"https:\/\/deliciaspersas.com\/fa\/#\/schema\/logo\/image\/","url":"https:\/\/deliciaspersas.com\/wp-content\/uploads\/2020\/07\/logo-2020.png","contentUrl":"https:\/\/deliciaspersas.com\/wp-content\/uploads\/2020\/07\/logo-2020.png","width":520,"height":490,"caption":"Delicias Persas"},"image":{"@id":"https:\/\/deliciaspersas.com\/fa\/#\/schema\/logo\/image\/"},"sameAs":["https:\/\/www.facebook.com\/Deliciaspersas","https:\/\/www.instagram.com\/delicias_persas\/","https:\/\/www.linkedin.com\/delicias-persas"]}]}},"uagb_featured_image_src":{"full":["https:\/\/deliciaspersas.com\/wp-content\/uploads\/Alobokhara.jpeg",1000,1000,false],"thumbnail":["https:\/\/deliciaspersas.com\/wp-content\/uploads\/Alobokhara-150x150.jpeg",150,150,true],"medium":["https:\/\/deliciaspersas.com\/wp-content\/uploads\/Alobokhara-300x300.jpeg",300,300,true],"medium_large":["https:\/\/deliciaspersas.com\/wp-content\/uploads\/Alobokhara-768x768.jpeg",768,768,true],"large":["https:\/\/deliciaspersas.com\/wp-content\/uploads\/Alobokhara.jpeg",1000,1000,false],"1536x1536":["https:\/\/deliciaspersas.com\/wp-content\/uploads\/Alobokhara.jpeg",1000,1000,false],"2048x2048":["https:\/\/deliciaspersas.com\/wp-content\/uploads\/Alobokhara.jpeg",1000,1000,false],"woocommerce_thumbnail":["https:\/\/deliciaspersas.com\/wp-content\/uploads\/Alobokhara-300x300.jpeg",300,300,true],"woocommerce_single":["https:\/\/deliciaspersas.com\/wp-content\/uploads\/Alobokhara-600x600.jpeg",600,600,true],"woocommerce_gallery_thumbnail":["https:\/\/deliciaspersas.com\/wp-content\/uploads\/Alobokhara-100x100.jpeg",100,100,true]},"uagb_author_info":{"display_name":"admin","author_link":"https:\/\/deliciaspersas.com\/fa\/author\/"},"uagb_comment_info":0,"uagb_excerpt":"\u0622\u0644\u0648 \u062e\u0648\u0631\u0634\u06cc \u06f2\u06f0\u06f0 \u06af\u0631\u0645\u06cc \u0627\u0646\u062c\u0645\u0646 Informaci\u00f3n del producto: \u0622\u0644\u0648 \u0633\u06cc\u0627\u0647 \u062e\u0648\u0631\u0634\u06cc puede convertirse en el mejor alimento para las personas con osteoporosis e incluso prevenir el c\u00e1ncer de colon, adem\u00e1s de nutrirnos gracias a su gran aporte de minerales y vitaminas. Usos: Principalmente se usa en guisos por su sabor caracter\u00edstico y fuerte. Otro uso&hellip;","brands":[{"id":1200,"name":"Dowlat","slug":"dowlat"}],"_links":{"self":[{"href":"https:\/\/deliciaspersas.com\/fa\/wp-json\/wp\/v2\/product\/6694"}],"collection":[{"href":"https:\/\/deliciaspersas.com\/fa\/wp-json\/wp\/v2\/product"}],"about":[{"href":"https:\/\/deliciaspersas.com\/fa\/wp-json\/wp\/v2\/types\/product"}],"wp:featuredmedia":[{"embeddable":true,"href":"https:\/\/deliciaspersas.com\/fa\/wp-json\/wp\/v2\/media\/12479"}],"wp:attachment":[{"href":"https:\/\/deliciaspersas.com\/fa\/wp-json\/wp\/v2\/media?parent=6694"}],"wp:term":[{"taxonomy":"pwb-brand","embeddable":true,"href":"https:\/\/deliciaspersas.com\/fa\/wp-json\/wp\/v2\/pwb-brand?post=6694"},{"taxonomy":"product_cat","embeddable":true,"href":"https:\/\/deliciaspersas.com\/fa\/wp-json\/wp\/v2\/product_cat?post=6694"},{"taxonomy":"product_tag","embeddable":true,"href":"https:\/\/deliciaspersas.com\/fa\/wp-json\/wp\/v2\/product_tag?post=6694"}],"curies":[{"name":"wp","href":"https:\/\/api.w.org\/{rel}","templated":true}]}}