{"id":6696,"date":"2020-12-28T11:57:08","date_gmt":"2020-12-28T10:57:08","guid":{"rendered":"https:\/\/deliciaspersas.com\/tienda\/\u0628\u062f\u0648\u0646%20\u062f\u0633\u062a\u0647\u200c\u0628\u0646\u062f\u06cc\/%d8%b2%d9%88%d9%84%d8%a8%db%8c%d8%a7-%d8%a8%d8%a7%d9%85%d9%8a%d9%87-%db%b5%db%b0%db%b0-%da%af%d8%b1%d9%85%db%8c-%d8%ae%d8%a7%d9%86%da%af%db%8c\/"},"modified":"2021-10-27T19:44:01","modified_gmt":"2021-10-27T17:44:01","slug":"%d8%b2%d9%88%d9%84%d8%a8%db%8c%d8%a7-%d8%a8%d8%a7%d9%85%d9%8a%d9%87-%db%b5%db%b0%db%b0-%da%af%d8%b1%d9%85%db%8c-%d8%ae%d8%a7%d9%86%da%af%db%8c","status":"publish","type":"product","link":"https:\/\/deliciaspersas.com\/fa\/tienda\/sin-categorizar\/%d8%b2%d9%88%d9%84%d8%a8%db%8c%d8%a7-%d8%a8%d8%a7%d9%85%d9%8a%d9%87-%db%b5%db%b0%db%b0-%da%af%d8%b1%d9%85%db%8c-%d8%ae%d8%a7%d9%86%da%af%db%8c\/","title":{"rendered":"\u0632\u0648\u0644\u0628\u06cc\u0627 \u0628\u0627\u0645\u064a\u0647 \u06f5\u06f0\u06f0 \u06af\u0631\u0645\u06cc \u062e\u0627\u0646\u06af\u06cc"},"content":{"rendered":"<h1>\u0632\u0648\u0644\u0628\u06cc\u0627 \u0628\u0627\u0645\u064a\u0647 \u06f5\u06f0\u06f0 \u06af\u0631\u0645\u06cc \u062e\u0627\u0646\u06af\u06cc<\/h1>\n<h6>Informaci\u00f3n del producto:<\/h6>\n<p>Zoolbia es un dulce con una textura similar a los churros, pero m\u00e1s dulce ya que van recubiertos de az\u00facar caramelizado. Bamieh es similar a una d\u00f3nut. \u200b Es hecha de yogur y una masa a base de almid\u00f3n, que se fr\u00ede antes de ser sumergida en jarabe. Estos dulces son t\u00edpicos y<span style=\"font-size: 16px;font-style: normal;font-weight: 400\"> tradicionales\u200b en Ir\u00e1n y Turqu\u00eda. Este elimento <\/span><span style=\"font-size: 16px\">dulce normalmente se disfruta despu\u00e9s de la conclusi\u00f3n del ayuno del Ramad\u00e1n o <\/span>en fechas pr\u00f3ximas al a\u00f1o nuevo. Es un producto perfecto para compartirlo con amigos o familiares.<\/p>\n<h6>Usos:<\/h6>\n<p>Perfecto para merendar, desayunar o tomar de postre.<\/p>\n<p><strong>Ingredientes y al\u00e9rgenos:<\/strong><\/p>\n<p>Harina, levadura, az\u00facar, endulzantes, huevos, azafr\u00e1n y derivados.<\/p>\n<h6>Preparaci\u00f3n:<\/h6>\n<p>Ingredientes:<\/p>\n<p>Para el jarabe de Zoolbia y Bamieh: az\u00facar, agua de rosas, jugo de lim\u00f3n y azafr\u00e1n elaborado.<\/p>\n<p>Para la masa: yogur, almid\u00f3n, polvo o aceite de cardamomo, mantequilla, agua de rosas, aceite, harina blanca, y bicarbonato de sodio.<\/p>\n<p>Receta:<\/p>\n<p>Para preparar el jarabe de Zoolbia y Bamieh, primero hay que verter el agua en una olla peque\u00f1a y ponerlo al fuego, despu\u00e9s hay que agregar el az\u00facar al agua y revolverlo regularmente hasta que el az\u00facar se disuelva completamente en el agua, y al final se echa el azafr\u00e1n y el jugo de lim\u00f3n. Y agregamos el agua de rosas. En este momento, siempre revolviendo, se espera hasta que los ingredientes se mezclan bien y toman un espesor adecuado. Despu\u00e9s de que el alm\u00edbar espese, se lo retiran del fuego y lo dejan a un lado para que se enfr\u00ede, y si es necesario se colocan en la nevera para enfriarlo mejor.<\/p>\n<p>Despu\u00e9s se hace la masa y se enfr\u00ede en el aceite y se reba\u00f1a en el jarabe anteriormente ense\u00f1ado.<\/p>\n<h6>Condiciones de conservaci\u00f3n:<\/h6>\n<p>Conservar en un lugar fresco, seco y protegido de la luz.<\/p>\n<h6>Informaci\u00f3n adicional:<\/h6>\n<p>Fabricado por: DayanFar Foods SL<\/p>\n<p>Calle Electrodo 66, N53,<\/p>\n<p>Rivas-vaciamadrid, 28522,<\/p>\n<p>Madrid, Espa\u00f1a<\/p>\n","protected":false},"excerpt":{"rendered":"<p>\u0632\u0648\u0644\u0628\u06cc\u0627 \u0628\u0627\u0645\u064a\u0647 \u06f5\u06f0\u06f0 \u06af\u0631\u0645\u06cc \u062e\u0627\u0646\u06af\u06cc Informaci\u00f3n del producto: Zoolbia es un dulce con una textura similar a los churros, pero m\u00e1s dulce ya que van recubiertos de az\u00facar caramelizado. Bamieh es similar a una d\u00f3nut. \u200b Es hecha de yogur y una masa a base de almid\u00f3n, que se fr\u00ede antes de ser sumergida en [&hellip;]<\/p>\n","protected":false},"featured_media":6697,"template":"","meta":{"_surecart_dashboard_logo_width":"180px","_surecart_dashboard_show_logo":true,"_surecart_dashboard_navigation_orders":true,"_surecart_dashboard_navigation_invoices":true,"_surecart_dashboard_navigation_subscriptions":true,"_surecart_dashboard_navigation_downloads":true,"_surecart_dashboard_navigation_billing":true,"_surecart_dashboard_navigation_account":true,"_uag_custom_page_level_css":"","site-sidebar-layout":"default","site-content-layout":"default","ast-site-content-layout":"default","site-content-style":"default","site-sidebar-style":"default","ast-global-header-display":"","ast-banner-title-visibility":"","ast-main-header-display":"","ast-hfb-above-header-display":"","ast-hfb-below-header-display":"","ast-hfb-mobile-header-display":"","site-post-title":"","ast-breadcrumbs-content":"","ast-featured-img":"","footer-sml-layout":"","theme-transparent-header-meta":"default","adv-header-id-meta":"","stick-header-meta":"","header-above-stick-meta":"","header-main-stick-meta":"","header-below-stick-meta":"","astra-migrate-meta-layouts":"default","ast-page-background-enabled":"default","ast-page-background-meta":{"desktop":{"background-color":"","background-image":"","background-repeat":"repeat","background-position":"center center","background-size":"auto","background-attachment":"scroll","background-type":"","background-media":"","overlay-type":"","overlay-color":"","overlay-opacity":"","overlay-gradient":""},"tablet":{"background-color":"","background-image":"","background-repeat":"repeat","background-position":"center center","background-size":"auto","background-attachment":"scroll","background-type":"","background-media":"","overlay-type":"","overlay-color":"","overlay-opacity":"","overlay-gradient":""},"mobile":{"background-color":"","background-image":"","background-repeat":"repeat","background-position":"center center","background-size":"auto","background-attachment":"scroll","background-type":"","background-media":"","overlay-type":"","overlay-color":"","overlay-opacity":"","overlay-gradient":""}},"ast-content-background-meta":{"desktop":{"background-color":"var(--ast-global-color-5)","background-image":"","background-repeat":"repeat","background-position":"center center","background-size":"auto","background-attachment":"scroll","background-type":"","background-media":"","overlay-type":"","overlay-color":"","overlay-opacity":"","overlay-gradient":""},"tablet":{"background-color":"var(--ast-global-color-5)","background-image":"","background-repeat":"repeat","background-position":"center center","background-size":"auto","background-attachment":"scroll","background-type":"","background-media":"","overlay-type":"","overlay-color":"","overlay-opacity":"","overlay-gradient":""},"mobile":{"background-color":"var(--ast-global-color-5)","background-image":"","background-repeat":"repeat","background-position":"center center","background-size":"auto","background-attachment":"scroll","background-type":"","background-media":"","overlay-type":"","overlay-color":"","overlay-opacity":"","overlay-gradient":""}}},"pwb-brand":[113],"product_cat":[15],"product_tag":[],"class_list":{"0":"post-6696","1":"product","2":"type-product","3":"status-publish","4":"has-post-thumbnail","6":"pwb-brand-dayan-2","7":"product_cat-sin-categorizar","8":"desktop-align-center","9":"tablet-align-center","10":"mobile-align-center","12":"first","13":"outofstock","14":"taxable","15":"shipping-taxable","16":"purchasable","17":"product-type-simple"},"yoast_head":"<!-- This site is optimized with the Yoast SEO plugin v23.6 - https:\/\/yoast.com\/wordpress\/plugins\/seo\/ -->\n<title>\u0632\u0648\u0644\u0628\u06cc\u0627 \u0628\u0627\u0645\u064a\u0647 \u06f5\u06f0\u06f0 \u06af\u0631\u0645\u06cc \u062e\u0627\u0646\u06af\u06cc - Delicias Persas<\/title>\n<meta name=\"description\" content=\"Zoolbia Bamieh. T\u00edpico dulce persa, con una textura similar a los churros, pero m\u00e1s dulce ya que van recubiertos de az\u00facar caramelizado.\" \/>\n<meta name=\"robots\" content=\"index, follow, max-snippet:-1, max-image-preview:large, max-video-preview:-1\" \/>\n<link rel=\"canonical\" href=\"https:\/\/deliciaspersas.com\/fa\/tienda\/sin-categorizar\/%d8%b2%d9%88%d9%84%d8%a8%db%8c%d8%a7-%d8%a8%d8%a7%d9%85%d9%8a%d9%87-%db%b5%db%b0%db%b0-%da%af%d8%b1%d9%85%db%8c-%d8%ae%d8%a7%d9%86%da%af%db%8c\/\" \/>\n<meta property=\"og:locale\" content=\"fa_IR\" \/>\n<meta property=\"og:type\" content=\"article\" \/>\n<meta property=\"og:title\" content=\"\u0632\u0648\u0644\u0628\u06cc\u0627 \u0628\u0627\u0645\u064a\u0647 \u06f5\u06f0\u06f0 \u06af\u0631\u0645\u06cc \u062e\u0627\u0646\u06af\u06cc - Delicias Persas\" \/>\n<meta property=\"og:description\" content=\"Zoolbia Bamieh. T\u00edpico dulce persa, con una textura similar a los churros, pero m\u00e1s dulce ya que van recubiertos de az\u00facar caramelizado.\" \/>\n<meta property=\"og:url\" content=\"https:\/\/deliciaspersas.com\/fa\/tienda\/sin-categorizar\/%d8%b2%d9%88%d9%84%d8%a8%db%8c%d8%a7-%d8%a8%d8%a7%d9%85%d9%8a%d9%87-%db%b5%db%b0%db%b0-%da%af%d8%b1%d9%85%db%8c-%d8%ae%d8%a7%d9%86%da%af%db%8c\/\" \/>\n<meta property=\"og:site_name\" content=\"Delicias Persas\" \/>\n<meta property=\"article:publisher\" content=\"https:\/\/www.facebook.com\/Deliciaspersas\" \/>\n<meta property=\"article:modified_time\" content=\"2021-10-27T17:44:01+00:00\" \/>\n<meta property=\"og:image\" content=\"https:\/\/deliciaspersas.com\/wp-content\/uploads\/Dulces-persas-Zoolbia-Bamieh-500g-Dayan.jpg\" \/>\n\t<meta property=\"og:image:width\" content=\"760\" \/>\n\t<meta property=\"og:image:height\" content=\"760\" \/>\n\t<meta property=\"og:image:type\" content=\"image\/jpeg\" \/>\n<meta name=\"twitter:card\" content=\"summary_large_image\" \/>\n<meta name=\"twitter:label1\" content=\"\u0632\u0645\u0627\u0646 \u062a\u0642\u0631\u06cc\u0628\u06cc \u0628\u0631\u0627\u06cc \u062e\u0648\u0627\u0646\u062f\u0646\" \/>\n\t<meta name=\"twitter:data1\" content=\"2 \u062f\u0642\u06cc\u0642\u0647\" \/>\n<script type=\"application\/ld+json\" class=\"yoast-schema-graph\">{\"@context\":\"https:\/\/schema.org\",\"@graph\":[{\"@type\":\"WebPage\",\"@id\":\"https:\/\/deliciaspersas.com\/fa\/tienda\/sin-categorizar\/%d8%b2%d9%88%d9%84%d8%a8%db%8c%d8%a7-%d8%a8%d8%a7%d9%85%d9%8a%d9%87-%db%b5%db%b0%db%b0-%da%af%d8%b1%d9%85%db%8c-%d8%ae%d8%a7%d9%86%da%af%db%8c\/\",\"url\":\"https:\/\/deliciaspersas.com\/fa\/tienda\/sin-categorizar\/%d8%b2%d9%88%d9%84%d8%a8%db%8c%d8%a7-%d8%a8%d8%a7%d9%85%d9%8a%d9%87-%db%b5%db%b0%db%b0-%da%af%d8%b1%d9%85%db%8c-%d8%ae%d8%a7%d9%86%da%af%db%8c\/\",\"name\":\"\u0632\u0648\u0644\u0628\u06cc\u0627 \u0628\u0627\u0645\u064a\u0647 \u06f5\u06f0\u06f0 \u06af\u0631\u0645\u06cc \u062e\u0627\u0646\u06af\u06cc - Delicias Persas\",\"isPartOf\":{\"@id\":\"https:\/\/deliciaspersas.com\/fa\/#website\"},\"primaryImageOfPage\":{\"@id\":\"https:\/\/deliciaspersas.com\/fa\/tienda\/sin-categorizar\/%d8%b2%d9%88%d9%84%d8%a8%db%8c%d8%a7-%d8%a8%d8%a7%d9%85%d9%8a%d9%87-%db%b5%db%b0%db%b0-%da%af%d8%b1%d9%85%db%8c-%d8%ae%d8%a7%d9%86%da%af%db%8c\/#primaryimage\"},\"image\":{\"@id\":\"https:\/\/deliciaspersas.com\/fa\/tienda\/sin-categorizar\/%d8%b2%d9%88%d9%84%d8%a8%db%8c%d8%a7-%d8%a8%d8%a7%d9%85%d9%8a%d9%87-%db%b5%db%b0%db%b0-%da%af%d8%b1%d9%85%db%8c-%d8%ae%d8%a7%d9%86%da%af%db%8c\/#primaryimage\"},\"thumbnailUrl\":\"https:\/\/deliciaspersas.com\/wp-content\/uploads\/Dulces-persas-Zoolbia-Bamieh-500g-Dayan.jpg\",\"datePublished\":\"2020-12-28T10:57:08+00:00\",\"dateModified\":\"2021-10-27T17:44:01+00:00\",\"description\":\"Zoolbia Bamieh. T\u00edpico dulce persa, con una textura similar a los churros, pero m\u00e1s dulce ya que van recubiertos de az\u00facar caramelizado.\",\"breadcrumb\":{\"@id\":\"https:\/\/deliciaspersas.com\/fa\/tienda\/sin-categorizar\/%d8%b2%d9%88%d9%84%d8%a8%db%8c%d8%a7-%d8%a8%d8%a7%d9%85%d9%8a%d9%87-%db%b5%db%b0%db%b0-%da%af%d8%b1%d9%85%db%8c-%d8%ae%d8%a7%d9%86%da%af%db%8c\/#breadcrumb\"},\"inLanguage\":\"fa-IR\",\"potentialAction\":[{\"@type\":\"ReadAction\",\"target\":[\"https:\/\/deliciaspersas.com\/fa\/tienda\/sin-categorizar\/%d8%b2%d9%88%d9%84%d8%a8%db%8c%d8%a7-%d8%a8%d8%a7%d9%85%d9%8a%d9%87-%db%b5%db%b0%db%b0-%da%af%d8%b1%d9%85%db%8c-%d8%ae%d8%a7%d9%86%da%af%db%8c\/\"]}]},{\"@type\":\"ImageObject\",\"inLanguage\":\"fa-IR\",\"@id\":\"https:\/\/deliciaspersas.com\/fa\/tienda\/sin-categorizar\/%d8%b2%d9%88%d9%84%d8%a8%db%8c%d8%a7-%d8%a8%d8%a7%d9%85%d9%8a%d9%87-%db%b5%db%b0%db%b0-%da%af%d8%b1%d9%85%db%8c-%d8%ae%d8%a7%d9%86%da%af%db%8c\/#primaryimage\",\"url\":\"https:\/\/deliciaspersas.com\/wp-content\/uploads\/Dulces-persas-Zoolbia-Bamieh-500g-Dayan.jpg\",\"contentUrl\":\"https:\/\/deliciaspersas.com\/wp-content\/uploads\/Dulces-persas-Zoolbia-Bamieh-500g-Dayan.jpg\",\"width\":760,\"height\":760,\"caption\":\"\u0632\u0648\u0644\u0628\u06cc\u0627 \u0628\u0627\u0645\u064a\u0647 \u06f5\u06f0\u06f0 \u06af\u0631\u0645\u06cc \u062e\u0627\u0646\u06af\u06cc\"},{\"@type\":\"BreadcrumbList\",\"@id\":\"https:\/\/deliciaspersas.com\/fa\/tienda\/sin-categorizar\/%d8%b2%d9%88%d9%84%d8%a8%db%8c%d8%a7-%d8%a8%d8%a7%d9%85%d9%8a%d9%87-%db%b5%db%b0%db%b0-%da%af%d8%b1%d9%85%db%8c-%d8%ae%d8%a7%d9%86%da%af%db%8c\/#breadcrumb\",\"itemListElement\":[{\"@type\":\"ListItem\",\"position\":1,\"name\":\"Portada\",\"item\":\"https:\/\/deliciaspersas.com\/fa\/\"},{\"@type\":\"ListItem\",\"position\":2,\"name\":\"Tienda\",\"item\":\"https:\/\/deliciaspersas.com\/\"},{\"@type\":\"ListItem\",\"position\":3,\"name\":\"\u0632\u0648\u0644\u0628\u06cc\u0627 \u0628\u0627\u0645\u064a\u0647 \u06f5\u06f0\u06f0 \u06af\u0631\u0645\u06cc \u062e\u0627\u0646\u06af\u06cc\"}]},{\"@type\":\"WebSite\",\"@id\":\"https:\/\/deliciaspersas.com\/fa\/#website\",\"url\":\"https:\/\/deliciaspersas.com\/fa\/\",\"name\":\"Delicias Persas\",\"description\":\"Gastronom&iacute;a persa al alcance de tus manos\",\"publisher\":{\"@id\":\"https:\/\/deliciaspersas.com\/fa\/#organization\"},\"potentialAction\":[{\"@type\":\"SearchAction\",\"target\":{\"@type\":\"EntryPoint\",\"urlTemplate\":\"https:\/\/deliciaspersas.com\/fa\/?s={search_term_string}\"},\"query-input\":{\"@type\":\"PropertyValueSpecification\",\"valueRequired\":true,\"valueName\":\"search_term_string\"}}],\"inLanguage\":\"fa-IR\"},{\"@type\":\"Organization\",\"@id\":\"https:\/\/deliciaspersas.com\/fa\/#organization\",\"name\":\"Delicias Persas\",\"url\":\"https:\/\/deliciaspersas.com\/fa\/\",\"logo\":{\"@type\":\"ImageObject\",\"inLanguage\":\"fa-IR\",\"@id\":\"https:\/\/deliciaspersas.com\/fa\/#\/schema\/logo\/image\/\",\"url\":\"https:\/\/deliciaspersas.com\/wp-content\/uploads\/2020\/07\/logo-2020.png\",\"contentUrl\":\"https:\/\/deliciaspersas.com\/wp-content\/uploads\/2020\/07\/logo-2020.png\",\"width\":520,\"height\":490,\"caption\":\"Delicias Persas\"},\"image\":{\"@id\":\"https:\/\/deliciaspersas.com\/fa\/#\/schema\/logo\/image\/\"},\"sameAs\":[\"https:\/\/www.facebook.com\/Deliciaspersas\",\"https:\/\/www.instagram.com\/delicias_persas\/\",\"https:\/\/www.linkedin.com\/delicias-persas\"]}]}<\/script>\n<!-- \/ Yoast SEO plugin. -->","yoast_head_json":{"title":"\u0632\u0648\u0644\u0628\u06cc\u0627 \u0628\u0627\u0645\u064a\u0647 \u06f5\u06f0\u06f0 \u06af\u0631\u0645\u06cc \u062e\u0627\u0646\u06af\u06cc - Delicias Persas","description":"Zoolbia Bamieh. T\u00edpico dulce persa, con una textura similar a los churros, pero m\u00e1s dulce ya que van recubiertos de az\u00facar caramelizado.","robots":{"index":"index","follow":"follow","max-snippet":"max-snippet:-1","max-image-preview":"max-image-preview:large","max-video-preview":"max-video-preview:-1"},"canonical":"https:\/\/deliciaspersas.com\/fa\/tienda\/sin-categorizar\/%d8%b2%d9%88%d9%84%d8%a8%db%8c%d8%a7-%d8%a8%d8%a7%d9%85%d9%8a%d9%87-%db%b5%db%b0%db%b0-%da%af%d8%b1%d9%85%db%8c-%d8%ae%d8%a7%d9%86%da%af%db%8c\/","og_locale":"fa_IR","og_type":"article","og_title":"\u0632\u0648\u0644\u0628\u06cc\u0627 \u0628\u0627\u0645\u064a\u0647 \u06f5\u06f0\u06f0 \u06af\u0631\u0645\u06cc \u062e\u0627\u0646\u06af\u06cc - Delicias Persas","og_description":"Zoolbia Bamieh. T\u00edpico dulce persa, con una textura similar a los churros, pero m\u00e1s dulce ya que van recubiertos de az\u00facar caramelizado.","og_url":"https:\/\/deliciaspersas.com\/fa\/tienda\/sin-categorizar\/%d8%b2%d9%88%d9%84%d8%a8%db%8c%d8%a7-%d8%a8%d8%a7%d9%85%d9%8a%d9%87-%db%b5%db%b0%db%b0-%da%af%d8%b1%d9%85%db%8c-%d8%ae%d8%a7%d9%86%da%af%db%8c\/","og_site_name":"Delicias Persas","article_publisher":"https:\/\/www.facebook.com\/Deliciaspersas","article_modified_time":"2021-10-27T17:44:01+00:00","og_image":[{"width":760,"height":760,"url":"https:\/\/deliciaspersas.com\/wp-content\/uploads\/Dulces-persas-Zoolbia-Bamieh-500g-Dayan.jpg","type":"image\/jpeg"}],"twitter_card":"summary_large_image","twitter_misc":{"\u0632\u0645\u0627\u0646 \u062a\u0642\u0631\u06cc\u0628\u06cc \u0628\u0631\u0627\u06cc \u062e\u0648\u0627\u0646\u062f\u0646":"2 \u062f\u0642\u06cc\u0642\u0647"},"schema":{"@context":"https:\/\/schema.org","@graph":[{"@type":"WebPage","@id":"https:\/\/deliciaspersas.com\/fa\/tienda\/sin-categorizar\/%d8%b2%d9%88%d9%84%d8%a8%db%8c%d8%a7-%d8%a8%d8%a7%d9%85%d9%8a%d9%87-%db%b5%db%b0%db%b0-%da%af%d8%b1%d9%85%db%8c-%d8%ae%d8%a7%d9%86%da%af%db%8c\/","url":"https:\/\/deliciaspersas.com\/fa\/tienda\/sin-categorizar\/%d8%b2%d9%88%d9%84%d8%a8%db%8c%d8%a7-%d8%a8%d8%a7%d9%85%d9%8a%d9%87-%db%b5%db%b0%db%b0-%da%af%d8%b1%d9%85%db%8c-%d8%ae%d8%a7%d9%86%da%af%db%8c\/","name":"\u0632\u0648\u0644\u0628\u06cc\u0627 \u0628\u0627\u0645\u064a\u0647 \u06f5\u06f0\u06f0 \u06af\u0631\u0645\u06cc \u062e\u0627\u0646\u06af\u06cc - Delicias Persas","isPartOf":{"@id":"https:\/\/deliciaspersas.com\/fa\/#website"},"primaryImageOfPage":{"@id":"https:\/\/deliciaspersas.com\/fa\/tienda\/sin-categorizar\/%d8%b2%d9%88%d9%84%d8%a8%db%8c%d8%a7-%d8%a8%d8%a7%d9%85%d9%8a%d9%87-%db%b5%db%b0%db%b0-%da%af%d8%b1%d9%85%db%8c-%d8%ae%d8%a7%d9%86%da%af%db%8c\/#primaryimage"},"image":{"@id":"https:\/\/deliciaspersas.com\/fa\/tienda\/sin-categorizar\/%d8%b2%d9%88%d9%84%d8%a8%db%8c%d8%a7-%d8%a8%d8%a7%d9%85%d9%8a%d9%87-%db%b5%db%b0%db%b0-%da%af%d8%b1%d9%85%db%8c-%d8%ae%d8%a7%d9%86%da%af%db%8c\/#primaryimage"},"thumbnailUrl":"https:\/\/deliciaspersas.com\/wp-content\/uploads\/Dulces-persas-Zoolbia-Bamieh-500g-Dayan.jpg","datePublished":"2020-12-28T10:57:08+00:00","dateModified":"2021-10-27T17:44:01+00:00","description":"Zoolbia Bamieh. T\u00edpico dulce persa, con una textura similar a los churros, pero m\u00e1s dulce ya que van recubiertos de az\u00facar caramelizado.","breadcrumb":{"@id":"https:\/\/deliciaspersas.com\/fa\/tienda\/sin-categorizar\/%d8%b2%d9%88%d9%84%d8%a8%db%8c%d8%a7-%d8%a8%d8%a7%d9%85%d9%8a%d9%87-%db%b5%db%b0%db%b0-%da%af%d8%b1%d9%85%db%8c-%d8%ae%d8%a7%d9%86%da%af%db%8c\/#breadcrumb"},"inLanguage":"fa-IR","potentialAction":[{"@type":"ReadAction","target":["https:\/\/deliciaspersas.com\/fa\/tienda\/sin-categorizar\/%d8%b2%d9%88%d9%84%d8%a8%db%8c%d8%a7-%d8%a8%d8%a7%d9%85%d9%8a%d9%87-%db%b5%db%b0%db%b0-%da%af%d8%b1%d9%85%db%8c-%d8%ae%d8%a7%d9%86%da%af%db%8c\/"]}]},{"@type":"ImageObject","inLanguage":"fa-IR","@id":"https:\/\/deliciaspersas.com\/fa\/tienda\/sin-categorizar\/%d8%b2%d9%88%d9%84%d8%a8%db%8c%d8%a7-%d8%a8%d8%a7%d9%85%d9%8a%d9%87-%db%b5%db%b0%db%b0-%da%af%d8%b1%d9%85%db%8c-%d8%ae%d8%a7%d9%86%da%af%db%8c\/#primaryimage","url":"https:\/\/deliciaspersas.com\/wp-content\/uploads\/Dulces-persas-Zoolbia-Bamieh-500g-Dayan.jpg","contentUrl":"https:\/\/deliciaspersas.com\/wp-content\/uploads\/Dulces-persas-Zoolbia-Bamieh-500g-Dayan.jpg","width":760,"height":760,"caption":"\u0632\u0648\u0644\u0628\u06cc\u0627 \u0628\u0627\u0645\u064a\u0647 \u06f5\u06f0\u06f0 \u06af\u0631\u0645\u06cc \u062e\u0627\u0646\u06af\u06cc"},{"@type":"BreadcrumbList","@id":"https:\/\/deliciaspersas.com\/fa\/tienda\/sin-categorizar\/%d8%b2%d9%88%d9%84%d8%a8%db%8c%d8%a7-%d8%a8%d8%a7%d9%85%d9%8a%d9%87-%db%b5%db%b0%db%b0-%da%af%d8%b1%d9%85%db%8c-%d8%ae%d8%a7%d9%86%da%af%db%8c\/#breadcrumb","itemListElement":[{"@type":"ListItem","position":1,"name":"Portada","item":"https:\/\/deliciaspersas.com\/fa\/"},{"@type":"ListItem","position":2,"name":"Tienda","item":"https:\/\/deliciaspersas.com\/"},{"@type":"ListItem","position":3,"name":"\u0632\u0648\u0644\u0628\u06cc\u0627 \u0628\u0627\u0645\u064a\u0647 \u06f5\u06f0\u06f0 \u06af\u0631\u0645\u06cc \u062e\u0627\u0646\u06af\u06cc"}]},{"@type":"WebSite","@id":"https:\/\/deliciaspersas.com\/fa\/#website","url":"https:\/\/deliciaspersas.com\/fa\/","name":"Delicias Persas","description":"Gastronom&iacute;a persa al alcance de tus manos","publisher":{"@id":"https:\/\/deliciaspersas.com\/fa\/#organization"},"potentialAction":[{"@type":"SearchAction","target":{"@type":"EntryPoint","urlTemplate":"https:\/\/deliciaspersas.com\/fa\/?s={search_term_string}"},"query-input":{"@type":"PropertyValueSpecification","valueRequired":true,"valueName":"search_term_string"}}],"inLanguage":"fa-IR"},{"@type":"Organization","@id":"https:\/\/deliciaspersas.com\/fa\/#organization","name":"Delicias Persas","url":"https:\/\/deliciaspersas.com\/fa\/","logo":{"@type":"ImageObject","inLanguage":"fa-IR","@id":"https:\/\/deliciaspersas.com\/fa\/#\/schema\/logo\/image\/","url":"https:\/\/deliciaspersas.com\/wp-content\/uploads\/2020\/07\/logo-2020.png","contentUrl":"https:\/\/deliciaspersas.com\/wp-content\/uploads\/2020\/07\/logo-2020.png","width":520,"height":490,"caption":"Delicias Persas"},"image":{"@id":"https:\/\/deliciaspersas.com\/fa\/#\/schema\/logo\/image\/"},"sameAs":["https:\/\/www.facebook.com\/Deliciaspersas","https:\/\/www.instagram.com\/delicias_persas\/","https:\/\/www.linkedin.com\/delicias-persas"]}]}},"uagb_featured_image_src":{"full":["https:\/\/deliciaspersas.com\/wp-content\/uploads\/Dulces-persas-Zoolbia-Bamieh-500g-Dayan.jpg",760,760,false],"thumbnail":["https:\/\/deliciaspersas.com\/wp-content\/uploads\/Dulces-persas-Zoolbia-Bamieh-500g-Dayan-150x150.jpg",150,150,true],"medium":["https:\/\/deliciaspersas.com\/wp-content\/uploads\/Dulces-persas-Zoolbia-Bamieh-500g-Dayan-300x300.jpg",300,300,true],"medium_large":["https:\/\/deliciaspersas.com\/wp-content\/uploads\/Dulces-persas-Zoolbia-Bamieh-500g-Dayan.jpg",760,760,false],"large":["https:\/\/deliciaspersas.com\/wp-content\/uploads\/Dulces-persas-Zoolbia-Bamieh-500g-Dayan.jpg",760,760,false],"1536x1536":["https:\/\/deliciaspersas.com\/wp-content\/uploads\/Dulces-persas-Zoolbia-Bamieh-500g-Dayan.jpg",760,760,false],"2048x2048":["https:\/\/deliciaspersas.com\/wp-content\/uploads\/Dulces-persas-Zoolbia-Bamieh-500g-Dayan.jpg",760,760,false],"woocommerce_thumbnail":["https:\/\/deliciaspersas.com\/wp-content\/uploads\/Dulces-persas-Zoolbia-Bamieh-500g-Dayan-300x300.jpg",300,300,true],"woocommerce_single":["https:\/\/deliciaspersas.com\/wp-content\/uploads\/Dulces-persas-Zoolbia-Bamieh-500g-Dayan-600x600.jpg",600,600,true],"woocommerce_gallery_thumbnail":["https:\/\/deliciaspersas.com\/wp-content\/uploads\/Dulces-persas-Zoolbia-Bamieh-500g-Dayan-100x100.jpg",100,100,true]},"uagb_author_info":{"display_name":"admin","author_link":"https:\/\/deliciaspersas.com\/fa\/author\/"},"uagb_comment_info":0,"uagb_excerpt":"\u0632\u0648\u0644\u0628\u06cc\u0627 \u0628\u0627\u0645\u064a\u0647 \u06f5\u06f0\u06f0 \u06af\u0631\u0645\u06cc \u062e\u0627\u0646\u06af\u06cc Informaci\u00f3n del producto: Zoolbia es un dulce con una textura similar a los churros, pero m\u00e1s dulce ya que van recubiertos de az\u00facar caramelizado. Bamieh es similar a una d\u00f3nut. \u200b Es hecha de yogur y una masa a base de almid\u00f3n, que se fr\u00ede antes de ser sumergida en&hellip;","brands":[{"id":113,"name":"Dayan","slug":"dayan-2"}],"_links":{"self":[{"href":"https:\/\/deliciaspersas.com\/fa\/wp-json\/wp\/v2\/product\/6696"}],"collection":[{"href":"https:\/\/deliciaspersas.com\/fa\/wp-json\/wp\/v2\/product"}],"about":[{"href":"https:\/\/deliciaspersas.com\/fa\/wp-json\/wp\/v2\/types\/product"}],"wp:featuredmedia":[{"embeddable":true,"href":"https:\/\/deliciaspersas.com\/fa\/wp-json\/wp\/v2\/media\/6697"}],"wp:attachment":[{"href":"https:\/\/deliciaspersas.com\/fa\/wp-json\/wp\/v2\/media?parent=6696"}],"wp:term":[{"taxonomy":"pwb-brand","embeddable":true,"href":"https:\/\/deliciaspersas.com\/fa\/wp-json\/wp\/v2\/pwb-brand?post=6696"},{"taxonomy":"product_cat","embeddable":true,"href":"https:\/\/deliciaspersas.com\/fa\/wp-json\/wp\/v2\/product_cat?post=6696"},{"taxonomy":"product_tag","embeddable":true,"href":"https:\/\/deliciaspersas.com\/fa\/wp-json\/wp\/v2\/product_tag?post=6696"}],"curies":[{"name":"wp","href":"https:\/\/api.w.org\/{rel}","templated":true}]}}