{"id":6752,"date":"2021-01-18T13:49:53","date_gmt":"2021-01-18T12:49:53","guid":{"rendered":"https:\/\/deliciaspersas.com\/tienda\/\u0628\u062f\u0648\u0646%20\u062f\u0633\u062a\u0647\u200c\u0628\u0646\u062f\u06cc\/%d8%ae%d9%84%d8%a7%d9%84-%d9%86%d8%a7%d8%b1%d9%86%d8%ac-%db%b7%db%b5-%da%af%d8%b1%d9%85%db%8c-%d8%a7%d9%86%d8%ac%d9%85%d9%86\/"},"modified":"2021-10-27T19:41:34","modified_gmt":"2021-10-27T17:41:34","slug":"cascara-de-naranja-deshidratada-75g-anjoman","status":"publish","type":"product","link":"https:\/\/deliciaspersas.com\/fa\/tienda\/sin-categorizar\/cascara-de-naranja-deshidratada-75g-anjoman\/","title":{"rendered":"\u062e\u0644\u0627\u0644 \u0646\u0627\u0631\u0646\u062c \u06f7\u06f5 \u06af\u0631\u0645\u06cc \u0627\u0646\u062c\u0645\u0646"},"content":{"rendered":"<h1>\u062e\u0644\u0627\u0644 \u0646\u0627\u0631\u0646\u062c \u06f7\u06f5 \u06af\u0631\u0645\u06cc \u0627\u0646\u062c\u0645\u0646<\/h1>\n<h6>Informaci\u00f3n del producto:<\/h6>\n<p>C\u00e1scara de naranja deshidratada.<\/p>\n<p>Muy usado en plato de arroz y guisos, como Morasa Polo. Aporta a tus platos un olor \u00fanico y sensacional.<\/p>\n<h6>Usos:<\/h6>\n<p>Recetas, ensaladas, todo tipo de verduras, platos fr\u00edos y calientes.<\/p>\n<h6>Ingredientes y al\u00e9rgenos:<\/h6>\n<p>Piel de naranja.<\/p>\n<h6>Condiciones de conservaci\u00f3n:<\/h6>\n<p>Conservar en un lugar fresco, seco y protegido de la luz.<\/p>\n<h6>Informaci\u00f3n adicional:<\/h6>\n<p>Fabricado por: Anjoman<\/p>\n<p>14 Premier Park Road<br \/>\nPark Royal<br \/>\nLondon NW10 7NZ<\/p>\n","protected":false},"excerpt":{"rendered":"<p>\u062e\u0644\u0627\u0644 \u0646\u0627\u0631\u0646\u062c \u06f7\u06f5 \u06af\u0631\u0645\u06cc \u0627\u0646\u062c\u0645\u0646 Informaci\u00f3n del producto: C\u00e1scara de naranja deshidratada. Muy usado en plato de arroz y guisos, como Morasa Polo. Aporta a tus platos un olor \u00fanico y sensacional. Usos: Recetas, ensaladas, todo tipo de verduras, platos fr\u00edos y calientes. Ingredientes y al\u00e9rgenos: Piel de naranja. Condiciones de conservaci\u00f3n: Conservar en un [&hellip;]<\/p>\n","protected":false},"featured_media":6740,"template":"","meta":{"_surecart_dashboard_logo_width":"180px","_surecart_dashboard_show_logo":true,"_surecart_dashboard_navigation_orders":true,"_surecart_dashboard_navigation_invoices":true,"_surecart_dashboard_navigation_subscriptions":true,"_surecart_dashboard_navigation_downloads":true,"_surecart_dashboard_navigation_billing":true,"_surecart_dashboard_navigation_account":true,"_uag_custom_page_level_css":"","site-sidebar-layout":"default","site-content-layout":"default","ast-site-content-layout":"","site-content-style":"default","site-sidebar-style":"default","ast-global-header-display":"","ast-banner-title-visibility":"","ast-main-header-display":"","ast-hfb-above-header-display":"","ast-hfb-below-header-display":"","ast-hfb-mobile-header-display":"","site-post-title":"","ast-breadcrumbs-content":"","ast-featured-img":"","footer-sml-layout":"","theme-transparent-header-meta":"default","adv-header-id-meta":"","stick-header-meta":"","header-above-stick-meta":"","header-main-stick-meta":"","header-below-stick-meta":"","astra-migrate-meta-layouts":"default","ast-page-background-enabled":"default","ast-page-background-meta":{"desktop":{"background-color":"","background-image":"","background-repeat":"repeat","background-position":"center center","background-size":"auto","background-attachment":"scroll","background-type":"","background-media":"","overlay-type":"","overlay-color":"","overlay-opacity":"","overlay-gradient":""},"tablet":{"background-color":"","background-image":"","background-repeat":"repeat","background-position":"center center","background-size":"auto","background-attachment":"scroll","background-type":"","background-media":"","overlay-type":"","overlay-color":"","overlay-opacity":"","overlay-gradient":""},"mobile":{"background-color":"","background-image":"","background-repeat":"repeat","background-position":"center center","background-size":"auto","background-attachment":"scroll","background-type":"","background-media":"","overlay-type":"","overlay-color":"","overlay-opacity":"","overlay-gradient":""}},"ast-content-background-meta":{"desktop":{"background-color":"var(--ast-global-color-5)","background-image":"","background-repeat":"repeat","background-position":"center center","background-size":"auto","background-attachment":"scroll","background-type":"","background-media":"","overlay-type":"","overlay-color":"","overlay-opacity":"","overlay-gradient":""},"tablet":{"background-color":"var(--ast-global-color-5)","background-image":"","background-repeat":"repeat","background-position":"center center","background-size":"auto","background-attachment":"scroll","background-type":"","background-media":"","overlay-type":"","overlay-color":"","overlay-opacity":"","overlay-gradient":""},"mobile":{"background-color":"var(--ast-global-color-5)","background-image":"","background-repeat":"repeat","background-position":"center center","background-size":"auto","background-attachment":"scroll","background-type":"","background-media":"","overlay-type":"","overlay-color":"","overlay-opacity":"","overlay-gradient":""}}},"pwb-brand":[42],"product_cat":[15],"product_tag":[],"class_list":{"0":"post-6752","1":"product","2":"type-product","3":"status-publish","4":"has-post-thumbnail","6":"pwb-brand-anjoman","7":"product_cat-sin-categorizar","8":"desktop-align-center","9":"tablet-align-center","10":"mobile-align-center","12":"first","13":"instock","14":"taxable","15":"shipping-taxable","16":"purchasable","17":"product-type-simple"},"yoast_head":"<!-- This site is optimized with the Yoast SEO plugin v23.6 - https:\/\/yoast.com\/wordpress\/plugins\/seo\/ -->\n<title>\u062e\u0644\u0627\u0644 \u0646\u0627\u0631\u0646\u062c \u06f7\u06f5 \u06af\u0631\u0645\u06cc \u0627\u0646\u062c\u0645\u0646 - Delicias Persas<\/title>\n<meta name=\"description\" content=\"C\u00e1scara de naranja deshidratada. Muy usado en plato de arroz y guisos, como Morasa Polo. Aporta a tus platos un olor \u00fanico y sensacional.\" \/>\n<meta name=\"robots\" content=\"index, follow, max-snippet:-1, max-image-preview:large, max-video-preview:-1\" \/>\n<link rel=\"canonical\" href=\"https:\/\/deliciaspersas.com\/fa\/tienda\/sin-categorizar\/cascara-de-naranja-deshidratada-75g-anjoman\/\" \/>\n<meta property=\"og:locale\" content=\"fa_IR\" \/>\n<meta property=\"og:type\" content=\"article\" \/>\n<meta property=\"og:title\" content=\"\u062e\u0644\u0627\u0644 \u0646\u0627\u0631\u0646\u062c \u06f7\u06f5 \u06af\u0631\u0645\u06cc \u0627\u0646\u062c\u0645\u0646 - Delicias Persas\" \/>\n<meta property=\"og:description\" content=\"C\u00e1scara de naranja deshidratada. Muy usado en plato de arroz y guisos, como Morasa Polo. Aporta a tus platos un olor \u00fanico y sensacional.\" \/>\n<meta property=\"og:url\" content=\"https:\/\/deliciaspersas.com\/fa\/tienda\/sin-categorizar\/cascara-de-naranja-deshidratada-75g-anjoman\/\" \/>\n<meta property=\"og:site_name\" content=\"Delicias Persas\" \/>\n<meta property=\"article:publisher\" content=\"https:\/\/www.facebook.com\/Deliciaspersas\" \/>\n<meta property=\"article:modified_time\" content=\"2021-10-27T17:41:34+00:00\" \/>\n<meta property=\"og:image\" content=\"https:\/\/deliciaspersas.com\/wp-content\/uploads\/Cascara-de-naranja-deshidratada-100g-Anjoman.jpg\" \/>\n\t<meta property=\"og:image:width\" content=\"760\" \/>\n\t<meta property=\"og:image:height\" content=\"760\" \/>\n\t<meta property=\"og:image:type\" content=\"image\/jpeg\" \/>\n<meta name=\"twitter:card\" content=\"summary_large_image\" \/>\n<script type=\"application\/ld+json\" class=\"yoast-schema-graph\">{\"@context\":\"https:\/\/schema.org\",\"@graph\":[{\"@type\":\"WebPage\",\"@id\":\"https:\/\/deliciaspersas.com\/fa\/tienda\/sin-categorizar\/cascara-de-naranja-deshidratada-75g-anjoman\/\",\"url\":\"https:\/\/deliciaspersas.com\/fa\/tienda\/sin-categorizar\/cascara-de-naranja-deshidratada-75g-anjoman\/\",\"name\":\"\u062e\u0644\u0627\u0644 \u0646\u0627\u0631\u0646\u062c \u06f7\u06f5 \u06af\u0631\u0645\u06cc \u0627\u0646\u062c\u0645\u0646 - Delicias Persas\",\"isPartOf\":{\"@id\":\"https:\/\/deliciaspersas.com\/fa\/#website\"},\"primaryImageOfPage\":{\"@id\":\"https:\/\/deliciaspersas.com\/fa\/tienda\/sin-categorizar\/cascara-de-naranja-deshidratada-75g-anjoman\/#primaryimage\"},\"image\":{\"@id\":\"https:\/\/deliciaspersas.com\/fa\/tienda\/sin-categorizar\/cascara-de-naranja-deshidratada-75g-anjoman\/#primaryimage\"},\"thumbnailUrl\":\"https:\/\/deliciaspersas.com\/wp-content\/uploads\/Cascara-de-naranja-deshidratada-100g-Anjoman.jpg\",\"datePublished\":\"2021-01-18T12:49:53+00:00\",\"dateModified\":\"2021-10-27T17:41:34+00:00\",\"description\":\"C\u00e1scara de naranja deshidratada. Muy usado en plato de arroz y guisos, como Morasa Polo. Aporta a tus platos un olor \u00fanico y sensacional.\",\"breadcrumb\":{\"@id\":\"https:\/\/deliciaspersas.com\/fa\/tienda\/sin-categorizar\/cascara-de-naranja-deshidratada-75g-anjoman\/#breadcrumb\"},\"inLanguage\":\"fa-IR\",\"potentialAction\":[{\"@type\":\"ReadAction\",\"target\":[\"https:\/\/deliciaspersas.com\/fa\/tienda\/sin-categorizar\/cascara-de-naranja-deshidratada-75g-anjoman\/\"]}]},{\"@type\":\"ImageObject\",\"inLanguage\":\"fa-IR\",\"@id\":\"https:\/\/deliciaspersas.com\/fa\/tienda\/sin-categorizar\/cascara-de-naranja-deshidratada-75g-anjoman\/#primaryimage\",\"url\":\"https:\/\/deliciaspersas.com\/wp-content\/uploads\/Cascara-de-naranja-deshidratada-100g-Anjoman.jpg\",\"contentUrl\":\"https:\/\/deliciaspersas.com\/wp-content\/uploads\/Cascara-de-naranja-deshidratada-100g-Anjoman.jpg\",\"width\":760,\"height\":760,\"caption\":\"\u062e\u0644\u0627\u0644 \u0646\u0627\u0631\u0646\u062c \u06f7\u06f5 \u06af\u0631\u0645\u06cc \u0627\u0646\u062c\u0645\u0646\"},{\"@type\":\"BreadcrumbList\",\"@id\":\"https:\/\/deliciaspersas.com\/fa\/tienda\/sin-categorizar\/cascara-de-naranja-deshidratada-75g-anjoman\/#breadcrumb\",\"itemListElement\":[{\"@type\":\"ListItem\",\"position\":1,\"name\":\"Portada\",\"item\":\"https:\/\/deliciaspersas.com\/fa\/\"},{\"@type\":\"ListItem\",\"position\":2,\"name\":\"Tienda\",\"item\":\"https:\/\/deliciaspersas.com\/\"},{\"@type\":\"ListItem\",\"position\":3,\"name\":\"\u062e\u0644\u0627\u0644 \u0646\u0627\u0631\u0646\u062c \u06f7\u06f5 \u06af\u0631\u0645\u06cc \u0627\u0646\u062c\u0645\u0646\"}]},{\"@type\":\"WebSite\",\"@id\":\"https:\/\/deliciaspersas.com\/fa\/#website\",\"url\":\"https:\/\/deliciaspersas.com\/fa\/\",\"name\":\"Delicias Persas\",\"description\":\"Gastronom&iacute;a persa al alcance de tus manos\",\"publisher\":{\"@id\":\"https:\/\/deliciaspersas.com\/fa\/#organization\"},\"potentialAction\":[{\"@type\":\"SearchAction\",\"target\":{\"@type\":\"EntryPoint\",\"urlTemplate\":\"https:\/\/deliciaspersas.com\/fa\/?s={search_term_string}\"},\"query-input\":{\"@type\":\"PropertyValueSpecification\",\"valueRequired\":true,\"valueName\":\"search_term_string\"}}],\"inLanguage\":\"fa-IR\"},{\"@type\":\"Organization\",\"@id\":\"https:\/\/deliciaspersas.com\/fa\/#organization\",\"name\":\"Delicias Persas\",\"url\":\"https:\/\/deliciaspersas.com\/fa\/\",\"logo\":{\"@type\":\"ImageObject\",\"inLanguage\":\"fa-IR\",\"@id\":\"https:\/\/deliciaspersas.com\/fa\/#\/schema\/logo\/image\/\",\"url\":\"https:\/\/deliciaspersas.com\/wp-content\/uploads\/2020\/07\/logo-2020.png\",\"contentUrl\":\"https:\/\/deliciaspersas.com\/wp-content\/uploads\/2020\/07\/logo-2020.png\",\"width\":520,\"height\":490,\"caption\":\"Delicias Persas\"},\"image\":{\"@id\":\"https:\/\/deliciaspersas.com\/fa\/#\/schema\/logo\/image\/\"},\"sameAs\":[\"https:\/\/www.facebook.com\/Deliciaspersas\",\"https:\/\/www.instagram.com\/delicias_persas\/\",\"https:\/\/www.linkedin.com\/delicias-persas\"]}]}<\/script>\n<!-- \/ Yoast SEO plugin. -->","yoast_head_json":{"title":"\u062e\u0644\u0627\u0644 \u0646\u0627\u0631\u0646\u062c \u06f7\u06f5 \u06af\u0631\u0645\u06cc \u0627\u0646\u062c\u0645\u0646 - Delicias Persas","description":"C\u00e1scara de naranja deshidratada. Muy usado en plato de arroz y guisos, como Morasa Polo. Aporta a tus platos un olor \u00fanico y sensacional.","robots":{"index":"index","follow":"follow","max-snippet":"max-snippet:-1","max-image-preview":"max-image-preview:large","max-video-preview":"max-video-preview:-1"},"canonical":"https:\/\/deliciaspersas.com\/fa\/tienda\/sin-categorizar\/cascara-de-naranja-deshidratada-75g-anjoman\/","og_locale":"fa_IR","og_type":"article","og_title":"\u062e\u0644\u0627\u0644 \u0646\u0627\u0631\u0646\u062c \u06f7\u06f5 \u06af\u0631\u0645\u06cc \u0627\u0646\u062c\u0645\u0646 - Delicias Persas","og_description":"C\u00e1scara de naranja deshidratada. Muy usado en plato de arroz y guisos, como Morasa Polo. Aporta a tus platos un olor \u00fanico y sensacional.","og_url":"https:\/\/deliciaspersas.com\/fa\/tienda\/sin-categorizar\/cascara-de-naranja-deshidratada-75g-anjoman\/","og_site_name":"Delicias Persas","article_publisher":"https:\/\/www.facebook.com\/Deliciaspersas","article_modified_time":"2021-10-27T17:41:34+00:00","og_image":[{"width":760,"height":760,"url":"https:\/\/deliciaspersas.com\/wp-content\/uploads\/Cascara-de-naranja-deshidratada-100g-Anjoman.jpg","type":"image\/jpeg"}],"twitter_card":"summary_large_image","schema":{"@context":"https:\/\/schema.org","@graph":[{"@type":"WebPage","@id":"https:\/\/deliciaspersas.com\/fa\/tienda\/sin-categorizar\/cascara-de-naranja-deshidratada-75g-anjoman\/","url":"https:\/\/deliciaspersas.com\/fa\/tienda\/sin-categorizar\/cascara-de-naranja-deshidratada-75g-anjoman\/","name":"\u062e\u0644\u0627\u0644 \u0646\u0627\u0631\u0646\u062c \u06f7\u06f5 \u06af\u0631\u0645\u06cc \u0627\u0646\u062c\u0645\u0646 - Delicias Persas","isPartOf":{"@id":"https:\/\/deliciaspersas.com\/fa\/#website"},"primaryImageOfPage":{"@id":"https:\/\/deliciaspersas.com\/fa\/tienda\/sin-categorizar\/cascara-de-naranja-deshidratada-75g-anjoman\/#primaryimage"},"image":{"@id":"https:\/\/deliciaspersas.com\/fa\/tienda\/sin-categorizar\/cascara-de-naranja-deshidratada-75g-anjoman\/#primaryimage"},"thumbnailUrl":"https:\/\/deliciaspersas.com\/wp-content\/uploads\/Cascara-de-naranja-deshidratada-100g-Anjoman.jpg","datePublished":"2021-01-18T12:49:53+00:00","dateModified":"2021-10-27T17:41:34+00:00","description":"C\u00e1scara de naranja deshidratada. Muy usado en plato de arroz y guisos, como Morasa Polo. Aporta a tus platos un olor \u00fanico y sensacional.","breadcrumb":{"@id":"https:\/\/deliciaspersas.com\/fa\/tienda\/sin-categorizar\/cascara-de-naranja-deshidratada-75g-anjoman\/#breadcrumb"},"inLanguage":"fa-IR","potentialAction":[{"@type":"ReadAction","target":["https:\/\/deliciaspersas.com\/fa\/tienda\/sin-categorizar\/cascara-de-naranja-deshidratada-75g-anjoman\/"]}]},{"@type":"ImageObject","inLanguage":"fa-IR","@id":"https:\/\/deliciaspersas.com\/fa\/tienda\/sin-categorizar\/cascara-de-naranja-deshidratada-75g-anjoman\/#primaryimage","url":"https:\/\/deliciaspersas.com\/wp-content\/uploads\/Cascara-de-naranja-deshidratada-100g-Anjoman.jpg","contentUrl":"https:\/\/deliciaspersas.com\/wp-content\/uploads\/Cascara-de-naranja-deshidratada-100g-Anjoman.jpg","width":760,"height":760,"caption":"\u062e\u0644\u0627\u0644 \u0646\u0627\u0631\u0646\u062c \u06f7\u06f5 \u06af\u0631\u0645\u06cc \u0627\u0646\u062c\u0645\u0646"},{"@type":"BreadcrumbList","@id":"https:\/\/deliciaspersas.com\/fa\/tienda\/sin-categorizar\/cascara-de-naranja-deshidratada-75g-anjoman\/#breadcrumb","itemListElement":[{"@type":"ListItem","position":1,"name":"Portada","item":"https:\/\/deliciaspersas.com\/fa\/"},{"@type":"ListItem","position":2,"name":"Tienda","item":"https:\/\/deliciaspersas.com\/"},{"@type":"ListItem","position":3,"name":"\u062e\u0644\u0627\u0644 \u0646\u0627\u0631\u0646\u062c \u06f7\u06f5 \u06af\u0631\u0645\u06cc \u0627\u0646\u062c\u0645\u0646"}]},{"@type":"WebSite","@id":"https:\/\/deliciaspersas.com\/fa\/#website","url":"https:\/\/deliciaspersas.com\/fa\/","name":"Delicias Persas","description":"Gastronom&iacute;a persa al alcance de tus manos","publisher":{"@id":"https:\/\/deliciaspersas.com\/fa\/#organization"},"potentialAction":[{"@type":"SearchAction","target":{"@type":"EntryPoint","urlTemplate":"https:\/\/deliciaspersas.com\/fa\/?s={search_term_string}"},"query-input":{"@type":"PropertyValueSpecification","valueRequired":true,"valueName":"search_term_string"}}],"inLanguage":"fa-IR"},{"@type":"Organization","@id":"https:\/\/deliciaspersas.com\/fa\/#organization","name":"Delicias Persas","url":"https:\/\/deliciaspersas.com\/fa\/","logo":{"@type":"ImageObject","inLanguage":"fa-IR","@id":"https:\/\/deliciaspersas.com\/fa\/#\/schema\/logo\/image\/","url":"https:\/\/deliciaspersas.com\/wp-content\/uploads\/2020\/07\/logo-2020.png","contentUrl":"https:\/\/deliciaspersas.com\/wp-content\/uploads\/2020\/07\/logo-2020.png","width":520,"height":490,"caption":"Delicias Persas"},"image":{"@id":"https:\/\/deliciaspersas.com\/fa\/#\/schema\/logo\/image\/"},"sameAs":["https:\/\/www.facebook.com\/Deliciaspersas","https:\/\/www.instagram.com\/delicias_persas\/","https:\/\/www.linkedin.com\/delicias-persas"]}]}},"uagb_featured_image_src":{"full":["https:\/\/deliciaspersas.com\/wp-content\/uploads\/Cascara-de-naranja-deshidratada-100g-Anjoman.jpg",760,760,false],"thumbnail":["https:\/\/deliciaspersas.com\/wp-content\/uploads\/Cascara-de-naranja-deshidratada-100g-Anjoman-150x150.jpg",150,150,true],"medium":["https:\/\/deliciaspersas.com\/wp-content\/uploads\/Cascara-de-naranja-deshidratada-100g-Anjoman-300x300.jpg",300,300,true],"medium_large":["https:\/\/deliciaspersas.com\/wp-content\/uploads\/Cascara-de-naranja-deshidratada-100g-Anjoman.jpg",760,760,false],"large":["https:\/\/deliciaspersas.com\/wp-content\/uploads\/Cascara-de-naranja-deshidratada-100g-Anjoman.jpg",760,760,false],"1536x1536":["https:\/\/deliciaspersas.com\/wp-content\/uploads\/Cascara-de-naranja-deshidratada-100g-Anjoman.jpg",760,760,false],"2048x2048":["https:\/\/deliciaspersas.com\/wp-content\/uploads\/Cascara-de-naranja-deshidratada-100g-Anjoman.jpg",760,760,false],"woocommerce_thumbnail":["https:\/\/deliciaspersas.com\/wp-content\/uploads\/Cascara-de-naranja-deshidratada-100g-Anjoman-300x300.jpg",300,300,true],"woocommerce_single":["https:\/\/deliciaspersas.com\/wp-content\/uploads\/Cascara-de-naranja-deshidratada-100g-Anjoman-600x600.jpg",600,600,true],"woocommerce_gallery_thumbnail":["https:\/\/deliciaspersas.com\/wp-content\/uploads\/Cascara-de-naranja-deshidratada-100g-Anjoman-100x100.jpg",100,100,true]},"uagb_author_info":{"display_name":"admin","author_link":"https:\/\/deliciaspersas.com\/fa\/author\/"},"uagb_comment_info":0,"uagb_excerpt":"\u062e\u0644\u0627\u0644 \u0646\u0627\u0631\u0646\u062c \u06f7\u06f5 \u06af\u0631\u0645\u06cc \u0627\u0646\u062c\u0645\u0646 Informaci\u00f3n del producto: C\u00e1scara de naranja deshidratada. Muy usado en plato de arroz y guisos, como Morasa Polo. Aporta a tus platos un olor \u00fanico y sensacional. Usos: Recetas, ensaladas, todo tipo de verduras, platos fr\u00edos y calientes. Ingredientes y al\u00e9rgenos: Piel de naranja. Condiciones de conservaci\u00f3n: Conservar en un&hellip;","brands":[{"id":42,"name":"Anjoman","slug":"anjoman"}],"_links":{"self":[{"href":"https:\/\/deliciaspersas.com\/fa\/wp-json\/wp\/v2\/product\/6752"}],"collection":[{"href":"https:\/\/deliciaspersas.com\/fa\/wp-json\/wp\/v2\/product"}],"about":[{"href":"https:\/\/deliciaspersas.com\/fa\/wp-json\/wp\/v2\/types\/product"}],"wp:featuredmedia":[{"embeddable":true,"href":"https:\/\/deliciaspersas.com\/fa\/wp-json\/wp\/v2\/media\/6740"}],"wp:attachment":[{"href":"https:\/\/deliciaspersas.com\/fa\/wp-json\/wp\/v2\/media?parent=6752"}],"wp:term":[{"taxonomy":"pwb-brand","embeddable":true,"href":"https:\/\/deliciaspersas.com\/fa\/wp-json\/wp\/v2\/pwb-brand?post=6752"},{"taxonomy":"product_cat","embeddable":true,"href":"https:\/\/deliciaspersas.com\/fa\/wp-json\/wp\/v2\/product_cat?post=6752"},{"taxonomy":"product_tag","embeddable":true,"href":"https:\/\/deliciaspersas.com\/fa\/wp-json\/wp\/v2\/product_tag?post=6752"}],"curies":[{"name":"wp","href":"https:\/\/api.w.org\/{rel}","templated":true}]}}