{"id":6754,"date":"2020-12-23T10:40:01","date_gmt":"2020-12-23T09:40:01","guid":{"rendered":"https:\/\/deliciaspersas.com\/tienda\/\u0628\u062f\u0648\u0646%20\u062f\u0633\u062a\u0647\u200c\u0628\u0646\u062f\u06cc\/%d9%85%d8%b1%d8%a8%d8%a7%db%8c-%d8%a8%d8%a7%d9%84%d9%86%da%af-%db%b2%db%b0%db%b0-%da%af%d8%b1%d9%85%db%8c-%d8%b2%d8%b4%da%a9\/"},"modified":"2022-03-07T10:11:49","modified_gmt":"2022-03-07T09:11:49","slug":"mermelada-de-bergamota-balang-200ml-zoshk-2","status":"publish","type":"product","link":"https:\/\/deliciaspersas.com\/fa\/tienda\/sin-categorizar\/mermelada-de-bergamota-balang-200ml-zoshk-2\/","title":{"rendered":"\u0645\u0631\u0628\u0627\u06cc \u0628\u0627\u0644\u0646\u06af \u06f2\u06f0\u06f0 \u06af\u0631\u0645\u06cc \u0632\u0634\u06a9"},"content":{"rendered":"<h1>\u0645\u0631\u0628\u0627\u06cc \u0628\u0627\u0644\u0646\u06af \u06f2\u06f0\u06f0 \u06af\u0631\u0645\u06cc \u0632\u0634\u06a9<\/h1>\n<h6>Informaci\u00f3n del producto:<\/h6>\n<p>Mermelada de bergamota: La bergamota es un fruto muy parecido a un lim\u00f3n, pero con un color m\u00e1s amarillo. Una de las caracter\u00edsticas m\u00e1s peculiares de esta fruta es que no se ingiere como el resto de los alimentos, sino que su uso est\u00e1 m\u00e1s relacionado con los tratamientos medicinales, cosm\u00e9ticos y la aromaterapia.<\/p>\n<p>Este fruto no es muy popular en las recetas de cocina porque su sabor tiende a ser amargo y \u00e1cido, pero se usa con frecuencia en aceites y ralladuras para la elaboraci\u00f3n de algunos pestos, mermeladas y alm\u00edbares. La bergamota contiene importantes beneficios para la salud como vitamina C, A, calcio, hierro y f\u00f3sforo, propiedades que se utilizan para combatir distintos problemas.<\/p>\n<h6>Usos:<\/h6>\n<p>Desayunos y meriendas.<\/p>\n<h6>Beneficios:<\/h6>\n<p>Durante a\u00f1os los italianos han usado la Bergamota para muchos prop\u00f3sitos: para rejuvenecer la piel, reducir la sensaci\u00f3n de estr\u00e9s y m\u00e1s. Existen muchas caracter\u00edsticas \u00fanicas de la Bergamota que lo distinguen de otros aceites c\u00edtricos, incluida la exclusividad de su cultivo, el hecho de que es una fruta amarga que produce aceite dulce y su capacidad para crear un ambiente estimulante y relajante, solo para nombrar unos pocos. Com\u00fanmente usado para calmar la piel, en masajes, y para purificar y elevar el estado de \u00e1nimo. Tiene un poder refrescante, es una aut\u00e9ntica delicia solo o combinado con otros c\u00edtricos.<\/p>\n<p>Se combina muy bien con el chocolate por lo que hace que recetas de postres tradicionales adquieran un nuevo protagonismo.<\/p>\n<p>La fruta en si tiene beneficios calmantes por lo que genera tranquilidad, serenidad y tambi\u00e9n es un purificador para la piel y tambi\u00e9n ayuda a prepararse para una noche de descanso.<\/p>\n<p>&nbsp;<\/p>\n<p>Independientemente del estado de \u00e1nimo en que se encuentra, Bergamota puede ayudarle a promover sentimientos edificantes, relajantes y de confianza.<\/p>\n<h6>Ingredientes y al\u00e9rgenos:<\/h6>\n<p>Aditivos, conservantes y exprimido de bergamota.<\/p>\n<h6>Condiciones de conservaci\u00f3n:<\/h6>\n<p>Conservar en un lugar fresco, seco y protegido de la luz.<\/p>\n<h6>Informaci\u00f3n adicional:<\/h6>\n<p>Fabricado por: Donya<\/p>\n","protected":false},"excerpt":{"rendered":"<p>\u0645\u0631\u0628\u0627\u06cc \u0628\u0627\u0644\u0646\u06af \u06f2\u06f0\u06f0 \u06af\u0631\u0645\u06cc \u0632\u0634\u06a9 Informaci\u00f3n del producto: Mermelada de bergamota: La bergamota es un fruto muy parecido a un lim\u00f3n, pero con un color m\u00e1s amarillo. Una de las caracter\u00edsticas m\u00e1s peculiares de esta fruta es que no se ingiere como el resto de los alimentos, sino que su uso est\u00e1 m\u00e1s relacionado con [&hellip;]<\/p>\n","protected":false},"featured_media":17344,"template":"","meta":{"_surecart_dashboard_logo_width":"180px","_surecart_dashboard_show_logo":true,"_surecart_dashboard_navigation_orders":true,"_surecart_dashboard_navigation_invoices":true,"_surecart_dashboard_navigation_subscriptions":true,"_surecart_dashboard_navigation_downloads":true,"_surecart_dashboard_navigation_billing":true,"_surecart_dashboard_navigation_account":true,"_uag_custom_page_level_css":"","site-sidebar-layout":"default","site-content-layout":"default","ast-site-content-layout":"default","site-content-style":"default","site-sidebar-style":"default","ast-global-header-display":"","ast-banner-title-visibility":"","ast-main-header-display":"","ast-hfb-above-header-display":"","ast-hfb-below-header-display":"","ast-hfb-mobile-header-display":"","site-post-title":"","ast-breadcrumbs-content":"","ast-featured-img":"","footer-sml-layout":"","theme-transparent-header-meta":"default","adv-header-id-meta":"","stick-header-meta":"","header-above-stick-meta":"","header-main-stick-meta":"","header-below-stick-meta":"","astra-migrate-meta-layouts":"default","ast-page-background-enabled":"default","ast-page-background-meta":{"desktop":{"background-color":"","background-image":"","background-repeat":"repeat","background-position":"center center","background-size":"auto","background-attachment":"scroll","background-type":"","background-media":"","overlay-type":"","overlay-color":"","overlay-opacity":"","overlay-gradient":""},"tablet":{"background-color":"","background-image":"","background-repeat":"repeat","background-position":"center center","background-size":"auto","background-attachment":"scroll","background-type":"","background-media":"","overlay-type":"","overlay-color":"","overlay-opacity":"","overlay-gradient":""},"mobile":{"background-color":"","background-image":"","background-repeat":"repeat","background-position":"center center","background-size":"auto","background-attachment":"scroll","background-type":"","background-media":"","overlay-type":"","overlay-color":"","overlay-opacity":"","overlay-gradient":""}},"ast-content-background-meta":{"desktop":{"background-color":"var(--ast-global-color-5)","background-image":"","background-repeat":"repeat","background-position":"center center","background-size":"auto","background-attachment":"scroll","background-type":"","background-media":"","overlay-type":"","overlay-color":"","overlay-opacity":"","overlay-gradient":""},"tablet":{"background-color":"var(--ast-global-color-5)","background-image":"","background-repeat":"repeat","background-position":"center center","background-size":"auto","background-attachment":"scroll","background-type":"","background-media":"","overlay-type":"","overlay-color":"","overlay-opacity":"","overlay-gradient":""},"mobile":{"background-color":"var(--ast-global-color-5)","background-image":"","background-repeat":"repeat","background-position":"center center","background-size":"auto","background-attachment":"scroll","background-type":"","background-media":"","overlay-type":"","overlay-color":"","overlay-opacity":"","overlay-gradient":""}}},"pwb-brand":[182],"product_cat":[15],"product_tag":[],"class_list":{"0":"post-6754","1":"product","2":"type-product","3":"status-publish","4":"has-post-thumbnail","6":"pwb-brand-majid","7":"product_cat-sin-categorizar","8":"desktop-align-center","9":"tablet-align-center","10":"mobile-align-center","12":"first","13":"instock","14":"taxable","15":"shipping-taxable","16":"purchasable","17":"product-type-simple"},"yoast_head":"<!-- This site is optimized with the Yoast SEO plugin v23.6 - https:\/\/yoast.com\/wordpress\/plugins\/seo\/ -->\n<title>\u0645\u0631\u0628\u0627\u06cc \u0628\u0627\u0644\u0646\u06af \u06f2\u06f0\u06f0 \u06af\u0631\u0645\u06cc \u0632\u0634\u06a9 - Delicias Persas<\/title>\n<meta name=\"robots\" content=\"index, follow, max-snippet:-1, max-image-preview:large, max-video-preview:-1\" \/>\n<link rel=\"canonical\" href=\"https:\/\/deliciaspersas.com\/fa\/tienda\/sin-categorizar\/mermelada-de-bergamota-balang-200ml-zoshk-2\/\" \/>\n<meta property=\"og:locale\" content=\"fa_IR\" \/>\n<meta property=\"og:type\" content=\"article\" \/>\n<meta property=\"og:title\" content=\"\u0645\u0631\u0628\u0627\u06cc \u0628\u0627\u0644\u0646\u06af \u06f2\u06f0\u06f0 \u06af\u0631\u0645\u06cc \u0632\u0634\u06a9 - Delicias Persas\" \/>\n<meta property=\"og:description\" content=\"\u0645\u0631\u0628\u0627\u06cc \u0628\u0627\u0644\u0646\u06af \u06f2\u06f0\u06f0 \u06af\u0631\u0645\u06cc \u0632\u0634\u06a9 Informaci\u00f3n del producto: Mermelada de bergamota: La bergamota es un fruto muy parecido a un lim\u00f3n, pero con un color m\u00e1s amarillo. Una de las caracter\u00edsticas m\u00e1s peculiares de esta fruta es que no se ingiere como el resto de los alimentos, sino que su uso est\u00e1 m\u00e1s relacionado con [&hellip;]\" \/>\n<meta property=\"og:url\" content=\"https:\/\/deliciaspersas.com\/fa\/tienda\/sin-categorizar\/mermelada-de-bergamota-balang-200ml-zoshk-2\/\" \/>\n<meta property=\"og:site_name\" content=\"Delicias Persas\" \/>\n<meta property=\"article:publisher\" content=\"https:\/\/www.facebook.com\/Deliciaspersas\" \/>\n<meta property=\"article:modified_time\" content=\"2022-03-07T09:11:49+00:00\" \/>\n<meta property=\"og:image\" content=\"https:\/\/deliciaspersas.com\/wp-content\/uploads\/Mermelada-de-bergamonto.jpg\" \/>\n\t<meta property=\"og:image:width\" content=\"288\" \/>\n\t<meta property=\"og:image:height\" content=\"400\" \/>\n\t<meta property=\"og:image:type\" content=\"image\/jpeg\" \/>\n<meta name=\"twitter:card\" content=\"summary_large_image\" \/>\n<meta name=\"twitter:label1\" content=\"\u0632\u0645\u0627\u0646 \u062a\u0642\u0631\u06cc\u0628\u06cc \u0628\u0631\u0627\u06cc \u062e\u0648\u0627\u0646\u062f\u0646\" \/>\n\t<meta name=\"twitter:data1\" content=\"2 \u062f\u0642\u06cc\u0642\u0647\" \/>\n<script type=\"application\/ld+json\" class=\"yoast-schema-graph\">{\"@context\":\"https:\/\/schema.org\",\"@graph\":[{\"@type\":\"WebPage\",\"@id\":\"https:\/\/deliciaspersas.com\/fa\/tienda\/sin-categorizar\/mermelada-de-bergamota-balang-200ml-zoshk-2\/\",\"url\":\"https:\/\/deliciaspersas.com\/fa\/tienda\/sin-categorizar\/mermelada-de-bergamota-balang-200ml-zoshk-2\/\",\"name\":\"\u0645\u0631\u0628\u0627\u06cc \u0628\u0627\u0644\u0646\u06af \u06f2\u06f0\u06f0 \u06af\u0631\u0645\u06cc \u0632\u0634\u06a9 - Delicias Persas\",\"isPartOf\":{\"@id\":\"https:\/\/deliciaspersas.com\/fa\/#website\"},\"primaryImageOfPage\":{\"@id\":\"https:\/\/deliciaspersas.com\/fa\/tienda\/sin-categorizar\/mermelada-de-bergamota-balang-200ml-zoshk-2\/#primaryimage\"},\"image\":{\"@id\":\"https:\/\/deliciaspersas.com\/fa\/tienda\/sin-categorizar\/mermelada-de-bergamota-balang-200ml-zoshk-2\/#primaryimage\"},\"thumbnailUrl\":\"https:\/\/deliciaspersas.com\/wp-content\/uploads\/Mermelada-de-bergamonto.jpg\",\"datePublished\":\"2020-12-23T09:40:01+00:00\",\"dateModified\":\"2022-03-07T09:11:49+00:00\",\"breadcrumb\":{\"@id\":\"https:\/\/deliciaspersas.com\/fa\/tienda\/sin-categorizar\/mermelada-de-bergamota-balang-200ml-zoshk-2\/#breadcrumb\"},\"inLanguage\":\"fa-IR\",\"potentialAction\":[{\"@type\":\"ReadAction\",\"target\":[\"https:\/\/deliciaspersas.com\/fa\/tienda\/sin-categorizar\/mermelada-de-bergamota-balang-200ml-zoshk-2\/\"]}]},{\"@type\":\"ImageObject\",\"inLanguage\":\"fa-IR\",\"@id\":\"https:\/\/deliciaspersas.com\/fa\/tienda\/sin-categorizar\/mermelada-de-bergamota-balang-200ml-zoshk-2\/#primaryimage\",\"url\":\"https:\/\/deliciaspersas.com\/wp-content\/uploads\/Mermelada-de-bergamonto.jpg\",\"contentUrl\":\"https:\/\/deliciaspersas.com\/wp-content\/uploads\/Mermelada-de-bergamonto.jpg\",\"width\":288,\"height\":400},{\"@type\":\"BreadcrumbList\",\"@id\":\"https:\/\/deliciaspersas.com\/fa\/tienda\/sin-categorizar\/mermelada-de-bergamota-balang-200ml-zoshk-2\/#breadcrumb\",\"itemListElement\":[{\"@type\":\"ListItem\",\"position\":1,\"name\":\"Portada\",\"item\":\"https:\/\/deliciaspersas.com\/fa\/\"},{\"@type\":\"ListItem\",\"position\":2,\"name\":\"Tienda\",\"item\":\"https:\/\/deliciaspersas.com\/\"},{\"@type\":\"ListItem\",\"position\":3,\"name\":\"\u0645\u0631\u0628\u0627\u06cc \u0628\u0627\u0644\u0646\u06af \u06f2\u06f0\u06f0 \u06af\u0631\u0645\u06cc \u0632\u0634\u06a9\"}]},{\"@type\":\"WebSite\",\"@id\":\"https:\/\/deliciaspersas.com\/fa\/#website\",\"url\":\"https:\/\/deliciaspersas.com\/fa\/\",\"name\":\"Delicias Persas\",\"description\":\"Gastronom&iacute;a persa al alcance de tus manos\",\"publisher\":{\"@id\":\"https:\/\/deliciaspersas.com\/fa\/#organization\"},\"potentialAction\":[{\"@type\":\"SearchAction\",\"target\":{\"@type\":\"EntryPoint\",\"urlTemplate\":\"https:\/\/deliciaspersas.com\/fa\/?s={search_term_string}\"},\"query-input\":{\"@type\":\"PropertyValueSpecification\",\"valueRequired\":true,\"valueName\":\"search_term_string\"}}],\"inLanguage\":\"fa-IR\"},{\"@type\":\"Organization\",\"@id\":\"https:\/\/deliciaspersas.com\/fa\/#organization\",\"name\":\"Delicias Persas\",\"url\":\"https:\/\/deliciaspersas.com\/fa\/\",\"logo\":{\"@type\":\"ImageObject\",\"inLanguage\":\"fa-IR\",\"@id\":\"https:\/\/deliciaspersas.com\/fa\/#\/schema\/logo\/image\/\",\"url\":\"https:\/\/deliciaspersas.com\/wp-content\/uploads\/2020\/07\/logo-2020.png\",\"contentUrl\":\"https:\/\/deliciaspersas.com\/wp-content\/uploads\/2020\/07\/logo-2020.png\",\"width\":520,\"height\":490,\"caption\":\"Delicias Persas\"},\"image\":{\"@id\":\"https:\/\/deliciaspersas.com\/fa\/#\/schema\/logo\/image\/\"},\"sameAs\":[\"https:\/\/www.facebook.com\/Deliciaspersas\",\"https:\/\/www.instagram.com\/delicias_persas\/\",\"https:\/\/www.linkedin.com\/delicias-persas\"]}]}<\/script>\n<!-- \/ Yoast SEO plugin. -->","yoast_head_json":{"title":"\u0645\u0631\u0628\u0627\u06cc \u0628\u0627\u0644\u0646\u06af \u06f2\u06f0\u06f0 \u06af\u0631\u0645\u06cc \u0632\u0634\u06a9 - Delicias Persas","robots":{"index":"index","follow":"follow","max-snippet":"max-snippet:-1","max-image-preview":"max-image-preview:large","max-video-preview":"max-video-preview:-1"},"canonical":"https:\/\/deliciaspersas.com\/fa\/tienda\/sin-categorizar\/mermelada-de-bergamota-balang-200ml-zoshk-2\/","og_locale":"fa_IR","og_type":"article","og_title":"\u0645\u0631\u0628\u0627\u06cc \u0628\u0627\u0644\u0646\u06af \u06f2\u06f0\u06f0 \u06af\u0631\u0645\u06cc \u0632\u0634\u06a9 - Delicias Persas","og_description":"\u0645\u0631\u0628\u0627\u06cc \u0628\u0627\u0644\u0646\u06af \u06f2\u06f0\u06f0 \u06af\u0631\u0645\u06cc \u0632\u0634\u06a9 Informaci\u00f3n del producto: Mermelada de bergamota: La bergamota es un fruto muy parecido a un lim\u00f3n, pero con un color m\u00e1s amarillo. Una de las caracter\u00edsticas m\u00e1s peculiares de esta fruta es que no se ingiere como el resto de los alimentos, sino que su uso est\u00e1 m\u00e1s relacionado con [&hellip;]","og_url":"https:\/\/deliciaspersas.com\/fa\/tienda\/sin-categorizar\/mermelada-de-bergamota-balang-200ml-zoshk-2\/","og_site_name":"Delicias Persas","article_publisher":"https:\/\/www.facebook.com\/Deliciaspersas","article_modified_time":"2022-03-07T09:11:49+00:00","og_image":[{"width":288,"height":400,"url":"https:\/\/deliciaspersas.com\/wp-content\/uploads\/Mermelada-de-bergamonto.jpg","type":"image\/jpeg"}],"twitter_card":"summary_large_image","twitter_misc":{"\u0632\u0645\u0627\u0646 \u062a\u0642\u0631\u06cc\u0628\u06cc \u0628\u0631\u0627\u06cc \u062e\u0648\u0627\u0646\u062f\u0646":"2 \u062f\u0642\u06cc\u0642\u0647"},"schema":{"@context":"https:\/\/schema.org","@graph":[{"@type":"WebPage","@id":"https:\/\/deliciaspersas.com\/fa\/tienda\/sin-categorizar\/mermelada-de-bergamota-balang-200ml-zoshk-2\/","url":"https:\/\/deliciaspersas.com\/fa\/tienda\/sin-categorizar\/mermelada-de-bergamota-balang-200ml-zoshk-2\/","name":"\u0645\u0631\u0628\u0627\u06cc \u0628\u0627\u0644\u0646\u06af \u06f2\u06f0\u06f0 \u06af\u0631\u0645\u06cc \u0632\u0634\u06a9 - Delicias Persas","isPartOf":{"@id":"https:\/\/deliciaspersas.com\/fa\/#website"},"primaryImageOfPage":{"@id":"https:\/\/deliciaspersas.com\/fa\/tienda\/sin-categorizar\/mermelada-de-bergamota-balang-200ml-zoshk-2\/#primaryimage"},"image":{"@id":"https:\/\/deliciaspersas.com\/fa\/tienda\/sin-categorizar\/mermelada-de-bergamota-balang-200ml-zoshk-2\/#primaryimage"},"thumbnailUrl":"https:\/\/deliciaspersas.com\/wp-content\/uploads\/Mermelada-de-bergamonto.jpg","datePublished":"2020-12-23T09:40:01+00:00","dateModified":"2022-03-07T09:11:49+00:00","breadcrumb":{"@id":"https:\/\/deliciaspersas.com\/fa\/tienda\/sin-categorizar\/mermelada-de-bergamota-balang-200ml-zoshk-2\/#breadcrumb"},"inLanguage":"fa-IR","potentialAction":[{"@type":"ReadAction","target":["https:\/\/deliciaspersas.com\/fa\/tienda\/sin-categorizar\/mermelada-de-bergamota-balang-200ml-zoshk-2\/"]}]},{"@type":"ImageObject","inLanguage":"fa-IR","@id":"https:\/\/deliciaspersas.com\/fa\/tienda\/sin-categorizar\/mermelada-de-bergamota-balang-200ml-zoshk-2\/#primaryimage","url":"https:\/\/deliciaspersas.com\/wp-content\/uploads\/Mermelada-de-bergamonto.jpg","contentUrl":"https:\/\/deliciaspersas.com\/wp-content\/uploads\/Mermelada-de-bergamonto.jpg","width":288,"height":400},{"@type":"BreadcrumbList","@id":"https:\/\/deliciaspersas.com\/fa\/tienda\/sin-categorizar\/mermelada-de-bergamota-balang-200ml-zoshk-2\/#breadcrumb","itemListElement":[{"@type":"ListItem","position":1,"name":"Portada","item":"https:\/\/deliciaspersas.com\/fa\/"},{"@type":"ListItem","position":2,"name":"Tienda","item":"https:\/\/deliciaspersas.com\/"},{"@type":"ListItem","position":3,"name":"\u0645\u0631\u0628\u0627\u06cc \u0628\u0627\u0644\u0646\u06af \u06f2\u06f0\u06f0 \u06af\u0631\u0645\u06cc \u0632\u0634\u06a9"}]},{"@type":"WebSite","@id":"https:\/\/deliciaspersas.com\/fa\/#website","url":"https:\/\/deliciaspersas.com\/fa\/","name":"Delicias Persas","description":"Gastronom&iacute;a persa al alcance de tus manos","publisher":{"@id":"https:\/\/deliciaspersas.com\/fa\/#organization"},"potentialAction":[{"@type":"SearchAction","target":{"@type":"EntryPoint","urlTemplate":"https:\/\/deliciaspersas.com\/fa\/?s={search_term_string}"},"query-input":{"@type":"PropertyValueSpecification","valueRequired":true,"valueName":"search_term_string"}}],"inLanguage":"fa-IR"},{"@type":"Organization","@id":"https:\/\/deliciaspersas.com\/fa\/#organization","name":"Delicias Persas","url":"https:\/\/deliciaspersas.com\/fa\/","logo":{"@type":"ImageObject","inLanguage":"fa-IR","@id":"https:\/\/deliciaspersas.com\/fa\/#\/schema\/logo\/image\/","url":"https:\/\/deliciaspersas.com\/wp-content\/uploads\/2020\/07\/logo-2020.png","contentUrl":"https:\/\/deliciaspersas.com\/wp-content\/uploads\/2020\/07\/logo-2020.png","width":520,"height":490,"caption":"Delicias Persas"},"image":{"@id":"https:\/\/deliciaspersas.com\/fa\/#\/schema\/logo\/image\/"},"sameAs":["https:\/\/www.facebook.com\/Deliciaspersas","https:\/\/www.instagram.com\/delicias_persas\/","https:\/\/www.linkedin.com\/delicias-persas"]}]}},"uagb_featured_image_src":{"full":["https:\/\/deliciaspersas.com\/wp-content\/uploads\/Mermelada-de-bergamonto.jpg",288,400,false],"thumbnail":["https:\/\/deliciaspersas.com\/wp-content\/uploads\/Mermelada-de-bergamonto-150x150.jpg",150,150,true],"medium":["https:\/\/deliciaspersas.com\/wp-content\/uploads\/Mermelada-de-bergamonto-216x300.jpg",216,300,true],"medium_large":["https:\/\/deliciaspersas.com\/wp-content\/uploads\/Mermelada-de-bergamonto.jpg",288,400,false],"large":["https:\/\/deliciaspersas.com\/wp-content\/uploads\/Mermelada-de-bergamonto.jpg",288,400,false],"1536x1536":["https:\/\/deliciaspersas.com\/wp-content\/uploads\/Mermelada-de-bergamonto.jpg",288,400,false],"2048x2048":["https:\/\/deliciaspersas.com\/wp-content\/uploads\/Mermelada-de-bergamonto.jpg",288,400,false],"woocommerce_thumbnail":["https:\/\/deliciaspersas.com\/wp-content\/uploads\/Mermelada-de-bergamonto-288x300.jpg",288,300,true],"woocommerce_single":["https:\/\/deliciaspersas.com\/wp-content\/uploads\/Mermelada-de-bergamonto.jpg",288,400,false],"woocommerce_gallery_thumbnail":["https:\/\/deliciaspersas.com\/wp-content\/uploads\/Mermelada-de-bergamonto-100x100.jpg",100,100,true]},"uagb_author_info":{"display_name":"admin","author_link":"https:\/\/deliciaspersas.com\/fa\/author\/"},"uagb_comment_info":0,"uagb_excerpt":"\u0645\u0631\u0628\u0627\u06cc \u0628\u0627\u0644\u0646\u06af \u06f2\u06f0\u06f0 \u06af\u0631\u0645\u06cc \u0632\u0634\u06a9 Informaci\u00f3n del producto: Mermelada de bergamota: La bergamota es un fruto muy parecido a un lim\u00f3n, pero con un color m\u00e1s amarillo. Una de las caracter\u00edsticas m\u00e1s peculiares de esta fruta es que no se ingiere como el resto de los alimentos, sino que su uso est\u00e1 m\u00e1s relacionado con&hellip;","brands":[{"id":182,"name":"Majid","slug":"majid"}],"_links":{"self":[{"href":"https:\/\/deliciaspersas.com\/fa\/wp-json\/wp\/v2\/product\/6754"}],"collection":[{"href":"https:\/\/deliciaspersas.com\/fa\/wp-json\/wp\/v2\/product"}],"about":[{"href":"https:\/\/deliciaspersas.com\/fa\/wp-json\/wp\/v2\/types\/product"}],"wp:featuredmedia":[{"embeddable":true,"href":"https:\/\/deliciaspersas.com\/fa\/wp-json\/wp\/v2\/media\/17344"}],"wp:attachment":[{"href":"https:\/\/deliciaspersas.com\/fa\/wp-json\/wp\/v2\/media?parent=6754"}],"wp:term":[{"taxonomy":"pwb-brand","embeddable":true,"href":"https:\/\/deliciaspersas.com\/fa\/wp-json\/wp\/v2\/pwb-brand?post=6754"},{"taxonomy":"product_cat","embeddable":true,"href":"https:\/\/deliciaspersas.com\/fa\/wp-json\/wp\/v2\/product_cat?post=6754"},{"taxonomy":"product_tag","embeddable":true,"href":"https:\/\/deliciaspersas.com\/fa\/wp-json\/wp\/v2\/product_tag?post=6754"}],"curies":[{"name":"wp","href":"https:\/\/api.w.org\/{rel}","templated":true}]}}