{"id":6757,"date":"2020-12-22T10:19:37","date_gmt":"2020-12-22T09:19:37","guid":{"rendered":"https:\/\/deliciaspersas.com\/tienda\/\u0628\u062f\u0648\u0646%20\u062f\u0633\u062a\u0647\u200c\u0628\u0646\u062f\u06cc\/%da%86%d8%a7%db%8c-%d9%85%d8%ae%d9%84%d9%88%d8%b7-%d9%85%d8%ae%d8%b5%d9%88%d8%b5-%db%b1%db%b0%db%b0-%d8%b9%d8%af%d8%af%db%8c-%d8%a7%d8%ad%d9%85%d8%af\/"},"modified":"2024-08-03T10:54:08","modified_gmt":"2024-08-03T08:54:08","slug":"te-special-blend-100-unidades-ahmad-tea-2","status":"publish","type":"product","link":"https:\/\/deliciaspersas.com\/fa\/tienda\/%da%86%d8%a7%db%8c\/te-special-blend-100-unidades-ahmad-tea-2\/","title":{"rendered":"\u0686\u0627\u06cc \u0645\u062e\u0644\u0648\u0637 \u0645\u062e\u0635\u0648\u0635 \u06f1\u06f0\u06f0 \u0639\u062f\u062f\u06cc \u0627\u062d\u0645\u062f"},"content":{"rendered":"<h1>\u0686\u0627\u06cc \u0645\u062e\u0644\u0648\u0637 \u0645\u062e\u0635\u0648\u0635 \u06f1\u06f0\u06f0 \u0639\u062f\u062f\u06cc \u0627\u062d\u0645\u062f<\/h1>\n<h6>Informaci\u00f3n del producto:<\/h6>\n<p>  \u0627\u06cc\u0646 \u0628\u0647 \u06a9\u0627\u0647\u0634 \u06a9\u0644\u0633\u062a\u0631\u0648\u0644 \u06a9\u0645\u06a9 \u0645\u06cc \u06a9\u0646\u062f\u060c \u0645\u0635\u0631\u0641 \u0622\u0646 \u0642\u0628\u0644 \u0627\u0632 \u063a\u0630\u0627 \u0627\u06cc\u062f\u0647 \u0622\u0644 \u0627\u0633\u062a\u060c \u0632\u06cc\u0631\u0627 \u0633\u06cc\u0633\u062a\u0645 \u06af\u0648\u0627\u0631\u0634 \u0631\u0627 \u0628\u0631\u0627\u06cc \u0639\u0645\u0644\u06a9\u0631\u062f \u0635\u062d\u06cc\u062d \u0622\u0645\u0627\u062f\u0647 \u0645\u06cc \u06a9\u0646\u062f\u060c \u0628\u0647 \u0633\u0627\u0644\u0645 \u0646\u06af\u0647 \u062f\u0627\u0634\u062a\u0646 \u0631\u06af \u0647\u0627 \u06a9\u0645\u06a9 \u0645\u06cc \u06a9\u0646\u062f \u0648 \u0645\u06cc \u062a\u0648\u0627\u0646\u062f \u0627\u0632 \u0628\u06cc\u0645\u0627\u0631\u06cc \u0647\u0627\u06cc \u0642\u0644\u0628\u06cc \u062c\u0644\u0648\u06af\u06cc\u0631\u06cc \u06a9\u0646\u062f\u060c \u0627\u0632 \u0633\u06cc\u0633\u062a\u0645 \u0627\u06cc\u0645\u0646\u06cc \u0645\u062d\u0627\u0641\u0638\u062a \u0645\u06cc \u06a9\u0646\u062f \u0648 \u0628\u0647 \u0645\u0628\u0627\u0631\u0632\u0647 \u0628\u0627 \u0639\u0641\u0648\u0646\u062a \u0647\u0627 \u06a9\u0645\u06a9 \u0645\u06cc \u06a9\u0646\u062f\u060c \u0632\u06cc\u0631\u0627 \u062d\u0627\u0648\u06cc \u0641\u0644\u0648\u0631\u0627\u06cc\u062f \u0627\u0633\u062a. \u067e\u06cc\u0634\u06af\u06cc\u0631\u06cc \u0627\u0632 \u062d\u0641\u0631\u0647 \u0647\u0627 \u0648 \u0628\u06cc\u0645\u0627\u0631\u06cc \u0647\u0627\u06cc \u062f\u0647\u0627\u0646\u060c \u06a9\u0627\u0647\u0634 \u0633\u0637\u062d \u0642\u0646\u062f \u062e\u0648\u0646\u060c \u06a9\u0645\u06a9 \u0628\u0647 \u06a9\u0627\u0647\u0634 \u0627\u0633\u062a\u0631\u0633\u060c \u06a9\u0645\u06a9 \u0628\u0647 \u06a9\u0646\u062a\u0631\u0644 \u0641\u0634\u0627\u0631 \u062e\u0648\u0646\u060c \u0641\u0639\u0627\u0644 \u06a9\u0631\u062f\u0646 \u0630\u0647\u0646\u060c \u0628\u0647\u0628\u0648\u062f \u062a\u0645\u0631\u06a9\u0632 \u0648 \u062a\u0642\u0648\u06cc\u062a \u062d\u0627\u0641\u0638\u0647.  <\/p>\n<h6>Usos:<\/h6>\n<p>  \u0686\u0627\u06cc \u0646\u0648\u0634\u06cc\u062f\u0646\u06cc \u0627\u0633\u062a \u06a9\u0647 \u0627\u0646\u0648\u0627\u0639 \u0648 \u06a9\u0627\u0631\u0628\u0631\u062f\u0647\u0627\u06cc \u0632\u06cc\u0627\u062f\u06cc \u062f\u0627\u0631\u062f. Algunos lo consumen para aliviar un malestar digestivo, mientras que otros lo disfrutan en un descanso. pero a parte de este uso clasico hay quienes lo consumen para \u00a1mejorar su piel! Este t\u00e9 contiene vitamina B2, C y E adem\u00e1s de ofrecer minerales como el magnesio, el potasio y el zinc. otro uso de este producto podr\u00eda ser para prevenir infecciones, gracias a las catequinas y los flovonoides de t\u00e9 negro, se reduce la capacidad de reproducci\u00f3n de los microbios. \u0628\u0631\u0627\u06cc \u0627\u06cc\u0646\u06a9\u0647 \u0628\u062a\u0648\u0627\u0646\u06cc\u062f \u0627\u0632 \u0622\u0646 \u0628\u0631\u0627\u06cc \u0627\u06cc\u0646 \u0645\u0646\u0638\u0648\u0631 \u0627\u0633\u062a\u0641\u0627\u062f\u0647 \u06a9\u0646\u06cc\u062f\u060c \u06cc\u06a9 \u062f\u0633\u062a\u0648\u0631 \u0627\u0644\u0639\u0645\u0644 \u0645\u0648\u062b\u0631 \u0631\u0627 \u0628\u0647 \u0634\u0645\u0627 \u067e\u06cc\u0634\u0646\u0647\u0627\u062f \u0645\u06cc \u06a9\u0646\u06cc\u0645: <strong>\u0645\u0648\u0627\u062f \u0644\u0627\u0632\u0645:<\/strong><\/p>\n<ul>\n<li>\u00bc taza de t\u00e9 negro fr\u00edo (62,5 mililitros).<\/li>\n<li>\u00bc taza de agua de rosas fr\u00eda (62,5 mililitros).<\/li>\n<li>1 botella de pl\u00e1stico con atomizador.<\/li>\n<\/ul>\n<p>  \u0627\u06cc\u0646 \u062f\u0648 \u0645\u0627\u062f\u0647 \u0631\u0627 \u0628\u0627 \u0647\u0645 \u0645\u062e\u0644\u0648\u0637 \u06a9\u0631\u062f\u0647 \u0648 \u062f\u0631 \u0628\u0637\u0631\u06cc \u0646\u06af\u0647\u062f\u0627\u0631\u06cc \u06a9\u0646\u06cc\u062f. \u0627\u06cc\u0646 \u062a\u0648\u0646\u0631 \u0631\u0627 \u0628\u0631\u0627\u06cc \u067e\u0627\u06a9\u0633\u0627\u0632\u06cc \u0635\u0648\u0631\u062a \u062e\u0648\u062f \u062a\u0627 \u062f\u0648 \u0628\u0627\u0631 \u062f\u0631 \u0631\u0648\u0632 \u0627\u0633\u062a\u0641\u0627\u062f\u0647 \u06a9\u0646\u06cc\u062f.  <\/p>\n<h6>Preparaci\u00f3n:<\/h6>\n<p>  \u0686\u0627\u06cc \u0633\u06cc\u0627\u0647 \u0645\u0627\u0646\u0646\u062f \u0633\u0627\u06cc\u0631 \u0639\u0631\u0642\u06cc\u0627\u062a \u062a\u0647\u06cc\u0647 \u0645\u06cc \u0634\u0648\u062f. \u0648\u0642\u062a\u06cc \u0628\u0631\u06af \u0647\u0627 \u0631\u0627 \u0627\u0636\u0627\u0641\u0647 \u06a9\u0631\u062f\u06cc\u062f\u060c \u0628\u0627\u06cc\u062f \u0628\u0639\u062f \u0627\u0632 \u0686\u0646\u062f \u062f\u0642\u06cc\u0642\u0647 \u0622\u0646\u0647\u0627 \u0631\u0627 \u0628\u0631\u062f\u0627\u0631\u06cc\u062f.  <\/p>\n<ul>\n<li>1 cucharadita de t\u00e9 negro seco (5 gramos).<\/li>\n<li>1 taza de agua hirviendo (250 mililitros).<\/li>\n<\/ul>\n<p>  \u0686\u0627\u06cc \u0631\u0627 \u0628\u0647 \u0622\u0628 \u0627\u0636\u0627\u0641\u0647 \u06a9\u0646\u06cc\u062f \u0648 \u06a9\u0645\u06cc \u0647\u0645 \u0628\u0632\u0646\u06cc\u062f. Deja reposar por seis minutos (con tapa). Cuela y sirve. \u0628\u0647\u0631\u0647 \u0628\u0631\u062f\u0646!  <\/p>\n<h6>Ingredientes y al\u00e9rgenos:<\/h6>\n<p>  \u0628\u0631\u06af \u0647\u0627\u06cc \u062e\u0634\u06a9 \u0686\u0627\u06cc.  <\/p>\n<h6>Condiciones de conservaci\u00f3n:<\/h6>\n<p>  \u062f\u0631 \u062c\u0627\u06cc \u062e\u0634\u06a9 \u0648 \u062e\u0646\u06a9 \u0648 \u062f\u0648\u0631 \u0627\u0632 \u0646\u0648\u0631 \u0646\u06af\u0647\u062f\u0627\u0631\u06cc \u0634\u0648\u062f.  <\/p>\n<h6>Informaci\u00f3n adicional:<\/h6>\n<p>  \u062a\u0648\u0644\u06cc\u062f \u06a9\u0646\u0646\u062f\u0647: Ahmad Tea Ltd. Winchester Road Chandlers Ford Hampshire SO53 2PZ<\/p>\n","protected":false},"excerpt":{"rendered":"<p>\u0686\u0627\u06cc \u0645\u062e\u0644\u0648\u0637 \u0645\u062e\u0635\u0648\u0635 \u06f1\u06f0\u06f0 \u0639\u062f\u062f\u06cc \u0627\u062d\u0645\u062f Informaci\u00f3n del producto: \u0627\u06cc\u0646 \u0628\u0647 \u06a9\u0627\u0647\u0634 \u06a9\u0644\u0633\u062a\u0631\u0648\u0644 \u06a9\u0645\u06a9 \u0645\u06cc \u06a9\u0646\u062f\u060c \u0645\u0635\u0631\u0641 \u0622\u0646 \u0642\u0628\u0644 \u0627\u0632 \u063a\u0630\u0627 \u0627\u06cc\u062f\u0647 \u0622\u0644 \u0627\u0633\u062a\u060c \u0632\u06cc\u0631\u0627 \u0633\u06cc\u0633\u062a\u0645 \u06af\u0648\u0627\u0631\u0634 \u0631\u0627 \u0628\u0631\u0627\u06cc \u0639\u0645\u0644\u06a9\u0631\u062f \u0635\u062d\u06cc\u062d \u0622\u0645\u0627\u062f\u0647 \u0645\u06cc \u06a9\u0646\u062f\u060c \u0628\u0647 \u0633\u0627\u0644\u0645 \u0646\u06af\u0647 \u062f\u0627\u0634\u062a\u0646 \u0631\u06af \u0647\u0627 \u06a9\u0645\u06a9 \u0645\u06cc \u06a9\u0646\u062f \u0648 \u0645\u06cc \u062a\u0648\u0627\u0646\u062f \u0627\u0632 \u0628\u06cc\u0645\u0627\u0631\u06cc \u0647\u0627\u06cc \u0642\u0644\u0628\u06cc \u062c\u0644\u0648\u06af\u06cc\u0631\u06cc \u06a9\u0646\u062f\u060c \u0627\u0632 \u0633\u06cc\u0633\u062a\u0645 \u0627\u06cc\u0645\u0646\u06cc [&hellip;]<\/p>\n","protected":false},"featured_media":6758,"template":"","meta":{"_surecart_dashboard_logo_width":"180px","_surecart_dashboard_show_logo":true,"_surecart_dashboard_navigation_orders":true,"_surecart_dashboard_navigation_invoices":true,"_surecart_dashboard_navigation_subscriptions":true,"_surecart_dashboard_navigation_downloads":true,"_surecart_dashboard_navigation_billing":true,"_surecart_dashboard_navigation_account":true,"_uag_custom_page_level_css":"","site-sidebar-layout":"default","site-content-layout":"default","ast-site-content-layout":"default","site-content-style":"default","site-sidebar-style":"default","ast-global-header-display":"","ast-banner-title-visibility":"","ast-main-header-display":"","ast-hfb-above-header-display":"","ast-hfb-below-header-display":"","ast-hfb-mobile-header-display":"","site-post-title":"","ast-breadcrumbs-content":"","ast-featured-img":"","footer-sml-layout":"","theme-transparent-header-meta":"default","adv-header-id-meta":"","stick-header-meta":"","header-above-stick-meta":"","header-main-stick-meta":"","header-below-stick-meta":"","astra-migrate-meta-layouts":"default","ast-page-background-enabled":"default","ast-page-background-meta":{"desktop":{"background-color":"","background-image":"","background-repeat":"repeat","background-position":"center center","background-size":"auto","background-attachment":"scroll","background-type":"","background-media":"","overlay-type":"","overlay-color":"","overlay-opacity":"","overlay-gradient":""},"tablet":{"background-color":"","background-image":"","background-repeat":"repeat","background-position":"center center","background-size":"auto","background-attachment":"scroll","background-type":"","background-media":"","overlay-type":"","overlay-color":"","overlay-opacity":"","overlay-gradient":""},"mobile":{"background-color":"","background-image":"","background-repeat":"repeat","background-position":"center center","background-size":"auto","background-attachment":"scroll","background-type":"","background-media":"","overlay-type":"","overlay-color":"","overlay-opacity":"","overlay-gradient":""}},"ast-content-background-meta":{"desktop":{"background-color":"var(--ast-global-color-5)","background-image":"","background-repeat":"repeat","background-position":"center center","background-size":"auto","background-attachment":"scroll","background-type":"","background-media":"","overlay-type":"","overlay-color":"","overlay-opacity":"","overlay-gradient":""},"tablet":{"background-color":"var(--ast-global-color-5)","background-image":"","background-repeat":"repeat","background-position":"center center","background-size":"auto","background-attachment":"scroll","background-type":"","background-media":"","overlay-type":"","overlay-color":"","overlay-opacity":"","overlay-gradient":""},"mobile":{"background-color":"var(--ast-global-color-5)","background-image":"","background-repeat":"repeat","background-position":"center center","background-size":"auto","background-attachment":"scroll","background-type":"","background-media":"","overlay-type":"","overlay-color":"","overlay-opacity":"","overlay-gradient":""}}},"pwb-brand":[43],"product_cat":[1475],"product_tag":[1480,1477,1481,1479,1476,1478],"class_list":{"0":"post-6757","1":"product","2":"type-product","3":"status-publish","4":"has-post-thumbnail","6":"pwb-brand-ahmad","7":"product_cat-1475","8":"product_tag--fa","10":"product_tag--fa-2","11":"product_tag-1479","13":"product_tag-1478","14":"desktop-align-center","15":"tablet-align-center","16":"mobile-align-center","18":"first","19":"instock","20":"taxable","21":"shipping-taxable","22":"purchasable","23":"product-type-simple"},"yoast_head":"<!-- This site is optimized with the Yoast SEO plugin v23.6 - https:\/\/yoast.com\/wordpress\/plugins\/seo\/ -->\n<title>\u0686\u0627\u06cc \u0645\u062e\u0644\u0648\u0637 \u0645\u062e\u0635\u0648\u0635 \u06f1\u06f0\u06f0 \u0639\u062f\u062f\u06cc \u0627\u062d\u0645\u062f - Delicias Persas<\/title>\n<meta name=\"description\" content=\"Te Special Blend Ahmad Tea. Colabora a reducir el estr\u00e9s, activa la mente, permite mejorar la concentraci\u00f3n y favorece a la memoria...\" \/>\n<meta name=\"robots\" content=\"index, follow, max-snippet:-1, max-image-preview:large, max-video-preview:-1\" \/>\n<link rel=\"canonical\" href=\"https:\/\/deliciaspersas.com\/fa\/tienda\/%da%86%d8%a7%db%8c\/te-special-blend-100-unidades-ahmad-tea-2\/\" \/>\n<meta property=\"og:locale\" content=\"fa_IR\" \/>\n<meta property=\"og:type\" content=\"article\" \/>\n<meta property=\"og:title\" content=\"\u0686\u0627\u06cc \u0645\u062e\u0644\u0648\u0637 \u0645\u062e\u0635\u0648\u0635 \u06f1\u06f0\u06f0 \u0639\u062f\u062f\u06cc \u0627\u062d\u0645\u062f - Delicias Persas\" \/>\n<meta property=\"og:description\" content=\"Te Special Blend Ahmad Tea. Colabora a reducir el estr\u00e9s, activa la mente, permite mejorar la concentraci\u00f3n y favorece a la memoria...\" \/>\n<meta property=\"og:url\" content=\"https:\/\/deliciaspersas.com\/fa\/tienda\/%da%86%d8%a7%db%8c\/te-special-blend-100-unidades-ahmad-tea-2\/\" \/>\n<meta property=\"og:site_name\" content=\"Delicias Persas\" \/>\n<meta property=\"article:publisher\" content=\"https:\/\/www.facebook.com\/Deliciaspersas\" \/>\n<meta property=\"article:modified_time\" content=\"2024-08-03T08:54:08+00:00\" \/>\n<meta property=\"og:image\" content=\"https:\/\/deliciaspersas.com\/wp-content\/uploads\/Te\u0301-Special-Blend-100-Unidades-Ahmad-Tea_opt.jpg\" \/>\n\t<meta property=\"og:image:width\" content=\"400\" \/>\n\t<meta property=\"og:image:height\" content=\"400\" \/>\n\t<meta property=\"og:image:type\" content=\"image\/jpeg\" \/>\n<meta name=\"twitter:card\" content=\"summary_large_image\" \/>\n<meta name=\"twitter:label1\" content=\"\u0632\u0645\u0627\u0646 \u062a\u0642\u0631\u06cc\u0628\u06cc \u0628\u0631\u0627\u06cc \u062e\u0648\u0627\u0646\u062f\u0646\" \/>\n\t<meta name=\"twitter:data1\" content=\"1 \u062f\u0642\u06cc\u0642\u0647\" \/>\n<script type=\"application\/ld+json\" class=\"yoast-schema-graph\">{\"@context\":\"https:\/\/schema.org\",\"@graph\":[{\"@type\":\"WebPage\",\"@id\":\"https:\/\/deliciaspersas.com\/fa\/tienda\/%da%86%d8%a7%db%8c\/te-special-blend-100-unidades-ahmad-tea-2\/\",\"url\":\"https:\/\/deliciaspersas.com\/fa\/tienda\/%da%86%d8%a7%db%8c\/te-special-blend-100-unidades-ahmad-tea-2\/\",\"name\":\"\u0686\u0627\u06cc \u0645\u062e\u0644\u0648\u0637 \u0645\u062e\u0635\u0648\u0635 \u06f1\u06f0\u06f0 \u0639\u062f\u062f\u06cc \u0627\u062d\u0645\u062f - Delicias Persas\",\"isPartOf\":{\"@id\":\"https:\/\/deliciaspersas.com\/fa\/#website\"},\"primaryImageOfPage\":{\"@id\":\"https:\/\/deliciaspersas.com\/fa\/tienda\/%da%86%d8%a7%db%8c\/te-special-blend-100-unidades-ahmad-tea-2\/#primaryimage\"},\"image\":{\"@id\":\"https:\/\/deliciaspersas.com\/fa\/tienda\/%da%86%d8%a7%db%8c\/te-special-blend-100-unidades-ahmad-tea-2\/#primaryimage\"},\"thumbnailUrl\":\"https:\/\/deliciaspersas.com\/wp-content\/uploads\/Te\u0301-Special-Blend-100-Unidades-Ahmad-Tea_opt.jpg\",\"datePublished\":\"2020-12-22T09:19:37+00:00\",\"dateModified\":\"2024-08-03T08:54:08+00:00\",\"description\":\"Te Special Blend Ahmad Tea. Colabora a reducir el estr\u00e9s, activa la mente, permite mejorar la concentraci\u00f3n y favorece a la memoria...\",\"breadcrumb\":{\"@id\":\"https:\/\/deliciaspersas.com\/fa\/tienda\/%da%86%d8%a7%db%8c\/te-special-blend-100-unidades-ahmad-tea-2\/#breadcrumb\"},\"inLanguage\":\"fa-IR\",\"potentialAction\":[{\"@type\":\"ReadAction\",\"target\":[\"https:\/\/deliciaspersas.com\/fa\/tienda\/%da%86%d8%a7%db%8c\/te-special-blend-100-unidades-ahmad-tea-2\/\"]}]},{\"@type\":\"ImageObject\",\"inLanguage\":\"fa-IR\",\"@id\":\"https:\/\/deliciaspersas.com\/fa\/tienda\/%da%86%d8%a7%db%8c\/te-special-blend-100-unidades-ahmad-tea-2\/#primaryimage\",\"url\":\"https:\/\/deliciaspersas.com\/wp-content\/uploads\/Te\u0301-Special-Blend-100-Unidades-Ahmad-Tea_opt.jpg\",\"contentUrl\":\"https:\/\/deliciaspersas.com\/wp-content\/uploads\/Te\u0301-Special-Blend-100-Unidades-Ahmad-Tea_opt.jpg\",\"width\":400,\"height\":400,\"caption\":\"\u0686\u0627\u06cc \u0645\u062e\u0644\u0648\u0637 \u0645\u062e\u0635\u0648\u0635 \u06f1\u06f0\u06f0 \u0639\u062f\u062f\u06cc \u0627\u062d\u0645\u062f\"},{\"@type\":\"BreadcrumbList\",\"@id\":\"https:\/\/deliciaspersas.com\/fa\/tienda\/%da%86%d8%a7%db%8c\/te-special-blend-100-unidades-ahmad-tea-2\/#breadcrumb\",\"itemListElement\":[{\"@type\":\"ListItem\",\"position\":1,\"name\":\"Portada\",\"item\":\"https:\/\/deliciaspersas.com\/fa\/\"},{\"@type\":\"ListItem\",\"position\":2,\"name\":\"Tienda\",\"item\":\"https:\/\/deliciaspersas.com\/\"},{\"@type\":\"ListItem\",\"position\":3,\"name\":\"\u0686\u0627\u06cc \u0645\u062e\u0644\u0648\u0637 \u0645\u062e\u0635\u0648\u0635 \u06f1\u06f0\u06f0 \u0639\u062f\u062f\u06cc \u0627\u062d\u0645\u062f\"}]},{\"@type\":\"WebSite\",\"@id\":\"https:\/\/deliciaspersas.com\/fa\/#website\",\"url\":\"https:\/\/deliciaspersas.com\/fa\/\",\"name\":\"Delicias Persas\",\"description\":\"Gastronom&iacute;a persa al alcance de tus manos\",\"publisher\":{\"@id\":\"https:\/\/deliciaspersas.com\/fa\/#organization\"},\"potentialAction\":[{\"@type\":\"SearchAction\",\"target\":{\"@type\":\"EntryPoint\",\"urlTemplate\":\"https:\/\/deliciaspersas.com\/fa\/?s={search_term_string}\"},\"query-input\":{\"@type\":\"PropertyValueSpecification\",\"valueRequired\":true,\"valueName\":\"search_term_string\"}}],\"inLanguage\":\"fa-IR\"},{\"@type\":\"Organization\",\"@id\":\"https:\/\/deliciaspersas.com\/fa\/#organization\",\"name\":\"Delicias Persas\",\"url\":\"https:\/\/deliciaspersas.com\/fa\/\",\"logo\":{\"@type\":\"ImageObject\",\"inLanguage\":\"fa-IR\",\"@id\":\"https:\/\/deliciaspersas.com\/fa\/#\/schema\/logo\/image\/\",\"url\":\"https:\/\/deliciaspersas.com\/wp-content\/uploads\/2020\/07\/logo-2020.png\",\"contentUrl\":\"https:\/\/deliciaspersas.com\/wp-content\/uploads\/2020\/07\/logo-2020.png\",\"width\":520,\"height\":490,\"caption\":\"Delicias Persas\"},\"image\":{\"@id\":\"https:\/\/deliciaspersas.com\/fa\/#\/schema\/logo\/image\/\"},\"sameAs\":[\"https:\/\/www.facebook.com\/Deliciaspersas\",\"https:\/\/www.instagram.com\/delicias_persas\/\",\"https:\/\/www.linkedin.com\/delicias-persas\"]}]}<\/script>\n<!-- \/ Yoast SEO plugin. -->","yoast_head_json":{"title":"\u0686\u0627\u06cc \u0645\u062e\u0644\u0648\u0637 \u0645\u062e\u0635\u0648\u0635 \u06f1\u06f0\u06f0 \u0639\u062f\u062f\u06cc \u0627\u062d\u0645\u062f - Delicias Persas","description":"Te Special Blend Ahmad Tea. Colabora a reducir el estr\u00e9s, activa la mente, permite mejorar la concentraci\u00f3n y favorece a la memoria...","robots":{"index":"index","follow":"follow","max-snippet":"max-snippet:-1","max-image-preview":"max-image-preview:large","max-video-preview":"max-video-preview:-1"},"canonical":"https:\/\/deliciaspersas.com\/fa\/tienda\/%da%86%d8%a7%db%8c\/te-special-blend-100-unidades-ahmad-tea-2\/","og_locale":"fa_IR","og_type":"article","og_title":"\u0686\u0627\u06cc \u0645\u062e\u0644\u0648\u0637 \u0645\u062e\u0635\u0648\u0635 \u06f1\u06f0\u06f0 \u0639\u062f\u062f\u06cc \u0627\u062d\u0645\u062f - Delicias Persas","og_description":"Te Special Blend Ahmad Tea. Colabora a reducir el estr\u00e9s, activa la mente, permite mejorar la concentraci\u00f3n y favorece a la memoria...","og_url":"https:\/\/deliciaspersas.com\/fa\/tienda\/%da%86%d8%a7%db%8c\/te-special-blend-100-unidades-ahmad-tea-2\/","og_site_name":"Delicias Persas","article_publisher":"https:\/\/www.facebook.com\/Deliciaspersas","article_modified_time":"2024-08-03T08:54:08+00:00","og_image":[{"width":400,"height":400,"url":"https:\/\/deliciaspersas.com\/wp-content\/uploads\/Te\u0301-Special-Blend-100-Unidades-Ahmad-Tea_opt.jpg","type":"image\/jpeg"}],"twitter_card":"summary_large_image","twitter_misc":{"\u0632\u0645\u0627\u0646 \u062a\u0642\u0631\u06cc\u0628\u06cc \u0628\u0631\u0627\u06cc \u062e\u0648\u0627\u0646\u062f\u0646":"1 \u062f\u0642\u06cc\u0642\u0647"},"schema":{"@context":"https:\/\/schema.org","@graph":[{"@type":"WebPage","@id":"https:\/\/deliciaspersas.com\/fa\/tienda\/%da%86%d8%a7%db%8c\/te-special-blend-100-unidades-ahmad-tea-2\/","url":"https:\/\/deliciaspersas.com\/fa\/tienda\/%da%86%d8%a7%db%8c\/te-special-blend-100-unidades-ahmad-tea-2\/","name":"\u0686\u0627\u06cc \u0645\u062e\u0644\u0648\u0637 \u0645\u062e\u0635\u0648\u0635 \u06f1\u06f0\u06f0 \u0639\u062f\u062f\u06cc \u0627\u062d\u0645\u062f - Delicias Persas","isPartOf":{"@id":"https:\/\/deliciaspersas.com\/fa\/#website"},"primaryImageOfPage":{"@id":"https:\/\/deliciaspersas.com\/fa\/tienda\/%da%86%d8%a7%db%8c\/te-special-blend-100-unidades-ahmad-tea-2\/#primaryimage"},"image":{"@id":"https:\/\/deliciaspersas.com\/fa\/tienda\/%da%86%d8%a7%db%8c\/te-special-blend-100-unidades-ahmad-tea-2\/#primaryimage"},"thumbnailUrl":"https:\/\/deliciaspersas.com\/wp-content\/uploads\/Te\u0301-Special-Blend-100-Unidades-Ahmad-Tea_opt.jpg","datePublished":"2020-12-22T09:19:37+00:00","dateModified":"2024-08-03T08:54:08+00:00","description":"Te Special Blend Ahmad Tea. Colabora a reducir el estr\u00e9s, activa la mente, permite mejorar la concentraci\u00f3n y favorece a la memoria...","breadcrumb":{"@id":"https:\/\/deliciaspersas.com\/fa\/tienda\/%da%86%d8%a7%db%8c\/te-special-blend-100-unidades-ahmad-tea-2\/#breadcrumb"},"inLanguage":"fa-IR","potentialAction":[{"@type":"ReadAction","target":["https:\/\/deliciaspersas.com\/fa\/tienda\/%da%86%d8%a7%db%8c\/te-special-blend-100-unidades-ahmad-tea-2\/"]}]},{"@type":"ImageObject","inLanguage":"fa-IR","@id":"https:\/\/deliciaspersas.com\/fa\/tienda\/%da%86%d8%a7%db%8c\/te-special-blend-100-unidades-ahmad-tea-2\/#primaryimage","url":"https:\/\/deliciaspersas.com\/wp-content\/uploads\/Te\u0301-Special-Blend-100-Unidades-Ahmad-Tea_opt.jpg","contentUrl":"https:\/\/deliciaspersas.com\/wp-content\/uploads\/Te\u0301-Special-Blend-100-Unidades-Ahmad-Tea_opt.jpg","width":400,"height":400,"caption":"\u0686\u0627\u06cc \u0645\u062e\u0644\u0648\u0637 \u0645\u062e\u0635\u0648\u0635 \u06f1\u06f0\u06f0 \u0639\u062f\u062f\u06cc \u0627\u062d\u0645\u062f"},{"@type":"BreadcrumbList","@id":"https:\/\/deliciaspersas.com\/fa\/tienda\/%da%86%d8%a7%db%8c\/te-special-blend-100-unidades-ahmad-tea-2\/#breadcrumb","itemListElement":[{"@type":"ListItem","position":1,"name":"Portada","item":"https:\/\/deliciaspersas.com\/fa\/"},{"@type":"ListItem","position":2,"name":"Tienda","item":"https:\/\/deliciaspersas.com\/"},{"@type":"ListItem","position":3,"name":"\u0686\u0627\u06cc \u0645\u062e\u0644\u0648\u0637 \u0645\u062e\u0635\u0648\u0635 \u06f1\u06f0\u06f0 \u0639\u062f\u062f\u06cc \u0627\u062d\u0645\u062f"}]},{"@type":"WebSite","@id":"https:\/\/deliciaspersas.com\/fa\/#website","url":"https:\/\/deliciaspersas.com\/fa\/","name":"Delicias Persas","description":"Gastronom&iacute;a persa al alcance de tus manos","publisher":{"@id":"https:\/\/deliciaspersas.com\/fa\/#organization"},"potentialAction":[{"@type":"SearchAction","target":{"@type":"EntryPoint","urlTemplate":"https:\/\/deliciaspersas.com\/fa\/?s={search_term_string}"},"query-input":{"@type":"PropertyValueSpecification","valueRequired":true,"valueName":"search_term_string"}}],"inLanguage":"fa-IR"},{"@type":"Organization","@id":"https:\/\/deliciaspersas.com\/fa\/#organization","name":"Delicias Persas","url":"https:\/\/deliciaspersas.com\/fa\/","logo":{"@type":"ImageObject","inLanguage":"fa-IR","@id":"https:\/\/deliciaspersas.com\/fa\/#\/schema\/logo\/image\/","url":"https:\/\/deliciaspersas.com\/wp-content\/uploads\/2020\/07\/logo-2020.png","contentUrl":"https:\/\/deliciaspersas.com\/wp-content\/uploads\/2020\/07\/logo-2020.png","width":520,"height":490,"caption":"Delicias Persas"},"image":{"@id":"https:\/\/deliciaspersas.com\/fa\/#\/schema\/logo\/image\/"},"sameAs":["https:\/\/www.facebook.com\/Deliciaspersas","https:\/\/www.instagram.com\/delicias_persas\/","https:\/\/www.linkedin.com\/delicias-persas"]}]}},"uagb_featured_image_src":{"full":["https:\/\/deliciaspersas.com\/wp-content\/uploads\/Te\u0301-Special-Blend-100-Unidades-Ahmad-Tea_opt.jpg",400,400,false],"thumbnail":["https:\/\/deliciaspersas.com\/wp-content\/uploads\/Te\u0301-Special-Blend-100-Unidades-Ahmad-Tea_opt-150x150.jpg",150,150,true],"medium":["https:\/\/deliciaspersas.com\/wp-content\/uploads\/Te\u0301-Special-Blend-100-Unidades-Ahmad-Tea_opt-300x300.jpg",300,300,true],"medium_large":["https:\/\/deliciaspersas.com\/wp-content\/uploads\/Te\u0301-Special-Blend-100-Unidades-Ahmad-Tea_opt.jpg",400,400,false],"large":["https:\/\/deliciaspersas.com\/wp-content\/uploads\/Te\u0301-Special-Blend-100-Unidades-Ahmad-Tea_opt.jpg",400,400,false],"1536x1536":["https:\/\/deliciaspersas.com\/wp-content\/uploads\/Te\u0301-Special-Blend-100-Unidades-Ahmad-Tea_opt.jpg",400,400,false],"2048x2048":["https:\/\/deliciaspersas.com\/wp-content\/uploads\/Te\u0301-Special-Blend-100-Unidades-Ahmad-Tea_opt.jpg",400,400,false],"woocommerce_thumbnail":["https:\/\/deliciaspersas.com\/wp-content\/uploads\/Te\u0301-Special-Blend-100-Unidades-Ahmad-Tea_opt-300x300.jpg",300,300,true],"woocommerce_single":["https:\/\/deliciaspersas.com\/wp-content\/uploads\/Te\u0301-Special-Blend-100-Unidades-Ahmad-Tea_opt.jpg",400,400,false],"woocommerce_gallery_thumbnail":["https:\/\/deliciaspersas.com\/wp-content\/uploads\/Te\u0301-Special-Blend-100-Unidades-Ahmad-Tea_opt-100x100.jpg",100,100,true]},"uagb_author_info":{"display_name":"admin","author_link":"https:\/\/deliciaspersas.com\/fa\/author\/"},"uagb_comment_info":0,"uagb_excerpt":"\u0686\u0627\u06cc \u0645\u062e\u0644\u0648\u0637 \u0645\u062e\u0635\u0648\u0635 \u06f1\u06f0\u06f0 \u0639\u062f\u062f\u06cc \u0627\u062d\u0645\u062f Informaci\u00f3n del producto: \u0627\u06cc\u0646 \u0628\u0647 \u06a9\u0627\u0647\u0634 \u06a9\u0644\u0633\u062a\u0631\u0648\u0644 \u06a9\u0645\u06a9 \u0645\u06cc \u06a9\u0646\u062f\u060c \u0645\u0635\u0631\u0641 \u0622\u0646 \u0642\u0628\u0644 \u0627\u0632 \u063a\u0630\u0627 \u0627\u06cc\u062f\u0647 \u0622\u0644 \u0627\u0633\u062a\u060c \u0632\u06cc\u0631\u0627 \u0633\u06cc\u0633\u062a\u0645 \u06af\u0648\u0627\u0631\u0634 \u0631\u0627 \u0628\u0631\u0627\u06cc \u0639\u0645\u0644\u06a9\u0631\u062f \u0635\u062d\u06cc\u062d \u0622\u0645\u0627\u062f\u0647 \u0645\u06cc \u06a9\u0646\u062f\u060c \u0628\u0647 \u0633\u0627\u0644\u0645 \u0646\u06af\u0647 \u062f\u0627\u0634\u062a\u0646 \u0631\u06af \u0647\u0627 \u06a9\u0645\u06a9 \u0645\u06cc \u06a9\u0646\u062f \u0648 \u0645\u06cc \u062a\u0648\u0627\u0646\u062f \u0627\u0632 \u0628\u06cc\u0645\u0627\u0631\u06cc \u0647\u0627\u06cc \u0642\u0644\u0628\u06cc \u062c\u0644\u0648\u06af\u06cc\u0631\u06cc \u06a9\u0646\u062f\u060c \u0627\u0632 \u0633\u06cc\u0633\u062a\u0645 \u0627\u06cc\u0645\u0646\u06cc&hellip;","brands":[{"id":43,"name":"Ahmad","slug":"ahmad"}],"_links":{"self":[{"href":"https:\/\/deliciaspersas.com\/fa\/wp-json\/wp\/v2\/product\/6757"}],"collection":[{"href":"https:\/\/deliciaspersas.com\/fa\/wp-json\/wp\/v2\/product"}],"about":[{"href":"https:\/\/deliciaspersas.com\/fa\/wp-json\/wp\/v2\/types\/product"}],"wp:featuredmedia":[{"embeddable":true,"href":"https:\/\/deliciaspersas.com\/fa\/wp-json\/wp\/v2\/media\/6758"}],"wp:attachment":[{"href":"https:\/\/deliciaspersas.com\/fa\/wp-json\/wp\/v2\/media?parent=6757"}],"wp:term":[{"taxonomy":"pwb-brand","embeddable":true,"href":"https:\/\/deliciaspersas.com\/fa\/wp-json\/wp\/v2\/pwb-brand?post=6757"},{"taxonomy":"product_cat","embeddable":true,"href":"https:\/\/deliciaspersas.com\/fa\/wp-json\/wp\/v2\/product_cat?post=6757"},{"taxonomy":"product_tag","embeddable":true,"href":"https:\/\/deliciaspersas.com\/fa\/wp-json\/wp\/v2\/product_tag?post=6757"}],"curies":[{"name":"wp","href":"https:\/\/api.w.org\/{rel}","templated":true}]}}