{"id":6777,"date":"2020-12-21T11:41:57","date_gmt":"2020-12-21T10:41:57","guid":{"rendered":"https:\/\/deliciaspersas.com\/tienda\/\u0628\u062f\u0648\u0646%20\u062f\u0633\u062a\u0647\u200c\u0628\u0646\u062f\u06cc\/%d9%84%d9%be%d9%87-%db%b4%db%b0%db%b0-%da%af%d8%b1%d9%85%db%8c-%d8%af%d9%86%db%8c%d8%a7\/"},"modified":"2023-10-31T17:46:18","modified_gmt":"2023-10-31T16:46:18","slug":"lapeh-400g-donya","status":"publish","type":"product","link":"https:\/\/deliciaspersas.com\/fa\/tienda\/sin-categorizar\/lapeh-400g-donya\/","title":{"rendered":"\u0644\u067e\u0647 \u06f4\u06f0\u06f0 \u06af\u0631\u0645\u06cc \u062f\u0646\u06cc\u0627"},"content":{"rendered":"<h1>\u0644\u067e\u0647 \u06f4\u06f0\u06f0 \u06af\u0631\u0645\u06cc \u062f\u0646\u06cc\u0627<\/h1>\n<h6>Informaci\u00f3n del producto:<\/h6>\n<p>Lapeh pertenece a la familia de las lentejas y los frijoles. Lo que distingue a este producto es la forma en que se preparan y forman. Son de color amarillo y tienen muchos beneficios nutricionales, entre ellos, son ricas en fibra y la prote\u00edna, son generalmente semillas de legumbres separadas, peladas y secas.<\/p>\n<p>El valor nutricional de los cotiledones.<\/p>\n<p>El cotiled\u00f3n est\u00e1 compuesto de carbohidratos, az\u00facar, fibra diet\u00e9tica, grasas, prote\u00ednas. El cotiled\u00f3n contiene vitaminas como tiamina (B1), riboflavina (B2), niacina, \u00e1cido pantot\u00e9nico (B5), vitamina B6, vitamina K, E, C, Colina, f\u00f3sforo, manganeso, manganeso, potasio, magnesio.<\/p>\n<h6>Ingredientes y al\u00e9rgenos:<\/h6>\n<p>Lentejas.<\/p>\n<h6>Usos:<\/h6>\n<p>Las lentejas son un alimento que se puede consumir con gran frecuencia, y combinar con diferentes platos, o tomarse solas.<\/p>\n<h6>Beneficios:<\/h6>\n<p>Los cotiledones son ricos en fibra y, por tanto, \u00fatil para reducir el colesterol. Tambi\u00e9n son buenas para prevenir el estre\u00f1imiento debido a su contenido de fibra. este ingrediente tambi\u00e9n es excelente para los diab\u00e9ticos porque contienen calcio, magnesio y \u00e1cidos grasos.<\/p>\n<p>Este producto contienen grandes cantidades de \u00e1cido f\u00f3lico. La deficiencia de \u00e1cido f\u00f3lico est\u00e1 fuertemente asociada con la anemia y los defectos del tubo neural en el feto. La anemia es un problema com\u00fan, especialmente en las mujeres. Una taza de cotiledones al d\u00eda es m\u00e1s del 110% de la ingesta beneficiosa de esta vitamina.<\/p>\n<p>Una taza de Lapeh cocida contiene 11 gramos de prote\u00edna. La prote\u00edna es vital para el crecimiento y desarrollo regular porque construye todas las partes de las c\u00e9lulas y tejidos, m\u00fasculos y huesos. La prote\u00edna puede ser esencial para la curaci\u00f3n y regeneraci\u00f3n regulares de las c\u00e9lulas en todo el cuerpo.<\/p>\n<h6>Condiciones de conservaci\u00f3n:<\/h6>\n<p>Conservar en un lugar fresco, seco y protegido de la luz.<\/p>\n<h6>Informaci\u00f3n adicional:<\/h6>\n<p>Fabricado por: Donya<\/p>\n<p><span class=\"LrzXr\">UNIT 1B, 6 Greycaine Rd<\/span><\/p>\n<p><span class=\"LrzXr\">Watford WD24 7GP, <\/span><\/p>\n<p><span class=\"LrzXr\">Reino Unido<\/span><\/p>\n","protected":false},"excerpt":{"rendered":"<p>\u0644\u067e\u0647 \u06f4\u06f0\u06f0 \u06af\u0631\u0645\u06cc \u062f\u0646\u06cc\u0627 Informaci\u00f3n del producto: Lapeh pertenece a la familia de las lentejas y los frijoles. Lo que distingue a este producto es la forma en que se preparan y forman. Son de color amarillo y tienen muchos beneficios nutricionales, entre ellos, son ricas en fibra y la prote\u00edna, son generalmente semillas de [&hellip;]<\/p>\n","protected":false},"featured_media":9185,"template":"","meta":{"_surecart_dashboard_logo_width":"180px","_surecart_dashboard_show_logo":true,"_surecart_dashboard_navigation_orders":true,"_surecart_dashboard_navigation_invoices":true,"_surecart_dashboard_navigation_subscriptions":true,"_surecart_dashboard_navigation_downloads":true,"_surecart_dashboard_navigation_billing":true,"_surecart_dashboard_navigation_account":true,"_uag_custom_page_level_css":"","site-sidebar-layout":"default","site-content-layout":"default","ast-site-content-layout":"default","site-content-style":"default","site-sidebar-style":"default","ast-global-header-display":"","ast-banner-title-visibility":"","ast-main-header-display":"","ast-hfb-above-header-display":"","ast-hfb-below-header-display":"","ast-hfb-mobile-header-display":"","site-post-title":"","ast-breadcrumbs-content":"","ast-featured-img":"","footer-sml-layout":"","theme-transparent-header-meta":"default","adv-header-id-meta":"","stick-header-meta":"","header-above-stick-meta":"","header-main-stick-meta":"","header-below-stick-meta":"","astra-migrate-meta-layouts":"default","ast-page-background-enabled":"default","ast-page-background-meta":{"desktop":{"background-color":"","background-image":"","background-repeat":"repeat","background-position":"center center","background-size":"auto","background-attachment":"scroll","background-type":"","background-media":"","overlay-type":"","overlay-color":"","overlay-opacity":"","overlay-gradient":""},"tablet":{"background-color":"","background-image":"","background-repeat":"repeat","background-position":"center center","background-size":"auto","background-attachment":"scroll","background-type":"","background-media":"","overlay-type":"","overlay-color":"","overlay-opacity":"","overlay-gradient":""},"mobile":{"background-color":"","background-image":"","background-repeat":"repeat","background-position":"center center","background-size":"auto","background-attachment":"scroll","background-type":"","background-media":"","overlay-type":"","overlay-color":"","overlay-opacity":"","overlay-gradient":""}},"ast-content-background-meta":{"desktop":{"background-color":"var(--ast-global-color-5)","background-image":"","background-repeat":"repeat","background-position":"center center","background-size":"auto","background-attachment":"scroll","background-type":"","background-media":"","overlay-type":"","overlay-color":"","overlay-opacity":"","overlay-gradient":""},"tablet":{"background-color":"var(--ast-global-color-5)","background-image":"","background-repeat":"repeat","background-position":"center center","background-size":"auto","background-attachment":"scroll","background-type":"","background-media":"","overlay-type":"","overlay-color":"","overlay-opacity":"","overlay-gradient":""},"mobile":{"background-color":"var(--ast-global-color-5)","background-image":"","background-repeat":"repeat","background-position":"center center","background-size":"auto","background-attachment":"scroll","background-type":"","background-media":"","overlay-type":"","overlay-color":"","overlay-opacity":"","overlay-gradient":""}}},"pwb-brand":[535],"product_cat":[15],"product_tag":[],"class_list":{"0":"post-6777","1":"product","2":"type-product","3":"status-publish","4":"has-post-thumbnail","6":"pwb-brand-golha","7":"product_cat-sin-categorizar","8":"desktop-align-center","9":"tablet-align-center","10":"mobile-align-center","12":"first","13":"outofstock","14":"taxable","15":"shipping-taxable","16":"purchasable","17":"product-type-simple"},"yoast_head":"<!-- This site is optimized with the Yoast SEO plugin v23.6 - https:\/\/yoast.com\/wordpress\/plugins\/seo\/ -->\n<title>\u0644\u067e\u0647 \u06f4\u06f0\u06f0 \u06af\u0631\u0645\u06cc \u062f\u0646\u06cc\u0627 - Delicias Persas<\/title>\n<meta name=\"description\" content=\"Lapeh. Estas poseen gran cantidad de beneficios como: un alto contenido en fibra, vitaminas y hierro. Adem\u00e1s, aportan \u00e1cido f\u00f3lico.\" \/>\n<meta name=\"robots\" content=\"index, follow, max-snippet:-1, max-image-preview:large, max-video-preview:-1\" \/>\n<link rel=\"canonical\" href=\"https:\/\/deliciaspersas.com\/fa\/tienda\/sin-categorizar\/lapeh-400g-donya\/\" \/>\n<meta property=\"og:locale\" content=\"fa_IR\" \/>\n<meta property=\"og:type\" content=\"article\" \/>\n<meta property=\"og:title\" content=\"\u0644\u067e\u0647 \u06f4\u06f0\u06f0 \u06af\u0631\u0645\u06cc \u062f\u0646\u06cc\u0627 - Delicias Persas\" \/>\n<meta property=\"og:description\" content=\"Lapeh. Estas poseen gran cantidad de beneficios como: un alto contenido en fibra, vitaminas y hierro. Adem\u00e1s, aportan \u00e1cido f\u00f3lico.\" \/>\n<meta property=\"og:url\" content=\"https:\/\/deliciaspersas.com\/fa\/tienda\/sin-categorizar\/lapeh-400g-donya\/\" \/>\n<meta property=\"og:site_name\" content=\"Delicias Persas\" \/>\n<meta property=\"article:publisher\" content=\"https:\/\/www.facebook.com\/Deliciaspersas\" \/>\n<meta property=\"article:modified_time\" content=\"2023-10-31T16:46:18+00:00\" \/>\n<meta property=\"og:image\" content=\"https:\/\/deliciaspersas.com\/wp-content\/uploads\/IMG_0458.jpg\" \/>\n\t<meta property=\"og:image:width\" content=\"1280\" \/>\n\t<meta property=\"og:image:height\" content=\"853\" \/>\n\t<meta property=\"og:image:type\" content=\"image\/jpeg\" \/>\n<meta name=\"twitter:card\" content=\"summary_large_image\" \/>\n<meta name=\"twitter:label1\" content=\"\u0632\u0645\u0627\u0646 \u062a\u0642\u0631\u06cc\u0628\u06cc \u0628\u0631\u0627\u06cc \u062e\u0648\u0627\u0646\u062f\u0646\" \/>\n\t<meta name=\"twitter:data1\" content=\"2 \u062f\u0642\u06cc\u0642\u0647\" \/>\n<script type=\"application\/ld+json\" class=\"yoast-schema-graph\">{\"@context\":\"https:\/\/schema.org\",\"@graph\":[{\"@type\":\"WebPage\",\"@id\":\"https:\/\/deliciaspersas.com\/fa\/tienda\/sin-categorizar\/lapeh-400g-donya\/\",\"url\":\"https:\/\/deliciaspersas.com\/fa\/tienda\/sin-categorizar\/lapeh-400g-donya\/\",\"name\":\"\u0644\u067e\u0647 \u06f4\u06f0\u06f0 \u06af\u0631\u0645\u06cc \u062f\u0646\u06cc\u0627 - Delicias Persas\",\"isPartOf\":{\"@id\":\"https:\/\/deliciaspersas.com\/fa\/#website\"},\"primaryImageOfPage\":{\"@id\":\"https:\/\/deliciaspersas.com\/fa\/tienda\/sin-categorizar\/lapeh-400g-donya\/#primaryimage\"},\"image\":{\"@id\":\"https:\/\/deliciaspersas.com\/fa\/tienda\/sin-categorizar\/lapeh-400g-donya\/#primaryimage\"},\"thumbnailUrl\":\"https:\/\/deliciaspersas.com\/wp-content\/uploads\/IMG_0458.jpg\",\"datePublished\":\"2020-12-21T10:41:57+00:00\",\"dateModified\":\"2023-10-31T16:46:18+00:00\",\"description\":\"Lapeh. Estas poseen gran cantidad de beneficios como: un alto contenido en fibra, vitaminas y hierro. Adem\u00e1s, aportan \u00e1cido f\u00f3lico.\",\"breadcrumb\":{\"@id\":\"https:\/\/deliciaspersas.com\/fa\/tienda\/sin-categorizar\/lapeh-400g-donya\/#breadcrumb\"},\"inLanguage\":\"fa-IR\",\"potentialAction\":[{\"@type\":\"ReadAction\",\"target\":[\"https:\/\/deliciaspersas.com\/fa\/tienda\/sin-categorizar\/lapeh-400g-donya\/\"]}]},{\"@type\":\"ImageObject\",\"inLanguage\":\"fa-IR\",\"@id\":\"https:\/\/deliciaspersas.com\/fa\/tienda\/sin-categorizar\/lapeh-400g-donya\/#primaryimage\",\"url\":\"https:\/\/deliciaspersas.com\/wp-content\/uploads\/IMG_0458.jpg\",\"contentUrl\":\"https:\/\/deliciaspersas.com\/wp-content\/uploads\/IMG_0458.jpg\",\"width\":1280,\"height\":853},{\"@type\":\"BreadcrumbList\",\"@id\":\"https:\/\/deliciaspersas.com\/fa\/tienda\/sin-categorizar\/lapeh-400g-donya\/#breadcrumb\",\"itemListElement\":[{\"@type\":\"ListItem\",\"position\":1,\"name\":\"Portada\",\"item\":\"https:\/\/deliciaspersas.com\/fa\/\"},{\"@type\":\"ListItem\",\"position\":2,\"name\":\"Tienda\",\"item\":\"https:\/\/deliciaspersas.com\/\"},{\"@type\":\"ListItem\",\"position\":3,\"name\":\"\u0644\u067e\u0647 \u06f4\u06f0\u06f0 \u06af\u0631\u0645\u06cc \u062f\u0646\u06cc\u0627\"}]},{\"@type\":\"WebSite\",\"@id\":\"https:\/\/deliciaspersas.com\/fa\/#website\",\"url\":\"https:\/\/deliciaspersas.com\/fa\/\",\"name\":\"Delicias Persas\",\"description\":\"Gastronom&iacute;a persa al alcance de tus manos\",\"publisher\":{\"@id\":\"https:\/\/deliciaspersas.com\/fa\/#organization\"},\"potentialAction\":[{\"@type\":\"SearchAction\",\"target\":{\"@type\":\"EntryPoint\",\"urlTemplate\":\"https:\/\/deliciaspersas.com\/fa\/?s={search_term_string}\"},\"query-input\":{\"@type\":\"PropertyValueSpecification\",\"valueRequired\":true,\"valueName\":\"search_term_string\"}}],\"inLanguage\":\"fa-IR\"},{\"@type\":\"Organization\",\"@id\":\"https:\/\/deliciaspersas.com\/fa\/#organization\",\"name\":\"Delicias Persas\",\"url\":\"https:\/\/deliciaspersas.com\/fa\/\",\"logo\":{\"@type\":\"ImageObject\",\"inLanguage\":\"fa-IR\",\"@id\":\"https:\/\/deliciaspersas.com\/fa\/#\/schema\/logo\/image\/\",\"url\":\"https:\/\/deliciaspersas.com\/wp-content\/uploads\/2020\/07\/logo-2020.png\",\"contentUrl\":\"https:\/\/deliciaspersas.com\/wp-content\/uploads\/2020\/07\/logo-2020.png\",\"width\":520,\"height\":490,\"caption\":\"Delicias Persas\"},\"image\":{\"@id\":\"https:\/\/deliciaspersas.com\/fa\/#\/schema\/logo\/image\/\"},\"sameAs\":[\"https:\/\/www.facebook.com\/Deliciaspersas\",\"https:\/\/www.instagram.com\/delicias_persas\/\",\"https:\/\/www.linkedin.com\/delicias-persas\"]}]}<\/script>\n<!-- \/ Yoast SEO plugin. -->","yoast_head_json":{"title":"\u0644\u067e\u0647 \u06f4\u06f0\u06f0 \u06af\u0631\u0645\u06cc \u062f\u0646\u06cc\u0627 - Delicias Persas","description":"Lapeh. Estas poseen gran cantidad de beneficios como: un alto contenido en fibra, vitaminas y hierro. Adem\u00e1s, aportan \u00e1cido f\u00f3lico.","robots":{"index":"index","follow":"follow","max-snippet":"max-snippet:-1","max-image-preview":"max-image-preview:large","max-video-preview":"max-video-preview:-1"},"canonical":"https:\/\/deliciaspersas.com\/fa\/tienda\/sin-categorizar\/lapeh-400g-donya\/","og_locale":"fa_IR","og_type":"article","og_title":"\u0644\u067e\u0647 \u06f4\u06f0\u06f0 \u06af\u0631\u0645\u06cc \u062f\u0646\u06cc\u0627 - Delicias Persas","og_description":"Lapeh. Estas poseen gran cantidad de beneficios como: un alto contenido en fibra, vitaminas y hierro. Adem\u00e1s, aportan \u00e1cido f\u00f3lico.","og_url":"https:\/\/deliciaspersas.com\/fa\/tienda\/sin-categorizar\/lapeh-400g-donya\/","og_site_name":"Delicias Persas","article_publisher":"https:\/\/www.facebook.com\/Deliciaspersas","article_modified_time":"2023-10-31T16:46:18+00:00","og_image":[{"width":1280,"height":853,"url":"https:\/\/deliciaspersas.com\/wp-content\/uploads\/IMG_0458.jpg","type":"image\/jpeg"}],"twitter_card":"summary_large_image","twitter_misc":{"\u0632\u0645\u0627\u0646 \u062a\u0642\u0631\u06cc\u0628\u06cc \u0628\u0631\u0627\u06cc \u062e\u0648\u0627\u0646\u062f\u0646":"2 \u062f\u0642\u06cc\u0642\u0647"},"schema":{"@context":"https:\/\/schema.org","@graph":[{"@type":"WebPage","@id":"https:\/\/deliciaspersas.com\/fa\/tienda\/sin-categorizar\/lapeh-400g-donya\/","url":"https:\/\/deliciaspersas.com\/fa\/tienda\/sin-categorizar\/lapeh-400g-donya\/","name":"\u0644\u067e\u0647 \u06f4\u06f0\u06f0 \u06af\u0631\u0645\u06cc \u062f\u0646\u06cc\u0627 - Delicias Persas","isPartOf":{"@id":"https:\/\/deliciaspersas.com\/fa\/#website"},"primaryImageOfPage":{"@id":"https:\/\/deliciaspersas.com\/fa\/tienda\/sin-categorizar\/lapeh-400g-donya\/#primaryimage"},"image":{"@id":"https:\/\/deliciaspersas.com\/fa\/tienda\/sin-categorizar\/lapeh-400g-donya\/#primaryimage"},"thumbnailUrl":"https:\/\/deliciaspersas.com\/wp-content\/uploads\/IMG_0458.jpg","datePublished":"2020-12-21T10:41:57+00:00","dateModified":"2023-10-31T16:46:18+00:00","description":"Lapeh. Estas poseen gran cantidad de beneficios como: un alto contenido en fibra, vitaminas y hierro. Adem\u00e1s, aportan \u00e1cido f\u00f3lico.","breadcrumb":{"@id":"https:\/\/deliciaspersas.com\/fa\/tienda\/sin-categorizar\/lapeh-400g-donya\/#breadcrumb"},"inLanguage":"fa-IR","potentialAction":[{"@type":"ReadAction","target":["https:\/\/deliciaspersas.com\/fa\/tienda\/sin-categorizar\/lapeh-400g-donya\/"]}]},{"@type":"ImageObject","inLanguage":"fa-IR","@id":"https:\/\/deliciaspersas.com\/fa\/tienda\/sin-categorizar\/lapeh-400g-donya\/#primaryimage","url":"https:\/\/deliciaspersas.com\/wp-content\/uploads\/IMG_0458.jpg","contentUrl":"https:\/\/deliciaspersas.com\/wp-content\/uploads\/IMG_0458.jpg","width":1280,"height":853},{"@type":"BreadcrumbList","@id":"https:\/\/deliciaspersas.com\/fa\/tienda\/sin-categorizar\/lapeh-400g-donya\/#breadcrumb","itemListElement":[{"@type":"ListItem","position":1,"name":"Portada","item":"https:\/\/deliciaspersas.com\/fa\/"},{"@type":"ListItem","position":2,"name":"Tienda","item":"https:\/\/deliciaspersas.com\/"},{"@type":"ListItem","position":3,"name":"\u0644\u067e\u0647 \u06f4\u06f0\u06f0 \u06af\u0631\u0645\u06cc \u062f\u0646\u06cc\u0627"}]},{"@type":"WebSite","@id":"https:\/\/deliciaspersas.com\/fa\/#website","url":"https:\/\/deliciaspersas.com\/fa\/","name":"Delicias Persas","description":"Gastronom&iacute;a persa al alcance de tus manos","publisher":{"@id":"https:\/\/deliciaspersas.com\/fa\/#organization"},"potentialAction":[{"@type":"SearchAction","target":{"@type":"EntryPoint","urlTemplate":"https:\/\/deliciaspersas.com\/fa\/?s={search_term_string}"},"query-input":{"@type":"PropertyValueSpecification","valueRequired":true,"valueName":"search_term_string"}}],"inLanguage":"fa-IR"},{"@type":"Organization","@id":"https:\/\/deliciaspersas.com\/fa\/#organization","name":"Delicias Persas","url":"https:\/\/deliciaspersas.com\/fa\/","logo":{"@type":"ImageObject","inLanguage":"fa-IR","@id":"https:\/\/deliciaspersas.com\/fa\/#\/schema\/logo\/image\/","url":"https:\/\/deliciaspersas.com\/wp-content\/uploads\/2020\/07\/logo-2020.png","contentUrl":"https:\/\/deliciaspersas.com\/wp-content\/uploads\/2020\/07\/logo-2020.png","width":520,"height":490,"caption":"Delicias Persas"},"image":{"@id":"https:\/\/deliciaspersas.com\/fa\/#\/schema\/logo\/image\/"},"sameAs":["https:\/\/www.facebook.com\/Deliciaspersas","https:\/\/www.instagram.com\/delicias_persas\/","https:\/\/www.linkedin.com\/delicias-persas"]}]}},"uagb_featured_image_src":{"full":["https:\/\/deliciaspersas.com\/wp-content\/uploads\/IMG_0458.jpg",1280,853,false],"thumbnail":["https:\/\/deliciaspersas.com\/wp-content\/uploads\/IMG_0458-150x150.jpg",150,150,true],"medium":["https:\/\/deliciaspersas.com\/wp-content\/uploads\/IMG_0458-300x200.jpg",300,200,true],"medium_large":["https:\/\/deliciaspersas.com\/wp-content\/uploads\/IMG_0458-768x512.jpg",768,512,true],"large":["https:\/\/deliciaspersas.com\/wp-content\/uploads\/IMG_0458-1024x682.jpg",1024,682,true],"1536x1536":["https:\/\/deliciaspersas.com\/wp-content\/uploads\/IMG_0458.jpg",1280,853,false],"2048x2048":["https:\/\/deliciaspersas.com\/wp-content\/uploads\/IMG_0458.jpg",1280,853,false],"woocommerce_thumbnail":["https:\/\/deliciaspersas.com\/wp-content\/uploads\/IMG_0458-300x300.jpg",300,300,true],"woocommerce_single":["https:\/\/deliciaspersas.com\/wp-content\/uploads\/IMG_0458-600x400.jpg",600,400,true],"woocommerce_gallery_thumbnail":["https:\/\/deliciaspersas.com\/wp-content\/uploads\/IMG_0458-100x100.jpg",100,100,true]},"uagb_author_info":{"display_name":"admin","author_link":"https:\/\/deliciaspersas.com\/fa\/author\/"},"uagb_comment_info":0,"uagb_excerpt":"\u0644\u067e\u0647 \u06f4\u06f0\u06f0 \u06af\u0631\u0645\u06cc \u062f\u0646\u06cc\u0627 Informaci\u00f3n del producto: Lapeh pertenece a la familia de las lentejas y los frijoles. Lo que distingue a este producto es la forma en que se preparan y forman. Son de color amarillo y tienen muchos beneficios nutricionales, entre ellos, son ricas en fibra y la prote\u00edna, son generalmente semillas de&hellip;","brands":[{"id":535,"name":"golha","slug":"golha"}],"_links":{"self":[{"href":"https:\/\/deliciaspersas.com\/fa\/wp-json\/wp\/v2\/product\/6777"}],"collection":[{"href":"https:\/\/deliciaspersas.com\/fa\/wp-json\/wp\/v2\/product"}],"about":[{"href":"https:\/\/deliciaspersas.com\/fa\/wp-json\/wp\/v2\/types\/product"}],"wp:featuredmedia":[{"embeddable":true,"href":"https:\/\/deliciaspersas.com\/fa\/wp-json\/wp\/v2\/media\/9185"}],"wp:attachment":[{"href":"https:\/\/deliciaspersas.com\/fa\/wp-json\/wp\/v2\/media?parent=6777"}],"wp:term":[{"taxonomy":"pwb-brand","embeddable":true,"href":"https:\/\/deliciaspersas.com\/fa\/wp-json\/wp\/v2\/pwb-brand?post=6777"},{"taxonomy":"product_cat","embeddable":true,"href":"https:\/\/deliciaspersas.com\/fa\/wp-json\/wp\/v2\/product_cat?post=6777"},{"taxonomy":"product_tag","embeddable":true,"href":"https:\/\/deliciaspersas.com\/fa\/wp-json\/wp\/v2\/product_tag?post=6777"}],"curies":[{"name":"wp","href":"https:\/\/api.w.org\/{rel}","templated":true}]}}