{"id":6915,"date":"2021-02-10T19:32:14","date_gmt":"2021-02-10T18:32:14","guid":{"rendered":"https:\/\/deliciaspersas.com\/?post_type=product&#038;p=6915"},"modified":"2024-07-07T11:25:57","modified_gmt":"2024-07-07T09:25:57","slug":"halva-de-sesamo-700g-durra","status":"publish","type":"product","link":"https:\/\/deliciaspersas.com\/fa\/tienda\/delicias-dulces\/halva-de-sesamo-700g-durra\/","title":{"rendered":"Halva de S\u00e9samo 700g Durra"},"content":{"rendered":"<h1>Halva de S\u00e9samo 700g Durra<\/h1>\n<h6>Informaci\u00f3n del producto:<\/h6>\n<p>El halawa es un aderezo t\u00edpico persa formado por pasta de s\u00e9mola.<\/p>\n<h6>Usos:<\/h6>\n<p>El halva se emplea como aderezo, siendo un t\u00edpico alimento persa; que adem\u00e1s de un gran sabor, nos aporta m\u00faltiples beneficios. Las semillas de s\u00e9samo utilizadas para hacer tahini en halawa son nutritivas, ricas en\u00a0prote\u00ednas\u00a0,\u00a0vitaminas\u00a0y\u00a0minerales\u00a0, y tienen propiedades inmunoprotectoras y protectoras cardiovasculares similares a otros superalimentos como el aceite de oliva y las nueces.<\/p>\n<h6>Beneficios:<\/h6>\n<p>El Halawa es uno de los alimentos para el desayuno m\u00e1s nutritivos para los iran\u00edes, que es rico en prote\u00ednas, vitaminas B, D, E, lecitina y contiene \u00e1cidos grasos insaturados. La Halawa est\u00e1 hecha de una combinaci\u00f3n de s\u00e9samo molido con jugo o az\u00facar, y cada gramo tiene 5 calor\u00edas y 30% de grasa.<\/p>\n<p>Debido a que el Halawa est\u00e1 hecho de s\u00e9samo, contiene sustancias y vitaminas que se encuentran en el s\u00e9samo, prote\u00ednas, vitaminas B, vitaminas A y D, escuche y contiene \u00e1cidos grasos insaturados y saturados como el \u00e1cido oleico.<\/p>\n<p class=\"paragraph\" data-gtm-element-container=\"modulo-texto-link\">Las almendras, otro ingrediente de este producto, son uno de los frutos secos m\u00e1s nutritivos del planeta, tienen un sabor delicado y dulz\u00f3n, y contienen infinidad de propiedades beneficiosas para nuestro organismo. Entre sus bondades destaca que ayudan a fortalecer los huesos, el cabello, la piel y son buenas para el coraz\u00f3n, por ello la Federaci\u00f3n espa\u00f1ola del coraz\u00f3n recomienda su consumo.<\/p>\n<p class=\"paragraph\" data-gtm-element-container=\"modulo-texto-link\">Son ricas en fibras, prote\u00ednas, vitaminas B y E, grasas saludables, hierro, calcio, f\u00f3sforo\u2026 Merendar almendras o tomarlas a media ma\u00f1ana puede ayudar a mantener unos niveles saludables de colesterol; adem\u00e1s,\u00a0contienen m\u00e1s fibra que cualquier otro fruto seco.<\/p>\n<div class=\"step\">\n<div class=\"paragraph\">\n<p><span style=\"font-size: 1.1em; font-weight: bold;\">Ingredientes y al\u00e9rgenos:<\/span><\/p>\n<\/div>\n<\/div>\n<p>Sus ingredientes son:<\/p>\n<ol class=\"list-unstyled text-cookpad-18\" data-target=\"dir.auto\">\n<li id=\"ingredient_42620910\" class=\"ingredient first:border-t-0 border-t border-dashed border-quaternary\">\n<div>1 taza\u00a0leche descremada en polvo<\/div>\n<\/li>\n<li id=\"ingredient_42622521\" class=\"ingredient first:border-t-0 border-t border-dashed border-quaternary\">\n<div>3\/4\u00a0a 1 taza de az\u00facar flor (Icing sugar)<\/div>\n<\/li>\n<li id=\"ingredient_42622557\" class=\"ingredient first:border-t-0 border-t border-dashed border-quaternary\">\n<div>1 1\/2 taza\u00a0Tahini, aprox<\/div>\n<\/li>\n<li>50 g harina de almendras.<\/li>\n<\/ol>\n<h6>Condiciones de conservaci\u00f3n:<\/h6>\n<p>Conservar en un lugar fresco, seco y protegido de la luz.<\/p>\n<h6>Informaci\u00f3n adicional:<\/h6>\n<p>Fabricado por: Durra.<\/p>\n","protected":false},"excerpt":{"rendered":"<p>Halva de S\u00e9samo 700g Durra Informaci\u00f3n del producto: El halawa es un aderezo t\u00edpico persa formado por pasta de s\u00e9mola. Usos: El halva se emplea como aderezo, siendo un t\u00edpico alimento persa; que adem\u00e1s de un gran sabor, nos aporta m\u00faltiples beneficios. Las semillas de s\u00e9samo utilizadas para hacer tahini en halawa son nutritivas, ricas [&hellip;]<\/p>\n","protected":false},"featured_media":7063,"template":"","meta":{"_surecart_dashboard_logo_width":"180px","_surecart_dashboard_show_logo":true,"_surecart_dashboard_navigation_orders":true,"_surecart_dashboard_navigation_invoices":true,"_surecart_dashboard_navigation_subscriptions":true,"_surecart_dashboard_navigation_downloads":true,"_surecart_dashboard_navigation_billing":true,"_surecart_dashboard_navigation_account":true,"_uag_custom_page_level_css":"","site-sidebar-layout":"default","site-content-layout":"default","ast-site-content-layout":"default","site-content-style":"default","site-sidebar-style":"default","ast-global-header-display":"","ast-banner-title-visibility":"","ast-main-header-display":"","ast-hfb-above-header-display":"","ast-hfb-below-header-display":"","ast-hfb-mobile-header-display":"","site-post-title":"","ast-breadcrumbs-content":"","ast-featured-img":"","footer-sml-layout":"","theme-transparent-header-meta":"default","adv-header-id-meta":"","stick-header-meta":"","header-above-stick-meta":"","header-main-stick-meta":"","header-below-stick-meta":"","astra-migrate-meta-layouts":"set","ast-page-background-enabled":"default","ast-page-background-meta":{"desktop":{"background-color":"","background-image":"","background-repeat":"repeat","background-position":"center center","background-size":"auto","background-attachment":"scroll","background-type":"","background-media":"","overlay-type":"","overlay-color":"","overlay-opacity":"","overlay-gradient":""},"tablet":{"background-color":"","background-image":"","background-repeat":"repeat","background-position":"center center","background-size":"auto","background-attachment":"scroll","background-type":"","background-media":"","overlay-type":"","overlay-color":"","overlay-opacity":"","overlay-gradient":""},"mobile":{"background-color":"","background-image":"","background-repeat":"repeat","background-position":"center center","background-size":"auto","background-attachment":"scroll","background-type":"","background-media":"","overlay-type":"","overlay-color":"","overlay-opacity":"","overlay-gradient":""}},"ast-content-background-meta":{"desktop":{"background-color":"var(--ast-global-color-5)","background-image":"","background-repeat":"repeat","background-position":"center center","background-size":"auto","background-attachment":"scroll","background-type":"","background-media":"","overlay-type":"","overlay-color":"","overlay-opacity":"","overlay-gradient":""},"tablet":{"background-color":"var(--ast-global-color-5)","background-image":"","background-repeat":"repeat","background-position":"center center","background-size":"auto","background-attachment":"scroll","background-type":"","background-media":"","overlay-type":"","overlay-color":"","overlay-opacity":"","overlay-gradient":""},"mobile":{"background-color":"var(--ast-global-color-5)","background-image":"","background-repeat":"repeat","background-position":"center center","background-size":"auto","background-attachment":"scroll","background-type":"","background-media":"","overlay-type":"","overlay-color":"","overlay-opacity":"","overlay-gradient":""}}},"pwb-brand":[179],"product_cat":[31,36],"product_tag":[576,997,843,680],"class_list":{"0":"post-6915","1":"product","2":"type-product","3":"status-publish","4":"has-post-thumbnail","6":"pwb-brand-durra","7":"product_cat-delicias-dulces","8":"product_cat-desayuno","9":"product_tag-desayuno","10":"product_tag-halawa","11":"product_tag-postre","12":"product_tag-680","13":"desktop-align-center","14":"tablet-align-center","15":"mobile-align-center","17":"first","18":"outofstock","19":"taxable","20":"shipping-taxable","21":"purchasable","22":"product-type-simple"},"yoast_head":"<!-- This site is optimized with the Yoast SEO plugin v23.6 - https:\/\/yoast.com\/wordpress\/plugins\/seo\/ -->\n<title>Halva de S\u00e9samo 700g Durra - Delicias Persas<\/title>\n<meta name=\"description\" content=\"El halawa es un aderezo t\u00edpico persa; y el cual nos aporta m\u00faltiples beneficios gracias a sus semillas de s\u00e9samo como prote\u00ednas\u00a0,\u00a0vitaminas\u00a0y\u00a0minerales.\" \/>\n<meta name=\"robots\" content=\"index, follow, max-snippet:-1, max-image-preview:large, max-video-preview:-1\" \/>\n<link rel=\"canonical\" href=\"https:\/\/deliciaspersas.com\/fa\/tienda\/delicias-dulces\/halva-de-sesamo-700g-durra\/\" \/>\n<meta property=\"og:locale\" content=\"fa_IR\" \/>\n<meta property=\"og:type\" content=\"article\" \/>\n<meta property=\"og:title\" content=\"Halva de S\u00e9samo 700g Durra - Delicias Persas\" \/>\n<meta property=\"og:description\" content=\"El halawa es un aderezo t\u00edpico persa; y el cual nos aporta m\u00faltiples beneficios gracias a sus semillas de s\u00e9samo como prote\u00ednas\u00a0,\u00a0vitaminas\u00a0y\u00a0minerales.\" \/>\n<meta property=\"og:url\" content=\"https:\/\/deliciaspersas.com\/fa\/tienda\/delicias-dulces\/halva-de-sesamo-700g-durra\/\" \/>\n<meta property=\"og:site_name\" content=\"Delicias Persas\" \/>\n<meta property=\"article:publisher\" content=\"https:\/\/www.facebook.com\/Deliciaspersas\" \/>\n<meta property=\"article:modified_time\" content=\"2024-07-07T09:25:57+00:00\" \/>\n<meta property=\"og:image\" content=\"https:\/\/deliciaspersas.com\/wp-content\/uploads\/Halawa-Halva-700g-Durra-1.jpg\" \/>\n\t<meta property=\"og:image:width\" content=\"760\" \/>\n\t<meta property=\"og:image:height\" content=\"760\" \/>\n\t<meta property=\"og:image:type\" content=\"image\/jpeg\" \/>\n<meta name=\"twitter:card\" content=\"summary_large_image\" \/>\n<meta name=\"twitter:label1\" content=\"\u0632\u0645\u0627\u0646 \u062a\u0642\u0631\u06cc\u0628\u06cc \u0628\u0631\u0627\u06cc \u062e\u0648\u0627\u0646\u062f\u0646\" \/>\n\t<meta name=\"twitter:data1\" content=\"2 \u062f\u0642\u06cc\u0642\u0647\" \/>\n<script type=\"application\/ld+json\" class=\"yoast-schema-graph\">{\"@context\":\"https:\/\/schema.org\",\"@graph\":[{\"@type\":\"WebPage\",\"@id\":\"https:\/\/deliciaspersas.com\/fa\/tienda\/delicias-dulces\/halva-de-sesamo-700g-durra\/\",\"url\":\"https:\/\/deliciaspersas.com\/fa\/tienda\/delicias-dulces\/halva-de-sesamo-700g-durra\/\",\"name\":\"Halva de S\u00e9samo 700g Durra - Delicias Persas\",\"isPartOf\":{\"@id\":\"https:\/\/deliciaspersas.com\/fa\/#website\"},\"primaryImageOfPage\":{\"@id\":\"https:\/\/deliciaspersas.com\/fa\/tienda\/delicias-dulces\/halva-de-sesamo-700g-durra\/#primaryimage\"},\"image\":{\"@id\":\"https:\/\/deliciaspersas.com\/fa\/tienda\/delicias-dulces\/halva-de-sesamo-700g-durra\/#primaryimage\"},\"thumbnailUrl\":\"https:\/\/deliciaspersas.com\/wp-content\/uploads\/Halawa-Halva-700g-Durra-1.jpg\",\"datePublished\":\"2021-02-10T18:32:14+00:00\",\"dateModified\":\"2024-07-07T09:25:57+00:00\",\"description\":\"El halawa es un aderezo t\u00edpico persa; y el cual nos aporta m\u00faltiples beneficios gracias a sus semillas de s\u00e9samo como prote\u00ednas\u00a0,\u00a0vitaminas\u00a0y\u00a0minerales.\",\"breadcrumb\":{\"@id\":\"https:\/\/deliciaspersas.com\/fa\/tienda\/delicias-dulces\/halva-de-sesamo-700g-durra\/#breadcrumb\"},\"inLanguage\":\"fa-IR\",\"potentialAction\":[{\"@type\":\"ReadAction\",\"target\":[\"https:\/\/deliciaspersas.com\/fa\/tienda\/delicias-dulces\/halva-de-sesamo-700g-durra\/\"]}]},{\"@type\":\"ImageObject\",\"inLanguage\":\"fa-IR\",\"@id\":\"https:\/\/deliciaspersas.com\/fa\/tienda\/delicias-dulces\/halva-de-sesamo-700g-durra\/#primaryimage\",\"url\":\"https:\/\/deliciaspersas.com\/wp-content\/uploads\/Halawa-Halva-700g-Durra-1.jpg\",\"contentUrl\":\"https:\/\/deliciaspersas.com\/wp-content\/uploads\/Halawa-Halva-700g-Durra-1.jpg\",\"width\":760,\"height\":760,\"caption\":\"Halawa Halva 700g Durra\"},{\"@type\":\"BreadcrumbList\",\"@id\":\"https:\/\/deliciaspersas.com\/fa\/tienda\/delicias-dulces\/halva-de-sesamo-700g-durra\/#breadcrumb\",\"itemListElement\":[{\"@type\":\"ListItem\",\"position\":1,\"name\":\"Portada\",\"item\":\"https:\/\/deliciaspersas.com\/fa\/\"},{\"@type\":\"ListItem\",\"position\":2,\"name\":\"Tienda\",\"item\":\"https:\/\/deliciaspersas.com\/\"},{\"@type\":\"ListItem\",\"position\":3,\"name\":\"Halva de S\u00e9samo 700g Durra\"}]},{\"@type\":\"WebSite\",\"@id\":\"https:\/\/deliciaspersas.com\/fa\/#website\",\"url\":\"https:\/\/deliciaspersas.com\/fa\/\",\"name\":\"Delicias Persas\",\"description\":\"Gastronom&iacute;a persa al alcance de tus manos\",\"publisher\":{\"@id\":\"https:\/\/deliciaspersas.com\/fa\/#organization\"},\"potentialAction\":[{\"@type\":\"SearchAction\",\"target\":{\"@type\":\"EntryPoint\",\"urlTemplate\":\"https:\/\/deliciaspersas.com\/fa\/?s={search_term_string}\"},\"query-input\":{\"@type\":\"PropertyValueSpecification\",\"valueRequired\":true,\"valueName\":\"search_term_string\"}}],\"inLanguage\":\"fa-IR\"},{\"@type\":\"Organization\",\"@id\":\"https:\/\/deliciaspersas.com\/fa\/#organization\",\"name\":\"Delicias Persas\",\"url\":\"https:\/\/deliciaspersas.com\/fa\/\",\"logo\":{\"@type\":\"ImageObject\",\"inLanguage\":\"fa-IR\",\"@id\":\"https:\/\/deliciaspersas.com\/fa\/#\/schema\/logo\/image\/\",\"url\":\"https:\/\/deliciaspersas.com\/wp-content\/uploads\/2020\/07\/logo-2020.png\",\"contentUrl\":\"https:\/\/deliciaspersas.com\/wp-content\/uploads\/2020\/07\/logo-2020.png\",\"width\":520,\"height\":490,\"caption\":\"Delicias Persas\"},\"image\":{\"@id\":\"https:\/\/deliciaspersas.com\/fa\/#\/schema\/logo\/image\/\"},\"sameAs\":[\"https:\/\/www.facebook.com\/Deliciaspersas\",\"https:\/\/www.instagram.com\/delicias_persas\/\",\"https:\/\/www.linkedin.com\/delicias-persas\"]}]}<\/script>\n<!-- \/ Yoast SEO plugin. -->","yoast_head_json":{"title":"Halva de S\u00e9samo 700g Durra - Delicias Persas","description":"El halawa es un aderezo t\u00edpico persa; y el cual nos aporta m\u00faltiples beneficios gracias a sus semillas de s\u00e9samo como prote\u00ednas\u00a0,\u00a0vitaminas\u00a0y\u00a0minerales.","robots":{"index":"index","follow":"follow","max-snippet":"max-snippet:-1","max-image-preview":"max-image-preview:large","max-video-preview":"max-video-preview:-1"},"canonical":"https:\/\/deliciaspersas.com\/fa\/tienda\/delicias-dulces\/halva-de-sesamo-700g-durra\/","og_locale":"fa_IR","og_type":"article","og_title":"Halva de S\u00e9samo 700g Durra - Delicias Persas","og_description":"El halawa es un aderezo t\u00edpico persa; y el cual nos aporta m\u00faltiples beneficios gracias a sus semillas de s\u00e9samo como prote\u00ednas\u00a0,\u00a0vitaminas\u00a0y\u00a0minerales.","og_url":"https:\/\/deliciaspersas.com\/fa\/tienda\/delicias-dulces\/halva-de-sesamo-700g-durra\/","og_site_name":"Delicias Persas","article_publisher":"https:\/\/www.facebook.com\/Deliciaspersas","article_modified_time":"2024-07-07T09:25:57+00:00","og_image":[{"width":760,"height":760,"url":"https:\/\/deliciaspersas.com\/wp-content\/uploads\/Halawa-Halva-700g-Durra-1.jpg","type":"image\/jpeg"}],"twitter_card":"summary_large_image","twitter_misc":{"\u0632\u0645\u0627\u0646 \u062a\u0642\u0631\u06cc\u0628\u06cc \u0628\u0631\u0627\u06cc \u062e\u0648\u0627\u0646\u062f\u0646":"2 \u062f\u0642\u06cc\u0642\u0647"},"schema":{"@context":"https:\/\/schema.org","@graph":[{"@type":"WebPage","@id":"https:\/\/deliciaspersas.com\/fa\/tienda\/delicias-dulces\/halva-de-sesamo-700g-durra\/","url":"https:\/\/deliciaspersas.com\/fa\/tienda\/delicias-dulces\/halva-de-sesamo-700g-durra\/","name":"Halva de S\u00e9samo 700g Durra - Delicias Persas","isPartOf":{"@id":"https:\/\/deliciaspersas.com\/fa\/#website"},"primaryImageOfPage":{"@id":"https:\/\/deliciaspersas.com\/fa\/tienda\/delicias-dulces\/halva-de-sesamo-700g-durra\/#primaryimage"},"image":{"@id":"https:\/\/deliciaspersas.com\/fa\/tienda\/delicias-dulces\/halva-de-sesamo-700g-durra\/#primaryimage"},"thumbnailUrl":"https:\/\/deliciaspersas.com\/wp-content\/uploads\/Halawa-Halva-700g-Durra-1.jpg","datePublished":"2021-02-10T18:32:14+00:00","dateModified":"2024-07-07T09:25:57+00:00","description":"El halawa es un aderezo t\u00edpico persa; y el cual nos aporta m\u00faltiples beneficios gracias a sus semillas de s\u00e9samo como prote\u00ednas\u00a0,\u00a0vitaminas\u00a0y\u00a0minerales.","breadcrumb":{"@id":"https:\/\/deliciaspersas.com\/fa\/tienda\/delicias-dulces\/halva-de-sesamo-700g-durra\/#breadcrumb"},"inLanguage":"fa-IR","potentialAction":[{"@type":"ReadAction","target":["https:\/\/deliciaspersas.com\/fa\/tienda\/delicias-dulces\/halva-de-sesamo-700g-durra\/"]}]},{"@type":"ImageObject","inLanguage":"fa-IR","@id":"https:\/\/deliciaspersas.com\/fa\/tienda\/delicias-dulces\/halva-de-sesamo-700g-durra\/#primaryimage","url":"https:\/\/deliciaspersas.com\/wp-content\/uploads\/Halawa-Halva-700g-Durra-1.jpg","contentUrl":"https:\/\/deliciaspersas.com\/wp-content\/uploads\/Halawa-Halva-700g-Durra-1.jpg","width":760,"height":760,"caption":"Halawa Halva 700g Durra"},{"@type":"BreadcrumbList","@id":"https:\/\/deliciaspersas.com\/fa\/tienda\/delicias-dulces\/halva-de-sesamo-700g-durra\/#breadcrumb","itemListElement":[{"@type":"ListItem","position":1,"name":"Portada","item":"https:\/\/deliciaspersas.com\/fa\/"},{"@type":"ListItem","position":2,"name":"Tienda","item":"https:\/\/deliciaspersas.com\/"},{"@type":"ListItem","position":3,"name":"Halva de S\u00e9samo 700g Durra"}]},{"@type":"WebSite","@id":"https:\/\/deliciaspersas.com\/fa\/#website","url":"https:\/\/deliciaspersas.com\/fa\/","name":"Delicias Persas","description":"Gastronom&iacute;a persa al alcance de tus manos","publisher":{"@id":"https:\/\/deliciaspersas.com\/fa\/#organization"},"potentialAction":[{"@type":"SearchAction","target":{"@type":"EntryPoint","urlTemplate":"https:\/\/deliciaspersas.com\/fa\/?s={search_term_string}"},"query-input":{"@type":"PropertyValueSpecification","valueRequired":true,"valueName":"search_term_string"}}],"inLanguage":"fa-IR"},{"@type":"Organization","@id":"https:\/\/deliciaspersas.com\/fa\/#organization","name":"Delicias Persas","url":"https:\/\/deliciaspersas.com\/fa\/","logo":{"@type":"ImageObject","inLanguage":"fa-IR","@id":"https:\/\/deliciaspersas.com\/fa\/#\/schema\/logo\/image\/","url":"https:\/\/deliciaspersas.com\/wp-content\/uploads\/2020\/07\/logo-2020.png","contentUrl":"https:\/\/deliciaspersas.com\/wp-content\/uploads\/2020\/07\/logo-2020.png","width":520,"height":490,"caption":"Delicias Persas"},"image":{"@id":"https:\/\/deliciaspersas.com\/fa\/#\/schema\/logo\/image\/"},"sameAs":["https:\/\/www.facebook.com\/Deliciaspersas","https:\/\/www.instagram.com\/delicias_persas\/","https:\/\/www.linkedin.com\/delicias-persas"]}]}},"uagb_featured_image_src":{"full":["https:\/\/deliciaspersas.com\/wp-content\/uploads\/Halawa-Halva-700g-Durra-1.jpg",760,760,false],"thumbnail":["https:\/\/deliciaspersas.com\/wp-content\/uploads\/Halawa-Halva-700g-Durra-1-150x150.jpg",150,150,true],"medium":["https:\/\/deliciaspersas.com\/wp-content\/uploads\/Halawa-Halva-700g-Durra-1-300x300.jpg",300,300,true],"medium_large":["https:\/\/deliciaspersas.com\/wp-content\/uploads\/Halawa-Halva-700g-Durra-1.jpg",760,760,false],"large":["https:\/\/deliciaspersas.com\/wp-content\/uploads\/Halawa-Halva-700g-Durra-1.jpg",760,760,false],"1536x1536":["https:\/\/deliciaspersas.com\/wp-content\/uploads\/Halawa-Halva-700g-Durra-1.jpg",760,760,false],"2048x2048":["https:\/\/deliciaspersas.com\/wp-content\/uploads\/Halawa-Halva-700g-Durra-1.jpg",760,760,false],"woocommerce_thumbnail":["https:\/\/deliciaspersas.com\/wp-content\/uploads\/Halawa-Halva-700g-Durra-1-300x300.jpg",300,300,true],"woocommerce_single":["https:\/\/deliciaspersas.com\/wp-content\/uploads\/Halawa-Halva-700g-Durra-1-600x600.jpg",600,600,true],"woocommerce_gallery_thumbnail":["https:\/\/deliciaspersas.com\/wp-content\/uploads\/Halawa-Halva-700g-Durra-1-100x100.jpg",100,100,true]},"uagb_author_info":{"display_name":"admin","author_link":"https:\/\/deliciaspersas.com\/fa\/author\/"},"uagb_comment_info":0,"uagb_excerpt":"Halva de S\u00e9samo 700g Durra Informaci\u00f3n del producto: El halawa es un aderezo t\u00edpico persa formado por pasta de s\u00e9mola. Usos: El halva se emplea como aderezo, siendo un t\u00edpico alimento persa; que adem\u00e1s de un gran sabor, nos aporta m\u00faltiples beneficios. Las semillas de s\u00e9samo utilizadas para hacer tahini en halawa son nutritivas, ricas&hellip;","brands":[{"id":179,"name":"Durra","slug":"durra"}],"_links":{"self":[{"href":"https:\/\/deliciaspersas.com\/fa\/wp-json\/wp\/v2\/product\/6915"}],"collection":[{"href":"https:\/\/deliciaspersas.com\/fa\/wp-json\/wp\/v2\/product"}],"about":[{"href":"https:\/\/deliciaspersas.com\/fa\/wp-json\/wp\/v2\/types\/product"}],"wp:featuredmedia":[{"embeddable":true,"href":"https:\/\/deliciaspersas.com\/fa\/wp-json\/wp\/v2\/media\/7063"}],"wp:attachment":[{"href":"https:\/\/deliciaspersas.com\/fa\/wp-json\/wp\/v2\/media?parent=6915"}],"wp:term":[{"taxonomy":"pwb-brand","embeddable":true,"href":"https:\/\/deliciaspersas.com\/fa\/wp-json\/wp\/v2\/pwb-brand?post=6915"},{"taxonomy":"product_cat","embeddable":true,"href":"https:\/\/deliciaspersas.com\/fa\/wp-json\/wp\/v2\/product_cat?post=6915"},{"taxonomy":"product_tag","embeddable":true,"href":"https:\/\/deliciaspersas.com\/fa\/wp-json\/wp\/v2\/product_tag?post=6915"}],"curies":[{"name":"wp","href":"https:\/\/api.w.org\/{rel}","templated":true}]}}