{"id":6985,"date":"2021-02-15T10:48:25","date_gmt":"2021-02-15T09:48:25","guid":{"rendered":"https:\/\/deliciaspersas.com\/?post_type=product&#038;p=6985"},"modified":"2025-09-30T10:56:11","modified_gmt":"2025-09-30T08:56:11","slug":"pistacho-troceado-granel-100g-dayan","status":"publish","type":"product","link":"https:\/\/deliciaspersas.com\/fa\/tienda\/secos\/pistacho-troceado-granel-100g-dayan\/","title":{"rendered":"Pistacho troceado (Khalal Peste) 100g granel"},"content":{"rendered":"<h1>Pistacho troceado (Khalal Peste) 100g granel<\/h1>\n<h6>Informaci\u00f3n del producto:<\/h6>\n<p>Pistacho troceado, en tiras. El pistacho es el m\u00e1s goloso de los frutos secos. El sabor agridulce derrite el paladar y no paramos hasta que desaparecen de la bandeja. En Ir\u00e1n o Siria no podr\u00edan concebir la vida sin el gusto de llevarse a la boca una mano de pistachos o las deliciosas pastitas que con ellos preparan. El placer va adem\u00e1s acompa\u00f1ado de ventajas para la salud: los pistachos son nutritivos y benefician a los sistemas nervioso, cardiovascular e inmunitario, que es tanto como decir que promueven la salud en general.<\/p>\n<h6>Usos:<\/h6>\n<p>Pistacho troceado, perfecto para hacer postres, como bizcochos, pastelitos o cookies! Tambi\u00e9n se puede usar en diversos arroces o guisos o se puede consumir como un tentempi\u00e9 sano.<\/p>\n<h6>Beneficios:<\/h6>\n<p>La abundancia de antioxidantes y otros agentes, en el pistacho, que inhiben la expresi\u00f3n de genes relacionados con los procesos inflamatorios sirve para disminuir el riesgo de sufrir una variedad de enfermedades cr\u00f3nicas y degenerativas, como la diabetes e incluso el c\u00e1ncer. Una raci\u00f3n de 30 g de pistachos contiene m\u00e1s sustancias antioxidantes que una taza de t\u00e9 verde. La combinaci\u00f3n de altas proporciones de cobre (1,3 mg\/100 g) y de\u00a0hierro (4,15 mg)favorece la asimilaci\u00f3n de este \u00faltimo mineral. Por eso el pistacho es adecuado en casos de anemia. Otra forma de potenciar la absorci\u00f3n del hierro del pistacho es acompa\u00f1ando el fruto seco de alimentos ricos en vitamina C.<\/p>\n<p>El pistacho es un tentempi\u00e9 sano si se consume en raciones moderadas. Es rico en fibra, lo que\u00a0favorece el tr\u00e1nsito intestinal y el control del az\u00facar. Los diab\u00e9ticos pueden usarlos para reducir la carga gluc\u00e9mica elevada de otros alimentos, como el pan o las patatas.<\/p>\n<h6>Ingredientes y al\u00e9rgenos:<\/h6>\n<p>Pistacho.<\/p>\n<h6>Condiciones de conservaci\u00f3n:<\/h6>\n<p>Conservar en un lugar fresco, seco y protegido de la luz.<\/p>\n","protected":false},"excerpt":{"rendered":"<p>Pistacho troceado (Khalal Peste) 100g granel Informaci\u00f3n del producto: Pistacho troceado, en tiras. El pistacho es el m\u00e1s goloso de los frutos secos. El sabor agridulce derrite el paladar y no paramos hasta que desaparecen de la bandeja. En Ir\u00e1n o Siria no podr\u00edan concebir la vida sin el gusto de llevarse a la boca [&hellip;]<\/p>\n","protected":false},"featured_media":12365,"template":"","meta":{"_surecart_dashboard_logo_width":"180px","_surecart_dashboard_show_logo":true,"_surecart_dashboard_navigation_orders":true,"_surecart_dashboard_navigation_invoices":true,"_surecart_dashboard_navigation_subscriptions":true,"_surecart_dashboard_navigation_downloads":true,"_surecart_dashboard_navigation_billing":true,"_surecart_dashboard_navigation_account":true,"_uag_custom_page_level_css":"","site-sidebar-layout":"default","site-content-layout":"default","ast-site-content-layout":"default","site-content-style":"default","site-sidebar-style":"default","ast-global-header-display":"","ast-banner-title-visibility":"","ast-main-header-display":"","ast-hfb-above-header-display":"","ast-hfb-below-header-display":"","ast-hfb-mobile-header-display":"","site-post-title":"","ast-breadcrumbs-content":"","ast-featured-img":"","footer-sml-layout":"","theme-transparent-header-meta":"default","adv-header-id-meta":"","stick-header-meta":"","header-above-stick-meta":"","header-main-stick-meta":"","header-below-stick-meta":"","astra-migrate-meta-layouts":"set","ast-page-background-enabled":"default","ast-page-background-meta":{"desktop":{"background-color":"","background-image":"","background-repeat":"repeat","background-position":"center center","background-size":"auto","background-attachment":"scroll","background-type":"","background-media":"","overlay-type":"","overlay-color":"","overlay-opacity":"","overlay-gradient":""},"tablet":{"background-color":"","background-image":"","background-repeat":"repeat","background-position":"center center","background-size":"auto","background-attachment":"scroll","background-type":"","background-media":"","overlay-type":"","overlay-color":"","overlay-opacity":"","overlay-gradient":""},"mobile":{"background-color":"","background-image":"","background-repeat":"repeat","background-position":"center center","background-size":"auto","background-attachment":"scroll","background-type":"","background-media":"","overlay-type":"","overlay-color":"","overlay-opacity":"","overlay-gradient":""}},"ast-content-background-meta":{"desktop":{"background-color":"var(--ast-global-color-5)","background-image":"","background-repeat":"repeat","background-position":"center center","background-size":"auto","background-attachment":"scroll","background-type":"","background-media":"","overlay-type":"","overlay-color":"","overlay-opacity":"","overlay-gradient":""},"tablet":{"background-color":"var(--ast-global-color-5)","background-image":"","background-repeat":"repeat","background-position":"center center","background-size":"auto","background-attachment":"scroll","background-type":"","background-media":"","overlay-type":"","overlay-color":"","overlay-opacity":"","overlay-gradient":""},"mobile":{"background-color":"var(--ast-global-color-5)","background-image":"","background-repeat":"repeat","background-position":"center center","background-size":"auto","background-attachment":"scroll","background-type":"","background-media":"","overlay-type":"","overlay-color":"","overlay-opacity":"","overlay-gradient":""}}},"pwb-brand":[113],"product_cat":[40,1099],"product_tag":[556,679,681],"class_list":{"0":"post-6985","1":"product","2":"type-product","3":"status-publish","4":"has-post-thumbnail","6":"pwb-brand-dayan-2","7":"product_cat-secos","8":"product_cat-granel","9":"product_tag-frutos-secos","10":"product_tag-pistacho","11":"product_tag-681","12":"desktop-align-center","13":"tablet-align-center","14":"mobile-align-center","16":"first","17":"outofstock","18":"taxable","19":"shipping-taxable","20":"purchasable","21":"product-type-simple"},"yoast_head":"<!-- This site is optimized with the Yoast SEO plugin v23.6 - https:\/\/yoast.com\/wordpress\/plugins\/seo\/ -->\n<title>Pistacho troceado (Khalal Peste) 100g granel - Delicias Persas<\/title>\n<meta name=\"description\" content=\"Pistacho troceado, perfecto para hacer postres, como bizcochos, pastelitos o cookies! Tambi\u00e9n se puede usar en diversos arroces o guisos.\" \/>\n<meta name=\"robots\" content=\"index, follow, max-snippet:-1, max-image-preview:large, max-video-preview:-1\" \/>\n<link rel=\"canonical\" href=\"https:\/\/deliciaspersas.com\/fa\/tienda\/secos\/pistacho-troceado-granel-100g-dayan\/\" \/>\n<meta property=\"og:locale\" content=\"fa_IR\" \/>\n<meta property=\"og:type\" content=\"article\" \/>\n<meta property=\"og:title\" content=\"Pistacho troceado (Khalal Peste) 100g granel - Delicias Persas\" \/>\n<meta property=\"og:description\" content=\"Pistacho troceado, perfecto para hacer postres, como bizcochos, pastelitos o cookies! Tambi\u00e9n se puede usar en diversos arroces o guisos.\" \/>\n<meta property=\"og:url\" content=\"https:\/\/deliciaspersas.com\/fa\/tienda\/secos\/pistacho-troceado-granel-100g-dayan\/\" \/>\n<meta property=\"og:site_name\" content=\"Delicias Persas\" \/>\n<meta property=\"article:publisher\" content=\"https:\/\/www.facebook.com\/Deliciaspersas\" \/>\n<meta property=\"article:modified_time\" content=\"2025-09-30T08:56:11+00:00\" \/>\n<meta property=\"og:image\" content=\"https:\/\/deliciaspersas.com\/wp-content\/uploads\/Khalal-Peste.jpeg\" \/>\n\t<meta property=\"og:image:width\" content=\"512\" \/>\n\t<meta property=\"og:image:height\" content=\"512\" \/>\n\t<meta property=\"og:image:type\" content=\"image\/jpeg\" \/>\n<meta name=\"twitter:card\" content=\"summary_large_image\" \/>\n<meta name=\"twitter:label1\" content=\"\u0632\u0645\u0627\u0646 \u062a\u0642\u0631\u06cc\u0628\u06cc \u0628\u0631\u0627\u06cc \u062e\u0648\u0627\u0646\u062f\u0646\" \/>\n\t<meta name=\"twitter:data1\" content=\"2 \u062f\u0642\u06cc\u0642\u0647\" \/>\n<script type=\"application\/ld+json\" class=\"yoast-schema-graph\">{\"@context\":\"https:\/\/schema.org\",\"@graph\":[{\"@type\":\"WebPage\",\"@id\":\"https:\/\/deliciaspersas.com\/fa\/tienda\/secos\/pistacho-troceado-granel-100g-dayan\/\",\"url\":\"https:\/\/deliciaspersas.com\/fa\/tienda\/secos\/pistacho-troceado-granel-100g-dayan\/\",\"name\":\"Pistacho troceado (Khalal Peste) 100g granel - Delicias Persas\",\"isPartOf\":{\"@id\":\"https:\/\/deliciaspersas.com\/fa\/#website\"},\"primaryImageOfPage\":{\"@id\":\"https:\/\/deliciaspersas.com\/fa\/tienda\/secos\/pistacho-troceado-granel-100g-dayan\/#primaryimage\"},\"image\":{\"@id\":\"https:\/\/deliciaspersas.com\/fa\/tienda\/secos\/pistacho-troceado-granel-100g-dayan\/#primaryimage\"},\"thumbnailUrl\":\"https:\/\/deliciaspersas.com\/wp-content\/uploads\/Khalal-Peste.jpeg\",\"datePublished\":\"2021-02-15T09:48:25+00:00\",\"dateModified\":\"2025-09-30T08:56:11+00:00\",\"description\":\"Pistacho troceado, perfecto para hacer postres, como bizcochos, pastelitos o cookies! Tambi\u00e9n se puede usar en diversos arroces o guisos.\",\"breadcrumb\":{\"@id\":\"https:\/\/deliciaspersas.com\/fa\/tienda\/secos\/pistacho-troceado-granel-100g-dayan\/#breadcrumb\"},\"inLanguage\":\"fa-IR\",\"potentialAction\":[{\"@type\":\"ReadAction\",\"target\":[\"https:\/\/deliciaspersas.com\/fa\/tienda\/secos\/pistacho-troceado-granel-100g-dayan\/\"]}]},{\"@type\":\"ImageObject\",\"inLanguage\":\"fa-IR\",\"@id\":\"https:\/\/deliciaspersas.com\/fa\/tienda\/secos\/pistacho-troceado-granel-100g-dayan\/#primaryimage\",\"url\":\"https:\/\/deliciaspersas.com\/wp-content\/uploads\/Khalal-Peste.jpeg\",\"contentUrl\":\"https:\/\/deliciaspersas.com\/wp-content\/uploads\/Khalal-Peste.jpeg\",\"width\":512,\"height\":512},{\"@type\":\"BreadcrumbList\",\"@id\":\"https:\/\/deliciaspersas.com\/fa\/tienda\/secos\/pistacho-troceado-granel-100g-dayan\/#breadcrumb\",\"itemListElement\":[{\"@type\":\"ListItem\",\"position\":1,\"name\":\"Portada\",\"item\":\"https:\/\/deliciaspersas.com\/fa\/\"},{\"@type\":\"ListItem\",\"position\":2,\"name\":\"Tienda\",\"item\":\"https:\/\/deliciaspersas.com\/\"},{\"@type\":\"ListItem\",\"position\":3,\"name\":\"Pistacho troceado (Khalal Peste) 100g granel\"}]},{\"@type\":\"WebSite\",\"@id\":\"https:\/\/deliciaspersas.com\/fa\/#website\",\"url\":\"https:\/\/deliciaspersas.com\/fa\/\",\"name\":\"Delicias Persas\",\"description\":\"Gastronom&iacute;a persa al alcance de tus manos\",\"publisher\":{\"@id\":\"https:\/\/deliciaspersas.com\/fa\/#organization\"},\"potentialAction\":[{\"@type\":\"SearchAction\",\"target\":{\"@type\":\"EntryPoint\",\"urlTemplate\":\"https:\/\/deliciaspersas.com\/fa\/?s={search_term_string}\"},\"query-input\":{\"@type\":\"PropertyValueSpecification\",\"valueRequired\":true,\"valueName\":\"search_term_string\"}}],\"inLanguage\":\"fa-IR\"},{\"@type\":\"Organization\",\"@id\":\"https:\/\/deliciaspersas.com\/fa\/#organization\",\"name\":\"Delicias Persas\",\"url\":\"https:\/\/deliciaspersas.com\/fa\/\",\"logo\":{\"@type\":\"ImageObject\",\"inLanguage\":\"fa-IR\",\"@id\":\"https:\/\/deliciaspersas.com\/fa\/#\/schema\/logo\/image\/\",\"url\":\"https:\/\/deliciaspersas.com\/wp-content\/uploads\/2020\/07\/logo-2020.png\",\"contentUrl\":\"https:\/\/deliciaspersas.com\/wp-content\/uploads\/2020\/07\/logo-2020.png\",\"width\":520,\"height\":490,\"caption\":\"Delicias Persas\"},\"image\":{\"@id\":\"https:\/\/deliciaspersas.com\/fa\/#\/schema\/logo\/image\/\"},\"sameAs\":[\"https:\/\/www.facebook.com\/Deliciaspersas\",\"https:\/\/www.instagram.com\/delicias_persas\/\",\"https:\/\/www.linkedin.com\/delicias-persas\"]}]}<\/script>\n<!-- \/ Yoast SEO plugin. -->","yoast_head_json":{"title":"Pistacho troceado (Khalal Peste) 100g granel - Delicias Persas","description":"Pistacho troceado, perfecto para hacer postres, como bizcochos, pastelitos o cookies! Tambi\u00e9n se puede usar en diversos arroces o guisos.","robots":{"index":"index","follow":"follow","max-snippet":"max-snippet:-1","max-image-preview":"max-image-preview:large","max-video-preview":"max-video-preview:-1"},"canonical":"https:\/\/deliciaspersas.com\/fa\/tienda\/secos\/pistacho-troceado-granel-100g-dayan\/","og_locale":"fa_IR","og_type":"article","og_title":"Pistacho troceado (Khalal Peste) 100g granel - Delicias Persas","og_description":"Pistacho troceado, perfecto para hacer postres, como bizcochos, pastelitos o cookies! Tambi\u00e9n se puede usar en diversos arroces o guisos.","og_url":"https:\/\/deliciaspersas.com\/fa\/tienda\/secos\/pistacho-troceado-granel-100g-dayan\/","og_site_name":"Delicias Persas","article_publisher":"https:\/\/www.facebook.com\/Deliciaspersas","article_modified_time":"2025-09-30T08:56:11+00:00","og_image":[{"width":512,"height":512,"url":"https:\/\/deliciaspersas.com\/wp-content\/uploads\/Khalal-Peste.jpeg","type":"image\/jpeg"}],"twitter_card":"summary_large_image","twitter_misc":{"\u0632\u0645\u0627\u0646 \u062a\u0642\u0631\u06cc\u0628\u06cc \u0628\u0631\u0627\u06cc \u062e\u0648\u0627\u0646\u062f\u0646":"2 \u062f\u0642\u06cc\u0642\u0647"},"schema":{"@context":"https:\/\/schema.org","@graph":[{"@type":"WebPage","@id":"https:\/\/deliciaspersas.com\/fa\/tienda\/secos\/pistacho-troceado-granel-100g-dayan\/","url":"https:\/\/deliciaspersas.com\/fa\/tienda\/secos\/pistacho-troceado-granel-100g-dayan\/","name":"Pistacho troceado (Khalal Peste) 100g granel - Delicias Persas","isPartOf":{"@id":"https:\/\/deliciaspersas.com\/fa\/#website"},"primaryImageOfPage":{"@id":"https:\/\/deliciaspersas.com\/fa\/tienda\/secos\/pistacho-troceado-granel-100g-dayan\/#primaryimage"},"image":{"@id":"https:\/\/deliciaspersas.com\/fa\/tienda\/secos\/pistacho-troceado-granel-100g-dayan\/#primaryimage"},"thumbnailUrl":"https:\/\/deliciaspersas.com\/wp-content\/uploads\/Khalal-Peste.jpeg","datePublished":"2021-02-15T09:48:25+00:00","dateModified":"2025-09-30T08:56:11+00:00","description":"Pistacho troceado, perfecto para hacer postres, como bizcochos, pastelitos o cookies! Tambi\u00e9n se puede usar en diversos arroces o guisos.","breadcrumb":{"@id":"https:\/\/deliciaspersas.com\/fa\/tienda\/secos\/pistacho-troceado-granel-100g-dayan\/#breadcrumb"},"inLanguage":"fa-IR","potentialAction":[{"@type":"ReadAction","target":["https:\/\/deliciaspersas.com\/fa\/tienda\/secos\/pistacho-troceado-granel-100g-dayan\/"]}]},{"@type":"ImageObject","inLanguage":"fa-IR","@id":"https:\/\/deliciaspersas.com\/fa\/tienda\/secos\/pistacho-troceado-granel-100g-dayan\/#primaryimage","url":"https:\/\/deliciaspersas.com\/wp-content\/uploads\/Khalal-Peste.jpeg","contentUrl":"https:\/\/deliciaspersas.com\/wp-content\/uploads\/Khalal-Peste.jpeg","width":512,"height":512},{"@type":"BreadcrumbList","@id":"https:\/\/deliciaspersas.com\/fa\/tienda\/secos\/pistacho-troceado-granel-100g-dayan\/#breadcrumb","itemListElement":[{"@type":"ListItem","position":1,"name":"Portada","item":"https:\/\/deliciaspersas.com\/fa\/"},{"@type":"ListItem","position":2,"name":"Tienda","item":"https:\/\/deliciaspersas.com\/"},{"@type":"ListItem","position":3,"name":"Pistacho troceado (Khalal Peste) 100g granel"}]},{"@type":"WebSite","@id":"https:\/\/deliciaspersas.com\/fa\/#website","url":"https:\/\/deliciaspersas.com\/fa\/","name":"Delicias Persas","description":"Gastronom&iacute;a persa al alcance de tus manos","publisher":{"@id":"https:\/\/deliciaspersas.com\/fa\/#organization"},"potentialAction":[{"@type":"SearchAction","target":{"@type":"EntryPoint","urlTemplate":"https:\/\/deliciaspersas.com\/fa\/?s={search_term_string}"},"query-input":{"@type":"PropertyValueSpecification","valueRequired":true,"valueName":"search_term_string"}}],"inLanguage":"fa-IR"},{"@type":"Organization","@id":"https:\/\/deliciaspersas.com\/fa\/#organization","name":"Delicias Persas","url":"https:\/\/deliciaspersas.com\/fa\/","logo":{"@type":"ImageObject","inLanguage":"fa-IR","@id":"https:\/\/deliciaspersas.com\/fa\/#\/schema\/logo\/image\/","url":"https:\/\/deliciaspersas.com\/wp-content\/uploads\/2020\/07\/logo-2020.png","contentUrl":"https:\/\/deliciaspersas.com\/wp-content\/uploads\/2020\/07\/logo-2020.png","width":520,"height":490,"caption":"Delicias Persas"},"image":{"@id":"https:\/\/deliciaspersas.com\/fa\/#\/schema\/logo\/image\/"},"sameAs":["https:\/\/www.facebook.com\/Deliciaspersas","https:\/\/www.instagram.com\/delicias_persas\/","https:\/\/www.linkedin.com\/delicias-persas"]}]}},"uagb_featured_image_src":{"full":["https:\/\/deliciaspersas.com\/wp-content\/uploads\/Khalal-Peste.jpeg",512,512,false],"thumbnail":["https:\/\/deliciaspersas.com\/wp-content\/uploads\/Khalal-Peste-150x150.jpeg",150,150,true],"medium":["https:\/\/deliciaspersas.com\/wp-content\/uploads\/Khalal-Peste-300x300.jpeg",300,300,true],"medium_large":["https:\/\/deliciaspersas.com\/wp-content\/uploads\/Khalal-Peste.jpeg",512,512,false],"large":["https:\/\/deliciaspersas.com\/wp-content\/uploads\/Khalal-Peste.jpeg",512,512,false],"1536x1536":["https:\/\/deliciaspersas.com\/wp-content\/uploads\/Khalal-Peste.jpeg",512,512,false],"2048x2048":["https:\/\/deliciaspersas.com\/wp-content\/uploads\/Khalal-Peste.jpeg",512,512,false],"woocommerce_thumbnail":["https:\/\/deliciaspersas.com\/wp-content\/uploads\/Khalal-Peste-300x300.jpeg",300,300,true],"woocommerce_single":["https:\/\/deliciaspersas.com\/wp-content\/uploads\/Khalal-Peste.jpeg",512,512,false],"woocommerce_gallery_thumbnail":["https:\/\/deliciaspersas.com\/wp-content\/uploads\/Khalal-Peste-100x100.jpeg",100,100,true]},"uagb_author_info":{"display_name":"admin","author_link":"https:\/\/deliciaspersas.com\/fa\/author\/"},"uagb_comment_info":0,"uagb_excerpt":"Pistacho troceado (Khalal Peste) 100g granel Informaci\u00f3n del producto: Pistacho troceado, en tiras. El pistacho es el m\u00e1s goloso de los frutos secos. El sabor agridulce derrite el paladar y no paramos hasta que desaparecen de la bandeja. En Ir\u00e1n o Siria no podr\u00edan concebir la vida sin el gusto de llevarse a la boca&hellip;","brands":[{"id":113,"name":"Dayan","slug":"dayan-2"}],"_links":{"self":[{"href":"https:\/\/deliciaspersas.com\/fa\/wp-json\/wp\/v2\/product\/6985"}],"collection":[{"href":"https:\/\/deliciaspersas.com\/fa\/wp-json\/wp\/v2\/product"}],"about":[{"href":"https:\/\/deliciaspersas.com\/fa\/wp-json\/wp\/v2\/types\/product"}],"wp:featuredmedia":[{"embeddable":true,"href":"https:\/\/deliciaspersas.com\/fa\/wp-json\/wp\/v2\/media\/12365"}],"wp:attachment":[{"href":"https:\/\/deliciaspersas.com\/fa\/wp-json\/wp\/v2\/media?parent=6985"}],"wp:term":[{"taxonomy":"pwb-brand","embeddable":true,"href":"https:\/\/deliciaspersas.com\/fa\/wp-json\/wp\/v2\/pwb-brand?post=6985"},{"taxonomy":"product_cat","embeddable":true,"href":"https:\/\/deliciaspersas.com\/fa\/wp-json\/wp\/v2\/product_cat?post=6985"},{"taxonomy":"product_tag","embeddable":true,"href":"https:\/\/deliciaspersas.com\/fa\/wp-json\/wp\/v2\/product_tag?post=6985"}],"curies":[{"name":"wp","href":"https:\/\/api.w.org\/{rel}","templated":true}]}}