{"id":7144,"date":"2021-03-03T13:14:39","date_gmt":"2021-03-03T12:14:39","guid":{"rendered":"https:\/\/deliciaspersas.com\/?post_type=product&#038;p=7144"},"modified":"2024-12-06T10:48:52","modified_gmt":"2024-12-06T09:48:52","slug":"canela-en-polvo-darchin100g-dayan","status":"publish","type":"product","link":"https:\/\/deliciaspersas.com\/fa\/tienda\/especias\/canela-en-polvo-darchin100g-dayan\/","title":{"rendered":"Canela en polvo Darchin100g Dayan"},"content":{"rendered":"<h1>Canela en polvo Darchin 100g Dayan<\/h1>\n<h6>Informaci\u00f3n del producto:<\/h6>\n<p>Canela en polvo.<\/p>\n<h6>Ingredientes y al\u00e9rgenos:<\/h6>\n<p>Canela en polvo.<\/p>\n<h6>Usos:<\/h6>\n<p>Recetas, ensaladas, todo tipo de platos fr\u00edos y calientes, tambi\u00e9n\u00a0se emplea en reposter\u00eda y panader\u00eda, y en la preparaci\u00f3n de platos a base de arroz y harinas. En los pa\u00edses \u00e1rabes la\u00a0canela\u00a0se usa sobre todo para aromatizar diversos platos de carne.<\/p>\n<h6>Beneficios:<\/h6>\n<p>El consumo de este producto por la ma\u00f1ana antes del desayuno, traer\u00e1 asombrosos\u00a0beneficios como:<\/p>\n<p>Depurar el organismo y\u00a0facilitar el proceso de digesti\u00f3n.<\/p>\n<p>Mejorar la circulaci\u00f3n y eliminar las venas varicosas.<\/p>\n<p>Tratar s\u00edntomas de\u00a0artritis.<\/p>\n<p>Calmar los\u00a0nervios.<\/p>\n<p>Su consumo por la ma\u00f1ana lograr\u00e1 revitalizar el cuerpo.<\/p>\n<p>Su consumo con un poco de\u00a0miel, podr\u00e1\u00a0subir las defensas y eliminar el fr\u00edo corporal.<\/p>\n<p><span style=\"font-size: 16px;\">Funciona como <\/span>antibacterial<span style=\"font-size: 16px;\">.<\/span><\/p>\n<p><span style=\"font-size: 16px;\">Ayuda a reducir las<\/span>c\u00e9lulas cancerosas.<\/p>\n<p>Su\u00a0forma de consumo es muy sencilla, debido a que no es recomendable comerla seca, debe hidratarla; puede a\u00f1adir una cucharadita de canela a su caf\u00e9, t\u00e9 o leche.<\/p>\n<p>Otra forma podr\u00eda ser agregar a su\u00a0jugo de lim\u00f3n con agua tibia\u00a0un poco de este producto.<\/p>\n<p>Recuerda que se debe consumir por las ma\u00f1anas entre\u00a020 y 30 minutos antes del desayuno.<\/p>\n<p>Le recomendamos que si est\u00e1 embarazada no lo consuma,\u00a0 tampoco es ideal para ni\u00f1os menores de seis a\u00f1os.<\/p>\n<h6>Condiciones de conservaci\u00f3n:<\/h6>\n<p>Conservar en un lugar fresco, seco y protegido de la luz.<\/p>\n<h6>Curiosidad:<\/h6>\n<p>La canela ha sido una planta utilizada desde la antig\u00fcedad por sus innumerables efectos sobre la salud. Desde la momificaci\u00f3n hasta la reducci\u00f3n del riesgo cardiovascular, esta planta se ha usado desde hace miles de a\u00f1os como remedio casero. En Egipto se consideraba una joya debido a que pocos ten\u00edan acceso a ella y a sus beneficios ya que su precio era muy elevado.<\/p>\n<p>&nbsp;<\/p>\n","protected":false},"excerpt":{"rendered":"<p>Canela en polvo Darchin 100g Dayan Informaci\u00f3n del producto: Canela en polvo. Ingredientes y al\u00e9rgenos: Canela en polvo. Usos: Recetas, ensaladas, todo tipo de platos fr\u00edos y calientes, tambi\u00e9n\u00a0se emplea en reposter\u00eda y panader\u00eda, y en la preparaci\u00f3n de platos a base de arroz y harinas. En los pa\u00edses \u00e1rabes la\u00a0canela\u00a0se usa sobre todo para [&hellip;]<\/p>\n","protected":false},"featured_media":16210,"template":"","meta":{"_surecart_dashboard_logo_width":"180px","_surecart_dashboard_show_logo":true,"_surecart_dashboard_navigation_orders":true,"_surecart_dashboard_navigation_invoices":true,"_surecart_dashboard_navigation_subscriptions":true,"_surecart_dashboard_navigation_downloads":true,"_surecart_dashboard_navigation_billing":true,"_surecart_dashboard_navigation_account":true,"_uag_custom_page_level_css":"","site-sidebar-layout":"default","site-content-layout":"default","ast-site-content-layout":"default","site-content-style":"default","site-sidebar-style":"default","ast-global-header-display":"","ast-banner-title-visibility":"","ast-main-header-display":"","ast-hfb-above-header-display":"","ast-hfb-below-header-display":"","ast-hfb-mobile-header-display":"","site-post-title":"","ast-breadcrumbs-content":"","ast-featured-img":"","footer-sml-layout":"","theme-transparent-header-meta":"default","adv-header-id-meta":"","stick-header-meta":"","header-above-stick-meta":"","header-main-stick-meta":"","header-below-stick-meta":"","astra-migrate-meta-layouts":"set","ast-page-background-enabled":"default","ast-page-background-meta":{"desktop":{"background-color":"","background-image":"","background-repeat":"repeat","background-position":"center center","background-size":"auto","background-attachment":"scroll","background-type":"","background-media":"","overlay-type":"","overlay-color":"","overlay-opacity":"","overlay-gradient":""},"tablet":{"background-color":"","background-image":"","background-repeat":"repeat","background-position":"center center","background-size":"auto","background-attachment":"scroll","background-type":"","background-media":"","overlay-type":"","overlay-color":"","overlay-opacity":"","overlay-gradient":""},"mobile":{"background-color":"","background-image":"","background-repeat":"repeat","background-position":"center center","background-size":"auto","background-attachment":"scroll","background-type":"","background-media":"","overlay-type":"","overlay-color":"","overlay-opacity":"","overlay-gradient":""}},"ast-content-background-meta":{"desktop":{"background-color":"var(--ast-global-color-5)","background-image":"","background-repeat":"repeat","background-position":"center center","background-size":"auto","background-attachment":"scroll","background-type":"","background-media":"","overlay-type":"","overlay-color":"","overlay-opacity":"","overlay-gradient":""},"tablet":{"background-color":"var(--ast-global-color-5)","background-image":"","background-repeat":"repeat","background-position":"center center","background-size":"auto","background-attachment":"scroll","background-type":"","background-media":"","overlay-type":"","overlay-color":"","overlay-opacity":"","overlay-gradient":""},"mobile":{"background-color":"var(--ast-global-color-5)","background-image":"","background-repeat":"repeat","background-position":"center center","background-size":"auto","background-attachment":"scroll","background-type":"","background-media":"","overlay-type":"","overlay-color":"","overlay-opacity":"","overlay-gradient":""}}},"pwb-brand":[113],"product_cat":[32],"product_tag":[1644,844,611,569,843,845],"class_list":{"0":"post-7144","1":"product","2":"type-product","3":"status-publish","4":"has-post-thumbnail","6":"pwb-brand-dayan-2","7":"product_cat-especias","8":"product_tag-aromatic","9":"product_tag-beneficioso","10":"product_tag-canela","11":"product_tag-polvo","12":"product_tag-postre","13":"product_tag-845","14":"desktop-align-center","15":"tablet-align-center","16":"mobile-align-center","18":"first","19":"instock","20":"taxable","21":"shipping-taxable","22":"purchasable","23":"product-type-simple"},"yoast_head":"<!-- This site is optimized with the Yoast SEO plugin v23.6 - https:\/\/yoast.com\/wordpress\/plugins\/seo\/ -->\n<title>Canela en polvo Darchin100g Dayan - Delicias Persas<\/title>\n<meta name=\"description\" content=\"La canela en polvo es un condimento esencial en la cocina persa. Dale un sabor especial a todos tus platos y postres!\" \/>\n<meta name=\"robots\" content=\"index, follow, max-snippet:-1, max-image-preview:large, max-video-preview:-1\" \/>\n<link rel=\"canonical\" href=\"https:\/\/deliciaspersas.com\/fa\/tienda\/especias\/canela-en-polvo-darchin100g-dayan\/\" \/>\n<meta property=\"og:locale\" content=\"fa_IR\" \/>\n<meta property=\"og:type\" content=\"article\" \/>\n<meta property=\"og:title\" content=\"Canela en polvo Darchin100g Dayan - Delicias Persas\" \/>\n<meta property=\"og:description\" content=\"La canela en polvo es un condimento esencial en la cocina persa. Dale un sabor especial a todos tus platos y postres!\" \/>\n<meta property=\"og:url\" content=\"https:\/\/deliciaspersas.com\/fa\/tienda\/especias\/canela-en-polvo-darchin100g-dayan\/\" \/>\n<meta property=\"og:site_name\" content=\"Delicias Persas\" \/>\n<meta property=\"article:publisher\" content=\"https:\/\/www.facebook.com\/Deliciaspersas\" \/>\n<meta property=\"article:modified_time\" content=\"2024-12-06T09:48:52+00:00\" \/>\n<meta property=\"og:image\" content=\"https:\/\/deliciaspersas.com\/wp-content\/uploads\/Canela-Polvo-Dayan.jpeg\" \/>\n\t<meta property=\"og:image:width\" content=\"950\" \/>\n\t<meta property=\"og:image:height\" content=\"950\" \/>\n\t<meta property=\"og:image:type\" content=\"image\/jpeg\" \/>\n<meta name=\"twitter:card\" content=\"summary_large_image\" \/>\n<meta name=\"twitter:label1\" content=\"\u0632\u0645\u0627\u0646 \u062a\u0642\u0631\u06cc\u0628\u06cc \u0628\u0631\u0627\u06cc \u062e\u0648\u0627\u0646\u062f\u0646\" \/>\n\t<meta name=\"twitter:data1\" content=\"2 \u062f\u0642\u06cc\u0642\u0647\" \/>\n<script type=\"application\/ld+json\" class=\"yoast-schema-graph\">{\"@context\":\"https:\/\/schema.org\",\"@graph\":[{\"@type\":\"WebPage\",\"@id\":\"https:\/\/deliciaspersas.com\/fa\/tienda\/especias\/canela-en-polvo-darchin100g-dayan\/\",\"url\":\"https:\/\/deliciaspersas.com\/fa\/tienda\/especias\/canela-en-polvo-darchin100g-dayan\/\",\"name\":\"Canela en polvo Darchin100g Dayan - Delicias Persas\",\"isPartOf\":{\"@id\":\"https:\/\/deliciaspersas.com\/fa\/#website\"},\"primaryImageOfPage\":{\"@id\":\"https:\/\/deliciaspersas.com\/fa\/tienda\/especias\/canela-en-polvo-darchin100g-dayan\/#primaryimage\"},\"image\":{\"@id\":\"https:\/\/deliciaspersas.com\/fa\/tienda\/especias\/canela-en-polvo-darchin100g-dayan\/#primaryimage\"},\"thumbnailUrl\":\"https:\/\/deliciaspersas.com\/wp-content\/uploads\/Canela-Polvo-Dayan.jpeg\",\"datePublished\":\"2021-03-03T12:14:39+00:00\",\"dateModified\":\"2024-12-06T09:48:52+00:00\",\"description\":\"La canela en polvo es un condimento esencial en la cocina persa. Dale un sabor especial a todos tus platos y postres!\",\"breadcrumb\":{\"@id\":\"https:\/\/deliciaspersas.com\/fa\/tienda\/especias\/canela-en-polvo-darchin100g-dayan\/#breadcrumb\"},\"inLanguage\":\"fa-IR\",\"potentialAction\":[{\"@type\":\"ReadAction\",\"target\":[\"https:\/\/deliciaspersas.com\/fa\/tienda\/especias\/canela-en-polvo-darchin100g-dayan\/\"]}]},{\"@type\":\"ImageObject\",\"inLanguage\":\"fa-IR\",\"@id\":\"https:\/\/deliciaspersas.com\/fa\/tienda\/especias\/canela-en-polvo-darchin100g-dayan\/#primaryimage\",\"url\":\"https:\/\/deliciaspersas.com\/wp-content\/uploads\/Canela-Polvo-Dayan.jpeg\",\"contentUrl\":\"https:\/\/deliciaspersas.com\/wp-content\/uploads\/Canela-Polvo-Dayan.jpeg\",\"width\":950,\"height\":950},{\"@type\":\"BreadcrumbList\",\"@id\":\"https:\/\/deliciaspersas.com\/fa\/tienda\/especias\/canela-en-polvo-darchin100g-dayan\/#breadcrumb\",\"itemListElement\":[{\"@type\":\"ListItem\",\"position\":1,\"name\":\"Portada\",\"item\":\"https:\/\/deliciaspersas.com\/fa\/\"},{\"@type\":\"ListItem\",\"position\":2,\"name\":\"Tienda\",\"item\":\"https:\/\/deliciaspersas.com\/\"},{\"@type\":\"ListItem\",\"position\":3,\"name\":\"Canela en polvo Darchin100g Dayan\"}]},{\"@type\":\"WebSite\",\"@id\":\"https:\/\/deliciaspersas.com\/fa\/#website\",\"url\":\"https:\/\/deliciaspersas.com\/fa\/\",\"name\":\"Delicias Persas\",\"description\":\"Gastronom&iacute;a persa al alcance de tus manos\",\"publisher\":{\"@id\":\"https:\/\/deliciaspersas.com\/fa\/#organization\"},\"potentialAction\":[{\"@type\":\"SearchAction\",\"target\":{\"@type\":\"EntryPoint\",\"urlTemplate\":\"https:\/\/deliciaspersas.com\/fa\/?s={search_term_string}\"},\"query-input\":{\"@type\":\"PropertyValueSpecification\",\"valueRequired\":true,\"valueName\":\"search_term_string\"}}],\"inLanguage\":\"fa-IR\"},{\"@type\":\"Organization\",\"@id\":\"https:\/\/deliciaspersas.com\/fa\/#organization\",\"name\":\"Delicias Persas\",\"url\":\"https:\/\/deliciaspersas.com\/fa\/\",\"logo\":{\"@type\":\"ImageObject\",\"inLanguage\":\"fa-IR\",\"@id\":\"https:\/\/deliciaspersas.com\/fa\/#\/schema\/logo\/image\/\",\"url\":\"https:\/\/deliciaspersas.com\/wp-content\/uploads\/2020\/07\/logo-2020.png\",\"contentUrl\":\"https:\/\/deliciaspersas.com\/wp-content\/uploads\/2020\/07\/logo-2020.png\",\"width\":520,\"height\":490,\"caption\":\"Delicias Persas\"},\"image\":{\"@id\":\"https:\/\/deliciaspersas.com\/fa\/#\/schema\/logo\/image\/\"},\"sameAs\":[\"https:\/\/www.facebook.com\/Deliciaspersas\",\"https:\/\/www.instagram.com\/delicias_persas\/\",\"https:\/\/www.linkedin.com\/delicias-persas\"]}]}<\/script>\n<!-- \/ Yoast SEO plugin. -->","yoast_head_json":{"title":"Canela en polvo Darchin100g Dayan - Delicias Persas","description":"La canela en polvo es un condimento esencial en la cocina persa. Dale un sabor especial a todos tus platos y postres!","robots":{"index":"index","follow":"follow","max-snippet":"max-snippet:-1","max-image-preview":"max-image-preview:large","max-video-preview":"max-video-preview:-1"},"canonical":"https:\/\/deliciaspersas.com\/fa\/tienda\/especias\/canela-en-polvo-darchin100g-dayan\/","og_locale":"fa_IR","og_type":"article","og_title":"Canela en polvo Darchin100g Dayan - Delicias Persas","og_description":"La canela en polvo es un condimento esencial en la cocina persa. Dale un sabor especial a todos tus platos y postres!","og_url":"https:\/\/deliciaspersas.com\/fa\/tienda\/especias\/canela-en-polvo-darchin100g-dayan\/","og_site_name":"Delicias Persas","article_publisher":"https:\/\/www.facebook.com\/Deliciaspersas","article_modified_time":"2024-12-06T09:48:52+00:00","og_image":[{"width":950,"height":950,"url":"https:\/\/deliciaspersas.com\/wp-content\/uploads\/Canela-Polvo-Dayan.jpeg","type":"image\/jpeg"}],"twitter_card":"summary_large_image","twitter_misc":{"\u0632\u0645\u0627\u0646 \u062a\u0642\u0631\u06cc\u0628\u06cc \u0628\u0631\u0627\u06cc \u062e\u0648\u0627\u0646\u062f\u0646":"2 \u062f\u0642\u06cc\u0642\u0647"},"schema":{"@context":"https:\/\/schema.org","@graph":[{"@type":"WebPage","@id":"https:\/\/deliciaspersas.com\/fa\/tienda\/especias\/canela-en-polvo-darchin100g-dayan\/","url":"https:\/\/deliciaspersas.com\/fa\/tienda\/especias\/canela-en-polvo-darchin100g-dayan\/","name":"Canela en polvo Darchin100g Dayan - Delicias Persas","isPartOf":{"@id":"https:\/\/deliciaspersas.com\/fa\/#website"},"primaryImageOfPage":{"@id":"https:\/\/deliciaspersas.com\/fa\/tienda\/especias\/canela-en-polvo-darchin100g-dayan\/#primaryimage"},"image":{"@id":"https:\/\/deliciaspersas.com\/fa\/tienda\/especias\/canela-en-polvo-darchin100g-dayan\/#primaryimage"},"thumbnailUrl":"https:\/\/deliciaspersas.com\/wp-content\/uploads\/Canela-Polvo-Dayan.jpeg","datePublished":"2021-03-03T12:14:39+00:00","dateModified":"2024-12-06T09:48:52+00:00","description":"La canela en polvo es un condimento esencial en la cocina persa. Dale un sabor especial a todos tus platos y postres!","breadcrumb":{"@id":"https:\/\/deliciaspersas.com\/fa\/tienda\/especias\/canela-en-polvo-darchin100g-dayan\/#breadcrumb"},"inLanguage":"fa-IR","potentialAction":[{"@type":"ReadAction","target":["https:\/\/deliciaspersas.com\/fa\/tienda\/especias\/canela-en-polvo-darchin100g-dayan\/"]}]},{"@type":"ImageObject","inLanguage":"fa-IR","@id":"https:\/\/deliciaspersas.com\/fa\/tienda\/especias\/canela-en-polvo-darchin100g-dayan\/#primaryimage","url":"https:\/\/deliciaspersas.com\/wp-content\/uploads\/Canela-Polvo-Dayan.jpeg","contentUrl":"https:\/\/deliciaspersas.com\/wp-content\/uploads\/Canela-Polvo-Dayan.jpeg","width":950,"height":950},{"@type":"BreadcrumbList","@id":"https:\/\/deliciaspersas.com\/fa\/tienda\/especias\/canela-en-polvo-darchin100g-dayan\/#breadcrumb","itemListElement":[{"@type":"ListItem","position":1,"name":"Portada","item":"https:\/\/deliciaspersas.com\/fa\/"},{"@type":"ListItem","position":2,"name":"Tienda","item":"https:\/\/deliciaspersas.com\/"},{"@type":"ListItem","position":3,"name":"Canela en polvo Darchin100g Dayan"}]},{"@type":"WebSite","@id":"https:\/\/deliciaspersas.com\/fa\/#website","url":"https:\/\/deliciaspersas.com\/fa\/","name":"Delicias Persas","description":"Gastronom&iacute;a persa al alcance de tus manos","publisher":{"@id":"https:\/\/deliciaspersas.com\/fa\/#organization"},"potentialAction":[{"@type":"SearchAction","target":{"@type":"EntryPoint","urlTemplate":"https:\/\/deliciaspersas.com\/fa\/?s={search_term_string}"},"query-input":{"@type":"PropertyValueSpecification","valueRequired":true,"valueName":"search_term_string"}}],"inLanguage":"fa-IR"},{"@type":"Organization","@id":"https:\/\/deliciaspersas.com\/fa\/#organization","name":"Delicias Persas","url":"https:\/\/deliciaspersas.com\/fa\/","logo":{"@type":"ImageObject","inLanguage":"fa-IR","@id":"https:\/\/deliciaspersas.com\/fa\/#\/schema\/logo\/image\/","url":"https:\/\/deliciaspersas.com\/wp-content\/uploads\/2020\/07\/logo-2020.png","contentUrl":"https:\/\/deliciaspersas.com\/wp-content\/uploads\/2020\/07\/logo-2020.png","width":520,"height":490,"caption":"Delicias Persas"},"image":{"@id":"https:\/\/deliciaspersas.com\/fa\/#\/schema\/logo\/image\/"},"sameAs":["https:\/\/www.facebook.com\/Deliciaspersas","https:\/\/www.instagram.com\/delicias_persas\/","https:\/\/www.linkedin.com\/delicias-persas"]}]}},"uagb_featured_image_src":{"full":["https:\/\/deliciaspersas.com\/wp-content\/uploads\/Canela-Polvo-Dayan.jpeg",950,950,false],"thumbnail":["https:\/\/deliciaspersas.com\/wp-content\/uploads\/Canela-Polvo-Dayan-150x150.jpeg",150,150,true],"medium":["https:\/\/deliciaspersas.com\/wp-content\/uploads\/Canela-Polvo-Dayan-300x300.jpeg",300,300,true],"medium_large":["https:\/\/deliciaspersas.com\/wp-content\/uploads\/Canela-Polvo-Dayan-768x768.jpeg",768,768,true],"large":["https:\/\/deliciaspersas.com\/wp-content\/uploads\/Canela-Polvo-Dayan.jpeg",950,950,false],"1536x1536":["https:\/\/deliciaspersas.com\/wp-content\/uploads\/Canela-Polvo-Dayan.jpeg",950,950,false],"2048x2048":["https:\/\/deliciaspersas.com\/wp-content\/uploads\/Canela-Polvo-Dayan.jpeg",950,950,false],"woocommerce_thumbnail":["https:\/\/deliciaspersas.com\/wp-content\/uploads\/Canela-Polvo-Dayan-300x300.jpeg",300,300,true],"woocommerce_single":["https:\/\/deliciaspersas.com\/wp-content\/uploads\/Canela-Polvo-Dayan-600x600.jpeg",600,600,true],"woocommerce_gallery_thumbnail":["https:\/\/deliciaspersas.com\/wp-content\/uploads\/Canela-Polvo-Dayan-100x100.jpeg",100,100,true]},"uagb_author_info":{"display_name":"admin","author_link":"https:\/\/deliciaspersas.com\/fa\/author\/"},"uagb_comment_info":0,"uagb_excerpt":"Canela en polvo Darchin 100g Dayan Informaci\u00f3n del producto: Canela en polvo. Ingredientes y al\u00e9rgenos: Canela en polvo. Usos: Recetas, ensaladas, todo tipo de platos fr\u00edos y calientes, tambi\u00e9n\u00a0se emplea en reposter\u00eda y panader\u00eda, y en la preparaci\u00f3n de platos a base de arroz y harinas. En los pa\u00edses \u00e1rabes la\u00a0canela\u00a0se usa sobre todo para&hellip;","brands":[{"id":113,"name":"Dayan","slug":"dayan-2"}],"_links":{"self":[{"href":"https:\/\/deliciaspersas.com\/fa\/wp-json\/wp\/v2\/product\/7144"}],"collection":[{"href":"https:\/\/deliciaspersas.com\/fa\/wp-json\/wp\/v2\/product"}],"about":[{"href":"https:\/\/deliciaspersas.com\/fa\/wp-json\/wp\/v2\/types\/product"}],"wp:featuredmedia":[{"embeddable":true,"href":"https:\/\/deliciaspersas.com\/fa\/wp-json\/wp\/v2\/media\/16210"}],"wp:attachment":[{"href":"https:\/\/deliciaspersas.com\/fa\/wp-json\/wp\/v2\/media?parent=7144"}],"wp:term":[{"taxonomy":"pwb-brand","embeddable":true,"href":"https:\/\/deliciaspersas.com\/fa\/wp-json\/wp\/v2\/pwb-brand?post=7144"},{"taxonomy":"product_cat","embeddable":true,"href":"https:\/\/deliciaspersas.com\/fa\/wp-json\/wp\/v2\/product_cat?post=7144"},{"taxonomy":"product_tag","embeddable":true,"href":"https:\/\/deliciaspersas.com\/fa\/wp-json\/wp\/v2\/product_tag?post=7144"}],"curies":[{"name":"wp","href":"https:\/\/api.w.org\/{rel}","templated":true}]}}