{"id":7158,"date":"2021-03-03T13:32:50","date_gmt":"2021-03-03T12:32:50","guid":{"rendered":"https:\/\/deliciaspersas.com\/?post_type=product&#038;p=7158"},"modified":"2025-06-23T15:46:12","modified_gmt":"2025-06-23T13:46:12","slug":"pasas-sultanas-keshmesh-soltan-200g-granel","status":"publish","type":"product","link":"https:\/\/deliciaspersas.com\/fa\/tienda\/frutas\/pasas-sultanas-keshmesh-soltan-200g-granel\/","title":{"rendered":"Pasas Sultanas (keshmesh soltan) 200g Granel"},"content":{"rendered":"<h1>Pasas Sultanas (keshmesh soltan) 200g Granel<\/h1>\n<p>&nbsp;<\/p>\n<h6>Informaci\u00f3n del producto:<\/h6>\n<p>Pasas naturales, tambi\u00e9n llamadas uvas pasas, son uvas secas que poseen un sabor dulce, debido a su contenido de fructosa y glucosa, pudiendo ser ingeridas crudas o en diversas preparaciones culinarias.<\/p>\n<p>Este producto puede ser de diferentes colores amarillas, marrones y p\u00farpuras, dependiendo del tipo de uva que fue deshidratada.<\/p>\n<h6>Usos:<\/h6>\n<p>Se usan en guisos o como una merienda saludable.<\/p>\n<h6>Beneficios:<\/h6>\n<p>Las pasas contienen altos niveles de magnesio, calcio y otros nutrientes especialmente id\u00f3neos para el fortalecimiento de los huesos y el desarrollo \u00f3seo, sobre todo en ni\u00f1os y j\u00f3venes que est\u00e1n en edad de crecimiento.<\/p>\n<div class=\"RqBzHd\">\n<p>Las pasas son ricas en fibras tanto solubles como insolubles, por lo que ayudan\u00a0a aumentar el volumen de las heces y a suavizarlas,\u00a0estimulando\u00a0el intestino y facilitando su expulsi\u00f3n.<\/p>\n<p>Adem\u00e1s de esto, proporcionan una mayor sensaci\u00f3n de saciedad, por lo que si se consumen en peque\u00f1as cantidades, podr\u00eda contribuir en la p\u00e9rdida de peso.<\/p>\n<p>Las pasas son ricas en antioxidantes como los flavonoides, fenoles y polifenoles, estos compuestos ayudan a reducir el estr\u00e9s oxidativo y previenen el da\u00f1o celular, disminuyendo el riesgo de sufrir enfermedades cr\u00f3nicas como enfermedades cardiovasculares o c\u00e1ncer, por ejemplo.<\/p>\n<p>Tambi\u00e9n son una buena fuente de hierro, por lo que favorece el transporte de ox\u00edgeno a las c\u00e9lulas del organismo y favorece la producci\u00f3n de gl\u00f3bulos rojos, previniendo el surgimiento de anemia por deficiencia de hierro.<\/p>\n<p>Este producto previene el estre\u00f1imiento. Son ricas en fibras tanto solubles como insolubles, por lo que ayudan a aumentar el volumen de las heces y a suavizarlas, estimulando el intestino y facilitando su expulsi\u00f3n.<\/p>\n<p>Favorece la salud de los huesos y p<span style=\"font-size: 16px;\">reviene la anemia.<\/span><\/p>\n<\/div>\n<h6>Ingredientes y al\u00e9rgenos:<\/h6>\n<p>Pasas 100% naturales.<\/p>\n<h6>Condiciones de conservaci\u00f3n:<\/h6>\n<p>Conservar en un lugar fresco, seco y protegido de la luz.<\/p>\n<h6>Informaci\u00f3n adicional:<\/h6>\n<p>Fabricado por: Dayan<\/p>\n","protected":false},"excerpt":{"rendered":"<p>Pasas Sultanas (keshmesh soltan) 200g Granel &nbsp; Informaci\u00f3n del producto: Pasas naturales, tambi\u00e9n llamadas uvas pasas, son uvas secas que poseen un sabor dulce, debido a su contenido de fructosa y glucosa, pudiendo ser ingeridas crudas o en diversas preparaciones culinarias. Este producto puede ser de diferentes colores amarillas, marrones y p\u00farpuras, dependiendo del tipo [&hellip;]<\/p>\n","protected":false},"featured_media":12638,"template":"","meta":{"_surecart_dashboard_logo_width":"180px","_surecart_dashboard_show_logo":true,"_surecart_dashboard_navigation_orders":true,"_surecart_dashboard_navigation_invoices":true,"_surecart_dashboard_navigation_subscriptions":true,"_surecart_dashboard_navigation_downloads":true,"_surecart_dashboard_navigation_billing":true,"_surecart_dashboard_navigation_account":true,"_uag_custom_page_level_css":"","site-sidebar-layout":"default","site-content-layout":"default","ast-site-content-layout":"","site-content-style":"default","site-sidebar-style":"default","ast-global-header-display":"","ast-banner-title-visibility":"","ast-main-header-display":"","ast-hfb-above-header-display":"","ast-hfb-below-header-display":"","ast-hfb-mobile-header-display":"","site-post-title":"","ast-breadcrumbs-content":"","ast-featured-img":"","footer-sml-layout":"","theme-transparent-header-meta":"default","adv-header-id-meta":"","stick-header-meta":"","header-above-stick-meta":"","header-main-stick-meta":"","header-below-stick-meta":"","astra-migrate-meta-layouts":"default","ast-page-background-enabled":"default","ast-page-background-meta":{"desktop":{"background-color":"","background-image":"","background-repeat":"repeat","background-position":"center center","background-size":"auto","background-attachment":"scroll","background-type":"","background-media":"","overlay-type":"","overlay-color":"","overlay-opacity":"","overlay-gradient":""},"tablet":{"background-color":"","background-image":"","background-repeat":"repeat","background-position":"center center","background-size":"auto","background-attachment":"scroll","background-type":"","background-media":"","overlay-type":"","overlay-color":"","overlay-opacity":"","overlay-gradient":""},"mobile":{"background-color":"","background-image":"","background-repeat":"repeat","background-position":"center center","background-size":"auto","background-attachment":"scroll","background-type":"","background-media":"","overlay-type":"","overlay-color":"","overlay-opacity":"","overlay-gradient":""}},"ast-content-background-meta":{"desktop":{"background-color":"var(--ast-global-color-5)","background-image":"","background-repeat":"repeat","background-position":"center center","background-size":"auto","background-attachment":"scroll","background-type":"","background-media":"","overlay-type":"","overlay-color":"","overlay-opacity":"","overlay-gradient":""},"tablet":{"background-color":"var(--ast-global-color-5)","background-image":"","background-repeat":"repeat","background-position":"center center","background-size":"auto","background-attachment":"scroll","background-type":"","background-media":"","overlay-type":"","overlay-color":"","overlay-opacity":"","overlay-gradient":""},"mobile":{"background-color":"var(--ast-global-color-5)","background-image":"","background-repeat":"repeat","background-position":"center center","background-size":"auto","background-attachment":"scroll","background-type":"","background-media":"","overlay-type":"","overlay-color":"","overlay-opacity":"","overlay-gradient":""}}},"pwb-brand":[113],"product_cat":[36,33,40,1099],"product_tag":[646,1042,1043],"class_list":{"0":"post-7158","1":"product","2":"type-product","3":"status-publish","4":"has-post-thumbnail","6":"pwb-brand-dayan-2","7":"product_cat-desayuno","8":"product_cat-frutas","9":"product_cat-secos","10":"product_cat-granel","11":"product_tag-frutas-deshidratadas","12":"product_tag-pasas","13":"product_tag-1043","14":"desktop-align-center","15":"tablet-align-center","16":"mobile-align-center","18":"first","19":"outofstock","20":"taxable","21":"shipping-taxable","22":"purchasable","23":"product-type-simple"},"yoast_head":"<!-- This site is optimized with the Yoast SEO plugin v23.6 - https:\/\/yoast.com\/wordpress\/plugins\/seo\/ -->\n<title>Pasas Sultanas (keshmesh soltan) 200g Granel - Delicias Persas<\/title>\n<meta name=\"description\" content=\"Pasas Donya. Las\u00a0pasas\u00a0contienen altos niveles de magnesio y calcio, id\u00f3neos para el fortalecimiento de los huesos y el desarrollo \u00f3seo.\" \/>\n<meta name=\"robots\" content=\"index, follow, max-snippet:-1, max-image-preview:large, max-video-preview:-1\" \/>\n<link rel=\"canonical\" href=\"https:\/\/deliciaspersas.com\/fa\/tienda\/frutas\/pasas-sultanas-keshmesh-soltan-200g-granel\/\" \/>\n<meta property=\"og:locale\" content=\"fa_IR\" \/>\n<meta property=\"og:type\" content=\"article\" \/>\n<meta property=\"og:title\" content=\"Pasas Sultanas (keshmesh soltan) 200g Granel - Delicias Persas\" \/>\n<meta property=\"og:description\" content=\"Pasas Donya. Las\u00a0pasas\u00a0contienen altos niveles de magnesio y calcio, id\u00f3neos para el fortalecimiento de los huesos y el desarrollo \u00f3seo.\" \/>\n<meta property=\"og:url\" content=\"https:\/\/deliciaspersas.com\/fa\/tienda\/frutas\/pasas-sultanas-keshmesh-soltan-200g-granel\/\" \/>\n<meta property=\"og:site_name\" content=\"Delicias Persas\" \/>\n<meta property=\"article:publisher\" content=\"https:\/\/www.facebook.com\/Deliciaspersas\" \/>\n<meta property=\"article:modified_time\" content=\"2025-06-23T13:46:12+00:00\" \/>\n<meta property=\"og:image\" content=\"https:\/\/deliciaspersas.com\/wp-content\/uploads\/Pasas-Sultanas-keshmesh-soltan-200g-Granel.webp\" \/>\n\t<meta property=\"og:image:width\" content=\"600\" \/>\n\t<meta property=\"og:image:height\" content=\"599\" \/>\n\t<meta property=\"og:image:type\" content=\"image\/webp\" \/>\n<meta name=\"twitter:card\" content=\"summary_large_image\" \/>\n<meta name=\"twitter:label1\" content=\"\u0632\u0645\u0627\u0646 \u062a\u0642\u0631\u06cc\u0628\u06cc \u0628\u0631\u0627\u06cc \u062e\u0648\u0627\u0646\u062f\u0646\" \/>\n\t<meta name=\"twitter:data1\" content=\"2 \u062f\u0642\u06cc\u0642\u0647\" \/>\n<script type=\"application\/ld+json\" class=\"yoast-schema-graph\">{\"@context\":\"https:\/\/schema.org\",\"@graph\":[{\"@type\":\"WebPage\",\"@id\":\"https:\/\/deliciaspersas.com\/fa\/tienda\/frutas\/pasas-sultanas-keshmesh-soltan-200g-granel\/\",\"url\":\"https:\/\/deliciaspersas.com\/fa\/tienda\/frutas\/pasas-sultanas-keshmesh-soltan-200g-granel\/\",\"name\":\"Pasas Sultanas (keshmesh soltan) 200g Granel - Delicias Persas\",\"isPartOf\":{\"@id\":\"https:\/\/deliciaspersas.com\/fa\/#website\"},\"primaryImageOfPage\":{\"@id\":\"https:\/\/deliciaspersas.com\/fa\/tienda\/frutas\/pasas-sultanas-keshmesh-soltan-200g-granel\/#primaryimage\"},\"image\":{\"@id\":\"https:\/\/deliciaspersas.com\/fa\/tienda\/frutas\/pasas-sultanas-keshmesh-soltan-200g-granel\/#primaryimage\"},\"thumbnailUrl\":\"https:\/\/deliciaspersas.com\/wp-content\/uploads\/Pasas-Sultanas-keshmesh-soltan-200g-Granel.webp\",\"datePublished\":\"2021-03-03T12:32:50+00:00\",\"dateModified\":\"2025-06-23T13:46:12+00:00\",\"description\":\"Pasas Donya. Las\u00a0pasas\u00a0contienen altos niveles de magnesio y calcio, id\u00f3neos para el fortalecimiento de los huesos y el desarrollo \u00f3seo.\",\"breadcrumb\":{\"@id\":\"https:\/\/deliciaspersas.com\/fa\/tienda\/frutas\/pasas-sultanas-keshmesh-soltan-200g-granel\/#breadcrumb\"},\"inLanguage\":\"fa-IR\",\"potentialAction\":[{\"@type\":\"ReadAction\",\"target\":[\"https:\/\/deliciaspersas.com\/fa\/tienda\/frutas\/pasas-sultanas-keshmesh-soltan-200g-granel\/\"]}]},{\"@type\":\"ImageObject\",\"inLanguage\":\"fa-IR\",\"@id\":\"https:\/\/deliciaspersas.com\/fa\/tienda\/frutas\/pasas-sultanas-keshmesh-soltan-200g-granel\/#primaryimage\",\"url\":\"https:\/\/deliciaspersas.com\/wp-content\/uploads\/Pasas-Sultanas-keshmesh-soltan-200g-Granel.webp\",\"contentUrl\":\"https:\/\/deliciaspersas.com\/wp-content\/uploads\/Pasas-Sultanas-keshmesh-soltan-200g-Granel.webp\",\"width\":600,\"height\":599},{\"@type\":\"BreadcrumbList\",\"@id\":\"https:\/\/deliciaspersas.com\/fa\/tienda\/frutas\/pasas-sultanas-keshmesh-soltan-200g-granel\/#breadcrumb\",\"itemListElement\":[{\"@type\":\"ListItem\",\"position\":1,\"name\":\"Portada\",\"item\":\"https:\/\/deliciaspersas.com\/fa\/\"},{\"@type\":\"ListItem\",\"position\":2,\"name\":\"Tienda\",\"item\":\"https:\/\/deliciaspersas.com\/\"},{\"@type\":\"ListItem\",\"position\":3,\"name\":\"Pasas Sultanas (keshmesh soltan) 200g Granel\"}]},{\"@type\":\"WebSite\",\"@id\":\"https:\/\/deliciaspersas.com\/fa\/#website\",\"url\":\"https:\/\/deliciaspersas.com\/fa\/\",\"name\":\"Delicias Persas\",\"description\":\"Gastronom&iacute;a persa al alcance de tus manos\",\"publisher\":{\"@id\":\"https:\/\/deliciaspersas.com\/fa\/#organization\"},\"potentialAction\":[{\"@type\":\"SearchAction\",\"target\":{\"@type\":\"EntryPoint\",\"urlTemplate\":\"https:\/\/deliciaspersas.com\/fa\/?s={search_term_string}\"},\"query-input\":{\"@type\":\"PropertyValueSpecification\",\"valueRequired\":true,\"valueName\":\"search_term_string\"}}],\"inLanguage\":\"fa-IR\"},{\"@type\":\"Organization\",\"@id\":\"https:\/\/deliciaspersas.com\/fa\/#organization\",\"name\":\"Delicias Persas\",\"url\":\"https:\/\/deliciaspersas.com\/fa\/\",\"logo\":{\"@type\":\"ImageObject\",\"inLanguage\":\"fa-IR\",\"@id\":\"https:\/\/deliciaspersas.com\/fa\/#\/schema\/logo\/image\/\",\"url\":\"https:\/\/deliciaspersas.com\/wp-content\/uploads\/2020\/07\/logo-2020.png\",\"contentUrl\":\"https:\/\/deliciaspersas.com\/wp-content\/uploads\/2020\/07\/logo-2020.png\",\"width\":520,\"height\":490,\"caption\":\"Delicias Persas\"},\"image\":{\"@id\":\"https:\/\/deliciaspersas.com\/fa\/#\/schema\/logo\/image\/\"},\"sameAs\":[\"https:\/\/www.facebook.com\/Deliciaspersas\",\"https:\/\/www.instagram.com\/delicias_persas\/\",\"https:\/\/www.linkedin.com\/delicias-persas\"]}]}<\/script>\n<!-- \/ Yoast SEO plugin. -->","yoast_head_json":{"title":"Pasas Sultanas (keshmesh soltan) 200g Granel - Delicias Persas","description":"Pasas Donya. Las\u00a0pasas\u00a0contienen altos niveles de magnesio y calcio, id\u00f3neos para el fortalecimiento de los huesos y el desarrollo \u00f3seo.","robots":{"index":"index","follow":"follow","max-snippet":"max-snippet:-1","max-image-preview":"max-image-preview:large","max-video-preview":"max-video-preview:-1"},"canonical":"https:\/\/deliciaspersas.com\/fa\/tienda\/frutas\/pasas-sultanas-keshmesh-soltan-200g-granel\/","og_locale":"fa_IR","og_type":"article","og_title":"Pasas Sultanas (keshmesh soltan) 200g Granel - Delicias Persas","og_description":"Pasas Donya. Las\u00a0pasas\u00a0contienen altos niveles de magnesio y calcio, id\u00f3neos para el fortalecimiento de los huesos y el desarrollo \u00f3seo.","og_url":"https:\/\/deliciaspersas.com\/fa\/tienda\/frutas\/pasas-sultanas-keshmesh-soltan-200g-granel\/","og_site_name":"Delicias Persas","article_publisher":"https:\/\/www.facebook.com\/Deliciaspersas","article_modified_time":"2025-06-23T13:46:12+00:00","og_image":[{"width":600,"height":599,"url":"https:\/\/deliciaspersas.com\/wp-content\/uploads\/Pasas-Sultanas-keshmesh-soltan-200g-Granel.webp","type":"image\/webp"}],"twitter_card":"summary_large_image","twitter_misc":{"\u0632\u0645\u0627\u0646 \u062a\u0642\u0631\u06cc\u0628\u06cc \u0628\u0631\u0627\u06cc \u062e\u0648\u0627\u0646\u062f\u0646":"2 \u062f\u0642\u06cc\u0642\u0647"},"schema":{"@context":"https:\/\/schema.org","@graph":[{"@type":"WebPage","@id":"https:\/\/deliciaspersas.com\/fa\/tienda\/frutas\/pasas-sultanas-keshmesh-soltan-200g-granel\/","url":"https:\/\/deliciaspersas.com\/fa\/tienda\/frutas\/pasas-sultanas-keshmesh-soltan-200g-granel\/","name":"Pasas Sultanas (keshmesh soltan) 200g Granel - Delicias Persas","isPartOf":{"@id":"https:\/\/deliciaspersas.com\/fa\/#website"},"primaryImageOfPage":{"@id":"https:\/\/deliciaspersas.com\/fa\/tienda\/frutas\/pasas-sultanas-keshmesh-soltan-200g-granel\/#primaryimage"},"image":{"@id":"https:\/\/deliciaspersas.com\/fa\/tienda\/frutas\/pasas-sultanas-keshmesh-soltan-200g-granel\/#primaryimage"},"thumbnailUrl":"https:\/\/deliciaspersas.com\/wp-content\/uploads\/Pasas-Sultanas-keshmesh-soltan-200g-Granel.webp","datePublished":"2021-03-03T12:32:50+00:00","dateModified":"2025-06-23T13:46:12+00:00","description":"Pasas Donya. Las\u00a0pasas\u00a0contienen altos niveles de magnesio y calcio, id\u00f3neos para el fortalecimiento de los huesos y el desarrollo \u00f3seo.","breadcrumb":{"@id":"https:\/\/deliciaspersas.com\/fa\/tienda\/frutas\/pasas-sultanas-keshmesh-soltan-200g-granel\/#breadcrumb"},"inLanguage":"fa-IR","potentialAction":[{"@type":"ReadAction","target":["https:\/\/deliciaspersas.com\/fa\/tienda\/frutas\/pasas-sultanas-keshmesh-soltan-200g-granel\/"]}]},{"@type":"ImageObject","inLanguage":"fa-IR","@id":"https:\/\/deliciaspersas.com\/fa\/tienda\/frutas\/pasas-sultanas-keshmesh-soltan-200g-granel\/#primaryimage","url":"https:\/\/deliciaspersas.com\/wp-content\/uploads\/Pasas-Sultanas-keshmesh-soltan-200g-Granel.webp","contentUrl":"https:\/\/deliciaspersas.com\/wp-content\/uploads\/Pasas-Sultanas-keshmesh-soltan-200g-Granel.webp","width":600,"height":599},{"@type":"BreadcrumbList","@id":"https:\/\/deliciaspersas.com\/fa\/tienda\/frutas\/pasas-sultanas-keshmesh-soltan-200g-granel\/#breadcrumb","itemListElement":[{"@type":"ListItem","position":1,"name":"Portada","item":"https:\/\/deliciaspersas.com\/fa\/"},{"@type":"ListItem","position":2,"name":"Tienda","item":"https:\/\/deliciaspersas.com\/"},{"@type":"ListItem","position":3,"name":"Pasas Sultanas (keshmesh soltan) 200g Granel"}]},{"@type":"WebSite","@id":"https:\/\/deliciaspersas.com\/fa\/#website","url":"https:\/\/deliciaspersas.com\/fa\/","name":"Delicias Persas","description":"Gastronom&iacute;a persa al alcance de tus manos","publisher":{"@id":"https:\/\/deliciaspersas.com\/fa\/#organization"},"potentialAction":[{"@type":"SearchAction","target":{"@type":"EntryPoint","urlTemplate":"https:\/\/deliciaspersas.com\/fa\/?s={search_term_string}"},"query-input":{"@type":"PropertyValueSpecification","valueRequired":true,"valueName":"search_term_string"}}],"inLanguage":"fa-IR"},{"@type":"Organization","@id":"https:\/\/deliciaspersas.com\/fa\/#organization","name":"Delicias Persas","url":"https:\/\/deliciaspersas.com\/fa\/","logo":{"@type":"ImageObject","inLanguage":"fa-IR","@id":"https:\/\/deliciaspersas.com\/fa\/#\/schema\/logo\/image\/","url":"https:\/\/deliciaspersas.com\/wp-content\/uploads\/2020\/07\/logo-2020.png","contentUrl":"https:\/\/deliciaspersas.com\/wp-content\/uploads\/2020\/07\/logo-2020.png","width":520,"height":490,"caption":"Delicias Persas"},"image":{"@id":"https:\/\/deliciaspersas.com\/fa\/#\/schema\/logo\/image\/"},"sameAs":["https:\/\/www.facebook.com\/Deliciaspersas","https:\/\/www.instagram.com\/delicias_persas\/","https:\/\/www.linkedin.com\/delicias-persas"]}]}},"uagb_featured_image_src":{"full":["https:\/\/deliciaspersas.com\/wp-content\/uploads\/Pasas-Sultanas-keshmesh-soltan-200g-Granel.webp",600,599,false],"thumbnail":["https:\/\/deliciaspersas.com\/wp-content\/uploads\/Pasas-Sultanas-keshmesh-soltan-200g-Granel-150x150.webp",150,150,true],"medium":["https:\/\/deliciaspersas.com\/wp-content\/uploads\/Pasas-Sultanas-keshmesh-soltan-200g-Granel-300x300.webp",300,300,true],"medium_large":["https:\/\/deliciaspersas.com\/wp-content\/uploads\/Pasas-Sultanas-keshmesh-soltan-200g-Granel.webp",600,599,false],"large":["https:\/\/deliciaspersas.com\/wp-content\/uploads\/Pasas-Sultanas-keshmesh-soltan-200g-Granel.webp",600,599,false],"1536x1536":["https:\/\/deliciaspersas.com\/wp-content\/uploads\/Pasas-Sultanas-keshmesh-soltan-200g-Granel.webp",600,599,false],"2048x2048":["https:\/\/deliciaspersas.com\/wp-content\/uploads\/Pasas-Sultanas-keshmesh-soltan-200g-Granel.webp",600,599,false],"woocommerce_thumbnail":["https:\/\/deliciaspersas.com\/wp-content\/uploads\/Pasas-Sultanas-keshmesh-soltan-200g-Granel-300x300.webp",300,300,true],"woocommerce_single":["https:\/\/deliciaspersas.com\/wp-content\/uploads\/Pasas-Sultanas-keshmesh-soltan-200g-Granel.webp",600,599,false],"woocommerce_gallery_thumbnail":["https:\/\/deliciaspersas.com\/wp-content\/uploads\/Pasas-Sultanas-keshmesh-soltan-200g-Granel-100x100.webp",100,100,true]},"uagb_author_info":{"display_name":"admin","author_link":"https:\/\/deliciaspersas.com\/fa\/author\/"},"uagb_comment_info":0,"uagb_excerpt":"Pasas Sultanas (keshmesh soltan) 200g Granel &nbsp; Informaci\u00f3n del producto: Pasas naturales, tambi\u00e9n llamadas uvas pasas, son uvas secas que poseen un sabor dulce, debido a su contenido de fructosa y glucosa, pudiendo ser ingeridas crudas o en diversas preparaciones culinarias. Este producto puede ser de diferentes colores amarillas, marrones y p\u00farpuras, dependiendo del tipo&hellip;","brands":[{"id":113,"name":"Dayan","slug":"dayan-2"}],"_links":{"self":[{"href":"https:\/\/deliciaspersas.com\/fa\/wp-json\/wp\/v2\/product\/7158"}],"collection":[{"href":"https:\/\/deliciaspersas.com\/fa\/wp-json\/wp\/v2\/product"}],"about":[{"href":"https:\/\/deliciaspersas.com\/fa\/wp-json\/wp\/v2\/types\/product"}],"wp:featuredmedia":[{"embeddable":true,"href":"https:\/\/deliciaspersas.com\/fa\/wp-json\/wp\/v2\/media\/12638"}],"wp:attachment":[{"href":"https:\/\/deliciaspersas.com\/fa\/wp-json\/wp\/v2\/media?parent=7158"}],"wp:term":[{"taxonomy":"pwb-brand","embeddable":true,"href":"https:\/\/deliciaspersas.com\/fa\/wp-json\/wp\/v2\/pwb-brand?post=7158"},{"taxonomy":"product_cat","embeddable":true,"href":"https:\/\/deliciaspersas.com\/fa\/wp-json\/wp\/v2\/product_cat?post=7158"},{"taxonomy":"product_tag","embeddable":true,"href":"https:\/\/deliciaspersas.com\/fa\/wp-json\/wp\/v2\/product_tag?post=7158"}],"curies":[{"name":"wp","href":"https:\/\/api.w.org\/{rel}","templated":true}]}}