{"id":7521,"date":"2021-04-07T10:42:56","date_gmt":"2021-04-07T08:42:56","guid":{"rendered":"https:\/\/deliciaspersas.com\/?post_type=product&#038;p=7521"},"modified":"2024-08-30T11:04:44","modified_gmt":"2024-08-30T09:04:44","slug":"arroz-con-leche-al-azafran-460g-sholezard-sharashpaz","status":"publish","type":"product","link":"https:\/\/deliciaspersas.com\/fa\/tienda\/delicias-dulces\/arroz-con-leche-al-azafran-460g-sholezard-sharashpaz\/","title":{"rendered":"Arroz con leche al azafr\u00e1n 460g Sharashpaz"},"content":{"rendered":"<h1>Arroz con leche al azafr\u00e1n 460g Sharashpaz<\/h1>\n<h6>Informaci\u00f3n del producto:<\/h6>\n<h6>Ingredientes y al\u00e9rgenos:<\/h6>\n<p>Arroz con leche al azafr\u00e1n se considera un alimento delicado y es f\u00e1cil de digerir para el est\u00f3mago y el h\u00edgado, y sus \u00fatiles productos digestivos se distribuyen f\u00e1cilmente en las arterias y los tejidos. Adem\u00e1s, su fuerza y \u200b\u200bpoder llega r\u00e1pidamente a los \u00f3rganos del cuerpo y aporta saciedad (aunque no mantiene la saciedad durante mucho tiempo).<br \/>\nEste alimento es moderadamente c\u00e1lidos y vigorizantes. Es un buen alimento para personas anor\u00e9xicas, an\u00e9micas o deprimidas porque el olor y sabor del azafr\u00e1n y el agua de rosas estimula el apetito y anima psicof\u00edsicamente. Analogamente mejora los \u00f3rganos digestivos.<\/p>\n<h6>Usos:<\/h6>\n<p>Se puede consumir como merienda o como una cena liviana.<\/p>\n<h6>Beneficios:<\/h6>\n<p>El agua de rosas es el mejor limpiador natural para la piel que puede brindar un rostro hermoso para usted. Tambi\u00e9n es el mejor tratamiento para el dolor de cabeza; sobre todo el agua de rosas hecho con las rosas originales de Kashan son muy eficaz en aliviar los dolores de cabeza.<br \/>\nEste producto fortalece el cerebro y el h\u00edgado.<br \/>\nSe usa pistachos y almendras c<span style=\"font-size: 16px; font-style: normal; font-weight: 400;\">omo adorno de este alimento<\/span><span style=\"font-size: 16px;\">, los cuales tienen beneficios enmersos y fortalecen y nutren el h\u00edgado y el cerebro.<\/span><\/p>\n<p>Este producto es un alimento nutritivo para mujeres embarazadas y lactantes. Son uno de los alimentos \u00fatiles para la alimentaci\u00f3n de ni\u00f1os, madres embarazadas y lactantes, pacientes con anorexia con indigesti\u00f3n y ancianos, y tambi\u00e9n es muy \u00fatil cuando las personas d\u00e9biles o anor\u00e9xicas est\u00e1n deprimidas o agotadas.<\/p>\n<p>Adem\u00e1s, las personas que se dedican a asuntos intelectuales y creatividad mental deben incluir este alimento en su lista semanal fija de alimentos, as\u00ed pueden nutrir el cuerpo, el coraz\u00f3n, el alma y el intelecto.<\/p>\n<h6>Condiciones de conservaci\u00f3n:<\/h6>\n<p>Conservar en un lugar fresco, seco y protegido de la luz.<\/p>\n<h6>Informaci\u00f3n adicional:<\/h6>\n<p>Fabricado por: Sharashpaz<\/p>\n","protected":false},"excerpt":{"rendered":"<p>Arroz con leche al azafr\u00e1n 460g Sharashpaz Informaci\u00f3n del producto: Ingredientes y al\u00e9rgenos: Arroz con leche al azafr\u00e1n se considera un alimento delicado y es f\u00e1cil de digerir para el est\u00f3mago y el h\u00edgado, y sus \u00fatiles productos digestivos se distribuyen f\u00e1cilmente en las arterias y los tejidos. Adem\u00e1s, su fuerza y \u200b\u200bpoder llega r\u00e1pidamente [&hellip;]<\/p>\n","protected":false},"featured_media":7494,"template":"","meta":{"_surecart_dashboard_logo_width":"180px","_surecart_dashboard_show_logo":true,"_surecart_dashboard_navigation_orders":true,"_surecart_dashboard_navigation_invoices":true,"_surecart_dashboard_navigation_subscriptions":true,"_surecart_dashboard_navigation_downloads":true,"_surecart_dashboard_navigation_billing":true,"_surecart_dashboard_navigation_account":true,"_uag_custom_page_level_css":"","site-sidebar-layout":"default","site-content-layout":"default","ast-site-content-layout":"default","site-content-style":"default","site-sidebar-style":"default","ast-global-header-display":"","ast-banner-title-visibility":"","ast-main-header-display":"","ast-hfb-above-header-display":"","ast-hfb-below-header-display":"","ast-hfb-mobile-header-display":"","site-post-title":"","ast-breadcrumbs-content":"","ast-featured-img":"","footer-sml-layout":"","theme-transparent-header-meta":"default","adv-header-id-meta":"","stick-header-meta":"","header-above-stick-meta":"","header-main-stick-meta":"","header-below-stick-meta":"","astra-migrate-meta-layouts":"set","ast-page-background-enabled":"default","ast-page-background-meta":{"desktop":{"background-color":"","background-image":"","background-repeat":"repeat","background-position":"center center","background-size":"auto","background-attachment":"scroll","background-type":"","background-media":"","overlay-type":"","overlay-color":"","overlay-opacity":"","overlay-gradient":""},"tablet":{"background-color":"","background-image":"","background-repeat":"repeat","background-position":"center center","background-size":"auto","background-attachment":"scroll","background-type":"","background-media":"","overlay-type":"","overlay-color":"","overlay-opacity":"","overlay-gradient":""},"mobile":{"background-color":"","background-image":"","background-repeat":"repeat","background-position":"center center","background-size":"auto","background-attachment":"scroll","background-type":"","background-media":"","overlay-type":"","overlay-color":"","overlay-opacity":"","overlay-gradient":""}},"ast-content-background-meta":{"desktop":{"background-color":"var(--ast-global-color-5)","background-image":"","background-repeat":"repeat","background-position":"center center","background-size":"auto","background-attachment":"scroll","background-type":"","background-media":"","overlay-type":"","overlay-color":"","overlay-opacity":"","overlay-gradient":""},"tablet":{"background-color":"var(--ast-global-color-5)","background-image":"","background-repeat":"repeat","background-position":"center center","background-size":"auto","background-attachment":"scroll","background-type":"","background-media":"","overlay-type":"","overlay-color":"","overlay-opacity":"","overlay-gradient":""},"mobile":{"background-color":"var(--ast-global-color-5)","background-image":"","background-repeat":"repeat","background-position":"center center","background-size":"auto","background-attachment":"scroll","background-type":"","background-media":"","overlay-type":"","overlay-color":"","overlay-opacity":"","overlay-gradient":""}}},"pwb-brand":[199],"product_cat":[35,31,36,34],"product_tag":[884,717,576,764,230],"class_list":{"0":"post-7521","1":"product","2":"type-product","3":"status-publish","4":"has-post-thumbnail","6":"pwb-brand-sarashpaz","7":"product_cat-conservas","8":"product_cat-delicias-dulces","9":"product_cat-desayuno","10":"product_cat-ready","11":"product_tag-arroz-con-leche","12":"product_tag-azafran","13":"product_tag-desayuno","14":"product_tag-dulce","15":"product_tag---2","16":"desktop-align-center","17":"tablet-align-center","18":"mobile-align-center","20":"first","21":"outofstock","22":"taxable","23":"shipping-taxable","24":"purchasable","25":"product-type-simple"},"yoast_head":"<!-- This site is optimized with the Yoast SEO plugin v23.6 - https:\/\/yoast.com\/wordpress\/plugins\/seo\/ -->\n<title>Arroz con leche al azafr\u00e1n 460g Sharashpaz - Delicias Persas<\/title>\n<meta name=\"description\" content=\"Delicioso arroz con leche al azafr\u00e1n. Postre t\u00edpico iran\u00ed. Perfecto para desayunar o merendar, se puede servir fr\u00edo o caliente.\" \/>\n<meta name=\"robots\" content=\"index, follow, max-snippet:-1, max-image-preview:large, max-video-preview:-1\" \/>\n<link rel=\"canonical\" href=\"https:\/\/deliciaspersas.com\/fa\/tienda\/delicias-dulces\/arroz-con-leche-al-azafran-460g-sholezard-sharashpaz\/\" \/>\n<meta property=\"og:locale\" content=\"fa_IR\" \/>\n<meta property=\"og:type\" content=\"article\" \/>\n<meta property=\"og:title\" content=\"Arroz con leche al azafr\u00e1n 460g Sharashpaz - Delicias Persas\" \/>\n<meta property=\"og:description\" content=\"Delicioso arroz con leche al azafr\u00e1n. Postre t\u00edpico iran\u00ed. Perfecto para desayunar o merendar, se puede servir fr\u00edo o caliente.\" \/>\n<meta property=\"og:url\" content=\"https:\/\/deliciaspersas.com\/fa\/tienda\/delicias-dulces\/arroz-con-leche-al-azafran-460g-sholezard-sharashpaz\/\" \/>\n<meta property=\"og:site_name\" content=\"Delicias Persas\" \/>\n<meta property=\"article:publisher\" content=\"https:\/\/www.facebook.com\/Deliciaspersas\" \/>\n<meta property=\"article:modified_time\" content=\"2024-08-30T09:04:44+00:00\" \/>\n<meta property=\"og:image\" content=\"https:\/\/deliciaspersas.com\/wp-content\/uploads\/555.jpg\" \/>\n\t<meta property=\"og:image:width\" content=\"430\" \/>\n\t<meta property=\"og:image:height\" content=\"544\" \/>\n\t<meta property=\"og:image:type\" content=\"image\/jpeg\" \/>\n<meta name=\"twitter:card\" content=\"summary_large_image\" \/>\n<meta name=\"twitter:label1\" content=\"\u0632\u0645\u0627\u0646 \u062a\u0642\u0631\u06cc\u0628\u06cc \u0628\u0631\u0627\u06cc \u062e\u0648\u0627\u0646\u062f\u0646\" \/>\n\t<meta name=\"twitter:data1\" content=\"2 \u062f\u0642\u06cc\u0642\u0647\" \/>\n<script type=\"application\/ld+json\" class=\"yoast-schema-graph\">{\"@context\":\"https:\/\/schema.org\",\"@graph\":[{\"@type\":\"WebPage\",\"@id\":\"https:\/\/deliciaspersas.com\/fa\/tienda\/delicias-dulces\/arroz-con-leche-al-azafran-460g-sholezard-sharashpaz\/\",\"url\":\"https:\/\/deliciaspersas.com\/fa\/tienda\/delicias-dulces\/arroz-con-leche-al-azafran-460g-sholezard-sharashpaz\/\",\"name\":\"Arroz con leche al azafr\u00e1n 460g Sharashpaz - Delicias Persas\",\"isPartOf\":{\"@id\":\"https:\/\/deliciaspersas.com\/fa\/#website\"},\"primaryImageOfPage\":{\"@id\":\"https:\/\/deliciaspersas.com\/fa\/tienda\/delicias-dulces\/arroz-con-leche-al-azafran-460g-sholezard-sharashpaz\/#primaryimage\"},\"image\":{\"@id\":\"https:\/\/deliciaspersas.com\/fa\/tienda\/delicias-dulces\/arroz-con-leche-al-azafran-460g-sholezard-sharashpaz\/#primaryimage\"},\"thumbnailUrl\":\"https:\/\/deliciaspersas.com\/wp-content\/uploads\/555.jpg\",\"datePublished\":\"2021-04-07T08:42:56+00:00\",\"dateModified\":\"2024-08-30T09:04:44+00:00\",\"description\":\"Delicioso arroz con leche al azafr\u00e1n. Postre t\u00edpico iran\u00ed. Perfecto para desayunar o merendar, se puede servir fr\u00edo o caliente.\",\"breadcrumb\":{\"@id\":\"https:\/\/deliciaspersas.com\/fa\/tienda\/delicias-dulces\/arroz-con-leche-al-azafran-460g-sholezard-sharashpaz\/#breadcrumb\"},\"inLanguage\":\"fa-IR\",\"potentialAction\":[{\"@type\":\"ReadAction\",\"target\":[\"https:\/\/deliciaspersas.com\/fa\/tienda\/delicias-dulces\/arroz-con-leche-al-azafran-460g-sholezard-sharashpaz\/\"]}]},{\"@type\":\"ImageObject\",\"inLanguage\":\"fa-IR\",\"@id\":\"https:\/\/deliciaspersas.com\/fa\/tienda\/delicias-dulces\/arroz-con-leche-al-azafran-460g-sholezard-sharashpaz\/#primaryimage\",\"url\":\"https:\/\/deliciaspersas.com\/wp-content\/uploads\/555.jpg\",\"contentUrl\":\"https:\/\/deliciaspersas.com\/wp-content\/uploads\/555.jpg\",\"width\":430,\"height\":544,\"caption\":\"Arroz con leche al azafr\u00e1n 460g Sharashpaz\"},{\"@type\":\"BreadcrumbList\",\"@id\":\"https:\/\/deliciaspersas.com\/fa\/tienda\/delicias-dulces\/arroz-con-leche-al-azafran-460g-sholezard-sharashpaz\/#breadcrumb\",\"itemListElement\":[{\"@type\":\"ListItem\",\"position\":1,\"name\":\"Portada\",\"item\":\"https:\/\/deliciaspersas.com\/fa\/\"},{\"@type\":\"ListItem\",\"position\":2,\"name\":\"Tienda\",\"item\":\"https:\/\/deliciaspersas.com\/\"},{\"@type\":\"ListItem\",\"position\":3,\"name\":\"Arroz con leche al azafr\u00e1n 460g Sharashpaz\"}]},{\"@type\":\"WebSite\",\"@id\":\"https:\/\/deliciaspersas.com\/fa\/#website\",\"url\":\"https:\/\/deliciaspersas.com\/fa\/\",\"name\":\"Delicias Persas\",\"description\":\"Gastronom&iacute;a persa al alcance de tus manos\",\"publisher\":{\"@id\":\"https:\/\/deliciaspersas.com\/fa\/#organization\"},\"potentialAction\":[{\"@type\":\"SearchAction\",\"target\":{\"@type\":\"EntryPoint\",\"urlTemplate\":\"https:\/\/deliciaspersas.com\/fa\/?s={search_term_string}\"},\"query-input\":{\"@type\":\"PropertyValueSpecification\",\"valueRequired\":true,\"valueName\":\"search_term_string\"}}],\"inLanguage\":\"fa-IR\"},{\"@type\":\"Organization\",\"@id\":\"https:\/\/deliciaspersas.com\/fa\/#organization\",\"name\":\"Delicias Persas\",\"url\":\"https:\/\/deliciaspersas.com\/fa\/\",\"logo\":{\"@type\":\"ImageObject\",\"inLanguage\":\"fa-IR\",\"@id\":\"https:\/\/deliciaspersas.com\/fa\/#\/schema\/logo\/image\/\",\"url\":\"https:\/\/deliciaspersas.com\/wp-content\/uploads\/2020\/07\/logo-2020.png\",\"contentUrl\":\"https:\/\/deliciaspersas.com\/wp-content\/uploads\/2020\/07\/logo-2020.png\",\"width\":520,\"height\":490,\"caption\":\"Delicias Persas\"},\"image\":{\"@id\":\"https:\/\/deliciaspersas.com\/fa\/#\/schema\/logo\/image\/\"},\"sameAs\":[\"https:\/\/www.facebook.com\/Deliciaspersas\",\"https:\/\/www.instagram.com\/delicias_persas\/\",\"https:\/\/www.linkedin.com\/delicias-persas\"]}]}<\/script>\n<!-- \/ Yoast SEO plugin. -->","yoast_head_json":{"title":"Arroz con leche al azafr\u00e1n 460g Sharashpaz - Delicias Persas","description":"Delicioso arroz con leche al azafr\u00e1n. Postre t\u00edpico iran\u00ed. Perfecto para desayunar o merendar, se puede servir fr\u00edo o caliente.","robots":{"index":"index","follow":"follow","max-snippet":"max-snippet:-1","max-image-preview":"max-image-preview:large","max-video-preview":"max-video-preview:-1"},"canonical":"https:\/\/deliciaspersas.com\/fa\/tienda\/delicias-dulces\/arroz-con-leche-al-azafran-460g-sholezard-sharashpaz\/","og_locale":"fa_IR","og_type":"article","og_title":"Arroz con leche al azafr\u00e1n 460g Sharashpaz - Delicias Persas","og_description":"Delicioso arroz con leche al azafr\u00e1n. Postre t\u00edpico iran\u00ed. Perfecto para desayunar o merendar, se puede servir fr\u00edo o caliente.","og_url":"https:\/\/deliciaspersas.com\/fa\/tienda\/delicias-dulces\/arroz-con-leche-al-azafran-460g-sholezard-sharashpaz\/","og_site_name":"Delicias Persas","article_publisher":"https:\/\/www.facebook.com\/Deliciaspersas","article_modified_time":"2024-08-30T09:04:44+00:00","og_image":[{"width":430,"height":544,"url":"https:\/\/deliciaspersas.com\/wp-content\/uploads\/555.jpg","type":"image\/jpeg"}],"twitter_card":"summary_large_image","twitter_misc":{"\u0632\u0645\u0627\u0646 \u062a\u0642\u0631\u06cc\u0628\u06cc \u0628\u0631\u0627\u06cc \u062e\u0648\u0627\u0646\u062f\u0646":"2 \u062f\u0642\u06cc\u0642\u0647"},"schema":{"@context":"https:\/\/schema.org","@graph":[{"@type":"WebPage","@id":"https:\/\/deliciaspersas.com\/fa\/tienda\/delicias-dulces\/arroz-con-leche-al-azafran-460g-sholezard-sharashpaz\/","url":"https:\/\/deliciaspersas.com\/fa\/tienda\/delicias-dulces\/arroz-con-leche-al-azafran-460g-sholezard-sharashpaz\/","name":"Arroz con leche al azafr\u00e1n 460g Sharashpaz - Delicias Persas","isPartOf":{"@id":"https:\/\/deliciaspersas.com\/fa\/#website"},"primaryImageOfPage":{"@id":"https:\/\/deliciaspersas.com\/fa\/tienda\/delicias-dulces\/arroz-con-leche-al-azafran-460g-sholezard-sharashpaz\/#primaryimage"},"image":{"@id":"https:\/\/deliciaspersas.com\/fa\/tienda\/delicias-dulces\/arroz-con-leche-al-azafran-460g-sholezard-sharashpaz\/#primaryimage"},"thumbnailUrl":"https:\/\/deliciaspersas.com\/wp-content\/uploads\/555.jpg","datePublished":"2021-04-07T08:42:56+00:00","dateModified":"2024-08-30T09:04:44+00:00","description":"Delicioso arroz con leche al azafr\u00e1n. Postre t\u00edpico iran\u00ed. Perfecto para desayunar o merendar, se puede servir fr\u00edo o caliente.","breadcrumb":{"@id":"https:\/\/deliciaspersas.com\/fa\/tienda\/delicias-dulces\/arroz-con-leche-al-azafran-460g-sholezard-sharashpaz\/#breadcrumb"},"inLanguage":"fa-IR","potentialAction":[{"@type":"ReadAction","target":["https:\/\/deliciaspersas.com\/fa\/tienda\/delicias-dulces\/arroz-con-leche-al-azafran-460g-sholezard-sharashpaz\/"]}]},{"@type":"ImageObject","inLanguage":"fa-IR","@id":"https:\/\/deliciaspersas.com\/fa\/tienda\/delicias-dulces\/arroz-con-leche-al-azafran-460g-sholezard-sharashpaz\/#primaryimage","url":"https:\/\/deliciaspersas.com\/wp-content\/uploads\/555.jpg","contentUrl":"https:\/\/deliciaspersas.com\/wp-content\/uploads\/555.jpg","width":430,"height":544,"caption":"Arroz con leche al azafr\u00e1n 460g Sharashpaz"},{"@type":"BreadcrumbList","@id":"https:\/\/deliciaspersas.com\/fa\/tienda\/delicias-dulces\/arroz-con-leche-al-azafran-460g-sholezard-sharashpaz\/#breadcrumb","itemListElement":[{"@type":"ListItem","position":1,"name":"Portada","item":"https:\/\/deliciaspersas.com\/fa\/"},{"@type":"ListItem","position":2,"name":"Tienda","item":"https:\/\/deliciaspersas.com\/"},{"@type":"ListItem","position":3,"name":"Arroz con leche al azafr\u00e1n 460g Sharashpaz"}]},{"@type":"WebSite","@id":"https:\/\/deliciaspersas.com\/fa\/#website","url":"https:\/\/deliciaspersas.com\/fa\/","name":"Delicias Persas","description":"Gastronom&iacute;a persa al alcance de tus manos","publisher":{"@id":"https:\/\/deliciaspersas.com\/fa\/#organization"},"potentialAction":[{"@type":"SearchAction","target":{"@type":"EntryPoint","urlTemplate":"https:\/\/deliciaspersas.com\/fa\/?s={search_term_string}"},"query-input":{"@type":"PropertyValueSpecification","valueRequired":true,"valueName":"search_term_string"}}],"inLanguage":"fa-IR"},{"@type":"Organization","@id":"https:\/\/deliciaspersas.com\/fa\/#organization","name":"Delicias Persas","url":"https:\/\/deliciaspersas.com\/fa\/","logo":{"@type":"ImageObject","inLanguage":"fa-IR","@id":"https:\/\/deliciaspersas.com\/fa\/#\/schema\/logo\/image\/","url":"https:\/\/deliciaspersas.com\/wp-content\/uploads\/2020\/07\/logo-2020.png","contentUrl":"https:\/\/deliciaspersas.com\/wp-content\/uploads\/2020\/07\/logo-2020.png","width":520,"height":490,"caption":"Delicias Persas"},"image":{"@id":"https:\/\/deliciaspersas.com\/fa\/#\/schema\/logo\/image\/"},"sameAs":["https:\/\/www.facebook.com\/Deliciaspersas","https:\/\/www.instagram.com\/delicias_persas\/","https:\/\/www.linkedin.com\/delicias-persas"]}]}},"uagb_featured_image_src":{"full":["https:\/\/deliciaspersas.com\/wp-content\/uploads\/555.jpg",430,544,false],"thumbnail":["https:\/\/deliciaspersas.com\/wp-content\/uploads\/555-150x150.jpg",150,150,true],"medium":["https:\/\/deliciaspersas.com\/wp-content\/uploads\/555-237x300.jpg",237,300,true],"medium_large":["https:\/\/deliciaspersas.com\/wp-content\/uploads\/555.jpg",430,544,false],"large":["https:\/\/deliciaspersas.com\/wp-content\/uploads\/555.jpg",430,544,false],"1536x1536":["https:\/\/deliciaspersas.com\/wp-content\/uploads\/555.jpg",430,544,false],"2048x2048":["https:\/\/deliciaspersas.com\/wp-content\/uploads\/555.jpg",430,544,false],"woocommerce_thumbnail":["https:\/\/deliciaspersas.com\/wp-content\/uploads\/555-300x300.jpg",300,300,true],"woocommerce_single":["https:\/\/deliciaspersas.com\/wp-content\/uploads\/555.jpg",430,544,false],"woocommerce_gallery_thumbnail":["https:\/\/deliciaspersas.com\/wp-content\/uploads\/555-100x100.jpg",100,100,true]},"uagb_author_info":{"display_name":"admin","author_link":"https:\/\/deliciaspersas.com\/fa\/author\/"},"uagb_comment_info":0,"uagb_excerpt":"Arroz con leche al azafr\u00e1n 460g Sharashpaz Informaci\u00f3n del producto: Ingredientes y al\u00e9rgenos: Arroz con leche al azafr\u00e1n se considera un alimento delicado y es f\u00e1cil de digerir para el est\u00f3mago y el h\u00edgado, y sus \u00fatiles productos digestivos se distribuyen f\u00e1cilmente en las arterias y los tejidos. Adem\u00e1s, su fuerza y \u200b\u200bpoder llega r\u00e1pidamente&hellip;","brands":[{"id":199,"name":"Sarashpaz","slug":"sarashpaz"}],"_links":{"self":[{"href":"https:\/\/deliciaspersas.com\/fa\/wp-json\/wp\/v2\/product\/7521"}],"collection":[{"href":"https:\/\/deliciaspersas.com\/fa\/wp-json\/wp\/v2\/product"}],"about":[{"href":"https:\/\/deliciaspersas.com\/fa\/wp-json\/wp\/v2\/types\/product"}],"wp:featuredmedia":[{"embeddable":true,"href":"https:\/\/deliciaspersas.com\/fa\/wp-json\/wp\/v2\/media\/7494"}],"wp:attachment":[{"href":"https:\/\/deliciaspersas.com\/fa\/wp-json\/wp\/v2\/media?parent=7521"}],"wp:term":[{"taxonomy":"pwb-brand","embeddable":true,"href":"https:\/\/deliciaspersas.com\/fa\/wp-json\/wp\/v2\/pwb-brand?post=7521"},{"taxonomy":"product_cat","embeddable":true,"href":"https:\/\/deliciaspersas.com\/fa\/wp-json\/wp\/v2\/product_cat?post=7521"},{"taxonomy":"product_tag","embeddable":true,"href":"https:\/\/deliciaspersas.com\/fa\/wp-json\/wp\/v2\/product_tag?post=7521"}],"curies":[{"name":"wp","href":"https:\/\/api.w.org\/{rel}","templated":true}]}}